{"id":34364,"date":"2021-11-08T13:29:11","date_gmt":"2021-11-08T13:29:11","guid":{"rendered":"https:\/\/inti.hr\/product\/3-u-1-kozmeticka-kolica\/"},"modified":"2021-11-08T13:29:11","modified_gmt":"2021-11-08T13:29:11","slug":"3-u-1-kozmeticka-kolica","status":"publish","type":"product","link":"https:\/\/inti.hr\/sr\/proizvod\/3-u-1-kozmeticka-kolica\/","title":{"rendered":"3-u-1 kozmeti\u010dka kolica"},"content":{"rendered":"<p><b>Detalji o proizvodu:<\/b><br \/>\n&#8211; Materijal: okvir: aluminijska \u0161ipka + metalni uglovi; obloga: MDF plo\u010da + sinteti\u010dka ko\u017ea; teleskopska ru\u010dka: aluminij + plastika; unutarnja obloga: crni bar\u0161un<br \/>\n&#8211; dimenzije proizvoda: 35 x 68,5 x 25 cm (\u0160 x V x D )<br \/>\n&#8211; dimenzije 1. razine: 35 x 22 x 25 cm (\u0160 x V x D)<br \/>\n&#8211; dimenzije 2. razine: 35 x 10 x 25 cm (\u0160 x V x D)<br \/>\n&#8211; dimenzije 3. razine: 35 x 30 x 25 cm (\u0160 x V x D)<br \/>\n&#8211; Neto te\u017eina: 6,56 kg<\/p>\n<p>&nbsp;<\/p>\n<p><b>Prekrasna, elegantna i bezvremenska pilot torbica!<\/b><\/p>\n<p>Ovo plemenito ku\u0107i\u0161te impresionira ne samo svojim elegantnim dizajnom, ve\u0107 i genijalnim rasporedom i visokom funkcionalno\u0161\u0107u.<br \/>\nUz \u010dvrst aluminijski okvir i \u010dvrste metalne kutove, ku\u0107i\u0161te je atraktivno i stabilno.\u00a0Ima 3 razine, 1. i<br \/>\n2. razina se mogu ukloniti i koristiti pojedina\u010dno.\u00a0Ku\u0107i\u0161te se lako<br \/>\notvara i zatvara\u00a0zahvaljuju\u0107i 4\u00a0bo\u010dne brave s\u00a0preklopom\u00a0.\u00a0Futrola je pogodna za razne komade nakita.\u00a0Produ\u017ena ru\u010dka slu\u017ei za dobro rukovanje<br \/>\ni lak transport.\u00a0Gumirana plasti\u010dna ru\u010dka osigurava bolje prianjanje.<\/p>\n","protected":false},"excerpt":{"rendered":"<p>Kozmeti\u010dka torbica, profesionalna torbica za \u0161minku, 3-u-1 torbica za \u0161minkanje za &#8230; <\/p>\n","protected":false},"featured_media":34366,"template":"","meta":[],"product_cat":[2893],"product_tag":[4121,4122],"yoast_head":"<!-- This site is optimized with the Yoast SEO plugin v23.7 - https:\/\/yoast.com\/wordpress\/plugins\/seo\/ -->\n<title>3-u-1 kozmeti\u010dka kolica - Inti<\/title>\n<meta name=\"description\" content=\"kozmeti\u010dka torbica, profesionalna torbica za \u0161minku, 3-u-1 torbica za \u0161minkanje za putovanja, velika kolica za frizere, zaklju\u010dana, s 360\u00b0 rotiraju\u0107im univerzalnim kota\u010dima\" \/>\n<meta name=\"robots\" content=\"index, follow, max-snippet:-1, max-image-preview:large, max-video-preview:-1\" \/>\n<link rel=\"canonical\" href=\"https:\/\/inti.hr\/sr\/proizvod\/3-u-1-kozmeticka-kolica\/\" \/>\n<meta property=\"og:locale\" content=\"sr_RS\" \/>\n<meta property=\"og:type\" content=\"article\" \/>\n<meta property=\"og:title\" content=\"3-u-1 kozmeti\u010dka kolica - Inti\" \/>\n<meta property=\"og:description\" content=\"kozmeti\u010dka torbica, profesionalna torbica za \u0161minku, 3-u-1 torbica za \u0161minkanje za putovanja, velika kolica za frizere, zaklju\u010dana, s 360\u00b0 rotiraju\u0107im univerzalnim kota\u010dima\" \/>\n<meta property=\"og:url\" content=\"https:\/\/inti.hr\/sr\/proizvod\/3-u-1-kozmeticka-kolica\/\" \/>\n<meta property=\"og:site_name\" content=\"Inti\" \/>\n<meta property=\"og:image\" content=\"https:\/\/i0.wp.com\/inti.hr\/wp-content\/uploads\/2021\/11\/710M6FXb7lL._AC_SL1347_.jpg?fit=1347%2C1347&ssl=1\" \/>\n\t<meta property=\"og:image:width\" content=\"1347\" \/>\n\t<meta property=\"og:image:height\" content=\"1347\" \/>\n\t<meta property=\"og:image:type\" content=\"image\/jpeg\" \/>\n<meta name=\"twitter:card\" content=\"summary_large_image\" \/>\n<meta name=\"twitter:label1\" content=\"\u041f\u0440\u043e\u0446\u0435\u045a\u0435\u043d\u043e \u0432\u0440\u0435\u043c\u0435 \u0447\u0438\u0442\u0430\u045a\u0430\" \/>\n\t<meta name=\"twitter:data1\" content=\"1 \u043c\u0438\u043d\u0443\u0442\" \/>\n<script type=\"application\/ld+json\" class=\"yoast-schema-graph\">{\"@context\":\"https:\/\/schema.org\",\"@graph\":[{\"@type\":\"WebPage\",\"@id\":\"https:\/\/inti.hr\/sr\/proizvod\/3-u-1-kozmeticka-kolica\/\",\"url\":\"https:\/\/inti.hr\/sr\/proizvod\/3-u-1-kozmeticka-kolica\/\",\"name\":\"3-u-1 kozmeti\u010dka kolica - Inti\",\"isPartOf\":{\"@id\":\"https:\/\/inti.hr\/sr\/#website\"},\"primaryImageOfPage\":{\"@id\":\"https:\/\/inti.hr\/sr\/proizvod\/3-u-1-kozmeticka-kolica\/#primaryimage\"},\"image\":{\"@id\":\"https:\/\/inti.hr\/sr\/proizvod\/3-u-1-kozmeticka-kolica\/#primaryimage\"},\"thumbnailUrl\":\"https:\/\/i0.wp.com\/inti.hr\/wp-content\/uploads\/2021\/11\/710M6FXb7lL._AC_SL1347_.jpg?fit=1347%2C1347&ssl=1\",\"datePublished\":\"2021-11-08T13:29:11+00:00\",\"dateModified\":\"2021-11-08T13:29:11+00:00\",\"description\":\"kozmeti\u010dka torbica, profesionalna torbica za \u0161minku, 3-u-1 torbica za \u0161minkanje za putovanja, velika kolica za frizere, zaklju\u010dana, s 360\u00b0 rotiraju\u0107im univerzalnim kota\u010dima\",\"breadcrumb\":{\"@id\":\"https:\/\/inti.hr\/sr\/proizvod\/3-u-1-kozmeticka-kolica\/#breadcrumb\"},\"inLanguage\":\"sr-RS\",\"potentialAction\":[{\"@type\":\"ReadAction\",\"target\":[\"https:\/\/inti.hr\/sr\/proizvod\/3-u-1-kozmeticka-kolica\/\"]}]},{\"@type\":\"ImageObject\",\"inLanguage\":\"sr-RS\",\"@id\":\"https:\/\/inti.hr\/sr\/proizvod\/3-u-1-kozmeticka-kolica\/#primaryimage\",\"url\":\"https:\/\/i0.wp.com\/inti.hr\/wp-content\/uploads\/2021\/11\/710M6FXb7lL._AC_SL1347_.jpg?fit=1347%2C1347&ssl=1\",\"contentUrl\":\"https:\/\/i0.wp.com\/inti.hr\/wp-content\/uploads\/2021\/11\/710M6FXb7lL._AC_SL1347_.jpg?fit=1347%2C1347&ssl=1\",\"width\":1347,\"height\":1347},{\"@type\":\"BreadcrumbList\",\"@id\":\"https:\/\/inti.hr\/sr\/proizvod\/3-u-1-kozmeticka-kolica\/#breadcrumb\",\"itemListElement\":[{\"@type\":\"ListItem\",\"position\":1,\"name\":\"Po\u010detna stranica\",\"item\":\"https:\/\/inti.hr\/sr\/\"},{\"@type\":\"ListItem\",\"position\":2,\"name\":\"Prodavnica\",\"item\":\"https:\/\/inti.hr\/sr\/prodavnica\/\"},{\"@type\":\"ListItem\",\"position\":3,\"name\":\"3-u-1 kozmeti\u010dka kolica\"}]},{\"@type\":\"WebSite\",\"@id\":\"https:\/\/inti.hr\/sr\/#website\",\"url\":\"https:\/\/inti.hr\/sr\/\",\"name\":\"Inti\",\"description\":\"trgovina\",\"potentialAction\":[{\"@type\":\"SearchAction\",\"target\":{\"@type\":\"EntryPoint\",\"urlTemplate\":\"https:\/\/inti.hr\/sr\/?s={search_term_string}\"},\"query-input\":{\"@type\":\"PropertyValueSpecification\",\"valueRequired\":true,\"valueName\":\"search_term_string\"}}],\"inLanguage\":\"sr-RS\"}]}<\/script>\n<!-- \/ Yoast SEO plugin. -->","yoast_head_json":{"title":"3-u-1 kozmeti\u010dka kolica - Inti","description":"kozmeti\u010dka torbica, profesionalna torbica za \u0161minku, 3-u-1 torbica za \u0161minkanje za putovanja, velika kolica za frizere, zaklju\u010dana, s 360\u00b0 rotiraju\u0107im univerzalnim kota\u010dima","robots":{"index":"index","follow":"follow","max-snippet":"max-snippet:-1","max-image-preview":"max-image-preview:large","max-video-preview":"max-video-preview:-1"},"canonical":"https:\/\/inti.hr\/sr\/proizvod\/3-u-1-kozmeticka-kolica\/","og_locale":"sr_RS","og_type":"article","og_title":"3-u-1 kozmeti\u010dka kolica - Inti","og_description":"kozmeti\u010dka torbica, profesionalna torbica za \u0161minku, 3-u-1 torbica za \u0161minkanje za putovanja, velika kolica za frizere, zaklju\u010dana, s 360\u00b0 rotiraju\u0107im univerzalnim kota\u010dima","og_url":"https:\/\/inti.hr\/sr\/proizvod\/3-u-1-kozmeticka-kolica\/","og_site_name":"Inti","og_image":[{"width":1347,"height":1347,"url":"https:\/\/i0.wp.com\/inti.hr\/wp-content\/uploads\/2021\/11\/710M6FXb7lL._AC_SL1347_.jpg?fit=1347%2C1347&ssl=1","type":"image\/jpeg"}],"twitter_card":"summary_large_image","twitter_misc":{"\u041f\u0440\u043e\u0446\u0435\u045a\u0435\u043d\u043e \u0432\u0440\u0435\u043c\u0435 \u0447\u0438\u0442\u0430\u045a\u0430":"1 \u043c\u0438\u043d\u0443\u0442"},"schema":{"@context":"https:\/\/schema.org","@graph":[{"@type":"WebPage","@id":"https:\/\/inti.hr\/sr\/proizvod\/3-u-1-kozmeticka-kolica\/","url":"https:\/\/inti.hr\/sr\/proizvod\/3-u-1-kozmeticka-kolica\/","name":"3-u-1 kozmeti\u010dka kolica - Inti","isPartOf":{"@id":"https:\/\/inti.hr\/sr\/#website"},"primaryImageOfPage":{"@id":"https:\/\/inti.hr\/sr\/proizvod\/3-u-1-kozmeticka-kolica\/#primaryimage"},"image":{"@id":"https:\/\/inti.hr\/sr\/proizvod\/3-u-1-kozmeticka-kolica\/#primaryimage"},"thumbnailUrl":"https:\/\/i0.wp.com\/inti.hr\/wp-content\/uploads\/2021\/11\/710M6FXb7lL._AC_SL1347_.jpg?fit=1347%2C1347&ssl=1","datePublished":"2021-11-08T13:29:11+00:00","dateModified":"2021-11-08T13:29:11+00:00","description":"kozmeti\u010dka torbica, profesionalna torbica za \u0161minku, 3-u-1 torbica za \u0161minkanje za putovanja, velika kolica za frizere, zaklju\u010dana, s 360\u00b0 rotiraju\u0107im univerzalnim kota\u010dima","breadcrumb":{"@id":"https:\/\/inti.hr\/sr\/proizvod\/3-u-1-kozmeticka-kolica\/#breadcrumb"},"inLanguage":"sr-RS","potentialAction":[{"@type":"ReadAction","target":["https:\/\/inti.hr\/sr\/proizvod\/3-u-1-kozmeticka-kolica\/"]}]},{"@type":"ImageObject","inLanguage":"sr-RS","@id":"https:\/\/inti.hr\/sr\/proizvod\/3-u-1-kozmeticka-kolica\/#primaryimage","url":"https:\/\/i0.wp.com\/inti.hr\/wp-content\/uploads\/2021\/11\/710M6FXb7lL._AC_SL1347_.jpg?fit=1347%2C1347&ssl=1","contentUrl":"https:\/\/i0.wp.com\/inti.hr\/wp-content\/uploads\/2021\/11\/710M6FXb7lL._AC_SL1347_.jpg?fit=1347%2C1347&ssl=1","width":1347,"height":1347},{"@type":"BreadcrumbList","@id":"https:\/\/inti.hr\/sr\/proizvod\/3-u-1-kozmeticka-kolica\/#breadcrumb","itemListElement":[{"@type":"ListItem","position":1,"name":"Po\u010detna stranica","item":"https:\/\/inti.hr\/sr\/"},{"@type":"ListItem","position":2,"name":"Prodavnica","item":"https:\/\/inti.hr\/sr\/prodavnica\/"},{"@type":"ListItem","position":3,"name":"3-u-1 kozmeti\u010dka kolica"}]},{"@type":"WebSite","@id":"https:\/\/inti.hr\/sr\/#website","url":"https:\/\/inti.hr\/sr\/","name":"Inti","description":"trgovina","potentialAction":[{"@type":"SearchAction","target":{"@type":"EntryPoint","urlTemplate":"https:\/\/inti.hr\/sr\/?s={search_term_string}"},"query-input":{"@type":"PropertyValueSpecification","valueRequired":true,"valueName":"search_term_string"}}],"inLanguage":"sr-RS"}]}},"jetpack_sharing_enabled":true,"jetpack-related-posts":[],"_links":{"self":[{"href":"https:\/\/inti.hr\/sr\/wp-json\/wp\/v2\/product\/34364"}],"collection":[{"href":"https:\/\/inti.hr\/sr\/wp-json\/wp\/v2\/product"}],"about":[{"href":"https:\/\/inti.hr\/sr\/wp-json\/wp\/v2\/types\/product"}],"wp:featuredmedia":[{"embeddable":true,"href":"https:\/\/inti.hr\/sr\/wp-json\/wp\/v2\/media\/34366"}],"wp:attachment":[{"href":"https:\/\/inti.hr\/sr\/wp-json\/wp\/v2\/media?parent=34364"}],"wp:term":[{"taxonomy":"product_cat","embeddable":true,"href":"https:\/\/inti.hr\/sr\/wp-json\/wp\/v2\/product_cat?post=34364"},{"taxonomy":"product_tag","embeddable":true,"href":"https:\/\/inti.hr\/sr\/wp-json\/wp\/v2\/product_tag?post=34364"}],"curies":[{"name":"wp","href":"https:\/\/api.w.org\/{rel}","templated":true}]}}