{"id":34373,"date":"2021-11-05T14:57:45","date_gmt":"2021-11-05T14:57:45","guid":{"rendered":"https:\/\/inti.hr\/product\/djecja-komoda-za-pohranu\/"},"modified":"2021-11-05T14:57:45","modified_gmt":"2021-11-05T14:57:45","slug":"djecja-komoda-za-pohranu","status":"publish","type":"product","link":"https:\/\/inti.hr\/sr\/proizvod\/djecja-komoda-za-pohranu\/","title":{"rendered":"Dje\u010dja komoda za pohranu"},"content":{"rendered":"<p>Detalji proizvoda:<\/p>\n<p>Te\u017eina: cca: 19,2 kg<br \/>\nNosivost: do 45 kg<br \/>\nMaterijal: MDF (E1) \/ bambus.<br \/>\nVeli\u010dina proizvoda: 63x30x100cm (vidi sliku)<br \/>\nDimenzije pakiranja: 98x64x11cm.<\/p>\n<p>&nbsp;<\/p>\n<p>Na\u0161 proizvod je opremljen ure\u0111ajem protiv prevrtanja za pri\u010dvr\u0161\u0107ivanje namje\u0161taja na zid. Zbog toga ga va\u0161a beba mo\u017ee koristiti. Dje\u010dja polica ima jastu\u010di\u0107e od filca, koji \u0161tite pod i daju mu \u010dvr\u0161\u0107u potporu.<\/p>\n","protected":false},"excerpt":{"rendered":"<p>Dje\u010dja komoda se sastoji od 3 police i 1 pretinca i &#8230; <\/p>\n","protected":false},"featured_media":34374,"template":"","meta":[],"product_cat":[2411],"product_tag":[4132,4133,3689],"yoast_head":"<!-- This site is optimized with the Yoast SEO plugin v23.7 - https:\/\/yoast.com\/wordpress\/plugins\/seo\/ -->\n<title>Dje\u010dja komoda za pohranu - Inti<\/title>\n<meta name=\"description\" content=\"Dje\u010dja komoda se sastoji od 3 police i 1 pretinca i nudi djeci kreativne mogu\u0107nosti pohrane. U ovom drvenom ormari\u0107u mogu se lijepo ukrasiti knjige, kutije, igra\u010dke ili mekane igra\u010dke.Otvoreni pretinci su lako dostupni i poma\u017eu pratiti stvari, tako da va\u0161e dijete mo\u017ee brzo prona\u0107i svoju omiljenu knjigu ili igra\u010dku\" \/>\n<meta name=\"robots\" content=\"index, follow, max-snippet:-1, max-image-preview:large, max-video-preview:-1\" \/>\n<link rel=\"canonical\" href=\"https:\/\/inti.hr\/sr\/proizvod\/djecja-komoda-za-pohranu\/\" \/>\n<meta property=\"og:locale\" content=\"sr_RS\" \/>\n<meta property=\"og:type\" content=\"article\" \/>\n<meta property=\"og:title\" content=\"Dje\u010dja komoda za pohranu - Inti\" \/>\n<meta property=\"og:description\" content=\"Dje\u010dja komoda se sastoji od 3 police i 1 pretinca i nudi djeci kreativne mogu\u0107nosti pohrane. U ovom drvenom ormari\u0107u mogu se lijepo ukrasiti knjige, kutije, igra\u010dke ili mekane igra\u010dke.Otvoreni pretinci su lako dostupni i poma\u017eu pratiti stvari, tako da va\u0161e dijete mo\u017ee brzo prona\u0107i svoju omiljenu knjigu ili igra\u010dku\" \/>\n<meta property=\"og:url\" content=\"https:\/\/inti.hr\/sr\/proizvod\/djecja-komoda-za-pohranu\/\" \/>\n<meta property=\"og:site_name\" content=\"Inti\" \/>\n<meta property=\"og:image\" content=\"https:\/\/i0.wp.com\/inti.hr\/wp-content\/uploads\/2021\/11\/KMB43-S001_2048x2048.jpg?fit=1600%2C1600&ssl=1\" \/>\n\t<meta property=\"og:image:width\" content=\"1600\" \/>\n\t<meta property=\"og:image:height\" content=\"1600\" \/>\n\t<meta property=\"og:image:type\" content=\"image\/jpeg\" \/>\n<meta name=\"twitter:card\" content=\"summary_large_image\" \/>\n<script type=\"application\/ld+json\" class=\"yoast-schema-graph\">{\"@context\":\"https:\/\/schema.org\",\"@graph\":[{\"@type\":\"WebPage\",\"@id\":\"https:\/\/inti.hr\/sr\/proizvod\/djecja-komoda-za-pohranu\/\",\"url\":\"https:\/\/inti.hr\/sr\/proizvod\/djecja-komoda-za-pohranu\/\",\"name\":\"Dje\u010dja komoda za pohranu - Inti\",\"isPartOf\":{\"@id\":\"https:\/\/inti.hr\/sr\/#website\"},\"primaryImageOfPage\":{\"@id\":\"https:\/\/inti.hr\/sr\/proizvod\/djecja-komoda-za-pohranu\/#primaryimage\"},\"image\":{\"@id\":\"https:\/\/inti.hr\/sr\/proizvod\/djecja-komoda-za-pohranu\/#primaryimage\"},\"thumbnailUrl\":\"https:\/\/i0.wp.com\/inti.hr\/wp-content\/uploads\/2021\/11\/KMB43-S001_2048x2048.jpg?fit=1600%2C1600&ssl=1\",\"datePublished\":\"2021-11-05T14:57:45+00:00\",\"dateModified\":\"2021-11-05T14:57:45+00:00\",\"description\":\"Dje\u010dja komoda se sastoji od 3 police i 1 pretinca i nudi djeci kreativne mogu\u0107nosti pohrane. U ovom drvenom ormari\u0107u mogu se lijepo ukrasiti knjige, kutije, igra\u010dke ili mekane igra\u010dke.Otvoreni pretinci su lako dostupni i poma\u017eu pratiti stvari, tako da va\u0161e dijete mo\u017ee brzo prona\u0107i svoju omiljenu knjigu ili igra\u010dku\",\"breadcrumb\":{\"@id\":\"https:\/\/inti.hr\/sr\/proizvod\/djecja-komoda-za-pohranu\/#breadcrumb\"},\"inLanguage\":\"sr-RS\",\"potentialAction\":[{\"@type\":\"ReadAction\",\"target\":[\"https:\/\/inti.hr\/sr\/proizvod\/djecja-komoda-za-pohranu\/\"]}]},{\"@type\":\"ImageObject\",\"inLanguage\":\"sr-RS\",\"@id\":\"https:\/\/inti.hr\/sr\/proizvod\/djecja-komoda-za-pohranu\/#primaryimage\",\"url\":\"https:\/\/i0.wp.com\/inti.hr\/wp-content\/uploads\/2021\/11\/KMB43-S001_2048x2048.jpg?fit=1600%2C1600&ssl=1\",\"contentUrl\":\"https:\/\/i0.wp.com\/inti.hr\/wp-content\/uploads\/2021\/11\/KMB43-S001_2048x2048.jpg?fit=1600%2C1600&ssl=1\",\"width\":1600,\"height\":1600},{\"@type\":\"BreadcrumbList\",\"@id\":\"https:\/\/inti.hr\/sr\/proizvod\/djecja-komoda-za-pohranu\/#breadcrumb\",\"itemListElement\":[{\"@type\":\"ListItem\",\"position\":1,\"name\":\"Po\u010detna stranica\",\"item\":\"https:\/\/inti.hr\/sr\/\"},{\"@type\":\"ListItem\",\"position\":2,\"name\":\"Prodavnica\",\"item\":\"https:\/\/inti.hr\/sr\/prodavnica\/\"},{\"@type\":\"ListItem\",\"position\":3,\"name\":\"Dje\u010dja komoda za pohranu\"}]},{\"@type\":\"WebSite\",\"@id\":\"https:\/\/inti.hr\/sr\/#website\",\"url\":\"https:\/\/inti.hr\/sr\/\",\"name\":\"Inti\",\"description\":\"trgovina\",\"potentialAction\":[{\"@type\":\"SearchAction\",\"target\":{\"@type\":\"EntryPoint\",\"urlTemplate\":\"https:\/\/inti.hr\/sr\/?s={search_term_string}\"},\"query-input\":{\"@type\":\"PropertyValueSpecification\",\"valueRequired\":true,\"valueName\":\"search_term_string\"}}],\"inLanguage\":\"sr-RS\"}]}<\/script>\n<!-- \/ Yoast SEO plugin. -->","yoast_head_json":{"title":"Dje\u010dja komoda za pohranu - Inti","description":"Dje\u010dja komoda se sastoji od 3 police i 1 pretinca i nudi djeci kreativne mogu\u0107nosti pohrane. U ovom drvenom ormari\u0107u mogu se lijepo ukrasiti knjige, kutije, igra\u010dke ili mekane igra\u010dke.Otvoreni pretinci su lako dostupni i poma\u017eu pratiti stvari, tako da va\u0161e dijete mo\u017ee brzo prona\u0107i svoju omiljenu knjigu ili igra\u010dku","robots":{"index":"index","follow":"follow","max-snippet":"max-snippet:-1","max-image-preview":"max-image-preview:large","max-video-preview":"max-video-preview:-1"},"canonical":"https:\/\/inti.hr\/sr\/proizvod\/djecja-komoda-za-pohranu\/","og_locale":"sr_RS","og_type":"article","og_title":"Dje\u010dja komoda za pohranu - Inti","og_description":"Dje\u010dja komoda se sastoji od 3 police i 1 pretinca i nudi djeci kreativne mogu\u0107nosti pohrane. U ovom drvenom ormari\u0107u mogu se lijepo ukrasiti knjige, kutije, igra\u010dke ili mekane igra\u010dke.Otvoreni pretinci su lako dostupni i poma\u017eu pratiti stvari, tako da va\u0161e dijete mo\u017ee brzo prona\u0107i svoju omiljenu knjigu ili igra\u010dku","og_url":"https:\/\/inti.hr\/sr\/proizvod\/djecja-komoda-za-pohranu\/","og_site_name":"Inti","og_image":[{"width":1600,"height":1600,"url":"https:\/\/i0.wp.com\/inti.hr\/wp-content\/uploads\/2021\/11\/KMB43-S001_2048x2048.jpg?fit=1600%2C1600&ssl=1","type":"image\/jpeg"}],"twitter_card":"summary_large_image","schema":{"@context":"https:\/\/schema.org","@graph":[{"@type":"WebPage","@id":"https:\/\/inti.hr\/sr\/proizvod\/djecja-komoda-za-pohranu\/","url":"https:\/\/inti.hr\/sr\/proizvod\/djecja-komoda-za-pohranu\/","name":"Dje\u010dja komoda za pohranu - Inti","isPartOf":{"@id":"https:\/\/inti.hr\/sr\/#website"},"primaryImageOfPage":{"@id":"https:\/\/inti.hr\/sr\/proizvod\/djecja-komoda-za-pohranu\/#primaryimage"},"image":{"@id":"https:\/\/inti.hr\/sr\/proizvod\/djecja-komoda-za-pohranu\/#primaryimage"},"thumbnailUrl":"https:\/\/i0.wp.com\/inti.hr\/wp-content\/uploads\/2021\/11\/KMB43-S001_2048x2048.jpg?fit=1600%2C1600&ssl=1","datePublished":"2021-11-05T14:57:45+00:00","dateModified":"2021-11-05T14:57:45+00:00","description":"Dje\u010dja komoda se sastoji od 3 police i 1 pretinca i nudi djeci kreativne mogu\u0107nosti pohrane. U ovom drvenom ormari\u0107u mogu se lijepo ukrasiti knjige, kutije, igra\u010dke ili mekane igra\u010dke.Otvoreni pretinci su lako dostupni i poma\u017eu pratiti stvari, tako da va\u0161e dijete mo\u017ee brzo prona\u0107i svoju omiljenu knjigu ili igra\u010dku","breadcrumb":{"@id":"https:\/\/inti.hr\/sr\/proizvod\/djecja-komoda-za-pohranu\/#breadcrumb"},"inLanguage":"sr-RS","potentialAction":[{"@type":"ReadAction","target":["https:\/\/inti.hr\/sr\/proizvod\/djecja-komoda-za-pohranu\/"]}]},{"@type":"ImageObject","inLanguage":"sr-RS","@id":"https:\/\/inti.hr\/sr\/proizvod\/djecja-komoda-za-pohranu\/#primaryimage","url":"https:\/\/i0.wp.com\/inti.hr\/wp-content\/uploads\/2021\/11\/KMB43-S001_2048x2048.jpg?fit=1600%2C1600&ssl=1","contentUrl":"https:\/\/i0.wp.com\/inti.hr\/wp-content\/uploads\/2021\/11\/KMB43-S001_2048x2048.jpg?fit=1600%2C1600&ssl=1","width":1600,"height":1600},{"@type":"BreadcrumbList","@id":"https:\/\/inti.hr\/sr\/proizvod\/djecja-komoda-za-pohranu\/#breadcrumb","itemListElement":[{"@type":"ListItem","position":1,"name":"Po\u010detna stranica","item":"https:\/\/inti.hr\/sr\/"},{"@type":"ListItem","position":2,"name":"Prodavnica","item":"https:\/\/inti.hr\/sr\/prodavnica\/"},{"@type":"ListItem","position":3,"name":"Dje\u010dja komoda za pohranu"}]},{"@type":"WebSite","@id":"https:\/\/inti.hr\/sr\/#website","url":"https:\/\/inti.hr\/sr\/","name":"Inti","description":"trgovina","potentialAction":[{"@type":"SearchAction","target":{"@type":"EntryPoint","urlTemplate":"https:\/\/inti.hr\/sr\/?s={search_term_string}"},"query-input":{"@type":"PropertyValueSpecification","valueRequired":true,"valueName":"search_term_string"}}],"inLanguage":"sr-RS"}]}},"jetpack_sharing_enabled":true,"jetpack-related-posts":[],"_links":{"self":[{"href":"https:\/\/inti.hr\/sr\/wp-json\/wp\/v2\/product\/34373"}],"collection":[{"href":"https:\/\/inti.hr\/sr\/wp-json\/wp\/v2\/product"}],"about":[{"href":"https:\/\/inti.hr\/sr\/wp-json\/wp\/v2\/types\/product"}],"wp:featuredmedia":[{"embeddable":true,"href":"https:\/\/inti.hr\/sr\/wp-json\/wp\/v2\/media\/34374"}],"wp:attachment":[{"href":"https:\/\/inti.hr\/sr\/wp-json\/wp\/v2\/media?parent=34373"}],"wp:term":[{"taxonomy":"product_cat","embeddable":true,"href":"https:\/\/inti.hr\/sr\/wp-json\/wp\/v2\/product_cat?post=34373"},{"taxonomy":"product_tag","embeddable":true,"href":"https:\/\/inti.hr\/sr\/wp-json\/wp\/v2\/product_tag?post=34373"}],"curies":[{"name":"wp","href":"https:\/\/api.w.org\/{rel}","templated":true}]}}