{"id":34380,"date":"2021-11-05T07:53:41","date_gmt":"2021-11-05T07:53:41","guid":{"rendered":"https:\/\/inti.hr\/product\/polica-od-kaljenog-stakla\/"},"modified":"2021-11-05T07:53:41","modified_gmt":"2021-11-05T07:53:41","slug":"polica-od-kaljenog-stakla","status":"publish","type":"product","link":"https:\/\/inti.hr\/sr\/proizvod\/polica-od-kaljenog-stakla\/","title":{"rendered":"Polica od kaljenog stakla"},"content":{"rendered":"<div class=\"left\">\n<ul>\n<li><b>Detalji o proizvodu:<\/b><br \/>\n&#8211; Boja: crna, bijelo-siva<br \/>\n&#8211; Materijal: \u010delik, kaljeno staklo<br \/>\n&#8211;\u00a0Ukupna\u00a0veli\u010dina: 100 x 30 x 73 cm (D x \u0160 x V)<br \/>\n&#8211; Te\u017eina: 14,9 kg<br \/>\n&#8211; Maksimalna stati\u010dka nosivost ukupno: 30 kg<\/li>\n<\/ul>\n<div class=\"left\">\n<ul>\n<li>Prostor za budu\u0107nost: Bolje je odabrati veliku policu od samog po\u010detka nego se kasnije \u017ealiti na nedostatak prostora.\u00a0Ova 3-slojna polica od 1m pravi je izbor za vas da poka\u017eete eleganciju i stil.<\/li>\n<li>Ne brinite: \u017eelite izlo\u017eiti svoje omiljene ukrase, ali nemate stabilnu pozornicu?\u00a0Ova polica dobro do\u0111e.\u00a06 mm kaljeno staklo, \u010dvrst metal &#8211; mirno izlo\u017eite svoje blago na ovoj polici &#8211; ne\u0107e se raspasti!<\/li>\n<li>\u010cini da va\u0161 dom izgleda moderno: jednostavan, industrijski stil &#8211; ovim rije\u010dima \u0107e va\u0161i gosti opisati va\u0161 stan nakon \u0161to vide konzolni stol u va\u0161em hodniku.\u00a0Crni okvir i staklene plo\u010de dodaju vrijednost va\u0161em stanu.<\/li>\n<\/ul>\n<\/div>\n<div class=\"right\"><\/div>\n<\/div>\n","protected":false},"excerpt":{"rendered":"<p>Konzolni stol, predsoblje, 3 eta\u017ee, pomo\u0107ni stol, police od kaljenog stakla, &#8230; <\/p>\n","protected":false},"featured_media":34382,"template":"","meta":[],"product_cat":[2421],"product_tag":[3411,4136],"yoast_head":"<!-- This site is optimized with the Yoast SEO plugin v23.7 - https:\/\/yoast.com\/wordpress\/plugins\/seo\/ -->\n<title>Polica od kaljenog stakla - Inti<\/title>\n<meta name=\"description\" content=\"\u00a0Konzolni stol, predsoblje, 3 eta\u017ee, pomo\u0107ni stol, police od kaljenog stakla, 100 x 30 x 73 cm, metalni okvir, moderan, za hodnik, dnevni boravak, spava\u0107u sobu, crni\" \/>\n<meta name=\"robots\" content=\"index, follow, max-snippet:-1, max-image-preview:large, max-video-preview:-1\" \/>\n<link rel=\"canonical\" href=\"https:\/\/inti.hr\/sr\/proizvod\/polica-od-kaljenog-stakla\/\" \/>\n<meta property=\"og:locale\" content=\"sr_RS\" \/>\n<meta property=\"og:type\" content=\"article\" \/>\n<meta property=\"og:title\" content=\"Polica od kaljenog stakla - Inti\" \/>\n<meta property=\"og:description\" content=\"\u00a0Konzolni stol, predsoblje, 3 eta\u017ee, pomo\u0107ni stol, police od kaljenog stakla, 100 x 30 x 73 cm, metalni okvir, moderan, za hodnik, dnevni boravak, spava\u0107u sobu, crni\" \/>\n<meta property=\"og:url\" content=\"https:\/\/inti.hr\/sr\/proizvod\/polica-od-kaljenog-stakla\/\" \/>\n<meta property=\"og:site_name\" content=\"Inti\" \/>\n<meta property=\"og:image\" content=\"https:\/\/i0.wp.com\/inti.hr\/wp-content\/uploads\/2021\/11\/91RUN0FBgwL._AC_SL1500_.jpg?fit=1500%2C1500&ssl=1\" \/>\n\t<meta property=\"og:image:width\" content=\"1500\" \/>\n\t<meta property=\"og:image:height\" content=\"1500\" \/>\n\t<meta property=\"og:image:type\" content=\"image\/jpeg\" \/>\n<meta name=\"twitter:card\" content=\"summary_large_image\" \/>\n<meta name=\"twitter:label1\" content=\"\u041f\u0440\u043e\u0446\u0435\u045a\u0435\u043d\u043e \u0432\u0440\u0435\u043c\u0435 \u0447\u0438\u0442\u0430\u045a\u0430\" \/>\n\t<meta name=\"twitter:data1\" content=\"1 \u043c\u0438\u043d\u0443\u0442\" \/>\n<script type=\"application\/ld+json\" class=\"yoast-schema-graph\">{\"@context\":\"https:\/\/schema.org\",\"@graph\":[{\"@type\":\"WebPage\",\"@id\":\"https:\/\/inti.hr\/sr\/proizvod\/polica-od-kaljenog-stakla\/\",\"url\":\"https:\/\/inti.hr\/sr\/proizvod\/polica-od-kaljenog-stakla\/\",\"name\":\"Polica od kaljenog stakla - Inti\",\"isPartOf\":{\"@id\":\"https:\/\/inti.hr\/sr\/#website\"},\"primaryImageOfPage\":{\"@id\":\"https:\/\/inti.hr\/sr\/proizvod\/polica-od-kaljenog-stakla\/#primaryimage\"},\"image\":{\"@id\":\"https:\/\/inti.hr\/sr\/proizvod\/polica-od-kaljenog-stakla\/#primaryimage\"},\"thumbnailUrl\":\"https:\/\/i0.wp.com\/inti.hr\/wp-content\/uploads\/2021\/11\/91RUN0FBgwL._AC_SL1500_.jpg?fit=1500%2C1500&ssl=1\",\"datePublished\":\"2021-11-05T07:53:41+00:00\",\"dateModified\":\"2021-11-05T07:53:41+00:00\",\"description\":\"\u00a0Konzolni stol, predsoblje, 3 eta\u017ee, pomo\u0107ni stol, police od kaljenog stakla, 100 x 30 x 73 cm, metalni okvir, moderan, za hodnik, dnevni boravak, spava\u0107u sobu, crni\",\"breadcrumb\":{\"@id\":\"https:\/\/inti.hr\/sr\/proizvod\/polica-od-kaljenog-stakla\/#breadcrumb\"},\"inLanguage\":\"sr-RS\",\"potentialAction\":[{\"@type\":\"ReadAction\",\"target\":[\"https:\/\/inti.hr\/sr\/proizvod\/polica-od-kaljenog-stakla\/\"]}]},{\"@type\":\"ImageObject\",\"inLanguage\":\"sr-RS\",\"@id\":\"https:\/\/inti.hr\/sr\/proizvod\/polica-od-kaljenog-stakla\/#primaryimage\",\"url\":\"https:\/\/i0.wp.com\/inti.hr\/wp-content\/uploads\/2021\/11\/91RUN0FBgwL._AC_SL1500_.jpg?fit=1500%2C1500&ssl=1\",\"contentUrl\":\"https:\/\/i0.wp.com\/inti.hr\/wp-content\/uploads\/2021\/11\/91RUN0FBgwL._AC_SL1500_.jpg?fit=1500%2C1500&ssl=1\",\"width\":1500,\"height\":1500},{\"@type\":\"BreadcrumbList\",\"@id\":\"https:\/\/inti.hr\/sr\/proizvod\/polica-od-kaljenog-stakla\/#breadcrumb\",\"itemListElement\":[{\"@type\":\"ListItem\",\"position\":1,\"name\":\"Po\u010detna stranica\",\"item\":\"https:\/\/inti.hr\/sr\/\"},{\"@type\":\"ListItem\",\"position\":2,\"name\":\"Prodavnica\",\"item\":\"https:\/\/inti.hr\/sr\/prodavnica\/\"},{\"@type\":\"ListItem\",\"position\":3,\"name\":\"Polica od kaljenog stakla\"}]},{\"@type\":\"WebSite\",\"@id\":\"https:\/\/inti.hr\/sr\/#website\",\"url\":\"https:\/\/inti.hr\/sr\/\",\"name\":\"Inti\",\"description\":\"trgovina\",\"potentialAction\":[{\"@type\":\"SearchAction\",\"target\":{\"@type\":\"EntryPoint\",\"urlTemplate\":\"https:\/\/inti.hr\/sr\/?s={search_term_string}\"},\"query-input\":{\"@type\":\"PropertyValueSpecification\",\"valueRequired\":true,\"valueName\":\"search_term_string\"}}],\"inLanguage\":\"sr-RS\"}]}<\/script>\n<!-- \/ Yoast SEO plugin. -->","yoast_head_json":{"title":"Polica od kaljenog stakla - Inti","description":"\u00a0Konzolni stol, predsoblje, 3 eta\u017ee, pomo\u0107ni stol, police od kaljenog stakla, 100 x 30 x 73 cm, metalni okvir, moderan, za hodnik, dnevni boravak, spava\u0107u sobu, crni","robots":{"index":"index","follow":"follow","max-snippet":"max-snippet:-1","max-image-preview":"max-image-preview:large","max-video-preview":"max-video-preview:-1"},"canonical":"https:\/\/inti.hr\/sr\/proizvod\/polica-od-kaljenog-stakla\/","og_locale":"sr_RS","og_type":"article","og_title":"Polica od kaljenog stakla - Inti","og_description":"\u00a0Konzolni stol, predsoblje, 3 eta\u017ee, pomo\u0107ni stol, police od kaljenog stakla, 100 x 30 x 73 cm, metalni okvir, moderan, za hodnik, dnevni boravak, spava\u0107u sobu, crni","og_url":"https:\/\/inti.hr\/sr\/proizvod\/polica-od-kaljenog-stakla\/","og_site_name":"Inti","og_image":[{"width":1500,"height":1500,"url":"https:\/\/i0.wp.com\/inti.hr\/wp-content\/uploads\/2021\/11\/91RUN0FBgwL._AC_SL1500_.jpg?fit=1500%2C1500&ssl=1","type":"image\/jpeg"}],"twitter_card":"summary_large_image","twitter_misc":{"\u041f\u0440\u043e\u0446\u0435\u045a\u0435\u043d\u043e \u0432\u0440\u0435\u043c\u0435 \u0447\u0438\u0442\u0430\u045a\u0430":"1 \u043c\u0438\u043d\u0443\u0442"},"schema":{"@context":"https:\/\/schema.org","@graph":[{"@type":"WebPage","@id":"https:\/\/inti.hr\/sr\/proizvod\/polica-od-kaljenog-stakla\/","url":"https:\/\/inti.hr\/sr\/proizvod\/polica-od-kaljenog-stakla\/","name":"Polica od kaljenog stakla - Inti","isPartOf":{"@id":"https:\/\/inti.hr\/sr\/#website"},"primaryImageOfPage":{"@id":"https:\/\/inti.hr\/sr\/proizvod\/polica-od-kaljenog-stakla\/#primaryimage"},"image":{"@id":"https:\/\/inti.hr\/sr\/proizvod\/polica-od-kaljenog-stakla\/#primaryimage"},"thumbnailUrl":"https:\/\/i0.wp.com\/inti.hr\/wp-content\/uploads\/2021\/11\/91RUN0FBgwL._AC_SL1500_.jpg?fit=1500%2C1500&ssl=1","datePublished":"2021-11-05T07:53:41+00:00","dateModified":"2021-11-05T07:53:41+00:00","description":"\u00a0Konzolni stol, predsoblje, 3 eta\u017ee, pomo\u0107ni stol, police od kaljenog stakla, 100 x 30 x 73 cm, metalni okvir, moderan, za hodnik, dnevni boravak, spava\u0107u sobu, crni","breadcrumb":{"@id":"https:\/\/inti.hr\/sr\/proizvod\/polica-od-kaljenog-stakla\/#breadcrumb"},"inLanguage":"sr-RS","potentialAction":[{"@type":"ReadAction","target":["https:\/\/inti.hr\/sr\/proizvod\/polica-od-kaljenog-stakla\/"]}]},{"@type":"ImageObject","inLanguage":"sr-RS","@id":"https:\/\/inti.hr\/sr\/proizvod\/polica-od-kaljenog-stakla\/#primaryimage","url":"https:\/\/i0.wp.com\/inti.hr\/wp-content\/uploads\/2021\/11\/91RUN0FBgwL._AC_SL1500_.jpg?fit=1500%2C1500&ssl=1","contentUrl":"https:\/\/i0.wp.com\/inti.hr\/wp-content\/uploads\/2021\/11\/91RUN0FBgwL._AC_SL1500_.jpg?fit=1500%2C1500&ssl=1","width":1500,"height":1500},{"@type":"BreadcrumbList","@id":"https:\/\/inti.hr\/sr\/proizvod\/polica-od-kaljenog-stakla\/#breadcrumb","itemListElement":[{"@type":"ListItem","position":1,"name":"Po\u010detna stranica","item":"https:\/\/inti.hr\/sr\/"},{"@type":"ListItem","position":2,"name":"Prodavnica","item":"https:\/\/inti.hr\/sr\/prodavnica\/"},{"@type":"ListItem","position":3,"name":"Polica od kaljenog stakla"}]},{"@type":"WebSite","@id":"https:\/\/inti.hr\/sr\/#website","url":"https:\/\/inti.hr\/sr\/","name":"Inti","description":"trgovina","potentialAction":[{"@type":"SearchAction","target":{"@type":"EntryPoint","urlTemplate":"https:\/\/inti.hr\/sr\/?s={search_term_string}"},"query-input":{"@type":"PropertyValueSpecification","valueRequired":true,"valueName":"search_term_string"}}],"inLanguage":"sr-RS"}]}},"jetpack_sharing_enabled":true,"jetpack-related-posts":[],"_links":{"self":[{"href":"https:\/\/inti.hr\/sr\/wp-json\/wp\/v2\/product\/34380"}],"collection":[{"href":"https:\/\/inti.hr\/sr\/wp-json\/wp\/v2\/product"}],"about":[{"href":"https:\/\/inti.hr\/sr\/wp-json\/wp\/v2\/types\/product"}],"wp:featuredmedia":[{"embeddable":true,"href":"https:\/\/inti.hr\/sr\/wp-json\/wp\/v2\/media\/34382"}],"wp:attachment":[{"href":"https:\/\/inti.hr\/sr\/wp-json\/wp\/v2\/media?parent=34380"}],"wp:term":[{"taxonomy":"product_cat","embeddable":true,"href":"https:\/\/inti.hr\/sr\/wp-json\/wp\/v2\/product_cat?post=34380"},{"taxonomy":"product_tag","embeddable":true,"href":"https:\/\/inti.hr\/sr\/wp-json\/wp\/v2\/product_tag?post=34380"}],"curies":[{"name":"wp","href":"https:\/\/api.w.org\/{rel}","templated":true}]}}