{"id":34393,"date":"2021-10-27T14:57:06","date_gmt":"2021-10-27T14:57:06","guid":{"rendered":"https:\/\/inti.hr\/product\/djecja-polica-za-pohranu\/"},"modified":"2021-10-27T14:57:06","modified_gmt":"2021-10-27T14:57:06","slug":"djecja-polica-za-pohranu","status":"publish","type":"product","link":"https:\/\/inti.hr\/sr\/proizvod\/djecja-polica-za-pohranu\/","title":{"rendered":"Dje\u010dja polica za pohranu"},"content":{"rendered":"<p>Detalji proizvoda:<\/p>\n<p>Mjere: D40 x D30 x V150 cm<br \/>\nTe\u017eina: 14,4 kg<br \/>\nMaksimalno optere\u0107enje: 45 kg (15 kg \/ polica)<br \/>\nMaterijal: MDF, bambus.<\/p>\n<p>&nbsp;<\/p>\n<p>Polica je izra\u0111ena od visokokvalitetnih drvenih vlakana srednje gusto\u0107e koja su izdr\u017eljiva i lako se \u010diste. Samo ga treba o\u010distiti i o\u010distiti vla\u017enom krpom.<\/p>\n","protected":false},"excerpt":{"rendered":"<p>Ova dje\u010dja polica za knjige mo\u017ee se smjestiti u knjige razli\u010ditih &#8230; <\/p>\n","protected":false},"featured_media":34394,"template":"","meta":[],"product_cat":[2411],"product_tag":[2413,3689,4109],"yoast_head":"<!-- This site is optimized with the Yoast SEO plugin v23.7 - https:\/\/yoast.com\/wordpress\/plugins\/seo\/ -->\n<title>Dje\u010dja polica za pohranu - Inti<\/title>\n<meta name=\"description\" content=\"Ova dje\u010dja polica za knjige mo\u017ee se smjestiti u knjige razli\u010ditih veli\u010dina, igra\u010dke, sitnice, \u010dasopise, knjige, novine, slikovnice i mo\u017ee odr\u017eavati va\u0161u sobu urednom Veli\u010dina police je prihvatljiva dizajnom, to je radna soba, dnevni boravak, vrti\u0107, idealan izbor za u\u010dionice i dje\u010dje spava\u0107e sobe, najbolji izbor za dom ili za poklon Potaknite dijete na \u010ditanje, najbolji izbor za va\u0161eg malog \u010ditatelja\" \/>\n<meta name=\"robots\" content=\"index, follow, max-snippet:-1, max-image-preview:large, max-video-preview:-1\" \/>\n<link rel=\"canonical\" href=\"https:\/\/inti.hr\/sr\/proizvod\/djecja-polica-za-pohranu\/\" \/>\n<meta property=\"og:locale\" content=\"sr_RS\" \/>\n<meta property=\"og:type\" content=\"article\" \/>\n<meta property=\"og:title\" content=\"Dje\u010dja polica za pohranu - Inti\" \/>\n<meta property=\"og:description\" content=\"Ova dje\u010dja polica za knjige mo\u017ee se smjestiti u knjige razli\u010ditih veli\u010dina, igra\u010dke, sitnice, \u010dasopise, knjige, novine, slikovnice i mo\u017ee odr\u017eavati va\u0161u sobu urednom Veli\u010dina police je prihvatljiva dizajnom, to je radna soba, dnevni boravak, vrti\u0107, idealan izbor za u\u010dionice i dje\u010dje spava\u0107e sobe, najbolji izbor za dom ili za poklon Potaknite dijete na \u010ditanje, najbolji izbor za va\u0161eg malog \u010ditatelja\" \/>\n<meta property=\"og:url\" content=\"https:\/\/inti.hr\/sr\/proizvod\/djecja-polica-za-pohranu\/\" \/>\n<meta property=\"og:site_name\" content=\"Inti\" \/>\n<meta property=\"og:image\" content=\"https:\/\/i0.wp.com\/inti.hr\/wp-content\/uploads\/2021\/10\/KMB42-W-S004_2048x2048.jpg?fit=1600%2C1600&ssl=1\" \/>\n\t<meta property=\"og:image:width\" content=\"1600\" \/>\n\t<meta property=\"og:image:height\" content=\"1600\" \/>\n\t<meta property=\"og:image:type\" content=\"image\/jpeg\" \/>\n<meta name=\"twitter:card\" content=\"summary_large_image\" \/>\n<script type=\"application\/ld+json\" class=\"yoast-schema-graph\">{\"@context\":\"https:\/\/schema.org\",\"@graph\":[{\"@type\":\"WebPage\",\"@id\":\"https:\/\/inti.hr\/sr\/proizvod\/djecja-polica-za-pohranu\/\",\"url\":\"https:\/\/inti.hr\/sr\/proizvod\/djecja-polica-za-pohranu\/\",\"name\":\"Dje\u010dja polica za pohranu - Inti\",\"isPartOf\":{\"@id\":\"https:\/\/inti.hr\/sr\/#website\"},\"primaryImageOfPage\":{\"@id\":\"https:\/\/inti.hr\/sr\/proizvod\/djecja-polica-za-pohranu\/#primaryimage\"},\"image\":{\"@id\":\"https:\/\/inti.hr\/sr\/proizvod\/djecja-polica-za-pohranu\/#primaryimage\"},\"thumbnailUrl\":\"https:\/\/i0.wp.com\/inti.hr\/wp-content\/uploads\/2021\/10\/KMB42-W-S004_2048x2048.jpg?fit=1600%2C1600&ssl=1\",\"datePublished\":\"2021-10-27T14:57:06+00:00\",\"dateModified\":\"2021-10-27T14:57:06+00:00\",\"description\":\"Ova dje\u010dja polica za knjige mo\u017ee se smjestiti u knjige razli\u010ditih veli\u010dina, igra\u010dke, sitnice, \u010dasopise, knjige, novine, slikovnice i mo\u017ee odr\u017eavati va\u0161u sobu urednom Veli\u010dina police je prihvatljiva dizajnom, to je radna soba, dnevni boravak, vrti\u0107, idealan izbor za u\u010dionice i dje\u010dje spava\u0107e sobe, najbolji izbor za dom ili za poklon Potaknite dijete na \u010ditanje, najbolji izbor za va\u0161eg malog \u010ditatelja\",\"breadcrumb\":{\"@id\":\"https:\/\/inti.hr\/sr\/proizvod\/djecja-polica-za-pohranu\/#breadcrumb\"},\"inLanguage\":\"sr-RS\",\"potentialAction\":[{\"@type\":\"ReadAction\",\"target\":[\"https:\/\/inti.hr\/sr\/proizvod\/djecja-polica-za-pohranu\/\"]}]},{\"@type\":\"ImageObject\",\"inLanguage\":\"sr-RS\",\"@id\":\"https:\/\/inti.hr\/sr\/proizvod\/djecja-polica-za-pohranu\/#primaryimage\",\"url\":\"https:\/\/i0.wp.com\/inti.hr\/wp-content\/uploads\/2021\/10\/KMB42-W-S004_2048x2048.jpg?fit=1600%2C1600&ssl=1\",\"contentUrl\":\"https:\/\/i0.wp.com\/inti.hr\/wp-content\/uploads\/2021\/10\/KMB42-W-S004_2048x2048.jpg?fit=1600%2C1600&ssl=1\",\"width\":1600,\"height\":1600},{\"@type\":\"BreadcrumbList\",\"@id\":\"https:\/\/inti.hr\/sr\/proizvod\/djecja-polica-za-pohranu\/#breadcrumb\",\"itemListElement\":[{\"@type\":\"ListItem\",\"position\":1,\"name\":\"Po\u010detna stranica\",\"item\":\"https:\/\/inti.hr\/sr\/\"},{\"@type\":\"ListItem\",\"position\":2,\"name\":\"Prodavnica\",\"item\":\"https:\/\/inti.hr\/sr\/prodavnica\/\"},{\"@type\":\"ListItem\",\"position\":3,\"name\":\"Dje\u010dja polica za pohranu\"}]},{\"@type\":\"WebSite\",\"@id\":\"https:\/\/inti.hr\/sr\/#website\",\"url\":\"https:\/\/inti.hr\/sr\/\",\"name\":\"Inti\",\"description\":\"trgovina\",\"potentialAction\":[{\"@type\":\"SearchAction\",\"target\":{\"@type\":\"EntryPoint\",\"urlTemplate\":\"https:\/\/inti.hr\/sr\/?s={search_term_string}\"},\"query-input\":{\"@type\":\"PropertyValueSpecification\",\"valueRequired\":true,\"valueName\":\"search_term_string\"}}],\"inLanguage\":\"sr-RS\"}]}<\/script>\n<!-- \/ Yoast SEO plugin. -->","yoast_head_json":{"title":"Dje\u010dja polica za pohranu - Inti","description":"Ova dje\u010dja polica za knjige mo\u017ee se smjestiti u knjige razli\u010ditih veli\u010dina, igra\u010dke, sitnice, \u010dasopise, knjige, novine, slikovnice i mo\u017ee odr\u017eavati va\u0161u sobu urednom Veli\u010dina police je prihvatljiva dizajnom, to je radna soba, dnevni boravak, vrti\u0107, idealan izbor za u\u010dionice i dje\u010dje spava\u0107e sobe, najbolji izbor za dom ili za poklon Potaknite dijete na \u010ditanje, najbolji izbor za va\u0161eg malog \u010ditatelja","robots":{"index":"index","follow":"follow","max-snippet":"max-snippet:-1","max-image-preview":"max-image-preview:large","max-video-preview":"max-video-preview:-1"},"canonical":"https:\/\/inti.hr\/sr\/proizvod\/djecja-polica-za-pohranu\/","og_locale":"sr_RS","og_type":"article","og_title":"Dje\u010dja polica za pohranu - Inti","og_description":"Ova dje\u010dja polica za knjige mo\u017ee se smjestiti u knjige razli\u010ditih veli\u010dina, igra\u010dke, sitnice, \u010dasopise, knjige, novine, slikovnice i mo\u017ee odr\u017eavati va\u0161u sobu urednom Veli\u010dina police je prihvatljiva dizajnom, to je radna soba, dnevni boravak, vrti\u0107, idealan izbor za u\u010dionice i dje\u010dje spava\u0107e sobe, najbolji izbor za dom ili za poklon Potaknite dijete na \u010ditanje, najbolji izbor za va\u0161eg malog \u010ditatelja","og_url":"https:\/\/inti.hr\/sr\/proizvod\/djecja-polica-za-pohranu\/","og_site_name":"Inti","og_image":[{"width":1600,"height":1600,"url":"https:\/\/i0.wp.com\/inti.hr\/wp-content\/uploads\/2021\/10\/KMB42-W-S004_2048x2048.jpg?fit=1600%2C1600&ssl=1","type":"image\/jpeg"}],"twitter_card":"summary_large_image","schema":{"@context":"https:\/\/schema.org","@graph":[{"@type":"WebPage","@id":"https:\/\/inti.hr\/sr\/proizvod\/djecja-polica-za-pohranu\/","url":"https:\/\/inti.hr\/sr\/proizvod\/djecja-polica-za-pohranu\/","name":"Dje\u010dja polica za pohranu - Inti","isPartOf":{"@id":"https:\/\/inti.hr\/sr\/#website"},"primaryImageOfPage":{"@id":"https:\/\/inti.hr\/sr\/proizvod\/djecja-polica-za-pohranu\/#primaryimage"},"image":{"@id":"https:\/\/inti.hr\/sr\/proizvod\/djecja-polica-za-pohranu\/#primaryimage"},"thumbnailUrl":"https:\/\/i0.wp.com\/inti.hr\/wp-content\/uploads\/2021\/10\/KMB42-W-S004_2048x2048.jpg?fit=1600%2C1600&ssl=1","datePublished":"2021-10-27T14:57:06+00:00","dateModified":"2021-10-27T14:57:06+00:00","description":"Ova dje\u010dja polica za knjige mo\u017ee se smjestiti u knjige razli\u010ditih veli\u010dina, igra\u010dke, sitnice, \u010dasopise, knjige, novine, slikovnice i mo\u017ee odr\u017eavati va\u0161u sobu urednom Veli\u010dina police je prihvatljiva dizajnom, to je radna soba, dnevni boravak, vrti\u0107, idealan izbor za u\u010dionice i dje\u010dje spava\u0107e sobe, najbolji izbor za dom ili za poklon Potaknite dijete na \u010ditanje, najbolji izbor za va\u0161eg malog \u010ditatelja","breadcrumb":{"@id":"https:\/\/inti.hr\/sr\/proizvod\/djecja-polica-za-pohranu\/#breadcrumb"},"inLanguage":"sr-RS","potentialAction":[{"@type":"ReadAction","target":["https:\/\/inti.hr\/sr\/proizvod\/djecja-polica-za-pohranu\/"]}]},{"@type":"ImageObject","inLanguage":"sr-RS","@id":"https:\/\/inti.hr\/sr\/proizvod\/djecja-polica-za-pohranu\/#primaryimage","url":"https:\/\/i0.wp.com\/inti.hr\/wp-content\/uploads\/2021\/10\/KMB42-W-S004_2048x2048.jpg?fit=1600%2C1600&ssl=1","contentUrl":"https:\/\/i0.wp.com\/inti.hr\/wp-content\/uploads\/2021\/10\/KMB42-W-S004_2048x2048.jpg?fit=1600%2C1600&ssl=1","width":1600,"height":1600},{"@type":"BreadcrumbList","@id":"https:\/\/inti.hr\/sr\/proizvod\/djecja-polica-za-pohranu\/#breadcrumb","itemListElement":[{"@type":"ListItem","position":1,"name":"Po\u010detna stranica","item":"https:\/\/inti.hr\/sr\/"},{"@type":"ListItem","position":2,"name":"Prodavnica","item":"https:\/\/inti.hr\/sr\/prodavnica\/"},{"@type":"ListItem","position":3,"name":"Dje\u010dja polica za pohranu"}]},{"@type":"WebSite","@id":"https:\/\/inti.hr\/sr\/#website","url":"https:\/\/inti.hr\/sr\/","name":"Inti","description":"trgovina","potentialAction":[{"@type":"SearchAction","target":{"@type":"EntryPoint","urlTemplate":"https:\/\/inti.hr\/sr\/?s={search_term_string}"},"query-input":{"@type":"PropertyValueSpecification","valueRequired":true,"valueName":"search_term_string"}}],"inLanguage":"sr-RS"}]}},"jetpack_sharing_enabled":true,"jetpack-related-posts":[],"_links":{"self":[{"href":"https:\/\/inti.hr\/sr\/wp-json\/wp\/v2\/product\/34393"}],"collection":[{"href":"https:\/\/inti.hr\/sr\/wp-json\/wp\/v2\/product"}],"about":[{"href":"https:\/\/inti.hr\/sr\/wp-json\/wp\/v2\/types\/product"}],"wp:featuredmedia":[{"embeddable":true,"href":"https:\/\/inti.hr\/sr\/wp-json\/wp\/v2\/media\/34394"}],"wp:attachment":[{"href":"https:\/\/inti.hr\/sr\/wp-json\/wp\/v2\/media?parent=34393"}],"wp:term":[{"taxonomy":"product_cat","embeddable":true,"href":"https:\/\/inti.hr\/sr\/wp-json\/wp\/v2\/product_cat?post=34393"},{"taxonomy":"product_tag","embeddable":true,"href":"https:\/\/inti.hr\/sr\/wp-json\/wp\/v2\/product_tag?post=34393"}],"curies":[{"name":"wp","href":"https:\/\/api.w.org\/{rel}","templated":true}]}}