{"id":34441,"date":"2021-09-15T15:36:29","date_gmt":"2021-09-15T15:36:29","guid":{"rendered":"https:\/\/inti.hr\/product\/polica-od-kaljenog-stakla-gold\/"},"modified":"2021-09-15T15:36:29","modified_gmt":"2021-09-15T15:36:29","slug":"polica-od-kaljenog-stakla-gold","status":"publish","type":"product","link":"https:\/\/inti.hr\/sr\/proizvod\/polica-od-kaljenog-stakla-gold\/","title":{"rendered":"Polica od kaljenog stakla gold"},"content":{"rendered":"<p>Detalji o proizvodu:<br \/>\n&#8211; Boja: zlatna<br \/>\n&#8211; Materijal: metal, staklo<br \/>\n&#8211; Veli\u010dina: 100 x 30 x 73 cm (D x \u0160 x V)<br \/>\n&#8211; Te\u017eina: 14,9 kg<br \/>\n&#8211; Maksimalno stati\u010dko optere\u0107enje po razini: 10 kg<\/p>\n","protected":false},"excerpt":{"rendered":"<p>Ova polica u 3 nivoa na 1 metar pravi je izbor &#8230; <\/p>\n","protected":false},"featured_media":34442,"template":"","meta":[],"product_cat":[2421],"product_tag":[4169,4136],"yoast_head":"<!-- This site is optimized with the Yoast SEO plugin v23.7 - https:\/\/yoast.com\/wordpress\/plugins\/seo\/ -->\n<title>Polica od kaljenog stakla gold - Inti<\/title>\n<meta name=\"description\" content=\"Ova polica u 3 nivoa na 1 metar pravi je izbor za isticanje elegancije i stila Zlatni okvir i staklene plo\u010de pobolj\u0161avaju va\u0161 dom Kad je potrebna prilagodljivost Ovaj komad namje\u0161taja ima mnogo lica i uklapa se u razli\u010dite prostorije Konzolni stol u hodniku Saditi policu u dnevnoj sobi Pomo\u0107ni stol u spava\u0107oj sobi \u0160to drugo Pustite ma\u0161ti na volju\" \/>\n<meta name=\"robots\" content=\"index, follow, max-snippet:-1, max-image-preview:large, max-video-preview:-1\" \/>\n<link rel=\"canonical\" href=\"https:\/\/inti.hr\/sr\/proizvod\/polica-od-kaljenog-stakla-gold\/\" \/>\n<meta property=\"og:locale\" content=\"sr_RS\" \/>\n<meta property=\"og:type\" content=\"article\" \/>\n<meta property=\"og:title\" content=\"Polica od kaljenog stakla gold - Inti\" \/>\n<meta property=\"og:description\" content=\"Ova polica u 3 nivoa na 1 metar pravi je izbor za isticanje elegancije i stila Zlatni okvir i staklene plo\u010de pobolj\u0161avaju va\u0161 dom Kad je potrebna prilagodljivost Ovaj komad namje\u0161taja ima mnogo lica i uklapa se u razli\u010dite prostorije Konzolni stol u hodniku Saditi policu u dnevnoj sobi Pomo\u0107ni stol u spava\u0107oj sobi \u0160to drugo Pustite ma\u0161ti na volju\" \/>\n<meta property=\"og:url\" content=\"https:\/\/inti.hr\/sr\/proizvod\/polica-od-kaljenog-stakla-gold\/\" \/>\n<meta property=\"og:site_name\" content=\"Inti\" \/>\n<meta property=\"og:image\" content=\"https:\/\/i0.wp.com\/inti.hr\/wp-content\/uploads\/2021\/09\/71F-o9dybmL._AC_SL1500_-1.jpg?fit=1500%2C1500&ssl=1\" \/>\n\t<meta property=\"og:image:width\" content=\"1500\" \/>\n\t<meta property=\"og:image:height\" content=\"1500\" \/>\n\t<meta property=\"og:image:type\" content=\"image\/jpeg\" \/>\n<meta name=\"twitter:card\" content=\"summary_large_image\" \/>\n<script type=\"application\/ld+json\" class=\"yoast-schema-graph\">{\"@context\":\"https:\/\/schema.org\",\"@graph\":[{\"@type\":\"WebPage\",\"@id\":\"https:\/\/inti.hr\/sr\/proizvod\/polica-od-kaljenog-stakla-gold\/\",\"url\":\"https:\/\/inti.hr\/sr\/proizvod\/polica-od-kaljenog-stakla-gold\/\",\"name\":\"Polica od kaljenog stakla gold - Inti\",\"isPartOf\":{\"@id\":\"https:\/\/inti.hr\/sr\/#website\"},\"primaryImageOfPage\":{\"@id\":\"https:\/\/inti.hr\/sr\/proizvod\/polica-od-kaljenog-stakla-gold\/#primaryimage\"},\"image\":{\"@id\":\"https:\/\/inti.hr\/sr\/proizvod\/polica-od-kaljenog-stakla-gold\/#primaryimage\"},\"thumbnailUrl\":\"https:\/\/i0.wp.com\/inti.hr\/wp-content\/uploads\/2021\/09\/71F-o9dybmL._AC_SL1500_-1.jpg?fit=1500%2C1500&ssl=1\",\"datePublished\":\"2021-09-15T15:36:29+00:00\",\"dateModified\":\"2021-09-15T15:36:29+00:00\",\"description\":\"Ova polica u 3 nivoa na 1 metar pravi je izbor za isticanje elegancije i stila Zlatni okvir i staklene plo\u010de pobolj\u0161avaju va\u0161 dom Kad je potrebna prilagodljivost Ovaj komad namje\u0161taja ima mnogo lica i uklapa se u razli\u010dite prostorije Konzolni stol u hodniku Saditi policu u dnevnoj sobi Pomo\u0107ni stol u spava\u0107oj sobi \u0160to drugo Pustite ma\u0161ti na volju\",\"breadcrumb\":{\"@id\":\"https:\/\/inti.hr\/sr\/proizvod\/polica-od-kaljenog-stakla-gold\/#breadcrumb\"},\"inLanguage\":\"sr-RS\",\"potentialAction\":[{\"@type\":\"ReadAction\",\"target\":[\"https:\/\/inti.hr\/sr\/proizvod\/polica-od-kaljenog-stakla-gold\/\"]}]},{\"@type\":\"ImageObject\",\"inLanguage\":\"sr-RS\",\"@id\":\"https:\/\/inti.hr\/sr\/proizvod\/polica-od-kaljenog-stakla-gold\/#primaryimage\",\"url\":\"https:\/\/i0.wp.com\/inti.hr\/wp-content\/uploads\/2021\/09\/71F-o9dybmL._AC_SL1500_-1.jpg?fit=1500%2C1500&ssl=1\",\"contentUrl\":\"https:\/\/i0.wp.com\/inti.hr\/wp-content\/uploads\/2021\/09\/71F-o9dybmL._AC_SL1500_-1.jpg?fit=1500%2C1500&ssl=1\",\"width\":1500,\"height\":1500},{\"@type\":\"BreadcrumbList\",\"@id\":\"https:\/\/inti.hr\/sr\/proizvod\/polica-od-kaljenog-stakla-gold\/#breadcrumb\",\"itemListElement\":[{\"@type\":\"ListItem\",\"position\":1,\"name\":\"Po\u010detna stranica\",\"item\":\"https:\/\/inti.hr\/sr\/\"},{\"@type\":\"ListItem\",\"position\":2,\"name\":\"Prodavnica\",\"item\":\"https:\/\/inti.hr\/sr\/prodavnica\/\"},{\"@type\":\"ListItem\",\"position\":3,\"name\":\"Polica od kaljenog stakla gold\"}]},{\"@type\":\"WebSite\",\"@id\":\"https:\/\/inti.hr\/sr\/#website\",\"url\":\"https:\/\/inti.hr\/sr\/\",\"name\":\"Inti\",\"description\":\"trgovina\",\"potentialAction\":[{\"@type\":\"SearchAction\",\"target\":{\"@type\":\"EntryPoint\",\"urlTemplate\":\"https:\/\/inti.hr\/sr\/?s={search_term_string}\"},\"query-input\":{\"@type\":\"PropertyValueSpecification\",\"valueRequired\":true,\"valueName\":\"search_term_string\"}}],\"inLanguage\":\"sr-RS\"}]}<\/script>\n<!-- \/ Yoast SEO plugin. -->","yoast_head_json":{"title":"Polica od kaljenog stakla gold - Inti","description":"Ova polica u 3 nivoa na 1 metar pravi je izbor za isticanje elegancije i stila Zlatni okvir i staklene plo\u010de pobolj\u0161avaju va\u0161 dom Kad je potrebna prilagodljivost Ovaj komad namje\u0161taja ima mnogo lica i uklapa se u razli\u010dite prostorije Konzolni stol u hodniku Saditi policu u dnevnoj sobi Pomo\u0107ni stol u spava\u0107oj sobi \u0160to drugo Pustite ma\u0161ti na volju","robots":{"index":"index","follow":"follow","max-snippet":"max-snippet:-1","max-image-preview":"max-image-preview:large","max-video-preview":"max-video-preview:-1"},"canonical":"https:\/\/inti.hr\/sr\/proizvod\/polica-od-kaljenog-stakla-gold\/","og_locale":"sr_RS","og_type":"article","og_title":"Polica od kaljenog stakla gold - Inti","og_description":"Ova polica u 3 nivoa na 1 metar pravi je izbor za isticanje elegancije i stila Zlatni okvir i staklene plo\u010de pobolj\u0161avaju va\u0161 dom Kad je potrebna prilagodljivost Ovaj komad namje\u0161taja ima mnogo lica i uklapa se u razli\u010dite prostorije Konzolni stol u hodniku Saditi policu u dnevnoj sobi Pomo\u0107ni stol u spava\u0107oj sobi \u0160to drugo Pustite ma\u0161ti na volju","og_url":"https:\/\/inti.hr\/sr\/proizvod\/polica-od-kaljenog-stakla-gold\/","og_site_name":"Inti","og_image":[{"width":1500,"height":1500,"url":"https:\/\/i0.wp.com\/inti.hr\/wp-content\/uploads\/2021\/09\/71F-o9dybmL._AC_SL1500_-1.jpg?fit=1500%2C1500&ssl=1","type":"image\/jpeg"}],"twitter_card":"summary_large_image","schema":{"@context":"https:\/\/schema.org","@graph":[{"@type":"WebPage","@id":"https:\/\/inti.hr\/sr\/proizvod\/polica-od-kaljenog-stakla-gold\/","url":"https:\/\/inti.hr\/sr\/proizvod\/polica-od-kaljenog-stakla-gold\/","name":"Polica od kaljenog stakla gold - Inti","isPartOf":{"@id":"https:\/\/inti.hr\/sr\/#website"},"primaryImageOfPage":{"@id":"https:\/\/inti.hr\/sr\/proizvod\/polica-od-kaljenog-stakla-gold\/#primaryimage"},"image":{"@id":"https:\/\/inti.hr\/sr\/proizvod\/polica-od-kaljenog-stakla-gold\/#primaryimage"},"thumbnailUrl":"https:\/\/i0.wp.com\/inti.hr\/wp-content\/uploads\/2021\/09\/71F-o9dybmL._AC_SL1500_-1.jpg?fit=1500%2C1500&ssl=1","datePublished":"2021-09-15T15:36:29+00:00","dateModified":"2021-09-15T15:36:29+00:00","description":"Ova polica u 3 nivoa na 1 metar pravi je izbor za isticanje elegancije i stila Zlatni okvir i staklene plo\u010de pobolj\u0161avaju va\u0161 dom Kad je potrebna prilagodljivost Ovaj komad namje\u0161taja ima mnogo lica i uklapa se u razli\u010dite prostorije Konzolni stol u hodniku Saditi policu u dnevnoj sobi Pomo\u0107ni stol u spava\u0107oj sobi \u0160to drugo Pustite ma\u0161ti na volju","breadcrumb":{"@id":"https:\/\/inti.hr\/sr\/proizvod\/polica-od-kaljenog-stakla-gold\/#breadcrumb"},"inLanguage":"sr-RS","potentialAction":[{"@type":"ReadAction","target":["https:\/\/inti.hr\/sr\/proizvod\/polica-od-kaljenog-stakla-gold\/"]}]},{"@type":"ImageObject","inLanguage":"sr-RS","@id":"https:\/\/inti.hr\/sr\/proizvod\/polica-od-kaljenog-stakla-gold\/#primaryimage","url":"https:\/\/i0.wp.com\/inti.hr\/wp-content\/uploads\/2021\/09\/71F-o9dybmL._AC_SL1500_-1.jpg?fit=1500%2C1500&ssl=1","contentUrl":"https:\/\/i0.wp.com\/inti.hr\/wp-content\/uploads\/2021\/09\/71F-o9dybmL._AC_SL1500_-1.jpg?fit=1500%2C1500&ssl=1","width":1500,"height":1500},{"@type":"BreadcrumbList","@id":"https:\/\/inti.hr\/sr\/proizvod\/polica-od-kaljenog-stakla-gold\/#breadcrumb","itemListElement":[{"@type":"ListItem","position":1,"name":"Po\u010detna stranica","item":"https:\/\/inti.hr\/sr\/"},{"@type":"ListItem","position":2,"name":"Prodavnica","item":"https:\/\/inti.hr\/sr\/prodavnica\/"},{"@type":"ListItem","position":3,"name":"Polica od kaljenog stakla gold"}]},{"@type":"WebSite","@id":"https:\/\/inti.hr\/sr\/#website","url":"https:\/\/inti.hr\/sr\/","name":"Inti","description":"trgovina","potentialAction":[{"@type":"SearchAction","target":{"@type":"EntryPoint","urlTemplate":"https:\/\/inti.hr\/sr\/?s={search_term_string}"},"query-input":{"@type":"PropertyValueSpecification","valueRequired":true,"valueName":"search_term_string"}}],"inLanguage":"sr-RS"}]}},"jetpack_sharing_enabled":true,"jetpack-related-posts":[],"_links":{"self":[{"href":"https:\/\/inti.hr\/sr\/wp-json\/wp\/v2\/product\/34441"}],"collection":[{"href":"https:\/\/inti.hr\/sr\/wp-json\/wp\/v2\/product"}],"about":[{"href":"https:\/\/inti.hr\/sr\/wp-json\/wp\/v2\/types\/product"}],"wp:featuredmedia":[{"embeddable":true,"href":"https:\/\/inti.hr\/sr\/wp-json\/wp\/v2\/media\/34442"}],"wp:attachment":[{"href":"https:\/\/inti.hr\/sr\/wp-json\/wp\/v2\/media?parent=34441"}],"wp:term":[{"taxonomy":"product_cat","embeddable":true,"href":"https:\/\/inti.hr\/sr\/wp-json\/wp\/v2\/product_cat?post=34441"},{"taxonomy":"product_tag","embeddable":true,"href":"https:\/\/inti.hr\/sr\/wp-json\/wp\/v2\/product_tag?post=34441"}],"curies":[{"name":"wp","href":"https:\/\/api.w.org\/{rel}","templated":true}]}}