{"id":34445,"date":"2021-08-11T13:48:15","date_gmt":"2021-08-11T13:48:15","guid":{"rendered":"https:\/\/inti.hr\/product\/konzola-stol-sa-mramornim-izgledom\/"},"modified":"2021-08-11T13:48:15","modified_gmt":"2021-08-11T13:48:15","slug":"konzola-stol-sa-mramornim-izgledom","status":"publish","type":"product","link":"https:\/\/inti.hr\/sr\/proizvod\/konzola-stol-sa-mramornim-izgledom\/","title":{"rendered":"Konzola- stol sa mramornim izgledom"},"content":{"rendered":"<p>Detalji proizvoda:<\/p>\n<p>Materijal: PB + \u017eeljezo<br \/>\nTe\u017eina: kg 10,2<br \/>\nMaksimalno optere\u0107enje: 50 kg<br \/>\nMjere: L100xP40xH106 cm<\/p>\n","protected":false},"excerpt":{"rendered":"<p>Ukrasna ili utilitaristi\u010dka, ova tanka i uska konzola lako \u0107e prona\u0107i &#8230; <\/p>\n","protected":false},"featured_media":34446,"template":"","meta":[],"product_cat":[2421],"product_tag":[4174,4175,4176,4177],"yoast_head":"<!-- This site is optimized with the Yoast SEO plugin v23.7 - https:\/\/yoast.com\/wordpress\/plugins\/seo\/ -->\n<title>Konzola- stol sa mramornim izgledom - Inti<\/title>\n<meta name=\"description\" content=\"Ukrasna ili utilitaristi\u010dka, ova tanka i uska konzola lako \u0107e prona\u0107i svoje mjesto u va\u0161em interijeru Glatka stolna plo\u010da od umjetnog mramora i metalni okvir oblo\u017een zlatnim prahom u kombinaciji s \u010distim linijama stvaraju elegantan moderan izgled koji se lako \u010disti Jednostavan i velikodu\u0161an dizajn, mo\u017eete ga koristiti kao konzolni stol u svom hodniku kao stol za kau\u010d u blizini sofe kao i kao TV stalak ispod va\u0161eg zidnog televizora za blagovanje\" \/>\n<meta name=\"robots\" content=\"index, follow, max-snippet:-1, max-image-preview:large, max-video-preview:-1\" \/>\n<link rel=\"canonical\" href=\"https:\/\/inti.hr\/sr\/proizvod\/konzola-stol-sa-mramornim-izgledom\/\" \/>\n<meta property=\"og:locale\" content=\"sr_RS\" \/>\n<meta property=\"og:type\" content=\"article\" \/>\n<meta property=\"og:title\" content=\"Konzola- stol sa mramornim izgledom - Inti\" \/>\n<meta property=\"og:description\" content=\"Ukrasna ili utilitaristi\u010dka, ova tanka i uska konzola lako \u0107e prona\u0107i svoje mjesto u va\u0161em interijeru Glatka stolna plo\u010da od umjetnog mramora i metalni okvir oblo\u017een zlatnim prahom u kombinaciji s \u010distim linijama stvaraju elegantan moderan izgled koji se lako \u010disti Jednostavan i velikodu\u0161an dizajn, mo\u017eete ga koristiti kao konzolni stol u svom hodniku kao stol za kau\u010d u blizini sofe kao i kao TV stalak ispod va\u0161eg zidnog televizora za blagovanje\" \/>\n<meta property=\"og:url\" content=\"https:\/\/inti.hr\/sr\/proizvod\/konzola-stol-sa-mramornim-izgledom\/\" \/>\n<meta property=\"og:site_name\" content=\"Inti\" \/>\n<meta property=\"og:image\" content=\"https:\/\/i0.wp.com\/inti.hr\/wp-content\/uploads\/2021\/08\/FSB34-G-S001_2048x2048.jpg?fit=1600%2C1600&ssl=1\" \/>\n\t<meta property=\"og:image:width\" content=\"1600\" \/>\n\t<meta property=\"og:image:height\" content=\"1600\" \/>\n\t<meta property=\"og:image:type\" content=\"image\/jpeg\" \/>\n<meta name=\"twitter:card\" content=\"summary_large_image\" \/>\n<script type=\"application\/ld+json\" class=\"yoast-schema-graph\">{\"@context\":\"https:\/\/schema.org\",\"@graph\":[{\"@type\":\"WebPage\",\"@id\":\"https:\/\/inti.hr\/sr\/proizvod\/konzola-stol-sa-mramornim-izgledom\/\",\"url\":\"https:\/\/inti.hr\/sr\/proizvod\/konzola-stol-sa-mramornim-izgledom\/\",\"name\":\"Konzola- stol sa mramornim izgledom - Inti\",\"isPartOf\":{\"@id\":\"https:\/\/inti.hr\/sr\/#website\"},\"primaryImageOfPage\":{\"@id\":\"https:\/\/inti.hr\/sr\/proizvod\/konzola-stol-sa-mramornim-izgledom\/#primaryimage\"},\"image\":{\"@id\":\"https:\/\/inti.hr\/sr\/proizvod\/konzola-stol-sa-mramornim-izgledom\/#primaryimage\"},\"thumbnailUrl\":\"https:\/\/i0.wp.com\/inti.hr\/wp-content\/uploads\/2021\/08\/FSB34-G-S001_2048x2048.jpg?fit=1600%2C1600&ssl=1\",\"datePublished\":\"2021-08-11T13:48:15+00:00\",\"dateModified\":\"2021-08-11T13:48:15+00:00\",\"description\":\"Ukrasna ili utilitaristi\u010dka, ova tanka i uska konzola lako \u0107e prona\u0107i svoje mjesto u va\u0161em interijeru Glatka stolna plo\u010da od umjetnog mramora i metalni okvir oblo\u017een zlatnim prahom u kombinaciji s \u010distim linijama stvaraju elegantan moderan izgled koji se lako \u010disti Jednostavan i velikodu\u0161an dizajn, mo\u017eete ga koristiti kao konzolni stol u svom hodniku kao stol za kau\u010d u blizini sofe kao i kao TV stalak ispod va\u0161eg zidnog televizora za blagovanje\",\"breadcrumb\":{\"@id\":\"https:\/\/inti.hr\/sr\/proizvod\/konzola-stol-sa-mramornim-izgledom\/#breadcrumb\"},\"inLanguage\":\"sr-RS\",\"potentialAction\":[{\"@type\":\"ReadAction\",\"target\":[\"https:\/\/inti.hr\/sr\/proizvod\/konzola-stol-sa-mramornim-izgledom\/\"]}]},{\"@type\":\"ImageObject\",\"inLanguage\":\"sr-RS\",\"@id\":\"https:\/\/inti.hr\/sr\/proizvod\/konzola-stol-sa-mramornim-izgledom\/#primaryimage\",\"url\":\"https:\/\/i0.wp.com\/inti.hr\/wp-content\/uploads\/2021\/08\/FSB34-G-S001_2048x2048.jpg?fit=1600%2C1600&ssl=1\",\"contentUrl\":\"https:\/\/i0.wp.com\/inti.hr\/wp-content\/uploads\/2021\/08\/FSB34-G-S001_2048x2048.jpg?fit=1600%2C1600&ssl=1\",\"width\":1600,\"height\":1600},{\"@type\":\"BreadcrumbList\",\"@id\":\"https:\/\/inti.hr\/sr\/proizvod\/konzola-stol-sa-mramornim-izgledom\/#breadcrumb\",\"itemListElement\":[{\"@type\":\"ListItem\",\"position\":1,\"name\":\"Po\u010detna stranica\",\"item\":\"https:\/\/inti.hr\/sr\/\"},{\"@type\":\"ListItem\",\"position\":2,\"name\":\"Prodavnica\",\"item\":\"https:\/\/inti.hr\/sr\/prodavnica\/\"},{\"@type\":\"ListItem\",\"position\":3,\"name\":\"Konzola- stol sa mramornim izgledom\"}]},{\"@type\":\"WebSite\",\"@id\":\"https:\/\/inti.hr\/sr\/#website\",\"url\":\"https:\/\/inti.hr\/sr\/\",\"name\":\"Inti\",\"description\":\"trgovina\",\"potentialAction\":[{\"@type\":\"SearchAction\",\"target\":{\"@type\":\"EntryPoint\",\"urlTemplate\":\"https:\/\/inti.hr\/sr\/?s={search_term_string}\"},\"query-input\":{\"@type\":\"PropertyValueSpecification\",\"valueRequired\":true,\"valueName\":\"search_term_string\"}}],\"inLanguage\":\"sr-RS\"}]}<\/script>\n<!-- \/ Yoast SEO plugin. -->","yoast_head_json":{"title":"Konzola- stol sa mramornim izgledom - Inti","description":"Ukrasna ili utilitaristi\u010dka, ova tanka i uska konzola lako \u0107e prona\u0107i svoje mjesto u va\u0161em interijeru Glatka stolna plo\u010da od umjetnog mramora i metalni okvir oblo\u017een zlatnim prahom u kombinaciji s \u010distim linijama stvaraju elegantan moderan izgled koji se lako \u010disti Jednostavan i velikodu\u0161an dizajn, mo\u017eete ga koristiti kao konzolni stol u svom hodniku kao stol za kau\u010d u blizini sofe kao i kao TV stalak ispod va\u0161eg zidnog televizora za blagovanje","robots":{"index":"index","follow":"follow","max-snippet":"max-snippet:-1","max-image-preview":"max-image-preview:large","max-video-preview":"max-video-preview:-1"},"canonical":"https:\/\/inti.hr\/sr\/proizvod\/konzola-stol-sa-mramornim-izgledom\/","og_locale":"sr_RS","og_type":"article","og_title":"Konzola- stol sa mramornim izgledom - Inti","og_description":"Ukrasna ili utilitaristi\u010dka, ova tanka i uska konzola lako \u0107e prona\u0107i svoje mjesto u va\u0161em interijeru Glatka stolna plo\u010da od umjetnog mramora i metalni okvir oblo\u017een zlatnim prahom u kombinaciji s \u010distim linijama stvaraju elegantan moderan izgled koji se lako \u010disti Jednostavan i velikodu\u0161an dizajn, mo\u017eete ga koristiti kao konzolni stol u svom hodniku kao stol za kau\u010d u blizini sofe kao i kao TV stalak ispod va\u0161eg zidnog televizora za blagovanje","og_url":"https:\/\/inti.hr\/sr\/proizvod\/konzola-stol-sa-mramornim-izgledom\/","og_site_name":"Inti","og_image":[{"width":1600,"height":1600,"url":"https:\/\/i0.wp.com\/inti.hr\/wp-content\/uploads\/2021\/08\/FSB34-G-S001_2048x2048.jpg?fit=1600%2C1600&ssl=1","type":"image\/jpeg"}],"twitter_card":"summary_large_image","schema":{"@context":"https:\/\/schema.org","@graph":[{"@type":"WebPage","@id":"https:\/\/inti.hr\/sr\/proizvod\/konzola-stol-sa-mramornim-izgledom\/","url":"https:\/\/inti.hr\/sr\/proizvod\/konzola-stol-sa-mramornim-izgledom\/","name":"Konzola- stol sa mramornim izgledom - Inti","isPartOf":{"@id":"https:\/\/inti.hr\/sr\/#website"},"primaryImageOfPage":{"@id":"https:\/\/inti.hr\/sr\/proizvod\/konzola-stol-sa-mramornim-izgledom\/#primaryimage"},"image":{"@id":"https:\/\/inti.hr\/sr\/proizvod\/konzola-stol-sa-mramornim-izgledom\/#primaryimage"},"thumbnailUrl":"https:\/\/i0.wp.com\/inti.hr\/wp-content\/uploads\/2021\/08\/FSB34-G-S001_2048x2048.jpg?fit=1600%2C1600&ssl=1","datePublished":"2021-08-11T13:48:15+00:00","dateModified":"2021-08-11T13:48:15+00:00","description":"Ukrasna ili utilitaristi\u010dka, ova tanka i uska konzola lako \u0107e prona\u0107i svoje mjesto u va\u0161em interijeru Glatka stolna plo\u010da od umjetnog mramora i metalni okvir oblo\u017een zlatnim prahom u kombinaciji s \u010distim linijama stvaraju elegantan moderan izgled koji se lako \u010disti Jednostavan i velikodu\u0161an dizajn, mo\u017eete ga koristiti kao konzolni stol u svom hodniku kao stol za kau\u010d u blizini sofe kao i kao TV stalak ispod va\u0161eg zidnog televizora za blagovanje","breadcrumb":{"@id":"https:\/\/inti.hr\/sr\/proizvod\/konzola-stol-sa-mramornim-izgledom\/#breadcrumb"},"inLanguage":"sr-RS","potentialAction":[{"@type":"ReadAction","target":["https:\/\/inti.hr\/sr\/proizvod\/konzola-stol-sa-mramornim-izgledom\/"]}]},{"@type":"ImageObject","inLanguage":"sr-RS","@id":"https:\/\/inti.hr\/sr\/proizvod\/konzola-stol-sa-mramornim-izgledom\/#primaryimage","url":"https:\/\/i0.wp.com\/inti.hr\/wp-content\/uploads\/2021\/08\/FSB34-G-S001_2048x2048.jpg?fit=1600%2C1600&ssl=1","contentUrl":"https:\/\/i0.wp.com\/inti.hr\/wp-content\/uploads\/2021\/08\/FSB34-G-S001_2048x2048.jpg?fit=1600%2C1600&ssl=1","width":1600,"height":1600},{"@type":"BreadcrumbList","@id":"https:\/\/inti.hr\/sr\/proizvod\/konzola-stol-sa-mramornim-izgledom\/#breadcrumb","itemListElement":[{"@type":"ListItem","position":1,"name":"Po\u010detna stranica","item":"https:\/\/inti.hr\/sr\/"},{"@type":"ListItem","position":2,"name":"Prodavnica","item":"https:\/\/inti.hr\/sr\/prodavnica\/"},{"@type":"ListItem","position":3,"name":"Konzola- stol sa mramornim izgledom"}]},{"@type":"WebSite","@id":"https:\/\/inti.hr\/sr\/#website","url":"https:\/\/inti.hr\/sr\/","name":"Inti","description":"trgovina","potentialAction":[{"@type":"SearchAction","target":{"@type":"EntryPoint","urlTemplate":"https:\/\/inti.hr\/sr\/?s={search_term_string}"},"query-input":{"@type":"PropertyValueSpecification","valueRequired":true,"valueName":"search_term_string"}}],"inLanguage":"sr-RS"}]}},"jetpack_sharing_enabled":true,"jetpack-related-posts":[],"_links":{"self":[{"href":"https:\/\/inti.hr\/sr\/wp-json\/wp\/v2\/product\/34445"}],"collection":[{"href":"https:\/\/inti.hr\/sr\/wp-json\/wp\/v2\/product"}],"about":[{"href":"https:\/\/inti.hr\/sr\/wp-json\/wp\/v2\/types\/product"}],"wp:featuredmedia":[{"embeddable":true,"href":"https:\/\/inti.hr\/sr\/wp-json\/wp\/v2\/media\/34446"}],"wp:attachment":[{"href":"https:\/\/inti.hr\/sr\/wp-json\/wp\/v2\/media?parent=34445"}],"wp:term":[{"taxonomy":"product_cat","embeddable":true,"href":"https:\/\/inti.hr\/sr\/wp-json\/wp\/v2\/product_cat?post=34445"},{"taxonomy":"product_tag","embeddable":true,"href":"https:\/\/inti.hr\/sr\/wp-json\/wp\/v2\/product_tag?post=34445"}],"curies":[{"name":"wp","href":"https:\/\/api.w.org\/{rel}","templated":true}]}}