{"id":34459,"date":"2021-06-15T13:46:11","date_gmt":"2021-06-15T13:46:11","guid":{"rendered":"https:\/\/inti.hr\/product\/barski-stol-120x40x100-cm\/"},"modified":"2021-06-15T13:46:11","modified_gmt":"2021-06-15T13:46:11","slug":"barski-stol-120x40x100-cm","status":"publish","type":"product","link":"https:\/\/inti.hr\/sr\/proizvod\/barski-stol-120x40x100-cm\/","title":{"rendered":"Barski stol 120x40x100 cm"},"content":{"rendered":"<p>Detalji proizvoda:<\/p>\n<p>Dimenzije proizvoda 120 x 40 x 100 cm; 16,5 kilograma<br \/>\nTe\u017eina predmeta 16,5 kilograma.<\/p>\n","protected":false},"excerpt":{"rendered":"<p>Mala kuhinja? Imate li vrlo malo prostora u svojoj kuhinji ili &#8230; <\/p>\n","protected":false},"featured_media":34460,"template":"","meta":[],"product_cat":[2728],"product_tag":[3018,4191,4193],"yoast_head":"<!-- This site is optimized with the Yoast SEO plugin v23.7 - https:\/\/yoast.com\/wordpress\/plugins\/seo\/ -->\n<title>Barski stol 120x40x100 cm - Inti<\/title>\n<meta name=\"description\" content=\"Mala kuhinja Imate li vrlo malo prostora u svojoj kuhinji ili dnevnom boravku blagovaonici Nema problema ovaj uski barski stol od 40 cm idealan je za male blagovaonice ali i dalje nudi velik prostor za tanjure, \u0161alice i pribor za jelo I u nastavku izvrsno Lijepa povr\u0161ina stola je naravno neizostavna Ali osnova stola tako\u0111er bi trebala impresionirati stabilno\u0161\u0107u Za to se brinu metalne armaturne \u0161ipke debljine 25 x 50 mm na ovom kuhinjskom pultu Ovaj jednostavni barski stol s metalnim nogama 40 x 40 mm i glatkim vintage zavr\u0161etkom sve je \u0161to trebate za va\u0161u blagovaonicu\" \/>\n<meta name=\"robots\" content=\"index, follow, max-snippet:-1, max-image-preview:large, max-video-preview:-1\" \/>\n<link rel=\"canonical\" href=\"https:\/\/inti.hr\/sr\/proizvod\/barski-stol-120x40x100-cm\/\" \/>\n<meta property=\"og:locale\" content=\"sr_RS\" \/>\n<meta property=\"og:type\" content=\"article\" \/>\n<meta property=\"og:title\" content=\"Barski stol 120x40x100 cm - Inti\" \/>\n<meta property=\"og:description\" content=\"Mala kuhinja Imate li vrlo malo prostora u svojoj kuhinji ili dnevnom boravku blagovaonici Nema problema ovaj uski barski stol od 40 cm idealan je za male blagovaonice ali i dalje nudi velik prostor za tanjure, \u0161alice i pribor za jelo I u nastavku izvrsno Lijepa povr\u0161ina stola je naravno neizostavna Ali osnova stola tako\u0111er bi trebala impresionirati stabilno\u0161\u0107u Za to se brinu metalne armaturne \u0161ipke debljine 25 x 50 mm na ovom kuhinjskom pultu Ovaj jednostavni barski stol s metalnim nogama 40 x 40 mm i glatkim vintage zavr\u0161etkom sve je \u0161to trebate za va\u0161u blagovaonicu\" \/>\n<meta property=\"og:url\" content=\"https:\/\/inti.hr\/sr\/proizvod\/barski-stol-120x40x100-cm\/\" \/>\n<meta property=\"og:site_name\" content=\"Inti\" \/>\n<meta property=\"og:image\" content=\"https:\/\/i0.wp.com\/inti.hr\/wp-content\/uploads\/2021\/06\/61wrImbx1eL._AC_SL1500_.jpg?fit=1420%2C1500&ssl=1\" \/>\n\t<meta property=\"og:image:width\" content=\"1420\" \/>\n\t<meta property=\"og:image:height\" content=\"1500\" \/>\n\t<meta property=\"og:image:type\" content=\"image\/jpeg\" \/>\n<meta name=\"twitter:card\" content=\"summary_large_image\" \/>\n<script type=\"application\/ld+json\" class=\"yoast-schema-graph\">{\"@context\":\"https:\/\/schema.org\",\"@graph\":[{\"@type\":\"WebPage\",\"@id\":\"https:\/\/inti.hr\/sr\/proizvod\/barski-stol-120x40x100-cm\/\",\"url\":\"https:\/\/inti.hr\/sr\/proizvod\/barski-stol-120x40x100-cm\/\",\"name\":\"Barski stol 120x40x100 cm - Inti\",\"isPartOf\":{\"@id\":\"https:\/\/inti.hr\/sr\/#website\"},\"primaryImageOfPage\":{\"@id\":\"https:\/\/inti.hr\/sr\/proizvod\/barski-stol-120x40x100-cm\/#primaryimage\"},\"image\":{\"@id\":\"https:\/\/inti.hr\/sr\/proizvod\/barski-stol-120x40x100-cm\/#primaryimage\"},\"thumbnailUrl\":\"https:\/\/i0.wp.com\/inti.hr\/wp-content\/uploads\/2021\/06\/61wrImbx1eL._AC_SL1500_.jpg?fit=1420%2C1500&ssl=1\",\"datePublished\":\"2021-06-15T13:46:11+00:00\",\"dateModified\":\"2021-06-15T13:46:11+00:00\",\"description\":\"Mala kuhinja Imate li vrlo malo prostora u svojoj kuhinji ili dnevnom boravku blagovaonici Nema problema ovaj uski barski stol od 40 cm idealan je za male blagovaonice ali i dalje nudi velik prostor za tanjure, \u0161alice i pribor za jelo I u nastavku izvrsno Lijepa povr\u0161ina stola je naravno neizostavna Ali osnova stola tako\u0111er bi trebala impresionirati stabilno\u0161\u0107u Za to se brinu metalne armaturne \u0161ipke debljine 25 x 50 mm na ovom kuhinjskom pultu Ovaj jednostavni barski stol s metalnim nogama 40 x 40 mm i glatkim vintage zavr\u0161etkom sve je \u0161to trebate za va\u0161u blagovaonicu\",\"breadcrumb\":{\"@id\":\"https:\/\/inti.hr\/sr\/proizvod\/barski-stol-120x40x100-cm\/#breadcrumb\"},\"inLanguage\":\"sr-RS\",\"potentialAction\":[{\"@type\":\"ReadAction\",\"target\":[\"https:\/\/inti.hr\/sr\/proizvod\/barski-stol-120x40x100-cm\/\"]}]},{\"@type\":\"ImageObject\",\"inLanguage\":\"sr-RS\",\"@id\":\"https:\/\/inti.hr\/sr\/proizvod\/barski-stol-120x40x100-cm\/#primaryimage\",\"url\":\"https:\/\/i0.wp.com\/inti.hr\/wp-content\/uploads\/2021\/06\/61wrImbx1eL._AC_SL1500_.jpg?fit=1420%2C1500&ssl=1\",\"contentUrl\":\"https:\/\/i0.wp.com\/inti.hr\/wp-content\/uploads\/2021\/06\/61wrImbx1eL._AC_SL1500_.jpg?fit=1420%2C1500&ssl=1\",\"width\":1420,\"height\":1500,\"caption\":\"Barski stol 120x40x100 cm\"},{\"@type\":\"BreadcrumbList\",\"@id\":\"https:\/\/inti.hr\/sr\/proizvod\/barski-stol-120x40x100-cm\/#breadcrumb\",\"itemListElement\":[{\"@type\":\"ListItem\",\"position\":1,\"name\":\"Po\u010detna stranica\",\"item\":\"https:\/\/inti.hr\/sr\/\"},{\"@type\":\"ListItem\",\"position\":2,\"name\":\"Prodavnica\",\"item\":\"https:\/\/inti.hr\/sr\/prodavnica\/\"},{\"@type\":\"ListItem\",\"position\":3,\"name\":\"Barski stol 120x40x100 cm\"}]},{\"@type\":\"WebSite\",\"@id\":\"https:\/\/inti.hr\/sr\/#website\",\"url\":\"https:\/\/inti.hr\/sr\/\",\"name\":\"Inti\",\"description\":\"trgovina\",\"potentialAction\":[{\"@type\":\"SearchAction\",\"target\":{\"@type\":\"EntryPoint\",\"urlTemplate\":\"https:\/\/inti.hr\/sr\/?s={search_term_string}\"},\"query-input\":{\"@type\":\"PropertyValueSpecification\",\"valueRequired\":true,\"valueName\":\"search_term_string\"}}],\"inLanguage\":\"sr-RS\"}]}<\/script>\n<!-- \/ Yoast SEO plugin. -->","yoast_head_json":{"title":"Barski stol 120x40x100 cm - Inti","description":"Mala kuhinja Imate li vrlo malo prostora u svojoj kuhinji ili dnevnom boravku blagovaonici Nema problema ovaj uski barski stol od 40 cm idealan je za male blagovaonice ali i dalje nudi velik prostor za tanjure, \u0161alice i pribor za jelo I u nastavku izvrsno Lijepa povr\u0161ina stola je naravno neizostavna Ali osnova stola tako\u0111er bi trebala impresionirati stabilno\u0161\u0107u Za to se brinu metalne armaturne \u0161ipke debljine 25 x 50 mm na ovom kuhinjskom pultu Ovaj jednostavni barski stol s metalnim nogama 40 x 40 mm i glatkim vintage zavr\u0161etkom sve je \u0161to trebate za va\u0161u blagovaonicu","robots":{"index":"index","follow":"follow","max-snippet":"max-snippet:-1","max-image-preview":"max-image-preview:large","max-video-preview":"max-video-preview:-1"},"canonical":"https:\/\/inti.hr\/sr\/proizvod\/barski-stol-120x40x100-cm\/","og_locale":"sr_RS","og_type":"article","og_title":"Barski stol 120x40x100 cm - Inti","og_description":"Mala kuhinja Imate li vrlo malo prostora u svojoj kuhinji ili dnevnom boravku blagovaonici Nema problema ovaj uski barski stol od 40 cm idealan je za male blagovaonice ali i dalje nudi velik prostor za tanjure, \u0161alice i pribor za jelo I u nastavku izvrsno Lijepa povr\u0161ina stola je naravno neizostavna Ali osnova stola tako\u0111er bi trebala impresionirati stabilno\u0161\u0107u Za to se brinu metalne armaturne \u0161ipke debljine 25 x 50 mm na ovom kuhinjskom pultu Ovaj jednostavni barski stol s metalnim nogama 40 x 40 mm i glatkim vintage zavr\u0161etkom sve je \u0161to trebate za va\u0161u blagovaonicu","og_url":"https:\/\/inti.hr\/sr\/proizvod\/barski-stol-120x40x100-cm\/","og_site_name":"Inti","og_image":[{"width":1420,"height":1500,"url":"https:\/\/i0.wp.com\/inti.hr\/wp-content\/uploads\/2021\/06\/61wrImbx1eL._AC_SL1500_.jpg?fit=1420%2C1500&ssl=1","type":"image\/jpeg"}],"twitter_card":"summary_large_image","schema":{"@context":"https:\/\/schema.org","@graph":[{"@type":"WebPage","@id":"https:\/\/inti.hr\/sr\/proizvod\/barski-stol-120x40x100-cm\/","url":"https:\/\/inti.hr\/sr\/proizvod\/barski-stol-120x40x100-cm\/","name":"Barski stol 120x40x100 cm - Inti","isPartOf":{"@id":"https:\/\/inti.hr\/sr\/#website"},"primaryImageOfPage":{"@id":"https:\/\/inti.hr\/sr\/proizvod\/barski-stol-120x40x100-cm\/#primaryimage"},"image":{"@id":"https:\/\/inti.hr\/sr\/proizvod\/barski-stol-120x40x100-cm\/#primaryimage"},"thumbnailUrl":"https:\/\/i0.wp.com\/inti.hr\/wp-content\/uploads\/2021\/06\/61wrImbx1eL._AC_SL1500_.jpg?fit=1420%2C1500&ssl=1","datePublished":"2021-06-15T13:46:11+00:00","dateModified":"2021-06-15T13:46:11+00:00","description":"Mala kuhinja Imate li vrlo malo prostora u svojoj kuhinji ili dnevnom boravku blagovaonici Nema problema ovaj uski barski stol od 40 cm idealan je za male blagovaonice ali i dalje nudi velik prostor za tanjure, \u0161alice i pribor za jelo I u nastavku izvrsno Lijepa povr\u0161ina stola je naravno neizostavna Ali osnova stola tako\u0111er bi trebala impresionirati stabilno\u0161\u0107u Za to se brinu metalne armaturne \u0161ipke debljine 25 x 50 mm na ovom kuhinjskom pultu Ovaj jednostavni barski stol s metalnim nogama 40 x 40 mm i glatkim vintage zavr\u0161etkom sve je \u0161to trebate za va\u0161u blagovaonicu","breadcrumb":{"@id":"https:\/\/inti.hr\/sr\/proizvod\/barski-stol-120x40x100-cm\/#breadcrumb"},"inLanguage":"sr-RS","potentialAction":[{"@type":"ReadAction","target":["https:\/\/inti.hr\/sr\/proizvod\/barski-stol-120x40x100-cm\/"]}]},{"@type":"ImageObject","inLanguage":"sr-RS","@id":"https:\/\/inti.hr\/sr\/proizvod\/barski-stol-120x40x100-cm\/#primaryimage","url":"https:\/\/i0.wp.com\/inti.hr\/wp-content\/uploads\/2021\/06\/61wrImbx1eL._AC_SL1500_.jpg?fit=1420%2C1500&ssl=1","contentUrl":"https:\/\/i0.wp.com\/inti.hr\/wp-content\/uploads\/2021\/06\/61wrImbx1eL._AC_SL1500_.jpg?fit=1420%2C1500&ssl=1","width":1420,"height":1500,"caption":"Barski stol 120x40x100 cm"},{"@type":"BreadcrumbList","@id":"https:\/\/inti.hr\/sr\/proizvod\/barski-stol-120x40x100-cm\/#breadcrumb","itemListElement":[{"@type":"ListItem","position":1,"name":"Po\u010detna stranica","item":"https:\/\/inti.hr\/sr\/"},{"@type":"ListItem","position":2,"name":"Prodavnica","item":"https:\/\/inti.hr\/sr\/prodavnica\/"},{"@type":"ListItem","position":3,"name":"Barski stol 120x40x100 cm"}]},{"@type":"WebSite","@id":"https:\/\/inti.hr\/sr\/#website","url":"https:\/\/inti.hr\/sr\/","name":"Inti","description":"trgovina","potentialAction":[{"@type":"SearchAction","target":{"@type":"EntryPoint","urlTemplate":"https:\/\/inti.hr\/sr\/?s={search_term_string}"},"query-input":{"@type":"PropertyValueSpecification","valueRequired":true,"valueName":"search_term_string"}}],"inLanguage":"sr-RS"}]}},"jetpack_sharing_enabled":true,"jetpack-related-posts":[],"_links":{"self":[{"href":"https:\/\/inti.hr\/sr\/wp-json\/wp\/v2\/product\/34459"}],"collection":[{"href":"https:\/\/inti.hr\/sr\/wp-json\/wp\/v2\/product"}],"about":[{"href":"https:\/\/inti.hr\/sr\/wp-json\/wp\/v2\/types\/product"}],"wp:featuredmedia":[{"embeddable":true,"href":"https:\/\/inti.hr\/sr\/wp-json\/wp\/v2\/media\/34460"}],"wp:attachment":[{"href":"https:\/\/inti.hr\/sr\/wp-json\/wp\/v2\/media?parent=34459"}],"wp:term":[{"taxonomy":"product_cat","embeddable":true,"href":"https:\/\/inti.hr\/sr\/wp-json\/wp\/v2\/product_cat?post=34459"},{"taxonomy":"product_tag","embeddable":true,"href":"https:\/\/inti.hr\/sr\/wp-json\/wp\/v2\/product_tag?post=34459"}],"curies":[{"name":"wp","href":"https:\/\/api.w.org\/{rel}","templated":true}]}}