{"id":34475,"date":"2021-06-10T06:21:53","date_gmt":"2021-06-10T06:21:53","guid":{"rendered":"https:\/\/inti.hr\/product\/barski-stol-i-2-stolice\/"},"modified":"2021-06-10T06:21:53","modified_gmt":"2021-06-10T06:21:53","slug":"barski-stol-i-2-stolice","status":"publish","type":"product","link":"https:\/\/inti.hr\/sr\/proizvod\/barski-stol-i-2-stolice\/","title":{"rendered":"Barski stol i 2 stolice"},"content":{"rendered":"<p>Detalji proizvoda:<\/p>\n<p>Opskrba uklju\u010duje stol s 3 police i 2 barske stolice<br \/>\nMjere stolica: L38 * P40 * H67 cm, Visina naslona: 35 cm, Mjere stola<br \/>\nStruktura presvu\u010dena \u017eeljezom u prahu, MDF vrhovi (povr\u0161ina: drveni furnir)<br \/>\nVrlo robustan i stabilan, stol se mo\u017ee utovariti do 40 kg, a stolica do 100 kg.<br \/>\nTroslojna konstrukcija u\u0161tedjet \u0107e vam puno prostora za spremanje boca vina ili drugih predmeta.<\/p>\n","protected":false},"excerpt":{"rendered":"<p>Ovaj barski stol s poliranim nogama idealna je alternativa za male &#8230; <\/p>\n","protected":false},"featured_media":34476,"template":"","meta":[],"product_cat":[2728,2814],"product_tag":[4200,4201],"yoast_head":"<!-- This site is optimized with the Yoast SEO plugin v23.7 - https:\/\/yoast.com\/wordpress\/plugins\/seo\/ -->\n<title>Barski stol i 2 stolice - Inti<\/title>\n<meta name=\"description\" content=\"Ovaj barski stol s poliranim nogama idealna je alternativa za male stanove ili tamo gdje je prostor pomalo ograni\u010den Njegov moderan dizajn \u010dini ovaj stol elegantnim dodatkom va\u0161oj kuhinji ili blagovaonici Troslojna konstrukcija u\u0161tedjet \u0107e vam puno prostora za spremanje boca vina ili drugih predmeta Sigurno \u0107e vam biti ugodnije sjediti pored ovog elegantnog barskog stola kad pijete vino ili kavu\" \/>\n<meta name=\"robots\" content=\"index, follow, max-snippet:-1, max-image-preview:large, max-video-preview:-1\" \/>\n<link rel=\"canonical\" href=\"https:\/\/inti.hr\/sr\/proizvod\/barski-stol-i-2-stolice\/\" \/>\n<meta property=\"og:locale\" content=\"sr_RS\" \/>\n<meta property=\"og:type\" content=\"article\" \/>\n<meta property=\"og:title\" content=\"Barski stol i 2 stolice - Inti\" \/>\n<meta property=\"og:description\" content=\"Ovaj barski stol s poliranim nogama idealna je alternativa za male stanove ili tamo gdje je prostor pomalo ograni\u010den Njegov moderan dizajn \u010dini ovaj stol elegantnim dodatkom va\u0161oj kuhinji ili blagovaonici Troslojna konstrukcija u\u0161tedjet \u0107e vam puno prostora za spremanje boca vina ili drugih predmeta Sigurno \u0107e vam biti ugodnije sjediti pored ovog elegantnog barskog stola kad pijete vino ili kavu\" \/>\n<meta property=\"og:url\" content=\"https:\/\/inti.hr\/sr\/proizvod\/barski-stol-i-2-stolice\/\" \/>\n<meta property=\"og:site_name\" content=\"Inti\" \/>\n<meta property=\"og:image\" content=\"https:\/\/i0.wp.com\/inti.hr\/wp-content\/uploads\/2021\/06\/OGT16-N-S001_2048x2048.jpg?fit=709%2C709&ssl=1\" \/>\n\t<meta property=\"og:image:width\" content=\"709\" \/>\n\t<meta property=\"og:image:height\" content=\"709\" \/>\n\t<meta property=\"og:image:type\" content=\"image\/jpeg\" \/>\n<meta name=\"twitter:card\" content=\"summary_large_image\" \/>\n<script type=\"application\/ld+json\" class=\"yoast-schema-graph\">{\"@context\":\"https:\/\/schema.org\",\"@graph\":[{\"@type\":\"WebPage\",\"@id\":\"https:\/\/inti.hr\/sr\/proizvod\/barski-stol-i-2-stolice\/\",\"url\":\"https:\/\/inti.hr\/sr\/proizvod\/barski-stol-i-2-stolice\/\",\"name\":\"Barski stol i 2 stolice - Inti\",\"isPartOf\":{\"@id\":\"https:\/\/inti.hr\/sr\/#website\"},\"primaryImageOfPage\":{\"@id\":\"https:\/\/inti.hr\/sr\/proizvod\/barski-stol-i-2-stolice\/#primaryimage\"},\"image\":{\"@id\":\"https:\/\/inti.hr\/sr\/proizvod\/barski-stol-i-2-stolice\/#primaryimage\"},\"thumbnailUrl\":\"https:\/\/i0.wp.com\/inti.hr\/wp-content\/uploads\/2021\/06\/OGT16-N-S001_2048x2048.jpg?fit=709%2C709&ssl=1\",\"datePublished\":\"2021-06-10T06:21:53+00:00\",\"dateModified\":\"2021-06-10T06:21:53+00:00\",\"description\":\"Ovaj barski stol s poliranim nogama idealna je alternativa za male stanove ili tamo gdje je prostor pomalo ograni\u010den Njegov moderan dizajn \u010dini ovaj stol elegantnim dodatkom va\u0161oj kuhinji ili blagovaonici Troslojna konstrukcija u\u0161tedjet \u0107e vam puno prostora za spremanje boca vina ili drugih predmeta Sigurno \u0107e vam biti ugodnije sjediti pored ovog elegantnog barskog stola kad pijete vino ili kavu\",\"breadcrumb\":{\"@id\":\"https:\/\/inti.hr\/sr\/proizvod\/barski-stol-i-2-stolice\/#breadcrumb\"},\"inLanguage\":\"sr-RS\",\"potentialAction\":[{\"@type\":\"ReadAction\",\"target\":[\"https:\/\/inti.hr\/sr\/proizvod\/barski-stol-i-2-stolice\/\"]}]},{\"@type\":\"ImageObject\",\"inLanguage\":\"sr-RS\",\"@id\":\"https:\/\/inti.hr\/sr\/proizvod\/barski-stol-i-2-stolice\/#primaryimage\",\"url\":\"https:\/\/i0.wp.com\/inti.hr\/wp-content\/uploads\/2021\/06\/OGT16-N-S001_2048x2048.jpg?fit=709%2C709&ssl=1\",\"contentUrl\":\"https:\/\/i0.wp.com\/inti.hr\/wp-content\/uploads\/2021\/06\/OGT16-N-S001_2048x2048.jpg?fit=709%2C709&ssl=1\",\"width\":709,\"height\":709},{\"@type\":\"BreadcrumbList\",\"@id\":\"https:\/\/inti.hr\/sr\/proizvod\/barski-stol-i-2-stolice\/#breadcrumb\",\"itemListElement\":[{\"@type\":\"ListItem\",\"position\":1,\"name\":\"Po\u010detna stranica\",\"item\":\"https:\/\/inti.hr\/sr\/\"},{\"@type\":\"ListItem\",\"position\":2,\"name\":\"Prodavnica\",\"item\":\"https:\/\/inti.hr\/sr\/prodavnica\/\"},{\"@type\":\"ListItem\",\"position\":3,\"name\":\"Barski stol i 2 stolice\"}]},{\"@type\":\"WebSite\",\"@id\":\"https:\/\/inti.hr\/sr\/#website\",\"url\":\"https:\/\/inti.hr\/sr\/\",\"name\":\"Inti\",\"description\":\"trgovina\",\"potentialAction\":[{\"@type\":\"SearchAction\",\"target\":{\"@type\":\"EntryPoint\",\"urlTemplate\":\"https:\/\/inti.hr\/sr\/?s={search_term_string}\"},\"query-input\":{\"@type\":\"PropertyValueSpecification\",\"valueRequired\":true,\"valueName\":\"search_term_string\"}}],\"inLanguage\":\"sr-RS\"}]}<\/script>\n<!-- \/ Yoast SEO plugin. -->","yoast_head_json":{"title":"Barski stol i 2 stolice - Inti","description":"Ovaj barski stol s poliranim nogama idealna je alternativa za male stanove ili tamo gdje je prostor pomalo ograni\u010den Njegov moderan dizajn \u010dini ovaj stol elegantnim dodatkom va\u0161oj kuhinji ili blagovaonici Troslojna konstrukcija u\u0161tedjet \u0107e vam puno prostora za spremanje boca vina ili drugih predmeta Sigurno \u0107e vam biti ugodnije sjediti pored ovog elegantnog barskog stola kad pijete vino ili kavu","robots":{"index":"index","follow":"follow","max-snippet":"max-snippet:-1","max-image-preview":"max-image-preview:large","max-video-preview":"max-video-preview:-1"},"canonical":"https:\/\/inti.hr\/sr\/proizvod\/barski-stol-i-2-stolice\/","og_locale":"sr_RS","og_type":"article","og_title":"Barski stol i 2 stolice - Inti","og_description":"Ovaj barski stol s poliranim nogama idealna je alternativa za male stanove ili tamo gdje je prostor pomalo ograni\u010den Njegov moderan dizajn \u010dini ovaj stol elegantnim dodatkom va\u0161oj kuhinji ili blagovaonici Troslojna konstrukcija u\u0161tedjet \u0107e vam puno prostora za spremanje boca vina ili drugih predmeta Sigurno \u0107e vam biti ugodnije sjediti pored ovog elegantnog barskog stola kad pijete vino ili kavu","og_url":"https:\/\/inti.hr\/sr\/proizvod\/barski-stol-i-2-stolice\/","og_site_name":"Inti","og_image":[{"width":709,"height":709,"url":"https:\/\/i0.wp.com\/inti.hr\/wp-content\/uploads\/2021\/06\/OGT16-N-S001_2048x2048.jpg?fit=709%2C709&ssl=1","type":"image\/jpeg"}],"twitter_card":"summary_large_image","schema":{"@context":"https:\/\/schema.org","@graph":[{"@type":"WebPage","@id":"https:\/\/inti.hr\/sr\/proizvod\/barski-stol-i-2-stolice\/","url":"https:\/\/inti.hr\/sr\/proizvod\/barski-stol-i-2-stolice\/","name":"Barski stol i 2 stolice - Inti","isPartOf":{"@id":"https:\/\/inti.hr\/sr\/#website"},"primaryImageOfPage":{"@id":"https:\/\/inti.hr\/sr\/proizvod\/barski-stol-i-2-stolice\/#primaryimage"},"image":{"@id":"https:\/\/inti.hr\/sr\/proizvod\/barski-stol-i-2-stolice\/#primaryimage"},"thumbnailUrl":"https:\/\/i0.wp.com\/inti.hr\/wp-content\/uploads\/2021\/06\/OGT16-N-S001_2048x2048.jpg?fit=709%2C709&ssl=1","datePublished":"2021-06-10T06:21:53+00:00","dateModified":"2021-06-10T06:21:53+00:00","description":"Ovaj barski stol s poliranim nogama idealna je alternativa za male stanove ili tamo gdje je prostor pomalo ograni\u010den Njegov moderan dizajn \u010dini ovaj stol elegantnim dodatkom va\u0161oj kuhinji ili blagovaonici Troslojna konstrukcija u\u0161tedjet \u0107e vam puno prostora za spremanje boca vina ili drugih predmeta Sigurno \u0107e vam biti ugodnije sjediti pored ovog elegantnog barskog stola kad pijete vino ili kavu","breadcrumb":{"@id":"https:\/\/inti.hr\/sr\/proizvod\/barski-stol-i-2-stolice\/#breadcrumb"},"inLanguage":"sr-RS","potentialAction":[{"@type":"ReadAction","target":["https:\/\/inti.hr\/sr\/proizvod\/barski-stol-i-2-stolice\/"]}]},{"@type":"ImageObject","inLanguage":"sr-RS","@id":"https:\/\/inti.hr\/sr\/proizvod\/barski-stol-i-2-stolice\/#primaryimage","url":"https:\/\/i0.wp.com\/inti.hr\/wp-content\/uploads\/2021\/06\/OGT16-N-S001_2048x2048.jpg?fit=709%2C709&ssl=1","contentUrl":"https:\/\/i0.wp.com\/inti.hr\/wp-content\/uploads\/2021\/06\/OGT16-N-S001_2048x2048.jpg?fit=709%2C709&ssl=1","width":709,"height":709},{"@type":"BreadcrumbList","@id":"https:\/\/inti.hr\/sr\/proizvod\/barski-stol-i-2-stolice\/#breadcrumb","itemListElement":[{"@type":"ListItem","position":1,"name":"Po\u010detna stranica","item":"https:\/\/inti.hr\/sr\/"},{"@type":"ListItem","position":2,"name":"Prodavnica","item":"https:\/\/inti.hr\/sr\/prodavnica\/"},{"@type":"ListItem","position":3,"name":"Barski stol i 2 stolice"}]},{"@type":"WebSite","@id":"https:\/\/inti.hr\/sr\/#website","url":"https:\/\/inti.hr\/sr\/","name":"Inti","description":"trgovina","potentialAction":[{"@type":"SearchAction","target":{"@type":"EntryPoint","urlTemplate":"https:\/\/inti.hr\/sr\/?s={search_term_string}"},"query-input":{"@type":"PropertyValueSpecification","valueRequired":true,"valueName":"search_term_string"}}],"inLanguage":"sr-RS"}]}},"jetpack_sharing_enabled":true,"jetpack-related-posts":[],"_links":{"self":[{"href":"https:\/\/inti.hr\/sr\/wp-json\/wp\/v2\/product\/34475"}],"collection":[{"href":"https:\/\/inti.hr\/sr\/wp-json\/wp\/v2\/product"}],"about":[{"href":"https:\/\/inti.hr\/sr\/wp-json\/wp\/v2\/types\/product"}],"wp:featuredmedia":[{"embeddable":true,"href":"https:\/\/inti.hr\/sr\/wp-json\/wp\/v2\/media\/34476"}],"wp:attachment":[{"href":"https:\/\/inti.hr\/sr\/wp-json\/wp\/v2\/media?parent=34475"}],"wp:term":[{"taxonomy":"product_cat","embeddable":true,"href":"https:\/\/inti.hr\/sr\/wp-json\/wp\/v2\/product_cat?post=34475"},{"taxonomy":"product_tag","embeddable":true,"href":"https:\/\/inti.hr\/sr\/wp-json\/wp\/v2\/product_tag?post=34475"}],"curies":[{"name":"wp","href":"https:\/\/api.w.org\/{rel}","templated":true}]}}