{"id":34479,"date":"2021-03-02T08:26:24","date_gmt":"2021-03-02T08:26:24","guid":{"rendered":"https:\/\/inti.hr\/product\/tv-komoda-vintage\/"},"modified":"2021-03-02T08:26:24","modified_gmt":"2021-03-02T08:26:24","slug":"tv-komoda-vintage","status":"publish","type":"product","link":"https:\/\/inti.hr\/sr\/proizvod\/tv-komoda-vintage\/","title":{"rendered":"TV komoda vintage"},"content":{"rendered":"<p>Detalji o proizvodu:<\/p>\n<p>Boja: Vintage sme\u0111a<\/p>\n<p>Materijal: iverica od drveta<\/p>\n<p>Veli\u010dina: 140 x 40 x 50 cm (D x \u0160 x V).<\/p>\n<p>Te\u017eina: 26,2 kg.<\/p>\n<p>Maksimalna stati\u010dka nosivost: 50 kg.<\/p>\n<p>Kvalitetni materijal.<br \/>\n4 noge izra\u0111ene od visokokvalitetne iverice pru\u017eaju stabilno dr\u017eanje i mogu dr\u017eati do 50 kg.<\/p>\n","protected":false},"excerpt":{"rendered":"<p>Vintage stalak za TV dodat \u0107e jedinstveni da\u0161ak \u0161arma va\u0161oj sobi. &#8230; <\/p>\n","protected":false},"featured_media":34480,"template":"","meta":[],"product_cat":[2421],"product_tag":[3025,4204],"yoast_head":"<!-- This site is optimized with the Yoast SEO plugin v23.7 - https:\/\/yoast.com\/wordpress\/plugins\/seo\/ -->\n<title>TV komoda vintage - Inti<\/title>\n<meta name=\"description\" content=\"Vintage stalak za TV dodat \u0107e jedinstveni da\u0161ak \u0161arma va\u0161oj sobi. Ne\u0107ete osjetiti zavist kada vidite interijere potkrovlja u Parizu i New Yorku na filmovima i televiziji! TV do 60 in\u010da mogu se smjestiti na TV ormari\u0107. Za manje televizore samo postavite biljke s obje strane. Va\u0161 omiljeni film uskoro na TV-u?\u00a0Postavite igra\u0107e konzole i prijemnike u 2 otvorena pretinca i spremite DVD iza vrata.\u00a0Film ide, a na vama je samo da se smjestite i u\u017eivate! Zahvaljuju\u0107i jasnim uputama i dobro ozna\u010denim dijelovima, sastavljanje je jednostavno. Ovaj rustikalni TV ormari\u0107 bit \u0107e va\u0161 najbolji suputnik u nedjelju nave\u010der. Zgrabite \u010dips skriven iza vrata koja se otvaraju pritiskom i u\u017eivajte u filmskoj ve\u010deri s obitelji ili prijateljima!\" \/>\n<meta name=\"robots\" content=\"index, follow, max-snippet:-1, max-image-preview:large, max-video-preview:-1\" \/>\n<link rel=\"canonical\" href=\"https:\/\/inti.hr\/sr\/proizvod\/tv-komoda-vintage\/\" \/>\n<meta property=\"og:locale\" content=\"sr_RS\" \/>\n<meta property=\"og:type\" content=\"article\" \/>\n<meta property=\"og:title\" content=\"TV komoda vintage - Inti\" \/>\n<meta property=\"og:description\" content=\"Vintage stalak za TV dodat \u0107e jedinstveni da\u0161ak \u0161arma va\u0161oj sobi. Ne\u0107ete osjetiti zavist kada vidite interijere potkrovlja u Parizu i New Yorku na filmovima i televiziji! TV do 60 in\u010da mogu se smjestiti na TV ormari\u0107. Za manje televizore samo postavite biljke s obje strane. Va\u0161 omiljeni film uskoro na TV-u?\u00a0Postavite igra\u0107e konzole i prijemnike u 2 otvorena pretinca i spremite DVD iza vrata.\u00a0Film ide, a na vama je samo da se smjestite i u\u017eivate! Zahvaljuju\u0107i jasnim uputama i dobro ozna\u010denim dijelovima, sastavljanje je jednostavno. Ovaj rustikalni TV ormari\u0107 bit \u0107e va\u0161 najbolji suputnik u nedjelju nave\u010der. Zgrabite \u010dips skriven iza vrata koja se otvaraju pritiskom i u\u017eivajte u filmskoj ve\u010deri s obitelji ili prijateljima!\" \/>\n<meta property=\"og:url\" content=\"https:\/\/inti.hr\/sr\/proizvod\/tv-komoda-vintage\/\" \/>\n<meta property=\"og:site_name\" content=\"Inti\" \/>\n<meta property=\"og:image\" content=\"https:\/\/i0.wp.com\/inti.hr\/wp-content\/uploads\/2021\/03\/81qN5pOsdLL._AC_SL1500_.jpg?fit=1500%2C1500&ssl=1\" \/>\n\t<meta property=\"og:image:width\" content=\"1500\" \/>\n\t<meta property=\"og:image:height\" content=\"1500\" \/>\n\t<meta property=\"og:image:type\" content=\"image\/jpeg\" \/>\n<meta name=\"twitter:card\" content=\"summary_large_image\" \/>\n<script type=\"application\/ld+json\" class=\"yoast-schema-graph\">{\"@context\":\"https:\/\/schema.org\",\"@graph\":[{\"@type\":\"WebPage\",\"@id\":\"https:\/\/inti.hr\/sr\/proizvod\/tv-komoda-vintage\/\",\"url\":\"https:\/\/inti.hr\/sr\/proizvod\/tv-komoda-vintage\/\",\"name\":\"TV komoda vintage - Inti\",\"isPartOf\":{\"@id\":\"https:\/\/inti.hr\/sr\/#website\"},\"primaryImageOfPage\":{\"@id\":\"https:\/\/inti.hr\/sr\/proizvod\/tv-komoda-vintage\/#primaryimage\"},\"image\":{\"@id\":\"https:\/\/inti.hr\/sr\/proizvod\/tv-komoda-vintage\/#primaryimage\"},\"thumbnailUrl\":\"https:\/\/i0.wp.com\/inti.hr\/wp-content\/uploads\/2021\/03\/81qN5pOsdLL._AC_SL1500_.jpg?fit=1500%2C1500&ssl=1\",\"datePublished\":\"2021-03-02T08:26:24+00:00\",\"dateModified\":\"2021-03-02T08:26:24+00:00\",\"description\":\"Vintage stalak za TV dodat \u0107e jedinstveni da\u0161ak \u0161arma va\u0161oj sobi. Ne\u0107ete osjetiti zavist kada vidite interijere potkrovlja u Parizu i New Yorku na filmovima i televiziji! TV do 60 in\u010da mogu se smjestiti na TV ormari\u0107. Za manje televizore samo postavite biljke s obje strane. Va\u0161 omiljeni film uskoro na TV-u?\u00a0Postavite igra\u0107e konzole i prijemnike u 2 otvorena pretinca i spremite DVD iza vrata.\u00a0Film ide, a na vama je samo da se smjestite i u\u017eivate! Zahvaljuju\u0107i jasnim uputama i dobro ozna\u010denim dijelovima, sastavljanje je jednostavno. Ovaj rustikalni TV ormari\u0107 bit \u0107e va\u0161 najbolji suputnik u nedjelju nave\u010der. Zgrabite \u010dips skriven iza vrata koja se otvaraju pritiskom i u\u017eivajte u filmskoj ve\u010deri s obitelji ili prijateljima!\",\"breadcrumb\":{\"@id\":\"https:\/\/inti.hr\/sr\/proizvod\/tv-komoda-vintage\/#breadcrumb\"},\"inLanguage\":\"sr-RS\",\"potentialAction\":[{\"@type\":\"ReadAction\",\"target\":[\"https:\/\/inti.hr\/sr\/proizvod\/tv-komoda-vintage\/\"]}]},{\"@type\":\"ImageObject\",\"inLanguage\":\"sr-RS\",\"@id\":\"https:\/\/inti.hr\/sr\/proizvod\/tv-komoda-vintage\/#primaryimage\",\"url\":\"https:\/\/i0.wp.com\/inti.hr\/wp-content\/uploads\/2021\/03\/81qN5pOsdLL._AC_SL1500_.jpg?fit=1500%2C1500&ssl=1\",\"contentUrl\":\"https:\/\/i0.wp.com\/inti.hr\/wp-content\/uploads\/2021\/03\/81qN5pOsdLL._AC_SL1500_.jpg?fit=1500%2C1500&ssl=1\",\"width\":1500,\"height\":1500},{\"@type\":\"BreadcrumbList\",\"@id\":\"https:\/\/inti.hr\/sr\/proizvod\/tv-komoda-vintage\/#breadcrumb\",\"itemListElement\":[{\"@type\":\"ListItem\",\"position\":1,\"name\":\"Po\u010detna stranica\",\"item\":\"https:\/\/inti.hr\/sr\/\"},{\"@type\":\"ListItem\",\"position\":2,\"name\":\"Prodavnica\",\"item\":\"https:\/\/inti.hr\/sr\/prodavnica\/\"},{\"@type\":\"ListItem\",\"position\":3,\"name\":\"TV komoda vintage\"}]},{\"@type\":\"WebSite\",\"@id\":\"https:\/\/inti.hr\/sr\/#website\",\"url\":\"https:\/\/inti.hr\/sr\/\",\"name\":\"Inti\",\"description\":\"trgovina\",\"potentialAction\":[{\"@type\":\"SearchAction\",\"target\":{\"@type\":\"EntryPoint\",\"urlTemplate\":\"https:\/\/inti.hr\/sr\/?s={search_term_string}\"},\"query-input\":{\"@type\":\"PropertyValueSpecification\",\"valueRequired\":true,\"valueName\":\"search_term_string\"}}],\"inLanguage\":\"sr-RS\"}]}<\/script>\n<!-- \/ Yoast SEO plugin. -->","yoast_head_json":{"title":"TV komoda vintage - Inti","description":"Vintage stalak za TV dodat \u0107e jedinstveni da\u0161ak \u0161arma va\u0161oj sobi. Ne\u0107ete osjetiti zavist kada vidite interijere potkrovlja u Parizu i New Yorku na filmovima i televiziji! TV do 60 in\u010da mogu se smjestiti na TV ormari\u0107. Za manje televizore samo postavite biljke s obje strane. Va\u0161 omiljeni film uskoro na TV-u?\u00a0Postavite igra\u0107e konzole i prijemnike u 2 otvorena pretinca i spremite DVD iza vrata.\u00a0Film ide, a na vama je samo da se smjestite i u\u017eivate! Zahvaljuju\u0107i jasnim uputama i dobro ozna\u010denim dijelovima, sastavljanje je jednostavno. Ovaj rustikalni TV ormari\u0107 bit \u0107e va\u0161 najbolji suputnik u nedjelju nave\u010der. Zgrabite \u010dips skriven iza vrata koja se otvaraju pritiskom i u\u017eivajte u filmskoj ve\u010deri s obitelji ili prijateljima!","robots":{"index":"index","follow":"follow","max-snippet":"max-snippet:-1","max-image-preview":"max-image-preview:large","max-video-preview":"max-video-preview:-1"},"canonical":"https:\/\/inti.hr\/sr\/proizvod\/tv-komoda-vintage\/","og_locale":"sr_RS","og_type":"article","og_title":"TV komoda vintage - Inti","og_description":"Vintage stalak za TV dodat \u0107e jedinstveni da\u0161ak \u0161arma va\u0161oj sobi. Ne\u0107ete osjetiti zavist kada vidite interijere potkrovlja u Parizu i New Yorku na filmovima i televiziji! TV do 60 in\u010da mogu se smjestiti na TV ormari\u0107. Za manje televizore samo postavite biljke s obje strane. Va\u0161 omiljeni film uskoro na TV-u?\u00a0Postavite igra\u0107e konzole i prijemnike u 2 otvorena pretinca i spremite DVD iza vrata.\u00a0Film ide, a na vama je samo da se smjestite i u\u017eivate! Zahvaljuju\u0107i jasnim uputama i dobro ozna\u010denim dijelovima, sastavljanje je jednostavno. Ovaj rustikalni TV ormari\u0107 bit \u0107e va\u0161 najbolji suputnik u nedjelju nave\u010der. Zgrabite \u010dips skriven iza vrata koja se otvaraju pritiskom i u\u017eivajte u filmskoj ve\u010deri s obitelji ili prijateljima!","og_url":"https:\/\/inti.hr\/sr\/proizvod\/tv-komoda-vintage\/","og_site_name":"Inti","og_image":[{"width":1500,"height":1500,"url":"https:\/\/i0.wp.com\/inti.hr\/wp-content\/uploads\/2021\/03\/81qN5pOsdLL._AC_SL1500_.jpg?fit=1500%2C1500&ssl=1","type":"image\/jpeg"}],"twitter_card":"summary_large_image","schema":{"@context":"https:\/\/schema.org","@graph":[{"@type":"WebPage","@id":"https:\/\/inti.hr\/sr\/proizvod\/tv-komoda-vintage\/","url":"https:\/\/inti.hr\/sr\/proizvod\/tv-komoda-vintage\/","name":"TV komoda vintage - Inti","isPartOf":{"@id":"https:\/\/inti.hr\/sr\/#website"},"primaryImageOfPage":{"@id":"https:\/\/inti.hr\/sr\/proizvod\/tv-komoda-vintage\/#primaryimage"},"image":{"@id":"https:\/\/inti.hr\/sr\/proizvod\/tv-komoda-vintage\/#primaryimage"},"thumbnailUrl":"https:\/\/i0.wp.com\/inti.hr\/wp-content\/uploads\/2021\/03\/81qN5pOsdLL._AC_SL1500_.jpg?fit=1500%2C1500&ssl=1","datePublished":"2021-03-02T08:26:24+00:00","dateModified":"2021-03-02T08:26:24+00:00","description":"Vintage stalak za TV dodat \u0107e jedinstveni da\u0161ak \u0161arma va\u0161oj sobi. Ne\u0107ete osjetiti zavist kada vidite interijere potkrovlja u Parizu i New Yorku na filmovima i televiziji! TV do 60 in\u010da mogu se smjestiti na TV ormari\u0107. Za manje televizore samo postavite biljke s obje strane. Va\u0161 omiljeni film uskoro na TV-u?\u00a0Postavite igra\u0107e konzole i prijemnike u 2 otvorena pretinca i spremite DVD iza vrata.\u00a0Film ide, a na vama je samo da se smjestite i u\u017eivate! Zahvaljuju\u0107i jasnim uputama i dobro ozna\u010denim dijelovima, sastavljanje je jednostavno. Ovaj rustikalni TV ormari\u0107 bit \u0107e va\u0161 najbolji suputnik u nedjelju nave\u010der. Zgrabite \u010dips skriven iza vrata koja se otvaraju pritiskom i u\u017eivajte u filmskoj ve\u010deri s obitelji ili prijateljima!","breadcrumb":{"@id":"https:\/\/inti.hr\/sr\/proizvod\/tv-komoda-vintage\/#breadcrumb"},"inLanguage":"sr-RS","potentialAction":[{"@type":"ReadAction","target":["https:\/\/inti.hr\/sr\/proizvod\/tv-komoda-vintage\/"]}]},{"@type":"ImageObject","inLanguage":"sr-RS","@id":"https:\/\/inti.hr\/sr\/proizvod\/tv-komoda-vintage\/#primaryimage","url":"https:\/\/i0.wp.com\/inti.hr\/wp-content\/uploads\/2021\/03\/81qN5pOsdLL._AC_SL1500_.jpg?fit=1500%2C1500&ssl=1","contentUrl":"https:\/\/i0.wp.com\/inti.hr\/wp-content\/uploads\/2021\/03\/81qN5pOsdLL._AC_SL1500_.jpg?fit=1500%2C1500&ssl=1","width":1500,"height":1500},{"@type":"BreadcrumbList","@id":"https:\/\/inti.hr\/sr\/proizvod\/tv-komoda-vintage\/#breadcrumb","itemListElement":[{"@type":"ListItem","position":1,"name":"Po\u010detna stranica","item":"https:\/\/inti.hr\/sr\/"},{"@type":"ListItem","position":2,"name":"Prodavnica","item":"https:\/\/inti.hr\/sr\/prodavnica\/"},{"@type":"ListItem","position":3,"name":"TV komoda vintage"}]},{"@type":"WebSite","@id":"https:\/\/inti.hr\/sr\/#website","url":"https:\/\/inti.hr\/sr\/","name":"Inti","description":"trgovina","potentialAction":[{"@type":"SearchAction","target":{"@type":"EntryPoint","urlTemplate":"https:\/\/inti.hr\/sr\/?s={search_term_string}"},"query-input":{"@type":"PropertyValueSpecification","valueRequired":true,"valueName":"search_term_string"}}],"inLanguage":"sr-RS"}]}},"jetpack_sharing_enabled":true,"jetpack-related-posts":[],"_links":{"self":[{"href":"https:\/\/inti.hr\/sr\/wp-json\/wp\/v2\/product\/34479"}],"collection":[{"href":"https:\/\/inti.hr\/sr\/wp-json\/wp\/v2\/product"}],"about":[{"href":"https:\/\/inti.hr\/sr\/wp-json\/wp\/v2\/types\/product"}],"wp:featuredmedia":[{"embeddable":true,"href":"https:\/\/inti.hr\/sr\/wp-json\/wp\/v2\/media\/34480"}],"wp:attachment":[{"href":"https:\/\/inti.hr\/sr\/wp-json\/wp\/v2\/media?parent=34479"}],"wp:term":[{"taxonomy":"product_cat","embeddable":true,"href":"https:\/\/inti.hr\/sr\/wp-json\/wp\/v2\/product_cat?post=34479"},{"taxonomy":"product_tag","embeddable":true,"href":"https:\/\/inti.hr\/sr\/wp-json\/wp\/v2\/product_tag?post=34479"}],"curies":[{"name":"wp","href":"https:\/\/api.w.org\/{rel}","templated":true}]}}