{"id":34487,"date":"2021-02-25T07:51:43","date_gmt":"2021-02-25T07:51:43","guid":{"rendered":"https:\/\/inti.hr\/product\/drvena-metalna-vjesalica-vintage\/"},"modified":"2021-02-25T07:51:43","modified_gmt":"2021-02-25T07:51:43","slug":"drvena-metalna-vjesalica-vintage","status":"publish","type":"product","link":"https:\/\/inti.hr\/sr\/proizvod\/drvena-metalna-vjesalica-vintage\/","title":{"rendered":"Drvena metalna vje\u0161alica Vintage"},"content":{"rendered":"<p>Stalak za kapute &#8211; 9 \u010dvrstih kuka odr\u017eava va\u0161e jakne, klju\u010deve, kape, \u0161alove itd. Urednima i na dohvat ruke.<br \/>\nKlupa &#8211; Polica od iverice u vintage stilu pru\u017ea vam sjedalo kada obla\u010dite ili skidate cipele, a tako\u0111er je idealna za odlaganje torbica i kutija za odlaganje, odr\u017eavaju\u0107i urednim i urednim hodnik.<br \/>\nStalci za cipele &#8211; Metalne police u donjem dijelu dr\u017ee va\u0161e svakodnevne cipele na jednom mjestu, tako da ne morate svakodnevno gubiti vrijeme u potrazi za prikladnim cipelama.<br \/>\nUnesite ovaj atraktivni stalak u rustikalnom stilu u svoj dom i po\u017eelite dobrodo\u0161licu svojim gostima u uredan hodnik!<\/p>\n<p>Detalji o proizvodu:<br \/>\n&#8211; Crna boja.<br \/>\n&#8211; Materijal: metalne cijevi presvu\u010dene prahom, iverica E1 od drveta.<br \/>\n&#8211; Dimenzije: 70 x 175 x 32 cm (\u0160 x V x D).<br \/>\n&#8211; Dimenzije police: 70 x 30 cm.<br \/>\n&#8211; Te\u017eina: 9,8 kg.<br \/>\n&#8211; Nosivost po udici: 3 kg.<br \/>\n&#8211; Nosivost drvene police: 80 kg.<\/p>\n","protected":false},"excerpt":{"rendered":"<p>Ovaj elegantni stalak za kapute pomo\u0107i \u0107e vam da uredite ulazni &#8230; <\/p>\n","protected":false},"featured_media":34488,"template":"","meta":[],"product_cat":[2635],"product_tag":[3023,4211,2737],"yoast_head":"<!-- This site is optimized with the Yoast SEO plugin v23.7 - https:\/\/yoast.com\/wordpress\/plugins\/seo\/ -->\n<title>Drvena metalna vje\u0161alica Vintage - Inti<\/title>\n<meta name=\"description\" content=\"Ovaj elegantni stalak za kapute pomo\u0107i \u0107e vam da uredite ulazni prostor a hodniku daje jedinstveni ambijent tako da se va\u0161i gosti osje\u0107aju dobrodo\u0161lo i kao kod ku\u0107e Stabilno i sigurno s 4 podesive noge stalak za kapute mo\u017ee savr\u0161eno stajati na tepihu ili neravnom podu Uklju\u010dene su 2 remene protiv nagiba\" \/>\n<meta name=\"robots\" content=\"index, follow, max-snippet:-1, max-image-preview:large, max-video-preview:-1\" \/>\n<link rel=\"canonical\" href=\"https:\/\/inti.hr\/sr\/proizvod\/drvena-metalna-vjesalica-vintage\/\" \/>\n<meta property=\"og:locale\" content=\"sr_RS\" \/>\n<meta property=\"og:type\" content=\"article\" \/>\n<meta property=\"og:title\" content=\"Drvena metalna vje\u0161alica Vintage - Inti\" \/>\n<meta property=\"og:description\" content=\"Ovaj elegantni stalak za kapute pomo\u0107i \u0107e vam da uredite ulazni prostor a hodniku daje jedinstveni ambijent tako da se va\u0161i gosti osje\u0107aju dobrodo\u0161lo i kao kod ku\u0107e Stabilno i sigurno s 4 podesive noge stalak za kapute mo\u017ee savr\u0161eno stajati na tepihu ili neravnom podu Uklju\u010dene su 2 remene protiv nagiba\" \/>\n<meta property=\"og:url\" content=\"https:\/\/inti.hr\/sr\/proizvod\/drvena-metalna-vjesalica-vintage\/\" \/>\n<meta property=\"og:site_name\" content=\"Inti\" \/>\n<meta property=\"og:image\" content=\"https:\/\/i0.wp.com\/inti.hr\/wp-content\/uploads\/2021\/02\/71rBZH-kVFL._AC_SL1500_.jpg?fit=1500%2C1500&ssl=1\" \/>\n\t<meta property=\"og:image:width\" content=\"1500\" \/>\n\t<meta property=\"og:image:height\" content=\"1500\" \/>\n\t<meta property=\"og:image:type\" content=\"image\/jpeg\" \/>\n<meta name=\"twitter:card\" content=\"summary_large_image\" \/>\n<meta name=\"twitter:label1\" content=\"\u041f\u0440\u043e\u0446\u0435\u045a\u0435\u043d\u043e \u0432\u0440\u0435\u043c\u0435 \u0447\u0438\u0442\u0430\u045a\u0430\" \/>\n\t<meta name=\"twitter:data1\" content=\"1 \u043c\u0438\u043d\u0443\u0442\" \/>\n<script type=\"application\/ld+json\" class=\"yoast-schema-graph\">{\"@context\":\"https:\/\/schema.org\",\"@graph\":[{\"@type\":\"WebPage\",\"@id\":\"https:\/\/inti.hr\/sr\/proizvod\/drvena-metalna-vjesalica-vintage\/\",\"url\":\"https:\/\/inti.hr\/sr\/proizvod\/drvena-metalna-vjesalica-vintage\/\",\"name\":\"Drvena metalna vje\u0161alica Vintage - Inti\",\"isPartOf\":{\"@id\":\"https:\/\/inti.hr\/sr\/#website\"},\"primaryImageOfPage\":{\"@id\":\"https:\/\/inti.hr\/sr\/proizvod\/drvena-metalna-vjesalica-vintage\/#primaryimage\"},\"image\":{\"@id\":\"https:\/\/inti.hr\/sr\/proizvod\/drvena-metalna-vjesalica-vintage\/#primaryimage\"},\"thumbnailUrl\":\"https:\/\/i0.wp.com\/inti.hr\/wp-content\/uploads\/2021\/02\/71rBZH-kVFL._AC_SL1500_.jpg?fit=1500%2C1500&ssl=1\",\"datePublished\":\"2021-02-25T07:51:43+00:00\",\"dateModified\":\"2021-02-25T07:51:43+00:00\",\"description\":\"Ovaj elegantni stalak za kapute pomo\u0107i \u0107e vam da uredite ulazni prostor a hodniku daje jedinstveni ambijent tako da se va\u0161i gosti osje\u0107aju dobrodo\u0161lo i kao kod ku\u0107e Stabilno i sigurno s 4 podesive noge stalak za kapute mo\u017ee savr\u0161eno stajati na tepihu ili neravnom podu Uklju\u010dene su 2 remene protiv nagiba\",\"breadcrumb\":{\"@id\":\"https:\/\/inti.hr\/sr\/proizvod\/drvena-metalna-vjesalica-vintage\/#breadcrumb\"},\"inLanguage\":\"sr-RS\",\"potentialAction\":[{\"@type\":\"ReadAction\",\"target\":[\"https:\/\/inti.hr\/sr\/proizvod\/drvena-metalna-vjesalica-vintage\/\"]}]},{\"@type\":\"ImageObject\",\"inLanguage\":\"sr-RS\",\"@id\":\"https:\/\/inti.hr\/sr\/proizvod\/drvena-metalna-vjesalica-vintage\/#primaryimage\",\"url\":\"https:\/\/i0.wp.com\/inti.hr\/wp-content\/uploads\/2021\/02\/71rBZH-kVFL._AC_SL1500_.jpg?fit=1500%2C1500&ssl=1\",\"contentUrl\":\"https:\/\/i0.wp.com\/inti.hr\/wp-content\/uploads\/2021\/02\/71rBZH-kVFL._AC_SL1500_.jpg?fit=1500%2C1500&ssl=1\",\"width\":1500,\"height\":1500},{\"@type\":\"BreadcrumbList\",\"@id\":\"https:\/\/inti.hr\/sr\/proizvod\/drvena-metalna-vjesalica-vintage\/#breadcrumb\",\"itemListElement\":[{\"@type\":\"ListItem\",\"position\":1,\"name\":\"Po\u010detna stranica\",\"item\":\"https:\/\/inti.hr\/sr\/\"},{\"@type\":\"ListItem\",\"position\":2,\"name\":\"Prodavnica\",\"item\":\"https:\/\/inti.hr\/sr\/prodavnica\/\"},{\"@type\":\"ListItem\",\"position\":3,\"name\":\"Drvena metalna vje\u0161alica Vintage\"}]},{\"@type\":\"WebSite\",\"@id\":\"https:\/\/inti.hr\/sr\/#website\",\"url\":\"https:\/\/inti.hr\/sr\/\",\"name\":\"Inti\",\"description\":\"trgovina\",\"potentialAction\":[{\"@type\":\"SearchAction\",\"target\":{\"@type\":\"EntryPoint\",\"urlTemplate\":\"https:\/\/inti.hr\/sr\/?s={search_term_string}\"},\"query-input\":{\"@type\":\"PropertyValueSpecification\",\"valueRequired\":true,\"valueName\":\"search_term_string\"}}],\"inLanguage\":\"sr-RS\"}]}<\/script>\n<!-- \/ Yoast SEO plugin. -->","yoast_head_json":{"title":"Drvena metalna vje\u0161alica Vintage - Inti","description":"Ovaj elegantni stalak za kapute pomo\u0107i \u0107e vam da uredite ulazni prostor a hodniku daje jedinstveni ambijent tako da se va\u0161i gosti osje\u0107aju dobrodo\u0161lo i kao kod ku\u0107e Stabilno i sigurno s 4 podesive noge stalak za kapute mo\u017ee savr\u0161eno stajati na tepihu ili neravnom podu Uklju\u010dene su 2 remene protiv nagiba","robots":{"index":"index","follow":"follow","max-snippet":"max-snippet:-1","max-image-preview":"max-image-preview:large","max-video-preview":"max-video-preview:-1"},"canonical":"https:\/\/inti.hr\/sr\/proizvod\/drvena-metalna-vjesalica-vintage\/","og_locale":"sr_RS","og_type":"article","og_title":"Drvena metalna vje\u0161alica Vintage - Inti","og_description":"Ovaj elegantni stalak za kapute pomo\u0107i \u0107e vam da uredite ulazni prostor a hodniku daje jedinstveni ambijent tako da se va\u0161i gosti osje\u0107aju dobrodo\u0161lo i kao kod ku\u0107e Stabilno i sigurno s 4 podesive noge stalak za kapute mo\u017ee savr\u0161eno stajati na tepihu ili neravnom podu Uklju\u010dene su 2 remene protiv nagiba","og_url":"https:\/\/inti.hr\/sr\/proizvod\/drvena-metalna-vjesalica-vintage\/","og_site_name":"Inti","og_image":[{"width":1500,"height":1500,"url":"https:\/\/i0.wp.com\/inti.hr\/wp-content\/uploads\/2021\/02\/71rBZH-kVFL._AC_SL1500_.jpg?fit=1500%2C1500&ssl=1","type":"image\/jpeg"}],"twitter_card":"summary_large_image","twitter_misc":{"\u041f\u0440\u043e\u0446\u0435\u045a\u0435\u043d\u043e \u0432\u0440\u0435\u043c\u0435 \u0447\u0438\u0442\u0430\u045a\u0430":"1 \u043c\u0438\u043d\u0443\u0442"},"schema":{"@context":"https:\/\/schema.org","@graph":[{"@type":"WebPage","@id":"https:\/\/inti.hr\/sr\/proizvod\/drvena-metalna-vjesalica-vintage\/","url":"https:\/\/inti.hr\/sr\/proizvod\/drvena-metalna-vjesalica-vintage\/","name":"Drvena metalna vje\u0161alica Vintage - Inti","isPartOf":{"@id":"https:\/\/inti.hr\/sr\/#website"},"primaryImageOfPage":{"@id":"https:\/\/inti.hr\/sr\/proizvod\/drvena-metalna-vjesalica-vintage\/#primaryimage"},"image":{"@id":"https:\/\/inti.hr\/sr\/proizvod\/drvena-metalna-vjesalica-vintage\/#primaryimage"},"thumbnailUrl":"https:\/\/i0.wp.com\/inti.hr\/wp-content\/uploads\/2021\/02\/71rBZH-kVFL._AC_SL1500_.jpg?fit=1500%2C1500&ssl=1","datePublished":"2021-02-25T07:51:43+00:00","dateModified":"2021-02-25T07:51:43+00:00","description":"Ovaj elegantni stalak za kapute pomo\u0107i \u0107e vam da uredite ulazni prostor a hodniku daje jedinstveni ambijent tako da se va\u0161i gosti osje\u0107aju dobrodo\u0161lo i kao kod ku\u0107e Stabilno i sigurno s 4 podesive noge stalak za kapute mo\u017ee savr\u0161eno stajati na tepihu ili neravnom podu Uklju\u010dene su 2 remene protiv nagiba","breadcrumb":{"@id":"https:\/\/inti.hr\/sr\/proizvod\/drvena-metalna-vjesalica-vintage\/#breadcrumb"},"inLanguage":"sr-RS","potentialAction":[{"@type":"ReadAction","target":["https:\/\/inti.hr\/sr\/proizvod\/drvena-metalna-vjesalica-vintage\/"]}]},{"@type":"ImageObject","inLanguage":"sr-RS","@id":"https:\/\/inti.hr\/sr\/proizvod\/drvena-metalna-vjesalica-vintage\/#primaryimage","url":"https:\/\/i0.wp.com\/inti.hr\/wp-content\/uploads\/2021\/02\/71rBZH-kVFL._AC_SL1500_.jpg?fit=1500%2C1500&ssl=1","contentUrl":"https:\/\/i0.wp.com\/inti.hr\/wp-content\/uploads\/2021\/02\/71rBZH-kVFL._AC_SL1500_.jpg?fit=1500%2C1500&ssl=1","width":1500,"height":1500},{"@type":"BreadcrumbList","@id":"https:\/\/inti.hr\/sr\/proizvod\/drvena-metalna-vjesalica-vintage\/#breadcrumb","itemListElement":[{"@type":"ListItem","position":1,"name":"Po\u010detna stranica","item":"https:\/\/inti.hr\/sr\/"},{"@type":"ListItem","position":2,"name":"Prodavnica","item":"https:\/\/inti.hr\/sr\/prodavnica\/"},{"@type":"ListItem","position":3,"name":"Drvena metalna vje\u0161alica Vintage"}]},{"@type":"WebSite","@id":"https:\/\/inti.hr\/sr\/#website","url":"https:\/\/inti.hr\/sr\/","name":"Inti","description":"trgovina","potentialAction":[{"@type":"SearchAction","target":{"@type":"EntryPoint","urlTemplate":"https:\/\/inti.hr\/sr\/?s={search_term_string}"},"query-input":{"@type":"PropertyValueSpecification","valueRequired":true,"valueName":"search_term_string"}}],"inLanguage":"sr-RS"}]}},"jetpack_sharing_enabled":true,"jetpack-related-posts":[],"_links":{"self":[{"href":"https:\/\/inti.hr\/sr\/wp-json\/wp\/v2\/product\/34487"}],"collection":[{"href":"https:\/\/inti.hr\/sr\/wp-json\/wp\/v2\/product"}],"about":[{"href":"https:\/\/inti.hr\/sr\/wp-json\/wp\/v2\/types\/product"}],"wp:featuredmedia":[{"embeddable":true,"href":"https:\/\/inti.hr\/sr\/wp-json\/wp\/v2\/media\/34488"}],"wp:attachment":[{"href":"https:\/\/inti.hr\/sr\/wp-json\/wp\/v2\/media?parent=34487"}],"wp:term":[{"taxonomy":"product_cat","embeddable":true,"href":"https:\/\/inti.hr\/sr\/wp-json\/wp\/v2\/product_cat?post=34487"},{"taxonomy":"product_tag","embeddable":true,"href":"https:\/\/inti.hr\/sr\/wp-json\/wp\/v2\/product_tag?post=34487"}],"curies":[{"name":"wp","href":"https:\/\/api.w.org\/{rel}","templated":true}]}}