{"id":34513,"date":"2021-02-24T11:41:02","date_gmt":"2021-02-24T11:41:02","guid":{"rendered":"https:\/\/inti.hr\/product\/klupa-za-cipele-vintage\/"},"modified":"2021-02-24T11:41:02","modified_gmt":"2021-02-24T11:41:02","slug":"klupa-za-cipele-vintage","status":"publish","type":"product","link":"https:\/\/inti.hr\/sr\/proizvod\/klupa-za-cipele-vintage\/","title":{"rendered":"Stalak za cipele vintage"},"content":{"rendered":"<p>Klasi\u010dna vintage zrna drveta i industrijski dizajn izra\u0111eni od izdr\u017eljivog \u017eeljeza, ovaj stalak za cipele kombinira oba stila kako bi u va\u0161e prostore unio nje\u017ean dodir s da\u0161kom pro\u0161losti.<br \/>\nIzra\u0111en od drvene sje\u010dke i metala visoke \u010dvrsto\u0107e, ovaj \u010dvrsti stalak za cipele mo\u017ee primiti do 90 kg. Pa za\u0161to ne biste sjeli obuti cipele ili pri\u010dekati svog suputnika?<br \/>\nNa dvije mre\u017easte police mo\u017eete staviti 6 do 8 pari cipela kako biste svom ulaznom prostoru uredno uredili lice, drveni efektni vrh savr\u0161en je za spremanje vre\u0107ica.<\/p>\n<p>Boja vintage sme\u0111a + crna.<br \/>\nDimenzije proizvoda 73 x 30 x 45 cm.<br \/>\nIverica primarnog materijala, \u010delik.<\/p>\n","protected":false},"excerpt":{"rendered":"<p>Ovaj VINTAGE stalak za cipele zauzima malo prostora, a nudi dovoljno &#8230; <\/p>\n","protected":false},"featured_media":34514,"template":"","meta":[],"product_cat":[4208],"product_tag":[2797,4227,2600,4211,4228,4229],"yoast_head":"<!-- This site is optimized with the Yoast SEO plugin v23.7 - https:\/\/yoast.com\/wordpress\/plugins\/seo\/ -->\n<title>Stalak za cipele vintage - Inti<\/title>\n<meta name=\"robots\" content=\"index, follow, max-snippet:-1, max-image-preview:large, max-video-preview:-1\" \/>\n<link rel=\"canonical\" href=\"https:\/\/inti.hr\/sr\/proizvod\/klupa-za-cipele-vintage\/\" \/>\n<meta property=\"og:locale\" content=\"sr_RS\" \/>\n<meta property=\"og:type\" content=\"article\" \/>\n<meta property=\"og:title\" content=\"Stalak za cipele vintage - Inti\" \/>\n<meta property=\"og:description\" content=\"Ovaj VINTAGE stalak za cipele zauzima malo prostora, a nudi dovoljno ...\" \/>\n<meta property=\"og:url\" content=\"https:\/\/inti.hr\/sr\/proizvod\/klupa-za-cipele-vintage\/\" \/>\n<meta property=\"og:site_name\" content=\"Inti\" \/>\n<meta property=\"og:image\" content=\"https:\/\/i0.wp.com\/inti.hr\/wp-content\/uploads\/2021\/02\/818XDa3xHVL._AC_SL1500_.jpg?fit=1500%2C1500&ssl=1\" \/>\n\t<meta property=\"og:image:width\" content=\"1500\" \/>\n\t<meta property=\"og:image:height\" content=\"1500\" \/>\n\t<meta property=\"og:image:type\" content=\"image\/jpeg\" \/>\n<meta name=\"twitter:card\" content=\"summary_large_image\" \/>\n<meta name=\"twitter:label1\" content=\"\u041f\u0440\u043e\u0446\u0435\u045a\u0435\u043d\u043e \u0432\u0440\u0435\u043c\u0435 \u0447\u0438\u0442\u0430\u045a\u0430\" \/>\n\t<meta name=\"twitter:data1\" content=\"1 \u043c\u0438\u043d\u0443\u0442\" \/>\n<script type=\"application\/ld+json\" class=\"yoast-schema-graph\">{\"@context\":\"https:\/\/schema.org\",\"@graph\":[{\"@type\":\"WebPage\",\"@id\":\"https:\/\/inti.hr\/sr\/proizvod\/klupa-za-cipele-vintage\/\",\"url\":\"https:\/\/inti.hr\/sr\/proizvod\/klupa-za-cipele-vintage\/\",\"name\":\"Stalak za cipele vintage - Inti\",\"isPartOf\":{\"@id\":\"https:\/\/inti.hr\/sr\/#website\"},\"primaryImageOfPage\":{\"@id\":\"https:\/\/inti.hr\/sr\/proizvod\/klupa-za-cipele-vintage\/#primaryimage\"},\"image\":{\"@id\":\"https:\/\/inti.hr\/sr\/proizvod\/klupa-za-cipele-vintage\/#primaryimage\"},\"thumbnailUrl\":\"https:\/\/i0.wp.com\/inti.hr\/wp-content\/uploads\/2021\/02\/818XDa3xHVL._AC_SL1500_.jpg?fit=1500%2C1500&ssl=1\",\"datePublished\":\"2021-02-24T11:41:02+00:00\",\"dateModified\":\"2021-02-24T11:41:02+00:00\",\"breadcrumb\":{\"@id\":\"https:\/\/inti.hr\/sr\/proizvod\/klupa-za-cipele-vintage\/#breadcrumb\"},\"inLanguage\":\"sr-RS\",\"potentialAction\":[{\"@type\":\"ReadAction\",\"target\":[\"https:\/\/inti.hr\/sr\/proizvod\/klupa-za-cipele-vintage\/\"]}]},{\"@type\":\"ImageObject\",\"inLanguage\":\"sr-RS\",\"@id\":\"https:\/\/inti.hr\/sr\/proizvod\/klupa-za-cipele-vintage\/#primaryimage\",\"url\":\"https:\/\/i0.wp.com\/inti.hr\/wp-content\/uploads\/2021\/02\/818XDa3xHVL._AC_SL1500_.jpg?fit=1500%2C1500&ssl=1\",\"contentUrl\":\"https:\/\/i0.wp.com\/inti.hr\/wp-content\/uploads\/2021\/02\/818XDa3xHVL._AC_SL1500_.jpg?fit=1500%2C1500&ssl=1\",\"width\":1500,\"height\":1500},{\"@type\":\"BreadcrumbList\",\"@id\":\"https:\/\/inti.hr\/sr\/proizvod\/klupa-za-cipele-vintage\/#breadcrumb\",\"itemListElement\":[{\"@type\":\"ListItem\",\"position\":1,\"name\":\"Po\u010detna stranica\",\"item\":\"https:\/\/inti.hr\/sr\/\"},{\"@type\":\"ListItem\",\"position\":2,\"name\":\"Prodavnica\",\"item\":\"https:\/\/inti.hr\/sr\/prodavnica\/\"},{\"@type\":\"ListItem\",\"position\":3,\"name\":\"Stalak za cipele vintage\"}]},{\"@type\":\"WebSite\",\"@id\":\"https:\/\/inti.hr\/sr\/#website\",\"url\":\"https:\/\/inti.hr\/sr\/\",\"name\":\"Inti\",\"description\":\"trgovina\",\"potentialAction\":[{\"@type\":\"SearchAction\",\"target\":{\"@type\":\"EntryPoint\",\"urlTemplate\":\"https:\/\/inti.hr\/sr\/?s={search_term_string}\"},\"query-input\":{\"@type\":\"PropertyValueSpecification\",\"valueRequired\":true,\"valueName\":\"search_term_string\"}}],\"inLanguage\":\"sr-RS\"}]}<\/script>\n<!-- \/ Yoast SEO plugin. -->","yoast_head_json":{"title":"Stalak za cipele vintage - Inti","robots":{"index":"index","follow":"follow","max-snippet":"max-snippet:-1","max-image-preview":"max-image-preview:large","max-video-preview":"max-video-preview:-1"},"canonical":"https:\/\/inti.hr\/sr\/proizvod\/klupa-za-cipele-vintage\/","og_locale":"sr_RS","og_type":"article","og_title":"Stalak za cipele vintage - Inti","og_description":"Ovaj VINTAGE stalak za cipele zauzima malo prostora, a nudi dovoljno ...","og_url":"https:\/\/inti.hr\/sr\/proizvod\/klupa-za-cipele-vintage\/","og_site_name":"Inti","og_image":[{"width":1500,"height":1500,"url":"https:\/\/i0.wp.com\/inti.hr\/wp-content\/uploads\/2021\/02\/818XDa3xHVL._AC_SL1500_.jpg?fit=1500%2C1500&ssl=1","type":"image\/jpeg"}],"twitter_card":"summary_large_image","twitter_misc":{"\u041f\u0440\u043e\u0446\u0435\u045a\u0435\u043d\u043e \u0432\u0440\u0435\u043c\u0435 \u0447\u0438\u0442\u0430\u045a\u0430":"1 \u043c\u0438\u043d\u0443\u0442"},"schema":{"@context":"https:\/\/schema.org","@graph":[{"@type":"WebPage","@id":"https:\/\/inti.hr\/sr\/proizvod\/klupa-za-cipele-vintage\/","url":"https:\/\/inti.hr\/sr\/proizvod\/klupa-za-cipele-vintage\/","name":"Stalak za cipele vintage - Inti","isPartOf":{"@id":"https:\/\/inti.hr\/sr\/#website"},"primaryImageOfPage":{"@id":"https:\/\/inti.hr\/sr\/proizvod\/klupa-za-cipele-vintage\/#primaryimage"},"image":{"@id":"https:\/\/inti.hr\/sr\/proizvod\/klupa-za-cipele-vintage\/#primaryimage"},"thumbnailUrl":"https:\/\/i0.wp.com\/inti.hr\/wp-content\/uploads\/2021\/02\/818XDa3xHVL._AC_SL1500_.jpg?fit=1500%2C1500&ssl=1","datePublished":"2021-02-24T11:41:02+00:00","dateModified":"2021-02-24T11:41:02+00:00","breadcrumb":{"@id":"https:\/\/inti.hr\/sr\/proizvod\/klupa-za-cipele-vintage\/#breadcrumb"},"inLanguage":"sr-RS","potentialAction":[{"@type":"ReadAction","target":["https:\/\/inti.hr\/sr\/proizvod\/klupa-za-cipele-vintage\/"]}]},{"@type":"ImageObject","inLanguage":"sr-RS","@id":"https:\/\/inti.hr\/sr\/proizvod\/klupa-za-cipele-vintage\/#primaryimage","url":"https:\/\/i0.wp.com\/inti.hr\/wp-content\/uploads\/2021\/02\/818XDa3xHVL._AC_SL1500_.jpg?fit=1500%2C1500&ssl=1","contentUrl":"https:\/\/i0.wp.com\/inti.hr\/wp-content\/uploads\/2021\/02\/818XDa3xHVL._AC_SL1500_.jpg?fit=1500%2C1500&ssl=1","width":1500,"height":1500},{"@type":"BreadcrumbList","@id":"https:\/\/inti.hr\/sr\/proizvod\/klupa-za-cipele-vintage\/#breadcrumb","itemListElement":[{"@type":"ListItem","position":1,"name":"Po\u010detna stranica","item":"https:\/\/inti.hr\/sr\/"},{"@type":"ListItem","position":2,"name":"Prodavnica","item":"https:\/\/inti.hr\/sr\/prodavnica\/"},{"@type":"ListItem","position":3,"name":"Stalak za cipele vintage"}]},{"@type":"WebSite","@id":"https:\/\/inti.hr\/sr\/#website","url":"https:\/\/inti.hr\/sr\/","name":"Inti","description":"trgovina","potentialAction":[{"@type":"SearchAction","target":{"@type":"EntryPoint","urlTemplate":"https:\/\/inti.hr\/sr\/?s={search_term_string}"},"query-input":{"@type":"PropertyValueSpecification","valueRequired":true,"valueName":"search_term_string"}}],"inLanguage":"sr-RS"}]}},"jetpack_sharing_enabled":true,"jetpack-related-posts":[],"_links":{"self":[{"href":"https:\/\/inti.hr\/sr\/wp-json\/wp\/v2\/product\/34513"}],"collection":[{"href":"https:\/\/inti.hr\/sr\/wp-json\/wp\/v2\/product"}],"about":[{"href":"https:\/\/inti.hr\/sr\/wp-json\/wp\/v2\/types\/product"}],"wp:featuredmedia":[{"embeddable":true,"href":"https:\/\/inti.hr\/sr\/wp-json\/wp\/v2\/media\/34514"}],"wp:attachment":[{"href":"https:\/\/inti.hr\/sr\/wp-json\/wp\/v2\/media?parent=34513"}],"wp:term":[{"taxonomy":"product_cat","embeddable":true,"href":"https:\/\/inti.hr\/sr\/wp-json\/wp\/v2\/product_cat?post=34513"},{"taxonomy":"product_tag","embeddable":true,"href":"https:\/\/inti.hr\/sr\/wp-json\/wp\/v2\/product_tag?post=34513"}],"curies":[{"name":"wp","href":"https:\/\/api.w.org\/{rel}","templated":true}]}}