{"id":34521,"date":"2021-02-23T09:09:44","date_gmt":"2021-02-23T09:09:44","guid":{"rendered":"https:\/\/inti.hr\/product\/sklopivi-stol-sa-2-stolice\/"},"modified":"2021-02-23T09:09:44","modified_gmt":"2021-02-23T09:09:44","slug":"sklopivi-stol-sa-2-stolice","status":"publish","type":"product","link":"https:\/\/inti.hr\/sr\/proizvod\/sklopivi-stol-sa-2-stolice\/","title":{"rendered":"Sklopivi stol sa 2 stolice"},"content":{"rendered":"<p>Opis proizvoda:<\/p>\n<p>Materijal: Struktura od \u017eeljeza presvu\u010denog prahom. MDF plo\u010de (povr\u0161ina: PVC furnir)<br \/>\nTe\u017eina 13kg<br \/>\nStol: \u016090 x D45 x V74 cm, Maksimalna nosivost: 45 kg<br \/>\nTabure: D30 x H47cm, Maksimalna nosivost: 150kg<br \/>\nS uputama za sastavljanje i vijcima. Jednostavna instalacija.<\/p>\n","protected":false},"excerpt":{"rendered":"<p>Zahvaljuju\u0107i svestranom dizajnu, set je pogodan za razli\u010dite situacije, bilo za &#8230; <\/p>\n","protected":false},"featured_media":34522,"template":"","meta":[],"product_cat":[2728,2539],"product_tag":[2629,3018,3969,2591],"yoast_head":"<!-- This site is optimized with the Yoast SEO plugin v23.7 - https:\/\/yoast.com\/wordpress\/plugins\/seo\/ -->\n<title>Sklopivi stol sa 2 stolice - Inti<\/title>\n<meta name=\"description\" content=\"Zahvaljuju\u0107i svestranom dizajnu, set je pogodan za razli\u010dite situacije, bilo za kuhinju ili blagovaonicu. Ovaj set je tako\u0111er idealan za vrt, terasu, balkon ili va\u0161 odre\u0111eni kutak.Ako komplet nije potreban, mo\u017ee se brzo i jednostavno presaviti radi u\u0161tede prostora i spremiti u male kutove, u \u0161upu ili podrum.Materijal koji se lako njeguje, otporan je na ogrebotine, vodootporan je i otporan je na UV zrake ne gubi svoju dubinu boje i zato uvijek izgleda kao nov.Okviri stola i stolica izra\u0111eni su od visokokvalitetnog metala, obojani u crnu boju i vrlo su stabilni. Stolica nosi do 150 kg, a stol do 45 kg.Ovaj set kombinira funkcionalan dizajn s jednostavnim izgledom i nudi udobnu i stilsku opciju sjedenja za vas i va\u0161e goste!\" \/>\n<meta name=\"robots\" content=\"index, follow, max-snippet:-1, max-image-preview:large, max-video-preview:-1\" \/>\n<link rel=\"canonical\" href=\"https:\/\/inti.hr\/sr\/proizvod\/sklopivi-stol-sa-2-stolice\/\" \/>\n<meta property=\"og:locale\" content=\"sr_RS\" \/>\n<meta property=\"og:type\" content=\"article\" \/>\n<meta property=\"og:title\" content=\"Sklopivi stol sa 2 stolice - Inti\" \/>\n<meta property=\"og:description\" content=\"Zahvaljuju\u0107i svestranom dizajnu, set je pogodan za razli\u010dite situacije, bilo za kuhinju ili blagovaonicu. Ovaj set je tako\u0111er idealan za vrt, terasu, balkon ili va\u0161 odre\u0111eni kutak.Ako komplet nije potreban, mo\u017ee se brzo i jednostavno presaviti radi u\u0161tede prostora i spremiti u male kutove, u \u0161upu ili podrum.Materijal koji se lako njeguje, otporan je na ogrebotine, vodootporan je i otporan je na UV zrake ne gubi svoju dubinu boje i zato uvijek izgleda kao nov.Okviri stola i stolica izra\u0111eni su od visokokvalitetnog metala, obojani u crnu boju i vrlo su stabilni. Stolica nosi do 150 kg, a stol do 45 kg.Ovaj set kombinira funkcionalan dizajn s jednostavnim izgledom i nudi udobnu i stilsku opciju sjedenja za vas i va\u0161e goste!\" \/>\n<meta property=\"og:url\" content=\"https:\/\/inti.hr\/sr\/proizvod\/sklopivi-stol-sa-2-stolice\/\" \/>\n<meta property=\"og:site_name\" content=\"Inti\" \/>\n<meta property=\"og:image\" content=\"https:\/\/i0.wp.com\/inti.hr\/wp-content\/uploads\/2021\/02\/s-l1600-22.jpg?fit=1600%2C1600&ssl=1\" \/>\n\t<meta property=\"og:image:width\" content=\"1600\" \/>\n\t<meta property=\"og:image:height\" content=\"1600\" \/>\n\t<meta property=\"og:image:type\" content=\"image\/jpeg\" \/>\n<meta name=\"twitter:card\" content=\"summary_large_image\" \/>\n<script type=\"application\/ld+json\" class=\"yoast-schema-graph\">{\"@context\":\"https:\/\/schema.org\",\"@graph\":[{\"@type\":\"WebPage\",\"@id\":\"https:\/\/inti.hr\/sr\/proizvod\/sklopivi-stol-sa-2-stolice\/\",\"url\":\"https:\/\/inti.hr\/sr\/proizvod\/sklopivi-stol-sa-2-stolice\/\",\"name\":\"Sklopivi stol sa 2 stolice - Inti\",\"isPartOf\":{\"@id\":\"https:\/\/inti.hr\/sr\/#website\"},\"primaryImageOfPage\":{\"@id\":\"https:\/\/inti.hr\/sr\/proizvod\/sklopivi-stol-sa-2-stolice\/#primaryimage\"},\"image\":{\"@id\":\"https:\/\/inti.hr\/sr\/proizvod\/sklopivi-stol-sa-2-stolice\/#primaryimage\"},\"thumbnailUrl\":\"https:\/\/i0.wp.com\/inti.hr\/wp-content\/uploads\/2021\/02\/s-l1600-22.jpg?fit=1600%2C1600&ssl=1\",\"datePublished\":\"2021-02-23T09:09:44+00:00\",\"dateModified\":\"2021-02-23T09:09:44+00:00\",\"description\":\"Zahvaljuju\u0107i svestranom dizajnu, set je pogodan za razli\u010dite situacije, bilo za kuhinju ili blagovaonicu. Ovaj set je tako\u0111er idealan za vrt, terasu, balkon ili va\u0161 odre\u0111eni kutak.Ako komplet nije potreban, mo\u017ee se brzo i jednostavno presaviti radi u\u0161tede prostora i spremiti u male kutove, u \u0161upu ili podrum.Materijal koji se lako njeguje, otporan je na ogrebotine, vodootporan je i otporan je na UV zrake ne gubi svoju dubinu boje i zato uvijek izgleda kao nov.Okviri stola i stolica izra\u0111eni su od visokokvalitetnog metala, obojani u crnu boju i vrlo su stabilni. Stolica nosi do 150 kg, a stol do 45 kg.Ovaj set kombinira funkcionalan dizajn s jednostavnim izgledom i nudi udobnu i stilsku opciju sjedenja za vas i va\u0161e goste!\",\"breadcrumb\":{\"@id\":\"https:\/\/inti.hr\/sr\/proizvod\/sklopivi-stol-sa-2-stolice\/#breadcrumb\"},\"inLanguage\":\"sr-RS\",\"potentialAction\":[{\"@type\":\"ReadAction\",\"target\":[\"https:\/\/inti.hr\/sr\/proizvod\/sklopivi-stol-sa-2-stolice\/\"]}]},{\"@type\":\"ImageObject\",\"inLanguage\":\"sr-RS\",\"@id\":\"https:\/\/inti.hr\/sr\/proizvod\/sklopivi-stol-sa-2-stolice\/#primaryimage\",\"url\":\"https:\/\/i0.wp.com\/inti.hr\/wp-content\/uploads\/2021\/02\/s-l1600-22.jpg?fit=1600%2C1600&ssl=1\",\"contentUrl\":\"https:\/\/i0.wp.com\/inti.hr\/wp-content\/uploads\/2021\/02\/s-l1600-22.jpg?fit=1600%2C1600&ssl=1\",\"width\":1600,\"height\":1600},{\"@type\":\"BreadcrumbList\",\"@id\":\"https:\/\/inti.hr\/sr\/proizvod\/sklopivi-stol-sa-2-stolice\/#breadcrumb\",\"itemListElement\":[{\"@type\":\"ListItem\",\"position\":1,\"name\":\"Po\u010detna stranica\",\"item\":\"https:\/\/inti.hr\/sr\/\"},{\"@type\":\"ListItem\",\"position\":2,\"name\":\"Prodavnica\",\"item\":\"https:\/\/inti.hr\/sr\/prodavnica\/\"},{\"@type\":\"ListItem\",\"position\":3,\"name\":\"Sklopivi stol sa 2 stolice\"}]},{\"@type\":\"WebSite\",\"@id\":\"https:\/\/inti.hr\/sr\/#website\",\"url\":\"https:\/\/inti.hr\/sr\/\",\"name\":\"Inti\",\"description\":\"trgovina\",\"potentialAction\":[{\"@type\":\"SearchAction\",\"target\":{\"@type\":\"EntryPoint\",\"urlTemplate\":\"https:\/\/inti.hr\/sr\/?s={search_term_string}\"},\"query-input\":{\"@type\":\"PropertyValueSpecification\",\"valueRequired\":true,\"valueName\":\"search_term_string\"}}],\"inLanguage\":\"sr-RS\"}]}<\/script>\n<!-- \/ Yoast SEO plugin. -->","yoast_head_json":{"title":"Sklopivi stol sa 2 stolice - Inti","description":"Zahvaljuju\u0107i svestranom dizajnu, set je pogodan za razli\u010dite situacije, bilo za kuhinju ili blagovaonicu. Ovaj set je tako\u0111er idealan za vrt, terasu, balkon ili va\u0161 odre\u0111eni kutak.Ako komplet nije potreban, mo\u017ee se brzo i jednostavno presaviti radi u\u0161tede prostora i spremiti u male kutove, u \u0161upu ili podrum.Materijal koji se lako njeguje, otporan je na ogrebotine, vodootporan je i otporan je na UV zrake ne gubi svoju dubinu boje i zato uvijek izgleda kao nov.Okviri stola i stolica izra\u0111eni su od visokokvalitetnog metala, obojani u crnu boju i vrlo su stabilni. Stolica nosi do 150 kg, a stol do 45 kg.Ovaj set kombinira funkcionalan dizajn s jednostavnim izgledom i nudi udobnu i stilsku opciju sjedenja za vas i va\u0161e goste!","robots":{"index":"index","follow":"follow","max-snippet":"max-snippet:-1","max-image-preview":"max-image-preview:large","max-video-preview":"max-video-preview:-1"},"canonical":"https:\/\/inti.hr\/sr\/proizvod\/sklopivi-stol-sa-2-stolice\/","og_locale":"sr_RS","og_type":"article","og_title":"Sklopivi stol sa 2 stolice - Inti","og_description":"Zahvaljuju\u0107i svestranom dizajnu, set je pogodan za razli\u010dite situacije, bilo za kuhinju ili blagovaonicu. Ovaj set je tako\u0111er idealan za vrt, terasu, balkon ili va\u0161 odre\u0111eni kutak.Ako komplet nije potreban, mo\u017ee se brzo i jednostavno presaviti radi u\u0161tede prostora i spremiti u male kutove, u \u0161upu ili podrum.Materijal koji se lako njeguje, otporan je na ogrebotine, vodootporan je i otporan je na UV zrake ne gubi svoju dubinu boje i zato uvijek izgleda kao nov.Okviri stola i stolica izra\u0111eni su od visokokvalitetnog metala, obojani u crnu boju i vrlo su stabilni. Stolica nosi do 150 kg, a stol do 45 kg.Ovaj set kombinira funkcionalan dizajn s jednostavnim izgledom i nudi udobnu i stilsku opciju sjedenja za vas i va\u0161e goste!","og_url":"https:\/\/inti.hr\/sr\/proizvod\/sklopivi-stol-sa-2-stolice\/","og_site_name":"Inti","og_image":[{"width":1600,"height":1600,"url":"https:\/\/i0.wp.com\/inti.hr\/wp-content\/uploads\/2021\/02\/s-l1600-22.jpg?fit=1600%2C1600&ssl=1","type":"image\/jpeg"}],"twitter_card":"summary_large_image","schema":{"@context":"https:\/\/schema.org","@graph":[{"@type":"WebPage","@id":"https:\/\/inti.hr\/sr\/proizvod\/sklopivi-stol-sa-2-stolice\/","url":"https:\/\/inti.hr\/sr\/proizvod\/sklopivi-stol-sa-2-stolice\/","name":"Sklopivi stol sa 2 stolice - Inti","isPartOf":{"@id":"https:\/\/inti.hr\/sr\/#website"},"primaryImageOfPage":{"@id":"https:\/\/inti.hr\/sr\/proizvod\/sklopivi-stol-sa-2-stolice\/#primaryimage"},"image":{"@id":"https:\/\/inti.hr\/sr\/proizvod\/sklopivi-stol-sa-2-stolice\/#primaryimage"},"thumbnailUrl":"https:\/\/i0.wp.com\/inti.hr\/wp-content\/uploads\/2021\/02\/s-l1600-22.jpg?fit=1600%2C1600&ssl=1","datePublished":"2021-02-23T09:09:44+00:00","dateModified":"2021-02-23T09:09:44+00:00","description":"Zahvaljuju\u0107i svestranom dizajnu, set je pogodan za razli\u010dite situacije, bilo za kuhinju ili blagovaonicu. Ovaj set je tako\u0111er idealan za vrt, terasu, balkon ili va\u0161 odre\u0111eni kutak.Ako komplet nije potreban, mo\u017ee se brzo i jednostavno presaviti radi u\u0161tede prostora i spremiti u male kutove, u \u0161upu ili podrum.Materijal koji se lako njeguje, otporan je na ogrebotine, vodootporan je i otporan je na UV zrake ne gubi svoju dubinu boje i zato uvijek izgleda kao nov.Okviri stola i stolica izra\u0111eni su od visokokvalitetnog metala, obojani u crnu boju i vrlo su stabilni. Stolica nosi do 150 kg, a stol do 45 kg.Ovaj set kombinira funkcionalan dizajn s jednostavnim izgledom i nudi udobnu i stilsku opciju sjedenja za vas i va\u0161e goste!","breadcrumb":{"@id":"https:\/\/inti.hr\/sr\/proizvod\/sklopivi-stol-sa-2-stolice\/#breadcrumb"},"inLanguage":"sr-RS","potentialAction":[{"@type":"ReadAction","target":["https:\/\/inti.hr\/sr\/proizvod\/sklopivi-stol-sa-2-stolice\/"]}]},{"@type":"ImageObject","inLanguage":"sr-RS","@id":"https:\/\/inti.hr\/sr\/proizvod\/sklopivi-stol-sa-2-stolice\/#primaryimage","url":"https:\/\/i0.wp.com\/inti.hr\/wp-content\/uploads\/2021\/02\/s-l1600-22.jpg?fit=1600%2C1600&ssl=1","contentUrl":"https:\/\/i0.wp.com\/inti.hr\/wp-content\/uploads\/2021\/02\/s-l1600-22.jpg?fit=1600%2C1600&ssl=1","width":1600,"height":1600},{"@type":"BreadcrumbList","@id":"https:\/\/inti.hr\/sr\/proizvod\/sklopivi-stol-sa-2-stolice\/#breadcrumb","itemListElement":[{"@type":"ListItem","position":1,"name":"Po\u010detna stranica","item":"https:\/\/inti.hr\/sr\/"},{"@type":"ListItem","position":2,"name":"Prodavnica","item":"https:\/\/inti.hr\/sr\/prodavnica\/"},{"@type":"ListItem","position":3,"name":"Sklopivi stol sa 2 stolice"}]},{"@type":"WebSite","@id":"https:\/\/inti.hr\/sr\/#website","url":"https:\/\/inti.hr\/sr\/","name":"Inti","description":"trgovina","potentialAction":[{"@type":"SearchAction","target":{"@type":"EntryPoint","urlTemplate":"https:\/\/inti.hr\/sr\/?s={search_term_string}"},"query-input":{"@type":"PropertyValueSpecification","valueRequired":true,"valueName":"search_term_string"}}],"inLanguage":"sr-RS"}]}},"jetpack_sharing_enabled":true,"jetpack-related-posts":[],"_links":{"self":[{"href":"https:\/\/inti.hr\/sr\/wp-json\/wp\/v2\/product\/34521"}],"collection":[{"href":"https:\/\/inti.hr\/sr\/wp-json\/wp\/v2\/product"}],"about":[{"href":"https:\/\/inti.hr\/sr\/wp-json\/wp\/v2\/types\/product"}],"wp:featuredmedia":[{"embeddable":true,"href":"https:\/\/inti.hr\/sr\/wp-json\/wp\/v2\/media\/34522"}],"wp:attachment":[{"href":"https:\/\/inti.hr\/sr\/wp-json\/wp\/v2\/media?parent=34521"}],"wp:term":[{"taxonomy":"product_cat","embeddable":true,"href":"https:\/\/inti.hr\/sr\/wp-json\/wp\/v2\/product_cat?post=34521"},{"taxonomy":"product_tag","embeddable":true,"href":"https:\/\/inti.hr\/sr\/wp-json\/wp\/v2\/product_tag?post=34521"}],"curies":[{"name":"wp","href":"https:\/\/api.w.org\/{rel}","templated":true}]}}