{"id":34525,"date":"2021-02-17T19:19:24","date_gmt":"2021-02-17T19:19:24","guid":{"rendered":"https:\/\/inti.hr\/product\/pribor-za-jelo-24-dijelni-akcija\/"},"modified":"2021-02-17T19:19:24","modified_gmt":"2021-02-17T19:19:24","slug":"pribor-za-jelo-24-dijelni-akcija","status":"publish","type":"product","link":"https:\/\/inti.hr\/sr\/proizvod\/pribor-za-jelo-24-dijelni-akcija\/","title":{"rendered":"Pribor za jelo 24 dijelni"},"content":{"rendered":"<div class=\"kvgmc6g5 cxmmr5t8 oygrvhab hcukyx3x c1et5uql ii04i59q\">\n<div dir=\"auto\">Pribor za jelo<\/div>\n<div dir=\"auto\">Izvrstan izbor za ve\u0107inu obitelji, odli\u010dan poklon za svakoga<\/div>\n<div dir=\"auto\">Vrhunsko posu\u0111e od nehr\u0111aju\u0107eg \u010delika, rub proizvoda pa\u017eljivo je poliran, osiguravaju\u0107i sigurnost va\u0161ih usana.<\/div>\n<div dir=\"auto\">Idealno za kuhinje, hotele i restorane. Ovaj visokokvalitetni set pribora za jelo od nehr\u0111aju\u0107eg \u010delika ugodan je za dr\u017eanje i izdr\u017eljiv za svakodnevnu upotrebu, zabave, kampiranje, dekoracije itd.<\/div>\n<\/div>\n<div class=\"o9v6fnle cxmmr5t8 oygrvhab hcukyx3x c1et5uql ii04i59q\">\n<div dir=\"auto\">Izra\u0111en od visokokvalitetnog nehr\u0111aju\u0107eg \u010delika, s otporno\u0161\u0107u na hr\u0111u<\/div>\n<div dir=\"auto\">Velike tvrdo\u0107e, bez olova, bez kadmija, bez fatalata, BPA free.<\/div>\n<\/div>\n<div class=\"o9v6fnle cxmmr5t8 oygrvhab hcukyx3x c1et5uql ii04i59q\">\n<div dir=\"auto\"><\/div>\n<\/div>\n<div class=\"o9v6fnle cxmmr5t8 oygrvhab hcukyx3x c1et5uql ii04i59q\">\n<div dir=\"auto\">Specifikacija:<\/div>\n<\/div>\n<div class=\"o9v6fnle cxmmr5t8 oygrvhab hcukyx3x c1et5uql ii04i59q\">\n<div dir=\"auto\">\n<div dir=\"auto\">Set pribora uklju\u010duje:<\/div>\n<div dir=\"auto\">6 x no\u017eeva duljina: 23,70 cm,<\/div>\n<div dir=\"auto\">6 x vilica, duljina: 20,60 cm,<\/div>\n<div dir=\"auto\">6 x \u017eli\u010dica za desert, duljina: 15.98 cm,<\/div>\n<div dir=\"auto\">6 x \u017elica , duljina: 20.70 cm<\/div>\n<\/div>\n<\/div>\n<div class=\"o9v6fnle cxmmr5t8 oygrvhab hcukyx3x c1et5uql ii04i59q\">\n<div dir=\"auto\"><\/div>\n<\/div>\n<div class=\"o9v6fnle cxmmr5t8 oygrvhab hcukyx3x c1et5uql ii04i59q\">\n<div dir=\"auto\">Dolazi u\u00a0 zlatnoj boji.<\/div>\n<div dir=\"auto\">Mo\u017ee se prati u perilici posu\u0111a.<\/div>\n<div dir=\"auto\">Za lak\u0161e \u010di\u0161\u0107enje uvijek odmah isperite sve ostatke hrane.<\/div>\n<\/div>\n","protected":false},"excerpt":{"rendered":"<p>Priborom za jelo zlatne boje idealno za 6-\u010dlanu obitelj jako lagan &#8230; <\/p>\n","protected":false},"featured_media":34526,"template":"","meta":[],"product_cat":[2893,2539,4015,2822],"product_tag":[4250,4251,4252,4253,4254],"yoast_head":"<!-- This site is optimized with the Yoast SEO plugin v23.7 - https:\/\/yoast.com\/wordpress\/plugins\/seo\/ -->\n<title>Pribor za jelo 24 dijelni - Inti<\/title>\n<meta name=\"description\" content=\"Ukrasi stol ovim sve\u010danim priborom za jelo ravnih linija crne ili zlatne boje idealno za 6-\u010dlanu obitelj jako lagan za odr\u017eavanje\" \/>\n<meta name=\"robots\" content=\"index, follow, max-snippet:-1, max-image-preview:large, max-video-preview:-1\" \/>\n<link rel=\"canonical\" href=\"https:\/\/inti.hr\/sr\/proizvod\/pribor-za-jelo-24-dijelni-akcija\/\" \/>\n<meta property=\"og:locale\" content=\"sr_RS\" \/>\n<meta property=\"og:type\" content=\"article\" \/>\n<meta property=\"og:title\" content=\"Pribor za jelo 24 dijelni - Inti\" \/>\n<meta property=\"og:description\" content=\"Ukrasi stol ovim sve\u010danim priborom za jelo ravnih linija crne ili zlatne boje idealno za 6-\u010dlanu obitelj jako lagan za odr\u017eavanje\" \/>\n<meta property=\"og:url\" content=\"https:\/\/inti.hr\/sr\/proizvod\/pribor-za-jelo-24-dijelni-akcija\/\" \/>\n<meta property=\"og:site_name\" content=\"Inti\" \/>\n<meta property=\"og:image\" content=\"https:\/\/i0.wp.com\/inti.hr\/wp-content\/uploads\/2020\/12\/He97c0d0fd2a14ee7aac13756b0e5e560m-1-scaled.jpg?fit=2560%2C2560&ssl=1\" \/>\n\t<meta property=\"og:image:width\" content=\"2560\" \/>\n\t<meta property=\"og:image:height\" content=\"2560\" \/>\n\t<meta property=\"og:image:type\" content=\"image\/jpeg\" \/>\n<meta name=\"twitter:card\" content=\"summary_large_image\" \/>\n<meta name=\"twitter:label1\" content=\"\u041f\u0440\u043e\u0446\u0435\u045a\u0435\u043d\u043e \u0432\u0440\u0435\u043c\u0435 \u0447\u0438\u0442\u0430\u045a\u0430\" \/>\n\t<meta name=\"twitter:data1\" content=\"1 \u043c\u0438\u043d\u0443\u0442\" \/>\n<script type=\"application\/ld+json\" class=\"yoast-schema-graph\">{\"@context\":\"https:\/\/schema.org\",\"@graph\":[{\"@type\":\"WebPage\",\"@id\":\"https:\/\/inti.hr\/sr\/proizvod\/pribor-za-jelo-24-dijelni-akcija\/\",\"url\":\"https:\/\/inti.hr\/sr\/proizvod\/pribor-za-jelo-24-dijelni-akcija\/\",\"name\":\"Pribor za jelo 24 dijelni - Inti\",\"isPartOf\":{\"@id\":\"https:\/\/inti.hr\/sr\/#website\"},\"primaryImageOfPage\":{\"@id\":\"https:\/\/inti.hr\/sr\/proizvod\/pribor-za-jelo-24-dijelni-akcija\/#primaryimage\"},\"image\":{\"@id\":\"https:\/\/inti.hr\/sr\/proizvod\/pribor-za-jelo-24-dijelni-akcija\/#primaryimage\"},\"thumbnailUrl\":\"https:\/\/i0.wp.com\/inti.hr\/wp-content\/uploads\/2020\/12\/He97c0d0fd2a14ee7aac13756b0e5e560m-1-scaled.jpg?fit=2560%2C2560&ssl=1\",\"datePublished\":\"2021-02-17T19:19:24+00:00\",\"dateModified\":\"2021-02-17T19:19:24+00:00\",\"description\":\"Ukrasi stol ovim sve\u010danim priborom za jelo ravnih linija crne ili zlatne boje idealno za 6-\u010dlanu obitelj jako lagan za odr\u017eavanje\",\"breadcrumb\":{\"@id\":\"https:\/\/inti.hr\/sr\/proizvod\/pribor-za-jelo-24-dijelni-akcija\/#breadcrumb\"},\"inLanguage\":\"sr-RS\",\"potentialAction\":[{\"@type\":\"ReadAction\",\"target\":[\"https:\/\/inti.hr\/sr\/proizvod\/pribor-za-jelo-24-dijelni-akcija\/\"]}]},{\"@type\":\"ImageObject\",\"inLanguage\":\"sr-RS\",\"@id\":\"https:\/\/inti.hr\/sr\/proizvod\/pribor-za-jelo-24-dijelni-akcija\/#primaryimage\",\"url\":\"https:\/\/i0.wp.com\/inti.hr\/wp-content\/uploads\/2020\/12\/He97c0d0fd2a14ee7aac13756b0e5e560m-1-scaled.jpg?fit=2560%2C2560&ssl=1\",\"contentUrl\":\"https:\/\/i0.wp.com\/inti.hr\/wp-content\/uploads\/2020\/12\/He97c0d0fd2a14ee7aac13756b0e5e560m-1-scaled.jpg?fit=2560%2C2560&ssl=1\",\"width\":2560,\"height\":2560},{\"@type\":\"BreadcrumbList\",\"@id\":\"https:\/\/inti.hr\/sr\/proizvod\/pribor-za-jelo-24-dijelni-akcija\/#breadcrumb\",\"itemListElement\":[{\"@type\":\"ListItem\",\"position\":1,\"name\":\"Po\u010detna stranica\",\"item\":\"https:\/\/inti.hr\/sr\/\"},{\"@type\":\"ListItem\",\"position\":2,\"name\":\"Prodavnica\",\"item\":\"https:\/\/inti.hr\/sr\/prodavnica\/\"},{\"@type\":\"ListItem\",\"position\":3,\"name\":\"Pribor za jelo 24 dijelni\"}]},{\"@type\":\"WebSite\",\"@id\":\"https:\/\/inti.hr\/sr\/#website\",\"url\":\"https:\/\/inti.hr\/sr\/\",\"name\":\"Inti\",\"description\":\"trgovina\",\"potentialAction\":[{\"@type\":\"SearchAction\",\"target\":{\"@type\":\"EntryPoint\",\"urlTemplate\":\"https:\/\/inti.hr\/sr\/?s={search_term_string}\"},\"query-input\":{\"@type\":\"PropertyValueSpecification\",\"valueRequired\":true,\"valueName\":\"search_term_string\"}}],\"inLanguage\":\"sr-RS\"}]}<\/script>\n<!-- \/ Yoast SEO plugin. -->","yoast_head_json":{"title":"Pribor za jelo 24 dijelni - Inti","description":"Ukrasi stol ovim sve\u010danim priborom za jelo ravnih linija crne ili zlatne boje idealno za 6-\u010dlanu obitelj jako lagan za odr\u017eavanje","robots":{"index":"index","follow":"follow","max-snippet":"max-snippet:-1","max-image-preview":"max-image-preview:large","max-video-preview":"max-video-preview:-1"},"canonical":"https:\/\/inti.hr\/sr\/proizvod\/pribor-za-jelo-24-dijelni-akcija\/","og_locale":"sr_RS","og_type":"article","og_title":"Pribor za jelo 24 dijelni - Inti","og_description":"Ukrasi stol ovim sve\u010danim priborom za jelo ravnih linija crne ili zlatne boje idealno za 6-\u010dlanu obitelj jako lagan za odr\u017eavanje","og_url":"https:\/\/inti.hr\/sr\/proizvod\/pribor-za-jelo-24-dijelni-akcija\/","og_site_name":"Inti","og_image":[{"width":2560,"height":2560,"url":"https:\/\/i0.wp.com\/inti.hr\/wp-content\/uploads\/2020\/12\/He97c0d0fd2a14ee7aac13756b0e5e560m-1-scaled.jpg?fit=2560%2C2560&ssl=1","type":"image\/jpeg"}],"twitter_card":"summary_large_image","twitter_misc":{"\u041f\u0440\u043e\u0446\u0435\u045a\u0435\u043d\u043e \u0432\u0440\u0435\u043c\u0435 \u0447\u0438\u0442\u0430\u045a\u0430":"1 \u043c\u0438\u043d\u0443\u0442"},"schema":{"@context":"https:\/\/schema.org","@graph":[{"@type":"WebPage","@id":"https:\/\/inti.hr\/sr\/proizvod\/pribor-za-jelo-24-dijelni-akcija\/","url":"https:\/\/inti.hr\/sr\/proizvod\/pribor-za-jelo-24-dijelni-akcija\/","name":"Pribor za jelo 24 dijelni - Inti","isPartOf":{"@id":"https:\/\/inti.hr\/sr\/#website"},"primaryImageOfPage":{"@id":"https:\/\/inti.hr\/sr\/proizvod\/pribor-za-jelo-24-dijelni-akcija\/#primaryimage"},"image":{"@id":"https:\/\/inti.hr\/sr\/proizvod\/pribor-za-jelo-24-dijelni-akcija\/#primaryimage"},"thumbnailUrl":"https:\/\/i0.wp.com\/inti.hr\/wp-content\/uploads\/2020\/12\/He97c0d0fd2a14ee7aac13756b0e5e560m-1-scaled.jpg?fit=2560%2C2560&ssl=1","datePublished":"2021-02-17T19:19:24+00:00","dateModified":"2021-02-17T19:19:24+00:00","description":"Ukrasi stol ovim sve\u010danim priborom za jelo ravnih linija crne ili zlatne boje idealno za 6-\u010dlanu obitelj jako lagan za odr\u017eavanje","breadcrumb":{"@id":"https:\/\/inti.hr\/sr\/proizvod\/pribor-za-jelo-24-dijelni-akcija\/#breadcrumb"},"inLanguage":"sr-RS","potentialAction":[{"@type":"ReadAction","target":["https:\/\/inti.hr\/sr\/proizvod\/pribor-za-jelo-24-dijelni-akcija\/"]}]},{"@type":"ImageObject","inLanguage":"sr-RS","@id":"https:\/\/inti.hr\/sr\/proizvod\/pribor-za-jelo-24-dijelni-akcija\/#primaryimage","url":"https:\/\/i0.wp.com\/inti.hr\/wp-content\/uploads\/2020\/12\/He97c0d0fd2a14ee7aac13756b0e5e560m-1-scaled.jpg?fit=2560%2C2560&ssl=1","contentUrl":"https:\/\/i0.wp.com\/inti.hr\/wp-content\/uploads\/2020\/12\/He97c0d0fd2a14ee7aac13756b0e5e560m-1-scaled.jpg?fit=2560%2C2560&ssl=1","width":2560,"height":2560},{"@type":"BreadcrumbList","@id":"https:\/\/inti.hr\/sr\/proizvod\/pribor-za-jelo-24-dijelni-akcija\/#breadcrumb","itemListElement":[{"@type":"ListItem","position":1,"name":"Po\u010detna stranica","item":"https:\/\/inti.hr\/sr\/"},{"@type":"ListItem","position":2,"name":"Prodavnica","item":"https:\/\/inti.hr\/sr\/prodavnica\/"},{"@type":"ListItem","position":3,"name":"Pribor za jelo 24 dijelni"}]},{"@type":"WebSite","@id":"https:\/\/inti.hr\/sr\/#website","url":"https:\/\/inti.hr\/sr\/","name":"Inti","description":"trgovina","potentialAction":[{"@type":"SearchAction","target":{"@type":"EntryPoint","urlTemplate":"https:\/\/inti.hr\/sr\/?s={search_term_string}"},"query-input":{"@type":"PropertyValueSpecification","valueRequired":true,"valueName":"search_term_string"}}],"inLanguage":"sr-RS"}]}},"jetpack_sharing_enabled":true,"jetpack-related-posts":[],"_links":{"self":[{"href":"https:\/\/inti.hr\/sr\/wp-json\/wp\/v2\/product\/34525"}],"collection":[{"href":"https:\/\/inti.hr\/sr\/wp-json\/wp\/v2\/product"}],"about":[{"href":"https:\/\/inti.hr\/sr\/wp-json\/wp\/v2\/types\/product"}],"wp:featuredmedia":[{"embeddable":true,"href":"https:\/\/inti.hr\/sr\/wp-json\/wp\/v2\/media\/34526"}],"wp:attachment":[{"href":"https:\/\/inti.hr\/sr\/wp-json\/wp\/v2\/media?parent=34525"}],"wp:term":[{"taxonomy":"product_cat","embeddable":true,"href":"https:\/\/inti.hr\/sr\/wp-json\/wp\/v2\/product_cat?post=34525"},{"taxonomy":"product_tag","embeddable":true,"href":"https:\/\/inti.hr\/sr\/wp-json\/wp\/v2\/product_tag?post=34525"}],"curies":[{"name":"wp","href":"https:\/\/api.w.org\/{rel}","templated":true}]}}