{"id":34529,"date":"2021-02-14T14:07:26","date_gmt":"2021-02-14T14:07:26","guid":{"rendered":"https:\/\/inti.hr\/product\/izdrzljiva-ograda-za-pse-122-x-70-x-80-cm\/"},"modified":"2021-02-14T14:07:26","modified_gmt":"2021-02-14T14:07:26","slug":"izdrzljiva-ograda-za-pse-122-x-70-x-80-cm","status":"publish","type":"product","link":"https:\/\/inti.hr\/sr\/proizvod\/izdrzljiva-ograda-za-pse-122-x-70-x-80-cm\/","title":{"rendered":"Izdr\u017eljiva ograda za pse 122x70x80 CM"},"content":{"rendered":"<p>Zahvaljuju\u0107i dobro promi\u0161ljenoj konstrukciji, \u0161tenad mre\u017eu brzo se sastavlja i rastavlja bez alata. Vanjsko se ku\u0107i\u0161te sastoji od 4 bo\u010dna elementa od kojih je jedan opremljen vratima. Vrata su velika i omogu\u0107uju brz i jednostavan pristup \u017eivotinjama. Dva zasuna na vratima pru\u017eaju dodatnu sigurnost. Nema o\u0161trih kutova i rubova koji bi za\u0161titili va\u0161e \u017eivotinje.<\/p>\n<p>Ograda \u0161tenaca pru\u017ea dovoljno prostora za va\u0161e \u0161tene da se tamo igra, spava ili mazi. Vizualno je privla\u010dan i izdr\u017eljiv, dobro se provjetrava i pru\u017ea neograni\u010den pogled na \u017eivotinju.<\/p>\n<p>Detalji o proizvodu:<br \/>\n&#8211; Materijal: metal.<br \/>\n&#8211; Boja: siva ili crna (ovisno o dostupnosti).<br \/>\n&#8211; Dimenzije: 122 x 70 x 80 cm.<br \/>\n&#8211; \u0160irina mre\u017eice: 4,2 x 14 cm.<br \/>\n&#8211; Dimenzije vrata: 57 x 54 cm.<br \/>\n&#8211; Te\u017eina: 11 kg.<\/p>\n","protected":false},"excerpt":{"rendered":"<p>Pru\u017eite carstvo zabave, udobnosti i sigurnosti svom dra\u017eesnom psu uz ovu &#8230; <\/p>\n","protected":false},"featured_media":34530,"template":"","meta":[],"product_cat":[2404],"product_tag":[2649,4261,4262,4263,4264,4265],"yoast_head":"<!-- This site is optimized with the Yoast SEO plugin v23.7 - https:\/\/yoast.com\/wordpress\/plugins\/seo\/ -->\n<title>Izdr\u017eljiva ograda za pse 122x70x80 CM - Inti<\/title>\n<meta name=\"description\" content=\"Pru\u017eite carstvo zabave, udobnosti i sigurnosti svom dra\u017eesnom psu uz ovu ogradu za ku\u0107ne ljubimce s 4 panela! Na\u0161a vi\u0161enamjenska ograda idealna je za igranje, vje\u017ebanje, obuku ili samo sigurno \u010duvanje va\u0161ih pasa. Bit \u0107e savr\u0161en raj za igru va\u0161im krznenim prijateljima! Ova ku\u010dica za pse mo\u017ee se jednostavno postaviti i rastaviti. Ima vrata sa \u0161arkama i sigurnosnim zasunom za lak\u0161i pristup. Uz to, izdr\u017eljiva ograda otporna na vremenske utjecaje napravljena je od nehr\u0111aju\u0107eg \u010delika oblo\u017eenog prahom, \u0161to je \u010dini prikladnom za vanjsku i unutarnju upotrebu.\" \/>\n<meta name=\"robots\" content=\"index, follow, max-snippet:-1, max-image-preview:large, max-video-preview:-1\" \/>\n<link rel=\"canonical\" href=\"https:\/\/inti.hr\/sr\/proizvod\/izdrzljiva-ograda-za-pse-122-x-70-x-80-cm\/\" \/>\n<meta property=\"og:locale\" content=\"sr_RS\" \/>\n<meta property=\"og:type\" content=\"article\" \/>\n<meta property=\"og:title\" content=\"Izdr\u017eljiva ograda za pse 122x70x80 CM - Inti\" \/>\n<meta property=\"og:description\" content=\"Pru\u017eite carstvo zabave, udobnosti i sigurnosti svom dra\u017eesnom psu uz ovu ogradu za ku\u0107ne ljubimce s 4 panela! Na\u0161a vi\u0161enamjenska ograda idealna je za igranje, vje\u017ebanje, obuku ili samo sigurno \u010duvanje va\u0161ih pasa. Bit \u0107e savr\u0161en raj za igru va\u0161im krznenim prijateljima! Ova ku\u010dica za pse mo\u017ee se jednostavno postaviti i rastaviti. Ima vrata sa \u0161arkama i sigurnosnim zasunom za lak\u0161i pristup. Uz to, izdr\u017eljiva ograda otporna na vremenske utjecaje napravljena je od nehr\u0111aju\u0107eg \u010delika oblo\u017eenog prahom, \u0161to je \u010dini prikladnom za vanjsku i unutarnju upotrebu.\" \/>\n<meta property=\"og:url\" content=\"https:\/\/inti.hr\/sr\/proizvod\/izdrzljiva-ograda-za-pse-122-x-70-x-80-cm\/\" \/>\n<meta property=\"og:site_name\" content=\"Inti\" \/>\n<meta property=\"og:image\" content=\"https:\/\/i0.wp.com\/inti.hr\/wp-content\/uploads\/2021\/02\/819RYrjbPoL._AC_SL1500_.jpg?fit=1500%2C1500&ssl=1\" \/>\n\t<meta property=\"og:image:width\" content=\"1500\" \/>\n\t<meta property=\"og:image:height\" content=\"1500\" \/>\n\t<meta property=\"og:image:type\" content=\"image\/jpeg\" \/>\n<meta name=\"twitter:card\" content=\"summary_large_image\" \/>\n<meta name=\"twitter:label1\" content=\"\u041f\u0440\u043e\u0446\u0435\u045a\u0435\u043d\u043e \u0432\u0440\u0435\u043c\u0435 \u0447\u0438\u0442\u0430\u045a\u0430\" \/>\n\t<meta name=\"twitter:data1\" content=\"1 \u043c\u0438\u043d\u0443\u0442\" \/>\n<script type=\"application\/ld+json\" class=\"yoast-schema-graph\">{\"@context\":\"https:\/\/schema.org\",\"@graph\":[{\"@type\":\"WebPage\",\"@id\":\"https:\/\/inti.hr\/sr\/proizvod\/izdrzljiva-ograda-za-pse-122-x-70-x-80-cm\/\",\"url\":\"https:\/\/inti.hr\/sr\/proizvod\/izdrzljiva-ograda-za-pse-122-x-70-x-80-cm\/\",\"name\":\"Izdr\u017eljiva ograda za pse 122x70x80 CM - Inti\",\"isPartOf\":{\"@id\":\"https:\/\/inti.hr\/sr\/#website\"},\"primaryImageOfPage\":{\"@id\":\"https:\/\/inti.hr\/sr\/proizvod\/izdrzljiva-ograda-za-pse-122-x-70-x-80-cm\/#primaryimage\"},\"image\":{\"@id\":\"https:\/\/inti.hr\/sr\/proizvod\/izdrzljiva-ograda-za-pse-122-x-70-x-80-cm\/#primaryimage\"},\"thumbnailUrl\":\"https:\/\/i0.wp.com\/inti.hr\/wp-content\/uploads\/2021\/02\/819RYrjbPoL._AC_SL1500_.jpg?fit=1500%2C1500&ssl=1\",\"datePublished\":\"2021-02-14T14:07:26+00:00\",\"dateModified\":\"2021-02-14T14:07:26+00:00\",\"description\":\"Pru\u017eite carstvo zabave, udobnosti i sigurnosti svom dra\u017eesnom psu uz ovu ogradu za ku\u0107ne ljubimce s 4 panela! Na\u0161a vi\u0161enamjenska ograda idealna je za igranje, vje\u017ebanje, obuku ili samo sigurno \u010duvanje va\u0161ih pasa. Bit \u0107e savr\u0161en raj za igru va\u0161im krznenim prijateljima! Ova ku\u010dica za pse mo\u017ee se jednostavno postaviti i rastaviti. Ima vrata sa \u0161arkama i sigurnosnim zasunom za lak\u0161i pristup. Uz to, izdr\u017eljiva ograda otporna na vremenske utjecaje napravljena je od nehr\u0111aju\u0107eg \u010delika oblo\u017eenog prahom, \u0161to je \u010dini prikladnom za vanjsku i unutarnju upotrebu.\",\"breadcrumb\":{\"@id\":\"https:\/\/inti.hr\/sr\/proizvod\/izdrzljiva-ograda-za-pse-122-x-70-x-80-cm\/#breadcrumb\"},\"inLanguage\":\"sr-RS\",\"potentialAction\":[{\"@type\":\"ReadAction\",\"target\":[\"https:\/\/inti.hr\/sr\/proizvod\/izdrzljiva-ograda-za-pse-122-x-70-x-80-cm\/\"]}]},{\"@type\":\"ImageObject\",\"inLanguage\":\"sr-RS\",\"@id\":\"https:\/\/inti.hr\/sr\/proizvod\/izdrzljiva-ograda-za-pse-122-x-70-x-80-cm\/#primaryimage\",\"url\":\"https:\/\/i0.wp.com\/inti.hr\/wp-content\/uploads\/2021\/02\/819RYrjbPoL._AC_SL1500_.jpg?fit=1500%2C1500&ssl=1\",\"contentUrl\":\"https:\/\/i0.wp.com\/inti.hr\/wp-content\/uploads\/2021\/02\/819RYrjbPoL._AC_SL1500_.jpg?fit=1500%2C1500&ssl=1\",\"width\":1500,\"height\":1500},{\"@type\":\"BreadcrumbList\",\"@id\":\"https:\/\/inti.hr\/sr\/proizvod\/izdrzljiva-ograda-za-pse-122-x-70-x-80-cm\/#breadcrumb\",\"itemListElement\":[{\"@type\":\"ListItem\",\"position\":1,\"name\":\"Po\u010detna stranica\",\"item\":\"https:\/\/inti.hr\/sr\/\"},{\"@type\":\"ListItem\",\"position\":2,\"name\":\"Prodavnica\",\"item\":\"https:\/\/inti.hr\/sr\/prodavnica\/\"},{\"@type\":\"ListItem\",\"position\":3,\"name\":\"Izdr\u017eljiva ograda za pse 122x70x80 CM\"}]},{\"@type\":\"WebSite\",\"@id\":\"https:\/\/inti.hr\/sr\/#website\",\"url\":\"https:\/\/inti.hr\/sr\/\",\"name\":\"Inti\",\"description\":\"trgovina\",\"potentialAction\":[{\"@type\":\"SearchAction\",\"target\":{\"@type\":\"EntryPoint\",\"urlTemplate\":\"https:\/\/inti.hr\/sr\/?s={search_term_string}\"},\"query-input\":{\"@type\":\"PropertyValueSpecification\",\"valueRequired\":true,\"valueName\":\"search_term_string\"}}],\"inLanguage\":\"sr-RS\"}]}<\/script>\n<!-- \/ Yoast SEO plugin. -->","yoast_head_json":{"title":"Izdr\u017eljiva ograda za pse 122x70x80 CM - Inti","description":"Pru\u017eite carstvo zabave, udobnosti i sigurnosti svom dra\u017eesnom psu uz ovu ogradu za ku\u0107ne ljubimce s 4 panela! Na\u0161a vi\u0161enamjenska ograda idealna je za igranje, vje\u017ebanje, obuku ili samo sigurno \u010duvanje va\u0161ih pasa. Bit \u0107e savr\u0161en raj za igru va\u0161im krznenim prijateljima! Ova ku\u010dica za pse mo\u017ee se jednostavno postaviti i rastaviti. Ima vrata sa \u0161arkama i sigurnosnim zasunom za lak\u0161i pristup. Uz to, izdr\u017eljiva ograda otporna na vremenske utjecaje napravljena je od nehr\u0111aju\u0107eg \u010delika oblo\u017eenog prahom, \u0161to je \u010dini prikladnom za vanjsku i unutarnju upotrebu.","robots":{"index":"index","follow":"follow","max-snippet":"max-snippet:-1","max-image-preview":"max-image-preview:large","max-video-preview":"max-video-preview:-1"},"canonical":"https:\/\/inti.hr\/sr\/proizvod\/izdrzljiva-ograda-za-pse-122-x-70-x-80-cm\/","og_locale":"sr_RS","og_type":"article","og_title":"Izdr\u017eljiva ograda za pse 122x70x80 CM - Inti","og_description":"Pru\u017eite carstvo zabave, udobnosti i sigurnosti svom dra\u017eesnom psu uz ovu ogradu za ku\u0107ne ljubimce s 4 panela! Na\u0161a vi\u0161enamjenska ograda idealna je za igranje, vje\u017ebanje, obuku ili samo sigurno \u010duvanje va\u0161ih pasa. Bit \u0107e savr\u0161en raj za igru va\u0161im krznenim prijateljima! Ova ku\u010dica za pse mo\u017ee se jednostavno postaviti i rastaviti. Ima vrata sa \u0161arkama i sigurnosnim zasunom za lak\u0161i pristup. Uz to, izdr\u017eljiva ograda otporna na vremenske utjecaje napravljena je od nehr\u0111aju\u0107eg \u010delika oblo\u017eenog prahom, \u0161to je \u010dini prikladnom za vanjsku i unutarnju upotrebu.","og_url":"https:\/\/inti.hr\/sr\/proizvod\/izdrzljiva-ograda-za-pse-122-x-70-x-80-cm\/","og_site_name":"Inti","og_image":[{"width":1500,"height":1500,"url":"https:\/\/i0.wp.com\/inti.hr\/wp-content\/uploads\/2021\/02\/819RYrjbPoL._AC_SL1500_.jpg?fit=1500%2C1500&ssl=1","type":"image\/jpeg"}],"twitter_card":"summary_large_image","twitter_misc":{"\u041f\u0440\u043e\u0446\u0435\u045a\u0435\u043d\u043e \u0432\u0440\u0435\u043c\u0435 \u0447\u0438\u0442\u0430\u045a\u0430":"1 \u043c\u0438\u043d\u0443\u0442"},"schema":{"@context":"https:\/\/schema.org","@graph":[{"@type":"WebPage","@id":"https:\/\/inti.hr\/sr\/proizvod\/izdrzljiva-ograda-za-pse-122-x-70-x-80-cm\/","url":"https:\/\/inti.hr\/sr\/proizvod\/izdrzljiva-ograda-za-pse-122-x-70-x-80-cm\/","name":"Izdr\u017eljiva ograda za pse 122x70x80 CM - Inti","isPartOf":{"@id":"https:\/\/inti.hr\/sr\/#website"},"primaryImageOfPage":{"@id":"https:\/\/inti.hr\/sr\/proizvod\/izdrzljiva-ograda-za-pse-122-x-70-x-80-cm\/#primaryimage"},"image":{"@id":"https:\/\/inti.hr\/sr\/proizvod\/izdrzljiva-ograda-za-pse-122-x-70-x-80-cm\/#primaryimage"},"thumbnailUrl":"https:\/\/i0.wp.com\/inti.hr\/wp-content\/uploads\/2021\/02\/819RYrjbPoL._AC_SL1500_.jpg?fit=1500%2C1500&ssl=1","datePublished":"2021-02-14T14:07:26+00:00","dateModified":"2021-02-14T14:07:26+00:00","description":"Pru\u017eite carstvo zabave, udobnosti i sigurnosti svom dra\u017eesnom psu uz ovu ogradu za ku\u0107ne ljubimce s 4 panela! Na\u0161a vi\u0161enamjenska ograda idealna je za igranje, vje\u017ebanje, obuku ili samo sigurno \u010duvanje va\u0161ih pasa. Bit \u0107e savr\u0161en raj za igru va\u0161im krznenim prijateljima! Ova ku\u010dica za pse mo\u017ee se jednostavno postaviti i rastaviti. Ima vrata sa \u0161arkama i sigurnosnim zasunom za lak\u0161i pristup. Uz to, izdr\u017eljiva ograda otporna na vremenske utjecaje napravljena je od nehr\u0111aju\u0107eg \u010delika oblo\u017eenog prahom, \u0161to je \u010dini prikladnom za vanjsku i unutarnju upotrebu.","breadcrumb":{"@id":"https:\/\/inti.hr\/sr\/proizvod\/izdrzljiva-ograda-za-pse-122-x-70-x-80-cm\/#breadcrumb"},"inLanguage":"sr-RS","potentialAction":[{"@type":"ReadAction","target":["https:\/\/inti.hr\/sr\/proizvod\/izdrzljiva-ograda-za-pse-122-x-70-x-80-cm\/"]}]},{"@type":"ImageObject","inLanguage":"sr-RS","@id":"https:\/\/inti.hr\/sr\/proizvod\/izdrzljiva-ograda-za-pse-122-x-70-x-80-cm\/#primaryimage","url":"https:\/\/i0.wp.com\/inti.hr\/wp-content\/uploads\/2021\/02\/819RYrjbPoL._AC_SL1500_.jpg?fit=1500%2C1500&ssl=1","contentUrl":"https:\/\/i0.wp.com\/inti.hr\/wp-content\/uploads\/2021\/02\/819RYrjbPoL._AC_SL1500_.jpg?fit=1500%2C1500&ssl=1","width":1500,"height":1500},{"@type":"BreadcrumbList","@id":"https:\/\/inti.hr\/sr\/proizvod\/izdrzljiva-ograda-za-pse-122-x-70-x-80-cm\/#breadcrumb","itemListElement":[{"@type":"ListItem","position":1,"name":"Po\u010detna stranica","item":"https:\/\/inti.hr\/sr\/"},{"@type":"ListItem","position":2,"name":"Prodavnica","item":"https:\/\/inti.hr\/sr\/prodavnica\/"},{"@type":"ListItem","position":3,"name":"Izdr\u017eljiva ograda za pse 122x70x80 CM"}]},{"@type":"WebSite","@id":"https:\/\/inti.hr\/sr\/#website","url":"https:\/\/inti.hr\/sr\/","name":"Inti","description":"trgovina","potentialAction":[{"@type":"SearchAction","target":{"@type":"EntryPoint","urlTemplate":"https:\/\/inti.hr\/sr\/?s={search_term_string}"},"query-input":{"@type":"PropertyValueSpecification","valueRequired":true,"valueName":"search_term_string"}}],"inLanguage":"sr-RS"}]}},"jetpack_sharing_enabled":true,"jetpack-related-posts":[],"_links":{"self":[{"href":"https:\/\/inti.hr\/sr\/wp-json\/wp\/v2\/product\/34529"}],"collection":[{"href":"https:\/\/inti.hr\/sr\/wp-json\/wp\/v2\/product"}],"about":[{"href":"https:\/\/inti.hr\/sr\/wp-json\/wp\/v2\/types\/product"}],"wp:featuredmedia":[{"embeddable":true,"href":"https:\/\/inti.hr\/sr\/wp-json\/wp\/v2\/media\/34530"}],"wp:attachment":[{"href":"https:\/\/inti.hr\/sr\/wp-json\/wp\/v2\/media?parent=34529"}],"wp:term":[{"taxonomy":"product_cat","embeddable":true,"href":"https:\/\/inti.hr\/sr\/wp-json\/wp\/v2\/product_cat?post=34529"},{"taxonomy":"product_tag","embeddable":true,"href":"https:\/\/inti.hr\/sr\/wp-json\/wp\/v2\/product_tag?post=34529"}],"curies":[{"name":"wp","href":"https:\/\/api.w.org\/{rel}","templated":true}]}}