{"id":34558,"date":"2021-01-19T07:49:01","date_gmt":"2021-01-19T07:49:01","guid":{"rendered":"https:\/\/inti.hr\/product\/sigurnosna-ogradica-za-djecu\/"},"modified":"2021-01-19T07:49:01","modified_gmt":"2021-01-19T07:49:01","slug":"sigurnosna-ogradica-za-djecu","status":"publish","type":"product","link":"https:\/\/inti.hr\/sr\/proizvod\/sigurnosna-ogradica-za-djecu\/","title":{"rendered":"Sigurnosna ogradica za djecu"},"content":{"rendered":"<p>Zna\u010dajke:<br \/>\nRobusna metalna konstrukcija s mat crnim premazom u prahu.<br \/>\n\u010cetiri mre\u017easta elementa + vrata, \u010detiri zidna nosa\u010da (uklju\u010duju\u0107i materijal za monta\u017eu, uklju\u010duju\u0107i zidne igle).<br \/>\nPodesiva po visini (pri\u010dvr\u0161\u0107ena na posljednju metalnu \u0161ipku \u010dvrstim steznim mehanizmom).<\/p>\n<p>Mo\u017eete slobodno odabrati kut svakog elementa. Jaka struktura.<br \/>\nPrikladno\u00a0 kao ograda za ku\u0107ne ljubimce ili \u0161tenad.<br \/>\nS ve\u0107om koli\u010dinom kupnje mo\u017eete kombinirati sve elemente i pomno\u017eiti duljinu.<\/p>\n<p>Tehni\u010dke specifikacije:<br \/>\nDimenzije: 310 x 2,5 x 75 cm<br \/>\nMaterijal: ABS + ekolo\u0161ka boja + Q195 \u010delik<br \/>\nTe\u017eina: 7 kg<br \/>\nKvadratna cijev 12 x 12 x 0,8 mm \/ 15 x 30 x 0,8 mm<br \/>\nOpseg isporuke:<br \/>\n&#8211; 1x za\u0161titna ogradica<br \/>\n&#8211; materijal za monta\u017eu<\/p>\n","protected":false},"excerpt":{"rendered":"<p>Pogodna za za\u0161titu djece poput \u0161tednjaka, otvorenih kamina ili opasnih mjesta.<br \/>\nVrata &#8230; <\/p>\n","protected":false},"featured_media":34560,"template":"","meta":[],"product_cat":[2411],"product_tag":[4283,4284],"yoast_head":"<!-- This site is optimized with the Yoast SEO plugin v23.7 - https:\/\/yoast.com\/wordpress\/plugins\/seo\/ -->\n<title>Sigurnosna ogradica za djecu - Inti<\/title>\n<meta name=\"robots\" content=\"index, follow, max-snippet:-1, max-image-preview:large, max-video-preview:-1\" \/>\n<link rel=\"canonical\" href=\"https:\/\/inti.hr\/sr\/proizvod\/sigurnosna-ogradica-za-djecu\/\" \/>\n<meta property=\"og:locale\" content=\"sr_RS\" \/>\n<meta property=\"og:type\" content=\"article\" \/>\n<meta property=\"og:title\" content=\"Sigurnosna ogradica za djecu - Inti\" \/>\n<meta property=\"og:description\" content=\"Pogodna za za\u0161titu djece poput \u0161tednjaka, otvorenih kamina ili opasnih mjesta. Vrata ...\" \/>\n<meta property=\"og:url\" content=\"https:\/\/inti.hr\/sr\/proizvod\/sigurnosna-ogradica-za-djecu\/\" \/>\n<meta property=\"og:site_name\" content=\"Inti\" \/>\n<meta property=\"og:image\" content=\"https:\/\/i0.wp.com\/inti.hr\/wp-content\/uploads\/2021\/01\/61WewayPcNL._AC_SL1200_.jpg?fit=1180%2C788&ssl=1\" \/>\n\t<meta property=\"og:image:width\" content=\"1180\" \/>\n\t<meta property=\"og:image:height\" content=\"788\" \/>\n\t<meta property=\"og:image:type\" content=\"image\/jpeg\" \/>\n<meta name=\"twitter:card\" content=\"summary_large_image\" \/>\n<meta name=\"twitter:label1\" content=\"\u041f\u0440\u043e\u0446\u0435\u045a\u0435\u043d\u043e \u0432\u0440\u0435\u043c\u0435 \u0447\u0438\u0442\u0430\u045a\u0430\" \/>\n\t<meta name=\"twitter:data1\" content=\"1 \u043c\u0438\u043d\u0443\u0442\" \/>\n<script type=\"application\/ld+json\" class=\"yoast-schema-graph\">{\"@context\":\"https:\/\/schema.org\",\"@graph\":[{\"@type\":\"WebPage\",\"@id\":\"https:\/\/inti.hr\/sr\/proizvod\/sigurnosna-ogradica-za-djecu\/\",\"url\":\"https:\/\/inti.hr\/sr\/proizvod\/sigurnosna-ogradica-za-djecu\/\",\"name\":\"Sigurnosna ogradica za djecu - Inti\",\"isPartOf\":{\"@id\":\"https:\/\/inti.hr\/sr\/#website\"},\"primaryImageOfPage\":{\"@id\":\"https:\/\/inti.hr\/sr\/proizvod\/sigurnosna-ogradica-za-djecu\/#primaryimage\"},\"image\":{\"@id\":\"https:\/\/inti.hr\/sr\/proizvod\/sigurnosna-ogradica-za-djecu\/#primaryimage\"},\"thumbnailUrl\":\"https:\/\/i0.wp.com\/inti.hr\/wp-content\/uploads\/2021\/01\/61WewayPcNL._AC_SL1200_.jpg?fit=1180%2C788&ssl=1\",\"datePublished\":\"2021-01-19T07:49:01+00:00\",\"dateModified\":\"2021-01-19T07:49:01+00:00\",\"breadcrumb\":{\"@id\":\"https:\/\/inti.hr\/sr\/proizvod\/sigurnosna-ogradica-za-djecu\/#breadcrumb\"},\"inLanguage\":\"sr-RS\",\"potentialAction\":[{\"@type\":\"ReadAction\",\"target\":[\"https:\/\/inti.hr\/sr\/proizvod\/sigurnosna-ogradica-za-djecu\/\"]}]},{\"@type\":\"ImageObject\",\"inLanguage\":\"sr-RS\",\"@id\":\"https:\/\/inti.hr\/sr\/proizvod\/sigurnosna-ogradica-za-djecu\/#primaryimage\",\"url\":\"https:\/\/i0.wp.com\/inti.hr\/wp-content\/uploads\/2021\/01\/61WewayPcNL._AC_SL1200_.jpg?fit=1180%2C788&ssl=1\",\"contentUrl\":\"https:\/\/i0.wp.com\/inti.hr\/wp-content\/uploads\/2021\/01\/61WewayPcNL._AC_SL1200_.jpg?fit=1180%2C788&ssl=1\",\"width\":1180,\"height\":788},{\"@type\":\"BreadcrumbList\",\"@id\":\"https:\/\/inti.hr\/sr\/proizvod\/sigurnosna-ogradica-za-djecu\/#breadcrumb\",\"itemListElement\":[{\"@type\":\"ListItem\",\"position\":1,\"name\":\"Po\u010detna stranica\",\"item\":\"https:\/\/inti.hr\/sr\/\"},{\"@type\":\"ListItem\",\"position\":2,\"name\":\"Prodavnica\",\"item\":\"https:\/\/inti.hr\/sr\/prodavnica\/\"},{\"@type\":\"ListItem\",\"position\":3,\"name\":\"Sigurnosna ogradica za djecu\"}]},{\"@type\":\"WebSite\",\"@id\":\"https:\/\/inti.hr\/sr\/#website\",\"url\":\"https:\/\/inti.hr\/sr\/\",\"name\":\"Inti\",\"description\":\"trgovina\",\"potentialAction\":[{\"@type\":\"SearchAction\",\"target\":{\"@type\":\"EntryPoint\",\"urlTemplate\":\"https:\/\/inti.hr\/sr\/?s={search_term_string}\"},\"query-input\":{\"@type\":\"PropertyValueSpecification\",\"valueRequired\":true,\"valueName\":\"search_term_string\"}}],\"inLanguage\":\"sr-RS\"}]}<\/script>\n<!-- \/ Yoast SEO plugin. -->","yoast_head_json":{"title":"Sigurnosna ogradica za djecu - Inti","robots":{"index":"index","follow":"follow","max-snippet":"max-snippet:-1","max-image-preview":"max-image-preview:large","max-video-preview":"max-video-preview:-1"},"canonical":"https:\/\/inti.hr\/sr\/proizvod\/sigurnosna-ogradica-za-djecu\/","og_locale":"sr_RS","og_type":"article","og_title":"Sigurnosna ogradica za djecu - Inti","og_description":"Pogodna za za\u0161titu djece poput \u0161tednjaka, otvorenih kamina ili opasnih mjesta. Vrata ...","og_url":"https:\/\/inti.hr\/sr\/proizvod\/sigurnosna-ogradica-za-djecu\/","og_site_name":"Inti","og_image":[{"width":1180,"height":788,"url":"https:\/\/i0.wp.com\/inti.hr\/wp-content\/uploads\/2021\/01\/61WewayPcNL._AC_SL1200_.jpg?fit=1180%2C788&ssl=1","type":"image\/jpeg"}],"twitter_card":"summary_large_image","twitter_misc":{"\u041f\u0440\u043e\u0446\u0435\u045a\u0435\u043d\u043e \u0432\u0440\u0435\u043c\u0435 \u0447\u0438\u0442\u0430\u045a\u0430":"1 \u043c\u0438\u043d\u0443\u0442"},"schema":{"@context":"https:\/\/schema.org","@graph":[{"@type":"WebPage","@id":"https:\/\/inti.hr\/sr\/proizvod\/sigurnosna-ogradica-za-djecu\/","url":"https:\/\/inti.hr\/sr\/proizvod\/sigurnosna-ogradica-za-djecu\/","name":"Sigurnosna ogradica za djecu - Inti","isPartOf":{"@id":"https:\/\/inti.hr\/sr\/#website"},"primaryImageOfPage":{"@id":"https:\/\/inti.hr\/sr\/proizvod\/sigurnosna-ogradica-za-djecu\/#primaryimage"},"image":{"@id":"https:\/\/inti.hr\/sr\/proizvod\/sigurnosna-ogradica-za-djecu\/#primaryimage"},"thumbnailUrl":"https:\/\/i0.wp.com\/inti.hr\/wp-content\/uploads\/2021\/01\/61WewayPcNL._AC_SL1200_.jpg?fit=1180%2C788&ssl=1","datePublished":"2021-01-19T07:49:01+00:00","dateModified":"2021-01-19T07:49:01+00:00","breadcrumb":{"@id":"https:\/\/inti.hr\/sr\/proizvod\/sigurnosna-ogradica-za-djecu\/#breadcrumb"},"inLanguage":"sr-RS","potentialAction":[{"@type":"ReadAction","target":["https:\/\/inti.hr\/sr\/proizvod\/sigurnosna-ogradica-za-djecu\/"]}]},{"@type":"ImageObject","inLanguage":"sr-RS","@id":"https:\/\/inti.hr\/sr\/proizvod\/sigurnosna-ogradica-za-djecu\/#primaryimage","url":"https:\/\/i0.wp.com\/inti.hr\/wp-content\/uploads\/2021\/01\/61WewayPcNL._AC_SL1200_.jpg?fit=1180%2C788&ssl=1","contentUrl":"https:\/\/i0.wp.com\/inti.hr\/wp-content\/uploads\/2021\/01\/61WewayPcNL._AC_SL1200_.jpg?fit=1180%2C788&ssl=1","width":1180,"height":788},{"@type":"BreadcrumbList","@id":"https:\/\/inti.hr\/sr\/proizvod\/sigurnosna-ogradica-za-djecu\/#breadcrumb","itemListElement":[{"@type":"ListItem","position":1,"name":"Po\u010detna stranica","item":"https:\/\/inti.hr\/sr\/"},{"@type":"ListItem","position":2,"name":"Prodavnica","item":"https:\/\/inti.hr\/sr\/prodavnica\/"},{"@type":"ListItem","position":3,"name":"Sigurnosna ogradica za djecu"}]},{"@type":"WebSite","@id":"https:\/\/inti.hr\/sr\/#website","url":"https:\/\/inti.hr\/sr\/","name":"Inti","description":"trgovina","potentialAction":[{"@type":"SearchAction","target":{"@type":"EntryPoint","urlTemplate":"https:\/\/inti.hr\/sr\/?s={search_term_string}"},"query-input":{"@type":"PropertyValueSpecification","valueRequired":true,"valueName":"search_term_string"}}],"inLanguage":"sr-RS"}]}},"jetpack_sharing_enabled":true,"jetpack-related-posts":[],"_links":{"self":[{"href":"https:\/\/inti.hr\/sr\/wp-json\/wp\/v2\/product\/34558"}],"collection":[{"href":"https:\/\/inti.hr\/sr\/wp-json\/wp\/v2\/product"}],"about":[{"href":"https:\/\/inti.hr\/sr\/wp-json\/wp\/v2\/types\/product"}],"wp:featuredmedia":[{"embeddable":true,"href":"https:\/\/inti.hr\/sr\/wp-json\/wp\/v2\/media\/34560"}],"wp:attachment":[{"href":"https:\/\/inti.hr\/sr\/wp-json\/wp\/v2\/media?parent=34558"}],"wp:term":[{"taxonomy":"product_cat","embeddable":true,"href":"https:\/\/inti.hr\/sr\/wp-json\/wp\/v2\/product_cat?post=34558"},{"taxonomy":"product_tag","embeddable":true,"href":"https:\/\/inti.hr\/sr\/wp-json\/wp\/v2\/product_tag?post=34558"}],"curies":[{"name":"wp","href":"https:\/\/api.w.org\/{rel}","templated":true}]}}