{"id":34563,"date":"2021-01-18T10:51:00","date_gmt":"2021-01-18T10:51:00","guid":{"rendered":"https:\/\/inti.hr\/product\/podna-svjetiljka-18-051-20\/"},"modified":"2021-01-18T10:51:00","modified_gmt":"2021-01-18T10:51:00","slug":"podna-svjetiljka-18-051-20","status":"publish","type":"product","link":"https:\/\/inti.hr\/sr\/proizvod\/podna-svjetiljka-18-051-20\/","title":{"rendered":"Podna svjetiljka 18-051\/20"},"content":{"rendered":"<p><span class=\"tehnicki-podaci-naslov\">TEHNI\u010cKI PODACI<\/span><\/p>\n<ul>\n<li><b>Grlo:<\/b>\u00a0E27<\/li>\n<li><b>Broj izvora:<\/b>\u00a01<\/li>\n<li><b>Max.snaga \u017earulje:<\/b>\u00a060w<\/li>\n<li><b>\u017darulje uklju\u010dene:<\/b>\u00a0Ne<\/li>\n<li><b>Promjer \/ \u0161irina (u mm):<\/b>\u00a0570<\/li>\n<li><b>Visina (u mm):<\/b>\u00a01500<\/li>\n<li><b>Napon \/ Frekvencija:<\/b>\u00a0220-240V~50\/60Hz<\/li>\n<li><b>Materijal:<\/b>\u00a0Metal + tkanina<\/li>\n<li><b>IP za\u0161tita:<\/b>\u00a0IP20<\/li>\n<\/ul>\n","protected":false},"excerpt":{"rendered":"<p>\u010cvrsta, elegantna i trendovska svjetiljka na tri noge, prekrasnog je i &#8230; <\/p>\n","protected":false},"featured_media":34564,"template":"","meta":[],"product_cat":[2623],"product_tag":[4289,4290],"yoast_head":"<!-- This site is optimized with the Yoast SEO plugin v23.7 - https:\/\/yoast.com\/wordpress\/plugins\/seo\/ -->\n<title>Podna svjetiljka 18-051\/20 - Inti<\/title>\n<meta name=\"description\" content=\"\u010cvrsta, elegantna i trendovska svjetiljka na tri noge, prekrasnog je i vitkog izgleda.Jednostavnog dizajna, jedinstvene, elegantne i moderne zavr\u0161ne obrade.Podna svjetiljka \u0107e osvje\u017eiti i o\u017eivjeti zaboravljene kutke va\u0161e odabrane sobe!\" \/>\n<meta name=\"robots\" content=\"index, follow, max-snippet:-1, max-image-preview:large, max-video-preview:-1\" \/>\n<link rel=\"canonical\" href=\"https:\/\/inti.hr\/sr\/proizvod\/podna-svjetiljka-18-051-20\/\" \/>\n<meta property=\"og:locale\" content=\"sr_RS\" \/>\n<meta property=\"og:type\" content=\"article\" \/>\n<meta property=\"og:title\" content=\"Podna svjetiljka 18-051\/20 - Inti\" \/>\n<meta property=\"og:description\" content=\"\u010cvrsta, elegantna i trendovska svjetiljka na tri noge, prekrasnog je i vitkog izgleda.Jednostavnog dizajna, jedinstvene, elegantne i moderne zavr\u0161ne obrade.Podna svjetiljka \u0107e osvje\u017eiti i o\u017eivjeti zaboravljene kutke va\u0161e odabrane sobe!\" \/>\n<meta property=\"og:url\" content=\"https:\/\/inti.hr\/sr\/proizvod\/podna-svjetiljka-18-051-20\/\" \/>\n<meta property=\"og:site_name\" content=\"Inti\" \/>\n<meta property=\"og:image\" content=\"https:\/\/i0.wp.com\/inti.hr\/wp-content\/uploads\/2021\/01\/18051-scaled.jpg?fit=2365%2C2560&ssl=1\" \/>\n\t<meta property=\"og:image:width\" content=\"2365\" \/>\n\t<meta property=\"og:image:height\" content=\"2560\" \/>\n\t<meta property=\"og:image:type\" content=\"image\/jpeg\" \/>\n<meta name=\"twitter:card\" content=\"summary_large_image\" \/>\n<script type=\"application\/ld+json\" class=\"yoast-schema-graph\">{\"@context\":\"https:\/\/schema.org\",\"@graph\":[{\"@type\":\"WebPage\",\"@id\":\"https:\/\/inti.hr\/sr\/proizvod\/podna-svjetiljka-18-051-20\/\",\"url\":\"https:\/\/inti.hr\/sr\/proizvod\/podna-svjetiljka-18-051-20\/\",\"name\":\"Podna svjetiljka 18-051\/20 - Inti\",\"isPartOf\":{\"@id\":\"https:\/\/inti.hr\/sr\/#website\"},\"primaryImageOfPage\":{\"@id\":\"https:\/\/inti.hr\/sr\/proizvod\/podna-svjetiljka-18-051-20\/#primaryimage\"},\"image\":{\"@id\":\"https:\/\/inti.hr\/sr\/proizvod\/podna-svjetiljka-18-051-20\/#primaryimage\"},\"thumbnailUrl\":\"https:\/\/i0.wp.com\/inti.hr\/wp-content\/uploads\/2021\/01\/18051-scaled.jpg?fit=2365%2C2560&ssl=1\",\"datePublished\":\"2021-01-18T10:51:00+00:00\",\"dateModified\":\"2021-01-18T10:51:00+00:00\",\"description\":\"\u010cvrsta, elegantna i trendovska svjetiljka na tri noge, prekrasnog je i vitkog izgleda.Jednostavnog dizajna, jedinstvene, elegantne i moderne zavr\u0161ne obrade.Podna svjetiljka \u0107e osvje\u017eiti i o\u017eivjeti zaboravljene kutke va\u0161e odabrane sobe!\",\"breadcrumb\":{\"@id\":\"https:\/\/inti.hr\/sr\/proizvod\/podna-svjetiljka-18-051-20\/#breadcrumb\"},\"inLanguage\":\"sr-RS\",\"potentialAction\":[{\"@type\":\"ReadAction\",\"target\":[\"https:\/\/inti.hr\/sr\/proizvod\/podna-svjetiljka-18-051-20\/\"]}]},{\"@type\":\"ImageObject\",\"inLanguage\":\"sr-RS\",\"@id\":\"https:\/\/inti.hr\/sr\/proizvod\/podna-svjetiljka-18-051-20\/#primaryimage\",\"url\":\"https:\/\/i0.wp.com\/inti.hr\/wp-content\/uploads\/2021\/01\/18051-scaled.jpg?fit=2365%2C2560&ssl=1\",\"contentUrl\":\"https:\/\/i0.wp.com\/inti.hr\/wp-content\/uploads\/2021\/01\/18051-scaled.jpg?fit=2365%2C2560&ssl=1\",\"width\":2365,\"height\":2560},{\"@type\":\"BreadcrumbList\",\"@id\":\"https:\/\/inti.hr\/sr\/proizvod\/podna-svjetiljka-18-051-20\/#breadcrumb\",\"itemListElement\":[{\"@type\":\"ListItem\",\"position\":1,\"name\":\"Po\u010detna stranica\",\"item\":\"https:\/\/inti.hr\/sr\/\"},{\"@type\":\"ListItem\",\"position\":2,\"name\":\"Prodavnica\",\"item\":\"https:\/\/inti.hr\/sr\/prodavnica\/\"},{\"@type\":\"ListItem\",\"position\":3,\"name\":\"Podna svjetiljka 18-051\/20\"}]},{\"@type\":\"WebSite\",\"@id\":\"https:\/\/inti.hr\/sr\/#website\",\"url\":\"https:\/\/inti.hr\/sr\/\",\"name\":\"Inti\",\"description\":\"trgovina\",\"potentialAction\":[{\"@type\":\"SearchAction\",\"target\":{\"@type\":\"EntryPoint\",\"urlTemplate\":\"https:\/\/inti.hr\/sr\/?s={search_term_string}\"},\"query-input\":{\"@type\":\"PropertyValueSpecification\",\"valueRequired\":true,\"valueName\":\"search_term_string\"}}],\"inLanguage\":\"sr-RS\"}]}<\/script>\n<!-- \/ Yoast SEO plugin. -->","yoast_head_json":{"title":"Podna svjetiljka 18-051\/20 - Inti","description":"\u010cvrsta, elegantna i trendovska svjetiljka na tri noge, prekrasnog je i vitkog izgleda.Jednostavnog dizajna, jedinstvene, elegantne i moderne zavr\u0161ne obrade.Podna svjetiljka \u0107e osvje\u017eiti i o\u017eivjeti zaboravljene kutke va\u0161e odabrane sobe!","robots":{"index":"index","follow":"follow","max-snippet":"max-snippet:-1","max-image-preview":"max-image-preview:large","max-video-preview":"max-video-preview:-1"},"canonical":"https:\/\/inti.hr\/sr\/proizvod\/podna-svjetiljka-18-051-20\/","og_locale":"sr_RS","og_type":"article","og_title":"Podna svjetiljka 18-051\/20 - Inti","og_description":"\u010cvrsta, elegantna i trendovska svjetiljka na tri noge, prekrasnog je i vitkog izgleda.Jednostavnog dizajna, jedinstvene, elegantne i moderne zavr\u0161ne obrade.Podna svjetiljka \u0107e osvje\u017eiti i o\u017eivjeti zaboravljene kutke va\u0161e odabrane sobe!","og_url":"https:\/\/inti.hr\/sr\/proizvod\/podna-svjetiljka-18-051-20\/","og_site_name":"Inti","og_image":[{"width":2365,"height":2560,"url":"https:\/\/i0.wp.com\/inti.hr\/wp-content\/uploads\/2021\/01\/18051-scaled.jpg?fit=2365%2C2560&ssl=1","type":"image\/jpeg"}],"twitter_card":"summary_large_image","schema":{"@context":"https:\/\/schema.org","@graph":[{"@type":"WebPage","@id":"https:\/\/inti.hr\/sr\/proizvod\/podna-svjetiljka-18-051-20\/","url":"https:\/\/inti.hr\/sr\/proizvod\/podna-svjetiljka-18-051-20\/","name":"Podna svjetiljka 18-051\/20 - Inti","isPartOf":{"@id":"https:\/\/inti.hr\/sr\/#website"},"primaryImageOfPage":{"@id":"https:\/\/inti.hr\/sr\/proizvod\/podna-svjetiljka-18-051-20\/#primaryimage"},"image":{"@id":"https:\/\/inti.hr\/sr\/proizvod\/podna-svjetiljka-18-051-20\/#primaryimage"},"thumbnailUrl":"https:\/\/i0.wp.com\/inti.hr\/wp-content\/uploads\/2021\/01\/18051-scaled.jpg?fit=2365%2C2560&ssl=1","datePublished":"2021-01-18T10:51:00+00:00","dateModified":"2021-01-18T10:51:00+00:00","description":"\u010cvrsta, elegantna i trendovska svjetiljka na tri noge, prekrasnog je i vitkog izgleda.Jednostavnog dizajna, jedinstvene, elegantne i moderne zavr\u0161ne obrade.Podna svjetiljka \u0107e osvje\u017eiti i o\u017eivjeti zaboravljene kutke va\u0161e odabrane sobe!","breadcrumb":{"@id":"https:\/\/inti.hr\/sr\/proizvod\/podna-svjetiljka-18-051-20\/#breadcrumb"},"inLanguage":"sr-RS","potentialAction":[{"@type":"ReadAction","target":["https:\/\/inti.hr\/sr\/proizvod\/podna-svjetiljka-18-051-20\/"]}]},{"@type":"ImageObject","inLanguage":"sr-RS","@id":"https:\/\/inti.hr\/sr\/proizvod\/podna-svjetiljka-18-051-20\/#primaryimage","url":"https:\/\/i0.wp.com\/inti.hr\/wp-content\/uploads\/2021\/01\/18051-scaled.jpg?fit=2365%2C2560&ssl=1","contentUrl":"https:\/\/i0.wp.com\/inti.hr\/wp-content\/uploads\/2021\/01\/18051-scaled.jpg?fit=2365%2C2560&ssl=1","width":2365,"height":2560},{"@type":"BreadcrumbList","@id":"https:\/\/inti.hr\/sr\/proizvod\/podna-svjetiljka-18-051-20\/#breadcrumb","itemListElement":[{"@type":"ListItem","position":1,"name":"Po\u010detna stranica","item":"https:\/\/inti.hr\/sr\/"},{"@type":"ListItem","position":2,"name":"Prodavnica","item":"https:\/\/inti.hr\/sr\/prodavnica\/"},{"@type":"ListItem","position":3,"name":"Podna svjetiljka 18-051\/20"}]},{"@type":"WebSite","@id":"https:\/\/inti.hr\/sr\/#website","url":"https:\/\/inti.hr\/sr\/","name":"Inti","description":"trgovina","potentialAction":[{"@type":"SearchAction","target":{"@type":"EntryPoint","urlTemplate":"https:\/\/inti.hr\/sr\/?s={search_term_string}"},"query-input":{"@type":"PropertyValueSpecification","valueRequired":true,"valueName":"search_term_string"}}],"inLanguage":"sr-RS"}]}},"jetpack_sharing_enabled":true,"jetpack-related-posts":[],"_links":{"self":[{"href":"https:\/\/inti.hr\/sr\/wp-json\/wp\/v2\/product\/34563"}],"collection":[{"href":"https:\/\/inti.hr\/sr\/wp-json\/wp\/v2\/product"}],"about":[{"href":"https:\/\/inti.hr\/sr\/wp-json\/wp\/v2\/types\/product"}],"wp:featuredmedia":[{"embeddable":true,"href":"https:\/\/inti.hr\/sr\/wp-json\/wp\/v2\/media\/34564"}],"wp:attachment":[{"href":"https:\/\/inti.hr\/sr\/wp-json\/wp\/v2\/media?parent=34563"}],"wp:term":[{"taxonomy":"product_cat","embeddable":true,"href":"https:\/\/inti.hr\/sr\/wp-json\/wp\/v2\/product_cat?post=34563"},{"taxonomy":"product_tag","embeddable":true,"href":"https:\/\/inti.hr\/sr\/wp-json\/wp\/v2\/product_tag?post=34563"}],"curies":[{"name":"wp","href":"https:\/\/api.w.org\/{rel}","templated":true}]}}