{"id":34626,"date":"2026-01-13T15:16:48","date_gmt":"2026-01-13T14:16:48","guid":{"rendered":"https:\/\/inti.hr\/product\/kuhinjska-polica-s-uticnicama-i-resetkastom-plocom\/"},"modified":"2026-01-13T15:16:48","modified_gmt":"2026-01-13T14:16:48","slug":"kuhinjska-polica-s-uticnicama-i-resetkastom-plocom","status":"publish","type":"product","link":"https:\/\/inti.hr\/sr\/proizvod\/kuhinjska-polica-s-uticnicama-i-resetkastom-plocom\/","title":{"rendered":"Kuhinjska polica s uti\u010dnicama i re\u0161etkastom plo\u010dom"},"content":{"rendered":"<p>Detalji o proizvodu:<br \/>\nBoja: Vintage sme\u0111e-crna<br \/>\nMaterijal: Iverica, \u010delik<br \/>\nVeli\u010dina: 40 x 80 x 170 cm (D x \u0160 x V)<br \/>\nTe\u017eina: 21,1 kg<br \/>\nMaksimalna stati\u010dka nosivost svake gornje police: 20,4 kg<br \/>\nMaksimalna stati\u010dka nosivost radne povr\u0161ine: 45,4 kg<br \/>\nMaksimalna stati\u010dka nosivost srednje police: 59 kg<br \/>\nMaksimalna stati\u010dka nosivost donje police: 59 kg<br \/>\nMaksimalna stati\u010dka nosivost po kuki: 5 kg<\/p>\n","protected":false},"excerpt":{"rendered":"<p>[Kuhinjska polica s uti\u010dnicama] Produ\u017ena uti\u010dnica ima 4 uti\u010dnice, \u0161to vam &#8230; <\/p>\n","protected":false},"featured_media":34627,"template":"","meta":[],"product_cat":[2539],"product_tag":[2540,2577],"yoast_head":"<!-- This site is optimized with the Yoast SEO plugin v23.7 - https:\/\/yoast.com\/wordpress\/plugins\/seo\/ -->\n<title>Kuhinjska polica s uti\u010dnicama i re\u0161etkastom plo\u010dom - Inti<\/title>\n<meta name=\"description\" content=\"[Kuhinjska polica s uti\u010dnicama] Produ\u017ena uti\u010dnica ima 4 uti\u010dnice, \u0161to vam omogu\u0107uje istovremeno punjenje vi\u0161e ure\u0111aja. Maksimalna izlazna snaga je 1875 W. Integrirani dizajn produ\u017ene uti\u010dnice osigurava uredno upravljanje kabelima.[Sigurno i pouzdano] Integrirani produ\u017eni kabel ove samostoje\u0107e police nudi za\u0161titu od preoptere\u0107enja, za\u0161titu od curenja i, budu\u0107i da je opremljen prekida\u010dem za uklju\u010divanje\/isklju\u010divanje, mo\u017ee se isklju\u010diti kada se ne koristi \u2013 sve radi sigurnosti![Podesiva polica] Srednja polica (maksimalna nosivost: 59 kg) ove kuhinjske police mo\u017ee se podesiti 4,1 cm gore ili dolje, \u0161to vam omogu\u0107uje smje\u0161taj pribora razli\u010ditih veli\u010dina, od malih tostera do blendera i mikrovalnih pe\u0107nica.[Prostrana] Ova vi\u0161enamjenska polica s 5 polica za va\u0161u mikrovalnu pe\u0107nicu, aparat za kavu, fritezu i ostale ure\u0111aje, 14 kuka u obliku slova S za vje\u0161anje \u0161alica ili \u017elica na re\u0161etkastoj polici ili na bo\u010dnim \u0161ipkama unijet \u0107e red u va\u0161u kuhinju![Robustan, stabilan, elegantan] Visokokvalitetna, rustikalna iverica i \u010dvrsti okvir od crnog \u010delika kombiniraju se kako bi stvorili elegantan, robustan stalak za mikrovalnu pe\u0107nicu koji uljep\u0161ava va\u0161u sobu i podr\u017eava do 274,5 kg.[Ne morate brinuti o sastavljanju] Uz jasne upute i ozna\u010dene dijelove, ova samostoje\u0107a kuhinjska polica mo\u017ee se sastaviti u tren oka. Mo\u017eete po\u010deti pospremati svoju kuhinjsku plo\u010du \u0161to je prije mogu\u0107e!\" \/>\n<meta name=\"robots\" content=\"index, follow, max-snippet:-1, max-image-preview:large, max-video-preview:-1\" \/>\n<link rel=\"canonical\" href=\"https:\/\/inti.hr\/sr\/proizvod\/kuhinjska-polica-s-uticnicama-i-resetkastom-plocom\/\" \/>\n<meta property=\"og:locale\" content=\"sr_RS\" \/>\n<meta property=\"og:type\" content=\"article\" \/>\n<meta property=\"og:title\" content=\"Kuhinjska polica s uti\u010dnicama i re\u0161etkastom plo\u010dom - Inti\" \/>\n<meta property=\"og:description\" content=\"[Kuhinjska polica s uti\u010dnicama] Produ\u017ena uti\u010dnica ima 4 uti\u010dnice, \u0161to vam omogu\u0107uje istovremeno punjenje vi\u0161e ure\u0111aja. Maksimalna izlazna snaga je 1875 W. Integrirani dizajn produ\u017ene uti\u010dnice osigurava uredno upravljanje kabelima.[Sigurno i pouzdano] Integrirani produ\u017eni kabel ove samostoje\u0107e police nudi za\u0161titu od preoptere\u0107enja, za\u0161titu od curenja i, budu\u0107i da je opremljen prekida\u010dem za uklju\u010divanje\/isklju\u010divanje, mo\u017ee se isklju\u010diti kada se ne koristi \u2013 sve radi sigurnosti![Podesiva polica] Srednja polica (maksimalna nosivost: 59 kg) ove kuhinjske police mo\u017ee se podesiti 4,1 cm gore ili dolje, \u0161to vam omogu\u0107uje smje\u0161taj pribora razli\u010ditih veli\u010dina, od malih tostera do blendera i mikrovalnih pe\u0107nica.[Prostrana] Ova vi\u0161enamjenska polica s 5 polica za va\u0161u mikrovalnu pe\u0107nicu, aparat za kavu, fritezu i ostale ure\u0111aje, 14 kuka u obliku slova S za vje\u0161anje \u0161alica ili \u017elica na re\u0161etkastoj polici ili na bo\u010dnim \u0161ipkama unijet \u0107e red u va\u0161u kuhinju![Robustan, stabilan, elegantan] Visokokvalitetna, rustikalna iverica i \u010dvrsti okvir od crnog \u010delika kombiniraju se kako bi stvorili elegantan, robustan stalak za mikrovalnu pe\u0107nicu koji uljep\u0161ava va\u0161u sobu i podr\u017eava do 274,5 kg.[Ne morate brinuti o sastavljanju] Uz jasne upute i ozna\u010dene dijelove, ova samostoje\u0107a kuhinjska polica mo\u017ee se sastaviti u tren oka. Mo\u017eete po\u010deti pospremati svoju kuhinjsku plo\u010du \u0161to je prije mogu\u0107e!\" \/>\n<meta property=\"og:url\" content=\"https:\/\/inti.hr\/sr\/proizvod\/kuhinjska-polica-s-uticnicama-i-resetkastom-plocom\/\" \/>\n<meta property=\"og:site_name\" content=\"Inti\" \/>\n<meta property=\"og:image\" content=\"https:\/\/i0.wp.com\/inti.hr\/wp-content\/uploads\/2026\/01\/KKS025B01-1.jpg?fit=1000%2C1000&ssl=1\" \/>\n\t<meta property=\"og:image:width\" content=\"1000\" \/>\n\t<meta property=\"og:image:height\" content=\"1000\" \/>\n\t<meta property=\"og:image:type\" content=\"image\/jpeg\" \/>\n<meta name=\"twitter:card\" content=\"summary_large_image\" \/>\n<script type=\"application\/ld+json\" class=\"yoast-schema-graph\">{\"@context\":\"https:\/\/schema.org\",\"@graph\":[{\"@type\":\"WebPage\",\"@id\":\"https:\/\/inti.hr\/sr\/proizvod\/kuhinjska-polica-s-uticnicama-i-resetkastom-plocom\/\",\"url\":\"https:\/\/inti.hr\/sr\/proizvod\/kuhinjska-polica-s-uticnicama-i-resetkastom-plocom\/\",\"name\":\"Kuhinjska polica s uti\u010dnicama i re\u0161etkastom plo\u010dom - Inti\",\"isPartOf\":{\"@id\":\"https:\/\/inti.hr\/sr\/#website\"},\"primaryImageOfPage\":{\"@id\":\"https:\/\/inti.hr\/sr\/proizvod\/kuhinjska-polica-s-uticnicama-i-resetkastom-plocom\/#primaryimage\"},\"image\":{\"@id\":\"https:\/\/inti.hr\/sr\/proizvod\/kuhinjska-polica-s-uticnicama-i-resetkastom-plocom\/#primaryimage\"},\"thumbnailUrl\":\"https:\/\/i0.wp.com\/inti.hr\/wp-content\/uploads\/2026\/01\/KKS025B01-1.jpg?fit=1000%2C1000&ssl=1\",\"datePublished\":\"2026-01-13T14:16:48+00:00\",\"dateModified\":\"2026-01-13T14:16:48+00:00\",\"description\":\"[Kuhinjska polica s uti\u010dnicama] Produ\u017ena uti\u010dnica ima 4 uti\u010dnice, \u0161to vam omogu\u0107uje istovremeno punjenje vi\u0161e ure\u0111aja. Maksimalna izlazna snaga je 1875 W. Integrirani dizajn produ\u017ene uti\u010dnice osigurava uredno upravljanje kabelima.[Sigurno i pouzdano] Integrirani produ\u017eni kabel ove samostoje\u0107e police nudi za\u0161titu od preoptere\u0107enja, za\u0161titu od curenja i, budu\u0107i da je opremljen prekida\u010dem za uklju\u010divanje\/isklju\u010divanje, mo\u017ee se isklju\u010diti kada se ne koristi \u2013 sve radi sigurnosti![Podesiva polica] Srednja polica (maksimalna nosivost: 59 kg) ove kuhinjske police mo\u017ee se podesiti 4,1 cm gore ili dolje, \u0161to vam omogu\u0107uje smje\u0161taj pribora razli\u010ditih veli\u010dina, od malih tostera do blendera i mikrovalnih pe\u0107nica.[Prostrana] Ova vi\u0161enamjenska polica s 5 polica za va\u0161u mikrovalnu pe\u0107nicu, aparat za kavu, fritezu i ostale ure\u0111aje, 14 kuka u obliku slova S za vje\u0161anje \u0161alica ili \u017elica na re\u0161etkastoj polici ili na bo\u010dnim \u0161ipkama unijet \u0107e red u va\u0161u kuhinju![Robustan, stabilan, elegantan] Visokokvalitetna, rustikalna iverica i \u010dvrsti okvir od crnog \u010delika kombiniraju se kako bi stvorili elegantan, robustan stalak za mikrovalnu pe\u0107nicu koji uljep\u0161ava va\u0161u sobu i podr\u017eava do 274,5 kg.[Ne morate brinuti o sastavljanju] Uz jasne upute i ozna\u010dene dijelove, ova samostoje\u0107a kuhinjska polica mo\u017ee se sastaviti u tren oka. Mo\u017eete po\u010deti pospremati svoju kuhinjsku plo\u010du \u0161to je prije mogu\u0107e!\",\"breadcrumb\":{\"@id\":\"https:\/\/inti.hr\/sr\/proizvod\/kuhinjska-polica-s-uticnicama-i-resetkastom-plocom\/#breadcrumb\"},\"inLanguage\":\"sr-RS\",\"potentialAction\":[{\"@type\":\"ReadAction\",\"target\":[\"https:\/\/inti.hr\/sr\/proizvod\/kuhinjska-polica-s-uticnicama-i-resetkastom-plocom\/\"]}]},{\"@type\":\"ImageObject\",\"inLanguage\":\"sr-RS\",\"@id\":\"https:\/\/inti.hr\/sr\/proizvod\/kuhinjska-polica-s-uticnicama-i-resetkastom-plocom\/#primaryimage\",\"url\":\"https:\/\/i0.wp.com\/inti.hr\/wp-content\/uploads\/2026\/01\/KKS025B01-1.jpg?fit=1000%2C1000&ssl=1\",\"contentUrl\":\"https:\/\/i0.wp.com\/inti.hr\/wp-content\/uploads\/2026\/01\/KKS025B01-1.jpg?fit=1000%2C1000&ssl=1\",\"width\":1000,\"height\":1000,\"caption\":\"ASAGLE kuhinjska polica s uti\u010dnicama, sivo-crna\"},{\"@type\":\"BreadcrumbList\",\"@id\":\"https:\/\/inti.hr\/sr\/proizvod\/kuhinjska-polica-s-uticnicama-i-resetkastom-plocom\/#breadcrumb\",\"itemListElement\":[{\"@type\":\"ListItem\",\"position\":1,\"name\":\"Po\u010detna stranica\",\"item\":\"https:\/\/inti.hr\/sr\/\"},{\"@type\":\"ListItem\",\"position\":2,\"name\":\"Prodavnica\",\"item\":\"https:\/\/inti.hr\/sr\/prodavnica\/\"},{\"@type\":\"ListItem\",\"position\":3,\"name\":\"Kuhinjska polica s uti\u010dnicama i re\u0161etkastom plo\u010dom\"}]},{\"@type\":\"WebSite\",\"@id\":\"https:\/\/inti.hr\/sr\/#website\",\"url\":\"https:\/\/inti.hr\/sr\/\",\"name\":\"Inti\",\"description\":\"trgovina\",\"potentialAction\":[{\"@type\":\"SearchAction\",\"target\":{\"@type\":\"EntryPoint\",\"urlTemplate\":\"https:\/\/inti.hr\/sr\/?s={search_term_string}\"},\"query-input\":{\"@type\":\"PropertyValueSpecification\",\"valueRequired\":true,\"valueName\":\"search_term_string\"}}],\"inLanguage\":\"sr-RS\"}]}<\/script>\n<!-- \/ Yoast SEO plugin. -->","yoast_head_json":{"title":"Kuhinjska polica s uti\u010dnicama i re\u0161etkastom plo\u010dom - Inti","description":"[Kuhinjska polica s uti\u010dnicama] Produ\u017ena uti\u010dnica ima 4 uti\u010dnice, \u0161to vam omogu\u0107uje istovremeno punjenje vi\u0161e ure\u0111aja. Maksimalna izlazna snaga je 1875 W. Integrirani dizajn produ\u017ene uti\u010dnice osigurava uredno upravljanje kabelima.[Sigurno i pouzdano] Integrirani produ\u017eni kabel ove samostoje\u0107e police nudi za\u0161titu od preoptere\u0107enja, za\u0161titu od curenja i, budu\u0107i da je opremljen prekida\u010dem za uklju\u010divanje\/isklju\u010divanje, mo\u017ee se isklju\u010diti kada se ne koristi \u2013 sve radi sigurnosti![Podesiva polica] Srednja polica (maksimalna nosivost: 59 kg) ove kuhinjske police mo\u017ee se podesiti 4,1 cm gore ili dolje, \u0161to vam omogu\u0107uje smje\u0161taj pribora razli\u010ditih veli\u010dina, od malih tostera do blendera i mikrovalnih pe\u0107nica.[Prostrana] Ova vi\u0161enamjenska polica s 5 polica za va\u0161u mikrovalnu pe\u0107nicu, aparat za kavu, fritezu i ostale ure\u0111aje, 14 kuka u obliku slova S za vje\u0161anje \u0161alica ili \u017elica na re\u0161etkastoj polici ili na bo\u010dnim \u0161ipkama unijet \u0107e red u va\u0161u kuhinju![Robustan, stabilan, elegantan] Visokokvalitetna, rustikalna iverica i \u010dvrsti okvir od crnog \u010delika kombiniraju se kako bi stvorili elegantan, robustan stalak za mikrovalnu pe\u0107nicu koji uljep\u0161ava va\u0161u sobu i podr\u017eava do 274,5 kg.[Ne morate brinuti o sastavljanju] Uz jasne upute i ozna\u010dene dijelove, ova samostoje\u0107a kuhinjska polica mo\u017ee se sastaviti u tren oka. Mo\u017eete po\u010deti pospremati svoju kuhinjsku plo\u010du \u0161to je prije mogu\u0107e!","robots":{"index":"index","follow":"follow","max-snippet":"max-snippet:-1","max-image-preview":"max-image-preview:large","max-video-preview":"max-video-preview:-1"},"canonical":"https:\/\/inti.hr\/sr\/proizvod\/kuhinjska-polica-s-uticnicama-i-resetkastom-plocom\/","og_locale":"sr_RS","og_type":"article","og_title":"Kuhinjska polica s uti\u010dnicama i re\u0161etkastom plo\u010dom - Inti","og_description":"[Kuhinjska polica s uti\u010dnicama] Produ\u017ena uti\u010dnica ima 4 uti\u010dnice, \u0161to vam omogu\u0107uje istovremeno punjenje vi\u0161e ure\u0111aja. Maksimalna izlazna snaga je 1875 W. Integrirani dizajn produ\u017ene uti\u010dnice osigurava uredno upravljanje kabelima.[Sigurno i pouzdano] Integrirani produ\u017eni kabel ove samostoje\u0107e police nudi za\u0161titu od preoptere\u0107enja, za\u0161titu od curenja i, budu\u0107i da je opremljen prekida\u010dem za uklju\u010divanje\/isklju\u010divanje, mo\u017ee se isklju\u010diti kada se ne koristi \u2013 sve radi sigurnosti![Podesiva polica] Srednja polica (maksimalna nosivost: 59 kg) ove kuhinjske police mo\u017ee se podesiti 4,1 cm gore ili dolje, \u0161to vam omogu\u0107uje smje\u0161taj pribora razli\u010ditih veli\u010dina, od malih tostera do blendera i mikrovalnih pe\u0107nica.[Prostrana] Ova vi\u0161enamjenska polica s 5 polica za va\u0161u mikrovalnu pe\u0107nicu, aparat za kavu, fritezu i ostale ure\u0111aje, 14 kuka u obliku slova S za vje\u0161anje \u0161alica ili \u017elica na re\u0161etkastoj polici ili na bo\u010dnim \u0161ipkama unijet \u0107e red u va\u0161u kuhinju![Robustan, stabilan, elegantan] Visokokvalitetna, rustikalna iverica i \u010dvrsti okvir od crnog \u010delika kombiniraju se kako bi stvorili elegantan, robustan stalak za mikrovalnu pe\u0107nicu koji uljep\u0161ava va\u0161u sobu i podr\u017eava do 274,5 kg.[Ne morate brinuti o sastavljanju] Uz jasne upute i ozna\u010dene dijelove, ova samostoje\u0107a kuhinjska polica mo\u017ee se sastaviti u tren oka. Mo\u017eete po\u010deti pospremati svoju kuhinjsku plo\u010du \u0161to je prije mogu\u0107e!","og_url":"https:\/\/inti.hr\/sr\/proizvod\/kuhinjska-polica-s-uticnicama-i-resetkastom-plocom\/","og_site_name":"Inti","og_image":[{"width":1000,"height":1000,"url":"https:\/\/i0.wp.com\/inti.hr\/wp-content\/uploads\/2026\/01\/KKS025B01-1.jpg?fit=1000%2C1000&ssl=1","type":"image\/jpeg"}],"twitter_card":"summary_large_image","schema":{"@context":"https:\/\/schema.org","@graph":[{"@type":"WebPage","@id":"https:\/\/inti.hr\/sr\/proizvod\/kuhinjska-polica-s-uticnicama-i-resetkastom-plocom\/","url":"https:\/\/inti.hr\/sr\/proizvod\/kuhinjska-polica-s-uticnicama-i-resetkastom-plocom\/","name":"Kuhinjska polica s uti\u010dnicama i re\u0161etkastom plo\u010dom - Inti","isPartOf":{"@id":"https:\/\/inti.hr\/sr\/#website"},"primaryImageOfPage":{"@id":"https:\/\/inti.hr\/sr\/proizvod\/kuhinjska-polica-s-uticnicama-i-resetkastom-plocom\/#primaryimage"},"image":{"@id":"https:\/\/inti.hr\/sr\/proizvod\/kuhinjska-polica-s-uticnicama-i-resetkastom-plocom\/#primaryimage"},"thumbnailUrl":"https:\/\/i0.wp.com\/inti.hr\/wp-content\/uploads\/2026\/01\/KKS025B01-1.jpg?fit=1000%2C1000&ssl=1","datePublished":"2026-01-13T14:16:48+00:00","dateModified":"2026-01-13T14:16:48+00:00","description":"[Kuhinjska polica s uti\u010dnicama] Produ\u017ena uti\u010dnica ima 4 uti\u010dnice, \u0161to vam omogu\u0107uje istovremeno punjenje vi\u0161e ure\u0111aja. Maksimalna izlazna snaga je 1875 W. Integrirani dizajn produ\u017ene uti\u010dnice osigurava uredno upravljanje kabelima.[Sigurno i pouzdano] Integrirani produ\u017eni kabel ove samostoje\u0107e police nudi za\u0161titu od preoptere\u0107enja, za\u0161titu od curenja i, budu\u0107i da je opremljen prekida\u010dem za uklju\u010divanje\/isklju\u010divanje, mo\u017ee se isklju\u010diti kada se ne koristi \u2013 sve radi sigurnosti![Podesiva polica] Srednja polica (maksimalna nosivost: 59 kg) ove kuhinjske police mo\u017ee se podesiti 4,1 cm gore ili dolje, \u0161to vam omogu\u0107uje smje\u0161taj pribora razli\u010ditih veli\u010dina, od malih tostera do blendera i mikrovalnih pe\u0107nica.[Prostrana] Ova vi\u0161enamjenska polica s 5 polica za va\u0161u mikrovalnu pe\u0107nicu, aparat za kavu, fritezu i ostale ure\u0111aje, 14 kuka u obliku slova S za vje\u0161anje \u0161alica ili \u017elica na re\u0161etkastoj polici ili na bo\u010dnim \u0161ipkama unijet \u0107e red u va\u0161u kuhinju![Robustan, stabilan, elegantan] Visokokvalitetna, rustikalna iverica i \u010dvrsti okvir od crnog \u010delika kombiniraju se kako bi stvorili elegantan, robustan stalak za mikrovalnu pe\u0107nicu koji uljep\u0161ava va\u0161u sobu i podr\u017eava do 274,5 kg.[Ne morate brinuti o sastavljanju] Uz jasne upute i ozna\u010dene dijelove, ova samostoje\u0107a kuhinjska polica mo\u017ee se sastaviti u tren oka. Mo\u017eete po\u010deti pospremati svoju kuhinjsku plo\u010du \u0161to je prije mogu\u0107e!","breadcrumb":{"@id":"https:\/\/inti.hr\/sr\/proizvod\/kuhinjska-polica-s-uticnicama-i-resetkastom-plocom\/#breadcrumb"},"inLanguage":"sr-RS","potentialAction":[{"@type":"ReadAction","target":["https:\/\/inti.hr\/sr\/proizvod\/kuhinjska-polica-s-uticnicama-i-resetkastom-plocom\/"]}]},{"@type":"ImageObject","inLanguage":"sr-RS","@id":"https:\/\/inti.hr\/sr\/proizvod\/kuhinjska-polica-s-uticnicama-i-resetkastom-plocom\/#primaryimage","url":"https:\/\/i0.wp.com\/inti.hr\/wp-content\/uploads\/2026\/01\/KKS025B01-1.jpg?fit=1000%2C1000&ssl=1","contentUrl":"https:\/\/i0.wp.com\/inti.hr\/wp-content\/uploads\/2026\/01\/KKS025B01-1.jpg?fit=1000%2C1000&ssl=1","width":1000,"height":1000,"caption":"ASAGLE kuhinjska polica s uti\u010dnicama, sivo-crna"},{"@type":"BreadcrumbList","@id":"https:\/\/inti.hr\/sr\/proizvod\/kuhinjska-polica-s-uticnicama-i-resetkastom-plocom\/#breadcrumb","itemListElement":[{"@type":"ListItem","position":1,"name":"Po\u010detna stranica","item":"https:\/\/inti.hr\/sr\/"},{"@type":"ListItem","position":2,"name":"Prodavnica","item":"https:\/\/inti.hr\/sr\/prodavnica\/"},{"@type":"ListItem","position":3,"name":"Kuhinjska polica s uti\u010dnicama i re\u0161etkastom plo\u010dom"}]},{"@type":"WebSite","@id":"https:\/\/inti.hr\/sr\/#website","url":"https:\/\/inti.hr\/sr\/","name":"Inti","description":"trgovina","potentialAction":[{"@type":"SearchAction","target":{"@type":"EntryPoint","urlTemplate":"https:\/\/inti.hr\/sr\/?s={search_term_string}"},"query-input":{"@type":"PropertyValueSpecification","valueRequired":true,"valueName":"search_term_string"}}],"inLanguage":"sr-RS"}]}},"jetpack_sharing_enabled":true,"jetpack-related-posts":[],"_links":{"self":[{"href":"https:\/\/inti.hr\/sr\/wp-json\/wp\/v2\/product\/34626"}],"collection":[{"href":"https:\/\/inti.hr\/sr\/wp-json\/wp\/v2\/product"}],"about":[{"href":"https:\/\/inti.hr\/sr\/wp-json\/wp\/v2\/types\/product"}],"wp:featuredmedia":[{"embeddable":true,"href":"https:\/\/inti.hr\/sr\/wp-json\/wp\/v2\/media\/34627"}],"wp:attachment":[{"href":"https:\/\/inti.hr\/sr\/wp-json\/wp\/v2\/media?parent=34626"}],"wp:term":[{"taxonomy":"product_cat","embeddable":true,"href":"https:\/\/inti.hr\/sr\/wp-json\/wp\/v2\/product_cat?post=34626"},{"taxonomy":"product_tag","embeddable":true,"href":"https:\/\/inti.hr\/sr\/wp-json\/wp\/v2\/product_tag?post=34626"}],"curies":[{"name":"wp","href":"https:\/\/api.w.org\/{rel}","templated":true}]}}