{"id":34637,"date":"2026-01-02T19:45:03","date_gmt":"2026-01-02T18:45:03","guid":{"rendered":"https:\/\/inti.hr\/product\/toaletni-stolic-sa-stolicom-i-ogledalom-boja-oblaka-bijela\/"},"modified":"2026-01-02T19:45:03","modified_gmt":"2026-01-02T18:45:03","slug":"toaletni-stolic-sa-stolicom-i-ogledalom-boja-oblaka-bijela","status":"publish","type":"product","link":"https:\/\/inti.hr\/sr\/proizvod\/toaletni-stolic-sa-stolicom-i-ogledalom-boja-oblaka-bijela\/","title":{"rendered":"Toaletni stoli\u0107 sa stolicom i ogledalom, boja oblaka bijela"},"content":{"rendered":"<p>Detalji o proizvodu:<br \/>\nBoja: Obla\u010dno bijela<br \/>\nMaterijal: MDF, iverica, \u010delik, staklo, pjena, bar\u0161un<br \/>\nDimenzije toaletnog stoli\u0107a: 40 x 110 x 135 cm (D x \u0160 x V)<br \/>\nDimenzije stolca: 29 x 40 x 60 cm (D x \u0160 x V)<br \/>\nTe\u017eina: 39,5 kg<br \/>\nMaksimalna stati\u010dka nosivost plo\u010de stola: 70 kg<br \/>\nMaksimalna stati\u010dka nosivost gornje plo\u010de ormari\u0107a s ladicama: 15 kg<br \/>\nMaksimalna stati\u010dka nosivost otvorenog odjeljka: 5 kg<br \/>\nMaksimalna stati\u010dka nosivost po ladici: 5 kg<br \/>\nMaksimalna stati\u010dka nosivost stolice: 130 kg<\/p>\n","protected":false},"excerpt":{"rendered":"<ul class=\"left\">\n<li><span dir=\"auto\">Moderno i minimalisti\u010dko: Otkrijte kolekciju KAILYN! Savr\u0161ena kombinacija &#8230;<br \/>\n","protected":false},"featured_media":34638,"template":"","meta":[],"product_cat":[2416],"product_tag":[2677,4331],"yoast_head":"<!-- This site is optimized with the Yoast SEO plugin v23.7 - https:\/\/yoast.com\/wordpress\/plugins\/seo\/ -->\n<title>Toaletni stoli\u0107 sa stolicom i ogledalom, boja oblaka bijela - Inti<\/title>\n<meta name=\"description\" content=\"Moderno i minimalisti\u010dko: Otkrijte kolekciju KAILYN! Savr\u0161ena kombinacija jarko bijele boje, glatkih povr\u0161ina i ladica bez ru\u010dki. Uz \u0161irok izbor modela, mo\u017eete stvoriti idealan interijer koji savr\u0161eno odgovara va\u0161em ukusu.Pojednostavljena monta\u017ea: Klizne \u0161ine bez alata mogu se jednostavno pri\u010dvrstiti na tijelo toaletnog stoli\u0107a \u2013 bez vijaka!Puno prostora za pohranu: S plo\u010dom \u0161irine 110 cm, 9 ladica, 1 organizatorom za nakit i 7 otvorenih pretinaca (s 3 podesive police), ovaj toaletni stoli\u0107 nudi dovoljno prostora za va\u0161e kozmeti\u010dke proizvode.Ogledalo s LED rasvjetom: Tri boje svjetla (hladno, prirodno i toplo svjetlo) i svjetlina mogu se podesiti pomo\u0107u dodirnog upravljanja; prozirno ogledalo toaletnog stoli\u0107a mo\u017ee se fleksibilno bo\u010dno pomicati.Odvojivo ogledalo s 10x uve\u0107anjem: Ovo prakti\u010dno, odvojivo ogledalo s uve\u0107anjem omogu\u0107uje vam precizno nano\u0161enje maskare, tu\u0161a za o\u010di ili proizvoda za njegu lica.Toaletni stoli\u0107 s ogledalom, \u017earulje, osvijetljeno, \u0161minka, ljepota, kozmetika, ladice, polica za organizaciju, jednostavna monta\u017ea, kozmetika, proizvodi za njegu, spava\u0107a soba, kupaonica, romanti\u010dno, \u010dvrsto, bijelo, djevojke, nakit, \u017eene, poklon\" \/>\n<meta name=\"robots\" content=\"index, follow, max-snippet:-1, max-image-preview:large, max-video-preview:-1\" \/>\n<link rel=\"canonical\" href=\"https:\/\/inti.hr\/sr\/proizvod\/toaletni-stolic-sa-stolicom-i-ogledalom-boja-oblaka-bijela\/\" \/>\n<meta property=\"og:locale\" content=\"sr_RS\" \/>\n<meta property=\"og:type\" content=\"article\" \/>\n<meta property=\"og:title\" content=\"Toaletni stoli\u0107 sa stolicom i ogledalom, boja oblaka bijela - Inti\" \/>\n<meta property=\"og:description\" content=\"Moderno i minimalisti\u010dko: Otkrijte kolekciju KAILYN! Savr\u0161ena kombinacija jarko bijele boje, glatkih povr\u0161ina i ladica bez ru\u010dki. Uz \u0161irok izbor modela, mo\u017eete stvoriti idealan interijer koji savr\u0161eno odgovara va\u0161em ukusu.Pojednostavljena monta\u017ea: Klizne \u0161ine bez alata mogu se jednostavno pri\u010dvrstiti na tijelo toaletnog stoli\u0107a \u2013 bez vijaka!Puno prostora za pohranu: S plo\u010dom \u0161irine 110 cm, 9 ladica, 1 organizatorom za nakit i 7 otvorenih pretinaca (s 3 podesive police), ovaj toaletni stoli\u0107 nudi dovoljno prostora za va\u0161e kozmeti\u010dke proizvode.Ogledalo s LED rasvjetom: Tri boje svjetla (hladno, prirodno i toplo svjetlo) i svjetlina mogu se podesiti pomo\u0107u dodirnog upravljanja; prozirno ogledalo toaletnog stoli\u0107a mo\u017ee se fleksibilno bo\u010dno pomicati.Odvojivo ogledalo s 10x uve\u0107anjem: Ovo prakti\u010dno, odvojivo ogledalo s uve\u0107anjem omogu\u0107uje vam precizno nano\u0161enje maskare, tu\u0161a za o\u010di ili proizvoda za njegu lica.Toaletni stoli\u0107 s ogledalom, \u017earulje, osvijetljeno, \u0161minka, ljepota, kozmetika, ladice, polica za organizaciju, jednostavna monta\u017ea, kozmetika, proizvodi za njegu, spava\u0107a soba, kupaonica, romanti\u010dno, \u010dvrsto, bijelo, djevojke, nakit, \u017eene, poklon\" \/>\n<meta property=\"og:url\" content=\"https:\/\/inti.hr\/sr\/proizvod\/toaletni-stolic-sa-stolicom-i-ogledalom-boja-oblaka-bijela\/\" \/>\n<meta property=\"og:site_name\" content=\"Inti\" \/>\n<meta property=\"og:image\" content=\"https:\/\/i0.wp.com\/inti.hr\/wp-content\/uploads\/2026\/01\/RVT020WB01-1.jpg?fit=1000%2C1000&ssl=1\" \/>\n\t<meta property=\"og:image:width\" content=\"1000\" \/>\n\t<meta property=\"og:image:height\" content=\"1000\" \/>\n\t<meta property=\"og:image:type\" content=\"image\/jpeg\" \/>\n<meta name=\"twitter:card\" content=\"summary_large_image\" \/>\n<script type=\"application\/ld+json\" class=\"yoast-schema-graph\">{\"@context\":\"https:\/\/schema.org\",\"@graph\":[{\"@type\":\"WebPage\",\"@id\":\"https:\/\/inti.hr\/sr\/proizvod\/toaletni-stolic-sa-stolicom-i-ogledalom-boja-oblaka-bijela\/\",\"url\":\"https:\/\/inti.hr\/sr\/proizvod\/toaletni-stolic-sa-stolicom-i-ogledalom-boja-oblaka-bijela\/\",\"name\":\"Toaletni stoli\u0107 sa stolicom i ogledalom, boja oblaka bijela - Inti\",\"isPartOf\":{\"@id\":\"https:\/\/inti.hr\/sr\/#website\"},\"primaryImageOfPage\":{\"@id\":\"https:\/\/inti.hr\/sr\/proizvod\/toaletni-stolic-sa-stolicom-i-ogledalom-boja-oblaka-bijela\/#primaryimage\"},\"image\":{\"@id\":\"https:\/\/inti.hr\/sr\/proizvod\/toaletni-stolic-sa-stolicom-i-ogledalom-boja-oblaka-bijela\/#primaryimage\"},\"thumbnailUrl\":\"https:\/\/i0.wp.com\/inti.hr\/wp-content\/uploads\/2026\/01\/RVT020WB01-1.jpg?fit=1000%2C1000&ssl=1\",\"datePublished\":\"2026-01-02T18:45:03+00:00\",\"dateModified\":\"2026-01-02T18:45:03+00:00\",\"description\":\"Moderno i minimalisti\u010dko: Otkrijte kolekciju KAILYN! Savr\u0161ena kombinacija jarko bijele boje, glatkih povr\u0161ina i ladica bez ru\u010dki. Uz \u0161irok izbor modela, mo\u017eete stvoriti idealan interijer koji savr\u0161eno odgovara va\u0161em ukusu.Pojednostavljena monta\u017ea: Klizne \u0161ine bez alata mogu se jednostavno pri\u010dvrstiti na tijelo toaletnog stoli\u0107a \u2013 bez vijaka!Puno prostora za pohranu: S plo\u010dom \u0161irine 110 cm, 9 ladica, 1 organizatorom za nakit i 7 otvorenih pretinaca (s 3 podesive police), ovaj toaletni stoli\u0107 nudi dovoljno prostora za va\u0161e kozmeti\u010dke proizvode.Ogledalo s LED rasvjetom: Tri boje svjetla (hladno, prirodno i toplo svjetlo) i svjetlina mogu se podesiti pomo\u0107u dodirnog upravljanja; prozirno ogledalo toaletnog stoli\u0107a mo\u017ee se fleksibilno bo\u010dno pomicati.Odvojivo ogledalo s 10x uve\u0107anjem: Ovo prakti\u010dno, odvojivo ogledalo s uve\u0107anjem omogu\u0107uje vam precizno nano\u0161enje maskare, tu\u0161a za o\u010di ili proizvoda za njegu lica.Toaletni stoli\u0107 s ogledalom, \u017earulje, osvijetljeno, \u0161minka, ljepota, kozmetika, ladice, polica za organizaciju, jednostavna monta\u017ea, kozmetika, proizvodi za njegu, spava\u0107a soba, kupaonica, romanti\u010dno, \u010dvrsto, bijelo, djevojke, nakit, \u017eene, poklon\",\"breadcrumb\":{\"@id\":\"https:\/\/inti.hr\/sr\/proizvod\/toaletni-stolic-sa-stolicom-i-ogledalom-boja-oblaka-bijela\/#breadcrumb\"},\"inLanguage\":\"sr-RS\",\"potentialAction\":[{\"@type\":\"ReadAction\",\"target\":[\"https:\/\/inti.hr\/sr\/proizvod\/toaletni-stolic-sa-stolicom-i-ogledalom-boja-oblaka-bijela\/\"]}]},{\"@type\":\"ImageObject\",\"inLanguage\":\"sr-RS\",\"@id\":\"https:\/\/inti.hr\/sr\/proizvod\/toaletni-stolic-sa-stolicom-i-ogledalom-boja-oblaka-bijela\/#primaryimage\",\"url\":\"https:\/\/i0.wp.com\/inti.hr\/wp-content\/uploads\/2026\/01\/RVT020WB01-1.jpg?fit=1000%2C1000&ssl=1\",\"contentUrl\":\"https:\/\/i0.wp.com\/inti.hr\/wp-content\/uploads\/2026\/01\/RVT020WB01-1.jpg?fit=1000%2C1000&ssl=1\",\"width\":1000,\"height\":1000,\"caption\":\"VASAGLE toaletni stoli\u0107 sa stolicom i ogledalom, boja oblaka bijela\"},{\"@type\":\"BreadcrumbList\",\"@id\":\"https:\/\/inti.hr\/sr\/proizvod\/toaletni-stolic-sa-stolicom-i-ogledalom-boja-oblaka-bijela\/#breadcrumb\",\"itemListElement\":[{\"@type\":\"ListItem\",\"position\":1,\"name\":\"Po\u010detna stranica\",\"item\":\"https:\/\/inti.hr\/sr\/\"},{\"@type\":\"ListItem\",\"position\":2,\"name\":\"Prodavnica\",\"item\":\"https:\/\/inti.hr\/sr\/prodavnica\/\"},{\"@type\":\"ListItem\",\"position\":3,\"name\":\"Toaletni stoli\u0107 sa stolicom i ogledalom, boja oblaka bijela\"}]},{\"@type\":\"WebSite\",\"@id\":\"https:\/\/inti.hr\/sr\/#website\",\"url\":\"https:\/\/inti.hr\/sr\/\",\"name\":\"Inti\",\"description\":\"trgovina\",\"potentialAction\":[{\"@type\":\"SearchAction\",\"target\":{\"@type\":\"EntryPoint\",\"urlTemplate\":\"https:\/\/inti.hr\/sr\/?s={search_term_string}\"},\"query-input\":{\"@type\":\"PropertyValueSpecification\",\"valueRequired\":true,\"valueName\":\"search_term_string\"}}],\"inLanguage\":\"sr-RS\"}]}<\/script>\n<!-- \/ Yoast SEO plugin. -->","yoast_head_json":{"title":"Toaletni stoli\u0107 sa stolicom i ogledalom, boja oblaka bijela - Inti","description":"Moderno i minimalisti\u010dko: Otkrijte kolekciju KAILYN! Savr\u0161ena kombinacija jarko bijele boje, glatkih povr\u0161ina i ladica bez ru\u010dki. Uz \u0161irok izbor modela, mo\u017eete stvoriti idealan interijer koji savr\u0161eno odgovara va\u0161em ukusu.Pojednostavljena monta\u017ea: Klizne \u0161ine bez alata mogu se jednostavno pri\u010dvrstiti na tijelo toaletnog stoli\u0107a \u2013 bez vijaka!Puno prostora za pohranu: S plo\u010dom \u0161irine 110 cm, 9 ladica, 1 organizatorom za nakit i 7 otvorenih pretinaca (s 3 podesive police), ovaj toaletni stoli\u0107 nudi dovoljno prostora za va\u0161e kozmeti\u010dke proizvode.Ogledalo s LED rasvjetom: Tri boje svjetla (hladno, prirodno i toplo svjetlo) i svjetlina mogu se podesiti pomo\u0107u dodirnog upravljanja; prozirno ogledalo toaletnog stoli\u0107a mo\u017ee se fleksibilno bo\u010dno pomicati.Odvojivo ogledalo s 10x uve\u0107anjem: Ovo prakti\u010dno, odvojivo ogledalo s uve\u0107anjem omogu\u0107uje vam precizno nano\u0161enje maskare, tu\u0161a za o\u010di ili proizvoda za njegu lica.Toaletni stoli\u0107 s ogledalom, \u017earulje, osvijetljeno, \u0161minka, ljepota, kozmetika, ladice, polica za organizaciju, jednostavna monta\u017ea, kozmetika, proizvodi za njegu, spava\u0107a soba, kupaonica, romanti\u010dno, \u010dvrsto, bijelo, djevojke, nakit, \u017eene, poklon","robots":{"index":"index","follow":"follow","max-snippet":"max-snippet:-1","max-image-preview":"max-image-preview:large","max-video-preview":"max-video-preview:-1"},"canonical":"https:\/\/inti.hr\/sr\/proizvod\/toaletni-stolic-sa-stolicom-i-ogledalom-boja-oblaka-bijela\/","og_locale":"sr_RS","og_type":"article","og_title":"Toaletni stoli\u0107 sa stolicom i ogledalom, boja oblaka bijela - Inti","og_description":"Moderno i minimalisti\u010dko: Otkrijte kolekciju KAILYN! Savr\u0161ena kombinacija jarko bijele boje, glatkih povr\u0161ina i ladica bez ru\u010dki. Uz \u0161irok izbor modela, mo\u017eete stvoriti idealan interijer koji savr\u0161eno odgovara va\u0161em ukusu.Pojednostavljena monta\u017ea: Klizne \u0161ine bez alata mogu se jednostavno pri\u010dvrstiti na tijelo toaletnog stoli\u0107a \u2013 bez vijaka!Puno prostora za pohranu: S plo\u010dom \u0161irine 110 cm, 9 ladica, 1 organizatorom za nakit i 7 otvorenih pretinaca (s 3 podesive police), ovaj toaletni stoli\u0107 nudi dovoljno prostora za va\u0161e kozmeti\u010dke proizvode.Ogledalo s LED rasvjetom: Tri boje svjetla (hladno, prirodno i toplo svjetlo) i svjetlina mogu se podesiti pomo\u0107u dodirnog upravljanja; prozirno ogledalo toaletnog stoli\u0107a mo\u017ee se fleksibilno bo\u010dno pomicati.Odvojivo ogledalo s 10x uve\u0107anjem: Ovo prakti\u010dno, odvojivo ogledalo s uve\u0107anjem omogu\u0107uje vam precizno nano\u0161enje maskare, tu\u0161a za o\u010di ili proizvoda za njegu lica.Toaletni stoli\u0107 s ogledalom, \u017earulje, osvijetljeno, \u0161minka, ljepota, kozmetika, ladice, polica za organizaciju, jednostavna monta\u017ea, kozmetika, proizvodi za njegu, spava\u0107a soba, kupaonica, romanti\u010dno, \u010dvrsto, bijelo, djevojke, nakit, \u017eene, poklon","og_url":"https:\/\/inti.hr\/sr\/proizvod\/toaletni-stolic-sa-stolicom-i-ogledalom-boja-oblaka-bijela\/","og_site_name":"Inti","og_image":[{"width":1000,"height":1000,"url":"https:\/\/i0.wp.com\/inti.hr\/wp-content\/uploads\/2026\/01\/RVT020WB01-1.jpg?fit=1000%2C1000&ssl=1","type":"image\/jpeg"}],"twitter_card":"summary_large_image","schema":{"@context":"https:\/\/schema.org","@graph":[{"@type":"WebPage","@id":"https:\/\/inti.hr\/sr\/proizvod\/toaletni-stolic-sa-stolicom-i-ogledalom-boja-oblaka-bijela\/","url":"https:\/\/inti.hr\/sr\/proizvod\/toaletni-stolic-sa-stolicom-i-ogledalom-boja-oblaka-bijela\/","name":"Toaletni stoli\u0107 sa stolicom i ogledalom, boja oblaka bijela - Inti","isPartOf":{"@id":"https:\/\/inti.hr\/sr\/#website"},"primaryImageOfPage":{"@id":"https:\/\/inti.hr\/sr\/proizvod\/toaletni-stolic-sa-stolicom-i-ogledalom-boja-oblaka-bijela\/#primaryimage"},"image":{"@id":"https:\/\/inti.hr\/sr\/proizvod\/toaletni-stolic-sa-stolicom-i-ogledalom-boja-oblaka-bijela\/#primaryimage"},"thumbnailUrl":"https:\/\/i0.wp.com\/inti.hr\/wp-content\/uploads\/2026\/01\/RVT020WB01-1.jpg?fit=1000%2C1000&ssl=1","datePublished":"2026-01-02T18:45:03+00:00","dateModified":"2026-01-02T18:45:03+00:00","description":"Moderno i minimalisti\u010dko: Otkrijte kolekciju KAILYN! Savr\u0161ena kombinacija jarko bijele boje, glatkih povr\u0161ina i ladica bez ru\u010dki. Uz \u0161irok izbor modela, mo\u017eete stvoriti idealan interijer koji savr\u0161eno odgovara va\u0161em ukusu.Pojednostavljena monta\u017ea: Klizne \u0161ine bez alata mogu se jednostavno pri\u010dvrstiti na tijelo toaletnog stoli\u0107a \u2013 bez vijaka!Puno prostora za pohranu: S plo\u010dom \u0161irine 110 cm, 9 ladica, 1 organizatorom za nakit i 7 otvorenih pretinaca (s 3 podesive police), ovaj toaletni stoli\u0107 nudi dovoljno prostora za va\u0161e kozmeti\u010dke proizvode.Ogledalo s LED rasvjetom: Tri boje svjetla (hladno, prirodno i toplo svjetlo) i svjetlina mogu se podesiti pomo\u0107u dodirnog upravljanja; prozirno ogledalo toaletnog stoli\u0107a mo\u017ee se fleksibilno bo\u010dno pomicati.Odvojivo ogledalo s 10x uve\u0107anjem: Ovo prakti\u010dno, odvojivo ogledalo s uve\u0107anjem omogu\u0107uje vam precizno nano\u0161enje maskare, tu\u0161a za o\u010di ili proizvoda za njegu lica.Toaletni stoli\u0107 s ogledalom, \u017earulje, osvijetljeno, \u0161minka, ljepota, kozmetika, ladice, polica za organizaciju, jednostavna monta\u017ea, kozmetika, proizvodi za njegu, spava\u0107a soba, kupaonica, romanti\u010dno, \u010dvrsto, bijelo, djevojke, nakit, \u017eene, poklon","breadcrumb":{"@id":"https:\/\/inti.hr\/sr\/proizvod\/toaletni-stolic-sa-stolicom-i-ogledalom-boja-oblaka-bijela\/#breadcrumb"},"inLanguage":"sr-RS","potentialAction":[{"@type":"ReadAction","target":["https:\/\/inti.hr\/sr\/proizvod\/toaletni-stolic-sa-stolicom-i-ogledalom-boja-oblaka-bijela\/"]}]},{"@type":"ImageObject","inLanguage":"sr-RS","@id":"https:\/\/inti.hr\/sr\/proizvod\/toaletni-stolic-sa-stolicom-i-ogledalom-boja-oblaka-bijela\/#primaryimage","url":"https:\/\/i0.wp.com\/inti.hr\/wp-content\/uploads\/2026\/01\/RVT020WB01-1.jpg?fit=1000%2C1000&ssl=1","contentUrl":"https:\/\/i0.wp.com\/inti.hr\/wp-content\/uploads\/2026\/01\/RVT020WB01-1.jpg?fit=1000%2C1000&ssl=1","width":1000,"height":1000,"caption":"VASAGLE toaletni stoli\u0107 sa stolicom i ogledalom, boja oblaka bijela"},{"@type":"BreadcrumbList","@id":"https:\/\/inti.hr\/sr\/proizvod\/toaletni-stolic-sa-stolicom-i-ogledalom-boja-oblaka-bijela\/#breadcrumb","itemListElement":[{"@type":"ListItem","position":1,"name":"Po\u010detna stranica","item":"https:\/\/inti.hr\/sr\/"},{"@type":"ListItem","position":2,"name":"Prodavnica","item":"https:\/\/inti.hr\/sr\/prodavnica\/"},{"@type":"ListItem","position":3,"name":"Toaletni stoli\u0107 sa stolicom i ogledalom, boja oblaka bijela"}]},{"@type":"WebSite","@id":"https:\/\/inti.hr\/sr\/#website","url":"https:\/\/inti.hr\/sr\/","name":"Inti","description":"trgovina","potentialAction":[{"@type":"SearchAction","target":{"@type":"EntryPoint","urlTemplate":"https:\/\/inti.hr\/sr\/?s={search_term_string}"},"query-input":{"@type":"PropertyValueSpecification","valueRequired":true,"valueName":"search_term_string"}}],"inLanguage":"sr-RS"}]}},"jetpack_sharing_enabled":true,"jetpack-related-posts":[],"_links":{"self":[{"href":"https:\/\/inti.hr\/sr\/wp-json\/wp\/v2\/product\/34637"}],"collection":[{"href":"https:\/\/inti.hr\/sr\/wp-json\/wp\/v2\/product"}],"about":[{"href":"https:\/\/inti.hr\/sr\/wp-json\/wp\/v2\/types\/product"}],"wp:featuredmedia":[{"embeddable":true,"href":"https:\/\/inti.hr\/sr\/wp-json\/wp\/v2\/media\/34638"}],"wp:attachment":[{"href":"https:\/\/inti.hr\/sr\/wp-json\/wp\/v2\/media?parent=34637"}],"wp:term":[{"taxonomy":"product_cat","embeddable":true,"href":"https:\/\/inti.hr\/sr\/wp-json\/wp\/v2\/product_cat?post=34637"},{"taxonomy":"product_tag","embeddable":true,"href":"https:\/\/inti.hr\/sr\/wp-json\/wp\/v2\/product_tag?post=34637"}],"curies":[{"name":"wp","href":"https:\/\/api.w.org\/{rel}","templated":true}]}}