{"id":34653,"date":"2025-12-11T11:30:12","date_gmt":"2025-12-11T10:30:12","guid":{"rendered":"https:\/\/inti.hr\/product\/nocni-ormaric-s-otvorenim-pretincima-i-ladicom\/"},"modified":"2025-12-11T11:30:12","modified_gmt":"2025-12-11T10:30:12","slug":"nocni-ormaric-s-otvorenim-pretincima-i-ladicom","status":"publish","type":"product","link":"https:\/\/inti.hr\/sr\/proizvod\/nocni-ormaric-s-otvorenim-pretincima-i-ladicom\/","title":{"rendered":"No\u0107ni ormari\u0107 s otvorenim pretincima i ladicom"},"content":{"rendered":"<ul>\n<li><b><span dir=\"auto\">Detalji o proizvodu:<\/span><\/b><\/li>\n<li><span dir=\"auto\">Boja: Snje\u017eno bijela<\/span><\/li>\n<li><span dir=\"auto\">Materijal: Tijelo od iverice, dno ladice od MDF-a (vlaknaste plo\u010de srednje gusto\u0107e)<\/span><\/li>\n<li><span dir=\"auto\">Veli\u010dina: 30 x 25 x 59,4 cm (D x \u0160 x V)<\/span><\/li>\n<li><span dir=\"auto\">Te\u017eina: 7,3 kg<\/span><\/li>\n<li><span dir=\"auto\">Maksimalna stati\u010dka nosivost ladice: 10 kg<\/span><\/li>\n<li><span dir=\"auto\">FSC certifikat: Ormari\u0107 je izra\u0111en od FSC certificiranog drva.<\/span><\/li>\n<\/ul>\n","protected":false},"excerpt":{"rendered":"<div id=\"shopify-section-template--24859260977476__df93b25a-87c1-472b-a64c-99e1d4012875\" class=\"shopify-section p_Description preview-tabbar-item\">\n<div id=\"pr_des_warp\" class=\"container\">\n<div class=\"des_datail\">\n<div id=\"fedc5fb3-13e6-4fbd-b21f-4f05ee4a84a7\" class=\"des_item key_features\">\n<ul ...  \n\n","protected":false},"featured_media":34654,"template":"","meta":[],"product_cat":[2416],"product_tag":[2676,2677],"yoast_head":"<!-- This site is optimized with the Yoast SEO plugin v23.7 - https:\/\/yoast.com\/wordpress\/plugins\/seo\/ -->\n<title>No\u0107ni ormari\u0107 s otvorenim pretincima i ladicom - Inti<\/title>\n<meta name=\"description\" content=\"Tehnologija bez alata, super brza monta\u017ea bez alata: Za samo otprilike 10 minuta \u2013 bez potrebe za alatom! Zahvaljuju\u0107i spojnicama, koje su osvojile nagradu GOOD DESIGN AWARD 2024, plo\u010de se jednostavno spajaju.Robustan i izdr\u017eljiv: No\u0107ni ormari\u0107 opremljen je sigurnim sustavom zaklju\u010davanja i izra\u0111en je od visokokvalitetne iverice. Osigurava dug vijek trajanja i visoku stabilnost. Ladica mo\u017ee izdr\u017eati do 10 kg.U\u0161teda prostora: Zahvaljuju\u0107i kompaktnim dimenzijama od 30 x 25 x 59,4 cm, uski no\u0107ni ormari\u0107 savr\u0161eno se uklapa u male prostorije i \u0161tedi prostor \u2013 idealan za spava\u0107e sobe, dnevne sobe ili male kutke.Svestran prostor za pohranu: S 2 otvorena odjeljka i ladicom, ovaj stol osigurava da su vam bitne stvari za no\u0107 lako dostupne i uredno pohranjene.Fleksibilan i prilagodljiv: Gornji odjeljak mo\u017ee se montirati s otvorom okrenutim lijevo ili desno, \u0161to ga \u010dini jednostavnim za prilagodbu rasporedu prostorije ili osobnim preferencijama.\" \/>\n<meta name=\"robots\" content=\"index, follow, max-snippet:-1, max-image-preview:large, max-video-preview:-1\" \/>\n<link rel=\"canonical\" href=\"https:\/\/inti.hr\/sr\/proizvod\/nocni-ormaric-s-otvorenim-pretincima-i-ladicom\/\" \/>\n<meta property=\"og:locale\" content=\"sr_RS\" \/>\n<meta property=\"og:type\" content=\"article\" \/>\n<meta property=\"og:title\" content=\"No\u0107ni ormari\u0107 s otvorenim pretincima i ladicom - Inti\" \/>\n<meta property=\"og:description\" content=\"Tehnologija bez alata, super brza monta\u017ea bez alata: Za samo otprilike 10 minuta \u2013 bez potrebe za alatom! Zahvaljuju\u0107i spojnicama, koje su osvojile nagradu GOOD DESIGN AWARD 2024, plo\u010de se jednostavno spajaju.Robustan i izdr\u017eljiv: No\u0107ni ormari\u0107 opremljen je sigurnim sustavom zaklju\u010davanja i izra\u0111en je od visokokvalitetne iverice. Osigurava dug vijek trajanja i visoku stabilnost. Ladica mo\u017ee izdr\u017eati do 10 kg.U\u0161teda prostora: Zahvaljuju\u0107i kompaktnim dimenzijama od 30 x 25 x 59,4 cm, uski no\u0107ni ormari\u0107 savr\u0161eno se uklapa u male prostorije i \u0161tedi prostor \u2013 idealan za spava\u0107e sobe, dnevne sobe ili male kutke.Svestran prostor za pohranu: S 2 otvorena odjeljka i ladicom, ovaj stol osigurava da su vam bitne stvari za no\u0107 lako dostupne i uredno pohranjene.Fleksibilan i prilagodljiv: Gornji odjeljak mo\u017ee se montirati s otvorom okrenutim lijevo ili desno, \u0161to ga \u010dini jednostavnim za prilagodbu rasporedu prostorije ili osobnim preferencijama.\" \/>\n<meta property=\"og:url\" content=\"https:\/\/inti.hr\/sr\/proizvod\/nocni-ormaric-s-otvorenim-pretincima-i-ladicom\/\" \/>\n<meta property=\"og:site_name\" content=\"Inti\" \/>\n<meta property=\"og:image\" content=\"https:\/\/i0.wp.com\/inti.hr\/wp-content\/uploads\/2025\/12\/LET911WE01-1.jpg?fit=1000%2C1000&ssl=1\" \/>\n\t<meta property=\"og:image:width\" content=\"1000\" \/>\n\t<meta property=\"og:image:height\" content=\"1000\" \/>\n\t<meta property=\"og:image:type\" content=\"image\/jpeg\" \/>\n<meta name=\"twitter:card\" content=\"summary_large_image\" \/>\n<script type=\"application\/ld+json\" class=\"yoast-schema-graph\">{\"@context\":\"https:\/\/schema.org\",\"@graph\":[{\"@type\":\"WebPage\",\"@id\":\"https:\/\/inti.hr\/sr\/proizvod\/nocni-ormaric-s-otvorenim-pretincima-i-ladicom\/\",\"url\":\"https:\/\/inti.hr\/sr\/proizvod\/nocni-ormaric-s-otvorenim-pretincima-i-ladicom\/\",\"name\":\"No\u0107ni ormari\u0107 s otvorenim pretincima i ladicom - Inti\",\"isPartOf\":{\"@id\":\"https:\/\/inti.hr\/sr\/#website\"},\"primaryImageOfPage\":{\"@id\":\"https:\/\/inti.hr\/sr\/proizvod\/nocni-ormaric-s-otvorenim-pretincima-i-ladicom\/#primaryimage\"},\"image\":{\"@id\":\"https:\/\/inti.hr\/sr\/proizvod\/nocni-ormaric-s-otvorenim-pretincima-i-ladicom\/#primaryimage\"},\"thumbnailUrl\":\"https:\/\/i0.wp.com\/inti.hr\/wp-content\/uploads\/2025\/12\/LET911WE01-1.jpg?fit=1000%2C1000&ssl=1\",\"datePublished\":\"2025-12-11T10:30:12+00:00\",\"dateModified\":\"2025-12-11T10:30:12+00:00\",\"description\":\"Tehnologija bez alata, super brza monta\u017ea bez alata: Za samo otprilike 10 minuta \u2013 bez potrebe za alatom! Zahvaljuju\u0107i spojnicama, koje su osvojile nagradu GOOD DESIGN AWARD 2024, plo\u010de se jednostavno spajaju.Robustan i izdr\u017eljiv: No\u0107ni ormari\u0107 opremljen je sigurnim sustavom zaklju\u010davanja i izra\u0111en je od visokokvalitetne iverice. Osigurava dug vijek trajanja i visoku stabilnost. Ladica mo\u017ee izdr\u017eati do 10 kg.U\u0161teda prostora: Zahvaljuju\u0107i kompaktnim dimenzijama od 30 x 25 x 59,4 cm, uski no\u0107ni ormari\u0107 savr\u0161eno se uklapa u male prostorije i \u0161tedi prostor \u2013 idealan za spava\u0107e sobe, dnevne sobe ili male kutke.Svestran prostor za pohranu: S 2 otvorena odjeljka i ladicom, ovaj stol osigurava da su vam bitne stvari za no\u0107 lako dostupne i uredno pohranjene.Fleksibilan i prilagodljiv: Gornji odjeljak mo\u017ee se montirati s otvorom okrenutim lijevo ili desno, \u0161to ga \u010dini jednostavnim za prilagodbu rasporedu prostorije ili osobnim preferencijama.\",\"breadcrumb\":{\"@id\":\"https:\/\/inti.hr\/sr\/proizvod\/nocni-ormaric-s-otvorenim-pretincima-i-ladicom\/#breadcrumb\"},\"inLanguage\":\"sr-RS\",\"potentialAction\":[{\"@type\":\"ReadAction\",\"target\":[\"https:\/\/inti.hr\/sr\/proizvod\/nocni-ormaric-s-otvorenim-pretincima-i-ladicom\/\"]}]},{\"@type\":\"ImageObject\",\"inLanguage\":\"sr-RS\",\"@id\":\"https:\/\/inti.hr\/sr\/proizvod\/nocni-ormaric-s-otvorenim-pretincima-i-ladicom\/#primaryimage\",\"url\":\"https:\/\/i0.wp.com\/inti.hr\/wp-content\/uploads\/2025\/12\/LET911WE01-1.jpg?fit=1000%2C1000&ssl=1\",\"contentUrl\":\"https:\/\/i0.wp.com\/inti.hr\/wp-content\/uploads\/2025\/12\/LET911WE01-1.jpg?fit=1000%2C1000&ssl=1\",\"width\":1000,\"height\":1000,\"caption\":\"no\u0107ni ormari\u0107 s otvorenim pretincima i ladicom\"},{\"@type\":\"BreadcrumbList\",\"@id\":\"https:\/\/inti.hr\/sr\/proizvod\/nocni-ormaric-s-otvorenim-pretincima-i-ladicom\/#breadcrumb\",\"itemListElement\":[{\"@type\":\"ListItem\",\"position\":1,\"name\":\"Po\u010detna stranica\",\"item\":\"https:\/\/inti.hr\/sr\/\"},{\"@type\":\"ListItem\",\"position\":2,\"name\":\"Prodavnica\",\"item\":\"https:\/\/inti.hr\/sr\/prodavnica\/\"},{\"@type\":\"ListItem\",\"position\":3,\"name\":\"No\u0107ni ormari\u0107 s otvorenim pretincima i ladicom\"}]},{\"@type\":\"WebSite\",\"@id\":\"https:\/\/inti.hr\/sr\/#website\",\"url\":\"https:\/\/inti.hr\/sr\/\",\"name\":\"Inti\",\"description\":\"trgovina\",\"potentialAction\":[{\"@type\":\"SearchAction\",\"target\":{\"@type\":\"EntryPoint\",\"urlTemplate\":\"https:\/\/inti.hr\/sr\/?s={search_term_string}\"},\"query-input\":{\"@type\":\"PropertyValueSpecification\",\"valueRequired\":true,\"valueName\":\"search_term_string\"}}],\"inLanguage\":\"sr-RS\"}]}<\/script>\n<!-- \/ Yoast SEO plugin. -->","yoast_head_json":{"title":"No\u0107ni ormari\u0107 s otvorenim pretincima i ladicom - Inti","description":"Tehnologija bez alata, super brza monta\u017ea bez alata: Za samo otprilike 10 minuta \u2013 bez potrebe za alatom! Zahvaljuju\u0107i spojnicama, koje su osvojile nagradu GOOD DESIGN AWARD 2024, plo\u010de se jednostavno spajaju.Robustan i izdr\u017eljiv: No\u0107ni ormari\u0107 opremljen je sigurnim sustavom zaklju\u010davanja i izra\u0111en je od visokokvalitetne iverice. Osigurava dug vijek trajanja i visoku stabilnost. Ladica mo\u017ee izdr\u017eati do 10 kg.U\u0161teda prostora: Zahvaljuju\u0107i kompaktnim dimenzijama od 30 x 25 x 59,4 cm, uski no\u0107ni ormari\u0107 savr\u0161eno se uklapa u male prostorije i \u0161tedi prostor \u2013 idealan za spava\u0107e sobe, dnevne sobe ili male kutke.Svestran prostor za pohranu: S 2 otvorena odjeljka i ladicom, ovaj stol osigurava da su vam bitne stvari za no\u0107 lako dostupne i uredno pohranjene.Fleksibilan i prilagodljiv: Gornji odjeljak mo\u017ee se montirati s otvorom okrenutim lijevo ili desno, \u0161to ga \u010dini jednostavnim za prilagodbu rasporedu prostorije ili osobnim preferencijama.","robots":{"index":"index","follow":"follow","max-snippet":"max-snippet:-1","max-image-preview":"max-image-preview:large","max-video-preview":"max-video-preview:-1"},"canonical":"https:\/\/inti.hr\/sr\/proizvod\/nocni-ormaric-s-otvorenim-pretincima-i-ladicom\/","og_locale":"sr_RS","og_type":"article","og_title":"No\u0107ni ormari\u0107 s otvorenim pretincima i ladicom - Inti","og_description":"Tehnologija bez alata, super brza monta\u017ea bez alata: Za samo otprilike 10 minuta \u2013 bez potrebe za alatom! Zahvaljuju\u0107i spojnicama, koje su osvojile nagradu GOOD DESIGN AWARD 2024, plo\u010de se jednostavno spajaju.Robustan i izdr\u017eljiv: No\u0107ni ormari\u0107 opremljen je sigurnim sustavom zaklju\u010davanja i izra\u0111en je od visokokvalitetne iverice. Osigurava dug vijek trajanja i visoku stabilnost. Ladica mo\u017ee izdr\u017eati do 10 kg.U\u0161teda prostora: Zahvaljuju\u0107i kompaktnim dimenzijama od 30 x 25 x 59,4 cm, uski no\u0107ni ormari\u0107 savr\u0161eno se uklapa u male prostorije i \u0161tedi prostor \u2013 idealan za spava\u0107e sobe, dnevne sobe ili male kutke.Svestran prostor za pohranu: S 2 otvorena odjeljka i ladicom, ovaj stol osigurava da su vam bitne stvari za no\u0107 lako dostupne i uredno pohranjene.Fleksibilan i prilagodljiv: Gornji odjeljak mo\u017ee se montirati s otvorom okrenutim lijevo ili desno, \u0161to ga \u010dini jednostavnim za prilagodbu rasporedu prostorije ili osobnim preferencijama.","og_url":"https:\/\/inti.hr\/sr\/proizvod\/nocni-ormaric-s-otvorenim-pretincima-i-ladicom\/","og_site_name":"Inti","og_image":[{"width":1000,"height":1000,"url":"https:\/\/i0.wp.com\/inti.hr\/wp-content\/uploads\/2025\/12\/LET911WE01-1.jpg?fit=1000%2C1000&ssl=1","type":"image\/jpeg"}],"twitter_card":"summary_large_image","schema":{"@context":"https:\/\/schema.org","@graph":[{"@type":"WebPage","@id":"https:\/\/inti.hr\/sr\/proizvod\/nocni-ormaric-s-otvorenim-pretincima-i-ladicom\/","url":"https:\/\/inti.hr\/sr\/proizvod\/nocni-ormaric-s-otvorenim-pretincima-i-ladicom\/","name":"No\u0107ni ormari\u0107 s otvorenim pretincima i ladicom - Inti","isPartOf":{"@id":"https:\/\/inti.hr\/sr\/#website"},"primaryImageOfPage":{"@id":"https:\/\/inti.hr\/sr\/proizvod\/nocni-ormaric-s-otvorenim-pretincima-i-ladicom\/#primaryimage"},"image":{"@id":"https:\/\/inti.hr\/sr\/proizvod\/nocni-ormaric-s-otvorenim-pretincima-i-ladicom\/#primaryimage"},"thumbnailUrl":"https:\/\/i0.wp.com\/inti.hr\/wp-content\/uploads\/2025\/12\/LET911WE01-1.jpg?fit=1000%2C1000&ssl=1","datePublished":"2025-12-11T10:30:12+00:00","dateModified":"2025-12-11T10:30:12+00:00","description":"Tehnologija bez alata, super brza monta\u017ea bez alata: Za samo otprilike 10 minuta \u2013 bez potrebe za alatom! Zahvaljuju\u0107i spojnicama, koje su osvojile nagradu GOOD DESIGN AWARD 2024, plo\u010de se jednostavno spajaju.Robustan i izdr\u017eljiv: No\u0107ni ormari\u0107 opremljen je sigurnim sustavom zaklju\u010davanja i izra\u0111en je od visokokvalitetne iverice. Osigurava dug vijek trajanja i visoku stabilnost. Ladica mo\u017ee izdr\u017eati do 10 kg.U\u0161teda prostora: Zahvaljuju\u0107i kompaktnim dimenzijama od 30 x 25 x 59,4 cm, uski no\u0107ni ormari\u0107 savr\u0161eno se uklapa u male prostorije i \u0161tedi prostor \u2013 idealan za spava\u0107e sobe, dnevne sobe ili male kutke.Svestran prostor za pohranu: S 2 otvorena odjeljka i ladicom, ovaj stol osigurava da su vam bitne stvari za no\u0107 lako dostupne i uredno pohranjene.Fleksibilan i prilagodljiv: Gornji odjeljak mo\u017ee se montirati s otvorom okrenutim lijevo ili desno, \u0161to ga \u010dini jednostavnim za prilagodbu rasporedu prostorije ili osobnim preferencijama.","breadcrumb":{"@id":"https:\/\/inti.hr\/sr\/proizvod\/nocni-ormaric-s-otvorenim-pretincima-i-ladicom\/#breadcrumb"},"inLanguage":"sr-RS","potentialAction":[{"@type":"ReadAction","target":["https:\/\/inti.hr\/sr\/proizvod\/nocni-ormaric-s-otvorenim-pretincima-i-ladicom\/"]}]},{"@type":"ImageObject","inLanguage":"sr-RS","@id":"https:\/\/inti.hr\/sr\/proizvod\/nocni-ormaric-s-otvorenim-pretincima-i-ladicom\/#primaryimage","url":"https:\/\/i0.wp.com\/inti.hr\/wp-content\/uploads\/2025\/12\/LET911WE01-1.jpg?fit=1000%2C1000&ssl=1","contentUrl":"https:\/\/i0.wp.com\/inti.hr\/wp-content\/uploads\/2025\/12\/LET911WE01-1.jpg?fit=1000%2C1000&ssl=1","width":1000,"height":1000,"caption":"no\u0107ni ormari\u0107 s otvorenim pretincima i ladicom"},{"@type":"BreadcrumbList","@id":"https:\/\/inti.hr\/sr\/proizvod\/nocni-ormaric-s-otvorenim-pretincima-i-ladicom\/#breadcrumb","itemListElement":[{"@type":"ListItem","position":1,"name":"Po\u010detna stranica","item":"https:\/\/inti.hr\/sr\/"},{"@type":"ListItem","position":2,"name":"Prodavnica","item":"https:\/\/inti.hr\/sr\/prodavnica\/"},{"@type":"ListItem","position":3,"name":"No\u0107ni ormari\u0107 s otvorenim pretincima i ladicom"}]},{"@type":"WebSite","@id":"https:\/\/inti.hr\/sr\/#website","url":"https:\/\/inti.hr\/sr\/","name":"Inti","description":"trgovina","potentialAction":[{"@type":"SearchAction","target":{"@type":"EntryPoint","urlTemplate":"https:\/\/inti.hr\/sr\/?s={search_term_string}"},"query-input":{"@type":"PropertyValueSpecification","valueRequired":true,"valueName":"search_term_string"}}],"inLanguage":"sr-RS"}]}},"jetpack_sharing_enabled":true,"jetpack-related-posts":[],"_links":{"self":[{"href":"https:\/\/inti.hr\/sr\/wp-json\/wp\/v2\/product\/34653"}],"collection":[{"href":"https:\/\/inti.hr\/sr\/wp-json\/wp\/v2\/product"}],"about":[{"href":"https:\/\/inti.hr\/sr\/wp-json\/wp\/v2\/types\/product"}],"wp:featuredmedia":[{"embeddable":true,"href":"https:\/\/inti.hr\/sr\/wp-json\/wp\/v2\/media\/34654"}],"wp:attachment":[{"href":"https:\/\/inti.hr\/sr\/wp-json\/wp\/v2\/media?parent=34653"}],"wp:term":[{"taxonomy":"product_cat","embeddable":true,"href":"https:\/\/inti.hr\/sr\/wp-json\/wp\/v2\/product_cat?post=34653"},{"taxonomy":"product_tag","embeddable":true,"href":"https:\/\/inti.hr\/sr\/wp-json\/wp\/v2\/product_tag?post=34653"}],"curies":[{"name":"wp","href":"https:\/\/api.w.org\/{rel}","templated":true}]}}