{"id":34657,"date":"2025-12-09T11:00:23","date_gmt":"2025-12-09T10:00:23","guid":{"rendered":"https:\/\/inti.hr\/product\/feandrea-zatvorena-kutija-za-macji-pijesak-s-lopaticom-i-cetkom\/"},"modified":"2025-12-09T11:00:23","modified_gmt":"2025-12-09T10:00:23","slug":"feandrea-zatvorena-kutija-za-macji-pijesak-s-lopaticom-i-cetkom","status":"publish","type":"product","link":"https:\/\/inti.hr\/sr\/proizvod\/feandrea-zatvorena-kutija-za-macji-pijesak-s-lopaticom-i-cetkom\/","title":{"rendered":"Feandrea zatvorena kutija za ma\u010dji pijesak s lopaticom i \u010detkom"},"content":{"rendered":"<ul>\n<li><b><span dir=\"auto\">Detalji o proizvodu:<\/span><\/b><\/li>\n<li><span dir=\"auto\">Boja: Golublje sivo-\u0161kriljevac siva<\/span><\/li>\n<li><span dir=\"auto\">Materijal: PP plastika (polipropilen)<\/span><\/li>\n<li><span dir=\"auto\">Veli\u010dina: 57 x 43,6 x 38,2 cm (D x \u0160 x V)<\/span><\/li>\n<li><span dir=\"auto\">Te\u017eina: 1,9 kg<\/span><\/li>\n<li><span dir=\"auto\">Maksimalna stati\u010dka nosivost gornje povr\u0161ine: 15 kg<\/span><\/li>\n<\/ul>\n","protected":false},"excerpt":{"rendered":"<p>Jednostavno \u010di\u0161\u0107enje: Zahvaljuju\u0107i poklopcu koji se otvara za 180\u00b0 i ekstra &#8230; <\/p>\n","protected":false},"featured_media":34658,"template":"","meta":[],"product_cat":[2404],"product_tag":[4335],"yoast_head":"<!-- This site is optimized with the Yoast SEO plugin v23.7 - https:\/\/yoast.com\/wordpress\/plugins\/seo\/ -->\n<title>Feandrea zatvorena kutija za ma\u010dji pijesak s lopaticom i \u010detkom - Inti<\/title>\n<meta name=\"description\" content=\"Jednostavno \u010di\u0161\u0107enje: Zahvaljuju\u0107i poklopcu koji se otvara za 180\u00b0 i ekstra velikoj mjerici, svakodnevno odr\u017eavanje je brzo i jednostavno \u2013 jednostavno podignite poklopac, izvadite otpad i osigurat \u0107ete \u010disto i ugodno okru\u017eenje za svoju ma\u010dku.Prostrana unutra\u0161njost: S dimenzijama 57 x 43,6 x 38,2 cm, ova velika kutija za pijesak nudi va\u0161oj ma\u010dki puno prostora za udobno okretanje i kopanje. Savr\u0161ena je za ma\u010dke do 15 kg, poput Maine Coon ma\u010daka.Manje nereda: Pametno dizajnirane rupe na vrhu omogu\u0107uju da posip padne natrag u kutiju. Podignute rubove smanjuju prosipanje posipka \u2013 manje nereda na podu, vi\u0161e reda u va\u0161em domu.Ulazi sprijeda, izlazi gore: Va\u0161a ma\u010dka mo\u017ee u\u0107i kroz prednja vrata i iza\u0107i na vrhu. Zahvaljuju\u0107i optimiziranom dizajnu, va\u0161a ma\u010dka mo\u017ee udobno obavljati nu\u017edu, a istovremeno smanjuje koli\u010dinu sme\u0107a koje se ostavlja van.Vi\u0161e privatnosti, manje neugodnih mirisa: Zahvaljuju\u0107i zatvorenom dizajnu, ova kutija za pijesak nudi privatni prostor u kojem se va\u0161a ma\u010dka osje\u0107a sigurno za obavljanje nu\u017ede i sprje\u010dava \u0161irenje neugodnih mirisa.\" \/>\n<meta name=\"robots\" content=\"index, follow, max-snippet:-1, max-image-preview:large, max-video-preview:-1\" \/>\n<link rel=\"canonical\" href=\"https:\/\/inti.hr\/sr\/proizvod\/feandrea-zatvorena-kutija-za-macji-pijesak-s-lopaticom-i-cetkom\/\" \/>\n<meta property=\"og:locale\" content=\"sr_RS\" \/>\n<meta property=\"og:type\" content=\"article\" \/>\n<meta property=\"og:title\" content=\"Feandrea zatvorena kutija za ma\u010dji pijesak s lopaticom i \u010detkom - Inti\" \/>\n<meta property=\"og:description\" content=\"Jednostavno \u010di\u0161\u0107enje: Zahvaljuju\u0107i poklopcu koji se otvara za 180\u00b0 i ekstra velikoj mjerici, svakodnevno odr\u017eavanje je brzo i jednostavno \u2013 jednostavno podignite poklopac, izvadite otpad i osigurat \u0107ete \u010disto i ugodno okru\u017eenje za svoju ma\u010dku.Prostrana unutra\u0161njost: S dimenzijama 57 x 43,6 x 38,2 cm, ova velika kutija za pijesak nudi va\u0161oj ma\u010dki puno prostora za udobno okretanje i kopanje. Savr\u0161ena je za ma\u010dke do 15 kg, poput Maine Coon ma\u010daka.Manje nereda: Pametno dizajnirane rupe na vrhu omogu\u0107uju da posip padne natrag u kutiju. Podignute rubove smanjuju prosipanje posipka \u2013 manje nereda na podu, vi\u0161e reda u va\u0161em domu.Ulazi sprijeda, izlazi gore: Va\u0161a ma\u010dka mo\u017ee u\u0107i kroz prednja vrata i iza\u0107i na vrhu. Zahvaljuju\u0107i optimiziranom dizajnu, va\u0161a ma\u010dka mo\u017ee udobno obavljati nu\u017edu, a istovremeno smanjuje koli\u010dinu sme\u0107a koje se ostavlja van.Vi\u0161e privatnosti, manje neugodnih mirisa: Zahvaljuju\u0107i zatvorenom dizajnu, ova kutija za pijesak nudi privatni prostor u kojem se va\u0161a ma\u010dka osje\u0107a sigurno za obavljanje nu\u017ede i sprje\u010dava \u0161irenje neugodnih mirisa.\" \/>\n<meta property=\"og:url\" content=\"https:\/\/inti.hr\/sr\/proizvod\/feandrea-zatvorena-kutija-za-macji-pijesak-s-lopaticom-i-cetkom\/\" \/>\n<meta property=\"og:site_name\" content=\"Inti\" \/>\n<meta property=\"og:image\" content=\"https:\/\/i0.wp.com\/inti.hr\/wp-content\/uploads\/2025\/12\/PPT011GN01-1.jpg?fit=1000%2C1000&ssl=1\" \/>\n\t<meta property=\"og:image:width\" content=\"1000\" \/>\n\t<meta property=\"og:image:height\" content=\"1000\" \/>\n\t<meta property=\"og:image:type\" content=\"image\/jpeg\" \/>\n<meta name=\"twitter:card\" content=\"summary_large_image\" \/>\n<script type=\"application\/ld+json\" class=\"yoast-schema-graph\">{\"@context\":\"https:\/\/schema.org\",\"@graph\":[{\"@type\":\"WebPage\",\"@id\":\"https:\/\/inti.hr\/sr\/proizvod\/feandrea-zatvorena-kutija-za-macji-pijesak-s-lopaticom-i-cetkom\/\",\"url\":\"https:\/\/inti.hr\/sr\/proizvod\/feandrea-zatvorena-kutija-za-macji-pijesak-s-lopaticom-i-cetkom\/\",\"name\":\"Feandrea zatvorena kutija za ma\u010dji pijesak s lopaticom i \u010detkom - Inti\",\"isPartOf\":{\"@id\":\"https:\/\/inti.hr\/sr\/#website\"},\"primaryImageOfPage\":{\"@id\":\"https:\/\/inti.hr\/sr\/proizvod\/feandrea-zatvorena-kutija-za-macji-pijesak-s-lopaticom-i-cetkom\/#primaryimage\"},\"image\":{\"@id\":\"https:\/\/inti.hr\/sr\/proizvod\/feandrea-zatvorena-kutija-za-macji-pijesak-s-lopaticom-i-cetkom\/#primaryimage\"},\"thumbnailUrl\":\"https:\/\/i0.wp.com\/inti.hr\/wp-content\/uploads\/2025\/12\/PPT011GN01-1.jpg?fit=1000%2C1000&ssl=1\",\"datePublished\":\"2025-12-09T10:00:23+00:00\",\"dateModified\":\"2025-12-09T10:00:23+00:00\",\"description\":\"Jednostavno \u010di\u0161\u0107enje: Zahvaljuju\u0107i poklopcu koji se otvara za 180\u00b0 i ekstra velikoj mjerici, svakodnevno odr\u017eavanje je brzo i jednostavno \u2013 jednostavno podignite poklopac, izvadite otpad i osigurat \u0107ete \u010disto i ugodno okru\u017eenje za svoju ma\u010dku.Prostrana unutra\u0161njost: S dimenzijama 57 x 43,6 x 38,2 cm, ova velika kutija za pijesak nudi va\u0161oj ma\u010dki puno prostora za udobno okretanje i kopanje. Savr\u0161ena je za ma\u010dke do 15 kg, poput Maine Coon ma\u010daka.Manje nereda: Pametno dizajnirane rupe na vrhu omogu\u0107uju da posip padne natrag u kutiju. Podignute rubove smanjuju prosipanje posipka \u2013 manje nereda na podu, vi\u0161e reda u va\u0161em domu.Ulazi sprijeda, izlazi gore: Va\u0161a ma\u010dka mo\u017ee u\u0107i kroz prednja vrata i iza\u0107i na vrhu. Zahvaljuju\u0107i optimiziranom dizajnu, va\u0161a ma\u010dka mo\u017ee udobno obavljati nu\u017edu, a istovremeno smanjuje koli\u010dinu sme\u0107a koje se ostavlja van.Vi\u0161e privatnosti, manje neugodnih mirisa: Zahvaljuju\u0107i zatvorenom dizajnu, ova kutija za pijesak nudi privatni prostor u kojem se va\u0161a ma\u010dka osje\u0107a sigurno za obavljanje nu\u017ede i sprje\u010dava \u0161irenje neugodnih mirisa.\",\"breadcrumb\":{\"@id\":\"https:\/\/inti.hr\/sr\/proizvod\/feandrea-zatvorena-kutija-za-macji-pijesak-s-lopaticom-i-cetkom\/#breadcrumb\"},\"inLanguage\":\"sr-RS\",\"potentialAction\":[{\"@type\":\"ReadAction\",\"target\":[\"https:\/\/inti.hr\/sr\/proizvod\/feandrea-zatvorena-kutija-za-macji-pijesak-s-lopaticom-i-cetkom\/\"]}]},{\"@type\":\"ImageObject\",\"inLanguage\":\"sr-RS\",\"@id\":\"https:\/\/inti.hr\/sr\/proizvod\/feandrea-zatvorena-kutija-za-macji-pijesak-s-lopaticom-i-cetkom\/#primaryimage\",\"url\":\"https:\/\/i0.wp.com\/inti.hr\/wp-content\/uploads\/2025\/12\/PPT011GN01-1.jpg?fit=1000%2C1000&ssl=1\",\"contentUrl\":\"https:\/\/i0.wp.com\/inti.hr\/wp-content\/uploads\/2025\/12\/PPT011GN01-1.jpg?fit=1000%2C1000&ssl=1\",\"width\":1000,\"height\":1000,\"caption\":\"Feandrea zatvorena kutija za ma\u010dji pijesak s lopaticom i \u010detkom\"},{\"@type\":\"BreadcrumbList\",\"@id\":\"https:\/\/inti.hr\/sr\/proizvod\/feandrea-zatvorena-kutija-za-macji-pijesak-s-lopaticom-i-cetkom\/#breadcrumb\",\"itemListElement\":[{\"@type\":\"ListItem\",\"position\":1,\"name\":\"Po\u010detna stranica\",\"item\":\"https:\/\/inti.hr\/sr\/\"},{\"@type\":\"ListItem\",\"position\":2,\"name\":\"Prodavnica\",\"item\":\"https:\/\/inti.hr\/sr\/prodavnica\/\"},{\"@type\":\"ListItem\",\"position\":3,\"name\":\"Feandrea zatvorena kutija za ma\u010dji pijesak s lopaticom i \u010detkom\"}]},{\"@type\":\"WebSite\",\"@id\":\"https:\/\/inti.hr\/sr\/#website\",\"url\":\"https:\/\/inti.hr\/sr\/\",\"name\":\"Inti\",\"description\":\"trgovina\",\"potentialAction\":[{\"@type\":\"SearchAction\",\"target\":{\"@type\":\"EntryPoint\",\"urlTemplate\":\"https:\/\/inti.hr\/sr\/?s={search_term_string}\"},\"query-input\":{\"@type\":\"PropertyValueSpecification\",\"valueRequired\":true,\"valueName\":\"search_term_string\"}}],\"inLanguage\":\"sr-RS\"}]}<\/script>\n<!-- \/ Yoast SEO plugin. -->","yoast_head_json":{"title":"Feandrea zatvorena kutija za ma\u010dji pijesak s lopaticom i \u010detkom - Inti","description":"Jednostavno \u010di\u0161\u0107enje: Zahvaljuju\u0107i poklopcu koji se otvara za 180\u00b0 i ekstra velikoj mjerici, svakodnevno odr\u017eavanje je brzo i jednostavno \u2013 jednostavno podignite poklopac, izvadite otpad i osigurat \u0107ete \u010disto i ugodno okru\u017eenje za svoju ma\u010dku.Prostrana unutra\u0161njost: S dimenzijama 57 x 43,6 x 38,2 cm, ova velika kutija za pijesak nudi va\u0161oj ma\u010dki puno prostora za udobno okretanje i kopanje. Savr\u0161ena je za ma\u010dke do 15 kg, poput Maine Coon ma\u010daka.Manje nereda: Pametno dizajnirane rupe na vrhu omogu\u0107uju da posip padne natrag u kutiju. Podignute rubove smanjuju prosipanje posipka \u2013 manje nereda na podu, vi\u0161e reda u va\u0161em domu.Ulazi sprijeda, izlazi gore: Va\u0161a ma\u010dka mo\u017ee u\u0107i kroz prednja vrata i iza\u0107i na vrhu. Zahvaljuju\u0107i optimiziranom dizajnu, va\u0161a ma\u010dka mo\u017ee udobno obavljati nu\u017edu, a istovremeno smanjuje koli\u010dinu sme\u0107a koje se ostavlja van.Vi\u0161e privatnosti, manje neugodnih mirisa: Zahvaljuju\u0107i zatvorenom dizajnu, ova kutija za pijesak nudi privatni prostor u kojem se va\u0161a ma\u010dka osje\u0107a sigurno za obavljanje nu\u017ede i sprje\u010dava \u0161irenje neugodnih mirisa.","robots":{"index":"index","follow":"follow","max-snippet":"max-snippet:-1","max-image-preview":"max-image-preview:large","max-video-preview":"max-video-preview:-1"},"canonical":"https:\/\/inti.hr\/sr\/proizvod\/feandrea-zatvorena-kutija-za-macji-pijesak-s-lopaticom-i-cetkom\/","og_locale":"sr_RS","og_type":"article","og_title":"Feandrea zatvorena kutija za ma\u010dji pijesak s lopaticom i \u010detkom - Inti","og_description":"Jednostavno \u010di\u0161\u0107enje: Zahvaljuju\u0107i poklopcu koji se otvara za 180\u00b0 i ekstra velikoj mjerici, svakodnevno odr\u017eavanje je brzo i jednostavno \u2013 jednostavno podignite poklopac, izvadite otpad i osigurat \u0107ete \u010disto i ugodno okru\u017eenje za svoju ma\u010dku.Prostrana unutra\u0161njost: S dimenzijama 57 x 43,6 x 38,2 cm, ova velika kutija za pijesak nudi va\u0161oj ma\u010dki puno prostora za udobno okretanje i kopanje. Savr\u0161ena je za ma\u010dke do 15 kg, poput Maine Coon ma\u010daka.Manje nereda: Pametno dizajnirane rupe na vrhu omogu\u0107uju da posip padne natrag u kutiju. Podignute rubove smanjuju prosipanje posipka \u2013 manje nereda na podu, vi\u0161e reda u va\u0161em domu.Ulazi sprijeda, izlazi gore: Va\u0161a ma\u010dka mo\u017ee u\u0107i kroz prednja vrata i iza\u0107i na vrhu. Zahvaljuju\u0107i optimiziranom dizajnu, va\u0161a ma\u010dka mo\u017ee udobno obavljati nu\u017edu, a istovremeno smanjuje koli\u010dinu sme\u0107a koje se ostavlja van.Vi\u0161e privatnosti, manje neugodnih mirisa: Zahvaljuju\u0107i zatvorenom dizajnu, ova kutija za pijesak nudi privatni prostor u kojem se va\u0161a ma\u010dka osje\u0107a sigurno za obavljanje nu\u017ede i sprje\u010dava \u0161irenje neugodnih mirisa.","og_url":"https:\/\/inti.hr\/sr\/proizvod\/feandrea-zatvorena-kutija-za-macji-pijesak-s-lopaticom-i-cetkom\/","og_site_name":"Inti","og_image":[{"width":1000,"height":1000,"url":"https:\/\/i0.wp.com\/inti.hr\/wp-content\/uploads\/2025\/12\/PPT011GN01-1.jpg?fit=1000%2C1000&ssl=1","type":"image\/jpeg"}],"twitter_card":"summary_large_image","schema":{"@context":"https:\/\/schema.org","@graph":[{"@type":"WebPage","@id":"https:\/\/inti.hr\/sr\/proizvod\/feandrea-zatvorena-kutija-za-macji-pijesak-s-lopaticom-i-cetkom\/","url":"https:\/\/inti.hr\/sr\/proizvod\/feandrea-zatvorena-kutija-za-macji-pijesak-s-lopaticom-i-cetkom\/","name":"Feandrea zatvorena kutija za ma\u010dji pijesak s lopaticom i \u010detkom - Inti","isPartOf":{"@id":"https:\/\/inti.hr\/sr\/#website"},"primaryImageOfPage":{"@id":"https:\/\/inti.hr\/sr\/proizvod\/feandrea-zatvorena-kutija-za-macji-pijesak-s-lopaticom-i-cetkom\/#primaryimage"},"image":{"@id":"https:\/\/inti.hr\/sr\/proizvod\/feandrea-zatvorena-kutija-za-macji-pijesak-s-lopaticom-i-cetkom\/#primaryimage"},"thumbnailUrl":"https:\/\/i0.wp.com\/inti.hr\/wp-content\/uploads\/2025\/12\/PPT011GN01-1.jpg?fit=1000%2C1000&ssl=1","datePublished":"2025-12-09T10:00:23+00:00","dateModified":"2025-12-09T10:00:23+00:00","description":"Jednostavno \u010di\u0161\u0107enje: Zahvaljuju\u0107i poklopcu koji se otvara za 180\u00b0 i ekstra velikoj mjerici, svakodnevno odr\u017eavanje je brzo i jednostavno \u2013 jednostavno podignite poklopac, izvadite otpad i osigurat \u0107ete \u010disto i ugodno okru\u017eenje za svoju ma\u010dku.Prostrana unutra\u0161njost: S dimenzijama 57 x 43,6 x 38,2 cm, ova velika kutija za pijesak nudi va\u0161oj ma\u010dki puno prostora za udobno okretanje i kopanje. Savr\u0161ena je za ma\u010dke do 15 kg, poput Maine Coon ma\u010daka.Manje nereda: Pametno dizajnirane rupe na vrhu omogu\u0107uju da posip padne natrag u kutiju. Podignute rubove smanjuju prosipanje posipka \u2013 manje nereda na podu, vi\u0161e reda u va\u0161em domu.Ulazi sprijeda, izlazi gore: Va\u0161a ma\u010dka mo\u017ee u\u0107i kroz prednja vrata i iza\u0107i na vrhu. Zahvaljuju\u0107i optimiziranom dizajnu, va\u0161a ma\u010dka mo\u017ee udobno obavljati nu\u017edu, a istovremeno smanjuje koli\u010dinu sme\u0107a koje se ostavlja van.Vi\u0161e privatnosti, manje neugodnih mirisa: Zahvaljuju\u0107i zatvorenom dizajnu, ova kutija za pijesak nudi privatni prostor u kojem se va\u0161a ma\u010dka osje\u0107a sigurno za obavljanje nu\u017ede i sprje\u010dava \u0161irenje neugodnih mirisa.","breadcrumb":{"@id":"https:\/\/inti.hr\/sr\/proizvod\/feandrea-zatvorena-kutija-za-macji-pijesak-s-lopaticom-i-cetkom\/#breadcrumb"},"inLanguage":"sr-RS","potentialAction":[{"@type":"ReadAction","target":["https:\/\/inti.hr\/sr\/proizvod\/feandrea-zatvorena-kutija-za-macji-pijesak-s-lopaticom-i-cetkom\/"]}]},{"@type":"ImageObject","inLanguage":"sr-RS","@id":"https:\/\/inti.hr\/sr\/proizvod\/feandrea-zatvorena-kutija-za-macji-pijesak-s-lopaticom-i-cetkom\/#primaryimage","url":"https:\/\/i0.wp.com\/inti.hr\/wp-content\/uploads\/2025\/12\/PPT011GN01-1.jpg?fit=1000%2C1000&ssl=1","contentUrl":"https:\/\/i0.wp.com\/inti.hr\/wp-content\/uploads\/2025\/12\/PPT011GN01-1.jpg?fit=1000%2C1000&ssl=1","width":1000,"height":1000,"caption":"Feandrea zatvorena kutija za ma\u010dji pijesak s lopaticom i \u010detkom"},{"@type":"BreadcrumbList","@id":"https:\/\/inti.hr\/sr\/proizvod\/feandrea-zatvorena-kutija-za-macji-pijesak-s-lopaticom-i-cetkom\/#breadcrumb","itemListElement":[{"@type":"ListItem","position":1,"name":"Po\u010detna stranica","item":"https:\/\/inti.hr\/sr\/"},{"@type":"ListItem","position":2,"name":"Prodavnica","item":"https:\/\/inti.hr\/sr\/prodavnica\/"},{"@type":"ListItem","position":3,"name":"Feandrea zatvorena kutija za ma\u010dji pijesak s lopaticom i \u010detkom"}]},{"@type":"WebSite","@id":"https:\/\/inti.hr\/sr\/#website","url":"https:\/\/inti.hr\/sr\/","name":"Inti","description":"trgovina","potentialAction":[{"@type":"SearchAction","target":{"@type":"EntryPoint","urlTemplate":"https:\/\/inti.hr\/sr\/?s={search_term_string}"},"query-input":{"@type":"PropertyValueSpecification","valueRequired":true,"valueName":"search_term_string"}}],"inLanguage":"sr-RS"}]}},"jetpack_sharing_enabled":true,"jetpack-related-posts":[],"_links":{"self":[{"href":"https:\/\/inti.hr\/sr\/wp-json\/wp\/v2\/product\/34657"}],"collection":[{"href":"https:\/\/inti.hr\/sr\/wp-json\/wp\/v2\/product"}],"about":[{"href":"https:\/\/inti.hr\/sr\/wp-json\/wp\/v2\/types\/product"}],"wp:featuredmedia":[{"embeddable":true,"href":"https:\/\/inti.hr\/sr\/wp-json\/wp\/v2\/media\/34658"}],"wp:attachment":[{"href":"https:\/\/inti.hr\/sr\/wp-json\/wp\/v2\/media?parent=34657"}],"wp:term":[{"taxonomy":"product_cat","embeddable":true,"href":"https:\/\/inti.hr\/sr\/wp-json\/wp\/v2\/product_cat?post=34657"},{"taxonomy":"product_tag","embeddable":true,"href":"https:\/\/inti.hr\/sr\/wp-json\/wp\/v2\/product_tag?post=34657"}],"curies":[{"name":"wp","href":"https:\/\/api.w.org\/{rel}","templated":true}]}}