{"id":34671,"date":"2025-11-13T11:46:24","date_gmt":"2025-11-13T10:46:24","guid":{"rendered":"https:\/\/inti.hr\/product\/stalak-za-cipele-s-nadstresnicama\/"},"modified":"2025-11-13T11:46:24","modified_gmt":"2025-11-13T10:46:24","slug":"stalak-za-cipele-s-nadstresnicama","status":"publish","type":"product","link":"https:\/\/inti.hr\/sr\/proizvod\/stalak-za-cipele-s-nadstresnicama\/","title":{"rendered":"Stalak za cipele s nadstre\u0161nicama"},"content":{"rendered":"<p>Detalji o proizvodu:<br \/>\n&#8211; Boja: Mat bijela<br \/>\n&#8211; Materijal: Iverica<br \/>\n&#8211; Dimenzije: 30 x 26,4 x 147 cm (D x \u0160 x V)<br \/>\n&#8211; Te\u017eina: 9,1 kg<br \/>\n&#8211; Maks. stati\u010dka nosivost po polici: 10 kg<br \/>\n&#8211; Maks. stati\u010dka nosivost po kuki: 5 kg<\/p>\n","protected":false},"excerpt":{"rendered":"<p>[Prilago\u0111eno malim prostorima] Bilo da se nalazi u predsoblju za cipele &#8230; <\/p>\n","protected":false},"featured_media":34672,"template":"","meta":[],"product_cat":[2635],"product_tag":[4343,2640],"yoast_head":"<!-- This site is optimized with the Yoast SEO plugin v23.7 - https:\/\/yoast.com\/wordpress\/plugins\/seo\/ -->\n<title>Stalak za cipele s nadstre\u0161nicama - Inti<\/title>\n<meta name=\"description\" content=\"[Prilago\u0111eno malim prostorima] Bilo da se nalazi u predsoblju za cipele ili u uskom hodniku za izlaganje nakita ili biljaka, vi odlu\u010dujete \u2013 gdje god se postavi, ovaj stalak za cipele dimenzija 30 x 26,4 x 147 cm zauzima vrlo malo prostora na podu.[2 kuke uklju\u010dene] Objesite klju\u010deve i nov\u010danike na kuke ovog stalka za cipele kako biste ih mogli brzo dohvatiti u jutarnjoj gu\u017evi. Dvije kuke mogu se pri\u010dvrstiti i s lijeve ili desne strane, ovisno o va\u0161im potrebama.[Prima ve\u0107e cipele] Niske cipele, tenisice, planinarske cipele, \u010dizme... sve se mo\u017ee lako pohraniti na policu (s razmakom od 17 cm izme\u0111u polica), bilo da su velike ili male.[Sna\u017eno dr\u017eanje] Stalak za cipele od iverice vrlo je stabilan (nosivost do 10 kg po polici), tako da na njega mo\u017eete lako staviti te\u0161ke cipele za planinarenje.&quot;[\u0160to dobivate] Samostoje\u0107i stalak za cipele s 9 razina i podignutim rubovima za dodatnu stabilnost i za\u0161titu zida od prljav\u0161tine i ogrebotina, plus ure\u0111aj protiv prevrtanja za sigurno pri\u010dvr\u0161\u0107ivanje stalka za cipele na zid&quot;\" \/>\n<meta name=\"robots\" content=\"index, follow, max-snippet:-1, max-image-preview:large, max-video-preview:-1\" \/>\n<link rel=\"canonical\" href=\"https:\/\/inti.hr\/sr\/proizvod\/stalak-za-cipele-s-nadstresnicama\/\" \/>\n<meta property=\"og:locale\" content=\"sr_RS\" \/>\n<meta property=\"og:type\" content=\"article\" \/>\n<meta property=\"og:title\" content=\"Stalak za cipele s nadstre\u0161nicama - Inti\" \/>\n<meta property=\"og:description\" content=\"[Prilago\u0111eno malim prostorima] Bilo da se nalazi u predsoblju za cipele ili u uskom hodniku za izlaganje nakita ili biljaka, vi odlu\u010dujete \u2013 gdje god se postavi, ovaj stalak za cipele dimenzija 30 x 26,4 x 147 cm zauzima vrlo malo prostora na podu.[2 kuke uklju\u010dene] Objesite klju\u010deve i nov\u010danike na kuke ovog stalka za cipele kako biste ih mogli brzo dohvatiti u jutarnjoj gu\u017evi. Dvije kuke mogu se pri\u010dvrstiti i s lijeve ili desne strane, ovisno o va\u0161im potrebama.[Prima ve\u0107e cipele] Niske cipele, tenisice, planinarske cipele, \u010dizme... sve se mo\u017ee lako pohraniti na policu (s razmakom od 17 cm izme\u0111u polica), bilo da su velike ili male.[Sna\u017eno dr\u017eanje] Stalak za cipele od iverice vrlo je stabilan (nosivost do 10 kg po polici), tako da na njega mo\u017eete lako staviti te\u0161ke cipele za planinarenje.&quot;[\u0160to dobivate] Samostoje\u0107i stalak za cipele s 9 razina i podignutim rubovima za dodatnu stabilnost i za\u0161titu zida od prljav\u0161tine i ogrebotina, plus ure\u0111aj protiv prevrtanja za sigurno pri\u010dvr\u0161\u0107ivanje stalka za cipele na zid&quot;\" \/>\n<meta property=\"og:url\" content=\"https:\/\/inti.hr\/sr\/proizvod\/stalak-za-cipele-s-nadstresnicama\/\" \/>\n<meta property=\"og:site_name\" content=\"Inti\" \/>\n<meta property=\"og:image\" content=\"https:\/\/i0.wp.com\/inti.hr\/wp-content\/uploads\/2025\/11\/LBS210WB01-1.jpg?fit=1000%2C1000&ssl=1\" \/>\n\t<meta property=\"og:image:width\" content=\"1000\" \/>\n\t<meta property=\"og:image:height\" content=\"1000\" \/>\n\t<meta property=\"og:image:type\" content=\"image\/jpeg\" \/>\n<meta name=\"twitter:card\" content=\"summary_large_image\" \/>\n<script type=\"application\/ld+json\" class=\"yoast-schema-graph\">{\"@context\":\"https:\/\/schema.org\",\"@graph\":[{\"@type\":\"WebPage\",\"@id\":\"https:\/\/inti.hr\/sr\/proizvod\/stalak-za-cipele-s-nadstresnicama\/\",\"url\":\"https:\/\/inti.hr\/sr\/proizvod\/stalak-za-cipele-s-nadstresnicama\/\",\"name\":\"Stalak za cipele s nadstre\u0161nicama - Inti\",\"isPartOf\":{\"@id\":\"https:\/\/inti.hr\/sr\/#website\"},\"primaryImageOfPage\":{\"@id\":\"https:\/\/inti.hr\/sr\/proizvod\/stalak-za-cipele-s-nadstresnicama\/#primaryimage\"},\"image\":{\"@id\":\"https:\/\/inti.hr\/sr\/proizvod\/stalak-za-cipele-s-nadstresnicama\/#primaryimage\"},\"thumbnailUrl\":\"https:\/\/i0.wp.com\/inti.hr\/wp-content\/uploads\/2025\/11\/LBS210WB01-1.jpg?fit=1000%2C1000&ssl=1\",\"datePublished\":\"2025-11-13T10:46:24+00:00\",\"dateModified\":\"2025-11-13T10:46:24+00:00\",\"description\":\"[Prilago\u0111eno malim prostorima] Bilo da se nalazi u predsoblju za cipele ili u uskom hodniku za izlaganje nakita ili biljaka, vi odlu\u010dujete \u2013 gdje god se postavi, ovaj stalak za cipele dimenzija 30 x 26,4 x 147 cm zauzima vrlo malo prostora na podu.[2 kuke uklju\u010dene] Objesite klju\u010deve i nov\u010danike na kuke ovog stalka za cipele kako biste ih mogli brzo dohvatiti u jutarnjoj gu\u017evi. Dvije kuke mogu se pri\u010dvrstiti i s lijeve ili desne strane, ovisno o va\u0161im potrebama.[Prima ve\u0107e cipele] Niske cipele, tenisice, planinarske cipele, \u010dizme... sve se mo\u017ee lako pohraniti na policu (s razmakom od 17 cm izme\u0111u polica), bilo da su velike ili male.[Sna\u017eno dr\u017eanje] Stalak za cipele od iverice vrlo je stabilan (nosivost do 10 kg po polici), tako da na njega mo\u017eete lako staviti te\u0161ke cipele za planinarenje.\\\"[\u0160to dobivate] Samostoje\u0107i stalak za cipele s 9 razina i podignutim rubovima za dodatnu stabilnost i za\u0161titu zida od prljav\u0161tine i ogrebotina, plus ure\u0111aj protiv prevrtanja za sigurno pri\u010dvr\u0161\u0107ivanje stalka za cipele na zid\\\"\",\"breadcrumb\":{\"@id\":\"https:\/\/inti.hr\/sr\/proizvod\/stalak-za-cipele-s-nadstresnicama\/#breadcrumb\"},\"inLanguage\":\"sr-RS\",\"potentialAction\":[{\"@type\":\"ReadAction\",\"target\":[\"https:\/\/inti.hr\/sr\/proizvod\/stalak-za-cipele-s-nadstresnicama\/\"]}]},{\"@type\":\"ImageObject\",\"inLanguage\":\"sr-RS\",\"@id\":\"https:\/\/inti.hr\/sr\/proizvod\/stalak-za-cipele-s-nadstresnicama\/#primaryimage\",\"url\":\"https:\/\/i0.wp.com\/inti.hr\/wp-content\/uploads\/2025\/11\/LBS210WB01-1.jpg?fit=1000%2C1000&ssl=1\",\"contentUrl\":\"https:\/\/i0.wp.com\/inti.hr\/wp-content\/uploads\/2025\/11\/LBS210WB01-1.jpg?fit=1000%2C1000&ssl=1\",\"width\":1000,\"height\":1000,\"caption\":\"VASAGLE stalak za cipele s nadstre\u0161nicama za\"},{\"@type\":\"BreadcrumbList\",\"@id\":\"https:\/\/inti.hr\/sr\/proizvod\/stalak-za-cipele-s-nadstresnicama\/#breadcrumb\",\"itemListElement\":[{\"@type\":\"ListItem\",\"position\":1,\"name\":\"Po\u010detna stranica\",\"item\":\"https:\/\/inti.hr\/sr\/\"},{\"@type\":\"ListItem\",\"position\":2,\"name\":\"Prodavnica\",\"item\":\"https:\/\/inti.hr\/sr\/prodavnica\/\"},{\"@type\":\"ListItem\",\"position\":3,\"name\":\"Stalak za cipele s nadstre\u0161nicama\"}]},{\"@type\":\"WebSite\",\"@id\":\"https:\/\/inti.hr\/sr\/#website\",\"url\":\"https:\/\/inti.hr\/sr\/\",\"name\":\"Inti\",\"description\":\"trgovina\",\"potentialAction\":[{\"@type\":\"SearchAction\",\"target\":{\"@type\":\"EntryPoint\",\"urlTemplate\":\"https:\/\/inti.hr\/sr\/?s={search_term_string}\"},\"query-input\":{\"@type\":\"PropertyValueSpecification\",\"valueRequired\":true,\"valueName\":\"search_term_string\"}}],\"inLanguage\":\"sr-RS\"}]}<\/script>\n<!-- \/ Yoast SEO plugin. -->","yoast_head_json":{"title":"Stalak za cipele s nadstre\u0161nicama - Inti","description":"[Prilago\u0111eno malim prostorima] Bilo da se nalazi u predsoblju za cipele ili u uskom hodniku za izlaganje nakita ili biljaka, vi odlu\u010dujete \u2013 gdje god se postavi, ovaj stalak za cipele dimenzija 30 x 26,4 x 147 cm zauzima vrlo malo prostora na podu.[2 kuke uklju\u010dene] Objesite klju\u010deve i nov\u010danike na kuke ovog stalka za cipele kako biste ih mogli brzo dohvatiti u jutarnjoj gu\u017evi. Dvije kuke mogu se pri\u010dvrstiti i s lijeve ili desne strane, ovisno o va\u0161im potrebama.[Prima ve\u0107e cipele] Niske cipele, tenisice, planinarske cipele, \u010dizme... sve se mo\u017ee lako pohraniti na policu (s razmakom od 17 cm izme\u0111u polica), bilo da su velike ili male.[Sna\u017eno dr\u017eanje] Stalak za cipele od iverice vrlo je stabilan (nosivost do 10 kg po polici), tako da na njega mo\u017eete lako staviti te\u0161ke cipele za planinarenje.\"[\u0160to dobivate] Samostoje\u0107i stalak za cipele s 9 razina i podignutim rubovima za dodatnu stabilnost i za\u0161titu zida od prljav\u0161tine i ogrebotina, plus ure\u0111aj protiv prevrtanja za sigurno pri\u010dvr\u0161\u0107ivanje stalka za cipele na zid\"","robots":{"index":"index","follow":"follow","max-snippet":"max-snippet:-1","max-image-preview":"max-image-preview:large","max-video-preview":"max-video-preview:-1"},"canonical":"https:\/\/inti.hr\/sr\/proizvod\/stalak-za-cipele-s-nadstresnicama\/","og_locale":"sr_RS","og_type":"article","og_title":"Stalak za cipele s nadstre\u0161nicama - Inti","og_description":"[Prilago\u0111eno malim prostorima] Bilo da se nalazi u predsoblju za cipele ili u uskom hodniku za izlaganje nakita ili biljaka, vi odlu\u010dujete \u2013 gdje god se postavi, ovaj stalak za cipele dimenzija 30 x 26,4 x 147 cm zauzima vrlo malo prostora na podu.[2 kuke uklju\u010dene] Objesite klju\u010deve i nov\u010danike na kuke ovog stalka za cipele kako biste ih mogli brzo dohvatiti u jutarnjoj gu\u017evi. Dvije kuke mogu se pri\u010dvrstiti i s lijeve ili desne strane, ovisno o va\u0161im potrebama.[Prima ve\u0107e cipele] Niske cipele, tenisice, planinarske cipele, \u010dizme... sve se mo\u017ee lako pohraniti na policu (s razmakom od 17 cm izme\u0111u polica), bilo da su velike ili male.[Sna\u017eno dr\u017eanje] Stalak za cipele od iverice vrlo je stabilan (nosivost do 10 kg po polici), tako da na njega mo\u017eete lako staviti te\u0161ke cipele za planinarenje.\"[\u0160to dobivate] Samostoje\u0107i stalak za cipele s 9 razina i podignutim rubovima za dodatnu stabilnost i za\u0161titu zida od prljav\u0161tine i ogrebotina, plus ure\u0111aj protiv prevrtanja za sigurno pri\u010dvr\u0161\u0107ivanje stalka za cipele na zid\"","og_url":"https:\/\/inti.hr\/sr\/proizvod\/stalak-za-cipele-s-nadstresnicama\/","og_site_name":"Inti","og_image":[{"width":1000,"height":1000,"url":"https:\/\/i0.wp.com\/inti.hr\/wp-content\/uploads\/2025\/11\/LBS210WB01-1.jpg?fit=1000%2C1000&ssl=1","type":"image\/jpeg"}],"twitter_card":"summary_large_image","schema":{"@context":"https:\/\/schema.org","@graph":[{"@type":"WebPage","@id":"https:\/\/inti.hr\/sr\/proizvod\/stalak-za-cipele-s-nadstresnicama\/","url":"https:\/\/inti.hr\/sr\/proizvod\/stalak-za-cipele-s-nadstresnicama\/","name":"Stalak za cipele s nadstre\u0161nicama - Inti","isPartOf":{"@id":"https:\/\/inti.hr\/sr\/#website"},"primaryImageOfPage":{"@id":"https:\/\/inti.hr\/sr\/proizvod\/stalak-za-cipele-s-nadstresnicama\/#primaryimage"},"image":{"@id":"https:\/\/inti.hr\/sr\/proizvod\/stalak-za-cipele-s-nadstresnicama\/#primaryimage"},"thumbnailUrl":"https:\/\/i0.wp.com\/inti.hr\/wp-content\/uploads\/2025\/11\/LBS210WB01-1.jpg?fit=1000%2C1000&ssl=1","datePublished":"2025-11-13T10:46:24+00:00","dateModified":"2025-11-13T10:46:24+00:00","description":"[Prilago\u0111eno malim prostorima] Bilo da se nalazi u predsoblju za cipele ili u uskom hodniku za izlaganje nakita ili biljaka, vi odlu\u010dujete \u2013 gdje god se postavi, ovaj stalak za cipele dimenzija 30 x 26,4 x 147 cm zauzima vrlo malo prostora na podu.[2 kuke uklju\u010dene] Objesite klju\u010deve i nov\u010danike na kuke ovog stalka za cipele kako biste ih mogli brzo dohvatiti u jutarnjoj gu\u017evi. Dvije kuke mogu se pri\u010dvrstiti i s lijeve ili desne strane, ovisno o va\u0161im potrebama.[Prima ve\u0107e cipele] Niske cipele, tenisice, planinarske cipele, \u010dizme... sve se mo\u017ee lako pohraniti na policu (s razmakom od 17 cm izme\u0111u polica), bilo da su velike ili male.[Sna\u017eno dr\u017eanje] Stalak za cipele od iverice vrlo je stabilan (nosivost do 10 kg po polici), tako da na njega mo\u017eete lako staviti te\u0161ke cipele za planinarenje.\"[\u0160to dobivate] Samostoje\u0107i stalak za cipele s 9 razina i podignutim rubovima za dodatnu stabilnost i za\u0161titu zida od prljav\u0161tine i ogrebotina, plus ure\u0111aj protiv prevrtanja za sigurno pri\u010dvr\u0161\u0107ivanje stalka za cipele na zid\"","breadcrumb":{"@id":"https:\/\/inti.hr\/sr\/proizvod\/stalak-za-cipele-s-nadstresnicama\/#breadcrumb"},"inLanguage":"sr-RS","potentialAction":[{"@type":"ReadAction","target":["https:\/\/inti.hr\/sr\/proizvod\/stalak-za-cipele-s-nadstresnicama\/"]}]},{"@type":"ImageObject","inLanguage":"sr-RS","@id":"https:\/\/inti.hr\/sr\/proizvod\/stalak-za-cipele-s-nadstresnicama\/#primaryimage","url":"https:\/\/i0.wp.com\/inti.hr\/wp-content\/uploads\/2025\/11\/LBS210WB01-1.jpg?fit=1000%2C1000&ssl=1","contentUrl":"https:\/\/i0.wp.com\/inti.hr\/wp-content\/uploads\/2025\/11\/LBS210WB01-1.jpg?fit=1000%2C1000&ssl=1","width":1000,"height":1000,"caption":"VASAGLE stalak za cipele s nadstre\u0161nicama za"},{"@type":"BreadcrumbList","@id":"https:\/\/inti.hr\/sr\/proizvod\/stalak-za-cipele-s-nadstresnicama\/#breadcrumb","itemListElement":[{"@type":"ListItem","position":1,"name":"Po\u010detna stranica","item":"https:\/\/inti.hr\/sr\/"},{"@type":"ListItem","position":2,"name":"Prodavnica","item":"https:\/\/inti.hr\/sr\/prodavnica\/"},{"@type":"ListItem","position":3,"name":"Stalak za cipele s nadstre\u0161nicama"}]},{"@type":"WebSite","@id":"https:\/\/inti.hr\/sr\/#website","url":"https:\/\/inti.hr\/sr\/","name":"Inti","description":"trgovina","potentialAction":[{"@type":"SearchAction","target":{"@type":"EntryPoint","urlTemplate":"https:\/\/inti.hr\/sr\/?s={search_term_string}"},"query-input":{"@type":"PropertyValueSpecification","valueRequired":true,"valueName":"search_term_string"}}],"inLanguage":"sr-RS"}]}},"jetpack_sharing_enabled":true,"jetpack-related-posts":[],"_links":{"self":[{"href":"https:\/\/inti.hr\/sr\/wp-json\/wp\/v2\/product\/34671"}],"collection":[{"href":"https:\/\/inti.hr\/sr\/wp-json\/wp\/v2\/product"}],"about":[{"href":"https:\/\/inti.hr\/sr\/wp-json\/wp\/v2\/types\/product"}],"wp:featuredmedia":[{"embeddable":true,"href":"https:\/\/inti.hr\/sr\/wp-json\/wp\/v2\/media\/34672"}],"wp:attachment":[{"href":"https:\/\/inti.hr\/sr\/wp-json\/wp\/v2\/media?parent=34671"}],"wp:term":[{"taxonomy":"product_cat","embeddable":true,"href":"https:\/\/inti.hr\/sr\/wp-json\/wp\/v2\/product_cat?post=34671"},{"taxonomy":"product_tag","embeddable":true,"href":"https:\/\/inti.hr\/sr\/wp-json\/wp\/v2\/product_tag?post=34671"}],"curies":[{"name":"wp","href":"https:\/\/api.w.org\/{rel}","templated":true}]}}