{"id":34677,"date":"2025-11-12T11:20:16","date_gmt":"2025-11-12T10:20:16","guid":{"rendered":"https:\/\/inti.hr\/product\/kutni-radni-stol-s-elektricnim-podesavanjem-visine-i-punjacem\/"},"modified":"2026-04-15T09:02:44","modified_gmt":"2026-04-15T08:02:44","slug":"kutni-radni-stol-s-elektricnim-podesavanjem-visine-i-punjacem","status":"publish","type":"product","link":"https:\/\/inti.hr\/sr\/proizvod\/kutni-radni-stol-s-elektricnim-podesavanjem-visine-i-punjacem\/","title":{"rendered":"Kutni radni stol s elektri\u010dnim pode\u0161avanjem visine i punja\u010dem"},"content":{"rendered":"<p>Detalji o proizvodu:<br \/>\nBoja: Vintage sme\u0111a-crna, bijela<br \/>\nMaterijal: Iverica, \u010delik<br \/>\nVeli\u010dina: 140 x 160 x (72-120) cm (D x \u0160 x V)<br \/>\nTe\u017eina: 32,9 kg<br \/>\nMaksimalna stati\u010dka nosivost: 80 kg<\/p>\n","protected":false},"excerpt":{"rendered":"<div id=\"shopify-section-template--24859260977476__df93b25a-87c1-472b-a64c-99e1d4012875\" class=\"shopify-section p_Description preview-tabbar-item\">\n<div id=\"pr_des_warp\" class=\"container\">\n<div class=\"des_datail\">\n<div id=\"fedc5fb3-13e6-4fbd-b21f-4f05ee4a84a7\" class=\"des_item key_features\">\n<ul ...  \n\n","protected":false},"featured_media":34678,"template":"","meta":[],"product_cat":[2440],"product_tag":[4346,4347,2989],"yoast_head":"<!-- This site is optimized with the Yoast SEO plugin v23.7 - https:\/\/yoast.com\/wordpress\/plugins\/seo\/ -->\n<title>Kutni radni stol s elektri\u010dnim pode\u0161avanjem visine i punja\u010dem - Inti<\/title>\n<meta name=\"description\" content=\"L-oblikovani dizajn: Stol u obliku slova L s podesivom visinom savr\u0161eno se uklapa u kutove, \u0161to ne samo da optimalno iskori\u0161tava prostor, ve\u0107 i stvara prostran radni prostor \u2013 idealan za radnu sobu ili ured.Radite udobno, ostanite zdravi: Stol se mo\u017ee podesiti po visini izme\u0111u 72-120 cm, \u0161to vam omogu\u0107uje prebacivanje izme\u0111u sjedenja i stajanja te time smanjuje umor od dugotrajnog sjedenja; funkcija memorije s 2 postavke visine omogu\u0107uje brzo pode\u0161avanje.Sna\u017ean, stabilan, tih: S robusnim \u010deli\u010dnim okvirom i oja\u010danim pre\u010dkama, ovaj stoje\u0107i stol podr\u017eava do 80 kg. Visokokvalitetni motor osigurava glatko pode\u0161avanje visine s razinom buke \u2264 48 dB, stvaraju\u0107i tiho radno okru\u017eenje.Jednostavno kori\u0161tenje: Ugra\u0111ena stanica za punjenje s 2 AC uti\u010dnice i 2 USB priklju\u010dka; 2 kuke za male predmete; intuitivni kontroler za jednostavno rukovanje.Sastavljanje bez stresa: Zahvaljuju\u0107i jednostavnoj strukturi i jasnim uputama, kutni stol u obliku slova L mo\u017eete lako sastaviti i brzo u\u017eivati \u200b\u200bu svom novom radnom prostoru.\" \/>\n<meta name=\"robots\" content=\"index, follow, max-snippet:-1, max-image-preview:large, max-video-preview:-1\" \/>\n<link rel=\"canonical\" href=\"https:\/\/inti.hr\/sr\/proizvod\/kutni-radni-stol-s-elektricnim-podesavanjem-visine-i-punjacem\/\" \/>\n<meta property=\"og:locale\" content=\"sr_RS\" \/>\n<meta property=\"og:type\" content=\"article\" \/>\n<meta property=\"og:title\" content=\"Kutni radni stol s elektri\u010dnim pode\u0161avanjem visine i punja\u010dem - Inti\" \/>\n<meta property=\"og:description\" content=\"L-oblikovani dizajn: Stol u obliku slova L s podesivom visinom savr\u0161eno se uklapa u kutove, \u0161to ne samo da optimalno iskori\u0161tava prostor, ve\u0107 i stvara prostran radni prostor \u2013 idealan za radnu sobu ili ured.Radite udobno, ostanite zdravi: Stol se mo\u017ee podesiti po visini izme\u0111u 72-120 cm, \u0161to vam omogu\u0107uje prebacivanje izme\u0111u sjedenja i stajanja te time smanjuje umor od dugotrajnog sjedenja; funkcija memorije s 2 postavke visine omogu\u0107uje brzo pode\u0161avanje.Sna\u017ean, stabilan, tih: S robusnim \u010deli\u010dnim okvirom i oja\u010danim pre\u010dkama, ovaj stoje\u0107i stol podr\u017eava do 80 kg. Visokokvalitetni motor osigurava glatko pode\u0161avanje visine s razinom buke \u2264 48 dB, stvaraju\u0107i tiho radno okru\u017eenje.Jednostavno kori\u0161tenje: Ugra\u0111ena stanica za punjenje s 2 AC uti\u010dnice i 2 USB priklju\u010dka; 2 kuke za male predmete; intuitivni kontroler za jednostavno rukovanje.Sastavljanje bez stresa: Zahvaljuju\u0107i jednostavnoj strukturi i jasnim uputama, kutni stol u obliku slova L mo\u017eete lako sastaviti i brzo u\u017eivati \u200b\u200bu svom novom radnom prostoru.\" \/>\n<meta property=\"og:url\" content=\"https:\/\/inti.hr\/sr\/proizvod\/kutni-radni-stol-s-elektricnim-podesavanjem-visine-i-punjacem\/\" \/>\n<meta property=\"og:site_name\" content=\"Inti\" \/>\n<meta property=\"article:modified_time\" content=\"2026-04-15T08:02:44+00:00\" \/>\n<meta property=\"og:image\" content=\"https:\/\/inti.hr\/wp-content\/uploads\/2025\/11\/LSD264K01-1.jpg\" \/>\n\t<meta property=\"og:image:width\" content=\"1000\" \/>\n\t<meta property=\"og:image:height\" content=\"1000\" \/>\n\t<meta property=\"og:image:type\" content=\"image\/jpeg\" \/>\n<meta name=\"twitter:card\" content=\"summary_large_image\" \/>\n<script type=\"application\/ld+json\" class=\"yoast-schema-graph\">{\"@context\":\"https:\/\/schema.org\",\"@graph\":[{\"@type\":\"WebPage\",\"@id\":\"https:\/\/inti.hr\/sr\/proizvod\/kutni-radni-stol-s-elektricnim-podesavanjem-visine-i-punjacem\/\",\"url\":\"https:\/\/inti.hr\/sr\/proizvod\/kutni-radni-stol-s-elektricnim-podesavanjem-visine-i-punjacem\/\",\"name\":\"Kutni radni stol s elektri\u010dnim pode\u0161avanjem visine i punja\u010dem - Inti\",\"isPartOf\":{\"@id\":\"https:\/\/inti.hr\/sr\/#website\"},\"primaryImageOfPage\":{\"@id\":\"https:\/\/inti.hr\/sr\/proizvod\/kutni-radni-stol-s-elektricnim-podesavanjem-visine-i-punjacem\/#primaryimage\"},\"image\":{\"@id\":\"https:\/\/inti.hr\/sr\/proizvod\/kutni-radni-stol-s-elektricnim-podesavanjem-visine-i-punjacem\/#primaryimage\"},\"thumbnailUrl\":\"https:\/\/i0.wp.com\/inti.hr\/wp-content\/uploads\/2025\/11\/LSD264K01-1.jpg?fit=1000%2C1000&ssl=1\",\"datePublished\":\"2025-11-12T10:20:16+00:00\",\"dateModified\":\"2026-04-15T08:02:44+00:00\",\"description\":\"L-oblikovani dizajn: Stol u obliku slova L s podesivom visinom savr\u0161eno se uklapa u kutove, \u0161to ne samo da optimalno iskori\u0161tava prostor, ve\u0107 i stvara prostran radni prostor \u2013 idealan za radnu sobu ili ured.Radite udobno, ostanite zdravi: Stol se mo\u017ee podesiti po visini izme\u0111u 72-120 cm, \u0161to vam omogu\u0107uje prebacivanje izme\u0111u sjedenja i stajanja te time smanjuje umor od dugotrajnog sjedenja; funkcija memorije s 2 postavke visine omogu\u0107uje brzo pode\u0161avanje.Sna\u017ean, stabilan, tih: S robusnim \u010deli\u010dnim okvirom i oja\u010danim pre\u010dkama, ovaj stoje\u0107i stol podr\u017eava do 80 kg. Visokokvalitetni motor osigurava glatko pode\u0161avanje visine s razinom buke \u2264 48 dB, stvaraju\u0107i tiho radno okru\u017eenje.Jednostavno kori\u0161tenje: Ugra\u0111ena stanica za punjenje s 2 AC uti\u010dnice i 2 USB priklju\u010dka; 2 kuke za male predmete; intuitivni kontroler za jednostavno rukovanje.Sastavljanje bez stresa: Zahvaljuju\u0107i jednostavnoj strukturi i jasnim uputama, kutni stol u obliku slova L mo\u017eete lako sastaviti i brzo u\u017eivati \u200b\u200bu svom novom radnom prostoru.\",\"breadcrumb\":{\"@id\":\"https:\/\/inti.hr\/sr\/proizvod\/kutni-radni-stol-s-elektricnim-podesavanjem-visine-i-punjacem\/#breadcrumb\"},\"inLanguage\":\"sr-RS\",\"potentialAction\":[{\"@type\":\"ReadAction\",\"target\":[\"https:\/\/inti.hr\/sr\/proizvod\/kutni-radni-stol-s-elektricnim-podesavanjem-visine-i-punjacem\/\"]}]},{\"@type\":\"ImageObject\",\"inLanguage\":\"sr-RS\",\"@id\":\"https:\/\/inti.hr\/sr\/proizvod\/kutni-radni-stol-s-elektricnim-podesavanjem-visine-i-punjacem\/#primaryimage\",\"url\":\"https:\/\/i0.wp.com\/inti.hr\/wp-content\/uploads\/2025\/11\/LSD264K01-1.jpg?fit=1000%2C1000&ssl=1\",\"contentUrl\":\"https:\/\/i0.wp.com\/inti.hr\/wp-content\/uploads\/2025\/11\/LSD264K01-1.jpg?fit=1000%2C1000&ssl=1\",\"width\":1000,\"height\":1000,\"caption\":\"VASAGLE Kutni radni stol s elektri\u010dnim pode\u0161avanjem visine i punja\u010dem\"},{\"@type\":\"BreadcrumbList\",\"@id\":\"https:\/\/inti.hr\/sr\/proizvod\/kutni-radni-stol-s-elektricnim-podesavanjem-visine-i-punjacem\/#breadcrumb\",\"itemListElement\":[{\"@type\":\"ListItem\",\"position\":1,\"name\":\"Po\u010detna stranica\",\"item\":\"https:\/\/inti.hr\/sr\/\"},{\"@type\":\"ListItem\",\"position\":2,\"name\":\"Prodavnica\",\"item\":\"https:\/\/inti.hr\/sr\/prodavnica\/\"},{\"@type\":\"ListItem\",\"position\":3,\"name\":\"Kutni radni stol s elektri\u010dnim pode\u0161avanjem visine i punja\u010dem\"}]},{\"@type\":\"WebSite\",\"@id\":\"https:\/\/inti.hr\/sr\/#website\",\"url\":\"https:\/\/inti.hr\/sr\/\",\"name\":\"Inti\",\"description\":\"trgovina\",\"potentialAction\":[{\"@type\":\"SearchAction\",\"target\":{\"@type\":\"EntryPoint\",\"urlTemplate\":\"https:\/\/inti.hr\/sr\/?s={search_term_string}\"},\"query-input\":{\"@type\":\"PropertyValueSpecification\",\"valueRequired\":true,\"valueName\":\"search_term_string\"}}],\"inLanguage\":\"sr-RS\"}]}<\/script>\n<!-- \/ Yoast SEO plugin. -->","yoast_head_json":{"title":"Kutni radni stol s elektri\u010dnim pode\u0161avanjem visine i punja\u010dem - Inti","description":"L-oblikovani dizajn: Stol u obliku slova L s podesivom visinom savr\u0161eno se uklapa u kutove, \u0161to ne samo da optimalno iskori\u0161tava prostor, ve\u0107 i stvara prostran radni prostor \u2013 idealan za radnu sobu ili ured.Radite udobno, ostanite zdravi: Stol se mo\u017ee podesiti po visini izme\u0111u 72-120 cm, \u0161to vam omogu\u0107uje prebacivanje izme\u0111u sjedenja i stajanja te time smanjuje umor od dugotrajnog sjedenja; funkcija memorije s 2 postavke visine omogu\u0107uje brzo pode\u0161avanje.Sna\u017ean, stabilan, tih: S robusnim \u010deli\u010dnim okvirom i oja\u010danim pre\u010dkama, ovaj stoje\u0107i stol podr\u017eava do 80 kg. Visokokvalitetni motor osigurava glatko pode\u0161avanje visine s razinom buke \u2264 48 dB, stvaraju\u0107i tiho radno okru\u017eenje.Jednostavno kori\u0161tenje: Ugra\u0111ena stanica za punjenje s 2 AC uti\u010dnice i 2 USB priklju\u010dka; 2 kuke za male predmete; intuitivni kontroler za jednostavno rukovanje.Sastavljanje bez stresa: Zahvaljuju\u0107i jednostavnoj strukturi i jasnim uputama, kutni stol u obliku slova L mo\u017eete lako sastaviti i brzo u\u017eivati \u200b\u200bu svom novom radnom prostoru.","robots":{"index":"index","follow":"follow","max-snippet":"max-snippet:-1","max-image-preview":"max-image-preview:large","max-video-preview":"max-video-preview:-1"},"canonical":"https:\/\/inti.hr\/sr\/proizvod\/kutni-radni-stol-s-elektricnim-podesavanjem-visine-i-punjacem\/","og_locale":"sr_RS","og_type":"article","og_title":"Kutni radni stol s elektri\u010dnim pode\u0161avanjem visine i punja\u010dem - Inti","og_description":"L-oblikovani dizajn: Stol u obliku slova L s podesivom visinom savr\u0161eno se uklapa u kutove, \u0161to ne samo da optimalno iskori\u0161tava prostor, ve\u0107 i stvara prostran radni prostor \u2013 idealan za radnu sobu ili ured.Radite udobno, ostanite zdravi: Stol se mo\u017ee podesiti po visini izme\u0111u 72-120 cm, \u0161to vam omogu\u0107uje prebacivanje izme\u0111u sjedenja i stajanja te time smanjuje umor od dugotrajnog sjedenja; funkcija memorije s 2 postavke visine omogu\u0107uje brzo pode\u0161avanje.Sna\u017ean, stabilan, tih: S robusnim \u010deli\u010dnim okvirom i oja\u010danim pre\u010dkama, ovaj stoje\u0107i stol podr\u017eava do 80 kg. Visokokvalitetni motor osigurava glatko pode\u0161avanje visine s razinom buke \u2264 48 dB, stvaraju\u0107i tiho radno okru\u017eenje.Jednostavno kori\u0161tenje: Ugra\u0111ena stanica za punjenje s 2 AC uti\u010dnice i 2 USB priklju\u010dka; 2 kuke za male predmete; intuitivni kontroler za jednostavno rukovanje.Sastavljanje bez stresa: Zahvaljuju\u0107i jednostavnoj strukturi i jasnim uputama, kutni stol u obliku slova L mo\u017eete lako sastaviti i brzo u\u017eivati \u200b\u200bu svom novom radnom prostoru.","og_url":"https:\/\/inti.hr\/sr\/proizvod\/kutni-radni-stol-s-elektricnim-podesavanjem-visine-i-punjacem\/","og_site_name":"Inti","article_modified_time":"2026-04-15T08:02:44+00:00","og_image":[{"width":1000,"height":1000,"url":"https:\/\/inti.hr\/wp-content\/uploads\/2025\/11\/LSD264K01-1.jpg","type":"image\/jpeg"}],"twitter_card":"summary_large_image","schema":{"@context":"https:\/\/schema.org","@graph":[{"@type":"WebPage","@id":"https:\/\/inti.hr\/sr\/proizvod\/kutni-radni-stol-s-elektricnim-podesavanjem-visine-i-punjacem\/","url":"https:\/\/inti.hr\/sr\/proizvod\/kutni-radni-stol-s-elektricnim-podesavanjem-visine-i-punjacem\/","name":"Kutni radni stol s elektri\u010dnim pode\u0161avanjem visine i punja\u010dem - Inti","isPartOf":{"@id":"https:\/\/inti.hr\/sr\/#website"},"primaryImageOfPage":{"@id":"https:\/\/inti.hr\/sr\/proizvod\/kutni-radni-stol-s-elektricnim-podesavanjem-visine-i-punjacem\/#primaryimage"},"image":{"@id":"https:\/\/inti.hr\/sr\/proizvod\/kutni-radni-stol-s-elektricnim-podesavanjem-visine-i-punjacem\/#primaryimage"},"thumbnailUrl":"https:\/\/i0.wp.com\/inti.hr\/wp-content\/uploads\/2025\/11\/LSD264K01-1.jpg?fit=1000%2C1000&ssl=1","datePublished":"2025-11-12T10:20:16+00:00","dateModified":"2026-04-15T08:02:44+00:00","description":"L-oblikovani dizajn: Stol u obliku slova L s podesivom visinom savr\u0161eno se uklapa u kutove, \u0161to ne samo da optimalno iskori\u0161tava prostor, ve\u0107 i stvara prostran radni prostor \u2013 idealan za radnu sobu ili ured.Radite udobno, ostanite zdravi: Stol se mo\u017ee podesiti po visini izme\u0111u 72-120 cm, \u0161to vam omogu\u0107uje prebacivanje izme\u0111u sjedenja i stajanja te time smanjuje umor od dugotrajnog sjedenja; funkcija memorije s 2 postavke visine omogu\u0107uje brzo pode\u0161avanje.Sna\u017ean, stabilan, tih: S robusnim \u010deli\u010dnim okvirom i oja\u010danim pre\u010dkama, ovaj stoje\u0107i stol podr\u017eava do 80 kg. Visokokvalitetni motor osigurava glatko pode\u0161avanje visine s razinom buke \u2264 48 dB, stvaraju\u0107i tiho radno okru\u017eenje.Jednostavno kori\u0161tenje: Ugra\u0111ena stanica za punjenje s 2 AC uti\u010dnice i 2 USB priklju\u010dka; 2 kuke za male predmete; intuitivni kontroler za jednostavno rukovanje.Sastavljanje bez stresa: Zahvaljuju\u0107i jednostavnoj strukturi i jasnim uputama, kutni stol u obliku slova L mo\u017eete lako sastaviti i brzo u\u017eivati \u200b\u200bu svom novom radnom prostoru.","breadcrumb":{"@id":"https:\/\/inti.hr\/sr\/proizvod\/kutni-radni-stol-s-elektricnim-podesavanjem-visine-i-punjacem\/#breadcrumb"},"inLanguage":"sr-RS","potentialAction":[{"@type":"ReadAction","target":["https:\/\/inti.hr\/sr\/proizvod\/kutni-radni-stol-s-elektricnim-podesavanjem-visine-i-punjacem\/"]}]},{"@type":"ImageObject","inLanguage":"sr-RS","@id":"https:\/\/inti.hr\/sr\/proizvod\/kutni-radni-stol-s-elektricnim-podesavanjem-visine-i-punjacem\/#primaryimage","url":"https:\/\/i0.wp.com\/inti.hr\/wp-content\/uploads\/2025\/11\/LSD264K01-1.jpg?fit=1000%2C1000&ssl=1","contentUrl":"https:\/\/i0.wp.com\/inti.hr\/wp-content\/uploads\/2025\/11\/LSD264K01-1.jpg?fit=1000%2C1000&ssl=1","width":1000,"height":1000,"caption":"VASAGLE Kutni radni stol s elektri\u010dnim pode\u0161avanjem visine i punja\u010dem"},{"@type":"BreadcrumbList","@id":"https:\/\/inti.hr\/sr\/proizvod\/kutni-radni-stol-s-elektricnim-podesavanjem-visine-i-punjacem\/#breadcrumb","itemListElement":[{"@type":"ListItem","position":1,"name":"Po\u010detna stranica","item":"https:\/\/inti.hr\/sr\/"},{"@type":"ListItem","position":2,"name":"Prodavnica","item":"https:\/\/inti.hr\/sr\/prodavnica\/"},{"@type":"ListItem","position":3,"name":"Kutni radni stol s elektri\u010dnim pode\u0161avanjem visine i punja\u010dem"}]},{"@type":"WebSite","@id":"https:\/\/inti.hr\/sr\/#website","url":"https:\/\/inti.hr\/sr\/","name":"Inti","description":"trgovina","potentialAction":[{"@type":"SearchAction","target":{"@type":"EntryPoint","urlTemplate":"https:\/\/inti.hr\/sr\/?s={search_term_string}"},"query-input":{"@type":"PropertyValueSpecification","valueRequired":true,"valueName":"search_term_string"}}],"inLanguage":"sr-RS"}]}},"jetpack_sharing_enabled":true,"jetpack-related-posts":[],"_links":{"self":[{"href":"https:\/\/inti.hr\/sr\/wp-json\/wp\/v2\/product\/34677"}],"collection":[{"href":"https:\/\/inti.hr\/sr\/wp-json\/wp\/v2\/product"}],"about":[{"href":"https:\/\/inti.hr\/sr\/wp-json\/wp\/v2\/types\/product"}],"wp:featuredmedia":[{"embeddable":true,"href":"https:\/\/inti.hr\/sr\/wp-json\/wp\/v2\/media\/34678"}],"wp:attachment":[{"href":"https:\/\/inti.hr\/sr\/wp-json\/wp\/v2\/media?parent=34677"}],"wp:term":[{"taxonomy":"product_cat","embeddable":true,"href":"https:\/\/inti.hr\/sr\/wp-json\/wp\/v2\/product_cat?post=34677"},{"taxonomy":"product_tag","embeddable":true,"href":"https:\/\/inti.hr\/sr\/wp-json\/wp\/v2\/product_tag?post=34677"}],"curies":[{"name":"wp","href":"https:\/\/api.w.org\/{rel}","templated":true}]}}