{"id":34689,"date":"2025-11-11T09:24:07","date_gmt":"2025-11-11T08:24:07","guid":{"rendered":"https:\/\/inti.hr\/product\/komoda-s-ladicama-od-tkanine\/"},"modified":"2025-11-11T09:24:07","modified_gmt":"2025-11-11T08:24:07","slug":"komoda-s-ladicama-od-tkanine","status":"publish","type":"product","link":"https:\/\/inti.hr\/sr\/proizvod\/komoda-s-ladicama-od-tkanine\/","title":{"rendered":"Komoda s ladicama od tkanine"},"content":{"rendered":"<p>Detalji o proizvodu:<br \/>\nBoja: Vintage sme\u0111a-crna<br \/>\nMaterijal: MDF (vlaknasta plo\u010da srednje gusto\u0107e), iverica, \u010delik, netkana tkanina<br \/>\nVeli\u010dina: 30 x 76,7 x 73,7 cm (D x \u0160 x V)<br \/>\nTe\u017eina: 8,5 kg<br \/>\nMaksimalna stati\u010dka nosivost povr\u0161ine: 40 kg<br \/>\nMaksimalna stati\u010dka nosivost po ladici: 5 kg<\/p>\n","protected":false},"excerpt":{"rendered":"<ul class=\"left\">\n<li><span dir=\"auto\">Svestrana: Ova moderna komoda mo\u017ee se bez napora &#8230;<br \/>\n","protected":false},"featured_media":34690,"template":"","meta":[],"product_cat":[2421],"product_tag":[2448,4349],"yoast_head":"<!-- This site is optimized with the Yoast SEO plugin v23.7 - https:\/\/yoast.com\/wordpress\/plugins\/seo\/ -->\n<title>Komoda s ladicama od tkanine - Inti<\/title>\n<meta name=\"description\" content=\"Svestrana: Ova moderna komoda mo\u017ee se bez napora integrirati u razli\u010dite prostorije i nudi elegantno rje\u0161enje za pohranu, idealno za hodnike, dnevne sobe, spava\u0107e sobe i urede.Puno prostora za pohranu: Ova komoda sa 6 ladica nudi obilje skrivenog prostora za pohranu va\u0161ih svakodnevnih predmeta. Povr\u0161ina je idealna za lampe, satove i ostale potrep\u0161tine.\u010cvrsta konstrukcija: Ovaj ormari\u0107 izra\u0111en je od \u010delika, iverice i ladica od netkanog materijala oja\u010danih MDF-om. Robustan je i izdr\u017eljiv; gornja plo\u010da mo\u017ee podnijeti do 40 kg, a svaka ladica do 5 kg.Stabilan i siguran: Podesive no\u017eice osiguravaju stabilnost na blago neravnim podovima. Uklju\u010dena za\u0161tita od prevrtanja sprje\u010dava nezgode i stvara sigurno radno okru\u017eenje.Jednostavno sastavljanje: Uz detaljne upute, ozna\u010dene dijelove i prilo\u017eeni alat, sastavljanje ormari\u0107a za pohranu je brzo i jednostavno.\" \/>\n<meta name=\"robots\" content=\"index, follow, max-snippet:-1, max-image-preview:large, max-video-preview:-1\" \/>\n<link rel=\"canonical\" href=\"https:\/\/inti.hr\/sr\/proizvod\/komoda-s-ladicama-od-tkanine\/\" \/>\n<meta property=\"og:locale\" content=\"sr_RS\" \/>\n<meta property=\"og:type\" content=\"article\" \/>\n<meta property=\"og:title\" content=\"Komoda s ladicama od tkanine - Inti\" \/>\n<meta property=\"og:description\" content=\"Svestrana: Ova moderna komoda mo\u017ee se bez napora integrirati u razli\u010dite prostorije i nudi elegantno rje\u0161enje za pohranu, idealno za hodnike, dnevne sobe, spava\u0107e sobe i urede.Puno prostora za pohranu: Ova komoda sa 6 ladica nudi obilje skrivenog prostora za pohranu va\u0161ih svakodnevnih predmeta. Povr\u0161ina je idealna za lampe, satove i ostale potrep\u0161tine.\u010cvrsta konstrukcija: Ovaj ormari\u0107 izra\u0111en je od \u010delika, iverice i ladica od netkanog materijala oja\u010danih MDF-om. Robustan je i izdr\u017eljiv; gornja plo\u010da mo\u017ee podnijeti do 40 kg, a svaka ladica do 5 kg.Stabilan i siguran: Podesive no\u017eice osiguravaju stabilnost na blago neravnim podovima. Uklju\u010dena za\u0161tita od prevrtanja sprje\u010dava nezgode i stvara sigurno radno okru\u017eenje.Jednostavno sastavljanje: Uz detaljne upute, ozna\u010dene dijelove i prilo\u017eeni alat, sastavljanje ormari\u0107a za pohranu je brzo i jednostavno.\" \/>\n<meta property=\"og:url\" content=\"https:\/\/inti.hr\/sr\/proizvod\/komoda-s-ladicama-od-tkanine\/\" \/>\n<meta property=\"og:site_name\" content=\"Inti\" \/>\n<meta property=\"og:image\" content=\"https:\/\/i0.wp.com\/inti.hr\/wp-content\/uploads\/2025\/11\/LGS123BH04-1.jpg?fit=1000%2C1000&ssl=1\" \/>\n\t<meta property=\"og:image:width\" content=\"1000\" \/>\n\t<meta property=\"og:image:height\" content=\"1000\" \/>\n\t<meta property=\"og:image:type\" content=\"image\/jpeg\" \/>\n<meta name=\"twitter:card\" content=\"summary_large_image\" \/>\n<script type=\"application\/ld+json\" class=\"yoast-schema-graph\">{\"@context\":\"https:\/\/schema.org\",\"@graph\":[{\"@type\":\"WebPage\",\"@id\":\"https:\/\/inti.hr\/sr\/proizvod\/komoda-s-ladicama-od-tkanine\/\",\"url\":\"https:\/\/inti.hr\/sr\/proizvod\/komoda-s-ladicama-od-tkanine\/\",\"name\":\"Komoda s ladicama od tkanine - Inti\",\"isPartOf\":{\"@id\":\"https:\/\/inti.hr\/sr\/#website\"},\"primaryImageOfPage\":{\"@id\":\"https:\/\/inti.hr\/sr\/proizvod\/komoda-s-ladicama-od-tkanine\/#primaryimage\"},\"image\":{\"@id\":\"https:\/\/inti.hr\/sr\/proizvod\/komoda-s-ladicama-od-tkanine\/#primaryimage\"},\"thumbnailUrl\":\"https:\/\/i0.wp.com\/inti.hr\/wp-content\/uploads\/2025\/11\/LGS123BH04-1.jpg?fit=1000%2C1000&ssl=1\",\"datePublished\":\"2025-11-11T08:24:07+00:00\",\"dateModified\":\"2025-11-11T08:24:07+00:00\",\"description\":\"Svestrana: Ova moderna komoda mo\u017ee se bez napora integrirati u razli\u010dite prostorije i nudi elegantno rje\u0161enje za pohranu, idealno za hodnike, dnevne sobe, spava\u0107e sobe i urede.Puno prostora za pohranu: Ova komoda sa 6 ladica nudi obilje skrivenog prostora za pohranu va\u0161ih svakodnevnih predmeta. Povr\u0161ina je idealna za lampe, satove i ostale potrep\u0161tine.\u010cvrsta konstrukcija: Ovaj ormari\u0107 izra\u0111en je od \u010delika, iverice i ladica od netkanog materijala oja\u010danih MDF-om. Robustan je i izdr\u017eljiv; gornja plo\u010da mo\u017ee podnijeti do 40 kg, a svaka ladica do 5 kg.Stabilan i siguran: Podesive no\u017eice osiguravaju stabilnost na blago neravnim podovima. Uklju\u010dena za\u0161tita od prevrtanja sprje\u010dava nezgode i stvara sigurno radno okru\u017eenje.Jednostavno sastavljanje: Uz detaljne upute, ozna\u010dene dijelove i prilo\u017eeni alat, sastavljanje ormari\u0107a za pohranu je brzo i jednostavno.\",\"breadcrumb\":{\"@id\":\"https:\/\/inti.hr\/sr\/proizvod\/komoda-s-ladicama-od-tkanine\/#breadcrumb\"},\"inLanguage\":\"sr-RS\",\"potentialAction\":[{\"@type\":\"ReadAction\",\"target\":[\"https:\/\/inti.hr\/sr\/proizvod\/komoda-s-ladicama-od-tkanine\/\"]}]},{\"@type\":\"ImageObject\",\"inLanguage\":\"sr-RS\",\"@id\":\"https:\/\/inti.hr\/sr\/proizvod\/komoda-s-ladicama-od-tkanine\/#primaryimage\",\"url\":\"https:\/\/i0.wp.com\/inti.hr\/wp-content\/uploads\/2025\/11\/LGS123BH04-1.jpg?fit=1000%2C1000&ssl=1\",\"contentUrl\":\"https:\/\/i0.wp.com\/inti.hr\/wp-content\/uploads\/2025\/11\/LGS123BH04-1.jpg?fit=1000%2C1000&ssl=1\",\"width\":1000,\"height\":1000},{\"@type\":\"BreadcrumbList\",\"@id\":\"https:\/\/inti.hr\/sr\/proizvod\/komoda-s-ladicama-od-tkanine\/#breadcrumb\",\"itemListElement\":[{\"@type\":\"ListItem\",\"position\":1,\"name\":\"Po\u010detna stranica\",\"item\":\"https:\/\/inti.hr\/sr\/\"},{\"@type\":\"ListItem\",\"position\":2,\"name\":\"Prodavnica\",\"item\":\"https:\/\/inti.hr\/sr\/prodavnica\/\"},{\"@type\":\"ListItem\",\"position\":3,\"name\":\"Komoda s ladicama od tkanine\"}]},{\"@type\":\"WebSite\",\"@id\":\"https:\/\/inti.hr\/sr\/#website\",\"url\":\"https:\/\/inti.hr\/sr\/\",\"name\":\"Inti\",\"description\":\"trgovina\",\"potentialAction\":[{\"@type\":\"SearchAction\",\"target\":{\"@type\":\"EntryPoint\",\"urlTemplate\":\"https:\/\/inti.hr\/sr\/?s={search_term_string}\"},\"query-input\":{\"@type\":\"PropertyValueSpecification\",\"valueRequired\":true,\"valueName\":\"search_term_string\"}}],\"inLanguage\":\"sr-RS\"}]}<\/script>\n<!-- \/ Yoast SEO plugin. -->","yoast_head_json":{"title":"Komoda s ladicama od tkanine - Inti","description":"Svestrana: Ova moderna komoda mo\u017ee se bez napora integrirati u razli\u010dite prostorije i nudi elegantno rje\u0161enje za pohranu, idealno za hodnike, dnevne sobe, spava\u0107e sobe i urede.Puno prostora za pohranu: Ova komoda sa 6 ladica nudi obilje skrivenog prostora za pohranu va\u0161ih svakodnevnih predmeta. Povr\u0161ina je idealna za lampe, satove i ostale potrep\u0161tine.\u010cvrsta konstrukcija: Ovaj ormari\u0107 izra\u0111en je od \u010delika, iverice i ladica od netkanog materijala oja\u010danih MDF-om. Robustan je i izdr\u017eljiv; gornja plo\u010da mo\u017ee podnijeti do 40 kg, a svaka ladica do 5 kg.Stabilan i siguran: Podesive no\u017eice osiguravaju stabilnost na blago neravnim podovima. Uklju\u010dena za\u0161tita od prevrtanja sprje\u010dava nezgode i stvara sigurno radno okru\u017eenje.Jednostavno sastavljanje: Uz detaljne upute, ozna\u010dene dijelove i prilo\u017eeni alat, sastavljanje ormari\u0107a za pohranu je brzo i jednostavno.","robots":{"index":"index","follow":"follow","max-snippet":"max-snippet:-1","max-image-preview":"max-image-preview:large","max-video-preview":"max-video-preview:-1"},"canonical":"https:\/\/inti.hr\/sr\/proizvod\/komoda-s-ladicama-od-tkanine\/","og_locale":"sr_RS","og_type":"article","og_title":"Komoda s ladicama od tkanine - Inti","og_description":"Svestrana: Ova moderna komoda mo\u017ee se bez napora integrirati u razli\u010dite prostorije i nudi elegantno rje\u0161enje za pohranu, idealno za hodnike, dnevne sobe, spava\u0107e sobe i urede.Puno prostora za pohranu: Ova komoda sa 6 ladica nudi obilje skrivenog prostora za pohranu va\u0161ih svakodnevnih predmeta. Povr\u0161ina je idealna za lampe, satove i ostale potrep\u0161tine.\u010cvrsta konstrukcija: Ovaj ormari\u0107 izra\u0111en je od \u010delika, iverice i ladica od netkanog materijala oja\u010danih MDF-om. Robustan je i izdr\u017eljiv; gornja plo\u010da mo\u017ee podnijeti do 40 kg, a svaka ladica do 5 kg.Stabilan i siguran: Podesive no\u017eice osiguravaju stabilnost na blago neravnim podovima. Uklju\u010dena za\u0161tita od prevrtanja sprje\u010dava nezgode i stvara sigurno radno okru\u017eenje.Jednostavno sastavljanje: Uz detaljne upute, ozna\u010dene dijelove i prilo\u017eeni alat, sastavljanje ormari\u0107a za pohranu je brzo i jednostavno.","og_url":"https:\/\/inti.hr\/sr\/proizvod\/komoda-s-ladicama-od-tkanine\/","og_site_name":"Inti","og_image":[{"width":1000,"height":1000,"url":"https:\/\/i0.wp.com\/inti.hr\/wp-content\/uploads\/2025\/11\/LGS123BH04-1.jpg?fit=1000%2C1000&ssl=1","type":"image\/jpeg"}],"twitter_card":"summary_large_image","schema":{"@context":"https:\/\/schema.org","@graph":[{"@type":"WebPage","@id":"https:\/\/inti.hr\/sr\/proizvod\/komoda-s-ladicama-od-tkanine\/","url":"https:\/\/inti.hr\/sr\/proizvod\/komoda-s-ladicama-od-tkanine\/","name":"Komoda s ladicama od tkanine - Inti","isPartOf":{"@id":"https:\/\/inti.hr\/sr\/#website"},"primaryImageOfPage":{"@id":"https:\/\/inti.hr\/sr\/proizvod\/komoda-s-ladicama-od-tkanine\/#primaryimage"},"image":{"@id":"https:\/\/inti.hr\/sr\/proizvod\/komoda-s-ladicama-od-tkanine\/#primaryimage"},"thumbnailUrl":"https:\/\/i0.wp.com\/inti.hr\/wp-content\/uploads\/2025\/11\/LGS123BH04-1.jpg?fit=1000%2C1000&ssl=1","datePublished":"2025-11-11T08:24:07+00:00","dateModified":"2025-11-11T08:24:07+00:00","description":"Svestrana: Ova moderna komoda mo\u017ee se bez napora integrirati u razli\u010dite prostorije i nudi elegantno rje\u0161enje za pohranu, idealno za hodnike, dnevne sobe, spava\u0107e sobe i urede.Puno prostora za pohranu: Ova komoda sa 6 ladica nudi obilje skrivenog prostora za pohranu va\u0161ih svakodnevnih predmeta. Povr\u0161ina je idealna za lampe, satove i ostale potrep\u0161tine.\u010cvrsta konstrukcija: Ovaj ormari\u0107 izra\u0111en je od \u010delika, iverice i ladica od netkanog materijala oja\u010danih MDF-om. Robustan je i izdr\u017eljiv; gornja plo\u010da mo\u017ee podnijeti do 40 kg, a svaka ladica do 5 kg.Stabilan i siguran: Podesive no\u017eice osiguravaju stabilnost na blago neravnim podovima. Uklju\u010dena za\u0161tita od prevrtanja sprje\u010dava nezgode i stvara sigurno radno okru\u017eenje.Jednostavno sastavljanje: Uz detaljne upute, ozna\u010dene dijelove i prilo\u017eeni alat, sastavljanje ormari\u0107a za pohranu je brzo i jednostavno.","breadcrumb":{"@id":"https:\/\/inti.hr\/sr\/proizvod\/komoda-s-ladicama-od-tkanine\/#breadcrumb"},"inLanguage":"sr-RS","potentialAction":[{"@type":"ReadAction","target":["https:\/\/inti.hr\/sr\/proizvod\/komoda-s-ladicama-od-tkanine\/"]}]},{"@type":"ImageObject","inLanguage":"sr-RS","@id":"https:\/\/inti.hr\/sr\/proizvod\/komoda-s-ladicama-od-tkanine\/#primaryimage","url":"https:\/\/i0.wp.com\/inti.hr\/wp-content\/uploads\/2025\/11\/LGS123BH04-1.jpg?fit=1000%2C1000&ssl=1","contentUrl":"https:\/\/i0.wp.com\/inti.hr\/wp-content\/uploads\/2025\/11\/LGS123BH04-1.jpg?fit=1000%2C1000&ssl=1","width":1000,"height":1000},{"@type":"BreadcrumbList","@id":"https:\/\/inti.hr\/sr\/proizvod\/komoda-s-ladicama-od-tkanine\/#breadcrumb","itemListElement":[{"@type":"ListItem","position":1,"name":"Po\u010detna stranica","item":"https:\/\/inti.hr\/sr\/"},{"@type":"ListItem","position":2,"name":"Prodavnica","item":"https:\/\/inti.hr\/sr\/prodavnica\/"},{"@type":"ListItem","position":3,"name":"Komoda s ladicama od tkanine"}]},{"@type":"WebSite","@id":"https:\/\/inti.hr\/sr\/#website","url":"https:\/\/inti.hr\/sr\/","name":"Inti","description":"trgovina","potentialAction":[{"@type":"SearchAction","target":{"@type":"EntryPoint","urlTemplate":"https:\/\/inti.hr\/sr\/?s={search_term_string}"},"query-input":{"@type":"PropertyValueSpecification","valueRequired":true,"valueName":"search_term_string"}}],"inLanguage":"sr-RS"}]}},"jetpack_sharing_enabled":true,"jetpack-related-posts":[],"_links":{"self":[{"href":"https:\/\/inti.hr\/sr\/wp-json\/wp\/v2\/product\/34689"}],"collection":[{"href":"https:\/\/inti.hr\/sr\/wp-json\/wp\/v2\/product"}],"about":[{"href":"https:\/\/inti.hr\/sr\/wp-json\/wp\/v2\/types\/product"}],"wp:featuredmedia":[{"embeddable":true,"href":"https:\/\/inti.hr\/sr\/wp-json\/wp\/v2\/media\/34690"}],"wp:attachment":[{"href":"https:\/\/inti.hr\/sr\/wp-json\/wp\/v2\/media?parent=34689"}],"wp:term":[{"taxonomy":"product_cat","embeddable":true,"href":"https:\/\/inti.hr\/sr\/wp-json\/wp\/v2\/product_cat?post=34689"},{"taxonomy":"product_tag","embeddable":true,"href":"https:\/\/inti.hr\/sr\/wp-json\/wp\/v2\/product_tag?post=34689"}],"curies":[{"name":"wp","href":"https:\/\/api.w.org\/{rel}","templated":true}]}}