{"id":34701,"date":"2025-11-11T08:09:02","date_gmt":"2025-11-11T07:09:02","guid":{"rendered":"https:\/\/inti.hr\/product\/umjetno-bozicno-drvce-s-metalnim-postoljem\/"},"modified":"2025-11-11T08:09:02","modified_gmt":"2025-11-11T07:09:02","slug":"umjetno-bozicno-drvce-s-metalnim-postoljem","status":"publish","type":"product","link":"https:\/\/inti.hr\/sr\/proizvod\/umjetno-bozicno-drvce-s-metalnim-postoljem\/","title":{"rendered":"Umjetno bo\u017ei\u0107no drvce s metalnim postoljem"},"content":{"rendered":"<p>Detalji o proizvodu:<br \/>\nBoja: Zelena<br \/>\nMaterijal: \u010celik, PVC plastika<br \/>\nVeli\u010dina: promjer 78 cm, visina 180 cm<br \/>\nTe\u017eina: 5,2 kg<\/p>\n<ul>\n<li><b><span dir=\"auto\">Detalji o proizvodu:<\/span><\/b><\/li>\n<li><span dir=\"auto\">Boja: Zelena<\/span><\/li>\n<li><span dir=\"auto\">Materijal: \u010celik, PVC plastika<\/span><\/li>\n<li><span dir=\"auto\">Veli\u010dina: promjer 78 cm, visina 150 cm<\/span><\/li>\n<li><span dir=\"auto\">Te\u017eina: 3,7 kg<\/span><\/li>\n<\/ul>\n","protected":false},"excerpt":{"rendered":"<ul class=\"left\">\n<li><span dir=\"auto\">Varljivo realisti\u010dno: Gusto izra\u0111ene grane stvaraju realisti\u010dan izgled. &#8230;<br \/>\n","protected":false},"featured_media":34702,"template":"","meta":[],"product_cat":[2893],"product_tag":[4358,4359,4360],"yoast_head":"<!-- This site is optimized with the Yoast SEO plugin v23.7 - https:\/\/yoast.com\/wordpress\/plugins\/seo\/ -->\n<title>Umjetno bo\u017ei\u0107no drvce s metalnim postoljem - Inti<\/title>\n<meta name=\"description\" content=\"Varljivo realisti\u010dno: Gusto izra\u0111ene grane stvaraju realisti\u010dan izgled. U kombinaciji s prilo\u017eenim bo\u017ei\u0107nim kuglicama stvara blagdansku atmosferu, \u010dine\u0107i ovo drvce vrhuncem u svakoj prostoriji.Sigurno i stabilno: Grane su izra\u0111ene od visokokvalitetnog PVC-a, \u0161to osigurava sigurnu upotrebu. Metalni stalak pru\u017ea bo\u017ei\u0107nom drvcu izvrsnu stabilnost, sprje\u010davaju\u0107i slu\u010dajno prevrtanje.Brzo postavljanje: Jednostavno umetnite deblo u cijev, a zatim rasklopite grane. Grane morate ravnomjerno rasklopiti od dna prema vrhu kako biste postigli gust izgled.\u0160to se ti\u010de veli\u010dine proizvoda: Ukupna visina od postolja do vrha je 180 cm. Sam vrh je ne\u0161to du\u017ei, ali se mo\u017ee saviti i podesiti po potrebi.Trajna bo\u017ei\u0107na radost: Nakon upotrebe, bo\u017ei\u0107no drvce se mo\u017ee kompaktno pohraniti u originalnoj ambala\u017ei \u2013 nema potrebe za kupnjom novog drvca svake godine. Imat \u0107ete vjernog suputnika za mnoge blagdanske godine koje dolaze!\" \/>\n<meta name=\"robots\" content=\"index, follow, max-snippet:-1, max-image-preview:large, max-video-preview:-1\" \/>\n<link rel=\"canonical\" href=\"https:\/\/inti.hr\/sr\/proizvod\/umjetno-bozicno-drvce-s-metalnim-postoljem\/\" \/>\n<meta property=\"og:locale\" content=\"sr_RS\" \/>\n<meta property=\"og:type\" content=\"article\" \/>\n<meta property=\"og:title\" content=\"Umjetno bo\u017ei\u0107no drvce s metalnim postoljem - Inti\" \/>\n<meta property=\"og:description\" content=\"Varljivo realisti\u010dno: Gusto izra\u0111ene grane stvaraju realisti\u010dan izgled. U kombinaciji s prilo\u017eenim bo\u017ei\u0107nim kuglicama stvara blagdansku atmosferu, \u010dine\u0107i ovo drvce vrhuncem u svakoj prostoriji.Sigurno i stabilno: Grane su izra\u0111ene od visokokvalitetnog PVC-a, \u0161to osigurava sigurnu upotrebu. Metalni stalak pru\u017ea bo\u017ei\u0107nom drvcu izvrsnu stabilnost, sprje\u010davaju\u0107i slu\u010dajno prevrtanje.Brzo postavljanje: Jednostavno umetnite deblo u cijev, a zatim rasklopite grane. Grane morate ravnomjerno rasklopiti od dna prema vrhu kako biste postigli gust izgled.\u0160to se ti\u010de veli\u010dine proizvoda: Ukupna visina od postolja do vrha je 180 cm. Sam vrh je ne\u0161to du\u017ei, ali se mo\u017ee saviti i podesiti po potrebi.Trajna bo\u017ei\u0107na radost: Nakon upotrebe, bo\u017ei\u0107no drvce se mo\u017ee kompaktno pohraniti u originalnoj ambala\u017ei \u2013 nema potrebe za kupnjom novog drvca svake godine. Imat \u0107ete vjernog suputnika za mnoge blagdanske godine koje dolaze!\" \/>\n<meta property=\"og:url\" content=\"https:\/\/inti.hr\/sr\/proizvod\/umjetno-bozicno-drvce-s-metalnim-postoljem\/\" \/>\n<meta property=\"og:site_name\" content=\"Inti\" \/>\n<meta property=\"og:image\" content=\"https:\/\/i0.wp.com\/inti.hr\/wp-content\/uploads\/2025\/11\/LAT002CZ01-1.jpg?fit=1000%2C1000&ssl=1\" \/>\n\t<meta property=\"og:image:width\" content=\"1000\" \/>\n\t<meta property=\"og:image:height\" content=\"1000\" \/>\n\t<meta property=\"og:image:type\" content=\"image\/jpeg\" \/>\n<meta name=\"twitter:card\" content=\"summary_large_image\" \/>\n<script type=\"application\/ld+json\" class=\"yoast-schema-graph\">{\"@context\":\"https:\/\/schema.org\",\"@graph\":[{\"@type\":\"WebPage\",\"@id\":\"https:\/\/inti.hr\/sr\/proizvod\/umjetno-bozicno-drvce-s-metalnim-postoljem\/\",\"url\":\"https:\/\/inti.hr\/sr\/proizvod\/umjetno-bozicno-drvce-s-metalnim-postoljem\/\",\"name\":\"Umjetno bo\u017ei\u0107no drvce s metalnim postoljem - Inti\",\"isPartOf\":{\"@id\":\"https:\/\/inti.hr\/sr\/#website\"},\"primaryImageOfPage\":{\"@id\":\"https:\/\/inti.hr\/sr\/proizvod\/umjetno-bozicno-drvce-s-metalnim-postoljem\/#primaryimage\"},\"image\":{\"@id\":\"https:\/\/inti.hr\/sr\/proizvod\/umjetno-bozicno-drvce-s-metalnim-postoljem\/#primaryimage\"},\"thumbnailUrl\":\"https:\/\/i0.wp.com\/inti.hr\/wp-content\/uploads\/2025\/11\/LAT002CZ01-1.jpg?fit=1000%2C1000&ssl=1\",\"datePublished\":\"2025-11-11T07:09:02+00:00\",\"dateModified\":\"2025-11-11T07:09:02+00:00\",\"description\":\"Varljivo realisti\u010dno: Gusto izra\u0111ene grane stvaraju realisti\u010dan izgled. U kombinaciji s prilo\u017eenim bo\u017ei\u0107nim kuglicama stvara blagdansku atmosferu, \u010dine\u0107i ovo drvce vrhuncem u svakoj prostoriji.Sigurno i stabilno: Grane su izra\u0111ene od visokokvalitetnog PVC-a, \u0161to osigurava sigurnu upotrebu. Metalni stalak pru\u017ea bo\u017ei\u0107nom drvcu izvrsnu stabilnost, sprje\u010davaju\u0107i slu\u010dajno prevrtanje.Brzo postavljanje: Jednostavno umetnite deblo u cijev, a zatim rasklopite grane. Grane morate ravnomjerno rasklopiti od dna prema vrhu kako biste postigli gust izgled.\u0160to se ti\u010de veli\u010dine proizvoda: Ukupna visina od postolja do vrha je 180 cm. Sam vrh je ne\u0161to du\u017ei, ali se mo\u017ee saviti i podesiti po potrebi.Trajna bo\u017ei\u0107na radost: Nakon upotrebe, bo\u017ei\u0107no drvce se mo\u017ee kompaktno pohraniti u originalnoj ambala\u017ei \u2013 nema potrebe za kupnjom novog drvca svake godine. Imat \u0107ete vjernog suputnika za mnoge blagdanske godine koje dolaze!\",\"breadcrumb\":{\"@id\":\"https:\/\/inti.hr\/sr\/proizvod\/umjetno-bozicno-drvce-s-metalnim-postoljem\/#breadcrumb\"},\"inLanguage\":\"sr-RS\",\"potentialAction\":[{\"@type\":\"ReadAction\",\"target\":[\"https:\/\/inti.hr\/sr\/proizvod\/umjetno-bozicno-drvce-s-metalnim-postoljem\/\"]}]},{\"@type\":\"ImageObject\",\"inLanguage\":\"sr-RS\",\"@id\":\"https:\/\/inti.hr\/sr\/proizvod\/umjetno-bozicno-drvce-s-metalnim-postoljem\/#primaryimage\",\"url\":\"https:\/\/i0.wp.com\/inti.hr\/wp-content\/uploads\/2025\/11\/LAT002CZ01-1.jpg?fit=1000%2C1000&ssl=1\",\"contentUrl\":\"https:\/\/i0.wp.com\/inti.hr\/wp-content\/uploads\/2025\/11\/LAT002CZ01-1.jpg?fit=1000%2C1000&ssl=1\",\"width\":1000,\"height\":1000,\"caption\":\"Umjetno bo\u017ei\u0107no drvce s metalnim postoljem\"},{\"@type\":\"BreadcrumbList\",\"@id\":\"https:\/\/inti.hr\/sr\/proizvod\/umjetno-bozicno-drvce-s-metalnim-postoljem\/#breadcrumb\",\"itemListElement\":[{\"@type\":\"ListItem\",\"position\":1,\"name\":\"Po\u010detna stranica\",\"item\":\"https:\/\/inti.hr\/sr\/\"},{\"@type\":\"ListItem\",\"position\":2,\"name\":\"Prodavnica\",\"item\":\"https:\/\/inti.hr\/sr\/prodavnica\/\"},{\"@type\":\"ListItem\",\"position\":3,\"name\":\"Umjetno bo\u017ei\u0107no drvce s metalnim postoljem\"}]},{\"@type\":\"WebSite\",\"@id\":\"https:\/\/inti.hr\/sr\/#website\",\"url\":\"https:\/\/inti.hr\/sr\/\",\"name\":\"Inti\",\"description\":\"trgovina\",\"potentialAction\":[{\"@type\":\"SearchAction\",\"target\":{\"@type\":\"EntryPoint\",\"urlTemplate\":\"https:\/\/inti.hr\/sr\/?s={search_term_string}\"},\"query-input\":{\"@type\":\"PropertyValueSpecification\",\"valueRequired\":true,\"valueName\":\"search_term_string\"}}],\"inLanguage\":\"sr-RS\"}]}<\/script>\n<!-- \/ Yoast SEO plugin. -->","yoast_head_json":{"title":"Umjetno bo\u017ei\u0107no drvce s metalnim postoljem - Inti","description":"Varljivo realisti\u010dno: Gusto izra\u0111ene grane stvaraju realisti\u010dan izgled. U kombinaciji s prilo\u017eenim bo\u017ei\u0107nim kuglicama stvara blagdansku atmosferu, \u010dine\u0107i ovo drvce vrhuncem u svakoj prostoriji.Sigurno i stabilno: Grane su izra\u0111ene od visokokvalitetnog PVC-a, \u0161to osigurava sigurnu upotrebu. Metalni stalak pru\u017ea bo\u017ei\u0107nom drvcu izvrsnu stabilnost, sprje\u010davaju\u0107i slu\u010dajno prevrtanje.Brzo postavljanje: Jednostavno umetnite deblo u cijev, a zatim rasklopite grane. Grane morate ravnomjerno rasklopiti od dna prema vrhu kako biste postigli gust izgled.\u0160to se ti\u010de veli\u010dine proizvoda: Ukupna visina od postolja do vrha je 180 cm. Sam vrh je ne\u0161to du\u017ei, ali se mo\u017ee saviti i podesiti po potrebi.Trajna bo\u017ei\u0107na radost: Nakon upotrebe, bo\u017ei\u0107no drvce se mo\u017ee kompaktno pohraniti u originalnoj ambala\u017ei \u2013 nema potrebe za kupnjom novog drvca svake godine. Imat \u0107ete vjernog suputnika za mnoge blagdanske godine koje dolaze!","robots":{"index":"index","follow":"follow","max-snippet":"max-snippet:-1","max-image-preview":"max-image-preview:large","max-video-preview":"max-video-preview:-1"},"canonical":"https:\/\/inti.hr\/sr\/proizvod\/umjetno-bozicno-drvce-s-metalnim-postoljem\/","og_locale":"sr_RS","og_type":"article","og_title":"Umjetno bo\u017ei\u0107no drvce s metalnim postoljem - Inti","og_description":"Varljivo realisti\u010dno: Gusto izra\u0111ene grane stvaraju realisti\u010dan izgled. U kombinaciji s prilo\u017eenim bo\u017ei\u0107nim kuglicama stvara blagdansku atmosferu, \u010dine\u0107i ovo drvce vrhuncem u svakoj prostoriji.Sigurno i stabilno: Grane su izra\u0111ene od visokokvalitetnog PVC-a, \u0161to osigurava sigurnu upotrebu. Metalni stalak pru\u017ea bo\u017ei\u0107nom drvcu izvrsnu stabilnost, sprje\u010davaju\u0107i slu\u010dajno prevrtanje.Brzo postavljanje: Jednostavno umetnite deblo u cijev, a zatim rasklopite grane. Grane morate ravnomjerno rasklopiti od dna prema vrhu kako biste postigli gust izgled.\u0160to se ti\u010de veli\u010dine proizvoda: Ukupna visina od postolja do vrha je 180 cm. Sam vrh je ne\u0161to du\u017ei, ali se mo\u017ee saviti i podesiti po potrebi.Trajna bo\u017ei\u0107na radost: Nakon upotrebe, bo\u017ei\u0107no drvce se mo\u017ee kompaktno pohraniti u originalnoj ambala\u017ei \u2013 nema potrebe za kupnjom novog drvca svake godine. Imat \u0107ete vjernog suputnika za mnoge blagdanske godine koje dolaze!","og_url":"https:\/\/inti.hr\/sr\/proizvod\/umjetno-bozicno-drvce-s-metalnim-postoljem\/","og_site_name":"Inti","og_image":[{"width":1000,"height":1000,"url":"https:\/\/i0.wp.com\/inti.hr\/wp-content\/uploads\/2025\/11\/LAT002CZ01-1.jpg?fit=1000%2C1000&ssl=1","type":"image\/jpeg"}],"twitter_card":"summary_large_image","schema":{"@context":"https:\/\/schema.org","@graph":[{"@type":"WebPage","@id":"https:\/\/inti.hr\/sr\/proizvod\/umjetno-bozicno-drvce-s-metalnim-postoljem\/","url":"https:\/\/inti.hr\/sr\/proizvod\/umjetno-bozicno-drvce-s-metalnim-postoljem\/","name":"Umjetno bo\u017ei\u0107no drvce s metalnim postoljem - Inti","isPartOf":{"@id":"https:\/\/inti.hr\/sr\/#website"},"primaryImageOfPage":{"@id":"https:\/\/inti.hr\/sr\/proizvod\/umjetno-bozicno-drvce-s-metalnim-postoljem\/#primaryimage"},"image":{"@id":"https:\/\/inti.hr\/sr\/proizvod\/umjetno-bozicno-drvce-s-metalnim-postoljem\/#primaryimage"},"thumbnailUrl":"https:\/\/i0.wp.com\/inti.hr\/wp-content\/uploads\/2025\/11\/LAT002CZ01-1.jpg?fit=1000%2C1000&ssl=1","datePublished":"2025-11-11T07:09:02+00:00","dateModified":"2025-11-11T07:09:02+00:00","description":"Varljivo realisti\u010dno: Gusto izra\u0111ene grane stvaraju realisti\u010dan izgled. U kombinaciji s prilo\u017eenim bo\u017ei\u0107nim kuglicama stvara blagdansku atmosferu, \u010dine\u0107i ovo drvce vrhuncem u svakoj prostoriji.Sigurno i stabilno: Grane su izra\u0111ene od visokokvalitetnog PVC-a, \u0161to osigurava sigurnu upotrebu. Metalni stalak pru\u017ea bo\u017ei\u0107nom drvcu izvrsnu stabilnost, sprje\u010davaju\u0107i slu\u010dajno prevrtanje.Brzo postavljanje: Jednostavno umetnite deblo u cijev, a zatim rasklopite grane. Grane morate ravnomjerno rasklopiti od dna prema vrhu kako biste postigli gust izgled.\u0160to se ti\u010de veli\u010dine proizvoda: Ukupna visina od postolja do vrha je 180 cm. Sam vrh je ne\u0161to du\u017ei, ali se mo\u017ee saviti i podesiti po potrebi.Trajna bo\u017ei\u0107na radost: Nakon upotrebe, bo\u017ei\u0107no drvce se mo\u017ee kompaktno pohraniti u originalnoj ambala\u017ei \u2013 nema potrebe za kupnjom novog drvca svake godine. Imat \u0107ete vjernog suputnika za mnoge blagdanske godine koje dolaze!","breadcrumb":{"@id":"https:\/\/inti.hr\/sr\/proizvod\/umjetno-bozicno-drvce-s-metalnim-postoljem\/#breadcrumb"},"inLanguage":"sr-RS","potentialAction":[{"@type":"ReadAction","target":["https:\/\/inti.hr\/sr\/proizvod\/umjetno-bozicno-drvce-s-metalnim-postoljem\/"]}]},{"@type":"ImageObject","inLanguage":"sr-RS","@id":"https:\/\/inti.hr\/sr\/proizvod\/umjetno-bozicno-drvce-s-metalnim-postoljem\/#primaryimage","url":"https:\/\/i0.wp.com\/inti.hr\/wp-content\/uploads\/2025\/11\/LAT002CZ01-1.jpg?fit=1000%2C1000&ssl=1","contentUrl":"https:\/\/i0.wp.com\/inti.hr\/wp-content\/uploads\/2025\/11\/LAT002CZ01-1.jpg?fit=1000%2C1000&ssl=1","width":1000,"height":1000,"caption":"Umjetno bo\u017ei\u0107no drvce s metalnim postoljem"},{"@type":"BreadcrumbList","@id":"https:\/\/inti.hr\/sr\/proizvod\/umjetno-bozicno-drvce-s-metalnim-postoljem\/#breadcrumb","itemListElement":[{"@type":"ListItem","position":1,"name":"Po\u010detna stranica","item":"https:\/\/inti.hr\/sr\/"},{"@type":"ListItem","position":2,"name":"Prodavnica","item":"https:\/\/inti.hr\/sr\/prodavnica\/"},{"@type":"ListItem","position":3,"name":"Umjetno bo\u017ei\u0107no drvce s metalnim postoljem"}]},{"@type":"WebSite","@id":"https:\/\/inti.hr\/sr\/#website","url":"https:\/\/inti.hr\/sr\/","name":"Inti","description":"trgovina","potentialAction":[{"@type":"SearchAction","target":{"@type":"EntryPoint","urlTemplate":"https:\/\/inti.hr\/sr\/?s={search_term_string}"},"query-input":{"@type":"PropertyValueSpecification","valueRequired":true,"valueName":"search_term_string"}}],"inLanguage":"sr-RS"}]}},"jetpack_sharing_enabled":true,"jetpack-related-posts":[],"_links":{"self":[{"href":"https:\/\/inti.hr\/sr\/wp-json\/wp\/v2\/product\/34701"}],"collection":[{"href":"https:\/\/inti.hr\/sr\/wp-json\/wp\/v2\/product"}],"about":[{"href":"https:\/\/inti.hr\/sr\/wp-json\/wp\/v2\/types\/product"}],"wp:featuredmedia":[{"embeddable":true,"href":"https:\/\/inti.hr\/sr\/wp-json\/wp\/v2\/media\/34702"}],"wp:attachment":[{"href":"https:\/\/inti.hr\/sr\/wp-json\/wp\/v2\/media?parent=34701"}],"wp:term":[{"taxonomy":"product_cat","embeddable":true,"href":"https:\/\/inti.hr\/sr\/wp-json\/wp\/v2\/product_cat?post=34701"},{"taxonomy":"product_tag","embeddable":true,"href":"https:\/\/inti.hr\/sr\/wp-json\/wp\/v2\/product_tag?post=34701"}],"curies":[{"name":"wp","href":"https:\/\/api.w.org\/{rel}","templated":true}]}}