{"id":34739,"date":"2025-11-02T15:24:54","date_gmt":"2025-11-02T14:24:54","guid":{"rendered":"https:\/\/inti.hr\/product\/okvir-kreveta-s-led-rasvjetom-i-punjacem\/"},"modified":"2025-11-02T15:24:54","modified_gmt":"2025-11-02T14:24:54","slug":"okvir-kreveta-s-led-rasvjetom-i-punjacem","status":"publish","type":"product","link":"https:\/\/inti.hr\/sr\/proizvod\/okvir-kreveta-s-led-rasvjetom-i-punjacem\/","title":{"rendered":"Okvir kreveta s LED rasvjetom i punja\u010dem"},"content":{"rendered":"<p>Detalji o proizvodu:<br \/>\nBoja: Obla\u010dno bijela<br \/>\nMaterijal: \u010celik, PU ko\u017ea<br \/>\nVeli\u010dina: 213 x 167 x 90 cm (D x \u0160 x V), 213 x 147 x 90 cm (D x \u0160 x V)<br \/>\nTe\u017eina: 42 kg, 39,9 kg<br \/>\nPrikladna debljina madraca: 15-36 cm<br \/>\nMaksimalna ukupna stati\u010dka nosivost: 455 kg<\/p>\n","protected":false},"excerpt":{"rendered":"<div id=\"shopify-section-template--24859260977476__df93b25a-87c1-472b-a64c-99e1d4012875\" class=\"shopify-section p_Description preview-tabbar-item\">\n<div id=\"pr_des_warp\" class=\"container\">\n<div class=\"des_datail\">\n<div id=\"fedc5fb3-13e6-4fbd-b21f-4f05ee4a84a7\" class=\"des_item key_features\">\n<ul ...  \n\n","protected":false},"featured_media":34740,"template":"","meta":[],"product_cat":[2416],"product_tag":[4371,2677],"yoast_head":"<!-- This site is optimized with the Yoast SEO plugin v23.7 - https:\/\/yoast.com\/wordpress\/plugins\/seo\/ -->\n<title>Okvir kreveta s LED rasvjetom i punja\u010dem - Inti<\/title>\n<meta name=\"description\" content=\"\u3010EFEKT OKUSA\u3011Ovaj okvir kreveta sa skrivenim nogama razlikuje se od tradicionalnih kreveta, stvaraju\u0107i dojam da lebdi iznad poda. Stvara moderan, visokotehnolo\u0161ki osje\u0107aj i nudi jedinstveno vizualno iskustvo.\u3010LED RASVJETA\u3011RGB svjetla na uzglavlju i donjem rubu kreveta mogu se kontrolirati putem aplikacije ili daljinskog upravlja\u010da. S raznim bojama, na\u010dinima rada i podesivom svjetlinom mo\u017eete stvoriti opu\u0161taju\u0107u atmosferu.\u3010ISTOVREMENO PUNJENJE I POHRANA\u30113 USB priklju\u010dka i 1 Type-C priklju\u010dak s brzim punjenjem od 20 W \u2013 tako da mo\u017eete jednostavno puniti telefon ili druge ure\u0111aje preko no\u0107i. Dodatna polica na uzglavlju pru\u017ea idealno mjesto za va\u0161e male predmete.\u3010STABILNO I TIHO\u3011\u010cvrsti \u010delik pove\u0107ava stabilnost okvira kreveta. Nadalje, sredi\u0161nja \u0161ipka bijelog okvira kreveta opremljena je za\u0161titnom podlogom, \u0161to osigurava nesmetan san bez ometanja okretanjem va\u0161eg partnera.\u3010UDOBNO I JEDNOSTAVNO ODR\u017dAVANJE\u3011Visokokvalitetna PU ko\u017ea je mekana i jednostavna za \u010di\u0161\u0107enje. Podstavljeno uzglavlje pod kutom pru\u017ea izvrsnu udobnost pri naslanjanju, idealno za opu\u0161taju\u0107e ve\u010deri u krevetu.\" \/>\n<meta name=\"robots\" content=\"index, follow, max-snippet:-1, max-image-preview:large, max-video-preview:-1\" \/>\n<link rel=\"canonical\" href=\"https:\/\/inti.hr\/sr\/proizvod\/okvir-kreveta-s-led-rasvjetom-i-punjacem\/\" \/>\n<meta property=\"og:locale\" content=\"sr_RS\" \/>\n<meta property=\"og:type\" content=\"article\" \/>\n<meta property=\"og:title\" content=\"Okvir kreveta s LED rasvjetom i punja\u010dem - Inti\" \/>\n<meta property=\"og:description\" content=\"\u3010EFEKT OKUSA\u3011Ovaj okvir kreveta sa skrivenim nogama razlikuje se od tradicionalnih kreveta, stvaraju\u0107i dojam da lebdi iznad poda. Stvara moderan, visokotehnolo\u0161ki osje\u0107aj i nudi jedinstveno vizualno iskustvo.\u3010LED RASVJETA\u3011RGB svjetla na uzglavlju i donjem rubu kreveta mogu se kontrolirati putem aplikacije ili daljinskog upravlja\u010da. S raznim bojama, na\u010dinima rada i podesivom svjetlinom mo\u017eete stvoriti opu\u0161taju\u0107u atmosferu.\u3010ISTOVREMENO PUNJENJE I POHRANA\u30113 USB priklju\u010dka i 1 Type-C priklju\u010dak s brzim punjenjem od 20 W \u2013 tako da mo\u017eete jednostavno puniti telefon ili druge ure\u0111aje preko no\u0107i. Dodatna polica na uzglavlju pru\u017ea idealno mjesto za va\u0161e male predmete.\u3010STABILNO I TIHO\u3011\u010cvrsti \u010delik pove\u0107ava stabilnost okvira kreveta. Nadalje, sredi\u0161nja \u0161ipka bijelog okvira kreveta opremljena je za\u0161titnom podlogom, \u0161to osigurava nesmetan san bez ometanja okretanjem va\u0161eg partnera.\u3010UDOBNO I JEDNOSTAVNO ODR\u017dAVANJE\u3011Visokokvalitetna PU ko\u017ea je mekana i jednostavna za \u010di\u0161\u0107enje. Podstavljeno uzglavlje pod kutom pru\u017ea izvrsnu udobnost pri naslanjanju, idealno za opu\u0161taju\u0107e ve\u010deri u krevetu.\" \/>\n<meta property=\"og:url\" content=\"https:\/\/inti.hr\/sr\/proizvod\/okvir-kreveta-s-led-rasvjetom-i-punjacem\/\" \/>\n<meta property=\"og:site_name\" content=\"Inti\" \/>\n<meta property=\"og:image\" content=\"https:\/\/i0.wp.com\/inti.hr\/wp-content\/uploads\/2025\/11\/RMB865W01-1.jpg?fit=1000%2C1000&ssl=1\" \/>\n\t<meta property=\"og:image:width\" content=\"1000\" \/>\n\t<meta property=\"og:image:height\" content=\"1000\" \/>\n\t<meta property=\"og:image:type\" content=\"image\/jpeg\" \/>\n<meta name=\"twitter:card\" content=\"summary_large_image\" \/>\n<script type=\"application\/ld+json\" class=\"yoast-schema-graph\">{\"@context\":\"https:\/\/schema.org\",\"@graph\":[{\"@type\":\"WebPage\",\"@id\":\"https:\/\/inti.hr\/sr\/proizvod\/okvir-kreveta-s-led-rasvjetom-i-punjacem\/\",\"url\":\"https:\/\/inti.hr\/sr\/proizvod\/okvir-kreveta-s-led-rasvjetom-i-punjacem\/\",\"name\":\"Okvir kreveta s LED rasvjetom i punja\u010dem - Inti\",\"isPartOf\":{\"@id\":\"https:\/\/inti.hr\/sr\/#website\"},\"primaryImageOfPage\":{\"@id\":\"https:\/\/inti.hr\/sr\/proizvod\/okvir-kreveta-s-led-rasvjetom-i-punjacem\/#primaryimage\"},\"image\":{\"@id\":\"https:\/\/inti.hr\/sr\/proizvod\/okvir-kreveta-s-led-rasvjetom-i-punjacem\/#primaryimage\"},\"thumbnailUrl\":\"https:\/\/i0.wp.com\/inti.hr\/wp-content\/uploads\/2025\/11\/RMB865W01-1.jpg?fit=1000%2C1000&ssl=1\",\"datePublished\":\"2025-11-02T14:24:54+00:00\",\"dateModified\":\"2025-11-02T14:24:54+00:00\",\"description\":\"\u3010EFEKT OKUSA\u3011Ovaj okvir kreveta sa skrivenim nogama razlikuje se od tradicionalnih kreveta, stvaraju\u0107i dojam da lebdi iznad poda. Stvara moderan, visokotehnolo\u0161ki osje\u0107aj i nudi jedinstveno vizualno iskustvo.\u3010LED RASVJETA\u3011RGB svjetla na uzglavlju i donjem rubu kreveta mogu se kontrolirati putem aplikacije ili daljinskog upravlja\u010da. S raznim bojama, na\u010dinima rada i podesivom svjetlinom mo\u017eete stvoriti opu\u0161taju\u0107u atmosferu.\u3010ISTOVREMENO PUNJENJE I POHRANA\u30113 USB priklju\u010dka i 1 Type-C priklju\u010dak s brzim punjenjem od 20 W \u2013 tako da mo\u017eete jednostavno puniti telefon ili druge ure\u0111aje preko no\u0107i. Dodatna polica na uzglavlju pru\u017ea idealno mjesto za va\u0161e male predmete.\u3010STABILNO I TIHO\u3011\u010cvrsti \u010delik pove\u0107ava stabilnost okvira kreveta. Nadalje, sredi\u0161nja \u0161ipka bijelog okvira kreveta opremljena je za\u0161titnom podlogom, \u0161to osigurava nesmetan san bez ometanja okretanjem va\u0161eg partnera.\u3010UDOBNO I JEDNOSTAVNO ODR\u017dAVANJE\u3011Visokokvalitetna PU ko\u017ea je mekana i jednostavna za \u010di\u0161\u0107enje. Podstavljeno uzglavlje pod kutom pru\u017ea izvrsnu udobnost pri naslanjanju, idealno za opu\u0161taju\u0107e ve\u010deri u krevetu.\",\"breadcrumb\":{\"@id\":\"https:\/\/inti.hr\/sr\/proizvod\/okvir-kreveta-s-led-rasvjetom-i-punjacem\/#breadcrumb\"},\"inLanguage\":\"sr-RS\",\"potentialAction\":[{\"@type\":\"ReadAction\",\"target\":[\"https:\/\/inti.hr\/sr\/proizvod\/okvir-kreveta-s-led-rasvjetom-i-punjacem\/\"]}]},{\"@type\":\"ImageObject\",\"inLanguage\":\"sr-RS\",\"@id\":\"https:\/\/inti.hr\/sr\/proizvod\/okvir-kreveta-s-led-rasvjetom-i-punjacem\/#primaryimage\",\"url\":\"https:\/\/i0.wp.com\/inti.hr\/wp-content\/uploads\/2025\/11\/RMB865W01-1.jpg?fit=1000%2C1000&ssl=1\",\"contentUrl\":\"https:\/\/i0.wp.com\/inti.hr\/wp-content\/uploads\/2025\/11\/RMB865W01-1.jpg?fit=1000%2C1000&ssl=1\",\"width\":1000,\"height\":1000,\"caption\":\"VASAGLE okvir kreveta s LED rasvjetom i punja\u010dem 160 x 200 cm\"},{\"@type\":\"BreadcrumbList\",\"@id\":\"https:\/\/inti.hr\/sr\/proizvod\/okvir-kreveta-s-led-rasvjetom-i-punjacem\/#breadcrumb\",\"itemListElement\":[{\"@type\":\"ListItem\",\"position\":1,\"name\":\"Po\u010detna stranica\",\"item\":\"https:\/\/inti.hr\/sr\/\"},{\"@type\":\"ListItem\",\"position\":2,\"name\":\"Prodavnica\",\"item\":\"https:\/\/inti.hr\/sr\/prodavnica\/\"},{\"@type\":\"ListItem\",\"position\":3,\"name\":\"Okvir kreveta s LED rasvjetom i punja\u010dem\"}]},{\"@type\":\"WebSite\",\"@id\":\"https:\/\/inti.hr\/sr\/#website\",\"url\":\"https:\/\/inti.hr\/sr\/\",\"name\":\"Inti\",\"description\":\"trgovina\",\"potentialAction\":[{\"@type\":\"SearchAction\",\"target\":{\"@type\":\"EntryPoint\",\"urlTemplate\":\"https:\/\/inti.hr\/sr\/?s={search_term_string}\"},\"query-input\":{\"@type\":\"PropertyValueSpecification\",\"valueRequired\":true,\"valueName\":\"search_term_string\"}}],\"inLanguage\":\"sr-RS\"}]}<\/script>\n<!-- \/ Yoast SEO plugin. -->","yoast_head_json":{"title":"Okvir kreveta s LED rasvjetom i punja\u010dem - Inti","description":"\u3010EFEKT OKUSA\u3011Ovaj okvir kreveta sa skrivenim nogama razlikuje se od tradicionalnih kreveta, stvaraju\u0107i dojam da lebdi iznad poda. Stvara moderan, visokotehnolo\u0161ki osje\u0107aj i nudi jedinstveno vizualno iskustvo.\u3010LED RASVJETA\u3011RGB svjetla na uzglavlju i donjem rubu kreveta mogu se kontrolirati putem aplikacije ili daljinskog upravlja\u010da. S raznim bojama, na\u010dinima rada i podesivom svjetlinom mo\u017eete stvoriti opu\u0161taju\u0107u atmosferu.\u3010ISTOVREMENO PUNJENJE I POHRANA\u30113 USB priklju\u010dka i 1 Type-C priklju\u010dak s brzim punjenjem od 20 W \u2013 tako da mo\u017eete jednostavno puniti telefon ili druge ure\u0111aje preko no\u0107i. Dodatna polica na uzglavlju pru\u017ea idealno mjesto za va\u0161e male predmete.\u3010STABILNO I TIHO\u3011\u010cvrsti \u010delik pove\u0107ava stabilnost okvira kreveta. Nadalje, sredi\u0161nja \u0161ipka bijelog okvira kreveta opremljena je za\u0161titnom podlogom, \u0161to osigurava nesmetan san bez ometanja okretanjem va\u0161eg partnera.\u3010UDOBNO I JEDNOSTAVNO ODR\u017dAVANJE\u3011Visokokvalitetna PU ko\u017ea je mekana i jednostavna za \u010di\u0161\u0107enje. Podstavljeno uzglavlje pod kutom pru\u017ea izvrsnu udobnost pri naslanjanju, idealno za opu\u0161taju\u0107e ve\u010deri u krevetu.","robots":{"index":"index","follow":"follow","max-snippet":"max-snippet:-1","max-image-preview":"max-image-preview:large","max-video-preview":"max-video-preview:-1"},"canonical":"https:\/\/inti.hr\/sr\/proizvod\/okvir-kreveta-s-led-rasvjetom-i-punjacem\/","og_locale":"sr_RS","og_type":"article","og_title":"Okvir kreveta s LED rasvjetom i punja\u010dem - Inti","og_description":"\u3010EFEKT OKUSA\u3011Ovaj okvir kreveta sa skrivenim nogama razlikuje se od tradicionalnih kreveta, stvaraju\u0107i dojam da lebdi iznad poda. Stvara moderan, visokotehnolo\u0161ki osje\u0107aj i nudi jedinstveno vizualno iskustvo.\u3010LED RASVJETA\u3011RGB svjetla na uzglavlju i donjem rubu kreveta mogu se kontrolirati putem aplikacije ili daljinskog upravlja\u010da. S raznim bojama, na\u010dinima rada i podesivom svjetlinom mo\u017eete stvoriti opu\u0161taju\u0107u atmosferu.\u3010ISTOVREMENO PUNJENJE I POHRANA\u30113 USB priklju\u010dka i 1 Type-C priklju\u010dak s brzim punjenjem od 20 W \u2013 tako da mo\u017eete jednostavno puniti telefon ili druge ure\u0111aje preko no\u0107i. Dodatna polica na uzglavlju pru\u017ea idealno mjesto za va\u0161e male predmete.\u3010STABILNO I TIHO\u3011\u010cvrsti \u010delik pove\u0107ava stabilnost okvira kreveta. Nadalje, sredi\u0161nja \u0161ipka bijelog okvira kreveta opremljena je za\u0161titnom podlogom, \u0161to osigurava nesmetan san bez ometanja okretanjem va\u0161eg partnera.\u3010UDOBNO I JEDNOSTAVNO ODR\u017dAVANJE\u3011Visokokvalitetna PU ko\u017ea je mekana i jednostavna za \u010di\u0161\u0107enje. Podstavljeno uzglavlje pod kutom pru\u017ea izvrsnu udobnost pri naslanjanju, idealno za opu\u0161taju\u0107e ve\u010deri u krevetu.","og_url":"https:\/\/inti.hr\/sr\/proizvod\/okvir-kreveta-s-led-rasvjetom-i-punjacem\/","og_site_name":"Inti","og_image":[{"width":1000,"height":1000,"url":"https:\/\/i0.wp.com\/inti.hr\/wp-content\/uploads\/2025\/11\/RMB865W01-1.jpg?fit=1000%2C1000&ssl=1","type":"image\/jpeg"}],"twitter_card":"summary_large_image","schema":{"@context":"https:\/\/schema.org","@graph":[{"@type":"WebPage","@id":"https:\/\/inti.hr\/sr\/proizvod\/okvir-kreveta-s-led-rasvjetom-i-punjacem\/","url":"https:\/\/inti.hr\/sr\/proizvod\/okvir-kreveta-s-led-rasvjetom-i-punjacem\/","name":"Okvir kreveta s LED rasvjetom i punja\u010dem - Inti","isPartOf":{"@id":"https:\/\/inti.hr\/sr\/#website"},"primaryImageOfPage":{"@id":"https:\/\/inti.hr\/sr\/proizvod\/okvir-kreveta-s-led-rasvjetom-i-punjacem\/#primaryimage"},"image":{"@id":"https:\/\/inti.hr\/sr\/proizvod\/okvir-kreveta-s-led-rasvjetom-i-punjacem\/#primaryimage"},"thumbnailUrl":"https:\/\/i0.wp.com\/inti.hr\/wp-content\/uploads\/2025\/11\/RMB865W01-1.jpg?fit=1000%2C1000&ssl=1","datePublished":"2025-11-02T14:24:54+00:00","dateModified":"2025-11-02T14:24:54+00:00","description":"\u3010EFEKT OKUSA\u3011Ovaj okvir kreveta sa skrivenim nogama razlikuje se od tradicionalnih kreveta, stvaraju\u0107i dojam da lebdi iznad poda. Stvara moderan, visokotehnolo\u0161ki osje\u0107aj i nudi jedinstveno vizualno iskustvo.\u3010LED RASVJETA\u3011RGB svjetla na uzglavlju i donjem rubu kreveta mogu se kontrolirati putem aplikacije ili daljinskog upravlja\u010da. S raznim bojama, na\u010dinima rada i podesivom svjetlinom mo\u017eete stvoriti opu\u0161taju\u0107u atmosferu.\u3010ISTOVREMENO PUNJENJE I POHRANA\u30113 USB priklju\u010dka i 1 Type-C priklju\u010dak s brzim punjenjem od 20 W \u2013 tako da mo\u017eete jednostavno puniti telefon ili druge ure\u0111aje preko no\u0107i. Dodatna polica na uzglavlju pru\u017ea idealno mjesto za va\u0161e male predmete.\u3010STABILNO I TIHO\u3011\u010cvrsti \u010delik pove\u0107ava stabilnost okvira kreveta. Nadalje, sredi\u0161nja \u0161ipka bijelog okvira kreveta opremljena je za\u0161titnom podlogom, \u0161to osigurava nesmetan san bez ometanja okretanjem va\u0161eg partnera.\u3010UDOBNO I JEDNOSTAVNO ODR\u017dAVANJE\u3011Visokokvalitetna PU ko\u017ea je mekana i jednostavna za \u010di\u0161\u0107enje. Podstavljeno uzglavlje pod kutom pru\u017ea izvrsnu udobnost pri naslanjanju, idealno za opu\u0161taju\u0107e ve\u010deri u krevetu.","breadcrumb":{"@id":"https:\/\/inti.hr\/sr\/proizvod\/okvir-kreveta-s-led-rasvjetom-i-punjacem\/#breadcrumb"},"inLanguage":"sr-RS","potentialAction":[{"@type":"ReadAction","target":["https:\/\/inti.hr\/sr\/proizvod\/okvir-kreveta-s-led-rasvjetom-i-punjacem\/"]}]},{"@type":"ImageObject","inLanguage":"sr-RS","@id":"https:\/\/inti.hr\/sr\/proizvod\/okvir-kreveta-s-led-rasvjetom-i-punjacem\/#primaryimage","url":"https:\/\/i0.wp.com\/inti.hr\/wp-content\/uploads\/2025\/11\/RMB865W01-1.jpg?fit=1000%2C1000&ssl=1","contentUrl":"https:\/\/i0.wp.com\/inti.hr\/wp-content\/uploads\/2025\/11\/RMB865W01-1.jpg?fit=1000%2C1000&ssl=1","width":1000,"height":1000,"caption":"VASAGLE okvir kreveta s LED rasvjetom i punja\u010dem 160 x 200 cm"},{"@type":"BreadcrumbList","@id":"https:\/\/inti.hr\/sr\/proizvod\/okvir-kreveta-s-led-rasvjetom-i-punjacem\/#breadcrumb","itemListElement":[{"@type":"ListItem","position":1,"name":"Po\u010detna stranica","item":"https:\/\/inti.hr\/sr\/"},{"@type":"ListItem","position":2,"name":"Prodavnica","item":"https:\/\/inti.hr\/sr\/prodavnica\/"},{"@type":"ListItem","position":3,"name":"Okvir kreveta s LED rasvjetom i punja\u010dem"}]},{"@type":"WebSite","@id":"https:\/\/inti.hr\/sr\/#website","url":"https:\/\/inti.hr\/sr\/","name":"Inti","description":"trgovina","potentialAction":[{"@type":"SearchAction","target":{"@type":"EntryPoint","urlTemplate":"https:\/\/inti.hr\/sr\/?s={search_term_string}"},"query-input":{"@type":"PropertyValueSpecification","valueRequired":true,"valueName":"search_term_string"}}],"inLanguage":"sr-RS"}]}},"jetpack_sharing_enabled":true,"jetpack-related-posts":[],"_links":{"self":[{"href":"https:\/\/inti.hr\/sr\/wp-json\/wp\/v2\/product\/34739"}],"collection":[{"href":"https:\/\/inti.hr\/sr\/wp-json\/wp\/v2\/product"}],"about":[{"href":"https:\/\/inti.hr\/sr\/wp-json\/wp\/v2\/types\/product"}],"wp:featuredmedia":[{"embeddable":true,"href":"https:\/\/inti.hr\/sr\/wp-json\/wp\/v2\/media\/34740"}],"wp:attachment":[{"href":"https:\/\/inti.hr\/sr\/wp-json\/wp\/v2\/media?parent=34739"}],"wp:term":[{"taxonomy":"product_cat","embeddable":true,"href":"https:\/\/inti.hr\/sr\/wp-json\/wp\/v2\/product_cat?post=34739"},{"taxonomy":"product_tag","embeddable":true,"href":"https:\/\/inti.hr\/sr\/wp-json\/wp\/v2\/product_tag?post=34739"}],"curies":[{"name":"wp","href":"https:\/\/api.w.org\/{rel}","templated":true}]}}