{"id":34789,"date":"2025-09-23T14:30:47","date_gmt":"2025-09-23T13:30:47","guid":{"rendered":"https:\/\/inti.hr\/product\/nocni-ormaric-d40-x-s40-x-v63-cm\/"},"modified":"2025-09-23T14:30:47","modified_gmt":"2025-09-23T13:30:47","slug":"nocni-ormaric-d40-x-s40-x-v63-cm","status":"publish","type":"product","link":"https:\/\/inti.hr\/sr\/proizvod\/nocni-ormaric-d40-x-s40-x-v63-cm\/","title":{"rendered":"No\u0107ni ormari\u0107  D40 x \u016040 x V63 cm"},"content":{"rendered":"<p>Detalji proizvoda:<\/p>\n<p>Materijal: Iverica (E1) + MDF, noge i ru\u010dke od zlatnog metala. Dimenzije: \u016040 x D40 x V63 cm. Te\u017eina: 15,6 kg. Nosivost: 48 kg. Dimenzije pakiranja: \u016077,5 x D46,5 x V17 cm.<\/p>\n<p>S dvije velike ladice, jednom malom ladicom i jednom otvorenom policom, ovaj no\u0107ni ormari\u0107 pru\u017ea dovoljno prostora za organiziranje knjiga, nao\u010dala ili daljinskih upravlja\u010da &#8211; idealno za spava\u0107u sobu ili dnevni boravak.<\/p>\n","protected":false},"excerpt":{"rendered":"<p>Zlatne metalne noge i ru\u010dke dodaju moderan, elegantan dodir i osiguravaju &#8230; <\/p>\n","protected":false},"featured_media":34790,"template":"","meta":[],"product_cat":[2416],"product_tag":[2676,2677],"yoast_head":"<!-- This site is optimized with the Yoast SEO plugin v23.7 - https:\/\/yoast.com\/wordpress\/plugins\/seo\/ -->\n<title>No\u0107ni ormari\u0107 D40 x \u016040 x V63 cm - Inti<\/title>\n<meta name=\"description\" content=\"\u00a0Zlatne metalne noge i ru\u010dke dodaju moderan, elegantan dodir i osiguravaju stabilnost. Izra\u0111en od E1 iverice i MDF-a, podr\u017eava do 48 kg. Ne ljulja se - \u010dvrst i pouzdan kao no\u0107ni ormari\u0107 ili stoli\u0107 za kavu. Spava\u0107a soba: Dr\u017ei bitne stvari pri ruci. Dnevni boravak: Elegantni stoli\u0107 za kavu za pi\u0107e i daljinske upravlja\u010de. Radna soba\/spavaonica: Ormari\u0107 za pohranu ili stoli\u0107 za kavu za male prostore. Jasne upute i prilo\u017eeni pribor olak\u0161avaju sastavljanje. Kupite 2 no\u0107na ormari\u0107a za simetri\u010dan izgled spava\u0107e sobe.\" \/>\n<meta name=\"robots\" content=\"index, follow, max-snippet:-1, max-image-preview:large, max-video-preview:-1\" \/>\n<link rel=\"canonical\" href=\"https:\/\/inti.hr\/sr\/proizvod\/nocni-ormaric-d40-x-s40-x-v63-cm\/\" \/>\n<meta property=\"og:locale\" content=\"sr_RS\" \/>\n<meta property=\"og:type\" content=\"article\" \/>\n<meta property=\"og:title\" content=\"No\u0107ni ormari\u0107 D40 x \u016040 x V63 cm - Inti\" \/>\n<meta property=\"og:description\" content=\"\u00a0Zlatne metalne noge i ru\u010dke dodaju moderan, elegantan dodir i osiguravaju stabilnost. Izra\u0111en od E1 iverice i MDF-a, podr\u017eava do 48 kg. Ne ljulja se - \u010dvrst i pouzdan kao no\u0107ni ormari\u0107 ili stoli\u0107 za kavu. Spava\u0107a soba: Dr\u017ei bitne stvari pri ruci. Dnevni boravak: Elegantni stoli\u0107 za kavu za pi\u0107e i daljinske upravlja\u010de. Radna soba\/spavaonica: Ormari\u0107 za pohranu ili stoli\u0107 za kavu za male prostore. Jasne upute i prilo\u017eeni pribor olak\u0161avaju sastavljanje. Kupite 2 no\u0107na ormari\u0107a za simetri\u010dan izgled spava\u0107e sobe.\" \/>\n<meta property=\"og:url\" content=\"https:\/\/inti.hr\/sr\/proizvod\/nocni-ormaric-d40-x-s40-x-v63-cm\/\" \/>\n<meta property=\"og:site_name\" content=\"Inti\" \/>\n<meta property=\"og:image\" content=\"https:\/\/i0.wp.com\/inti.hr\/wp-content\/uploads\/2025\/09\/FBT168-W-S005_1800x1800.webp?fit=1600%2C1600&ssl=1\" \/>\n\t<meta property=\"og:image:width\" content=\"1600\" \/>\n\t<meta property=\"og:image:height\" content=\"1600\" \/>\n\t<meta property=\"og:image:type\" content=\"image\/webp\" \/>\n<meta name=\"twitter:card\" content=\"summary_large_image\" \/>\n<script type=\"application\/ld+json\" class=\"yoast-schema-graph\">{\"@context\":\"https:\/\/schema.org\",\"@graph\":[{\"@type\":\"WebPage\",\"@id\":\"https:\/\/inti.hr\/sr\/proizvod\/nocni-ormaric-d40-x-s40-x-v63-cm\/\",\"url\":\"https:\/\/inti.hr\/sr\/proizvod\/nocni-ormaric-d40-x-s40-x-v63-cm\/\",\"name\":\"No\u0107ni ormari\u0107 D40 x \u016040 x V63 cm - Inti\",\"isPartOf\":{\"@id\":\"https:\/\/inti.hr\/sr\/#website\"},\"primaryImageOfPage\":{\"@id\":\"https:\/\/inti.hr\/sr\/proizvod\/nocni-ormaric-d40-x-s40-x-v63-cm\/#primaryimage\"},\"image\":{\"@id\":\"https:\/\/inti.hr\/sr\/proizvod\/nocni-ormaric-d40-x-s40-x-v63-cm\/#primaryimage\"},\"thumbnailUrl\":\"https:\/\/i0.wp.com\/inti.hr\/wp-content\/uploads\/2025\/09\/FBT168-W-S005_1800x1800.webp?fit=1600%2C1600&ssl=1\",\"datePublished\":\"2025-09-23T13:30:47+00:00\",\"dateModified\":\"2025-09-23T13:30:47+00:00\",\"description\":\"\u00a0Zlatne metalne noge i ru\u010dke dodaju moderan, elegantan dodir i osiguravaju stabilnost. Izra\u0111en od E1 iverice i MDF-a, podr\u017eava do 48 kg. Ne ljulja se - \u010dvrst i pouzdan kao no\u0107ni ormari\u0107 ili stoli\u0107 za kavu. Spava\u0107a soba: Dr\u017ei bitne stvari pri ruci. Dnevni boravak: Elegantni stoli\u0107 za kavu za pi\u0107e i daljinske upravlja\u010de. Radna soba\/spavaonica: Ormari\u0107 za pohranu ili stoli\u0107 za kavu za male prostore. Jasne upute i prilo\u017eeni pribor olak\u0161avaju sastavljanje. Kupite 2 no\u0107na ormari\u0107a za simetri\u010dan izgled spava\u0107e sobe.\",\"breadcrumb\":{\"@id\":\"https:\/\/inti.hr\/sr\/proizvod\/nocni-ormaric-d40-x-s40-x-v63-cm\/#breadcrumb\"},\"inLanguage\":\"sr-RS\",\"potentialAction\":[{\"@type\":\"ReadAction\",\"target\":[\"https:\/\/inti.hr\/sr\/proizvod\/nocni-ormaric-d40-x-s40-x-v63-cm\/\"]}]},{\"@type\":\"ImageObject\",\"inLanguage\":\"sr-RS\",\"@id\":\"https:\/\/inti.hr\/sr\/proizvod\/nocni-ormaric-d40-x-s40-x-v63-cm\/#primaryimage\",\"url\":\"https:\/\/i0.wp.com\/inti.hr\/wp-content\/uploads\/2025\/09\/FBT168-W-S005_1800x1800.webp?fit=1600%2C1600&ssl=1\",\"contentUrl\":\"https:\/\/i0.wp.com\/inti.hr\/wp-content\/uploads\/2025\/09\/FBT168-W-S005_1800x1800.webp?fit=1600%2C1600&ssl=1\",\"width\":1600,\"height\":1600,\"caption\":\"SoBuy FBT168-W No\u0107ni ormari\u0107, no\u0107ni ormari\u0107 s 3 ladice i policom, moderni bo\u010dni ormari\u0107 za spava\u0107u sobu i dnevni boravak, bijela D40 x \u016040 x V63 cm\"},{\"@type\":\"BreadcrumbList\",\"@id\":\"https:\/\/inti.hr\/sr\/proizvod\/nocni-ormaric-d40-x-s40-x-v63-cm\/#breadcrumb\",\"itemListElement\":[{\"@type\":\"ListItem\",\"position\":1,\"name\":\"Po\u010detna stranica\",\"item\":\"https:\/\/inti.hr\/sr\/\"},{\"@type\":\"ListItem\",\"position\":2,\"name\":\"Prodavnica\",\"item\":\"https:\/\/inti.hr\/sr\/prodavnica\/\"},{\"@type\":\"ListItem\",\"position\":3,\"name\":\"No\u0107ni ormari\u0107 D40 x \u016040 x V63 cm\"}]},{\"@type\":\"WebSite\",\"@id\":\"https:\/\/inti.hr\/sr\/#website\",\"url\":\"https:\/\/inti.hr\/sr\/\",\"name\":\"Inti\",\"description\":\"trgovina\",\"potentialAction\":[{\"@type\":\"SearchAction\",\"target\":{\"@type\":\"EntryPoint\",\"urlTemplate\":\"https:\/\/inti.hr\/sr\/?s={search_term_string}\"},\"query-input\":{\"@type\":\"PropertyValueSpecification\",\"valueRequired\":true,\"valueName\":\"search_term_string\"}}],\"inLanguage\":\"sr-RS\"}]}<\/script>\n<!-- \/ Yoast SEO plugin. -->","yoast_head_json":{"title":"No\u0107ni ormari\u0107 D40 x \u016040 x V63 cm - Inti","description":"\u00a0Zlatne metalne noge i ru\u010dke dodaju moderan, elegantan dodir i osiguravaju stabilnost. Izra\u0111en od E1 iverice i MDF-a, podr\u017eava do 48 kg. Ne ljulja se - \u010dvrst i pouzdan kao no\u0107ni ormari\u0107 ili stoli\u0107 za kavu. Spava\u0107a soba: Dr\u017ei bitne stvari pri ruci. Dnevni boravak: Elegantni stoli\u0107 za kavu za pi\u0107e i daljinske upravlja\u010de. Radna soba\/spavaonica: Ormari\u0107 za pohranu ili stoli\u0107 za kavu za male prostore. Jasne upute i prilo\u017eeni pribor olak\u0161avaju sastavljanje. Kupite 2 no\u0107na ormari\u0107a za simetri\u010dan izgled spava\u0107e sobe.","robots":{"index":"index","follow":"follow","max-snippet":"max-snippet:-1","max-image-preview":"max-image-preview:large","max-video-preview":"max-video-preview:-1"},"canonical":"https:\/\/inti.hr\/sr\/proizvod\/nocni-ormaric-d40-x-s40-x-v63-cm\/","og_locale":"sr_RS","og_type":"article","og_title":"No\u0107ni ormari\u0107 D40 x \u016040 x V63 cm - Inti","og_description":"\u00a0Zlatne metalne noge i ru\u010dke dodaju moderan, elegantan dodir i osiguravaju stabilnost. Izra\u0111en od E1 iverice i MDF-a, podr\u017eava do 48 kg. Ne ljulja se - \u010dvrst i pouzdan kao no\u0107ni ormari\u0107 ili stoli\u0107 za kavu. Spava\u0107a soba: Dr\u017ei bitne stvari pri ruci. Dnevni boravak: Elegantni stoli\u0107 za kavu za pi\u0107e i daljinske upravlja\u010de. Radna soba\/spavaonica: Ormari\u0107 za pohranu ili stoli\u0107 za kavu za male prostore. Jasne upute i prilo\u017eeni pribor olak\u0161avaju sastavljanje. Kupite 2 no\u0107na ormari\u0107a za simetri\u010dan izgled spava\u0107e sobe.","og_url":"https:\/\/inti.hr\/sr\/proizvod\/nocni-ormaric-d40-x-s40-x-v63-cm\/","og_site_name":"Inti","og_image":[{"width":1600,"height":1600,"url":"https:\/\/i0.wp.com\/inti.hr\/wp-content\/uploads\/2025\/09\/FBT168-W-S005_1800x1800.webp?fit=1600%2C1600&ssl=1","type":"image\/webp"}],"twitter_card":"summary_large_image","schema":{"@context":"https:\/\/schema.org","@graph":[{"@type":"WebPage","@id":"https:\/\/inti.hr\/sr\/proizvod\/nocni-ormaric-d40-x-s40-x-v63-cm\/","url":"https:\/\/inti.hr\/sr\/proizvod\/nocni-ormaric-d40-x-s40-x-v63-cm\/","name":"No\u0107ni ormari\u0107 D40 x \u016040 x V63 cm - Inti","isPartOf":{"@id":"https:\/\/inti.hr\/sr\/#website"},"primaryImageOfPage":{"@id":"https:\/\/inti.hr\/sr\/proizvod\/nocni-ormaric-d40-x-s40-x-v63-cm\/#primaryimage"},"image":{"@id":"https:\/\/inti.hr\/sr\/proizvod\/nocni-ormaric-d40-x-s40-x-v63-cm\/#primaryimage"},"thumbnailUrl":"https:\/\/i0.wp.com\/inti.hr\/wp-content\/uploads\/2025\/09\/FBT168-W-S005_1800x1800.webp?fit=1600%2C1600&ssl=1","datePublished":"2025-09-23T13:30:47+00:00","dateModified":"2025-09-23T13:30:47+00:00","description":"\u00a0Zlatne metalne noge i ru\u010dke dodaju moderan, elegantan dodir i osiguravaju stabilnost. Izra\u0111en od E1 iverice i MDF-a, podr\u017eava do 48 kg. Ne ljulja se - \u010dvrst i pouzdan kao no\u0107ni ormari\u0107 ili stoli\u0107 za kavu. Spava\u0107a soba: Dr\u017ei bitne stvari pri ruci. Dnevni boravak: Elegantni stoli\u0107 za kavu za pi\u0107e i daljinske upravlja\u010de. Radna soba\/spavaonica: Ormari\u0107 za pohranu ili stoli\u0107 za kavu za male prostore. Jasne upute i prilo\u017eeni pribor olak\u0161avaju sastavljanje. Kupite 2 no\u0107na ormari\u0107a za simetri\u010dan izgled spava\u0107e sobe.","breadcrumb":{"@id":"https:\/\/inti.hr\/sr\/proizvod\/nocni-ormaric-d40-x-s40-x-v63-cm\/#breadcrumb"},"inLanguage":"sr-RS","potentialAction":[{"@type":"ReadAction","target":["https:\/\/inti.hr\/sr\/proizvod\/nocni-ormaric-d40-x-s40-x-v63-cm\/"]}]},{"@type":"ImageObject","inLanguage":"sr-RS","@id":"https:\/\/inti.hr\/sr\/proizvod\/nocni-ormaric-d40-x-s40-x-v63-cm\/#primaryimage","url":"https:\/\/i0.wp.com\/inti.hr\/wp-content\/uploads\/2025\/09\/FBT168-W-S005_1800x1800.webp?fit=1600%2C1600&ssl=1","contentUrl":"https:\/\/i0.wp.com\/inti.hr\/wp-content\/uploads\/2025\/09\/FBT168-W-S005_1800x1800.webp?fit=1600%2C1600&ssl=1","width":1600,"height":1600,"caption":"SoBuy FBT168-W No\u0107ni ormari\u0107, no\u0107ni ormari\u0107 s 3 ladice i policom, moderni bo\u010dni ormari\u0107 za spava\u0107u sobu i dnevni boravak, bijela D40 x \u016040 x V63 cm"},{"@type":"BreadcrumbList","@id":"https:\/\/inti.hr\/sr\/proizvod\/nocni-ormaric-d40-x-s40-x-v63-cm\/#breadcrumb","itemListElement":[{"@type":"ListItem","position":1,"name":"Po\u010detna stranica","item":"https:\/\/inti.hr\/sr\/"},{"@type":"ListItem","position":2,"name":"Prodavnica","item":"https:\/\/inti.hr\/sr\/prodavnica\/"},{"@type":"ListItem","position":3,"name":"No\u0107ni ormari\u0107 D40 x \u016040 x V63 cm"}]},{"@type":"WebSite","@id":"https:\/\/inti.hr\/sr\/#website","url":"https:\/\/inti.hr\/sr\/","name":"Inti","description":"trgovina","potentialAction":[{"@type":"SearchAction","target":{"@type":"EntryPoint","urlTemplate":"https:\/\/inti.hr\/sr\/?s={search_term_string}"},"query-input":{"@type":"PropertyValueSpecification","valueRequired":true,"valueName":"search_term_string"}}],"inLanguage":"sr-RS"}]}},"jetpack_sharing_enabled":true,"jetpack-related-posts":[],"_links":{"self":[{"href":"https:\/\/inti.hr\/sr\/wp-json\/wp\/v2\/product\/34789"}],"collection":[{"href":"https:\/\/inti.hr\/sr\/wp-json\/wp\/v2\/product"}],"about":[{"href":"https:\/\/inti.hr\/sr\/wp-json\/wp\/v2\/types\/product"}],"wp:featuredmedia":[{"embeddable":true,"href":"https:\/\/inti.hr\/sr\/wp-json\/wp\/v2\/media\/34790"}],"wp:attachment":[{"href":"https:\/\/inti.hr\/sr\/wp-json\/wp\/v2\/media?parent=34789"}],"wp:term":[{"taxonomy":"product_cat","embeddable":true,"href":"https:\/\/inti.hr\/sr\/wp-json\/wp\/v2\/product_cat?post=34789"},{"taxonomy":"product_tag","embeddable":true,"href":"https:\/\/inti.hr\/sr\/wp-json\/wp\/v2\/product_tag?post=34789"}],"curies":[{"name":"wp","href":"https:\/\/api.w.org\/{rel}","templated":true}]}}