{"id":34805,"date":"2025-09-23T13:51:48","date_gmt":"2025-09-23T12:51:48","guid":{"rendered":"https:\/\/inti.hr\/product\/djecji-stol-i-stolica\/"},"modified":"2025-09-23T13:51:48","modified_gmt":"2025-09-23T12:51:48","slug":"djecji-stol-i-stolica","status":"publish","type":"product","link":"https:\/\/inti.hr\/sr\/proizvod\/djecji-stol-i-stolica\/","title":{"rendered":"Dje\u010dji stol i stolica"},"content":{"rendered":"<p>Detalji proizvoda:<\/p>\n<p>Te\u017eina: cca. 15,3 kg. Nosivost: Stol: 75 kg; Stolica: 75 kg. Materijal: MDF (E1), bor. Dimenzije proizvoda: Stol: 80 x 50 x 66 cm; Stolica: 30 x 34 x 64 cm; Visina sjedala: 31 cm (vidi sliku). Dostava: u 1 pakiranju. Dimenzije pakiranja: 90 x 56 x 15 cm.<\/p>\n<p>Ovaj prakti\u010dni dje\u010dji stol uklju\u010duje 1 dje\u010dju stolicu i nudi 2 bo\u010dne police, savr\u0161ene za pohranu knjiga, igra\u010daka, boja ili pribora za kreativne radove. Idealan kao dje\u010dji stol, dje\u010dji stol i stolice, dje\u010dji stol i stolice ili dje\u010dji radni stol. Tako\u0111er savr\u0161en za djevoj\u010dicu ili dje\u010dakovu sobu.<\/p>\n","protected":false},"excerpt":{"rendered":"<p>Opremljen dr\u017ea\u010dem za rolu papira i 3 bo\u010dna dr\u017ea\u010da za olovke, &#8230; <\/p>\n","protected":false},"featured_media":34806,"template":"","meta":[],"product_cat":[2411],"product_tag":[2413,4383],"yoast_head":"<!-- This site is optimized with the Yoast SEO plugin v23.7 - https:\/\/yoast.com\/wordpress\/plugins\/seo\/ -->\n<title>Dje\u010dji stol i stolica - Inti<\/title>\n<meta name=\"description\" content=\"Opremljen dr\u017ea\u010dem za rolu papira i 3 bo\u010dna dr\u017ea\u010da za olovke, ovaj vi\u0161enamjenski stol za djecu poti\u010de kreativnost. Idealan je za crtanje, \u010ditanje, izradu rukotvorina ili \u010dak kao dje\u010dji stol sa stolicama. Odgovaraju\u0107a dje\u010dja stolica s visokim naslonom dizajnirana je za sigurno i udobno sjedenje. Nosivosti do 75 kg, prikladna je za djecu od 3 godine i vi\u0161e. Savr\u0161ena je za dje\u010dje sobe, pred\u0161kolske ustanove ili Montessori prostore. Kompaktni dizajn lako se uklapa u bilo koju spava\u0107u sobu, igrali\u0161te ili dnevni boravak, stvaraju\u0107i kreativni kutak za djecu. Izvrstan kao dje\u010dji stol, dje\u010dji stol i stolice, dje\u010dji stolovi, dje\u010dji stol, dje\u010dji stol i stolice ili dje\u010dji set stolova.\" \/>\n<meta name=\"robots\" content=\"index, follow, max-snippet:-1, max-image-preview:large, max-video-preview:-1\" \/>\n<link rel=\"canonical\" href=\"https:\/\/inti.hr\/sr\/proizvod\/djecji-stol-i-stolica\/\" \/>\n<meta property=\"og:locale\" content=\"sr_RS\" \/>\n<meta property=\"og:type\" content=\"article\" \/>\n<meta property=\"og:title\" content=\"Dje\u010dji stol i stolica - Inti\" \/>\n<meta property=\"og:description\" content=\"Opremljen dr\u017ea\u010dem za rolu papira i 3 bo\u010dna dr\u017ea\u010da za olovke, ovaj vi\u0161enamjenski stol za djecu poti\u010de kreativnost. Idealan je za crtanje, \u010ditanje, izradu rukotvorina ili \u010dak kao dje\u010dji stol sa stolicama. Odgovaraju\u0107a dje\u010dja stolica s visokim naslonom dizajnirana je za sigurno i udobno sjedenje. Nosivosti do 75 kg, prikladna je za djecu od 3 godine i vi\u0161e. Savr\u0161ena je za dje\u010dje sobe, pred\u0161kolske ustanove ili Montessori prostore. Kompaktni dizajn lako se uklapa u bilo koju spava\u0107u sobu, igrali\u0161te ili dnevni boravak, stvaraju\u0107i kreativni kutak za djecu. Izvrstan kao dje\u010dji stol, dje\u010dji stol i stolice, dje\u010dji stolovi, dje\u010dji stol, dje\u010dji stol i stolice ili dje\u010dji set stolova.\" \/>\n<meta property=\"og:url\" content=\"https:\/\/inti.hr\/sr\/proizvod\/djecji-stol-i-stolica\/\" \/>\n<meta property=\"og:site_name\" content=\"Inti\" \/>\n<meta property=\"og:image\" content=\"https:\/\/i0.wp.com\/inti.hr\/wp-content\/uploads\/2025\/09\/KMB60-GR-S009_1800x1800.webp?fit=1600%2C1600&ssl=1\" \/>\n\t<meta property=\"og:image:width\" content=\"1600\" \/>\n\t<meta property=\"og:image:height\" content=\"1600\" \/>\n\t<meta property=\"og:image:type\" content=\"image\/webp\" \/>\n<meta name=\"twitter:card\" content=\"summary_large_image\" \/>\n<script type=\"application\/ld+json\" class=\"yoast-schema-graph\">{\"@context\":\"https:\/\/schema.org\",\"@graph\":[{\"@type\":\"WebPage\",\"@id\":\"https:\/\/inti.hr\/sr\/proizvod\/djecji-stol-i-stolica\/\",\"url\":\"https:\/\/inti.hr\/sr\/proizvod\/djecji-stol-i-stolica\/\",\"name\":\"Dje\u010dji stol i stolica - Inti\",\"isPartOf\":{\"@id\":\"https:\/\/inti.hr\/sr\/#website\"},\"primaryImageOfPage\":{\"@id\":\"https:\/\/inti.hr\/sr\/proizvod\/djecji-stol-i-stolica\/#primaryimage\"},\"image\":{\"@id\":\"https:\/\/inti.hr\/sr\/proizvod\/djecji-stol-i-stolica\/#primaryimage\"},\"thumbnailUrl\":\"https:\/\/i0.wp.com\/inti.hr\/wp-content\/uploads\/2025\/09\/KMB60-GR-S009_1800x1800.webp?fit=1600%2C1600&ssl=1\",\"datePublished\":\"2025-09-23T12:51:48+00:00\",\"dateModified\":\"2025-09-23T12:51:48+00:00\",\"description\":\"Opremljen dr\u017ea\u010dem za rolu papira i 3 bo\u010dna dr\u017ea\u010da za olovke, ovaj vi\u0161enamjenski stol za djecu poti\u010de kreativnost. Idealan je za crtanje, \u010ditanje, izradu rukotvorina ili \u010dak kao dje\u010dji stol sa stolicama. Odgovaraju\u0107a dje\u010dja stolica s visokim naslonom dizajnirana je za sigurno i udobno sjedenje. Nosivosti do 75 kg, prikladna je za djecu od 3 godine i vi\u0161e. Savr\u0161ena je za dje\u010dje sobe, pred\u0161kolske ustanove ili Montessori prostore. Kompaktni dizajn lako se uklapa u bilo koju spava\u0107u sobu, igrali\u0161te ili dnevni boravak, stvaraju\u0107i kreativni kutak za djecu. Izvrstan kao dje\u010dji stol, dje\u010dji stol i stolice, dje\u010dji stolovi, dje\u010dji stol, dje\u010dji stol i stolice ili dje\u010dji set stolova.\",\"breadcrumb\":{\"@id\":\"https:\/\/inti.hr\/sr\/proizvod\/djecji-stol-i-stolica\/#breadcrumb\"},\"inLanguage\":\"sr-RS\",\"potentialAction\":[{\"@type\":\"ReadAction\",\"target\":[\"https:\/\/inti.hr\/sr\/proizvod\/djecji-stol-i-stolica\/\"]}]},{\"@type\":\"ImageObject\",\"inLanguage\":\"sr-RS\",\"@id\":\"https:\/\/inti.hr\/sr\/proizvod\/djecji-stol-i-stolica\/#primaryimage\",\"url\":\"https:\/\/i0.wp.com\/inti.hr\/wp-content\/uploads\/2025\/09\/KMB60-GR-S009_1800x1800.webp?fit=1600%2C1600&ssl=1\",\"contentUrl\":\"https:\/\/i0.wp.com\/inti.hr\/wp-content\/uploads\/2025\/09\/KMB60-GR-S009_1800x1800.webp?fit=1600%2C1600&ssl=1\",\"width\":1600,\"height\":1600,\"caption\":\"SoBuy KMB60-WN Dje\u010dji stol i stolica, Vi\u0161enamjenski set dje\u010djeg stola i stolica s 2 police, stol za crtanje i igru, uredska stolica za dje\u010dju sobu, bijela i prirodna 80x50x66cm\"},{\"@type\":\"BreadcrumbList\",\"@id\":\"https:\/\/inti.hr\/sr\/proizvod\/djecji-stol-i-stolica\/#breadcrumb\",\"itemListElement\":[{\"@type\":\"ListItem\",\"position\":1,\"name\":\"Po\u010detna stranica\",\"item\":\"https:\/\/inti.hr\/sr\/\"},{\"@type\":\"ListItem\",\"position\":2,\"name\":\"Prodavnica\",\"item\":\"https:\/\/inti.hr\/sr\/prodavnica\/\"},{\"@type\":\"ListItem\",\"position\":3,\"name\":\"Dje\u010dji stol i stolica\"}]},{\"@type\":\"WebSite\",\"@id\":\"https:\/\/inti.hr\/sr\/#website\",\"url\":\"https:\/\/inti.hr\/sr\/\",\"name\":\"Inti\",\"description\":\"trgovina\",\"potentialAction\":[{\"@type\":\"SearchAction\",\"target\":{\"@type\":\"EntryPoint\",\"urlTemplate\":\"https:\/\/inti.hr\/sr\/?s={search_term_string}\"},\"query-input\":{\"@type\":\"PropertyValueSpecification\",\"valueRequired\":true,\"valueName\":\"search_term_string\"}}],\"inLanguage\":\"sr-RS\"}]}<\/script>\n<!-- \/ Yoast SEO plugin. -->","yoast_head_json":{"title":"Dje\u010dji stol i stolica - Inti","description":"Opremljen dr\u017ea\u010dem za rolu papira i 3 bo\u010dna dr\u017ea\u010da za olovke, ovaj vi\u0161enamjenski stol za djecu poti\u010de kreativnost. Idealan je za crtanje, \u010ditanje, izradu rukotvorina ili \u010dak kao dje\u010dji stol sa stolicama. Odgovaraju\u0107a dje\u010dja stolica s visokim naslonom dizajnirana je za sigurno i udobno sjedenje. Nosivosti do 75 kg, prikladna je za djecu od 3 godine i vi\u0161e. Savr\u0161ena je za dje\u010dje sobe, pred\u0161kolske ustanove ili Montessori prostore. Kompaktni dizajn lako se uklapa u bilo koju spava\u0107u sobu, igrali\u0161te ili dnevni boravak, stvaraju\u0107i kreativni kutak za djecu. Izvrstan kao dje\u010dji stol, dje\u010dji stol i stolice, dje\u010dji stolovi, dje\u010dji stol, dje\u010dji stol i stolice ili dje\u010dji set stolova.","robots":{"index":"index","follow":"follow","max-snippet":"max-snippet:-1","max-image-preview":"max-image-preview:large","max-video-preview":"max-video-preview:-1"},"canonical":"https:\/\/inti.hr\/sr\/proizvod\/djecji-stol-i-stolica\/","og_locale":"sr_RS","og_type":"article","og_title":"Dje\u010dji stol i stolica - Inti","og_description":"Opremljen dr\u017ea\u010dem za rolu papira i 3 bo\u010dna dr\u017ea\u010da za olovke, ovaj vi\u0161enamjenski stol za djecu poti\u010de kreativnost. Idealan je za crtanje, \u010ditanje, izradu rukotvorina ili \u010dak kao dje\u010dji stol sa stolicama. Odgovaraju\u0107a dje\u010dja stolica s visokim naslonom dizajnirana je za sigurno i udobno sjedenje. Nosivosti do 75 kg, prikladna je za djecu od 3 godine i vi\u0161e. Savr\u0161ena je za dje\u010dje sobe, pred\u0161kolske ustanove ili Montessori prostore. Kompaktni dizajn lako se uklapa u bilo koju spava\u0107u sobu, igrali\u0161te ili dnevni boravak, stvaraju\u0107i kreativni kutak za djecu. Izvrstan kao dje\u010dji stol, dje\u010dji stol i stolice, dje\u010dji stolovi, dje\u010dji stol, dje\u010dji stol i stolice ili dje\u010dji set stolova.","og_url":"https:\/\/inti.hr\/sr\/proizvod\/djecji-stol-i-stolica\/","og_site_name":"Inti","og_image":[{"width":1600,"height":1600,"url":"https:\/\/i0.wp.com\/inti.hr\/wp-content\/uploads\/2025\/09\/KMB60-GR-S009_1800x1800.webp?fit=1600%2C1600&ssl=1","type":"image\/webp"}],"twitter_card":"summary_large_image","schema":{"@context":"https:\/\/schema.org","@graph":[{"@type":"WebPage","@id":"https:\/\/inti.hr\/sr\/proizvod\/djecji-stol-i-stolica\/","url":"https:\/\/inti.hr\/sr\/proizvod\/djecji-stol-i-stolica\/","name":"Dje\u010dji stol i stolica - Inti","isPartOf":{"@id":"https:\/\/inti.hr\/sr\/#website"},"primaryImageOfPage":{"@id":"https:\/\/inti.hr\/sr\/proizvod\/djecji-stol-i-stolica\/#primaryimage"},"image":{"@id":"https:\/\/inti.hr\/sr\/proizvod\/djecji-stol-i-stolica\/#primaryimage"},"thumbnailUrl":"https:\/\/i0.wp.com\/inti.hr\/wp-content\/uploads\/2025\/09\/KMB60-GR-S009_1800x1800.webp?fit=1600%2C1600&ssl=1","datePublished":"2025-09-23T12:51:48+00:00","dateModified":"2025-09-23T12:51:48+00:00","description":"Opremljen dr\u017ea\u010dem za rolu papira i 3 bo\u010dna dr\u017ea\u010da za olovke, ovaj vi\u0161enamjenski stol za djecu poti\u010de kreativnost. Idealan je za crtanje, \u010ditanje, izradu rukotvorina ili \u010dak kao dje\u010dji stol sa stolicama. Odgovaraju\u0107a dje\u010dja stolica s visokim naslonom dizajnirana je za sigurno i udobno sjedenje. Nosivosti do 75 kg, prikladna je za djecu od 3 godine i vi\u0161e. Savr\u0161ena je za dje\u010dje sobe, pred\u0161kolske ustanove ili Montessori prostore. Kompaktni dizajn lako se uklapa u bilo koju spava\u0107u sobu, igrali\u0161te ili dnevni boravak, stvaraju\u0107i kreativni kutak za djecu. Izvrstan kao dje\u010dji stol, dje\u010dji stol i stolice, dje\u010dji stolovi, dje\u010dji stol, dje\u010dji stol i stolice ili dje\u010dji set stolova.","breadcrumb":{"@id":"https:\/\/inti.hr\/sr\/proizvod\/djecji-stol-i-stolica\/#breadcrumb"},"inLanguage":"sr-RS","potentialAction":[{"@type":"ReadAction","target":["https:\/\/inti.hr\/sr\/proizvod\/djecji-stol-i-stolica\/"]}]},{"@type":"ImageObject","inLanguage":"sr-RS","@id":"https:\/\/inti.hr\/sr\/proizvod\/djecji-stol-i-stolica\/#primaryimage","url":"https:\/\/i0.wp.com\/inti.hr\/wp-content\/uploads\/2025\/09\/KMB60-GR-S009_1800x1800.webp?fit=1600%2C1600&ssl=1","contentUrl":"https:\/\/i0.wp.com\/inti.hr\/wp-content\/uploads\/2025\/09\/KMB60-GR-S009_1800x1800.webp?fit=1600%2C1600&ssl=1","width":1600,"height":1600,"caption":"SoBuy KMB60-WN Dje\u010dji stol i stolica, Vi\u0161enamjenski set dje\u010djeg stola i stolica s 2 police, stol za crtanje i igru, uredska stolica za dje\u010dju sobu, bijela i prirodna 80x50x66cm"},{"@type":"BreadcrumbList","@id":"https:\/\/inti.hr\/sr\/proizvod\/djecji-stol-i-stolica\/#breadcrumb","itemListElement":[{"@type":"ListItem","position":1,"name":"Po\u010detna stranica","item":"https:\/\/inti.hr\/sr\/"},{"@type":"ListItem","position":2,"name":"Prodavnica","item":"https:\/\/inti.hr\/sr\/prodavnica\/"},{"@type":"ListItem","position":3,"name":"Dje\u010dji stol i stolica"}]},{"@type":"WebSite","@id":"https:\/\/inti.hr\/sr\/#website","url":"https:\/\/inti.hr\/sr\/","name":"Inti","description":"trgovina","potentialAction":[{"@type":"SearchAction","target":{"@type":"EntryPoint","urlTemplate":"https:\/\/inti.hr\/sr\/?s={search_term_string}"},"query-input":{"@type":"PropertyValueSpecification","valueRequired":true,"valueName":"search_term_string"}}],"inLanguage":"sr-RS"}]}},"jetpack_sharing_enabled":true,"jetpack-related-posts":[],"_links":{"self":[{"href":"https:\/\/inti.hr\/sr\/wp-json\/wp\/v2\/product\/34805"}],"collection":[{"href":"https:\/\/inti.hr\/sr\/wp-json\/wp\/v2\/product"}],"about":[{"href":"https:\/\/inti.hr\/sr\/wp-json\/wp\/v2\/types\/product"}],"wp:featuredmedia":[{"embeddable":true,"href":"https:\/\/inti.hr\/sr\/wp-json\/wp\/v2\/media\/34806"}],"wp:attachment":[{"href":"https:\/\/inti.hr\/sr\/wp-json\/wp\/v2\/media?parent=34805"}],"wp:term":[{"taxonomy":"product_cat","embeddable":true,"href":"https:\/\/inti.hr\/sr\/wp-json\/wp\/v2\/product_cat?post=34805"},{"taxonomy":"product_tag","embeddable":true,"href":"https:\/\/inti.hr\/sr\/wp-json\/wp\/v2\/product_tag?post=34805"}],"curies":[{"name":"wp","href":"https:\/\/api.w.org\/{rel}","templated":true}]}}