{"id":34811,"date":"2025-09-16T08:26:56","date_gmt":"2025-09-16T07:26:56","guid":{"rendered":"https:\/\/inti.hr\/product\/montessori-biblioteka-za-djecu\/"},"modified":"2025-09-16T08:26:56","modified_gmt":"2025-09-16T07:26:56","slug":"montessori-biblioteka-za-djecu","status":"publish","type":"product","link":"https:\/\/inti.hr\/sr\/proizvod\/montessori-biblioteka-za-djecu\/","title":{"rendered":"Montessori biblioteka za djecu"},"content":{"rendered":"<p>Detalji proizvoda:<\/p>\n<p>&nbsp;<\/p>\n<p>Te\u017eina: cca. 8,7 kg. Testirano na: 16 kg. Materijal: Bor. Dimenzije proizvoda: 91 x 30 x 89 cm (vidi fotografiju). Dostava: u 1 pakiranju. Dimenzije pakiranja: 97 x 38 x 15 cm.<\/p>\n<p>Montessori polica za knjige za djecu opremljena s 4 pretinca za pohranu i 2 kuke, savr\u0161ena za organiziranje knjiga, igra\u010daka i posuda u dje\u010djoj sobi, idealna kao vertikalna podna polica za knjige ili polica za dje\u010dje igra\u010dke za bilo koji kutak.<\/p>\n","protected":false},"excerpt":{"rendered":"<p>Opremljena zaobljenim kutovima i ure\u0111ajem protiv prevrtanja, ova Montessori dje\u010dja polica &#8230; <\/p>\n","protected":false},"featured_media":34812,"template":"","meta":[],"product_cat":[2411],"product_tag":[3007,2441],"yoast_head":"<!-- This site is optimized with the Yoast SEO plugin v23.7 - https:\/\/yoast.com\/wordpress\/plugins\/seo\/ -->\n<title>Montessori biblioteka za djecu - Inti<\/title>\n<meta name=\"description\" content=\"Opremljena zaobljenim kutovima i ure\u0111ajem protiv prevrtanja, ova Montessori dje\u010dja polica za knjige uvijek osigurava sigurnost va\u0161e djece.\" \/>\n<meta name=\"robots\" content=\"index, follow, max-snippet:-1, max-image-preview:large, max-video-preview:-1\" \/>\n<link rel=\"canonical\" href=\"https:\/\/inti.hr\/sr\/proizvod\/montessori-biblioteka-za-djecu\/\" \/>\n<meta property=\"og:locale\" content=\"sr_RS\" \/>\n<meta property=\"og:type\" content=\"article\" \/>\n<meta property=\"og:title\" content=\"Montessori biblioteka za djecu - Inti\" \/>\n<meta property=\"og:description\" content=\"Opremljena zaobljenim kutovima i ure\u0111ajem protiv prevrtanja, ova Montessori dje\u010dja polica za knjige uvijek osigurava sigurnost va\u0161e djece.\" \/>\n<meta property=\"og:url\" content=\"https:\/\/inti.hr\/sr\/proizvod\/montessori-biblioteka-za-djecu\/\" \/>\n<meta property=\"og:site_name\" content=\"Inti\" \/>\n<meta property=\"og:image\" content=\"https:\/\/i0.wp.com\/inti.hr\/wp-content\/uploads\/2025\/09\/KMB32-N-S010_1800x1800.webp?fit=1600%2C1600&ssl=1\" \/>\n\t<meta property=\"og:image:width\" content=\"1600\" \/>\n\t<meta property=\"og:image:height\" content=\"1600\" \/>\n\t<meta property=\"og:image:type\" content=\"image\/webp\" \/>\n<meta name=\"twitter:card\" content=\"summary_large_image\" \/>\n<script type=\"application\/ld+json\" class=\"yoast-schema-graph\">{\"@context\":\"https:\/\/schema.org\",\"@graph\":[{\"@type\":\"WebPage\",\"@id\":\"https:\/\/inti.hr\/sr\/proizvod\/montessori-biblioteka-za-djecu\/\",\"url\":\"https:\/\/inti.hr\/sr\/proizvod\/montessori-biblioteka-za-djecu\/\",\"name\":\"Montessori biblioteka za djecu - Inti\",\"isPartOf\":{\"@id\":\"https:\/\/inti.hr\/sr\/#website\"},\"primaryImageOfPage\":{\"@id\":\"https:\/\/inti.hr\/sr\/proizvod\/montessori-biblioteka-za-djecu\/#primaryimage\"},\"image\":{\"@id\":\"https:\/\/inti.hr\/sr\/proizvod\/montessori-biblioteka-za-djecu\/#primaryimage\"},\"thumbnailUrl\":\"https:\/\/i0.wp.com\/inti.hr\/wp-content\/uploads\/2025\/09\/KMB32-N-S010_1800x1800.webp?fit=1600%2C1600&ssl=1\",\"datePublished\":\"2025-09-16T07:26:56+00:00\",\"dateModified\":\"2025-09-16T07:26:56+00:00\",\"description\":\"Opremljena zaobljenim kutovima i ure\u0111ajem protiv prevrtanja, ova Montessori dje\u010dja polica za knjige uvijek osigurava sigurnost va\u0161e djece.\",\"breadcrumb\":{\"@id\":\"https:\/\/inti.hr\/sr\/proizvod\/montessori-biblioteka-za-djecu\/#breadcrumb\"},\"inLanguage\":\"sr-RS\",\"potentialAction\":[{\"@type\":\"ReadAction\",\"target\":[\"https:\/\/inti.hr\/sr\/proizvod\/montessori-biblioteka-za-djecu\/\"]}]},{\"@type\":\"ImageObject\",\"inLanguage\":\"sr-RS\",\"@id\":\"https:\/\/inti.hr\/sr\/proizvod\/montessori-biblioteka-za-djecu\/#primaryimage\",\"url\":\"https:\/\/i0.wp.com\/inti.hr\/wp-content\/uploads\/2025\/09\/KMB32-N-S010_1800x1800.webp?fit=1600%2C1600&ssl=1\",\"contentUrl\":\"https:\/\/i0.wp.com\/inti.hr\/wp-content\/uploads\/2025\/09\/KMB32-N-S010_1800x1800.webp?fit=1600%2C1600&ssl=1\",\"width\":1600,\"height\":1600,\"caption\":\"SoBuy KMB32-N Montessori biblioteka za djecu, polica za igra\u010dke, samostoje\u0107a polica za knjige, stalak za \u010dasopise s 4 pretinca i 2 kuke, prirodna 91x30x89 cm\"},{\"@type\":\"BreadcrumbList\",\"@id\":\"https:\/\/inti.hr\/sr\/proizvod\/montessori-biblioteka-za-djecu\/#breadcrumb\",\"itemListElement\":[{\"@type\":\"ListItem\",\"position\":1,\"name\":\"Po\u010detna stranica\",\"item\":\"https:\/\/inti.hr\/sr\/\"},{\"@type\":\"ListItem\",\"position\":2,\"name\":\"Prodavnica\",\"item\":\"https:\/\/inti.hr\/sr\/prodavnica\/\"},{\"@type\":\"ListItem\",\"position\":3,\"name\":\"Montessori biblioteka za djecu\"}]},{\"@type\":\"WebSite\",\"@id\":\"https:\/\/inti.hr\/sr\/#website\",\"url\":\"https:\/\/inti.hr\/sr\/\",\"name\":\"Inti\",\"description\":\"trgovina\",\"potentialAction\":[{\"@type\":\"SearchAction\",\"target\":{\"@type\":\"EntryPoint\",\"urlTemplate\":\"https:\/\/inti.hr\/sr\/?s={search_term_string}\"},\"query-input\":{\"@type\":\"PropertyValueSpecification\",\"valueRequired\":true,\"valueName\":\"search_term_string\"}}],\"inLanguage\":\"sr-RS\"}]}<\/script>\n<!-- \/ Yoast SEO plugin. -->","yoast_head_json":{"title":"Montessori biblioteka za djecu - Inti","description":"Opremljena zaobljenim kutovima i ure\u0111ajem protiv prevrtanja, ova Montessori dje\u010dja polica za knjige uvijek osigurava sigurnost va\u0161e djece.","robots":{"index":"index","follow":"follow","max-snippet":"max-snippet:-1","max-image-preview":"max-image-preview:large","max-video-preview":"max-video-preview:-1"},"canonical":"https:\/\/inti.hr\/sr\/proizvod\/montessori-biblioteka-za-djecu\/","og_locale":"sr_RS","og_type":"article","og_title":"Montessori biblioteka za djecu - Inti","og_description":"Opremljena zaobljenim kutovima i ure\u0111ajem protiv prevrtanja, ova Montessori dje\u010dja polica za knjige uvijek osigurava sigurnost va\u0161e djece.","og_url":"https:\/\/inti.hr\/sr\/proizvod\/montessori-biblioteka-za-djecu\/","og_site_name":"Inti","og_image":[{"width":1600,"height":1600,"url":"https:\/\/i0.wp.com\/inti.hr\/wp-content\/uploads\/2025\/09\/KMB32-N-S010_1800x1800.webp?fit=1600%2C1600&ssl=1","type":"image\/webp"}],"twitter_card":"summary_large_image","schema":{"@context":"https:\/\/schema.org","@graph":[{"@type":"WebPage","@id":"https:\/\/inti.hr\/sr\/proizvod\/montessori-biblioteka-za-djecu\/","url":"https:\/\/inti.hr\/sr\/proizvod\/montessori-biblioteka-za-djecu\/","name":"Montessori biblioteka za djecu - Inti","isPartOf":{"@id":"https:\/\/inti.hr\/sr\/#website"},"primaryImageOfPage":{"@id":"https:\/\/inti.hr\/sr\/proizvod\/montessori-biblioteka-za-djecu\/#primaryimage"},"image":{"@id":"https:\/\/inti.hr\/sr\/proizvod\/montessori-biblioteka-za-djecu\/#primaryimage"},"thumbnailUrl":"https:\/\/i0.wp.com\/inti.hr\/wp-content\/uploads\/2025\/09\/KMB32-N-S010_1800x1800.webp?fit=1600%2C1600&ssl=1","datePublished":"2025-09-16T07:26:56+00:00","dateModified":"2025-09-16T07:26:56+00:00","description":"Opremljena zaobljenim kutovima i ure\u0111ajem protiv prevrtanja, ova Montessori dje\u010dja polica za knjige uvijek osigurava sigurnost va\u0161e djece.","breadcrumb":{"@id":"https:\/\/inti.hr\/sr\/proizvod\/montessori-biblioteka-za-djecu\/#breadcrumb"},"inLanguage":"sr-RS","potentialAction":[{"@type":"ReadAction","target":["https:\/\/inti.hr\/sr\/proizvod\/montessori-biblioteka-za-djecu\/"]}]},{"@type":"ImageObject","inLanguage":"sr-RS","@id":"https:\/\/inti.hr\/sr\/proizvod\/montessori-biblioteka-za-djecu\/#primaryimage","url":"https:\/\/i0.wp.com\/inti.hr\/wp-content\/uploads\/2025\/09\/KMB32-N-S010_1800x1800.webp?fit=1600%2C1600&ssl=1","contentUrl":"https:\/\/i0.wp.com\/inti.hr\/wp-content\/uploads\/2025\/09\/KMB32-N-S010_1800x1800.webp?fit=1600%2C1600&ssl=1","width":1600,"height":1600,"caption":"SoBuy KMB32-N Montessori biblioteka za djecu, polica za igra\u010dke, samostoje\u0107a polica za knjige, stalak za \u010dasopise s 4 pretinca i 2 kuke, prirodna 91x30x89 cm"},{"@type":"BreadcrumbList","@id":"https:\/\/inti.hr\/sr\/proizvod\/montessori-biblioteka-za-djecu\/#breadcrumb","itemListElement":[{"@type":"ListItem","position":1,"name":"Po\u010detna stranica","item":"https:\/\/inti.hr\/sr\/"},{"@type":"ListItem","position":2,"name":"Prodavnica","item":"https:\/\/inti.hr\/sr\/prodavnica\/"},{"@type":"ListItem","position":3,"name":"Montessori biblioteka za djecu"}]},{"@type":"WebSite","@id":"https:\/\/inti.hr\/sr\/#website","url":"https:\/\/inti.hr\/sr\/","name":"Inti","description":"trgovina","potentialAction":[{"@type":"SearchAction","target":{"@type":"EntryPoint","urlTemplate":"https:\/\/inti.hr\/sr\/?s={search_term_string}"},"query-input":{"@type":"PropertyValueSpecification","valueRequired":true,"valueName":"search_term_string"}}],"inLanguage":"sr-RS"}]}},"jetpack_sharing_enabled":true,"jetpack-related-posts":[],"_links":{"self":[{"href":"https:\/\/inti.hr\/sr\/wp-json\/wp\/v2\/product\/34811"}],"collection":[{"href":"https:\/\/inti.hr\/sr\/wp-json\/wp\/v2\/product"}],"about":[{"href":"https:\/\/inti.hr\/sr\/wp-json\/wp\/v2\/types\/product"}],"wp:featuredmedia":[{"embeddable":true,"href":"https:\/\/inti.hr\/sr\/wp-json\/wp\/v2\/media\/34812"}],"wp:attachment":[{"href":"https:\/\/inti.hr\/sr\/wp-json\/wp\/v2\/media?parent=34811"}],"wp:term":[{"taxonomy":"product_cat","embeddable":true,"href":"https:\/\/inti.hr\/sr\/wp-json\/wp\/v2\/product_cat?post=34811"},{"taxonomy":"product_tag","embeddable":true,"href":"https:\/\/inti.hr\/sr\/wp-json\/wp\/v2\/product_tag?post=34811"}],"curies":[{"name":"wp","href":"https:\/\/api.w.org\/{rel}","templated":true}]}}