{"id":34819,"date":"2025-09-16T08:15:41","date_gmt":"2025-09-16T07:15:41","guid":{"rendered":"https:\/\/inti.hr\/product\/kupaonski-ormaric-42x30x93cm\/"},"modified":"2025-09-16T08:15:41","modified_gmt":"2025-09-16T07:15:41","slug":"kupaonski-ormaric-42x30x93cm","status":"publish","type":"product","link":"https:\/\/inti.hr\/sr\/proizvod\/kupaonski-ormaric-42x30x93cm\/","title":{"rendered":"Kupaonski ormari\u0107 42x30x93cm"},"content":{"rendered":"<p>Detalji proizvoda:<\/p>\n<p>S dimenzijama 42 x 30 x 93 cm, ovaj kupaonski ormari\u0107 koji \u0161tedi prostor savr\u0161eno se uklapa u male kupaonice ili uske kutove. Njegova vertikalna struktura omogu\u0107uje maksimalno iskori\u0161tavanje prostora bez zauzimanja puno povr\u0161ine poda.<br \/>\n[Izdr\u017eljivi i jednostavni materijali za odr\u017eavanje]: Izra\u0111en od MDF-a s certifikatom E1, ovaj bijeli kupaonski ormari\u0107 otporan je na vlagu, \u0161to ga \u010dini idealnim za vla\u017ene prostore poput kupaonica. Maksimalna nosivost: do 37 kg.<\/p>\n","protected":false},"excerpt":{"rendered":"<p>Ovaj ormari\u0107 za kupaonicu ima ladicu, otvorene police i zatvoreni ormari\u0107 &#8230; <\/p>\n","protected":false},"featured_media":34820,"template":"","meta":[],"product_cat":[2396],"product_tag":[2522,2523],"yoast_head":"<!-- This site is optimized with the Yoast SEO plugin v23.7 - https:\/\/yoast.com\/wordpress\/plugins\/seo\/ -->\n<title>Kupaonski ormari\u0107 42x30x93cm - Inti<\/title>\n<meta name=\"description\" content=\"Ovaj ormari\u0107 za kupaonicu ima ladicu, otvorene police i zatvoreni ormari\u0107 za optimalnu organizaciju toaletnih potrep\u0161tina, ru\u010dnika i malih dodataka poput nakita ili gumica za kosu. Unutarnje police podesive su na tri visine, \u0161to vam omogu\u0107uje da na njih smjestite boce \u0161ampona, sredstva za \u010di\u0161\u0107enje ili ru\u010dnike, optimiziraju\u0107i prostor za pohranu.\u00a0\" \/>\n<meta name=\"robots\" content=\"index, follow, max-snippet:-1, max-image-preview:large, max-video-preview:-1\" \/>\n<link rel=\"canonical\" href=\"https:\/\/inti.hr\/sr\/proizvod\/kupaonski-ormaric-42x30x93cm\/\" \/>\n<meta property=\"og:locale\" content=\"sr_RS\" \/>\n<meta property=\"og:type\" content=\"article\" \/>\n<meta property=\"og:title\" content=\"Kupaonski ormari\u0107 42x30x93cm - Inti\" \/>\n<meta property=\"og:description\" content=\"Ovaj ormari\u0107 za kupaonicu ima ladicu, otvorene police i zatvoreni ormari\u0107 za optimalnu organizaciju toaletnih potrep\u0161tina, ru\u010dnika i malih dodataka poput nakita ili gumica za kosu. Unutarnje police podesive su na tri visine, \u0161to vam omogu\u0107uje da na njih smjestite boce \u0161ampona, sredstva za \u010di\u0161\u0107enje ili ru\u010dnike, optimiziraju\u0107i prostor za pohranu.\u00a0\" \/>\n<meta property=\"og:url\" content=\"https:\/\/inti.hr\/sr\/proizvod\/kupaonski-ormaric-42x30x93cm\/\" \/>\n<meta property=\"og:site_name\" content=\"Inti\" \/>\n<meta property=\"og:image\" content=\"https:\/\/i0.wp.com\/inti.hr\/wp-content\/uploads\/2025\/09\/BZR207-W-S006_1800x1800.webp?fit=1600%2C1600&ssl=1\" \/>\n\t<meta property=\"og:image:width\" content=\"1600\" \/>\n\t<meta property=\"og:image:height\" content=\"1600\" \/>\n\t<meta property=\"og:image:type\" content=\"image\/webp\" \/>\n<meta name=\"twitter:card\" content=\"summary_large_image\" \/>\n<script type=\"application\/ld+json\" class=\"yoast-schema-graph\">{\"@context\":\"https:\/\/schema.org\",\"@graph\":[{\"@type\":\"WebPage\",\"@id\":\"https:\/\/inti.hr\/sr\/proizvod\/kupaonski-ormaric-42x30x93cm\/\",\"url\":\"https:\/\/inti.hr\/sr\/proizvod\/kupaonski-ormaric-42x30x93cm\/\",\"name\":\"Kupaonski ormari\u0107 42x30x93cm - Inti\",\"isPartOf\":{\"@id\":\"https:\/\/inti.hr\/sr\/#website\"},\"primaryImageOfPage\":{\"@id\":\"https:\/\/inti.hr\/sr\/proizvod\/kupaonski-ormaric-42x30x93cm\/#primaryimage\"},\"image\":{\"@id\":\"https:\/\/inti.hr\/sr\/proizvod\/kupaonski-ormaric-42x30x93cm\/#primaryimage\"},\"thumbnailUrl\":\"https:\/\/i0.wp.com\/inti.hr\/wp-content\/uploads\/2025\/09\/BZR207-W-S006_1800x1800.webp?fit=1600%2C1600&ssl=1\",\"datePublished\":\"2025-09-16T07:15:41+00:00\",\"dateModified\":\"2025-09-16T07:15:41+00:00\",\"description\":\"Ovaj ormari\u0107 za kupaonicu ima ladicu, otvorene police i zatvoreni ormari\u0107 za optimalnu organizaciju toaletnih potrep\u0161tina, ru\u010dnika i malih dodataka poput nakita ili gumica za kosu. Unutarnje police podesive su na tri visine, \u0161to vam omogu\u0107uje da na njih smjestite boce \u0161ampona, sredstva za \u010di\u0161\u0107enje ili ru\u010dnike, optimiziraju\u0107i prostor za pohranu.\u00a0\",\"breadcrumb\":{\"@id\":\"https:\/\/inti.hr\/sr\/proizvod\/kupaonski-ormaric-42x30x93cm\/#breadcrumb\"},\"inLanguage\":\"sr-RS\",\"potentialAction\":[{\"@type\":\"ReadAction\",\"target\":[\"https:\/\/inti.hr\/sr\/proizvod\/kupaonski-ormaric-42x30x93cm\/\"]}]},{\"@type\":\"ImageObject\",\"inLanguage\":\"sr-RS\",\"@id\":\"https:\/\/inti.hr\/sr\/proizvod\/kupaonski-ormaric-42x30x93cm\/#primaryimage\",\"url\":\"https:\/\/i0.wp.com\/inti.hr\/wp-content\/uploads\/2025\/09\/BZR207-W-S006_1800x1800.webp?fit=1600%2C1600&ssl=1\",\"contentUrl\":\"https:\/\/i0.wp.com\/inti.hr\/wp-content\/uploads\/2025\/09\/BZR207-W-S006_1800x1800.webp?fit=1600%2C1600&ssl=1\",\"width\":1600,\"height\":1600,\"caption\":\"SoBuy BZR207-W Kupaonski ormari\u0107 koji \u0161tedi prostor - Uski kupaonski ormari\u0107 s ladicama i podesivim policama, Drvena komoda, Otporna na vlagu, Bijela, 42x30x93cm\"},{\"@type\":\"BreadcrumbList\",\"@id\":\"https:\/\/inti.hr\/sr\/proizvod\/kupaonski-ormaric-42x30x93cm\/#breadcrumb\",\"itemListElement\":[{\"@type\":\"ListItem\",\"position\":1,\"name\":\"Po\u010detna stranica\",\"item\":\"https:\/\/inti.hr\/sr\/\"},{\"@type\":\"ListItem\",\"position\":2,\"name\":\"Prodavnica\",\"item\":\"https:\/\/inti.hr\/sr\/prodavnica\/\"},{\"@type\":\"ListItem\",\"position\":3,\"name\":\"Kupaonski ormari\u0107 42x30x93cm\"}]},{\"@type\":\"WebSite\",\"@id\":\"https:\/\/inti.hr\/sr\/#website\",\"url\":\"https:\/\/inti.hr\/sr\/\",\"name\":\"Inti\",\"description\":\"trgovina\",\"potentialAction\":[{\"@type\":\"SearchAction\",\"target\":{\"@type\":\"EntryPoint\",\"urlTemplate\":\"https:\/\/inti.hr\/sr\/?s={search_term_string}\"},\"query-input\":{\"@type\":\"PropertyValueSpecification\",\"valueRequired\":true,\"valueName\":\"search_term_string\"}}],\"inLanguage\":\"sr-RS\"}]}<\/script>\n<!-- \/ Yoast SEO plugin. -->","yoast_head_json":{"title":"Kupaonski ormari\u0107 42x30x93cm - Inti","description":"Ovaj ormari\u0107 za kupaonicu ima ladicu, otvorene police i zatvoreni ormari\u0107 za optimalnu organizaciju toaletnih potrep\u0161tina, ru\u010dnika i malih dodataka poput nakita ili gumica za kosu. Unutarnje police podesive su na tri visine, \u0161to vam omogu\u0107uje da na njih smjestite boce \u0161ampona, sredstva za \u010di\u0161\u0107enje ili ru\u010dnike, optimiziraju\u0107i prostor za pohranu.\u00a0","robots":{"index":"index","follow":"follow","max-snippet":"max-snippet:-1","max-image-preview":"max-image-preview:large","max-video-preview":"max-video-preview:-1"},"canonical":"https:\/\/inti.hr\/sr\/proizvod\/kupaonski-ormaric-42x30x93cm\/","og_locale":"sr_RS","og_type":"article","og_title":"Kupaonski ormari\u0107 42x30x93cm - Inti","og_description":"Ovaj ormari\u0107 za kupaonicu ima ladicu, otvorene police i zatvoreni ormari\u0107 za optimalnu organizaciju toaletnih potrep\u0161tina, ru\u010dnika i malih dodataka poput nakita ili gumica za kosu. Unutarnje police podesive su na tri visine, \u0161to vam omogu\u0107uje da na njih smjestite boce \u0161ampona, sredstva za \u010di\u0161\u0107enje ili ru\u010dnike, optimiziraju\u0107i prostor za pohranu.\u00a0","og_url":"https:\/\/inti.hr\/sr\/proizvod\/kupaonski-ormaric-42x30x93cm\/","og_site_name":"Inti","og_image":[{"width":1600,"height":1600,"url":"https:\/\/i0.wp.com\/inti.hr\/wp-content\/uploads\/2025\/09\/BZR207-W-S006_1800x1800.webp?fit=1600%2C1600&ssl=1","type":"image\/webp"}],"twitter_card":"summary_large_image","schema":{"@context":"https:\/\/schema.org","@graph":[{"@type":"WebPage","@id":"https:\/\/inti.hr\/sr\/proizvod\/kupaonski-ormaric-42x30x93cm\/","url":"https:\/\/inti.hr\/sr\/proizvod\/kupaonski-ormaric-42x30x93cm\/","name":"Kupaonski ormari\u0107 42x30x93cm - Inti","isPartOf":{"@id":"https:\/\/inti.hr\/sr\/#website"},"primaryImageOfPage":{"@id":"https:\/\/inti.hr\/sr\/proizvod\/kupaonski-ormaric-42x30x93cm\/#primaryimage"},"image":{"@id":"https:\/\/inti.hr\/sr\/proizvod\/kupaonski-ormaric-42x30x93cm\/#primaryimage"},"thumbnailUrl":"https:\/\/i0.wp.com\/inti.hr\/wp-content\/uploads\/2025\/09\/BZR207-W-S006_1800x1800.webp?fit=1600%2C1600&ssl=1","datePublished":"2025-09-16T07:15:41+00:00","dateModified":"2025-09-16T07:15:41+00:00","description":"Ovaj ormari\u0107 za kupaonicu ima ladicu, otvorene police i zatvoreni ormari\u0107 za optimalnu organizaciju toaletnih potrep\u0161tina, ru\u010dnika i malih dodataka poput nakita ili gumica za kosu. Unutarnje police podesive su na tri visine, \u0161to vam omogu\u0107uje da na njih smjestite boce \u0161ampona, sredstva za \u010di\u0161\u0107enje ili ru\u010dnike, optimiziraju\u0107i prostor za pohranu.\u00a0","breadcrumb":{"@id":"https:\/\/inti.hr\/sr\/proizvod\/kupaonski-ormaric-42x30x93cm\/#breadcrumb"},"inLanguage":"sr-RS","potentialAction":[{"@type":"ReadAction","target":["https:\/\/inti.hr\/sr\/proizvod\/kupaonski-ormaric-42x30x93cm\/"]}]},{"@type":"ImageObject","inLanguage":"sr-RS","@id":"https:\/\/inti.hr\/sr\/proizvod\/kupaonski-ormaric-42x30x93cm\/#primaryimage","url":"https:\/\/i0.wp.com\/inti.hr\/wp-content\/uploads\/2025\/09\/BZR207-W-S006_1800x1800.webp?fit=1600%2C1600&ssl=1","contentUrl":"https:\/\/i0.wp.com\/inti.hr\/wp-content\/uploads\/2025\/09\/BZR207-W-S006_1800x1800.webp?fit=1600%2C1600&ssl=1","width":1600,"height":1600,"caption":"SoBuy BZR207-W Kupaonski ormari\u0107 koji \u0161tedi prostor - Uski kupaonski ormari\u0107 s ladicama i podesivim policama, Drvena komoda, Otporna na vlagu, Bijela, 42x30x93cm"},{"@type":"BreadcrumbList","@id":"https:\/\/inti.hr\/sr\/proizvod\/kupaonski-ormaric-42x30x93cm\/#breadcrumb","itemListElement":[{"@type":"ListItem","position":1,"name":"Po\u010detna stranica","item":"https:\/\/inti.hr\/sr\/"},{"@type":"ListItem","position":2,"name":"Prodavnica","item":"https:\/\/inti.hr\/sr\/prodavnica\/"},{"@type":"ListItem","position":3,"name":"Kupaonski ormari\u0107 42x30x93cm"}]},{"@type":"WebSite","@id":"https:\/\/inti.hr\/sr\/#website","url":"https:\/\/inti.hr\/sr\/","name":"Inti","description":"trgovina","potentialAction":[{"@type":"SearchAction","target":{"@type":"EntryPoint","urlTemplate":"https:\/\/inti.hr\/sr\/?s={search_term_string}"},"query-input":{"@type":"PropertyValueSpecification","valueRequired":true,"valueName":"search_term_string"}}],"inLanguage":"sr-RS"}]}},"jetpack_sharing_enabled":true,"jetpack-related-posts":[],"_links":{"self":[{"href":"https:\/\/inti.hr\/sr\/wp-json\/wp\/v2\/product\/34819"}],"collection":[{"href":"https:\/\/inti.hr\/sr\/wp-json\/wp\/v2\/product"}],"about":[{"href":"https:\/\/inti.hr\/sr\/wp-json\/wp\/v2\/types\/product"}],"wp:featuredmedia":[{"embeddable":true,"href":"https:\/\/inti.hr\/sr\/wp-json\/wp\/v2\/media\/34820"}],"wp:attachment":[{"href":"https:\/\/inti.hr\/sr\/wp-json\/wp\/v2\/media?parent=34819"}],"wp:term":[{"taxonomy":"product_cat","embeddable":true,"href":"https:\/\/inti.hr\/sr\/wp-json\/wp\/v2\/product_cat?post=34819"},{"taxonomy":"product_tag","embeddable":true,"href":"https:\/\/inti.hr\/sr\/wp-json\/wp\/v2\/product_tag?post=34819"}],"curies":[{"name":"wp","href":"https:\/\/api.w.org\/{rel}","templated":true}]}}