{"id":34823,"date":"2025-09-10T13:36:39","date_gmt":"2025-09-10T12:36:39","guid":{"rendered":"https:\/\/inti.hr\/product\/kupaonski-ormaric-sirine-42-cm\/"},"modified":"2025-09-10T13:36:39","modified_gmt":"2025-09-10T12:36:39","slug":"kupaonski-ormaric-sirine-42-cm","status":"publish","type":"product","link":"https:\/\/inti.hr\/sr\/proizvod\/kupaonski-ormaric-sirine-42-cm\/","title":{"rendered":"Kupaonski ormari\u0107 \u0161irine 42 cm"},"content":{"rendered":"<p>Detalji proizvoda:<\/p>\n<p>S dimenzijama 42 x 30 x 173 cm, ovaj uski visoki ormari\u0107 idealan je za maksimalno iskori\u0161tavanje vertikalnog prostora u malim kupaonicama. Mo\u017ee se koristiti i kao ormari\u0107 za metle ili ormari\u0107 za rublje koji \u0161tedi prostor.<\/p>\n","protected":false},"excerpt":{"rendered":"<p>Izra\u0111en od MDF-a s certifikatom E1 i lakiranim zavr\u0161etkom, ovaj kupaonski &#8230; <\/p>\n","protected":false},"featured_media":34824,"template":"","meta":[],"product_cat":[2396],"product_tag":[2522,2523],"yoast_head":"<!-- This site is optimized with the Yoast SEO plugin v23.7 - https:\/\/yoast.com\/wordpress\/plugins\/seo\/ -->\n<title>Kupaonski ormari\u0107 \u0161irine 42 cm - Inti<\/title>\n<meta name=\"description\" content=\"Izra\u0111en od MDF-a s certifikatom E1 i lakiranim zavr\u0161etkom, ovaj kupaonski ormari\u0107 savr\u0161en je za vla\u017ene prostore poput kupaonica ili praonica rublja. Izdr\u017eljiv je i jednostavan za \u010di\u0161\u0107enje vi\u0161enamjenski komad namje\u0161taja. S dimenzijama 42 x 30 x 173 cm, ovaj uski visoki ormari\u0107 idealan je za maksimalno iskori\u0161tavanje vertikalnog prostora u malim kupaonicama. Mo\u017ee se koristiti i kao ormari\u0107 za metle ili ormari\u0107 za rublje koji \u0161tedi prostor. Opremljen s 5 podesivih unutarnjih polica i 1 prostranom ladicom, ovaj kupaonski ormari\u0107 nudi izvrstan organizacijski kapacitet za ru\u010dnike, deterd\u017eente, toaletne potrep\u0161tine ili kuhinjske predmete. Minimalisti\u010dki izgled lako se prilago\u0111ava svakom stilu ure\u0111enja kupaonice. Savr\u0161eno za uparivanje s drugim SoBuy kupaonskim namje\u0161tajem, poput kupaonskog ormara ili ormari\u0107a za perilicu rublja.\" \/>\n<meta name=\"robots\" content=\"index, follow, max-snippet:-1, max-image-preview:large, max-video-preview:-1\" \/>\n<link rel=\"canonical\" href=\"https:\/\/inti.hr\/sr\/proizvod\/kupaonski-ormaric-sirine-42-cm\/\" \/>\n<meta property=\"og:locale\" content=\"sr_RS\" \/>\n<meta property=\"og:type\" content=\"article\" \/>\n<meta property=\"og:title\" content=\"Kupaonski ormari\u0107 \u0161irine 42 cm - Inti\" \/>\n<meta property=\"og:description\" content=\"Izra\u0111en od MDF-a s certifikatom E1 i lakiranim zavr\u0161etkom, ovaj kupaonski ormari\u0107 savr\u0161en je za vla\u017ene prostore poput kupaonica ili praonica rublja. Izdr\u017eljiv je i jednostavan za \u010di\u0161\u0107enje vi\u0161enamjenski komad namje\u0161taja. S dimenzijama 42 x 30 x 173 cm, ovaj uski visoki ormari\u0107 idealan je za maksimalno iskori\u0161tavanje vertikalnog prostora u malim kupaonicama. Mo\u017ee se koristiti i kao ormari\u0107 za metle ili ormari\u0107 za rublje koji \u0161tedi prostor. Opremljen s 5 podesivih unutarnjih polica i 1 prostranom ladicom, ovaj kupaonski ormari\u0107 nudi izvrstan organizacijski kapacitet za ru\u010dnike, deterd\u017eente, toaletne potrep\u0161tine ili kuhinjske predmete. Minimalisti\u010dki izgled lako se prilago\u0111ava svakom stilu ure\u0111enja kupaonice. Savr\u0161eno za uparivanje s drugim SoBuy kupaonskim namje\u0161tajem, poput kupaonskog ormara ili ormari\u0107a za perilicu rublja.\" \/>\n<meta property=\"og:url\" content=\"https:\/\/inti.hr\/sr\/proizvod\/kupaonski-ormaric-sirine-42-cm\/\" \/>\n<meta property=\"og:site_name\" content=\"Inti\" \/>\n<meta property=\"og:image\" content=\"https:\/\/i0.wp.com\/inti.hr\/wp-content\/uploads\/2025\/09\/BZR206-W-S002_1800x1800-1.webp?fit=1600%2C1600&ssl=1\" \/>\n\t<meta property=\"og:image:width\" content=\"1600\" \/>\n\t<meta property=\"og:image:height\" content=\"1600\" \/>\n\t<meta property=\"og:image:type\" content=\"image\/webp\" \/>\n<meta name=\"twitter:card\" content=\"summary_large_image\" \/>\n<script type=\"application\/ld+json\" class=\"yoast-schema-graph\">{\"@context\":\"https:\/\/schema.org\",\"@graph\":[{\"@type\":\"WebPage\",\"@id\":\"https:\/\/inti.hr\/sr\/proizvod\/kupaonski-ormaric-sirine-42-cm\/\",\"url\":\"https:\/\/inti.hr\/sr\/proizvod\/kupaonski-ormaric-sirine-42-cm\/\",\"name\":\"Kupaonski ormari\u0107 \u0161irine 42 cm - Inti\",\"isPartOf\":{\"@id\":\"https:\/\/inti.hr\/sr\/#website\"},\"primaryImageOfPage\":{\"@id\":\"https:\/\/inti.hr\/sr\/proizvod\/kupaonski-ormaric-sirine-42-cm\/#primaryimage\"},\"image\":{\"@id\":\"https:\/\/inti.hr\/sr\/proizvod\/kupaonski-ormaric-sirine-42-cm\/#primaryimage\"},\"thumbnailUrl\":\"https:\/\/i0.wp.com\/inti.hr\/wp-content\/uploads\/2025\/09\/BZR206-W-S002_1800x1800-1.webp?fit=1600%2C1600&ssl=1\",\"datePublished\":\"2025-09-10T12:36:39+00:00\",\"dateModified\":\"2025-09-10T12:36:39+00:00\",\"description\":\"Izra\u0111en od MDF-a s certifikatom E1 i lakiranim zavr\u0161etkom, ovaj kupaonski ormari\u0107 savr\u0161en je za vla\u017ene prostore poput kupaonica ili praonica rublja. Izdr\u017eljiv je i jednostavan za \u010di\u0161\u0107enje vi\u0161enamjenski komad namje\u0161taja. S dimenzijama 42 x 30 x 173 cm, ovaj uski visoki ormari\u0107 idealan je za maksimalno iskori\u0161tavanje vertikalnog prostora u malim kupaonicama. Mo\u017ee se koristiti i kao ormari\u0107 za metle ili ormari\u0107 za rublje koji \u0161tedi prostor. Opremljen s 5 podesivih unutarnjih polica i 1 prostranom ladicom, ovaj kupaonski ormari\u0107 nudi izvrstan organizacijski kapacitet za ru\u010dnike, deterd\u017eente, toaletne potrep\u0161tine ili kuhinjske predmete. Minimalisti\u010dki izgled lako se prilago\u0111ava svakom stilu ure\u0111enja kupaonice. Savr\u0161eno za uparivanje s drugim SoBuy kupaonskim namje\u0161tajem, poput kupaonskog ormara ili ormari\u0107a za perilicu rublja.\",\"breadcrumb\":{\"@id\":\"https:\/\/inti.hr\/sr\/proizvod\/kupaonski-ormaric-sirine-42-cm\/#breadcrumb\"},\"inLanguage\":\"sr-RS\",\"potentialAction\":[{\"@type\":\"ReadAction\",\"target\":[\"https:\/\/inti.hr\/sr\/proizvod\/kupaonski-ormaric-sirine-42-cm\/\"]}]},{\"@type\":\"ImageObject\",\"inLanguage\":\"sr-RS\",\"@id\":\"https:\/\/inti.hr\/sr\/proizvod\/kupaonski-ormaric-sirine-42-cm\/#primaryimage\",\"url\":\"https:\/\/i0.wp.com\/inti.hr\/wp-content\/uploads\/2025\/09\/BZR206-W-S002_1800x1800-1.webp?fit=1600%2C1600&ssl=1\",\"contentUrl\":\"https:\/\/i0.wp.com\/inti.hr\/wp-content\/uploads\/2025\/09\/BZR206-W-S002_1800x1800-1.webp?fit=1600%2C1600&ssl=1\",\"width\":1600,\"height\":1600,\"caption\":\"SoBuy BZR206-W Kupaonski ormari\u0107 \u0161irine 42 cm - Ormari\u0107 za u\u0161tedu prostora s ladicom i podesivim policama - Moderni bijeli drveni kupaonski stalak, otporan na vlagu, 42x30x173 cm\"},{\"@type\":\"BreadcrumbList\",\"@id\":\"https:\/\/inti.hr\/sr\/proizvod\/kupaonski-ormaric-sirine-42-cm\/#breadcrumb\",\"itemListElement\":[{\"@type\":\"ListItem\",\"position\":1,\"name\":\"Po\u010detna stranica\",\"item\":\"https:\/\/inti.hr\/sr\/\"},{\"@type\":\"ListItem\",\"position\":2,\"name\":\"Prodavnica\",\"item\":\"https:\/\/inti.hr\/sr\/prodavnica\/\"},{\"@type\":\"ListItem\",\"position\":3,\"name\":\"Kupaonski ormari\u0107 \u0161irine 42 cm\"}]},{\"@type\":\"WebSite\",\"@id\":\"https:\/\/inti.hr\/sr\/#website\",\"url\":\"https:\/\/inti.hr\/sr\/\",\"name\":\"Inti\",\"description\":\"trgovina\",\"potentialAction\":[{\"@type\":\"SearchAction\",\"target\":{\"@type\":\"EntryPoint\",\"urlTemplate\":\"https:\/\/inti.hr\/sr\/?s={search_term_string}\"},\"query-input\":{\"@type\":\"PropertyValueSpecification\",\"valueRequired\":true,\"valueName\":\"search_term_string\"}}],\"inLanguage\":\"sr-RS\"}]}<\/script>\n<!-- \/ Yoast SEO plugin. -->","yoast_head_json":{"title":"Kupaonski ormari\u0107 \u0161irine 42 cm - Inti","description":"Izra\u0111en od MDF-a s certifikatom E1 i lakiranim zavr\u0161etkom, ovaj kupaonski ormari\u0107 savr\u0161en je za vla\u017ene prostore poput kupaonica ili praonica rublja. Izdr\u017eljiv je i jednostavan za \u010di\u0161\u0107enje vi\u0161enamjenski komad namje\u0161taja. S dimenzijama 42 x 30 x 173 cm, ovaj uski visoki ormari\u0107 idealan je za maksimalno iskori\u0161tavanje vertikalnog prostora u malim kupaonicama. Mo\u017ee se koristiti i kao ormari\u0107 za metle ili ormari\u0107 za rublje koji \u0161tedi prostor. Opremljen s 5 podesivih unutarnjih polica i 1 prostranom ladicom, ovaj kupaonski ormari\u0107 nudi izvrstan organizacijski kapacitet za ru\u010dnike, deterd\u017eente, toaletne potrep\u0161tine ili kuhinjske predmete. Minimalisti\u010dki izgled lako se prilago\u0111ava svakom stilu ure\u0111enja kupaonice. Savr\u0161eno za uparivanje s drugim SoBuy kupaonskim namje\u0161tajem, poput kupaonskog ormara ili ormari\u0107a za perilicu rublja.","robots":{"index":"index","follow":"follow","max-snippet":"max-snippet:-1","max-image-preview":"max-image-preview:large","max-video-preview":"max-video-preview:-1"},"canonical":"https:\/\/inti.hr\/sr\/proizvod\/kupaonski-ormaric-sirine-42-cm\/","og_locale":"sr_RS","og_type":"article","og_title":"Kupaonski ormari\u0107 \u0161irine 42 cm - Inti","og_description":"Izra\u0111en od MDF-a s certifikatom E1 i lakiranim zavr\u0161etkom, ovaj kupaonski ormari\u0107 savr\u0161en je za vla\u017ene prostore poput kupaonica ili praonica rublja. Izdr\u017eljiv je i jednostavan za \u010di\u0161\u0107enje vi\u0161enamjenski komad namje\u0161taja. S dimenzijama 42 x 30 x 173 cm, ovaj uski visoki ormari\u0107 idealan je za maksimalno iskori\u0161tavanje vertikalnog prostora u malim kupaonicama. Mo\u017ee se koristiti i kao ormari\u0107 za metle ili ormari\u0107 za rublje koji \u0161tedi prostor. Opremljen s 5 podesivih unutarnjih polica i 1 prostranom ladicom, ovaj kupaonski ormari\u0107 nudi izvrstan organizacijski kapacitet za ru\u010dnike, deterd\u017eente, toaletne potrep\u0161tine ili kuhinjske predmete. Minimalisti\u010dki izgled lako se prilago\u0111ava svakom stilu ure\u0111enja kupaonice. Savr\u0161eno za uparivanje s drugim SoBuy kupaonskim namje\u0161tajem, poput kupaonskog ormara ili ormari\u0107a za perilicu rublja.","og_url":"https:\/\/inti.hr\/sr\/proizvod\/kupaonski-ormaric-sirine-42-cm\/","og_site_name":"Inti","og_image":[{"width":1600,"height":1600,"url":"https:\/\/i0.wp.com\/inti.hr\/wp-content\/uploads\/2025\/09\/BZR206-W-S002_1800x1800-1.webp?fit=1600%2C1600&ssl=1","type":"image\/webp"}],"twitter_card":"summary_large_image","schema":{"@context":"https:\/\/schema.org","@graph":[{"@type":"WebPage","@id":"https:\/\/inti.hr\/sr\/proizvod\/kupaonski-ormaric-sirine-42-cm\/","url":"https:\/\/inti.hr\/sr\/proizvod\/kupaonski-ormaric-sirine-42-cm\/","name":"Kupaonski ormari\u0107 \u0161irine 42 cm - Inti","isPartOf":{"@id":"https:\/\/inti.hr\/sr\/#website"},"primaryImageOfPage":{"@id":"https:\/\/inti.hr\/sr\/proizvod\/kupaonski-ormaric-sirine-42-cm\/#primaryimage"},"image":{"@id":"https:\/\/inti.hr\/sr\/proizvod\/kupaonski-ormaric-sirine-42-cm\/#primaryimage"},"thumbnailUrl":"https:\/\/i0.wp.com\/inti.hr\/wp-content\/uploads\/2025\/09\/BZR206-W-S002_1800x1800-1.webp?fit=1600%2C1600&ssl=1","datePublished":"2025-09-10T12:36:39+00:00","dateModified":"2025-09-10T12:36:39+00:00","description":"Izra\u0111en od MDF-a s certifikatom E1 i lakiranim zavr\u0161etkom, ovaj kupaonski ormari\u0107 savr\u0161en je za vla\u017ene prostore poput kupaonica ili praonica rublja. Izdr\u017eljiv je i jednostavan za \u010di\u0161\u0107enje vi\u0161enamjenski komad namje\u0161taja. S dimenzijama 42 x 30 x 173 cm, ovaj uski visoki ormari\u0107 idealan je za maksimalno iskori\u0161tavanje vertikalnog prostora u malim kupaonicama. Mo\u017ee se koristiti i kao ormari\u0107 za metle ili ormari\u0107 za rublje koji \u0161tedi prostor. Opremljen s 5 podesivih unutarnjih polica i 1 prostranom ladicom, ovaj kupaonski ormari\u0107 nudi izvrstan organizacijski kapacitet za ru\u010dnike, deterd\u017eente, toaletne potrep\u0161tine ili kuhinjske predmete. Minimalisti\u010dki izgled lako se prilago\u0111ava svakom stilu ure\u0111enja kupaonice. Savr\u0161eno za uparivanje s drugim SoBuy kupaonskim namje\u0161tajem, poput kupaonskog ormara ili ormari\u0107a za perilicu rublja.","breadcrumb":{"@id":"https:\/\/inti.hr\/sr\/proizvod\/kupaonski-ormaric-sirine-42-cm\/#breadcrumb"},"inLanguage":"sr-RS","potentialAction":[{"@type":"ReadAction","target":["https:\/\/inti.hr\/sr\/proizvod\/kupaonski-ormaric-sirine-42-cm\/"]}]},{"@type":"ImageObject","inLanguage":"sr-RS","@id":"https:\/\/inti.hr\/sr\/proizvod\/kupaonski-ormaric-sirine-42-cm\/#primaryimage","url":"https:\/\/i0.wp.com\/inti.hr\/wp-content\/uploads\/2025\/09\/BZR206-W-S002_1800x1800-1.webp?fit=1600%2C1600&ssl=1","contentUrl":"https:\/\/i0.wp.com\/inti.hr\/wp-content\/uploads\/2025\/09\/BZR206-W-S002_1800x1800-1.webp?fit=1600%2C1600&ssl=1","width":1600,"height":1600,"caption":"SoBuy BZR206-W Kupaonski ormari\u0107 \u0161irine 42 cm - Ormari\u0107 za u\u0161tedu prostora s ladicom i podesivim policama - Moderni bijeli drveni kupaonski stalak, otporan na vlagu, 42x30x173 cm"},{"@type":"BreadcrumbList","@id":"https:\/\/inti.hr\/sr\/proizvod\/kupaonski-ormaric-sirine-42-cm\/#breadcrumb","itemListElement":[{"@type":"ListItem","position":1,"name":"Po\u010detna stranica","item":"https:\/\/inti.hr\/sr\/"},{"@type":"ListItem","position":2,"name":"Prodavnica","item":"https:\/\/inti.hr\/sr\/prodavnica\/"},{"@type":"ListItem","position":3,"name":"Kupaonski ormari\u0107 \u0161irine 42 cm"}]},{"@type":"WebSite","@id":"https:\/\/inti.hr\/sr\/#website","url":"https:\/\/inti.hr\/sr\/","name":"Inti","description":"trgovina","potentialAction":[{"@type":"SearchAction","target":{"@type":"EntryPoint","urlTemplate":"https:\/\/inti.hr\/sr\/?s={search_term_string}"},"query-input":{"@type":"PropertyValueSpecification","valueRequired":true,"valueName":"search_term_string"}}],"inLanguage":"sr-RS"}]}},"jetpack_sharing_enabled":true,"jetpack-related-posts":[],"_links":{"self":[{"href":"https:\/\/inti.hr\/sr\/wp-json\/wp\/v2\/product\/34823"}],"collection":[{"href":"https:\/\/inti.hr\/sr\/wp-json\/wp\/v2\/product"}],"about":[{"href":"https:\/\/inti.hr\/sr\/wp-json\/wp\/v2\/types\/product"}],"wp:featuredmedia":[{"embeddable":true,"href":"https:\/\/inti.hr\/sr\/wp-json\/wp\/v2\/media\/34824"}],"wp:attachment":[{"href":"https:\/\/inti.hr\/sr\/wp-json\/wp\/v2\/media?parent=34823"}],"wp:term":[{"taxonomy":"product_cat","embeddable":true,"href":"https:\/\/inti.hr\/sr\/wp-json\/wp\/v2\/product_cat?post=34823"},{"taxonomy":"product_tag","embeddable":true,"href":"https:\/\/inti.hr\/sr\/wp-json\/wp\/v2\/product_tag?post=34823"}],"curies":[{"name":"wp","href":"https:\/\/api.w.org\/{rel}","templated":true}]}}