{"id":34879,"date":"2025-08-04T12:45:10","date_gmt":"2025-08-04T11:45:10","guid":{"rendered":"https:\/\/inti.hr\/product\/ormaric-za-umivaonik-s-pretincima-i-nogama\/"},"modified":"2025-08-04T12:45:10","modified_gmt":"2025-08-04T11:45:10","slug":"ormaric-za-umivaonik-s-pretincima-i-nogama","status":"publish","type":"product","link":"https:\/\/inti.hr\/sr\/proizvod\/ormaric-za-umivaonik-s-pretincima-i-nogama\/","title":{"rendered":"Ormari\u0107 za umivaonik s pretincima i nogama"},"content":{"rendered":"<p>Detalji o proizvodu:<br \/>\nBoja: Obla\u010dno bijela<br \/>\nMaterijal: MDF (vlaknasta plo\u010da srednje gusto\u0107e), iverica<br \/>\nVeli\u010dina: 30 x 60 x 60 cm (D x \u0160 x V)<br \/>\nVeli\u010dina otvora za stup: 20 x 14,8 cm (D x \u0160)<br \/>\nTe\u017eina: 10,8 kg<br \/>\nMaks. ukupna stati\u010dka nosivost: 60 kg<\/p>\n","protected":false},"excerpt":{"rendered":"<p>Prikladno za umivaonike bez postolja: Ovaj kupaonski ormari\u0107 prikladan je samo &#8230; <\/p>\n","protected":false},"featured_media":34880,"template":"","meta":[],"product_cat":[2396],"product_tag":[2522,2523],"yoast_head":"<!-- This site is optimized with the Yoast SEO plugin v23.7 - https:\/\/yoast.com\/wordpress\/plugins\/seo\/ -->\n<title>Ormari\u0107 za umivaonik s pretincima i nogama - Inti<\/title>\n<meta name=\"description\" content=\"Prikladno za umivaonike bez postolja: Ovaj kupaonski ormari\u0107 prikladan je samo za umivaonike bez postolja. Molimo vas da uzmete u obzir dimenzije ormari\u0107a i otvor za sifon kako biste bili sigurni da je ovaj ormari\u0107 prikladan.Moderno i jednostavno: Ovaj bijeli ormari\u0107 za umivaonik s \u010distim linijama savr\u0161eno se uklapa u va\u0161 interijer i uljep\u0161ava va\u0161 dom modernim dodirom.Sve pod kontrolom: 2 velika pretinca iza vrata nude puno prostora za va\u0161a sredstva za \u010di\u0161\u0107enje, ru\u010dnike i toaletne potrep\u0161tine te stvaraju \u010distu i urednu kupaonicuPolica s podesivom visinom: Polica u ormari\u0107u podesiva je na 3 razine tako da mo\u017eete pohraniti bo\u010dice \u0161ampona i gela za tu\u0161iranje razli\u010ditih veli\u010dinaRobustan i stabilan: Ovaj kupaonski ormari\u0107, izra\u0111en od visokokvalitetnog MDF-a i iverice, izdr\u017eljiv je i slu\u017eit \u0107e vam dugi niz godina. Prilo\u017eeni ure\u0111aji protiv prevrtanja dodaju stabilnost kupaonskom ormari\u0107u.\" \/>\n<meta name=\"robots\" content=\"index, follow, max-snippet:-1, max-image-preview:large, max-video-preview:-1\" \/>\n<link rel=\"canonical\" href=\"https:\/\/inti.hr\/sr\/proizvod\/ormaric-za-umivaonik-s-pretincima-i-nogama\/\" \/>\n<meta property=\"og:locale\" content=\"sr_RS\" \/>\n<meta property=\"og:type\" content=\"article\" \/>\n<meta property=\"og:title\" content=\"Ormari\u0107 za umivaonik s pretincima i nogama - Inti\" \/>\n<meta property=\"og:description\" content=\"Prikladno za umivaonike bez postolja: Ovaj kupaonski ormari\u0107 prikladan je samo za umivaonike bez postolja. Molimo vas da uzmete u obzir dimenzije ormari\u0107a i otvor za sifon kako biste bili sigurni da je ovaj ormari\u0107 prikladan.Moderno i jednostavno: Ovaj bijeli ormari\u0107 za umivaonik s \u010distim linijama savr\u0161eno se uklapa u va\u0161 interijer i uljep\u0161ava va\u0161 dom modernim dodirom.Sve pod kontrolom: 2 velika pretinca iza vrata nude puno prostora za va\u0161a sredstva za \u010di\u0161\u0107enje, ru\u010dnike i toaletne potrep\u0161tine te stvaraju \u010distu i urednu kupaonicuPolica s podesivom visinom: Polica u ormari\u0107u podesiva je na 3 razine tako da mo\u017eete pohraniti bo\u010dice \u0161ampona i gela za tu\u0161iranje razli\u010ditih veli\u010dinaRobustan i stabilan: Ovaj kupaonski ormari\u0107, izra\u0111en od visokokvalitetnog MDF-a i iverice, izdr\u017eljiv je i slu\u017eit \u0107e vam dugi niz godina. Prilo\u017eeni ure\u0111aji protiv prevrtanja dodaju stabilnost kupaonskom ormari\u0107u.\" \/>\n<meta property=\"og:url\" content=\"https:\/\/inti.hr\/sr\/proizvod\/ormaric-za-umivaonik-s-pretincima-i-nogama\/\" \/>\n<meta property=\"og:site_name\" content=\"Inti\" \/>\n<meta property=\"og:image\" content=\"https:\/\/i0.wp.com\/inti.hr\/wp-content\/uploads\/2025\/08\/BBK505W01-1.jpg?fit=1000%2C1000&ssl=1\" \/>\n\t<meta property=\"og:image:width\" content=\"1000\" \/>\n\t<meta property=\"og:image:height\" content=\"1000\" \/>\n\t<meta property=\"og:image:type\" content=\"image\/jpeg\" \/>\n<meta name=\"twitter:card\" content=\"summary_large_image\" \/>\n<script type=\"application\/ld+json\" class=\"yoast-schema-graph\">{\"@context\":\"https:\/\/schema.org\",\"@graph\":[{\"@type\":\"WebPage\",\"@id\":\"https:\/\/inti.hr\/sr\/proizvod\/ormaric-za-umivaonik-s-pretincima-i-nogama\/\",\"url\":\"https:\/\/inti.hr\/sr\/proizvod\/ormaric-za-umivaonik-s-pretincima-i-nogama\/\",\"name\":\"Ormari\u0107 za umivaonik s pretincima i nogama - Inti\",\"isPartOf\":{\"@id\":\"https:\/\/inti.hr\/sr\/#website\"},\"primaryImageOfPage\":{\"@id\":\"https:\/\/inti.hr\/sr\/proizvod\/ormaric-za-umivaonik-s-pretincima-i-nogama\/#primaryimage\"},\"image\":{\"@id\":\"https:\/\/inti.hr\/sr\/proizvod\/ormaric-za-umivaonik-s-pretincima-i-nogama\/#primaryimage\"},\"thumbnailUrl\":\"https:\/\/i0.wp.com\/inti.hr\/wp-content\/uploads\/2025\/08\/BBK505W01-1.jpg?fit=1000%2C1000&ssl=1\",\"datePublished\":\"2025-08-04T11:45:10+00:00\",\"dateModified\":\"2025-08-04T11:45:10+00:00\",\"description\":\"Prikladno za umivaonike bez postolja: Ovaj kupaonski ormari\u0107 prikladan je samo za umivaonike bez postolja. Molimo vas da uzmete u obzir dimenzije ormari\u0107a i otvor za sifon kako biste bili sigurni da je ovaj ormari\u0107 prikladan.Moderno i jednostavno: Ovaj bijeli ormari\u0107 za umivaonik s \u010distim linijama savr\u0161eno se uklapa u va\u0161 interijer i uljep\u0161ava va\u0161 dom modernim dodirom.Sve pod kontrolom: 2 velika pretinca iza vrata nude puno prostora za va\u0161a sredstva za \u010di\u0161\u0107enje, ru\u010dnike i toaletne potrep\u0161tine te stvaraju \u010distu i urednu kupaonicuPolica s podesivom visinom: Polica u ormari\u0107u podesiva je na 3 razine tako da mo\u017eete pohraniti bo\u010dice \u0161ampona i gela za tu\u0161iranje razli\u010ditih veli\u010dinaRobustan i stabilan: Ovaj kupaonski ormari\u0107, izra\u0111en od visokokvalitetnog MDF-a i iverice, izdr\u017eljiv je i slu\u017eit \u0107e vam dugi niz godina. Prilo\u017eeni ure\u0111aji protiv prevrtanja dodaju stabilnost kupaonskom ormari\u0107u.\",\"breadcrumb\":{\"@id\":\"https:\/\/inti.hr\/sr\/proizvod\/ormaric-za-umivaonik-s-pretincima-i-nogama\/#breadcrumb\"},\"inLanguage\":\"sr-RS\",\"potentialAction\":[{\"@type\":\"ReadAction\",\"target\":[\"https:\/\/inti.hr\/sr\/proizvod\/ormaric-za-umivaonik-s-pretincima-i-nogama\/\"]}]},{\"@type\":\"ImageObject\",\"inLanguage\":\"sr-RS\",\"@id\":\"https:\/\/inti.hr\/sr\/proizvod\/ormaric-za-umivaonik-s-pretincima-i-nogama\/#primaryimage\",\"url\":\"https:\/\/i0.wp.com\/inti.hr\/wp-content\/uploads\/2025\/08\/BBK505W01-1.jpg?fit=1000%2C1000&ssl=1\",\"contentUrl\":\"https:\/\/i0.wp.com\/inti.hr\/wp-content\/uploads\/2025\/08\/BBK505W01-1.jpg?fit=1000%2C1000&ssl=1\",\"width\":1000,\"height\":1000,\"caption\":\"VASAGLE ormari\u0107 za umivaonik s pretincima i nogama\"},{\"@type\":\"BreadcrumbList\",\"@id\":\"https:\/\/inti.hr\/sr\/proizvod\/ormaric-za-umivaonik-s-pretincima-i-nogama\/#breadcrumb\",\"itemListElement\":[{\"@type\":\"ListItem\",\"position\":1,\"name\":\"Po\u010detna stranica\",\"item\":\"https:\/\/inti.hr\/sr\/\"},{\"@type\":\"ListItem\",\"position\":2,\"name\":\"Prodavnica\",\"item\":\"https:\/\/inti.hr\/sr\/prodavnica\/\"},{\"@type\":\"ListItem\",\"position\":3,\"name\":\"Ormari\u0107 za umivaonik s pretincima i nogama\"}]},{\"@type\":\"WebSite\",\"@id\":\"https:\/\/inti.hr\/sr\/#website\",\"url\":\"https:\/\/inti.hr\/sr\/\",\"name\":\"Inti\",\"description\":\"trgovina\",\"potentialAction\":[{\"@type\":\"SearchAction\",\"target\":{\"@type\":\"EntryPoint\",\"urlTemplate\":\"https:\/\/inti.hr\/sr\/?s={search_term_string}\"},\"query-input\":{\"@type\":\"PropertyValueSpecification\",\"valueRequired\":true,\"valueName\":\"search_term_string\"}}],\"inLanguage\":\"sr-RS\"}]}<\/script>\n<!-- \/ Yoast SEO plugin. -->","yoast_head_json":{"title":"Ormari\u0107 za umivaonik s pretincima i nogama - Inti","description":"Prikladno za umivaonike bez postolja: Ovaj kupaonski ormari\u0107 prikladan je samo za umivaonike bez postolja. Molimo vas da uzmete u obzir dimenzije ormari\u0107a i otvor za sifon kako biste bili sigurni da je ovaj ormari\u0107 prikladan.Moderno i jednostavno: Ovaj bijeli ormari\u0107 za umivaonik s \u010distim linijama savr\u0161eno se uklapa u va\u0161 interijer i uljep\u0161ava va\u0161 dom modernim dodirom.Sve pod kontrolom: 2 velika pretinca iza vrata nude puno prostora za va\u0161a sredstva za \u010di\u0161\u0107enje, ru\u010dnike i toaletne potrep\u0161tine te stvaraju \u010distu i urednu kupaonicuPolica s podesivom visinom: Polica u ormari\u0107u podesiva je na 3 razine tako da mo\u017eete pohraniti bo\u010dice \u0161ampona i gela za tu\u0161iranje razli\u010ditih veli\u010dinaRobustan i stabilan: Ovaj kupaonski ormari\u0107, izra\u0111en od visokokvalitetnog MDF-a i iverice, izdr\u017eljiv je i slu\u017eit \u0107e vam dugi niz godina. Prilo\u017eeni ure\u0111aji protiv prevrtanja dodaju stabilnost kupaonskom ormari\u0107u.","robots":{"index":"index","follow":"follow","max-snippet":"max-snippet:-1","max-image-preview":"max-image-preview:large","max-video-preview":"max-video-preview:-1"},"canonical":"https:\/\/inti.hr\/sr\/proizvod\/ormaric-za-umivaonik-s-pretincima-i-nogama\/","og_locale":"sr_RS","og_type":"article","og_title":"Ormari\u0107 za umivaonik s pretincima i nogama - Inti","og_description":"Prikladno za umivaonike bez postolja: Ovaj kupaonski ormari\u0107 prikladan je samo za umivaonike bez postolja. Molimo vas da uzmete u obzir dimenzije ormari\u0107a i otvor za sifon kako biste bili sigurni da je ovaj ormari\u0107 prikladan.Moderno i jednostavno: Ovaj bijeli ormari\u0107 za umivaonik s \u010distim linijama savr\u0161eno se uklapa u va\u0161 interijer i uljep\u0161ava va\u0161 dom modernim dodirom.Sve pod kontrolom: 2 velika pretinca iza vrata nude puno prostora za va\u0161a sredstva za \u010di\u0161\u0107enje, ru\u010dnike i toaletne potrep\u0161tine te stvaraju \u010distu i urednu kupaonicuPolica s podesivom visinom: Polica u ormari\u0107u podesiva je na 3 razine tako da mo\u017eete pohraniti bo\u010dice \u0161ampona i gela za tu\u0161iranje razli\u010ditih veli\u010dinaRobustan i stabilan: Ovaj kupaonski ormari\u0107, izra\u0111en od visokokvalitetnog MDF-a i iverice, izdr\u017eljiv je i slu\u017eit \u0107e vam dugi niz godina. Prilo\u017eeni ure\u0111aji protiv prevrtanja dodaju stabilnost kupaonskom ormari\u0107u.","og_url":"https:\/\/inti.hr\/sr\/proizvod\/ormaric-za-umivaonik-s-pretincima-i-nogama\/","og_site_name":"Inti","og_image":[{"width":1000,"height":1000,"url":"https:\/\/i0.wp.com\/inti.hr\/wp-content\/uploads\/2025\/08\/BBK505W01-1.jpg?fit=1000%2C1000&ssl=1","type":"image\/jpeg"}],"twitter_card":"summary_large_image","schema":{"@context":"https:\/\/schema.org","@graph":[{"@type":"WebPage","@id":"https:\/\/inti.hr\/sr\/proizvod\/ormaric-za-umivaonik-s-pretincima-i-nogama\/","url":"https:\/\/inti.hr\/sr\/proizvod\/ormaric-za-umivaonik-s-pretincima-i-nogama\/","name":"Ormari\u0107 za umivaonik s pretincima i nogama - Inti","isPartOf":{"@id":"https:\/\/inti.hr\/sr\/#website"},"primaryImageOfPage":{"@id":"https:\/\/inti.hr\/sr\/proizvod\/ormaric-za-umivaonik-s-pretincima-i-nogama\/#primaryimage"},"image":{"@id":"https:\/\/inti.hr\/sr\/proizvod\/ormaric-za-umivaonik-s-pretincima-i-nogama\/#primaryimage"},"thumbnailUrl":"https:\/\/i0.wp.com\/inti.hr\/wp-content\/uploads\/2025\/08\/BBK505W01-1.jpg?fit=1000%2C1000&ssl=1","datePublished":"2025-08-04T11:45:10+00:00","dateModified":"2025-08-04T11:45:10+00:00","description":"Prikladno za umivaonike bez postolja: Ovaj kupaonski ormari\u0107 prikladan je samo za umivaonike bez postolja. Molimo vas da uzmete u obzir dimenzije ormari\u0107a i otvor za sifon kako biste bili sigurni da je ovaj ormari\u0107 prikladan.Moderno i jednostavno: Ovaj bijeli ormari\u0107 za umivaonik s \u010distim linijama savr\u0161eno se uklapa u va\u0161 interijer i uljep\u0161ava va\u0161 dom modernim dodirom.Sve pod kontrolom: 2 velika pretinca iza vrata nude puno prostora za va\u0161a sredstva za \u010di\u0161\u0107enje, ru\u010dnike i toaletne potrep\u0161tine te stvaraju \u010distu i urednu kupaonicuPolica s podesivom visinom: Polica u ormari\u0107u podesiva je na 3 razine tako da mo\u017eete pohraniti bo\u010dice \u0161ampona i gela za tu\u0161iranje razli\u010ditih veli\u010dinaRobustan i stabilan: Ovaj kupaonski ormari\u0107, izra\u0111en od visokokvalitetnog MDF-a i iverice, izdr\u017eljiv je i slu\u017eit \u0107e vam dugi niz godina. Prilo\u017eeni ure\u0111aji protiv prevrtanja dodaju stabilnost kupaonskom ormari\u0107u.","breadcrumb":{"@id":"https:\/\/inti.hr\/sr\/proizvod\/ormaric-za-umivaonik-s-pretincima-i-nogama\/#breadcrumb"},"inLanguage":"sr-RS","potentialAction":[{"@type":"ReadAction","target":["https:\/\/inti.hr\/sr\/proizvod\/ormaric-za-umivaonik-s-pretincima-i-nogama\/"]}]},{"@type":"ImageObject","inLanguage":"sr-RS","@id":"https:\/\/inti.hr\/sr\/proizvod\/ormaric-za-umivaonik-s-pretincima-i-nogama\/#primaryimage","url":"https:\/\/i0.wp.com\/inti.hr\/wp-content\/uploads\/2025\/08\/BBK505W01-1.jpg?fit=1000%2C1000&ssl=1","contentUrl":"https:\/\/i0.wp.com\/inti.hr\/wp-content\/uploads\/2025\/08\/BBK505W01-1.jpg?fit=1000%2C1000&ssl=1","width":1000,"height":1000,"caption":"VASAGLE ormari\u0107 za umivaonik s pretincima i nogama"},{"@type":"BreadcrumbList","@id":"https:\/\/inti.hr\/sr\/proizvod\/ormaric-za-umivaonik-s-pretincima-i-nogama\/#breadcrumb","itemListElement":[{"@type":"ListItem","position":1,"name":"Po\u010detna stranica","item":"https:\/\/inti.hr\/sr\/"},{"@type":"ListItem","position":2,"name":"Prodavnica","item":"https:\/\/inti.hr\/sr\/prodavnica\/"},{"@type":"ListItem","position":3,"name":"Ormari\u0107 za umivaonik s pretincima i nogama"}]},{"@type":"WebSite","@id":"https:\/\/inti.hr\/sr\/#website","url":"https:\/\/inti.hr\/sr\/","name":"Inti","description":"trgovina","potentialAction":[{"@type":"SearchAction","target":{"@type":"EntryPoint","urlTemplate":"https:\/\/inti.hr\/sr\/?s={search_term_string}"},"query-input":{"@type":"PropertyValueSpecification","valueRequired":true,"valueName":"search_term_string"}}],"inLanguage":"sr-RS"}]}},"jetpack_sharing_enabled":true,"jetpack-related-posts":[],"_links":{"self":[{"href":"https:\/\/inti.hr\/sr\/wp-json\/wp\/v2\/product\/34879"}],"collection":[{"href":"https:\/\/inti.hr\/sr\/wp-json\/wp\/v2\/product"}],"about":[{"href":"https:\/\/inti.hr\/sr\/wp-json\/wp\/v2\/types\/product"}],"wp:featuredmedia":[{"embeddable":true,"href":"https:\/\/inti.hr\/sr\/wp-json\/wp\/v2\/media\/34880"}],"wp:attachment":[{"href":"https:\/\/inti.hr\/sr\/wp-json\/wp\/v2\/media?parent=34879"}],"wp:term":[{"taxonomy":"product_cat","embeddable":true,"href":"https:\/\/inti.hr\/sr\/wp-json\/wp\/v2\/product_cat?post=34879"},{"taxonomy":"product_tag","embeddable":true,"href":"https:\/\/inti.hr\/sr\/wp-json\/wp\/v2\/product_tag?post=34879"}],"curies":[{"name":"wp","href":"https:\/\/api.w.org\/{rel}","templated":true}]}}