{"id":34890,"date":"2025-08-04T12:06:48","date_gmt":"2025-08-04T11:06:48","guid":{"rendered":"https:\/\/inti.hr\/product\/mobilni-bocni-stolic-s-kotacima-i-drzacima-za-case\/"},"modified":"2025-08-04T12:06:48","modified_gmt":"2025-08-04T11:06:48","slug":"mobilni-bocni-stolic-s-kotacima-i-drzacima-za-case","status":"publish","type":"product","link":"https:\/\/inti.hr\/sr\/proizvod\/mobilni-bocni-stolic-s-kotacima-i-drzacima-za-case\/","title":{"rendered":"Mobilni bo\u010dni stoli\u0107 s kota\u010dima i dr\u017ea\u010dima za \u010da\u0161e"},"content":{"rendered":"<p>Detalji o proizvodu:<br \/>\nBoja: Obla\u010dno bijela<br \/>\nMaterijal: \u010delik, iverica, plastika<br \/>\nVeli\u010dina: 70 x 40 x (65-102) cm (\u0160 x D x V)<br \/>\nTe\u017eina: 10,1 kg<br \/>\nMaks. stati\u010dka nosivost: 20 kg<\/p>\n","protected":false},"excerpt":{"rendered":"<p>Podesiva visina i jednostavno rukovanje: S premium plinskom bocom, visina stola &#8230; <\/p>\n","protected":false},"featured_media":34892,"template":"","meta":[],"product_cat":[2440],"product_tag":[4395],"yoast_head":"<!-- This site is optimized with the Yoast SEO plugin v23.7 - https:\/\/yoast.com\/wordpress\/plugins\/seo\/ -->\n<title>Mobilni bo\u010dni stoli\u0107 s kota\u010dima i dr\u017ea\u010dima za \u010da\u0161e - Inti<\/title>\n<meta name=\"description\" content=\"Podesiva visina i jednostavno rukovanje: S premium plinskom bocom, visina stola mo\u017ee se podesiti izme\u0111u 65 i 102 cm. Prakti\u010dna ru\u010dica ispod plo\u010de stola omogu\u0107uje jednostavno rukovanje jednom rukom.Mobilno i \u0161tedi prostor: Zahvaljuju\u0107i kota\u010di\u0107ima, stol mo\u017eete lako premje\u0161tati s jednog mjesta na drugo. Skriveni kota\u010di\u0107i visoki 3 cm omogu\u0107uju vam da podno\u017eje gurnete ispod sofe ili kreveta radi u\u0161tede prostora.Svestran: Svojom bijelom bojom i \u010distim linijama, pomo\u0107ni stoli\u0107 odgovara mnogim stilovima \u017eivota, na primjer pored sofe u dnevnoj sobi ili pored kreveta u spava\u0107oj sobi.Sve je u redu: Stolna plo\u010da dimenzija 80 x 45 cm, dr\u017ea\u010d za \u010da\u0161e, rotiraju\u0107i bo\u010dni dr\u017ea\u010d za \u010da\u0161e i utor za mobitel ili tablet \u2013 za optimalno kori\u0161tenje radne povr\u0161ine.Jednostavno sastavljanje: Zahvaljuju\u0107i jednostavnoj strukturi, jasnim uputama i ozna\u010denim dijelovima, stoje\u0107i stol mo\u017eete sastaviti u samo 3 koraka\" \/>\n<meta name=\"robots\" content=\"index, follow, max-snippet:-1, max-image-preview:large, max-video-preview:-1\" \/>\n<link rel=\"canonical\" href=\"https:\/\/inti.hr\/sr\/proizvod\/mobilni-bocni-stolic-s-kotacima-i-drzacima-za-case\/\" \/>\n<meta property=\"og:locale\" content=\"sr_RS\" \/>\n<meta property=\"og:type\" content=\"article\" \/>\n<meta property=\"og:title\" content=\"Mobilni bo\u010dni stoli\u0107 s kota\u010dima i dr\u017ea\u010dima za \u010da\u0161e - Inti\" \/>\n<meta property=\"og:description\" content=\"Podesiva visina i jednostavno rukovanje: S premium plinskom bocom, visina stola mo\u017ee se podesiti izme\u0111u 65 i 102 cm. Prakti\u010dna ru\u010dica ispod plo\u010de stola omogu\u0107uje jednostavno rukovanje jednom rukom.Mobilno i \u0161tedi prostor: Zahvaljuju\u0107i kota\u010di\u0107ima, stol mo\u017eete lako premje\u0161tati s jednog mjesta na drugo. Skriveni kota\u010di\u0107i visoki 3 cm omogu\u0107uju vam da podno\u017eje gurnete ispod sofe ili kreveta radi u\u0161tede prostora.Svestran: Svojom bijelom bojom i \u010distim linijama, pomo\u0107ni stoli\u0107 odgovara mnogim stilovima \u017eivota, na primjer pored sofe u dnevnoj sobi ili pored kreveta u spava\u0107oj sobi.Sve je u redu: Stolna plo\u010da dimenzija 80 x 45 cm, dr\u017ea\u010d za \u010da\u0161e, rotiraju\u0107i bo\u010dni dr\u017ea\u010d za \u010da\u0161e i utor za mobitel ili tablet \u2013 za optimalno kori\u0161tenje radne povr\u0161ine.Jednostavno sastavljanje: Zahvaljuju\u0107i jednostavnoj strukturi, jasnim uputama i ozna\u010denim dijelovima, stoje\u0107i stol mo\u017eete sastaviti u samo 3 koraka\" \/>\n<meta property=\"og:url\" content=\"https:\/\/inti.hr\/sr\/proizvod\/mobilni-bocni-stolic-s-kotacima-i-drzacima-za-case\/\" \/>\n<meta property=\"og:site_name\" content=\"Inti\" \/>\n<meta property=\"og:image\" content=\"https:\/\/i0.wp.com\/inti.hr\/wp-content\/uploads\/2025\/08\/LSD601W01-1.jpg?fit=1000%2C1000&ssl=1\" \/>\n\t<meta property=\"og:image:width\" content=\"1000\" \/>\n\t<meta property=\"og:image:height\" content=\"1000\" \/>\n\t<meta property=\"og:image:type\" content=\"image\/jpeg\" \/>\n<meta name=\"twitter:card\" content=\"summary_large_image\" \/>\n<script type=\"application\/ld+json\" class=\"yoast-schema-graph\">{\"@context\":\"https:\/\/schema.org\",\"@graph\":[{\"@type\":\"WebPage\",\"@id\":\"https:\/\/inti.hr\/sr\/proizvod\/mobilni-bocni-stolic-s-kotacima-i-drzacima-za-case\/\",\"url\":\"https:\/\/inti.hr\/sr\/proizvod\/mobilni-bocni-stolic-s-kotacima-i-drzacima-za-case\/\",\"name\":\"Mobilni bo\u010dni stoli\u0107 s kota\u010dima i dr\u017ea\u010dima za \u010da\u0161e - Inti\",\"isPartOf\":{\"@id\":\"https:\/\/inti.hr\/sr\/#website\"},\"primaryImageOfPage\":{\"@id\":\"https:\/\/inti.hr\/sr\/proizvod\/mobilni-bocni-stolic-s-kotacima-i-drzacima-za-case\/#primaryimage\"},\"image\":{\"@id\":\"https:\/\/inti.hr\/sr\/proizvod\/mobilni-bocni-stolic-s-kotacima-i-drzacima-za-case\/#primaryimage\"},\"thumbnailUrl\":\"https:\/\/i0.wp.com\/inti.hr\/wp-content\/uploads\/2025\/08\/LSD601W01-1.jpg?fit=1000%2C1000&ssl=1\",\"datePublished\":\"2025-08-04T11:06:48+00:00\",\"dateModified\":\"2025-08-04T11:06:48+00:00\",\"description\":\"Podesiva visina i jednostavno rukovanje: S premium plinskom bocom, visina stola mo\u017ee se podesiti izme\u0111u 65 i 102 cm. Prakti\u010dna ru\u010dica ispod plo\u010de stola omogu\u0107uje jednostavno rukovanje jednom rukom.Mobilno i \u0161tedi prostor: Zahvaljuju\u0107i kota\u010di\u0107ima, stol mo\u017eete lako premje\u0161tati s jednog mjesta na drugo. Skriveni kota\u010di\u0107i visoki 3 cm omogu\u0107uju vam da podno\u017eje gurnete ispod sofe ili kreveta radi u\u0161tede prostora.Svestran: Svojom bijelom bojom i \u010distim linijama, pomo\u0107ni stoli\u0107 odgovara mnogim stilovima \u017eivota, na primjer pored sofe u dnevnoj sobi ili pored kreveta u spava\u0107oj sobi.Sve je u redu: Stolna plo\u010da dimenzija 80 x 45 cm, dr\u017ea\u010d za \u010da\u0161e, rotiraju\u0107i bo\u010dni dr\u017ea\u010d za \u010da\u0161e i utor za mobitel ili tablet \u2013 za optimalno kori\u0161tenje radne povr\u0161ine.Jednostavno sastavljanje: Zahvaljuju\u0107i jednostavnoj strukturi, jasnim uputama i ozna\u010denim dijelovima, stoje\u0107i stol mo\u017eete sastaviti u samo 3 koraka\",\"breadcrumb\":{\"@id\":\"https:\/\/inti.hr\/sr\/proizvod\/mobilni-bocni-stolic-s-kotacima-i-drzacima-za-case\/#breadcrumb\"},\"inLanguage\":\"sr-RS\",\"potentialAction\":[{\"@type\":\"ReadAction\",\"target\":[\"https:\/\/inti.hr\/sr\/proizvod\/mobilni-bocni-stolic-s-kotacima-i-drzacima-za-case\/\"]}]},{\"@type\":\"ImageObject\",\"inLanguage\":\"sr-RS\",\"@id\":\"https:\/\/inti.hr\/sr\/proizvod\/mobilni-bocni-stolic-s-kotacima-i-drzacima-za-case\/#primaryimage\",\"url\":\"https:\/\/i0.wp.com\/inti.hr\/wp-content\/uploads\/2025\/08\/LSD601W01-1.jpg?fit=1000%2C1000&ssl=1\",\"contentUrl\":\"https:\/\/i0.wp.com\/inti.hr\/wp-content\/uploads\/2025\/08\/LSD601W01-1.jpg?fit=1000%2C1000&ssl=1\",\"width\":1000,\"height\":1000,\"caption\":\"VASAGLE Mobilni bo\u010dni stoli\u0107 s kota\u010dima i dr\u017ea\u010dima za \u010da\u0161\"},{\"@type\":\"BreadcrumbList\",\"@id\":\"https:\/\/inti.hr\/sr\/proizvod\/mobilni-bocni-stolic-s-kotacima-i-drzacima-za-case\/#breadcrumb\",\"itemListElement\":[{\"@type\":\"ListItem\",\"position\":1,\"name\":\"Po\u010detna stranica\",\"item\":\"https:\/\/inti.hr\/sr\/\"},{\"@type\":\"ListItem\",\"position\":2,\"name\":\"Prodavnica\",\"item\":\"https:\/\/inti.hr\/sr\/prodavnica\/\"},{\"@type\":\"ListItem\",\"position\":3,\"name\":\"Mobilni bo\u010dni stoli\u0107 s kota\u010dima i dr\u017ea\u010dima za \u010da\u0161e\"}]},{\"@type\":\"WebSite\",\"@id\":\"https:\/\/inti.hr\/sr\/#website\",\"url\":\"https:\/\/inti.hr\/sr\/\",\"name\":\"Inti\",\"description\":\"trgovina\",\"potentialAction\":[{\"@type\":\"SearchAction\",\"target\":{\"@type\":\"EntryPoint\",\"urlTemplate\":\"https:\/\/inti.hr\/sr\/?s={search_term_string}\"},\"query-input\":{\"@type\":\"PropertyValueSpecification\",\"valueRequired\":true,\"valueName\":\"search_term_string\"}}],\"inLanguage\":\"sr-RS\"}]}<\/script>\n<!-- \/ Yoast SEO plugin. -->","yoast_head_json":{"title":"Mobilni bo\u010dni stoli\u0107 s kota\u010dima i dr\u017ea\u010dima za \u010da\u0161e - Inti","description":"Podesiva visina i jednostavno rukovanje: S premium plinskom bocom, visina stola mo\u017ee se podesiti izme\u0111u 65 i 102 cm. Prakti\u010dna ru\u010dica ispod plo\u010de stola omogu\u0107uje jednostavno rukovanje jednom rukom.Mobilno i \u0161tedi prostor: Zahvaljuju\u0107i kota\u010di\u0107ima, stol mo\u017eete lako premje\u0161tati s jednog mjesta na drugo. Skriveni kota\u010di\u0107i visoki 3 cm omogu\u0107uju vam da podno\u017eje gurnete ispod sofe ili kreveta radi u\u0161tede prostora.Svestran: Svojom bijelom bojom i \u010distim linijama, pomo\u0107ni stoli\u0107 odgovara mnogim stilovima \u017eivota, na primjer pored sofe u dnevnoj sobi ili pored kreveta u spava\u0107oj sobi.Sve je u redu: Stolna plo\u010da dimenzija 80 x 45 cm, dr\u017ea\u010d za \u010da\u0161e, rotiraju\u0107i bo\u010dni dr\u017ea\u010d za \u010da\u0161e i utor za mobitel ili tablet \u2013 za optimalno kori\u0161tenje radne povr\u0161ine.Jednostavno sastavljanje: Zahvaljuju\u0107i jednostavnoj strukturi, jasnim uputama i ozna\u010denim dijelovima, stoje\u0107i stol mo\u017eete sastaviti u samo 3 koraka","robots":{"index":"index","follow":"follow","max-snippet":"max-snippet:-1","max-image-preview":"max-image-preview:large","max-video-preview":"max-video-preview:-1"},"canonical":"https:\/\/inti.hr\/sr\/proizvod\/mobilni-bocni-stolic-s-kotacima-i-drzacima-za-case\/","og_locale":"sr_RS","og_type":"article","og_title":"Mobilni bo\u010dni stoli\u0107 s kota\u010dima i dr\u017ea\u010dima za \u010da\u0161e - Inti","og_description":"Podesiva visina i jednostavno rukovanje: S premium plinskom bocom, visina stola mo\u017ee se podesiti izme\u0111u 65 i 102 cm. Prakti\u010dna ru\u010dica ispod plo\u010de stola omogu\u0107uje jednostavno rukovanje jednom rukom.Mobilno i \u0161tedi prostor: Zahvaljuju\u0107i kota\u010di\u0107ima, stol mo\u017eete lako premje\u0161tati s jednog mjesta na drugo. Skriveni kota\u010di\u0107i visoki 3 cm omogu\u0107uju vam da podno\u017eje gurnete ispod sofe ili kreveta radi u\u0161tede prostora.Svestran: Svojom bijelom bojom i \u010distim linijama, pomo\u0107ni stoli\u0107 odgovara mnogim stilovima \u017eivota, na primjer pored sofe u dnevnoj sobi ili pored kreveta u spava\u0107oj sobi.Sve je u redu: Stolna plo\u010da dimenzija 80 x 45 cm, dr\u017ea\u010d za \u010da\u0161e, rotiraju\u0107i bo\u010dni dr\u017ea\u010d za \u010da\u0161e i utor za mobitel ili tablet \u2013 za optimalno kori\u0161tenje radne povr\u0161ine.Jednostavno sastavljanje: Zahvaljuju\u0107i jednostavnoj strukturi, jasnim uputama i ozna\u010denim dijelovima, stoje\u0107i stol mo\u017eete sastaviti u samo 3 koraka","og_url":"https:\/\/inti.hr\/sr\/proizvod\/mobilni-bocni-stolic-s-kotacima-i-drzacima-za-case\/","og_site_name":"Inti","og_image":[{"width":1000,"height":1000,"url":"https:\/\/i0.wp.com\/inti.hr\/wp-content\/uploads\/2025\/08\/LSD601W01-1.jpg?fit=1000%2C1000&ssl=1","type":"image\/jpeg"}],"twitter_card":"summary_large_image","schema":{"@context":"https:\/\/schema.org","@graph":[{"@type":"WebPage","@id":"https:\/\/inti.hr\/sr\/proizvod\/mobilni-bocni-stolic-s-kotacima-i-drzacima-za-case\/","url":"https:\/\/inti.hr\/sr\/proizvod\/mobilni-bocni-stolic-s-kotacima-i-drzacima-za-case\/","name":"Mobilni bo\u010dni stoli\u0107 s kota\u010dima i dr\u017ea\u010dima za \u010da\u0161e - Inti","isPartOf":{"@id":"https:\/\/inti.hr\/sr\/#website"},"primaryImageOfPage":{"@id":"https:\/\/inti.hr\/sr\/proizvod\/mobilni-bocni-stolic-s-kotacima-i-drzacima-za-case\/#primaryimage"},"image":{"@id":"https:\/\/inti.hr\/sr\/proizvod\/mobilni-bocni-stolic-s-kotacima-i-drzacima-za-case\/#primaryimage"},"thumbnailUrl":"https:\/\/i0.wp.com\/inti.hr\/wp-content\/uploads\/2025\/08\/LSD601W01-1.jpg?fit=1000%2C1000&ssl=1","datePublished":"2025-08-04T11:06:48+00:00","dateModified":"2025-08-04T11:06:48+00:00","description":"Podesiva visina i jednostavno rukovanje: S premium plinskom bocom, visina stola mo\u017ee se podesiti izme\u0111u 65 i 102 cm. Prakti\u010dna ru\u010dica ispod plo\u010de stola omogu\u0107uje jednostavno rukovanje jednom rukom.Mobilno i \u0161tedi prostor: Zahvaljuju\u0107i kota\u010di\u0107ima, stol mo\u017eete lako premje\u0161tati s jednog mjesta na drugo. Skriveni kota\u010di\u0107i visoki 3 cm omogu\u0107uju vam da podno\u017eje gurnete ispod sofe ili kreveta radi u\u0161tede prostora.Svestran: Svojom bijelom bojom i \u010distim linijama, pomo\u0107ni stoli\u0107 odgovara mnogim stilovima \u017eivota, na primjer pored sofe u dnevnoj sobi ili pored kreveta u spava\u0107oj sobi.Sve je u redu: Stolna plo\u010da dimenzija 80 x 45 cm, dr\u017ea\u010d za \u010da\u0161e, rotiraju\u0107i bo\u010dni dr\u017ea\u010d za \u010da\u0161e i utor za mobitel ili tablet \u2013 za optimalno kori\u0161tenje radne povr\u0161ine.Jednostavno sastavljanje: Zahvaljuju\u0107i jednostavnoj strukturi, jasnim uputama i ozna\u010denim dijelovima, stoje\u0107i stol mo\u017eete sastaviti u samo 3 koraka","breadcrumb":{"@id":"https:\/\/inti.hr\/sr\/proizvod\/mobilni-bocni-stolic-s-kotacima-i-drzacima-za-case\/#breadcrumb"},"inLanguage":"sr-RS","potentialAction":[{"@type":"ReadAction","target":["https:\/\/inti.hr\/sr\/proizvod\/mobilni-bocni-stolic-s-kotacima-i-drzacima-za-case\/"]}]},{"@type":"ImageObject","inLanguage":"sr-RS","@id":"https:\/\/inti.hr\/sr\/proizvod\/mobilni-bocni-stolic-s-kotacima-i-drzacima-za-case\/#primaryimage","url":"https:\/\/i0.wp.com\/inti.hr\/wp-content\/uploads\/2025\/08\/LSD601W01-1.jpg?fit=1000%2C1000&ssl=1","contentUrl":"https:\/\/i0.wp.com\/inti.hr\/wp-content\/uploads\/2025\/08\/LSD601W01-1.jpg?fit=1000%2C1000&ssl=1","width":1000,"height":1000,"caption":"VASAGLE Mobilni bo\u010dni stoli\u0107 s kota\u010dima i dr\u017ea\u010dima za \u010da\u0161"},{"@type":"BreadcrumbList","@id":"https:\/\/inti.hr\/sr\/proizvod\/mobilni-bocni-stolic-s-kotacima-i-drzacima-za-case\/#breadcrumb","itemListElement":[{"@type":"ListItem","position":1,"name":"Po\u010detna stranica","item":"https:\/\/inti.hr\/sr\/"},{"@type":"ListItem","position":2,"name":"Prodavnica","item":"https:\/\/inti.hr\/sr\/prodavnica\/"},{"@type":"ListItem","position":3,"name":"Mobilni bo\u010dni stoli\u0107 s kota\u010dima i dr\u017ea\u010dima za \u010da\u0161e"}]},{"@type":"WebSite","@id":"https:\/\/inti.hr\/sr\/#website","url":"https:\/\/inti.hr\/sr\/","name":"Inti","description":"trgovina","potentialAction":[{"@type":"SearchAction","target":{"@type":"EntryPoint","urlTemplate":"https:\/\/inti.hr\/sr\/?s={search_term_string}"},"query-input":{"@type":"PropertyValueSpecification","valueRequired":true,"valueName":"search_term_string"}}],"inLanguage":"sr-RS"}]}},"jetpack_sharing_enabled":true,"jetpack-related-posts":[],"_links":{"self":[{"href":"https:\/\/inti.hr\/sr\/wp-json\/wp\/v2\/product\/34890"}],"collection":[{"href":"https:\/\/inti.hr\/sr\/wp-json\/wp\/v2\/product"}],"about":[{"href":"https:\/\/inti.hr\/sr\/wp-json\/wp\/v2\/types\/product"}],"wp:featuredmedia":[{"embeddable":true,"href":"https:\/\/inti.hr\/sr\/wp-json\/wp\/v2\/media\/34892"}],"wp:attachment":[{"href":"https:\/\/inti.hr\/sr\/wp-json\/wp\/v2\/media?parent=34890"}],"wp:term":[{"taxonomy":"product_cat","embeddable":true,"href":"https:\/\/inti.hr\/sr\/wp-json\/wp\/v2\/product_cat?post=34890"},{"taxonomy":"product_tag","embeddable":true,"href":"https:\/\/inti.hr\/sr\/wp-json\/wp\/v2\/product_tag?post=34890"}],"curies":[{"name":"wp","href":"https:\/\/api.w.org\/{rel}","templated":true}]}}