{"id":34915,"date":"2025-06-07T15:02:56","date_gmt":"2025-06-07T14:02:56","guid":{"rendered":"https:\/\/inti.hr\/product\/posuda-za-sakupljanje-otpadnih-boca\/"},"modified":"2025-06-07T15:02:56","modified_gmt":"2025-06-07T14:02:56","slug":"posuda-za-sakupljanje-otpadnih-boca","status":"publish","type":"product","link":"https:\/\/inti.hr\/sr\/proizvod\/posuda-za-sakupljanje-otpadnih-boca\/","title":{"rendered":"Posuda za sakupljanje otpadnih boca"},"content":{"rendered":"<p>Detalji o proizvodu:<br \/>\nBoja: prirodna be\u017e<br \/>\nMaterijal: Bambus, \u010delik, poliestersko-pamu\u010dna tkanina, MDF plo\u010de, netkana tkanina, PU umjetna ko\u017ea, plastika<\/p>\n<p>95l<br \/>\nVeli\u010dina: 40,5 x 40,5 x 61 cm (D x \u0160 x V)<br \/>\nTe\u017eina: 2,2 kg<br \/>\nMaks. stati\u010dka nosivost: 10 kg<\/p>\n<p>120l<\/p>\n<p>Veli\u010dina: 50,5 x 40,5 x 61 cm (D x \u0160 x V)<br \/>\nTe\u017eina: 2,5 kg<br \/>\nMaks. stati\u010dka nosivost: 15 kg<\/p>\n","protected":false},"excerpt":{"rendered":"<p>S dimenzijama 50,5 x 40,5 x 61 cm i kapacitetom od &#8230; <\/p>\n","protected":false},"featured_media":34916,"template":"","meta":[],"product_cat":[2893],"product_tag":[4403],"yoast_head":"<!-- This site is optimized with the Yoast SEO plugin v23.7 - https:\/\/yoast.com\/wordpress\/plugins\/seo\/ -->\n<title>Posuda za sakupljanje otpadnih boca - Inti<\/title>\n<meta name=\"description\" content=\"S dimenzijama 50,5 x 40,5 x 61 cm i kapacitetom od 120 litara, ova kanta za prikupljanje povratnih boca nudi prostor za 260 limenki. Izra\u0111ena od bambusa, dodaje prirodan dodir va\u0161em domu. Rupa vam omogu\u0107uje jednostavno umetanje boca bez otvaranja poklopca. Samozatvaraju\u0107a rupa sprje\u010dava \u0161irenje mirisa. PU ru\u010dka vam tako\u0111er omogu\u0107uje prakti\u010dno otvaranje poklopca i umetanje ve\u0107ih predmeta. Unutarnja torba izra\u0111ena je od poliestersko-pamu\u010dne tkanine i mo\u017ee se prati u perilici rublja. Kada se ne koristi, posuda za odlaganje mo\u017ee se sklopiti radi u\u0161tede prostora. Unutarnja vre\u0107ica s ru\u010dkama je uklonjiva, \u0161to vam omogu\u0107uje jednostavan transport boca do automata. Vezica na vre\u0107ici sprje\u010dava ispadanje boca tijekom transporta.Sa 17 mm \u0161irokim, \u010dvrstim bambusovim letvicama i jakim metalnim okvirom, prazan spremnik je stabilan i izdr\u017eljiv. Mo\u017ee dr\u017eati do 15 kg ukupno.\" \/>\n<meta name=\"robots\" content=\"index, follow, max-snippet:-1, max-image-preview:large, max-video-preview:-1\" \/>\n<link rel=\"canonical\" href=\"https:\/\/inti.hr\/sr\/proizvod\/posuda-za-sakupljanje-otpadnih-boca\/\" \/>\n<meta property=\"og:locale\" content=\"sr_RS\" \/>\n<meta property=\"og:type\" content=\"article\" \/>\n<meta property=\"og:title\" content=\"Posuda za sakupljanje otpadnih boca - Inti\" \/>\n<meta property=\"og:description\" content=\"S dimenzijama 50,5 x 40,5 x 61 cm i kapacitetom od 120 litara, ova kanta za prikupljanje povratnih boca nudi prostor za 260 limenki. Izra\u0111ena od bambusa, dodaje prirodan dodir va\u0161em domu. Rupa vam omogu\u0107uje jednostavno umetanje boca bez otvaranja poklopca. Samozatvaraju\u0107a rupa sprje\u010dava \u0161irenje mirisa. PU ru\u010dka vam tako\u0111er omogu\u0107uje prakti\u010dno otvaranje poklopca i umetanje ve\u0107ih predmeta. Unutarnja torba izra\u0111ena je od poliestersko-pamu\u010dne tkanine i mo\u017ee se prati u perilici rublja. Kada se ne koristi, posuda za odlaganje mo\u017ee se sklopiti radi u\u0161tede prostora. Unutarnja vre\u0107ica s ru\u010dkama je uklonjiva, \u0161to vam omogu\u0107uje jednostavan transport boca do automata. Vezica na vre\u0107ici sprje\u010dava ispadanje boca tijekom transporta.Sa 17 mm \u0161irokim, \u010dvrstim bambusovim letvicama i jakim metalnim okvirom, prazan spremnik je stabilan i izdr\u017eljiv. Mo\u017ee dr\u017eati do 15 kg ukupno.\" \/>\n<meta property=\"og:url\" content=\"https:\/\/inti.hr\/sr\/proizvod\/posuda-za-sakupljanje-otpadnih-boca\/\" \/>\n<meta property=\"og:site_name\" content=\"Inti\" \/>\n<meta property=\"og:image\" content=\"https:\/\/i0.wp.com\/inti.hr\/wp-content\/uploads\/2025\/06\/RRB012Y01-2.jpg?fit=800%2C1000&ssl=1\" \/>\n\t<meta property=\"og:image:width\" content=\"800\" \/>\n\t<meta property=\"og:image:height\" content=\"1000\" \/>\n\t<meta property=\"og:image:type\" content=\"image\/jpeg\" \/>\n<meta name=\"twitter:card\" content=\"summary_large_image\" \/>\n<script type=\"application\/ld+json\" class=\"yoast-schema-graph\">{\"@context\":\"https:\/\/schema.org\",\"@graph\":[{\"@type\":\"WebPage\",\"@id\":\"https:\/\/inti.hr\/sr\/proizvod\/posuda-za-sakupljanje-otpadnih-boca\/\",\"url\":\"https:\/\/inti.hr\/sr\/proizvod\/posuda-za-sakupljanje-otpadnih-boca\/\",\"name\":\"Posuda za sakupljanje otpadnih boca - Inti\",\"isPartOf\":{\"@id\":\"https:\/\/inti.hr\/sr\/#website\"},\"primaryImageOfPage\":{\"@id\":\"https:\/\/inti.hr\/sr\/proizvod\/posuda-za-sakupljanje-otpadnih-boca\/#primaryimage\"},\"image\":{\"@id\":\"https:\/\/inti.hr\/sr\/proizvod\/posuda-za-sakupljanje-otpadnih-boca\/#primaryimage\"},\"thumbnailUrl\":\"https:\/\/i0.wp.com\/inti.hr\/wp-content\/uploads\/2025\/06\/RRB012Y01-2.jpg?fit=800%2C1000&ssl=1\",\"datePublished\":\"2025-06-07T14:02:56+00:00\",\"dateModified\":\"2025-06-07T14:02:56+00:00\",\"description\":\"S dimenzijama 50,5 x 40,5 x 61 cm i kapacitetom od 120 litara, ova kanta za prikupljanje povratnih boca nudi prostor za 260 limenki. Izra\u0111ena od bambusa, dodaje prirodan dodir va\u0161em domu. Rupa vam omogu\u0107uje jednostavno umetanje boca bez otvaranja poklopca. Samozatvaraju\u0107a rupa sprje\u010dava \u0161irenje mirisa. PU ru\u010dka vam tako\u0111er omogu\u0107uje prakti\u010dno otvaranje poklopca i umetanje ve\u0107ih predmeta. Unutarnja torba izra\u0111ena je od poliestersko-pamu\u010dne tkanine i mo\u017ee se prati u perilici rublja. Kada se ne koristi, posuda za odlaganje mo\u017ee se sklopiti radi u\u0161tede prostora. Unutarnja vre\u0107ica s ru\u010dkama je uklonjiva, \u0161to vam omogu\u0107uje jednostavan transport boca do automata. Vezica na vre\u0107ici sprje\u010dava ispadanje boca tijekom transporta.Sa 17 mm \u0161irokim, \u010dvrstim bambusovim letvicama i jakim metalnim okvirom, prazan spremnik je stabilan i izdr\u017eljiv. Mo\u017ee dr\u017eati do 15 kg ukupno.\",\"breadcrumb\":{\"@id\":\"https:\/\/inti.hr\/sr\/proizvod\/posuda-za-sakupljanje-otpadnih-boca\/#breadcrumb\"},\"inLanguage\":\"sr-RS\",\"potentialAction\":[{\"@type\":\"ReadAction\",\"target\":[\"https:\/\/inti.hr\/sr\/proizvod\/posuda-za-sakupljanje-otpadnih-boca\/\"]}]},{\"@type\":\"ImageObject\",\"inLanguage\":\"sr-RS\",\"@id\":\"https:\/\/inti.hr\/sr\/proizvod\/posuda-za-sakupljanje-otpadnih-boca\/#primaryimage\",\"url\":\"https:\/\/i0.wp.com\/inti.hr\/wp-content\/uploads\/2025\/06\/RRB012Y01-2.jpg?fit=800%2C1000&ssl=1\",\"contentUrl\":\"https:\/\/i0.wp.com\/inti.hr\/wp-content\/uploads\/2025\/06\/RRB012Y01-2.jpg?fit=800%2C1000&ssl=1\",\"width\":800,\"height\":1000,\"caption\":\"SONGMICS posuda za sakupljanje otpadnih boca od 95 l s otvorom i poklopcem\"},{\"@type\":\"BreadcrumbList\",\"@id\":\"https:\/\/inti.hr\/sr\/proizvod\/posuda-za-sakupljanje-otpadnih-boca\/#breadcrumb\",\"itemListElement\":[{\"@type\":\"ListItem\",\"position\":1,\"name\":\"Po\u010detna stranica\",\"item\":\"https:\/\/inti.hr\/sr\/\"},{\"@type\":\"ListItem\",\"position\":2,\"name\":\"Prodavnica\",\"item\":\"https:\/\/inti.hr\/sr\/prodavnica\/\"},{\"@type\":\"ListItem\",\"position\":3,\"name\":\"Posuda za sakupljanje otpadnih boca\"}]},{\"@type\":\"WebSite\",\"@id\":\"https:\/\/inti.hr\/sr\/#website\",\"url\":\"https:\/\/inti.hr\/sr\/\",\"name\":\"Inti\",\"description\":\"trgovina\",\"potentialAction\":[{\"@type\":\"SearchAction\",\"target\":{\"@type\":\"EntryPoint\",\"urlTemplate\":\"https:\/\/inti.hr\/sr\/?s={search_term_string}\"},\"query-input\":{\"@type\":\"PropertyValueSpecification\",\"valueRequired\":true,\"valueName\":\"search_term_string\"}}],\"inLanguage\":\"sr-RS\"}]}<\/script>\n<!-- \/ Yoast SEO plugin. -->","yoast_head_json":{"title":"Posuda za sakupljanje otpadnih boca - Inti","description":"S dimenzijama 50,5 x 40,5 x 61 cm i kapacitetom od 120 litara, ova kanta za prikupljanje povratnih boca nudi prostor za 260 limenki. Izra\u0111ena od bambusa, dodaje prirodan dodir va\u0161em domu. Rupa vam omogu\u0107uje jednostavno umetanje boca bez otvaranja poklopca. Samozatvaraju\u0107a rupa sprje\u010dava \u0161irenje mirisa. PU ru\u010dka vam tako\u0111er omogu\u0107uje prakti\u010dno otvaranje poklopca i umetanje ve\u0107ih predmeta. Unutarnja torba izra\u0111ena je od poliestersko-pamu\u010dne tkanine i mo\u017ee se prati u perilici rublja. Kada se ne koristi, posuda za odlaganje mo\u017ee se sklopiti radi u\u0161tede prostora. Unutarnja vre\u0107ica s ru\u010dkama je uklonjiva, \u0161to vam omogu\u0107uje jednostavan transport boca do automata. Vezica na vre\u0107ici sprje\u010dava ispadanje boca tijekom transporta.Sa 17 mm \u0161irokim, \u010dvrstim bambusovim letvicama i jakim metalnim okvirom, prazan spremnik je stabilan i izdr\u017eljiv. Mo\u017ee dr\u017eati do 15 kg ukupno.","robots":{"index":"index","follow":"follow","max-snippet":"max-snippet:-1","max-image-preview":"max-image-preview:large","max-video-preview":"max-video-preview:-1"},"canonical":"https:\/\/inti.hr\/sr\/proizvod\/posuda-za-sakupljanje-otpadnih-boca\/","og_locale":"sr_RS","og_type":"article","og_title":"Posuda za sakupljanje otpadnih boca - Inti","og_description":"S dimenzijama 50,5 x 40,5 x 61 cm i kapacitetom od 120 litara, ova kanta za prikupljanje povratnih boca nudi prostor za 260 limenki. Izra\u0111ena od bambusa, dodaje prirodan dodir va\u0161em domu. Rupa vam omogu\u0107uje jednostavno umetanje boca bez otvaranja poklopca. Samozatvaraju\u0107a rupa sprje\u010dava \u0161irenje mirisa. PU ru\u010dka vam tako\u0111er omogu\u0107uje prakti\u010dno otvaranje poklopca i umetanje ve\u0107ih predmeta. Unutarnja torba izra\u0111ena je od poliestersko-pamu\u010dne tkanine i mo\u017ee se prati u perilici rublja. Kada se ne koristi, posuda za odlaganje mo\u017ee se sklopiti radi u\u0161tede prostora. Unutarnja vre\u0107ica s ru\u010dkama je uklonjiva, \u0161to vam omogu\u0107uje jednostavan transport boca do automata. Vezica na vre\u0107ici sprje\u010dava ispadanje boca tijekom transporta.Sa 17 mm \u0161irokim, \u010dvrstim bambusovim letvicama i jakim metalnim okvirom, prazan spremnik je stabilan i izdr\u017eljiv. Mo\u017ee dr\u017eati do 15 kg ukupno.","og_url":"https:\/\/inti.hr\/sr\/proizvod\/posuda-za-sakupljanje-otpadnih-boca\/","og_site_name":"Inti","og_image":[{"width":800,"height":1000,"url":"https:\/\/i0.wp.com\/inti.hr\/wp-content\/uploads\/2025\/06\/RRB012Y01-2.jpg?fit=800%2C1000&ssl=1","type":"image\/jpeg"}],"twitter_card":"summary_large_image","schema":{"@context":"https:\/\/schema.org","@graph":[{"@type":"WebPage","@id":"https:\/\/inti.hr\/sr\/proizvod\/posuda-za-sakupljanje-otpadnih-boca\/","url":"https:\/\/inti.hr\/sr\/proizvod\/posuda-za-sakupljanje-otpadnih-boca\/","name":"Posuda za sakupljanje otpadnih boca - Inti","isPartOf":{"@id":"https:\/\/inti.hr\/sr\/#website"},"primaryImageOfPage":{"@id":"https:\/\/inti.hr\/sr\/proizvod\/posuda-za-sakupljanje-otpadnih-boca\/#primaryimage"},"image":{"@id":"https:\/\/inti.hr\/sr\/proizvod\/posuda-za-sakupljanje-otpadnih-boca\/#primaryimage"},"thumbnailUrl":"https:\/\/i0.wp.com\/inti.hr\/wp-content\/uploads\/2025\/06\/RRB012Y01-2.jpg?fit=800%2C1000&ssl=1","datePublished":"2025-06-07T14:02:56+00:00","dateModified":"2025-06-07T14:02:56+00:00","description":"S dimenzijama 50,5 x 40,5 x 61 cm i kapacitetom od 120 litara, ova kanta za prikupljanje povratnih boca nudi prostor za 260 limenki. Izra\u0111ena od bambusa, dodaje prirodan dodir va\u0161em domu. Rupa vam omogu\u0107uje jednostavno umetanje boca bez otvaranja poklopca. Samozatvaraju\u0107a rupa sprje\u010dava \u0161irenje mirisa. PU ru\u010dka vam tako\u0111er omogu\u0107uje prakti\u010dno otvaranje poklopca i umetanje ve\u0107ih predmeta. Unutarnja torba izra\u0111ena je od poliestersko-pamu\u010dne tkanine i mo\u017ee se prati u perilici rublja. Kada se ne koristi, posuda za odlaganje mo\u017ee se sklopiti radi u\u0161tede prostora. Unutarnja vre\u0107ica s ru\u010dkama je uklonjiva, \u0161to vam omogu\u0107uje jednostavan transport boca do automata. Vezica na vre\u0107ici sprje\u010dava ispadanje boca tijekom transporta.Sa 17 mm \u0161irokim, \u010dvrstim bambusovim letvicama i jakim metalnim okvirom, prazan spremnik je stabilan i izdr\u017eljiv. Mo\u017ee dr\u017eati do 15 kg ukupno.","breadcrumb":{"@id":"https:\/\/inti.hr\/sr\/proizvod\/posuda-za-sakupljanje-otpadnih-boca\/#breadcrumb"},"inLanguage":"sr-RS","potentialAction":[{"@type":"ReadAction","target":["https:\/\/inti.hr\/sr\/proizvod\/posuda-za-sakupljanje-otpadnih-boca\/"]}]},{"@type":"ImageObject","inLanguage":"sr-RS","@id":"https:\/\/inti.hr\/sr\/proizvod\/posuda-za-sakupljanje-otpadnih-boca\/#primaryimage","url":"https:\/\/i0.wp.com\/inti.hr\/wp-content\/uploads\/2025\/06\/RRB012Y01-2.jpg?fit=800%2C1000&ssl=1","contentUrl":"https:\/\/i0.wp.com\/inti.hr\/wp-content\/uploads\/2025\/06\/RRB012Y01-2.jpg?fit=800%2C1000&ssl=1","width":800,"height":1000,"caption":"SONGMICS posuda za sakupljanje otpadnih boca od 95 l s otvorom i poklopcem"},{"@type":"BreadcrumbList","@id":"https:\/\/inti.hr\/sr\/proizvod\/posuda-za-sakupljanje-otpadnih-boca\/#breadcrumb","itemListElement":[{"@type":"ListItem","position":1,"name":"Po\u010detna stranica","item":"https:\/\/inti.hr\/sr\/"},{"@type":"ListItem","position":2,"name":"Prodavnica","item":"https:\/\/inti.hr\/sr\/prodavnica\/"},{"@type":"ListItem","position":3,"name":"Posuda za sakupljanje otpadnih boca"}]},{"@type":"WebSite","@id":"https:\/\/inti.hr\/sr\/#website","url":"https:\/\/inti.hr\/sr\/","name":"Inti","description":"trgovina","potentialAction":[{"@type":"SearchAction","target":{"@type":"EntryPoint","urlTemplate":"https:\/\/inti.hr\/sr\/?s={search_term_string}"},"query-input":{"@type":"PropertyValueSpecification","valueRequired":true,"valueName":"search_term_string"}}],"inLanguage":"sr-RS"}]}},"jetpack_sharing_enabled":true,"jetpack-related-posts":[],"_links":{"self":[{"href":"https:\/\/inti.hr\/sr\/wp-json\/wp\/v2\/product\/34915"}],"collection":[{"href":"https:\/\/inti.hr\/sr\/wp-json\/wp\/v2\/product"}],"about":[{"href":"https:\/\/inti.hr\/sr\/wp-json\/wp\/v2\/types\/product"}],"wp:featuredmedia":[{"embeddable":true,"href":"https:\/\/inti.hr\/sr\/wp-json\/wp\/v2\/media\/34916"}],"wp:attachment":[{"href":"https:\/\/inti.hr\/sr\/wp-json\/wp\/v2\/media?parent=34915"}],"wp:term":[{"taxonomy":"product_cat","embeddable":true,"href":"https:\/\/inti.hr\/sr\/wp-json\/wp\/v2\/product_cat?post=34915"},{"taxonomy":"product_tag","embeddable":true,"href":"https:\/\/inti.hr\/sr\/wp-json\/wp\/v2\/product_tag?post=34915"}],"curies":[{"name":"wp","href":"https:\/\/api.w.org\/{rel}","templated":true}]}}