{"id":34925,"date":"2025-06-05T12:44:55","date_gmt":"2025-06-05T11:44:55","guid":{"rendered":"https:\/\/inti.hr\/product\/nocni-ormarici-s-odvojivom-plocom-i-ladicom\/"},"modified":"2025-06-05T12:44:55","modified_gmt":"2025-06-05T11:44:55","slug":"nocni-ormarici-s-odvojivom-plocom-i-ladicom","status":"publish","type":"product","link":"https:\/\/inti.hr\/sr\/proizvod\/nocni-ormarici-s-odvojivom-plocom-i-ladicom\/","title":{"rendered":"No\u0107ni ormari\u0107i s odvojivom plo\u010dom i ladicom"},"content":{"rendered":"<p>Detalji proizvoda:<\/p>\n<p><span>\u00a0Te\u017eina: 8,8 kg, Nosivost: Ukupno 20 kg; 10 kg\/gornja plo\u010da, 3 kg\/polica, 2 kg\/ladica, 5 kg\/baza. Materijal: PB (E1). Dimenzije: 20 x 35 x 60 cm.<\/span><\/p>\n<p><span>Sa \u0161irinom od samo 20 cm, zauzima malo prostora, idealan za uske kutove i male povr\u0161ine.<\/span><\/p>\n","protected":false},"excerpt":{"rendered":"<p>Vrh je pomi\u010dan, \u0161to vam omogu\u0107uje pohranu kabela, slu\u0161alica i drugih &#8230; <\/p>\n","protected":false},"featured_media":34926,"template":"","meta":[],"product_cat":[2416],"product_tag":[2676,2677],"yoast_head":"<!-- This site is optimized with the Yoast SEO plugin v23.7 - https:\/\/yoast.com\/wordpress\/plugins\/seo\/ -->\n<title>No\u0107ni ormari\u0107i s odvojivom plo\u010dom i ladicom - Inti<\/title>\n<meta name=\"description\" content=\"Vrh je pomi\u010dan, \u0161to vam omogu\u0107uje pohranu kabela, slu\u0161alica i drugih predmeta za privatnost, dok je izlo\u017eeni dio savr\u0161en za odlaganje \u0161alica i svakodnevnih predmeta.\u00a0Prakti\u010dan dizajn: Dizajn postolja omogu\u0107uje da se jedinica savr\u0161eno uklopi uz zid, pove\u0107avaju\u0107i stabilnost no\u0107nog ormari\u0107a.\u00a0Kombinacija bijele boje i teksture drveta, s minimalisti\u010dkim i modernim stilom koji se uklapa u razli\u010dite stilove ure\u0111enja, stvaraju\u0107i toplu i ugodnu atmosferu u va\u0161em domu.Isporu\u010duje se za jednostavnu monta\u017eu s ilustriranim uputama za monta\u017eu.\" \/>\n<meta name=\"robots\" content=\"index, follow, max-snippet:-1, max-image-preview:large, max-video-preview:-1\" \/>\n<link rel=\"canonical\" href=\"https:\/\/inti.hr\/sr\/proizvod\/nocni-ormarici-s-odvojivom-plocom-i-ladicom\/\" \/>\n<meta property=\"og:locale\" content=\"sr_RS\" \/>\n<meta property=\"og:type\" content=\"article\" \/>\n<meta property=\"og:title\" content=\"No\u0107ni ormari\u0107i s odvojivom plo\u010dom i ladicom - Inti\" \/>\n<meta property=\"og:description\" content=\"Vrh je pomi\u010dan, \u0161to vam omogu\u0107uje pohranu kabela, slu\u0161alica i drugih predmeta za privatnost, dok je izlo\u017eeni dio savr\u0161en za odlaganje \u0161alica i svakodnevnih predmeta.\u00a0Prakti\u010dan dizajn: Dizajn postolja omogu\u0107uje da se jedinica savr\u0161eno uklopi uz zid, pove\u0107avaju\u0107i stabilnost no\u0107nog ormari\u0107a.\u00a0Kombinacija bijele boje i teksture drveta, s minimalisti\u010dkim i modernim stilom koji se uklapa u razli\u010dite stilove ure\u0111enja, stvaraju\u0107i toplu i ugodnu atmosferu u va\u0161em domu.Isporu\u010duje se za jednostavnu monta\u017eu s ilustriranim uputama za monta\u017eu.\" \/>\n<meta property=\"og:url\" content=\"https:\/\/inti.hr\/sr\/proizvod\/nocni-ormarici-s-odvojivom-plocom-i-ladicom\/\" \/>\n<meta property=\"og:site_name\" content=\"Inti\" \/>\n<meta property=\"og:image\" content=\"https:\/\/i0.wp.com\/inti.hr\/wp-content\/uploads\/2025\/06\/FBT163-WN-S006_1800x1800.webp?fit=1600%2C1600&ssl=1\" \/>\n\t<meta property=\"og:image:width\" content=\"1600\" \/>\n\t<meta property=\"og:image:height\" content=\"1600\" \/>\n\t<meta property=\"og:image:type\" content=\"image\/webp\" \/>\n<meta name=\"twitter:card\" content=\"summary_large_image\" \/>\n<script type=\"application\/ld+json\" class=\"yoast-schema-graph\">{\"@context\":\"https:\/\/schema.org\",\"@graph\":[{\"@type\":\"WebPage\",\"@id\":\"https:\/\/inti.hr\/sr\/proizvod\/nocni-ormarici-s-odvojivom-plocom-i-ladicom\/\",\"url\":\"https:\/\/inti.hr\/sr\/proizvod\/nocni-ormarici-s-odvojivom-plocom-i-ladicom\/\",\"name\":\"No\u0107ni ormari\u0107i s odvojivom plo\u010dom i ladicom - Inti\",\"isPartOf\":{\"@id\":\"https:\/\/inti.hr\/sr\/#website\"},\"primaryImageOfPage\":{\"@id\":\"https:\/\/inti.hr\/sr\/proizvod\/nocni-ormarici-s-odvojivom-plocom-i-ladicom\/#primaryimage\"},\"image\":{\"@id\":\"https:\/\/inti.hr\/sr\/proizvod\/nocni-ormarici-s-odvojivom-plocom-i-ladicom\/#primaryimage\"},\"thumbnailUrl\":\"https:\/\/i0.wp.com\/inti.hr\/wp-content\/uploads\/2025\/06\/FBT163-WN-S006_1800x1800.webp?fit=1600%2C1600&ssl=1\",\"datePublished\":\"2025-06-05T11:44:55+00:00\",\"dateModified\":\"2025-06-05T11:44:55+00:00\",\"description\":\"Vrh je pomi\u010dan, \u0161to vam omogu\u0107uje pohranu kabela, slu\u0161alica i drugih predmeta za privatnost, dok je izlo\u017eeni dio savr\u0161en za odlaganje \u0161alica i svakodnevnih predmeta.\u00a0Prakti\u010dan dizajn: Dizajn postolja omogu\u0107uje da se jedinica savr\u0161eno uklopi uz zid, pove\u0107avaju\u0107i stabilnost no\u0107nog ormari\u0107a.\u00a0Kombinacija bijele boje i teksture drveta, s minimalisti\u010dkim i modernim stilom koji se uklapa u razli\u010dite stilove ure\u0111enja, stvaraju\u0107i toplu i ugodnu atmosferu u va\u0161em domu.Isporu\u010duje se za jednostavnu monta\u017eu s ilustriranim uputama za monta\u017eu.\",\"breadcrumb\":{\"@id\":\"https:\/\/inti.hr\/sr\/proizvod\/nocni-ormarici-s-odvojivom-plocom-i-ladicom\/#breadcrumb\"},\"inLanguage\":\"sr-RS\",\"potentialAction\":[{\"@type\":\"ReadAction\",\"target\":[\"https:\/\/inti.hr\/sr\/proizvod\/nocni-ormarici-s-odvojivom-plocom-i-ladicom\/\"]}]},{\"@type\":\"ImageObject\",\"inLanguage\":\"sr-RS\",\"@id\":\"https:\/\/inti.hr\/sr\/proizvod\/nocni-ormarici-s-odvojivom-plocom-i-ladicom\/#primaryimage\",\"url\":\"https:\/\/i0.wp.com\/inti.hr\/wp-content\/uploads\/2025\/06\/FBT163-WN-S006_1800x1800.webp?fit=1600%2C1600&ssl=1\",\"contentUrl\":\"https:\/\/i0.wp.com\/inti.hr\/wp-content\/uploads\/2025\/06\/FBT163-WN-S006_1800x1800.webp?fit=1600%2C1600&ssl=1\",\"width\":1600,\"height\":1600,\"caption\":\"SoBuy no\u0107ni ormari\u0107i s odvojivom plo\u010dom i ladicom, uski stoli\u0107 za kau\u010d, no\u0107ni ormari\u0107i za spava\u0107u sobu i dnevni boravak, uski visoki stoli\u0107 bijeli i drveni 20 x 35 x 60 cm FBT163-WN\"},{\"@type\":\"BreadcrumbList\",\"@id\":\"https:\/\/inti.hr\/sr\/proizvod\/nocni-ormarici-s-odvojivom-plocom-i-ladicom\/#breadcrumb\",\"itemListElement\":[{\"@type\":\"ListItem\",\"position\":1,\"name\":\"Po\u010detna stranica\",\"item\":\"https:\/\/inti.hr\/sr\/\"},{\"@type\":\"ListItem\",\"position\":2,\"name\":\"Prodavnica\",\"item\":\"https:\/\/inti.hr\/sr\/prodavnica\/\"},{\"@type\":\"ListItem\",\"position\":3,\"name\":\"No\u0107ni ormari\u0107i s odvojivom plo\u010dom i ladicom\"}]},{\"@type\":\"WebSite\",\"@id\":\"https:\/\/inti.hr\/sr\/#website\",\"url\":\"https:\/\/inti.hr\/sr\/\",\"name\":\"Inti\",\"description\":\"trgovina\",\"potentialAction\":[{\"@type\":\"SearchAction\",\"target\":{\"@type\":\"EntryPoint\",\"urlTemplate\":\"https:\/\/inti.hr\/sr\/?s={search_term_string}\"},\"query-input\":{\"@type\":\"PropertyValueSpecification\",\"valueRequired\":true,\"valueName\":\"search_term_string\"}}],\"inLanguage\":\"sr-RS\"}]}<\/script>\n<!-- \/ Yoast SEO plugin. -->","yoast_head_json":{"title":"No\u0107ni ormari\u0107i s odvojivom plo\u010dom i ladicom - Inti","description":"Vrh je pomi\u010dan, \u0161to vam omogu\u0107uje pohranu kabela, slu\u0161alica i drugih predmeta za privatnost, dok je izlo\u017eeni dio savr\u0161en za odlaganje \u0161alica i svakodnevnih predmeta.\u00a0Prakti\u010dan dizajn: Dizajn postolja omogu\u0107uje da se jedinica savr\u0161eno uklopi uz zid, pove\u0107avaju\u0107i stabilnost no\u0107nog ormari\u0107a.\u00a0Kombinacija bijele boje i teksture drveta, s minimalisti\u010dkim i modernim stilom koji se uklapa u razli\u010dite stilove ure\u0111enja, stvaraju\u0107i toplu i ugodnu atmosferu u va\u0161em domu.Isporu\u010duje se za jednostavnu monta\u017eu s ilustriranim uputama za monta\u017eu.","robots":{"index":"index","follow":"follow","max-snippet":"max-snippet:-1","max-image-preview":"max-image-preview:large","max-video-preview":"max-video-preview:-1"},"canonical":"https:\/\/inti.hr\/sr\/proizvod\/nocni-ormarici-s-odvojivom-plocom-i-ladicom\/","og_locale":"sr_RS","og_type":"article","og_title":"No\u0107ni ormari\u0107i s odvojivom plo\u010dom i ladicom - Inti","og_description":"Vrh je pomi\u010dan, \u0161to vam omogu\u0107uje pohranu kabela, slu\u0161alica i drugih predmeta za privatnost, dok je izlo\u017eeni dio savr\u0161en za odlaganje \u0161alica i svakodnevnih predmeta.\u00a0Prakti\u010dan dizajn: Dizajn postolja omogu\u0107uje da se jedinica savr\u0161eno uklopi uz zid, pove\u0107avaju\u0107i stabilnost no\u0107nog ormari\u0107a.\u00a0Kombinacija bijele boje i teksture drveta, s minimalisti\u010dkim i modernim stilom koji se uklapa u razli\u010dite stilove ure\u0111enja, stvaraju\u0107i toplu i ugodnu atmosferu u va\u0161em domu.Isporu\u010duje se za jednostavnu monta\u017eu s ilustriranim uputama za monta\u017eu.","og_url":"https:\/\/inti.hr\/sr\/proizvod\/nocni-ormarici-s-odvojivom-plocom-i-ladicom\/","og_site_name":"Inti","og_image":[{"width":1600,"height":1600,"url":"https:\/\/i0.wp.com\/inti.hr\/wp-content\/uploads\/2025\/06\/FBT163-WN-S006_1800x1800.webp?fit=1600%2C1600&ssl=1","type":"image\/webp"}],"twitter_card":"summary_large_image","schema":{"@context":"https:\/\/schema.org","@graph":[{"@type":"WebPage","@id":"https:\/\/inti.hr\/sr\/proizvod\/nocni-ormarici-s-odvojivom-plocom-i-ladicom\/","url":"https:\/\/inti.hr\/sr\/proizvod\/nocni-ormarici-s-odvojivom-plocom-i-ladicom\/","name":"No\u0107ni ormari\u0107i s odvojivom plo\u010dom i ladicom - Inti","isPartOf":{"@id":"https:\/\/inti.hr\/sr\/#website"},"primaryImageOfPage":{"@id":"https:\/\/inti.hr\/sr\/proizvod\/nocni-ormarici-s-odvojivom-plocom-i-ladicom\/#primaryimage"},"image":{"@id":"https:\/\/inti.hr\/sr\/proizvod\/nocni-ormarici-s-odvojivom-plocom-i-ladicom\/#primaryimage"},"thumbnailUrl":"https:\/\/i0.wp.com\/inti.hr\/wp-content\/uploads\/2025\/06\/FBT163-WN-S006_1800x1800.webp?fit=1600%2C1600&ssl=1","datePublished":"2025-06-05T11:44:55+00:00","dateModified":"2025-06-05T11:44:55+00:00","description":"Vrh je pomi\u010dan, \u0161to vam omogu\u0107uje pohranu kabela, slu\u0161alica i drugih predmeta za privatnost, dok je izlo\u017eeni dio savr\u0161en za odlaganje \u0161alica i svakodnevnih predmeta.\u00a0Prakti\u010dan dizajn: Dizajn postolja omogu\u0107uje da se jedinica savr\u0161eno uklopi uz zid, pove\u0107avaju\u0107i stabilnost no\u0107nog ormari\u0107a.\u00a0Kombinacija bijele boje i teksture drveta, s minimalisti\u010dkim i modernim stilom koji se uklapa u razli\u010dite stilove ure\u0111enja, stvaraju\u0107i toplu i ugodnu atmosferu u va\u0161em domu.Isporu\u010duje se za jednostavnu monta\u017eu s ilustriranim uputama za monta\u017eu.","breadcrumb":{"@id":"https:\/\/inti.hr\/sr\/proizvod\/nocni-ormarici-s-odvojivom-plocom-i-ladicom\/#breadcrumb"},"inLanguage":"sr-RS","potentialAction":[{"@type":"ReadAction","target":["https:\/\/inti.hr\/sr\/proizvod\/nocni-ormarici-s-odvojivom-plocom-i-ladicom\/"]}]},{"@type":"ImageObject","inLanguage":"sr-RS","@id":"https:\/\/inti.hr\/sr\/proizvod\/nocni-ormarici-s-odvojivom-plocom-i-ladicom\/#primaryimage","url":"https:\/\/i0.wp.com\/inti.hr\/wp-content\/uploads\/2025\/06\/FBT163-WN-S006_1800x1800.webp?fit=1600%2C1600&ssl=1","contentUrl":"https:\/\/i0.wp.com\/inti.hr\/wp-content\/uploads\/2025\/06\/FBT163-WN-S006_1800x1800.webp?fit=1600%2C1600&ssl=1","width":1600,"height":1600,"caption":"SoBuy no\u0107ni ormari\u0107i s odvojivom plo\u010dom i ladicom, uski stoli\u0107 za kau\u010d, no\u0107ni ormari\u0107i za spava\u0107u sobu i dnevni boravak, uski visoki stoli\u0107 bijeli i drveni 20 x 35 x 60 cm FBT163-WN"},{"@type":"BreadcrumbList","@id":"https:\/\/inti.hr\/sr\/proizvod\/nocni-ormarici-s-odvojivom-plocom-i-ladicom\/#breadcrumb","itemListElement":[{"@type":"ListItem","position":1,"name":"Po\u010detna stranica","item":"https:\/\/inti.hr\/sr\/"},{"@type":"ListItem","position":2,"name":"Prodavnica","item":"https:\/\/inti.hr\/sr\/prodavnica\/"},{"@type":"ListItem","position":3,"name":"No\u0107ni ormari\u0107i s odvojivom plo\u010dom i ladicom"}]},{"@type":"WebSite","@id":"https:\/\/inti.hr\/sr\/#website","url":"https:\/\/inti.hr\/sr\/","name":"Inti","description":"trgovina","potentialAction":[{"@type":"SearchAction","target":{"@type":"EntryPoint","urlTemplate":"https:\/\/inti.hr\/sr\/?s={search_term_string}"},"query-input":{"@type":"PropertyValueSpecification","valueRequired":true,"valueName":"search_term_string"}}],"inLanguage":"sr-RS"}]}},"jetpack_sharing_enabled":true,"jetpack-related-posts":[],"_links":{"self":[{"href":"https:\/\/inti.hr\/sr\/wp-json\/wp\/v2\/product\/34925"}],"collection":[{"href":"https:\/\/inti.hr\/sr\/wp-json\/wp\/v2\/product"}],"about":[{"href":"https:\/\/inti.hr\/sr\/wp-json\/wp\/v2\/types\/product"}],"wp:featuredmedia":[{"embeddable":true,"href":"https:\/\/inti.hr\/sr\/wp-json\/wp\/v2\/media\/34926"}],"wp:attachment":[{"href":"https:\/\/inti.hr\/sr\/wp-json\/wp\/v2\/media?parent=34925"}],"wp:term":[{"taxonomy":"product_cat","embeddable":true,"href":"https:\/\/inti.hr\/sr\/wp-json\/wp\/v2\/product_cat?post=34925"},{"taxonomy":"product_tag","embeddable":true,"href":"https:\/\/inti.hr\/sr\/wp-json\/wp\/v2\/product_tag?post=34925"}],"curies":[{"name":"wp","href":"https:\/\/api.w.org\/{rel}","templated":true}]}}