{"id":34933,"date":"2025-06-05T12:30:43","date_gmt":"2025-06-05T11:30:43","guid":{"rendered":"https:\/\/inti.hr\/product\/krevet-za-pse-s-podignutim-rubovima\/"},"modified":"2025-06-05T12:30:43","modified_gmt":"2025-06-05T11:30:43","slug":"krevet-za-pse-s-podignutim-rubovima","status":"publish","type":"product","link":"https:\/\/inti.hr\/sr\/proizvod\/krevet-za-pse-s-podignutim-rubovima\/","title":{"rendered":"Krevet za pse s podignutim rubovima"},"content":{"rendered":"<p>Detalji o proizvodu:<br \/>\nBoja: Svijetlosiva<br \/>\nMaterijal: flanel, bar\u0161un, TPU folija, protuklizna tkanina, zavojita pjena, PP punjenje<\/p>\n","protected":false},"excerpt":{"rendered":"<p>Pjenasti punjenje jastuka za pse je prozra\u010dno i pru\u017ea optimalnu potporu. &#8230; <\/p>\n","protected":false},"featured_media":34935,"template":"","meta":[],"product_cat":[2404],"product_tag":[4410,2649],"yoast_head":"<!-- This site is optimized with the Yoast SEO plugin v23.7 - https:\/\/yoast.com\/wordpress\/plugins\/seo\/ -->\n<title>Krevet za pse s podignutim rubovima - Inti<\/title>\n<meta name=\"description\" content=\"\u00a0Pjenasti punjenje jastuka za pse je prozra\u010dno i pru\u017ea optimalnu potporu. Ubla\u017eava pritisak na zglobove va\u0161eg ljubimca i stvara udobno mjesto za odmor. Prekriven mekim flanelom i bar\u0161unom, ovaj mekani krevet za pse nudi vrhunsku udobnost \u010dim va\u0161 krzneni prijatelj legne i poti\u010de dublji i mirniji san. Krevet za pse savr\u0161en je za razli\u010dita mjesta, u zatvorenom prostoru, u uzgajiva\u010dnicama ili kavezima; neklizaju\u0107e dno odr\u017eava krevet stabilnim i pru\u017ea va\u0161em psu ve\u0107u sigurnost. Povi\u0161eni rubovi kreveta za pse, dobro podstavljeni PP punjenjem, podupiru glavu i vrat va\u0161eg \u010detverono\u017enog prijatelja i pru\u017eaju mu osje\u0107aj sigurnosti. Nizak ulaz omogu\u0107uje jednostavan pristup. Navlaka se mo\u017ee skinuti i prati u perilici rublja zahvaljuju\u0107i patentnom zatvara\u010du, punjenje se ne mo\u017ee prati; srednja flanelska navlaka s vodootpornim TPU slojem \u0161titi od manjih nezgoda.\" \/>\n<meta name=\"robots\" content=\"index, follow, max-snippet:-1, max-image-preview:large, max-video-preview:-1\" \/>\n<link rel=\"canonical\" href=\"https:\/\/inti.hr\/sr\/proizvod\/krevet-za-pse-s-podignutim-rubovima\/\" \/>\n<meta property=\"og:locale\" content=\"sr_RS\" \/>\n<meta property=\"og:type\" content=\"article\" \/>\n<meta property=\"og:title\" content=\"Krevet za pse s podignutim rubovima - Inti\" \/>\n<meta property=\"og:description\" content=\"\u00a0Pjenasti punjenje jastuka za pse je prozra\u010dno i pru\u017ea optimalnu potporu. Ubla\u017eava pritisak na zglobove va\u0161eg ljubimca i stvara udobno mjesto za odmor. Prekriven mekim flanelom i bar\u0161unom, ovaj mekani krevet za pse nudi vrhunsku udobnost \u010dim va\u0161 krzneni prijatelj legne i poti\u010de dublji i mirniji san. Krevet za pse savr\u0161en je za razli\u010dita mjesta, u zatvorenom prostoru, u uzgajiva\u010dnicama ili kavezima; neklizaju\u0107e dno odr\u017eava krevet stabilnim i pru\u017ea va\u0161em psu ve\u0107u sigurnost. Povi\u0161eni rubovi kreveta za pse, dobro podstavljeni PP punjenjem, podupiru glavu i vrat va\u0161eg \u010detverono\u017enog prijatelja i pru\u017eaju mu osje\u0107aj sigurnosti. Nizak ulaz omogu\u0107uje jednostavan pristup. Navlaka se mo\u017ee skinuti i prati u perilici rublja zahvaljuju\u0107i patentnom zatvara\u010du, punjenje se ne mo\u017ee prati; srednja flanelska navlaka s vodootpornim TPU slojem \u0161titi od manjih nezgoda.\" \/>\n<meta property=\"og:url\" content=\"https:\/\/inti.hr\/sr\/proizvod\/krevet-za-pse-s-podignutim-rubovima\/\" \/>\n<meta property=\"og:site_name\" content=\"Inti\" \/>\n<meta property=\"og:image\" content=\"https:\/\/i0.wp.com\/inti.hr\/wp-content\/uploads\/2025\/06\/PGW283G01-1.jpg?fit=1000%2C1000&ssl=1\" \/>\n\t<meta property=\"og:image:width\" content=\"1000\" \/>\n\t<meta property=\"og:image:height\" content=\"1000\" \/>\n\t<meta property=\"og:image:type\" content=\"image\/jpeg\" \/>\n<meta name=\"twitter:card\" content=\"summary_large_image\" \/>\n<script type=\"application\/ld+json\" class=\"yoast-schema-graph\">{\"@context\":\"https:\/\/schema.org\",\"@graph\":[{\"@type\":\"WebPage\",\"@id\":\"https:\/\/inti.hr\/sr\/proizvod\/krevet-za-pse-s-podignutim-rubovima\/\",\"url\":\"https:\/\/inti.hr\/sr\/proizvod\/krevet-za-pse-s-podignutim-rubovima\/\",\"name\":\"Krevet za pse s podignutim rubovima - Inti\",\"isPartOf\":{\"@id\":\"https:\/\/inti.hr\/sr\/#website\"},\"primaryImageOfPage\":{\"@id\":\"https:\/\/inti.hr\/sr\/proizvod\/krevet-za-pse-s-podignutim-rubovima\/#primaryimage\"},\"image\":{\"@id\":\"https:\/\/inti.hr\/sr\/proizvod\/krevet-za-pse-s-podignutim-rubovima\/#primaryimage\"},\"thumbnailUrl\":\"https:\/\/i0.wp.com\/inti.hr\/wp-content\/uploads\/2025\/06\/PGW283G01-1.jpg?fit=1000%2C1000&ssl=1\",\"datePublished\":\"2025-06-05T11:30:43+00:00\",\"dateModified\":\"2025-06-05T11:30:43+00:00\",\"description\":\"\u00a0Pjenasti punjenje jastuka za pse je prozra\u010dno i pru\u017ea optimalnu potporu. Ubla\u017eava pritisak na zglobove va\u0161eg ljubimca i stvara udobno mjesto za odmor. Prekriven mekim flanelom i bar\u0161unom, ovaj mekani krevet za pse nudi vrhunsku udobnost \u010dim va\u0161 krzneni prijatelj legne i poti\u010de dublji i mirniji san. Krevet za pse savr\u0161en je za razli\u010dita mjesta, u zatvorenom prostoru, u uzgajiva\u010dnicama ili kavezima; neklizaju\u0107e dno odr\u017eava krevet stabilnim i pru\u017ea va\u0161em psu ve\u0107u sigurnost. Povi\u0161eni rubovi kreveta za pse, dobro podstavljeni PP punjenjem, podupiru glavu i vrat va\u0161eg \u010detverono\u017enog prijatelja i pru\u017eaju mu osje\u0107aj sigurnosti. Nizak ulaz omogu\u0107uje jednostavan pristup. Navlaka se mo\u017ee skinuti i prati u perilici rublja zahvaljuju\u0107i patentnom zatvara\u010du, punjenje se ne mo\u017ee prati; srednja flanelska navlaka s vodootpornim TPU slojem \u0161titi od manjih nezgoda.\",\"breadcrumb\":{\"@id\":\"https:\/\/inti.hr\/sr\/proizvod\/krevet-za-pse-s-podignutim-rubovima\/#breadcrumb\"},\"inLanguage\":\"sr-RS\",\"potentialAction\":[{\"@type\":\"ReadAction\",\"target\":[\"https:\/\/inti.hr\/sr\/proizvod\/krevet-za-pse-s-podignutim-rubovima\/\"]}]},{\"@type\":\"ImageObject\",\"inLanguage\":\"sr-RS\",\"@id\":\"https:\/\/inti.hr\/sr\/proizvod\/krevet-za-pse-s-podignutim-rubovima\/#primaryimage\",\"url\":\"https:\/\/i0.wp.com\/inti.hr\/wp-content\/uploads\/2025\/06\/PGW283G01-1.jpg?fit=1000%2C1000&ssl=1\",\"contentUrl\":\"https:\/\/i0.wp.com\/inti.hr\/wp-content\/uploads\/2025\/06\/PGW283G01-1.jpg?fit=1000%2C1000&ssl=1\",\"width\":1000,\"height\":1000,\"caption\":\"Feandrea krevet za pse s podignutim rubovima 106 x 76 x 18 cm svijetlo siva\"},{\"@type\":\"BreadcrumbList\",\"@id\":\"https:\/\/inti.hr\/sr\/proizvod\/krevet-za-pse-s-podignutim-rubovima\/#breadcrumb\",\"itemListElement\":[{\"@type\":\"ListItem\",\"position\":1,\"name\":\"Po\u010detna stranica\",\"item\":\"https:\/\/inti.hr\/sr\/\"},{\"@type\":\"ListItem\",\"position\":2,\"name\":\"Prodavnica\",\"item\":\"https:\/\/inti.hr\/sr\/prodavnica\/\"},{\"@type\":\"ListItem\",\"position\":3,\"name\":\"Krevet za pse s podignutim rubovima\"}]},{\"@type\":\"WebSite\",\"@id\":\"https:\/\/inti.hr\/sr\/#website\",\"url\":\"https:\/\/inti.hr\/sr\/\",\"name\":\"Inti\",\"description\":\"trgovina\",\"potentialAction\":[{\"@type\":\"SearchAction\",\"target\":{\"@type\":\"EntryPoint\",\"urlTemplate\":\"https:\/\/inti.hr\/sr\/?s={search_term_string}\"},\"query-input\":{\"@type\":\"PropertyValueSpecification\",\"valueRequired\":true,\"valueName\":\"search_term_string\"}}],\"inLanguage\":\"sr-RS\"}]}<\/script>\n<!-- \/ Yoast SEO plugin. -->","yoast_head_json":{"title":"Krevet za pse s podignutim rubovima - Inti","description":"\u00a0Pjenasti punjenje jastuka za pse je prozra\u010dno i pru\u017ea optimalnu potporu. Ubla\u017eava pritisak na zglobove va\u0161eg ljubimca i stvara udobno mjesto za odmor. Prekriven mekim flanelom i bar\u0161unom, ovaj mekani krevet za pse nudi vrhunsku udobnost \u010dim va\u0161 krzneni prijatelj legne i poti\u010de dublji i mirniji san. Krevet za pse savr\u0161en je za razli\u010dita mjesta, u zatvorenom prostoru, u uzgajiva\u010dnicama ili kavezima; neklizaju\u0107e dno odr\u017eava krevet stabilnim i pru\u017ea va\u0161em psu ve\u0107u sigurnost. Povi\u0161eni rubovi kreveta za pse, dobro podstavljeni PP punjenjem, podupiru glavu i vrat va\u0161eg \u010detverono\u017enog prijatelja i pru\u017eaju mu osje\u0107aj sigurnosti. Nizak ulaz omogu\u0107uje jednostavan pristup. Navlaka se mo\u017ee skinuti i prati u perilici rublja zahvaljuju\u0107i patentnom zatvara\u010du, punjenje se ne mo\u017ee prati; srednja flanelska navlaka s vodootpornim TPU slojem \u0161titi od manjih nezgoda.","robots":{"index":"index","follow":"follow","max-snippet":"max-snippet:-1","max-image-preview":"max-image-preview:large","max-video-preview":"max-video-preview:-1"},"canonical":"https:\/\/inti.hr\/sr\/proizvod\/krevet-za-pse-s-podignutim-rubovima\/","og_locale":"sr_RS","og_type":"article","og_title":"Krevet za pse s podignutim rubovima - Inti","og_description":"\u00a0Pjenasti punjenje jastuka za pse je prozra\u010dno i pru\u017ea optimalnu potporu. Ubla\u017eava pritisak na zglobove va\u0161eg ljubimca i stvara udobno mjesto za odmor. Prekriven mekim flanelom i bar\u0161unom, ovaj mekani krevet za pse nudi vrhunsku udobnost \u010dim va\u0161 krzneni prijatelj legne i poti\u010de dublji i mirniji san. Krevet za pse savr\u0161en je za razli\u010dita mjesta, u zatvorenom prostoru, u uzgajiva\u010dnicama ili kavezima; neklizaju\u0107e dno odr\u017eava krevet stabilnim i pru\u017ea va\u0161em psu ve\u0107u sigurnost. Povi\u0161eni rubovi kreveta za pse, dobro podstavljeni PP punjenjem, podupiru glavu i vrat va\u0161eg \u010detverono\u017enog prijatelja i pru\u017eaju mu osje\u0107aj sigurnosti. Nizak ulaz omogu\u0107uje jednostavan pristup. Navlaka se mo\u017ee skinuti i prati u perilici rublja zahvaljuju\u0107i patentnom zatvara\u010du, punjenje se ne mo\u017ee prati; srednja flanelska navlaka s vodootpornim TPU slojem \u0161titi od manjih nezgoda.","og_url":"https:\/\/inti.hr\/sr\/proizvod\/krevet-za-pse-s-podignutim-rubovima\/","og_site_name":"Inti","og_image":[{"width":1000,"height":1000,"url":"https:\/\/i0.wp.com\/inti.hr\/wp-content\/uploads\/2025\/06\/PGW283G01-1.jpg?fit=1000%2C1000&ssl=1","type":"image\/jpeg"}],"twitter_card":"summary_large_image","schema":{"@context":"https:\/\/schema.org","@graph":[{"@type":"WebPage","@id":"https:\/\/inti.hr\/sr\/proizvod\/krevet-za-pse-s-podignutim-rubovima\/","url":"https:\/\/inti.hr\/sr\/proizvod\/krevet-za-pse-s-podignutim-rubovima\/","name":"Krevet za pse s podignutim rubovima - Inti","isPartOf":{"@id":"https:\/\/inti.hr\/sr\/#website"},"primaryImageOfPage":{"@id":"https:\/\/inti.hr\/sr\/proizvod\/krevet-za-pse-s-podignutim-rubovima\/#primaryimage"},"image":{"@id":"https:\/\/inti.hr\/sr\/proizvod\/krevet-za-pse-s-podignutim-rubovima\/#primaryimage"},"thumbnailUrl":"https:\/\/i0.wp.com\/inti.hr\/wp-content\/uploads\/2025\/06\/PGW283G01-1.jpg?fit=1000%2C1000&ssl=1","datePublished":"2025-06-05T11:30:43+00:00","dateModified":"2025-06-05T11:30:43+00:00","description":"\u00a0Pjenasti punjenje jastuka za pse je prozra\u010dno i pru\u017ea optimalnu potporu. Ubla\u017eava pritisak na zglobove va\u0161eg ljubimca i stvara udobno mjesto za odmor. Prekriven mekim flanelom i bar\u0161unom, ovaj mekani krevet za pse nudi vrhunsku udobnost \u010dim va\u0161 krzneni prijatelj legne i poti\u010de dublji i mirniji san. Krevet za pse savr\u0161en je za razli\u010dita mjesta, u zatvorenom prostoru, u uzgajiva\u010dnicama ili kavezima; neklizaju\u0107e dno odr\u017eava krevet stabilnim i pru\u017ea va\u0161em psu ve\u0107u sigurnost. Povi\u0161eni rubovi kreveta za pse, dobro podstavljeni PP punjenjem, podupiru glavu i vrat va\u0161eg \u010detverono\u017enog prijatelja i pru\u017eaju mu osje\u0107aj sigurnosti. Nizak ulaz omogu\u0107uje jednostavan pristup. Navlaka se mo\u017ee skinuti i prati u perilici rublja zahvaljuju\u0107i patentnom zatvara\u010du, punjenje se ne mo\u017ee prati; srednja flanelska navlaka s vodootpornim TPU slojem \u0161titi od manjih nezgoda.","breadcrumb":{"@id":"https:\/\/inti.hr\/sr\/proizvod\/krevet-za-pse-s-podignutim-rubovima\/#breadcrumb"},"inLanguage":"sr-RS","potentialAction":[{"@type":"ReadAction","target":["https:\/\/inti.hr\/sr\/proizvod\/krevet-za-pse-s-podignutim-rubovima\/"]}]},{"@type":"ImageObject","inLanguage":"sr-RS","@id":"https:\/\/inti.hr\/sr\/proizvod\/krevet-za-pse-s-podignutim-rubovima\/#primaryimage","url":"https:\/\/i0.wp.com\/inti.hr\/wp-content\/uploads\/2025\/06\/PGW283G01-1.jpg?fit=1000%2C1000&ssl=1","contentUrl":"https:\/\/i0.wp.com\/inti.hr\/wp-content\/uploads\/2025\/06\/PGW283G01-1.jpg?fit=1000%2C1000&ssl=1","width":1000,"height":1000,"caption":"Feandrea krevet za pse s podignutim rubovima 106 x 76 x 18 cm svijetlo siva"},{"@type":"BreadcrumbList","@id":"https:\/\/inti.hr\/sr\/proizvod\/krevet-za-pse-s-podignutim-rubovima\/#breadcrumb","itemListElement":[{"@type":"ListItem","position":1,"name":"Po\u010detna stranica","item":"https:\/\/inti.hr\/sr\/"},{"@type":"ListItem","position":2,"name":"Prodavnica","item":"https:\/\/inti.hr\/sr\/prodavnica\/"},{"@type":"ListItem","position":3,"name":"Krevet za pse s podignutim rubovima"}]},{"@type":"WebSite","@id":"https:\/\/inti.hr\/sr\/#website","url":"https:\/\/inti.hr\/sr\/","name":"Inti","description":"trgovina","potentialAction":[{"@type":"SearchAction","target":{"@type":"EntryPoint","urlTemplate":"https:\/\/inti.hr\/sr\/?s={search_term_string}"},"query-input":{"@type":"PropertyValueSpecification","valueRequired":true,"valueName":"search_term_string"}}],"inLanguage":"sr-RS"}]}},"jetpack_sharing_enabled":true,"jetpack-related-posts":[],"_links":{"self":[{"href":"https:\/\/inti.hr\/sr\/wp-json\/wp\/v2\/product\/34933"}],"collection":[{"href":"https:\/\/inti.hr\/sr\/wp-json\/wp\/v2\/product"}],"about":[{"href":"https:\/\/inti.hr\/sr\/wp-json\/wp\/v2\/types\/product"}],"wp:featuredmedia":[{"embeddable":true,"href":"https:\/\/inti.hr\/sr\/wp-json\/wp\/v2\/media\/34935"}],"wp:attachment":[{"href":"https:\/\/inti.hr\/sr\/wp-json\/wp\/v2\/media?parent=34933"}],"wp:term":[{"taxonomy":"product_cat","embeddable":true,"href":"https:\/\/inti.hr\/sr\/wp-json\/wp\/v2\/product_cat?post=34933"},{"taxonomy":"product_tag","embeddable":true,"href":"https:\/\/inti.hr\/sr\/wp-json\/wp\/v2\/product_tag?post=34933"}],"curies":[{"name":"wp","href":"https:\/\/api.w.org\/{rel}","templated":true}]}}