{"id":34989,"date":"2025-05-28T09:56:14","date_gmt":"2025-05-28T08:56:14","guid":{"rendered":"https:\/\/inti.hr\/product\/celicni-stalak-za-pica-s-3-razine-crna-boja\/"},"modified":"2025-05-28T09:56:14","modified_gmt":"2025-05-28T08:56:14","slug":"celicni-stalak-za-pica-s-3-razine-crna-boja","status":"publish","type":"product","link":"https:\/\/inti.hr\/sr\/proizvod\/celicni-stalak-za-pica-s-3-razine-crna-boja\/","title":{"rendered":"\u010celi\u010dni stalak za pi\u0107a s 3 razine, crna boja"},"content":{"rendered":"<ul>\n<li><b><span>Detalji o proizvodu:<\/span><\/b><\/li>\n<li><span>Boja: Crna tinta<\/span><\/li>\n<li><span>Materijal: \u010delik s pra\u0161kastim premazom<\/span><\/li>\n<li><span>Veli\u010dina: 32 x 70 x 125,4 cm (D x \u0160 x V)<\/span><\/li>\n<li><span>Te\u017eina: 5,2 kg<\/span><\/li>\n<li><span>Maks. stati\u010dka nosivost po razini: 30 kg<\/span><\/li>\n<li><span>Maks. stati\u010dka nosivost: 90 kg<\/span><\/li>\n<\/ul>\n","protected":false},"excerpt":{"rendered":"<p>Kompatibilno s gajbama za pi\u0107a za 12-24 boce; ima mjesta za &#8230; <\/p>\n","protected":false},"featured_media":34990,"template":"","meta":[],"product_cat":[2893],"product_tag":[4426,4427],"yoast_head":"<!-- This site is optimized with the Yoast SEO plugin v23.7 - https:\/\/yoast.com\/wordpress\/plugins\/seo\/ -->\n<title>\u010celi\u010dni stalak za pi\u0107a s 3 razine, crna boja - Inti<\/title>\n<meta name=\"description\" content=\"Kompatibilno s gajbama za pi\u0107a za 12-24 boce; ima mjesta za 6 sanduka od 12 boca ili 3 sanduka od 16\/20\/24 boce. Dovoljno prostora izme\u0111u kutija i okomitih \u0161ipki osigurava jednostavno i sigurno uklanjanje i postavljanje kutija; okomite \u0161ipke sa zaobljenim kutovima sprje\u010davaju ozljede tijekom upotrebe. Sa svojom klasi\u010dnom crnom bojom i minimalisti\u010dkim dizajnom, ovaj stalak za sanduke odgovara mnogim stilovima interijera. U kuhinji, u ostavi, u podrumu, na balkonu itd. \u2013 koristite ga kako \u017eelite. Sre\u0107om, ovaj stalak za pi\u0107e ne zahtijeva nikakve vijke. Jasne upute omogu\u0107uju vam brzo sastavljanje i uredno organiziranje kutija. Visokokvalitetni \u010delik s povr\u0161inskim premazom otpornim na hr\u0111u daje stalku za gajbe za pi\u0107a dug vijek trajanja i visoku nosivost \u2013 svaka razina mo\u017ee podnijeti do 30 kg, a ukupno do 90 kg.\" \/>\n<meta name=\"robots\" content=\"index, follow, max-snippet:-1, max-image-preview:large, max-video-preview:-1\" \/>\n<link rel=\"canonical\" href=\"https:\/\/inti.hr\/sr\/proizvod\/celicni-stalak-za-pica-s-3-razine-crna-boja\/\" \/>\n<meta property=\"og:locale\" content=\"sr_RS\" \/>\n<meta property=\"og:type\" content=\"article\" \/>\n<meta property=\"og:title\" content=\"\u010celi\u010dni stalak za pi\u0107a s 3 razine, crna boja - Inti\" \/>\n<meta property=\"og:description\" content=\"Kompatibilno s gajbama za pi\u0107a za 12-24 boce; ima mjesta za 6 sanduka od 12 boca ili 3 sanduka od 16\/20\/24 boce. Dovoljno prostora izme\u0111u kutija i okomitih \u0161ipki osigurava jednostavno i sigurno uklanjanje i postavljanje kutija; okomite \u0161ipke sa zaobljenim kutovima sprje\u010davaju ozljede tijekom upotrebe. Sa svojom klasi\u010dnom crnom bojom i minimalisti\u010dkim dizajnom, ovaj stalak za sanduke odgovara mnogim stilovima interijera. U kuhinji, u ostavi, u podrumu, na balkonu itd. \u2013 koristite ga kako \u017eelite. Sre\u0107om, ovaj stalak za pi\u0107e ne zahtijeva nikakve vijke. Jasne upute omogu\u0107uju vam brzo sastavljanje i uredno organiziranje kutija. Visokokvalitetni \u010delik s povr\u0161inskim premazom otpornim na hr\u0111u daje stalku za gajbe za pi\u0107a dug vijek trajanja i visoku nosivost \u2013 svaka razina mo\u017ee podnijeti do 30 kg, a ukupno do 90 kg.\" \/>\n<meta property=\"og:url\" content=\"https:\/\/inti.hr\/sr\/proizvod\/celicni-stalak-za-pica-s-3-razine-crna-boja\/\" \/>\n<meta property=\"og:site_name\" content=\"Inti\" \/>\n<meta property=\"og:image\" content=\"https:\/\/i0.wp.com\/inti.hr\/wp-content\/uploads\/2025\/05\/GYL001B01-2.jpg?fit=800%2C1000&ssl=1\" \/>\n\t<meta property=\"og:image:width\" content=\"800\" \/>\n\t<meta property=\"og:image:height\" content=\"1000\" \/>\n\t<meta property=\"og:image:type\" content=\"image\/jpeg\" \/>\n<meta name=\"twitter:card\" content=\"summary_large_image\" \/>\n<script type=\"application\/ld+json\" class=\"yoast-schema-graph\">{\"@context\":\"https:\/\/schema.org\",\"@graph\":[{\"@type\":\"WebPage\",\"@id\":\"https:\/\/inti.hr\/sr\/proizvod\/celicni-stalak-za-pica-s-3-razine-crna-boja\/\",\"url\":\"https:\/\/inti.hr\/sr\/proizvod\/celicni-stalak-za-pica-s-3-razine-crna-boja\/\",\"name\":\"\u010celi\u010dni stalak za pi\u0107a s 3 razine, crna boja - Inti\",\"isPartOf\":{\"@id\":\"https:\/\/inti.hr\/sr\/#website\"},\"primaryImageOfPage\":{\"@id\":\"https:\/\/inti.hr\/sr\/proizvod\/celicni-stalak-za-pica-s-3-razine-crna-boja\/#primaryimage\"},\"image\":{\"@id\":\"https:\/\/inti.hr\/sr\/proizvod\/celicni-stalak-za-pica-s-3-razine-crna-boja\/#primaryimage\"},\"thumbnailUrl\":\"https:\/\/i0.wp.com\/inti.hr\/wp-content\/uploads\/2025\/05\/GYL001B01-2.jpg?fit=800%2C1000&ssl=1\",\"datePublished\":\"2025-05-28T08:56:14+00:00\",\"dateModified\":\"2025-05-28T08:56:14+00:00\",\"description\":\"Kompatibilno s gajbama za pi\u0107a za 12-24 boce; ima mjesta za 6 sanduka od 12 boca ili 3 sanduka od 16\/20\/24 boce. Dovoljno prostora izme\u0111u kutija i okomitih \u0161ipki osigurava jednostavno i sigurno uklanjanje i postavljanje kutija; okomite \u0161ipke sa zaobljenim kutovima sprje\u010davaju ozljede tijekom upotrebe. Sa svojom klasi\u010dnom crnom bojom i minimalisti\u010dkim dizajnom, ovaj stalak za sanduke odgovara mnogim stilovima interijera. U kuhinji, u ostavi, u podrumu, na balkonu itd. \u2013 koristite ga kako \u017eelite. Sre\u0107om, ovaj stalak za pi\u0107e ne zahtijeva nikakve vijke. Jasne upute omogu\u0107uju vam brzo sastavljanje i uredno organiziranje kutija. Visokokvalitetni \u010delik s povr\u0161inskim premazom otpornim na hr\u0111u daje stalku za gajbe za pi\u0107a dug vijek trajanja i visoku nosivost \u2013 svaka razina mo\u017ee podnijeti do 30 kg, a ukupno do 90 kg.\",\"breadcrumb\":{\"@id\":\"https:\/\/inti.hr\/sr\/proizvod\/celicni-stalak-za-pica-s-3-razine-crna-boja\/#breadcrumb\"},\"inLanguage\":\"sr-RS\",\"potentialAction\":[{\"@type\":\"ReadAction\",\"target\":[\"https:\/\/inti.hr\/sr\/proizvod\/celicni-stalak-za-pica-s-3-razine-crna-boja\/\"]}]},{\"@type\":\"ImageObject\",\"inLanguage\":\"sr-RS\",\"@id\":\"https:\/\/inti.hr\/sr\/proizvod\/celicni-stalak-za-pica-s-3-razine-crna-boja\/#primaryimage\",\"url\":\"https:\/\/i0.wp.com\/inti.hr\/wp-content\/uploads\/2025\/05\/GYL001B01-2.jpg?fit=800%2C1000&ssl=1\",\"contentUrl\":\"https:\/\/i0.wp.com\/inti.hr\/wp-content\/uploads\/2025\/05\/GYL001B01-2.jpg?fit=800%2C1000&ssl=1\",\"width\":800,\"height\":1000},{\"@type\":\"BreadcrumbList\",\"@id\":\"https:\/\/inti.hr\/sr\/proizvod\/celicni-stalak-za-pica-s-3-razine-crna-boja\/#breadcrumb\",\"itemListElement\":[{\"@type\":\"ListItem\",\"position\":1,\"name\":\"Po\u010detna stranica\",\"item\":\"https:\/\/inti.hr\/sr\/\"},{\"@type\":\"ListItem\",\"position\":2,\"name\":\"Prodavnica\",\"item\":\"https:\/\/inti.hr\/sr\/prodavnica\/\"},{\"@type\":\"ListItem\",\"position\":3,\"name\":\"\u010celi\u010dni stalak za pi\u0107a s 3 razine, crna boja\"}]},{\"@type\":\"WebSite\",\"@id\":\"https:\/\/inti.hr\/sr\/#website\",\"url\":\"https:\/\/inti.hr\/sr\/\",\"name\":\"Inti\",\"description\":\"trgovina\",\"potentialAction\":[{\"@type\":\"SearchAction\",\"target\":{\"@type\":\"EntryPoint\",\"urlTemplate\":\"https:\/\/inti.hr\/sr\/?s={search_term_string}\"},\"query-input\":{\"@type\":\"PropertyValueSpecification\",\"valueRequired\":true,\"valueName\":\"search_term_string\"}}],\"inLanguage\":\"sr-RS\"}]}<\/script>\n<!-- \/ Yoast SEO plugin. -->","yoast_head_json":{"title":"\u010celi\u010dni stalak za pi\u0107a s 3 razine, crna boja - Inti","description":"Kompatibilno s gajbama za pi\u0107a za 12-24 boce; ima mjesta za 6 sanduka od 12 boca ili 3 sanduka od 16\/20\/24 boce. Dovoljno prostora izme\u0111u kutija i okomitih \u0161ipki osigurava jednostavno i sigurno uklanjanje i postavljanje kutija; okomite \u0161ipke sa zaobljenim kutovima sprje\u010davaju ozljede tijekom upotrebe. Sa svojom klasi\u010dnom crnom bojom i minimalisti\u010dkim dizajnom, ovaj stalak za sanduke odgovara mnogim stilovima interijera. U kuhinji, u ostavi, u podrumu, na balkonu itd. \u2013 koristite ga kako \u017eelite. Sre\u0107om, ovaj stalak za pi\u0107e ne zahtijeva nikakve vijke. Jasne upute omogu\u0107uju vam brzo sastavljanje i uredno organiziranje kutija. Visokokvalitetni \u010delik s povr\u0161inskim premazom otpornim na hr\u0111u daje stalku za gajbe za pi\u0107a dug vijek trajanja i visoku nosivost \u2013 svaka razina mo\u017ee podnijeti do 30 kg, a ukupno do 90 kg.","robots":{"index":"index","follow":"follow","max-snippet":"max-snippet:-1","max-image-preview":"max-image-preview:large","max-video-preview":"max-video-preview:-1"},"canonical":"https:\/\/inti.hr\/sr\/proizvod\/celicni-stalak-za-pica-s-3-razine-crna-boja\/","og_locale":"sr_RS","og_type":"article","og_title":"\u010celi\u010dni stalak za pi\u0107a s 3 razine, crna boja - Inti","og_description":"Kompatibilno s gajbama za pi\u0107a za 12-24 boce; ima mjesta za 6 sanduka od 12 boca ili 3 sanduka od 16\/20\/24 boce. Dovoljno prostora izme\u0111u kutija i okomitih \u0161ipki osigurava jednostavno i sigurno uklanjanje i postavljanje kutija; okomite \u0161ipke sa zaobljenim kutovima sprje\u010davaju ozljede tijekom upotrebe. Sa svojom klasi\u010dnom crnom bojom i minimalisti\u010dkim dizajnom, ovaj stalak za sanduke odgovara mnogim stilovima interijera. U kuhinji, u ostavi, u podrumu, na balkonu itd. \u2013 koristite ga kako \u017eelite. Sre\u0107om, ovaj stalak za pi\u0107e ne zahtijeva nikakve vijke. Jasne upute omogu\u0107uju vam brzo sastavljanje i uredno organiziranje kutija. Visokokvalitetni \u010delik s povr\u0161inskim premazom otpornim na hr\u0111u daje stalku za gajbe za pi\u0107a dug vijek trajanja i visoku nosivost \u2013 svaka razina mo\u017ee podnijeti do 30 kg, a ukupno do 90 kg.","og_url":"https:\/\/inti.hr\/sr\/proizvod\/celicni-stalak-za-pica-s-3-razine-crna-boja\/","og_site_name":"Inti","og_image":[{"width":800,"height":1000,"url":"https:\/\/i0.wp.com\/inti.hr\/wp-content\/uploads\/2025\/05\/GYL001B01-2.jpg?fit=800%2C1000&ssl=1","type":"image\/jpeg"}],"twitter_card":"summary_large_image","schema":{"@context":"https:\/\/schema.org","@graph":[{"@type":"WebPage","@id":"https:\/\/inti.hr\/sr\/proizvod\/celicni-stalak-za-pica-s-3-razine-crna-boja\/","url":"https:\/\/inti.hr\/sr\/proizvod\/celicni-stalak-za-pica-s-3-razine-crna-boja\/","name":"\u010celi\u010dni stalak za pi\u0107a s 3 razine, crna boja - Inti","isPartOf":{"@id":"https:\/\/inti.hr\/sr\/#website"},"primaryImageOfPage":{"@id":"https:\/\/inti.hr\/sr\/proizvod\/celicni-stalak-za-pica-s-3-razine-crna-boja\/#primaryimage"},"image":{"@id":"https:\/\/inti.hr\/sr\/proizvod\/celicni-stalak-za-pica-s-3-razine-crna-boja\/#primaryimage"},"thumbnailUrl":"https:\/\/i0.wp.com\/inti.hr\/wp-content\/uploads\/2025\/05\/GYL001B01-2.jpg?fit=800%2C1000&ssl=1","datePublished":"2025-05-28T08:56:14+00:00","dateModified":"2025-05-28T08:56:14+00:00","description":"Kompatibilno s gajbama za pi\u0107a za 12-24 boce; ima mjesta za 6 sanduka od 12 boca ili 3 sanduka od 16\/20\/24 boce. Dovoljno prostora izme\u0111u kutija i okomitih \u0161ipki osigurava jednostavno i sigurno uklanjanje i postavljanje kutija; okomite \u0161ipke sa zaobljenim kutovima sprje\u010davaju ozljede tijekom upotrebe. Sa svojom klasi\u010dnom crnom bojom i minimalisti\u010dkim dizajnom, ovaj stalak za sanduke odgovara mnogim stilovima interijera. U kuhinji, u ostavi, u podrumu, na balkonu itd. \u2013 koristite ga kako \u017eelite. Sre\u0107om, ovaj stalak za pi\u0107e ne zahtijeva nikakve vijke. Jasne upute omogu\u0107uju vam brzo sastavljanje i uredno organiziranje kutija. Visokokvalitetni \u010delik s povr\u0161inskim premazom otpornim na hr\u0111u daje stalku za gajbe za pi\u0107a dug vijek trajanja i visoku nosivost \u2013 svaka razina mo\u017ee podnijeti do 30 kg, a ukupno do 90 kg.","breadcrumb":{"@id":"https:\/\/inti.hr\/sr\/proizvod\/celicni-stalak-za-pica-s-3-razine-crna-boja\/#breadcrumb"},"inLanguage":"sr-RS","potentialAction":[{"@type":"ReadAction","target":["https:\/\/inti.hr\/sr\/proizvod\/celicni-stalak-za-pica-s-3-razine-crna-boja\/"]}]},{"@type":"ImageObject","inLanguage":"sr-RS","@id":"https:\/\/inti.hr\/sr\/proizvod\/celicni-stalak-za-pica-s-3-razine-crna-boja\/#primaryimage","url":"https:\/\/i0.wp.com\/inti.hr\/wp-content\/uploads\/2025\/05\/GYL001B01-2.jpg?fit=800%2C1000&ssl=1","contentUrl":"https:\/\/i0.wp.com\/inti.hr\/wp-content\/uploads\/2025\/05\/GYL001B01-2.jpg?fit=800%2C1000&ssl=1","width":800,"height":1000},{"@type":"BreadcrumbList","@id":"https:\/\/inti.hr\/sr\/proizvod\/celicni-stalak-za-pica-s-3-razine-crna-boja\/#breadcrumb","itemListElement":[{"@type":"ListItem","position":1,"name":"Po\u010detna stranica","item":"https:\/\/inti.hr\/sr\/"},{"@type":"ListItem","position":2,"name":"Prodavnica","item":"https:\/\/inti.hr\/sr\/prodavnica\/"},{"@type":"ListItem","position":3,"name":"\u010celi\u010dni stalak za pi\u0107a s 3 razine, crna boja"}]},{"@type":"WebSite","@id":"https:\/\/inti.hr\/sr\/#website","url":"https:\/\/inti.hr\/sr\/","name":"Inti","description":"trgovina","potentialAction":[{"@type":"SearchAction","target":{"@type":"EntryPoint","urlTemplate":"https:\/\/inti.hr\/sr\/?s={search_term_string}"},"query-input":{"@type":"PropertyValueSpecification","valueRequired":true,"valueName":"search_term_string"}}],"inLanguage":"sr-RS"}]}},"jetpack_sharing_enabled":true,"jetpack-related-posts":[],"_links":{"self":[{"href":"https:\/\/inti.hr\/sr\/wp-json\/wp\/v2\/product\/34989"}],"collection":[{"href":"https:\/\/inti.hr\/sr\/wp-json\/wp\/v2\/product"}],"about":[{"href":"https:\/\/inti.hr\/sr\/wp-json\/wp\/v2\/types\/product"}],"wp:featuredmedia":[{"embeddable":true,"href":"https:\/\/inti.hr\/sr\/wp-json\/wp\/v2\/media\/34990"}],"wp:attachment":[{"href":"https:\/\/inti.hr\/sr\/wp-json\/wp\/v2\/media?parent=34989"}],"wp:term":[{"taxonomy":"product_cat","embeddable":true,"href":"https:\/\/inti.hr\/sr\/wp-json\/wp\/v2\/product_cat?post=34989"},{"taxonomy":"product_tag","embeddable":true,"href":"https:\/\/inti.hr\/sr\/wp-json\/wp\/v2\/product_tag?post=34989"}],"curies":[{"name":"wp","href":"https:\/\/api.w.org\/{rel}","templated":true}]}}