{"id":34995,"date":"2025-05-23T08:36:49","date_gmt":"2025-05-23T07:36:49","guid":{"rendered":"https:\/\/inti.hr\/product\/sklopiva-sjenica-3x3-m\/"},"modified":"2025-05-23T08:36:49","modified_gmt":"2025-05-23T07:36:49","slug":"sklopiva-sjenica-3x3-m","status":"publish","type":"product","link":"https:\/\/inti.hr\/sr\/proizvod\/sklopiva-sjenica-3x3-m\/","title":{"rendered":"Sklopiva sjenica 3&#215;3 m"},"content":{"rendered":"<p>Tehni\u010dki podaci<br \/>\nMaterijal: 210D Oxford tkanina + \u017eeljezna cijev + mre\u017easta tkanina + PE plasti\u010dni konektor<br \/>\nBoja: Antracit\/Be\u017e<br \/>\nVeli\u010dina proizvoda: 3 x 3 x 2,76 m (kada je rasklopljen)<br \/>\nTe\u017eina: cca. 17,15 kg<\/p>\n","protected":false},"excerpt":{"rendered":"<ul>\n<li><span>PROSTORAN PROSTOR ZA VE\u0106U UDOBNOST: Ova sklopiva sjenica dimenzija 3&#215;3 &#8230;<br \/>\n","protected":false},"featured_media":34996,"template":"","meta":[],"product_cat":[2485],"product_tag":[4429,2464],"yoast_head":"<!-- This site is optimized with the Yoast SEO plugin v23.7 - https:\/\/yoast.com\/wordpress\/plugins\/seo\/ -->\n<title>Sklopiva sjenica 3x3 m - Inti<\/title>\n<meta name=\"description\" content=\"PROSTORAN PROSTOR ZA VE\u0106U UDOBNOST: Ova sklopiva sjenica dimenzija 3x3 metra s 3 podesive visine (256, 266, 276 cm) dizajnirana je za stvaranje prostranog i prakti\u010dnog zaklonjenog prostora. Pro\u0161irena streha pove\u0107ava zasjenjeno podru\u010dje. S ovom sjenicom dimenzija 3x3 m mo\u017eete lako stvoriti ugodno mjesto za opu\u0161tanje na otvorenom.KVALITETNI MATERIJALI: Okvir ovog \u0161atora za zabave izra\u0111en je od visokokvalitetne plasti\u010dno brizgane, zadebljane \u010deli\u010dne cijevi kako bi se osigurala \u010dvrsta i stabilna struktura, otporna na vjetar i izdr\u017eljiva. Krov je izra\u0111en od 210D Oxford tkanine sa srebrnim premazom, koja je otporna na starenje, UV zra\u010denje, vodu, habanje i kidanje. Drena\u017eni otvori na krovu u\u010dinkovito sprje\u010davaju nakupljanje ki\u0161nice.DIZAJN VENTILACIJE: Dvostruki dizajn nadstre\u0161nice s ventilacijskim otvorima nije samo lijep i prakti\u010dan, ve\u0107 i ubrzava cirkulaciju zraka i odr\u017eava unutra\u0161njost hladnom. Uklonjiva mre\u017ea protiv komaraca na sve \u010detiri bo\u010dne stijenke osigurava dobru prozra\u010dnost i sprje\u010dava ulazak komaraca. Prednja i stra\u017enja strana opremljene su patentnim zatvara\u010dem.STABILNA I JEDNOSTAVNA SASTAVLJANJE: Ova sklopiva sjenica dimenzija 3x3 m dolazi s klinovima za tlo i u\u017eetom otpornim na vjetar kako bi se osigurala sigurna i otporna na vjetar ugradnja. Sklopivi dizajn olak\u0161ava postavljanje i skladi\u0161tenje vrtne sjenice. Prilo\u017eena torba za no\u0161enje olak\u0161ava skladi\u0161tenje i transport.SVESTRANO: Dvostruki vrtni \u0161ator nudi vam sjenoviti vanjski prostor za za\u0161titu od vjetra i ki\u0161e te je savr\u0161en partner za kampiranje, zabave, sajmove, sportove na otvorenom i druge aktivnosti na otvorenom.\" \/>\n<meta name=\"robots\" content=\"index, follow, max-snippet:-1, max-image-preview:large, max-video-preview:-1\" \/>\n<link rel=\"canonical\" href=\"https:\/\/inti.hr\/sr\/proizvod\/sklopiva-sjenica-3x3-m\/\" \/>\n<meta property=\"og:locale\" content=\"sr_RS\" \/>\n<meta property=\"og:type\" content=\"article\" \/>\n<meta property=\"og:title\" content=\"Sklopiva sjenica 3x3 m - Inti\" \/>\n<meta property=\"og:description\" content=\"PROSTORAN PROSTOR ZA VE\u0106U UDOBNOST: Ova sklopiva sjenica dimenzija 3x3 metra s 3 podesive visine (256, 266, 276 cm) dizajnirana je za stvaranje prostranog i prakti\u010dnog zaklonjenog prostora. Pro\u0161irena streha pove\u0107ava zasjenjeno podru\u010dje. S ovom sjenicom dimenzija 3x3 m mo\u017eete lako stvoriti ugodno mjesto za opu\u0161tanje na otvorenom.KVALITETNI MATERIJALI: Okvir ovog \u0161atora za zabave izra\u0111en je od visokokvalitetne plasti\u010dno brizgane, zadebljane \u010deli\u010dne cijevi kako bi se osigurala \u010dvrsta i stabilna struktura, otporna na vjetar i izdr\u017eljiva. Krov je izra\u0111en od 210D Oxford tkanine sa srebrnim premazom, koja je otporna na starenje, UV zra\u010denje, vodu, habanje i kidanje. Drena\u017eni otvori na krovu u\u010dinkovito sprje\u010davaju nakupljanje ki\u0161nice.DIZAJN VENTILACIJE: Dvostruki dizajn nadstre\u0161nice s ventilacijskim otvorima nije samo lijep i prakti\u010dan, ve\u0107 i ubrzava cirkulaciju zraka i odr\u017eava unutra\u0161njost hladnom. Uklonjiva mre\u017ea protiv komaraca na sve \u010detiri bo\u010dne stijenke osigurava dobru prozra\u010dnost i sprje\u010dava ulazak komaraca. Prednja i stra\u017enja strana opremljene su patentnim zatvara\u010dem.STABILNA I JEDNOSTAVNA SASTAVLJANJE: Ova sklopiva sjenica dimenzija 3x3 m dolazi s klinovima za tlo i u\u017eetom otpornim na vjetar kako bi se osigurala sigurna i otporna na vjetar ugradnja. Sklopivi dizajn olak\u0161ava postavljanje i skladi\u0161tenje vrtne sjenice. Prilo\u017eena torba za no\u0161enje olak\u0161ava skladi\u0161tenje i transport.SVESTRANO: Dvostruki vrtni \u0161ator nudi vam sjenoviti vanjski prostor za za\u0161titu od vjetra i ki\u0161e te je savr\u0161en partner za kampiranje, zabave, sajmove, sportove na otvorenom i druge aktivnosti na otvorenom.\" \/>\n<meta property=\"og:url\" content=\"https:\/\/inti.hr\/sr\/proizvod\/sklopiva-sjenica-3x3-m\/\" \/>\n<meta property=\"og:site_name\" content=\"Inti\" \/>\n<meta property=\"og:image\" content=\"https:\/\/i0.wp.com\/inti.hr\/wp-content\/uploads\/2025\/05\/Pavillon-3x3-m-Moskitonetz-wasserdicht-stabil-hoehenverstellbar-UV-Schutz-W0UETT0941-Anthrazit4_600x600.jpg?fit=600%2C600&ssl=1\" \/>\n\t<meta property=\"og:image:width\" content=\"600\" \/>\n\t<meta property=\"og:image:height\" content=\"600\" \/>\n\t<meta property=\"og:image:type\" content=\"image\/jpeg\" \/>\n<meta name=\"twitter:card\" content=\"summary_large_image\" \/>\n<script type=\"application\/ld+json\" class=\"yoast-schema-graph\">{\"@context\":\"https:\/\/schema.org\",\"@graph\":[{\"@type\":\"WebPage\",\"@id\":\"https:\/\/inti.hr\/sr\/proizvod\/sklopiva-sjenica-3x3-m\/\",\"url\":\"https:\/\/inti.hr\/sr\/proizvod\/sklopiva-sjenica-3x3-m\/\",\"name\":\"Sklopiva sjenica 3x3 m - Inti\",\"isPartOf\":{\"@id\":\"https:\/\/inti.hr\/sr\/#website\"},\"primaryImageOfPage\":{\"@id\":\"https:\/\/inti.hr\/sr\/proizvod\/sklopiva-sjenica-3x3-m\/#primaryimage\"},\"image\":{\"@id\":\"https:\/\/inti.hr\/sr\/proizvod\/sklopiva-sjenica-3x3-m\/#primaryimage\"},\"thumbnailUrl\":\"https:\/\/i0.wp.com\/inti.hr\/wp-content\/uploads\/2025\/05\/Pavillon-3x3-m-Moskitonetz-wasserdicht-stabil-hoehenverstellbar-UV-Schutz-W0UETT0941-Anthrazit4_600x600.jpg?fit=600%2C600&ssl=1\",\"datePublished\":\"2025-05-23T07:36:49+00:00\",\"dateModified\":\"2025-05-23T07:36:49+00:00\",\"description\":\"PROSTORAN PROSTOR ZA VE\u0106U UDOBNOST: Ova sklopiva sjenica dimenzija 3x3 metra s 3 podesive visine (256, 266, 276 cm) dizajnirana je za stvaranje prostranog i prakti\u010dnog zaklonjenog prostora. Pro\u0161irena streha pove\u0107ava zasjenjeno podru\u010dje. S ovom sjenicom dimenzija 3x3 m mo\u017eete lako stvoriti ugodno mjesto za opu\u0161tanje na otvorenom.KVALITETNI MATERIJALI: Okvir ovog \u0161atora za zabave izra\u0111en je od visokokvalitetne plasti\u010dno brizgane, zadebljane \u010deli\u010dne cijevi kako bi se osigurala \u010dvrsta i stabilna struktura, otporna na vjetar i izdr\u017eljiva. Krov je izra\u0111en od 210D Oxford tkanine sa srebrnim premazom, koja je otporna na starenje, UV zra\u010denje, vodu, habanje i kidanje. Drena\u017eni otvori na krovu u\u010dinkovito sprje\u010davaju nakupljanje ki\u0161nice.DIZAJN VENTILACIJE: Dvostruki dizajn nadstre\u0161nice s ventilacijskim otvorima nije samo lijep i prakti\u010dan, ve\u0107 i ubrzava cirkulaciju zraka i odr\u017eava unutra\u0161njost hladnom. Uklonjiva mre\u017ea protiv komaraca na sve \u010detiri bo\u010dne stijenke osigurava dobru prozra\u010dnost i sprje\u010dava ulazak komaraca. Prednja i stra\u017enja strana opremljene su patentnim zatvara\u010dem.STABILNA I JEDNOSTAVNA SASTAVLJANJE: Ova sklopiva sjenica dimenzija 3x3 m dolazi s klinovima za tlo i u\u017eetom otpornim na vjetar kako bi se osigurala sigurna i otporna na vjetar ugradnja. Sklopivi dizajn olak\u0161ava postavljanje i skladi\u0161tenje vrtne sjenice. Prilo\u017eena torba za no\u0161enje olak\u0161ava skladi\u0161tenje i transport.SVESTRANO: Dvostruki vrtni \u0161ator nudi vam sjenoviti vanjski prostor za za\u0161titu od vjetra i ki\u0161e te je savr\u0161en partner za kampiranje, zabave, sajmove, sportove na otvorenom i druge aktivnosti na otvorenom.\",\"breadcrumb\":{\"@id\":\"https:\/\/inti.hr\/sr\/proizvod\/sklopiva-sjenica-3x3-m\/#breadcrumb\"},\"inLanguage\":\"sr-RS\",\"potentialAction\":[{\"@type\":\"ReadAction\",\"target\":[\"https:\/\/inti.hr\/sr\/proizvod\/sklopiva-sjenica-3x3-m\/\"]}]},{\"@type\":\"ImageObject\",\"inLanguage\":\"sr-RS\",\"@id\":\"https:\/\/inti.hr\/sr\/proizvod\/sklopiva-sjenica-3x3-m\/#primaryimage\",\"url\":\"https:\/\/i0.wp.com\/inti.hr\/wp-content\/uploads\/2025\/05\/Pavillon-3x3-m-Moskitonetz-wasserdicht-stabil-hoehenverstellbar-UV-Schutz-W0UETT0941-Anthrazit4_600x600.jpg?fit=600%2C600&ssl=1\",\"contentUrl\":\"https:\/\/i0.wp.com\/inti.hr\/wp-content\/uploads\/2025\/05\/Pavillon-3x3-m-Moskitonetz-wasserdicht-stabil-hoehenverstellbar-UV-Schutz-W0UETT0941-Anthrazit4_600x600.jpg?fit=600%2C600&ssl=1\",\"width\":600,\"height\":600,\"caption\":\"WOLTU sjenica 3x3 m, mre\u017ea protiv komaraca, vodootporna, stabilna, podesiva visina, UV za\u0161tita, be\u017e\"},{\"@type\":\"BreadcrumbList\",\"@id\":\"https:\/\/inti.hr\/sr\/proizvod\/sklopiva-sjenica-3x3-m\/#breadcrumb\",\"itemListElement\":[{\"@type\":\"ListItem\",\"position\":1,\"name\":\"Po\u010detna stranica\",\"item\":\"https:\/\/inti.hr\/sr\/\"},{\"@type\":\"ListItem\",\"position\":2,\"name\":\"Prodavnica\",\"item\":\"https:\/\/inti.hr\/sr\/prodavnica\/\"},{\"@type\":\"ListItem\",\"position\":3,\"name\":\"Sklopiva sjenica 3&#215;3 m\"}]},{\"@type\":\"WebSite\",\"@id\":\"https:\/\/inti.hr\/sr\/#website\",\"url\":\"https:\/\/inti.hr\/sr\/\",\"name\":\"Inti\",\"description\":\"trgovina\",\"potentialAction\":[{\"@type\":\"SearchAction\",\"target\":{\"@type\":\"EntryPoint\",\"urlTemplate\":\"https:\/\/inti.hr\/sr\/?s={search_term_string}\"},\"query-input\":{\"@type\":\"PropertyValueSpecification\",\"valueRequired\":true,\"valueName\":\"search_term_string\"}}],\"inLanguage\":\"sr-RS\"}]}<\/script>\n<!-- \/ Yoast SEO plugin. -->","yoast_head_json":{"title":"Sklopiva sjenica 3x3 m - Inti","description":"PROSTORAN PROSTOR ZA VE\u0106U UDOBNOST: Ova sklopiva sjenica dimenzija 3x3 metra s 3 podesive visine (256, 266, 276 cm) dizajnirana je za stvaranje prostranog i prakti\u010dnog zaklonjenog prostora. Pro\u0161irena streha pove\u0107ava zasjenjeno podru\u010dje. S ovom sjenicom dimenzija 3x3 m mo\u017eete lako stvoriti ugodno mjesto za opu\u0161tanje na otvorenom.KVALITETNI MATERIJALI: Okvir ovog \u0161atora za zabave izra\u0111en je od visokokvalitetne plasti\u010dno brizgane, zadebljane \u010deli\u010dne cijevi kako bi se osigurala \u010dvrsta i stabilna struktura, otporna na vjetar i izdr\u017eljiva. Krov je izra\u0111en od 210D Oxford tkanine sa srebrnim premazom, koja je otporna na starenje, UV zra\u010denje, vodu, habanje i kidanje. Drena\u017eni otvori na krovu u\u010dinkovito sprje\u010davaju nakupljanje ki\u0161nice.DIZAJN VENTILACIJE: Dvostruki dizajn nadstre\u0161nice s ventilacijskim otvorima nije samo lijep i prakti\u010dan, ve\u0107 i ubrzava cirkulaciju zraka i odr\u017eava unutra\u0161njost hladnom. Uklonjiva mre\u017ea protiv komaraca na sve \u010detiri bo\u010dne stijenke osigurava dobru prozra\u010dnost i sprje\u010dava ulazak komaraca. Prednja i stra\u017enja strana opremljene su patentnim zatvara\u010dem.STABILNA I JEDNOSTAVNA SASTAVLJANJE: Ova sklopiva sjenica dimenzija 3x3 m dolazi s klinovima za tlo i u\u017eetom otpornim na vjetar kako bi se osigurala sigurna i otporna na vjetar ugradnja. Sklopivi dizajn olak\u0161ava postavljanje i skladi\u0161tenje vrtne sjenice. Prilo\u017eena torba za no\u0161enje olak\u0161ava skladi\u0161tenje i transport.SVESTRANO: Dvostruki vrtni \u0161ator nudi vam sjenoviti vanjski prostor za za\u0161titu od vjetra i ki\u0161e te je savr\u0161en partner za kampiranje, zabave, sajmove, sportove na otvorenom i druge aktivnosti na otvorenom.","robots":{"index":"index","follow":"follow","max-snippet":"max-snippet:-1","max-image-preview":"max-image-preview:large","max-video-preview":"max-video-preview:-1"},"canonical":"https:\/\/inti.hr\/sr\/proizvod\/sklopiva-sjenica-3x3-m\/","og_locale":"sr_RS","og_type":"article","og_title":"Sklopiva sjenica 3x3 m - Inti","og_description":"PROSTORAN PROSTOR ZA VE\u0106U UDOBNOST: Ova sklopiva sjenica dimenzija 3x3 metra s 3 podesive visine (256, 266, 276 cm) dizajnirana je za stvaranje prostranog i prakti\u010dnog zaklonjenog prostora. Pro\u0161irena streha pove\u0107ava zasjenjeno podru\u010dje. S ovom sjenicom dimenzija 3x3 m mo\u017eete lako stvoriti ugodno mjesto za opu\u0161tanje na otvorenom.KVALITETNI MATERIJALI: Okvir ovog \u0161atora za zabave izra\u0111en je od visokokvalitetne plasti\u010dno brizgane, zadebljane \u010deli\u010dne cijevi kako bi se osigurala \u010dvrsta i stabilna struktura, otporna na vjetar i izdr\u017eljiva. Krov je izra\u0111en od 210D Oxford tkanine sa srebrnim premazom, koja je otporna na starenje, UV zra\u010denje, vodu, habanje i kidanje. Drena\u017eni otvori na krovu u\u010dinkovito sprje\u010davaju nakupljanje ki\u0161nice.DIZAJN VENTILACIJE: Dvostruki dizajn nadstre\u0161nice s ventilacijskim otvorima nije samo lijep i prakti\u010dan, ve\u0107 i ubrzava cirkulaciju zraka i odr\u017eava unutra\u0161njost hladnom. Uklonjiva mre\u017ea protiv komaraca na sve \u010detiri bo\u010dne stijenke osigurava dobru prozra\u010dnost i sprje\u010dava ulazak komaraca. Prednja i stra\u017enja strana opremljene su patentnim zatvara\u010dem.STABILNA I JEDNOSTAVNA SASTAVLJANJE: Ova sklopiva sjenica dimenzija 3x3 m dolazi s klinovima za tlo i u\u017eetom otpornim na vjetar kako bi se osigurala sigurna i otporna na vjetar ugradnja. Sklopivi dizajn olak\u0161ava postavljanje i skladi\u0161tenje vrtne sjenice. Prilo\u017eena torba za no\u0161enje olak\u0161ava skladi\u0161tenje i transport.SVESTRANO: Dvostruki vrtni \u0161ator nudi vam sjenoviti vanjski prostor za za\u0161titu od vjetra i ki\u0161e te je savr\u0161en partner za kampiranje, zabave, sajmove, sportove na otvorenom i druge aktivnosti na otvorenom.","og_url":"https:\/\/inti.hr\/sr\/proizvod\/sklopiva-sjenica-3x3-m\/","og_site_name":"Inti","og_image":[{"width":600,"height":600,"url":"https:\/\/i0.wp.com\/inti.hr\/wp-content\/uploads\/2025\/05\/Pavillon-3x3-m-Moskitonetz-wasserdicht-stabil-hoehenverstellbar-UV-Schutz-W0UETT0941-Anthrazit4_600x600.jpg?fit=600%2C600&ssl=1","type":"image\/jpeg"}],"twitter_card":"summary_large_image","schema":{"@context":"https:\/\/schema.org","@graph":[{"@type":"WebPage","@id":"https:\/\/inti.hr\/sr\/proizvod\/sklopiva-sjenica-3x3-m\/","url":"https:\/\/inti.hr\/sr\/proizvod\/sklopiva-sjenica-3x3-m\/","name":"Sklopiva sjenica 3x3 m - Inti","isPartOf":{"@id":"https:\/\/inti.hr\/sr\/#website"},"primaryImageOfPage":{"@id":"https:\/\/inti.hr\/sr\/proizvod\/sklopiva-sjenica-3x3-m\/#primaryimage"},"image":{"@id":"https:\/\/inti.hr\/sr\/proizvod\/sklopiva-sjenica-3x3-m\/#primaryimage"},"thumbnailUrl":"https:\/\/i0.wp.com\/inti.hr\/wp-content\/uploads\/2025\/05\/Pavillon-3x3-m-Moskitonetz-wasserdicht-stabil-hoehenverstellbar-UV-Schutz-W0UETT0941-Anthrazit4_600x600.jpg?fit=600%2C600&ssl=1","datePublished":"2025-05-23T07:36:49+00:00","dateModified":"2025-05-23T07:36:49+00:00","description":"PROSTORAN PROSTOR ZA VE\u0106U UDOBNOST: Ova sklopiva sjenica dimenzija 3x3 metra s 3 podesive visine (256, 266, 276 cm) dizajnirana je za stvaranje prostranog i prakti\u010dnog zaklonjenog prostora. Pro\u0161irena streha pove\u0107ava zasjenjeno podru\u010dje. S ovom sjenicom dimenzija 3x3 m mo\u017eete lako stvoriti ugodno mjesto za opu\u0161tanje na otvorenom.KVALITETNI MATERIJALI: Okvir ovog \u0161atora za zabave izra\u0111en je od visokokvalitetne plasti\u010dno brizgane, zadebljane \u010deli\u010dne cijevi kako bi se osigurala \u010dvrsta i stabilna struktura, otporna na vjetar i izdr\u017eljiva. Krov je izra\u0111en od 210D Oxford tkanine sa srebrnim premazom, koja je otporna na starenje, UV zra\u010denje, vodu, habanje i kidanje. Drena\u017eni otvori na krovu u\u010dinkovito sprje\u010davaju nakupljanje ki\u0161nice.DIZAJN VENTILACIJE: Dvostruki dizajn nadstre\u0161nice s ventilacijskim otvorima nije samo lijep i prakti\u010dan, ve\u0107 i ubrzava cirkulaciju zraka i odr\u017eava unutra\u0161njost hladnom. Uklonjiva mre\u017ea protiv komaraca na sve \u010detiri bo\u010dne stijenke osigurava dobru prozra\u010dnost i sprje\u010dava ulazak komaraca. Prednja i stra\u017enja strana opremljene su patentnim zatvara\u010dem.STABILNA I JEDNOSTAVNA SASTAVLJANJE: Ova sklopiva sjenica dimenzija 3x3 m dolazi s klinovima za tlo i u\u017eetom otpornim na vjetar kako bi se osigurala sigurna i otporna na vjetar ugradnja. Sklopivi dizajn olak\u0161ava postavljanje i skladi\u0161tenje vrtne sjenice. Prilo\u017eena torba za no\u0161enje olak\u0161ava skladi\u0161tenje i transport.SVESTRANO: Dvostruki vrtni \u0161ator nudi vam sjenoviti vanjski prostor za za\u0161titu od vjetra i ki\u0161e te je savr\u0161en partner za kampiranje, zabave, sajmove, sportove na otvorenom i druge aktivnosti na otvorenom.","breadcrumb":{"@id":"https:\/\/inti.hr\/sr\/proizvod\/sklopiva-sjenica-3x3-m\/#breadcrumb"},"inLanguage":"sr-RS","potentialAction":[{"@type":"ReadAction","target":["https:\/\/inti.hr\/sr\/proizvod\/sklopiva-sjenica-3x3-m\/"]}]},{"@type":"ImageObject","inLanguage":"sr-RS","@id":"https:\/\/inti.hr\/sr\/proizvod\/sklopiva-sjenica-3x3-m\/#primaryimage","url":"https:\/\/i0.wp.com\/inti.hr\/wp-content\/uploads\/2025\/05\/Pavillon-3x3-m-Moskitonetz-wasserdicht-stabil-hoehenverstellbar-UV-Schutz-W0UETT0941-Anthrazit4_600x600.jpg?fit=600%2C600&ssl=1","contentUrl":"https:\/\/i0.wp.com\/inti.hr\/wp-content\/uploads\/2025\/05\/Pavillon-3x3-m-Moskitonetz-wasserdicht-stabil-hoehenverstellbar-UV-Schutz-W0UETT0941-Anthrazit4_600x600.jpg?fit=600%2C600&ssl=1","width":600,"height":600,"caption":"WOLTU sjenica 3x3 m, mre\u017ea protiv komaraca, vodootporna, stabilna, podesiva visina, UV za\u0161tita, be\u017e"},{"@type":"BreadcrumbList","@id":"https:\/\/inti.hr\/sr\/proizvod\/sklopiva-sjenica-3x3-m\/#breadcrumb","itemListElement":[{"@type":"ListItem","position":1,"name":"Po\u010detna stranica","item":"https:\/\/inti.hr\/sr\/"},{"@type":"ListItem","position":2,"name":"Prodavnica","item":"https:\/\/inti.hr\/sr\/prodavnica\/"},{"@type":"ListItem","position":3,"name":"Sklopiva sjenica 3&#215;3 m"}]},{"@type":"WebSite","@id":"https:\/\/inti.hr\/sr\/#website","url":"https:\/\/inti.hr\/sr\/","name":"Inti","description":"trgovina","potentialAction":[{"@type":"SearchAction","target":{"@type":"EntryPoint","urlTemplate":"https:\/\/inti.hr\/sr\/?s={search_term_string}"},"query-input":{"@type":"PropertyValueSpecification","valueRequired":true,"valueName":"search_term_string"}}],"inLanguage":"sr-RS"}]}},"jetpack_sharing_enabled":true,"jetpack-related-posts":[],"_links":{"self":[{"href":"https:\/\/inti.hr\/sr\/wp-json\/wp\/v2\/product\/34995"}],"collection":[{"href":"https:\/\/inti.hr\/sr\/wp-json\/wp\/v2\/product"}],"about":[{"href":"https:\/\/inti.hr\/sr\/wp-json\/wp\/v2\/types\/product"}],"wp:featuredmedia":[{"embeddable":true,"href":"https:\/\/inti.hr\/sr\/wp-json\/wp\/v2\/media\/34996"}],"wp:attachment":[{"href":"https:\/\/inti.hr\/sr\/wp-json\/wp\/v2\/media?parent=34995"}],"wp:term":[{"taxonomy":"product_cat","embeddable":true,"href":"https:\/\/inti.hr\/sr\/wp-json\/wp\/v2\/product_cat?post=34995"},{"taxonomy":"product_tag","embeddable":true,"href":"https:\/\/inti.hr\/sr\/wp-json\/wp\/v2\/product_tag?post=34995"}],"curies":[{"name":"wp","href":"https:\/\/api.w.org\/{rel}","templated":true}]}}