{"id":35004,"date":"2025-05-20T09:50:18","date_gmt":"2025-05-20T08:50:18","guid":{"rendered":"https:\/\/inti.hr\/product\/uredska-stolica-sa-sirokim-sjedalom-i-kriznom-bazom\/"},"modified":"2025-05-20T09:50:18","modified_gmt":"2025-05-20T08:50:18","slug":"uredska-stolica-sa-sirokim-sjedalom-i-kriznom-bazom","status":"publish","type":"product","link":"https:\/\/inti.hr\/sr\/proizvod\/uredska-stolica-sa-sirokim-sjedalom-i-kriznom-bazom\/","title":{"rendered":"Uredska stolica sa \u0161irokim sjedalom i kri\u017enom bazom"},"content":{"rendered":"<ul>\n<li><b><span>Detalji o proizvodu:<\/span><\/b><\/li>\n<li><span>Materijal: \u010delik, mje\u0161avina pamuka i lana, plastika, pjena, \u0161perplo\u010da<\/span><\/li>\n<li><span>Veli\u010dina: 72 x 72 x (75-83) cm (D x \u0160 x V)<\/span><\/li>\n<li><span>Visina sjedala: 41-49 cm<\/span><\/li>\n<li><span>Veli\u010dina sjedala: 50 x 67 cm (D x \u0160)<\/span><\/li>\n<li><span>Te\u017eina: 12,5 kg<\/span><\/li>\n<li><span>Maks. stati\u010dka nosivost: 120 kg<\/span><\/li>\n<\/ul>\n","protected":false},"excerpt":{"rendered":"<p>Jedinstvena kri\u017ena baza u kombinaciji s modernim dizajnom daje stolici da\u0161ak &#8230; <\/p>\n","protected":false},"featured_media":35005,"template":"","meta":[],"product_cat":[2440],"product_tag":[2795,2833],"yoast_head":"<!-- This site is optimized with the Yoast SEO plugin v23.7 - https:\/\/yoast.com\/wordpress\/plugins\/seo\/ -->\n<title>Uredska stolica sa \u0161irokim sjedalom i kri\u017enom bazom - Inti<\/title>\n<meta name=\"description\" content=\"Jedinstvena kri\u017ena baza u kombinaciji s modernim dizajnom daje stolici da\u0161ak elegancije, \u0161to je \u010dini lakom za integraciju u va\u0161u sobu. Uredska stolica presvu\u010dena mje\u0161avinom pamuka i lana ugodna je za ko\u017eu i prozra\u010dna, tako da ostajete hladni \u010dak i kada sjedite satima. Funkcija ljuljanja od 90-105\u00b0 idealna je za opu\u0161tanje. Sjedalo se mo\u017ee podesiti po visini za 8 cm kako biste mogli zauzeti najudobniji mogu\u0107i polo\u017eaj sjedenja i polo\u017eaj nogu. Sa sjedalom \u0161irine 67 cm i naslonom visokim 35 cm, siva okretna stolica osigurava visoku udobnost. A s pjenastim punjenjem, jastuk debljine 10 cm nudi meku potporu. Mehani\u010dka podno\u017ena plo\u010da debljine 2,5 mm nudi visoku stabilnost. Kri\u017ena baza promjera 72 cm pro\u0161la je ispitivanje stati\u010dkog tlaka s optere\u0107enjem od 1136 kg. Plinska boca je testirana od strane SGS-a za maksimalnu sigurnost.\" \/>\n<meta name=\"robots\" content=\"index, follow, max-snippet:-1, max-image-preview:large, max-video-preview:-1\" \/>\n<link rel=\"canonical\" href=\"https:\/\/inti.hr\/sr\/proizvod\/uredska-stolica-sa-sirokim-sjedalom-i-kriznom-bazom\/\" \/>\n<meta property=\"og:locale\" content=\"sr_RS\" \/>\n<meta property=\"og:type\" content=\"article\" \/>\n<meta property=\"og:title\" content=\"Uredska stolica sa \u0161irokim sjedalom i kri\u017enom bazom - Inti\" \/>\n<meta property=\"og:description\" content=\"Jedinstvena kri\u017ena baza u kombinaciji s modernim dizajnom daje stolici da\u0161ak elegancije, \u0161to je \u010dini lakom za integraciju u va\u0161u sobu. Uredska stolica presvu\u010dena mje\u0161avinom pamuka i lana ugodna je za ko\u017eu i prozra\u010dna, tako da ostajete hladni \u010dak i kada sjedite satima. Funkcija ljuljanja od 90-105\u00b0 idealna je za opu\u0161tanje. Sjedalo se mo\u017ee podesiti po visini za 8 cm kako biste mogli zauzeti najudobniji mogu\u0107i polo\u017eaj sjedenja i polo\u017eaj nogu. Sa sjedalom \u0161irine 67 cm i naslonom visokim 35 cm, siva okretna stolica osigurava visoku udobnost. A s pjenastim punjenjem, jastuk debljine 10 cm nudi meku potporu. Mehani\u010dka podno\u017ena plo\u010da debljine 2,5 mm nudi visoku stabilnost. Kri\u017ena baza promjera 72 cm pro\u0161la je ispitivanje stati\u010dkog tlaka s optere\u0107enjem od 1136 kg. Plinska boca je testirana od strane SGS-a za maksimalnu sigurnost.\" \/>\n<meta property=\"og:url\" content=\"https:\/\/inti.hr\/sr\/proizvod\/uredska-stolica-sa-sirokim-sjedalom-i-kriznom-bazom\/\" \/>\n<meta property=\"og:site_name\" content=\"Inti\" \/>\n<meta property=\"og:image\" content=\"https:\/\/i0.wp.com\/inti.hr\/wp-content\/uploads\/2025\/05\/OBG047W01-2.jpg?fit=800%2C1000&ssl=1\" \/>\n\t<meta property=\"og:image:width\" content=\"800\" \/>\n\t<meta property=\"og:image:height\" content=\"1000\" \/>\n\t<meta property=\"og:image:type\" content=\"image\/jpeg\" \/>\n<meta name=\"twitter:card\" content=\"summary_large_image\" \/>\n<script type=\"application\/ld+json\" class=\"yoast-schema-graph\">{\"@context\":\"https:\/\/schema.org\",\"@graph\":[{\"@type\":\"WebPage\",\"@id\":\"https:\/\/inti.hr\/sr\/proizvod\/uredska-stolica-sa-sirokim-sjedalom-i-kriznom-bazom\/\",\"url\":\"https:\/\/inti.hr\/sr\/proizvod\/uredska-stolica-sa-sirokim-sjedalom-i-kriznom-bazom\/\",\"name\":\"Uredska stolica sa \u0161irokim sjedalom i kri\u017enom bazom - Inti\",\"isPartOf\":{\"@id\":\"https:\/\/inti.hr\/sr\/#website\"},\"primaryImageOfPage\":{\"@id\":\"https:\/\/inti.hr\/sr\/proizvod\/uredska-stolica-sa-sirokim-sjedalom-i-kriznom-bazom\/#primaryimage\"},\"image\":{\"@id\":\"https:\/\/inti.hr\/sr\/proizvod\/uredska-stolica-sa-sirokim-sjedalom-i-kriznom-bazom\/#primaryimage\"},\"thumbnailUrl\":\"https:\/\/i0.wp.com\/inti.hr\/wp-content\/uploads\/2025\/05\/OBG047W01-2.jpg?fit=800%2C1000&ssl=1\",\"datePublished\":\"2025-05-20T08:50:18+00:00\",\"dateModified\":\"2025-05-20T08:50:18+00:00\",\"description\":\"Jedinstvena kri\u017ena baza u kombinaciji s modernim dizajnom daje stolici da\u0161ak elegancije, \u0161to je \u010dini lakom za integraciju u va\u0161u sobu. Uredska stolica presvu\u010dena mje\u0161avinom pamuka i lana ugodna je za ko\u017eu i prozra\u010dna, tako da ostajete hladni \u010dak i kada sjedite satima. Funkcija ljuljanja od 90-105\u00b0 idealna je za opu\u0161tanje. Sjedalo se mo\u017ee podesiti po visini za 8 cm kako biste mogli zauzeti najudobniji mogu\u0107i polo\u017eaj sjedenja i polo\u017eaj nogu. Sa sjedalom \u0161irine 67 cm i naslonom visokim 35 cm, siva okretna stolica osigurava visoku udobnost. A s pjenastim punjenjem, jastuk debljine 10 cm nudi meku potporu. Mehani\u010dka podno\u017ena plo\u010da debljine 2,5 mm nudi visoku stabilnost. Kri\u017ena baza promjera 72 cm pro\u0161la je ispitivanje stati\u010dkog tlaka s optere\u0107enjem od 1136 kg. Plinska boca je testirana od strane SGS-a za maksimalnu sigurnost.\",\"breadcrumb\":{\"@id\":\"https:\/\/inti.hr\/sr\/proizvod\/uredska-stolica-sa-sirokim-sjedalom-i-kriznom-bazom\/#breadcrumb\"},\"inLanguage\":\"sr-RS\",\"potentialAction\":[{\"@type\":\"ReadAction\",\"target\":[\"https:\/\/inti.hr\/sr\/proizvod\/uredska-stolica-sa-sirokim-sjedalom-i-kriznom-bazom\/\"]}]},{\"@type\":\"ImageObject\",\"inLanguage\":\"sr-RS\",\"@id\":\"https:\/\/inti.hr\/sr\/proizvod\/uredska-stolica-sa-sirokim-sjedalom-i-kriznom-bazom\/#primaryimage\",\"url\":\"https:\/\/i0.wp.com\/inti.hr\/wp-content\/uploads\/2025\/05\/OBG047W01-2.jpg?fit=800%2C1000&ssl=1\",\"contentUrl\":\"https:\/\/i0.wp.com\/inti.hr\/wp-content\/uploads\/2025\/05\/OBG047W01-2.jpg?fit=800%2C1000&ssl=1\",\"width\":800,\"height\":1000,\"caption\":\"SONGMICS uredska stolica sa \u0161irokim sjedalom i krem \u200b\u200bbijelom bazom\"},{\"@type\":\"BreadcrumbList\",\"@id\":\"https:\/\/inti.hr\/sr\/proizvod\/uredska-stolica-sa-sirokim-sjedalom-i-kriznom-bazom\/#breadcrumb\",\"itemListElement\":[{\"@type\":\"ListItem\",\"position\":1,\"name\":\"Po\u010detna stranica\",\"item\":\"https:\/\/inti.hr\/sr\/\"},{\"@type\":\"ListItem\",\"position\":2,\"name\":\"Prodavnica\",\"item\":\"https:\/\/inti.hr\/sr\/prodavnica\/\"},{\"@type\":\"ListItem\",\"position\":3,\"name\":\"Uredska stolica sa \u0161irokim sjedalom i kri\u017enom bazom\"}]},{\"@type\":\"WebSite\",\"@id\":\"https:\/\/inti.hr\/sr\/#website\",\"url\":\"https:\/\/inti.hr\/sr\/\",\"name\":\"Inti\",\"description\":\"trgovina\",\"potentialAction\":[{\"@type\":\"SearchAction\",\"target\":{\"@type\":\"EntryPoint\",\"urlTemplate\":\"https:\/\/inti.hr\/sr\/?s={search_term_string}\"},\"query-input\":{\"@type\":\"PropertyValueSpecification\",\"valueRequired\":true,\"valueName\":\"search_term_string\"}}],\"inLanguage\":\"sr-RS\"}]}<\/script>\n<!-- \/ Yoast SEO plugin. -->","yoast_head_json":{"title":"Uredska stolica sa \u0161irokim sjedalom i kri\u017enom bazom - Inti","description":"Jedinstvena kri\u017ena baza u kombinaciji s modernim dizajnom daje stolici da\u0161ak elegancije, \u0161to je \u010dini lakom za integraciju u va\u0161u sobu. Uredska stolica presvu\u010dena mje\u0161avinom pamuka i lana ugodna je za ko\u017eu i prozra\u010dna, tako da ostajete hladni \u010dak i kada sjedite satima. Funkcija ljuljanja od 90-105\u00b0 idealna je za opu\u0161tanje. Sjedalo se mo\u017ee podesiti po visini za 8 cm kako biste mogli zauzeti najudobniji mogu\u0107i polo\u017eaj sjedenja i polo\u017eaj nogu. Sa sjedalom \u0161irine 67 cm i naslonom visokim 35 cm, siva okretna stolica osigurava visoku udobnost. A s pjenastim punjenjem, jastuk debljine 10 cm nudi meku potporu. Mehani\u010dka podno\u017ena plo\u010da debljine 2,5 mm nudi visoku stabilnost. Kri\u017ena baza promjera 72 cm pro\u0161la je ispitivanje stati\u010dkog tlaka s optere\u0107enjem od 1136 kg. Plinska boca je testirana od strane SGS-a za maksimalnu sigurnost.","robots":{"index":"index","follow":"follow","max-snippet":"max-snippet:-1","max-image-preview":"max-image-preview:large","max-video-preview":"max-video-preview:-1"},"canonical":"https:\/\/inti.hr\/sr\/proizvod\/uredska-stolica-sa-sirokim-sjedalom-i-kriznom-bazom\/","og_locale":"sr_RS","og_type":"article","og_title":"Uredska stolica sa \u0161irokim sjedalom i kri\u017enom bazom - Inti","og_description":"Jedinstvena kri\u017ena baza u kombinaciji s modernim dizajnom daje stolici da\u0161ak elegancije, \u0161to je \u010dini lakom za integraciju u va\u0161u sobu. Uredska stolica presvu\u010dena mje\u0161avinom pamuka i lana ugodna je za ko\u017eu i prozra\u010dna, tako da ostajete hladni \u010dak i kada sjedite satima. Funkcija ljuljanja od 90-105\u00b0 idealna je za opu\u0161tanje. Sjedalo se mo\u017ee podesiti po visini za 8 cm kako biste mogli zauzeti najudobniji mogu\u0107i polo\u017eaj sjedenja i polo\u017eaj nogu. Sa sjedalom \u0161irine 67 cm i naslonom visokim 35 cm, siva okretna stolica osigurava visoku udobnost. A s pjenastim punjenjem, jastuk debljine 10 cm nudi meku potporu. Mehani\u010dka podno\u017ena plo\u010da debljine 2,5 mm nudi visoku stabilnost. Kri\u017ena baza promjera 72 cm pro\u0161la je ispitivanje stati\u010dkog tlaka s optere\u0107enjem od 1136 kg. Plinska boca je testirana od strane SGS-a za maksimalnu sigurnost.","og_url":"https:\/\/inti.hr\/sr\/proizvod\/uredska-stolica-sa-sirokim-sjedalom-i-kriznom-bazom\/","og_site_name":"Inti","og_image":[{"width":800,"height":1000,"url":"https:\/\/i0.wp.com\/inti.hr\/wp-content\/uploads\/2025\/05\/OBG047W01-2.jpg?fit=800%2C1000&ssl=1","type":"image\/jpeg"}],"twitter_card":"summary_large_image","schema":{"@context":"https:\/\/schema.org","@graph":[{"@type":"WebPage","@id":"https:\/\/inti.hr\/sr\/proizvod\/uredska-stolica-sa-sirokim-sjedalom-i-kriznom-bazom\/","url":"https:\/\/inti.hr\/sr\/proizvod\/uredska-stolica-sa-sirokim-sjedalom-i-kriznom-bazom\/","name":"Uredska stolica sa \u0161irokim sjedalom i kri\u017enom bazom - Inti","isPartOf":{"@id":"https:\/\/inti.hr\/sr\/#website"},"primaryImageOfPage":{"@id":"https:\/\/inti.hr\/sr\/proizvod\/uredska-stolica-sa-sirokim-sjedalom-i-kriznom-bazom\/#primaryimage"},"image":{"@id":"https:\/\/inti.hr\/sr\/proizvod\/uredska-stolica-sa-sirokim-sjedalom-i-kriznom-bazom\/#primaryimage"},"thumbnailUrl":"https:\/\/i0.wp.com\/inti.hr\/wp-content\/uploads\/2025\/05\/OBG047W01-2.jpg?fit=800%2C1000&ssl=1","datePublished":"2025-05-20T08:50:18+00:00","dateModified":"2025-05-20T08:50:18+00:00","description":"Jedinstvena kri\u017ena baza u kombinaciji s modernim dizajnom daje stolici da\u0161ak elegancije, \u0161to je \u010dini lakom za integraciju u va\u0161u sobu. Uredska stolica presvu\u010dena mje\u0161avinom pamuka i lana ugodna je za ko\u017eu i prozra\u010dna, tako da ostajete hladni \u010dak i kada sjedite satima. Funkcija ljuljanja od 90-105\u00b0 idealna je za opu\u0161tanje. Sjedalo se mo\u017ee podesiti po visini za 8 cm kako biste mogli zauzeti najudobniji mogu\u0107i polo\u017eaj sjedenja i polo\u017eaj nogu. Sa sjedalom \u0161irine 67 cm i naslonom visokim 35 cm, siva okretna stolica osigurava visoku udobnost. A s pjenastim punjenjem, jastuk debljine 10 cm nudi meku potporu. Mehani\u010dka podno\u017ena plo\u010da debljine 2,5 mm nudi visoku stabilnost. Kri\u017ena baza promjera 72 cm pro\u0161la je ispitivanje stati\u010dkog tlaka s optere\u0107enjem od 1136 kg. Plinska boca je testirana od strane SGS-a za maksimalnu sigurnost.","breadcrumb":{"@id":"https:\/\/inti.hr\/sr\/proizvod\/uredska-stolica-sa-sirokim-sjedalom-i-kriznom-bazom\/#breadcrumb"},"inLanguage":"sr-RS","potentialAction":[{"@type":"ReadAction","target":["https:\/\/inti.hr\/sr\/proizvod\/uredska-stolica-sa-sirokim-sjedalom-i-kriznom-bazom\/"]}]},{"@type":"ImageObject","inLanguage":"sr-RS","@id":"https:\/\/inti.hr\/sr\/proizvod\/uredska-stolica-sa-sirokim-sjedalom-i-kriznom-bazom\/#primaryimage","url":"https:\/\/i0.wp.com\/inti.hr\/wp-content\/uploads\/2025\/05\/OBG047W01-2.jpg?fit=800%2C1000&ssl=1","contentUrl":"https:\/\/i0.wp.com\/inti.hr\/wp-content\/uploads\/2025\/05\/OBG047W01-2.jpg?fit=800%2C1000&ssl=1","width":800,"height":1000,"caption":"SONGMICS uredska stolica sa \u0161irokim sjedalom i krem \u200b\u200bbijelom bazom"},{"@type":"BreadcrumbList","@id":"https:\/\/inti.hr\/sr\/proizvod\/uredska-stolica-sa-sirokim-sjedalom-i-kriznom-bazom\/#breadcrumb","itemListElement":[{"@type":"ListItem","position":1,"name":"Po\u010detna stranica","item":"https:\/\/inti.hr\/sr\/"},{"@type":"ListItem","position":2,"name":"Prodavnica","item":"https:\/\/inti.hr\/sr\/prodavnica\/"},{"@type":"ListItem","position":3,"name":"Uredska stolica sa \u0161irokim sjedalom i kri\u017enom bazom"}]},{"@type":"WebSite","@id":"https:\/\/inti.hr\/sr\/#website","url":"https:\/\/inti.hr\/sr\/","name":"Inti","description":"trgovina","potentialAction":[{"@type":"SearchAction","target":{"@type":"EntryPoint","urlTemplate":"https:\/\/inti.hr\/sr\/?s={search_term_string}"},"query-input":{"@type":"PropertyValueSpecification","valueRequired":true,"valueName":"search_term_string"}}],"inLanguage":"sr-RS"}]}},"jetpack_sharing_enabled":true,"jetpack-related-posts":[],"_links":{"self":[{"href":"https:\/\/inti.hr\/sr\/wp-json\/wp\/v2\/product\/35004"}],"collection":[{"href":"https:\/\/inti.hr\/sr\/wp-json\/wp\/v2\/product"}],"about":[{"href":"https:\/\/inti.hr\/sr\/wp-json\/wp\/v2\/types\/product"}],"wp:featuredmedia":[{"embeddable":true,"href":"https:\/\/inti.hr\/sr\/wp-json\/wp\/v2\/media\/35005"}],"wp:attachment":[{"href":"https:\/\/inti.hr\/sr\/wp-json\/wp\/v2\/media?parent=35004"}],"wp:term":[{"taxonomy":"product_cat","embeddable":true,"href":"https:\/\/inti.hr\/sr\/wp-json\/wp\/v2\/product_cat?post=35004"},{"taxonomy":"product_tag","embeddable":true,"href":"https:\/\/inti.hr\/sr\/wp-json\/wp\/v2\/product_tag?post=35004"}],"curies":[{"name":"wp","href":"https:\/\/api.w.org\/{rel}","templated":true}]}}