{"id":35013,"date":"2025-05-08T11:02:15","date_gmt":"2025-05-08T10:02:15","guid":{"rendered":"https:\/\/inti.hr\/product\/set-od-2-blagovaonske-stolice-s-flis-povrsinom\/"},"modified":"2025-05-08T11:02:15","modified_gmt":"2025-05-08T10:02:15","slug":"set-od-2-blagovaonske-stolice-s-flis-povrsinom","status":"publish","type":"product","link":"https:\/\/inti.hr\/sr\/proizvod\/set-od-2-blagovaonske-stolice-s-flis-povrsinom\/","title":{"rendered":"Set od 2 blagovaonske stolice s flis povr\u0161inom"},"content":{"rendered":"<p>Detalji o proizvodu:<br \/>\nBoja: Krem bijela, crna<br \/>\nMaterijal: pjena, flis, \u010delik, \u0161perplo\u010da<br \/>\nDimenzije po stolici: 59 x 48,5 x 82,5 cm (D x \u0160 x V)<br \/>\nUkupna te\u017eina: 10,2 kg<br \/>\nMaks. stati\u010dka nosivost: 120 kg<\/p>\n","protected":false},"excerpt":{"rendered":"<p>Elegantni, zaobljeni izgled ove moderne blagovaonske stolice lako se uklapa u &#8230; <\/p>\n","protected":false},"featured_media":35014,"template":"","meta":[],"product_cat":[2573],"product_tag":[2574,4431],"yoast_head":"<!-- This site is optimized with the Yoast SEO plugin v23.7 - https:\/\/yoast.com\/wordpress\/plugins\/seo\/ -->\n<title>Set od 2 blagovaonske stolice s flis povr\u0161inom - Inti<\/title>\n<meta name=\"description\" content=\"Elegantni, zaobljeni izgled ove moderne blagovaonske stolice lako se uklapa u razli\u010dite stilove interijera i dodaje da\u0161ak elegancije va\u0161oj blagovaonici, kuhinji, dnevnom boravku ili toaletnom stoli\u0107u. Zahvaljuju\u0107i oja\u010danom \u010deli\u010dnom okviru, kuhinjska stolica mo\u017ee podnijeti do 120 kg; a robusna konstrukcija obe\u0107ava dug vijek trajanja stolice. Blagovaonska stolica se mo\u017ee brzo sastaviti zahvaljuju\u0107i jednostavnoj strukturi. Provedite manje vremena sastavljaju\u0107i, a vi\u0161e vremena u\u017eivaju\u0107i u svojoj novoj udobnoj stolici. Utonite u 10 cm debeli jastuk sjedala i \u0161iroki, udobni naslon prekriven mekim flisom. Bilo da se radi o ve\u010deri ili igrama, ove stolice uvijek pru\u017eaju trajnu udobnost. Podesive no\u017eice omogu\u0107uju da tapecirana stolica ostane stabilna \u010dak i na neravnim podovima, a istovremeno \u0161tite va\u0161e podove od ogrebotina \u2013 fleksibilno podesiva i prilago\u0111ena podu!\" \/>\n<meta name=\"robots\" content=\"index, follow, max-snippet:-1, max-image-preview:large, max-video-preview:-1\" \/>\n<link rel=\"canonical\" href=\"https:\/\/inti.hr\/sr\/proizvod\/set-od-2-blagovaonske-stolice-s-flis-povrsinom\/\" \/>\n<meta property=\"og:locale\" content=\"sr_RS\" \/>\n<meta property=\"og:type\" content=\"article\" \/>\n<meta property=\"og:title\" content=\"Set od 2 blagovaonske stolice s flis povr\u0161inom - Inti\" \/>\n<meta property=\"og:description\" content=\"Elegantni, zaobljeni izgled ove moderne blagovaonske stolice lako se uklapa u razli\u010dite stilove interijera i dodaje da\u0161ak elegancije va\u0161oj blagovaonici, kuhinji, dnevnom boravku ili toaletnom stoli\u0107u. Zahvaljuju\u0107i oja\u010danom \u010deli\u010dnom okviru, kuhinjska stolica mo\u017ee podnijeti do 120 kg; a robusna konstrukcija obe\u0107ava dug vijek trajanja stolice. Blagovaonska stolica se mo\u017ee brzo sastaviti zahvaljuju\u0107i jednostavnoj strukturi. Provedite manje vremena sastavljaju\u0107i, a vi\u0161e vremena u\u017eivaju\u0107i u svojoj novoj udobnoj stolici. Utonite u 10 cm debeli jastuk sjedala i \u0161iroki, udobni naslon prekriven mekim flisom. Bilo da se radi o ve\u010deri ili igrama, ove stolice uvijek pru\u017eaju trajnu udobnost. Podesive no\u017eice omogu\u0107uju da tapecirana stolica ostane stabilna \u010dak i na neravnim podovima, a istovremeno \u0161tite va\u0161e podove od ogrebotina \u2013 fleksibilno podesiva i prilago\u0111ena podu!\" \/>\n<meta property=\"og:url\" content=\"https:\/\/inti.hr\/sr\/proizvod\/set-od-2-blagovaonske-stolice-s-flis-povrsinom\/\" \/>\n<meta property=\"og:site_name\" content=\"Inti\" \/>\n<meta property=\"og:image\" content=\"https:\/\/i0.wp.com\/inti.hr\/wp-content\/uploads\/2025\/05\/KDC110W01-2.jpg?fit=800%2C1000&ssl=1\" \/>\n\t<meta property=\"og:image:width\" content=\"800\" \/>\n\t<meta property=\"og:image:height\" content=\"1000\" \/>\n\t<meta property=\"og:image:type\" content=\"image\/jpeg\" \/>\n<meta name=\"twitter:card\" content=\"summary_large_image\" \/>\n<script type=\"application\/ld+json\" class=\"yoast-schema-graph\">{\"@context\":\"https:\/\/schema.org\",\"@graph\":[{\"@type\":\"WebPage\",\"@id\":\"https:\/\/inti.hr\/sr\/proizvod\/set-od-2-blagovaonske-stolice-s-flis-povrsinom\/\",\"url\":\"https:\/\/inti.hr\/sr\/proizvod\/set-od-2-blagovaonske-stolice-s-flis-povrsinom\/\",\"name\":\"Set od 2 blagovaonske stolice s flis povr\u0161inom - Inti\",\"isPartOf\":{\"@id\":\"https:\/\/inti.hr\/sr\/#website\"},\"primaryImageOfPage\":{\"@id\":\"https:\/\/inti.hr\/sr\/proizvod\/set-od-2-blagovaonske-stolice-s-flis-povrsinom\/#primaryimage\"},\"image\":{\"@id\":\"https:\/\/inti.hr\/sr\/proizvod\/set-od-2-blagovaonske-stolice-s-flis-povrsinom\/#primaryimage\"},\"thumbnailUrl\":\"https:\/\/i0.wp.com\/inti.hr\/wp-content\/uploads\/2025\/05\/KDC110W01-2.jpg?fit=800%2C1000&ssl=1\",\"datePublished\":\"2025-05-08T10:02:15+00:00\",\"dateModified\":\"2025-05-08T10:02:15+00:00\",\"description\":\"Elegantni, zaobljeni izgled ove moderne blagovaonske stolice lako se uklapa u razli\u010dite stilove interijera i dodaje da\u0161ak elegancije va\u0161oj blagovaonici, kuhinji, dnevnom boravku ili toaletnom stoli\u0107u. Zahvaljuju\u0107i oja\u010danom \u010deli\u010dnom okviru, kuhinjska stolica mo\u017ee podnijeti do 120 kg; a robusna konstrukcija obe\u0107ava dug vijek trajanja stolice. Blagovaonska stolica se mo\u017ee brzo sastaviti zahvaljuju\u0107i jednostavnoj strukturi. Provedite manje vremena sastavljaju\u0107i, a vi\u0161e vremena u\u017eivaju\u0107i u svojoj novoj udobnoj stolici. Utonite u 10 cm debeli jastuk sjedala i \u0161iroki, udobni naslon prekriven mekim flisom. Bilo da se radi o ve\u010deri ili igrama, ove stolice uvijek pru\u017eaju trajnu udobnost. Podesive no\u017eice omogu\u0107uju da tapecirana stolica ostane stabilna \u010dak i na neravnim podovima, a istovremeno \u0161tite va\u0161e podove od ogrebotina \u2013 fleksibilno podesiva i prilago\u0111ena podu!\",\"breadcrumb\":{\"@id\":\"https:\/\/inti.hr\/sr\/proizvod\/set-od-2-blagovaonske-stolice-s-flis-povrsinom\/#breadcrumb\"},\"inLanguage\":\"sr-RS\",\"potentialAction\":[{\"@type\":\"ReadAction\",\"target\":[\"https:\/\/inti.hr\/sr\/proizvod\/set-od-2-blagovaonske-stolice-s-flis-povrsinom\/\"]}]},{\"@type\":\"ImageObject\",\"inLanguage\":\"sr-RS\",\"@id\":\"https:\/\/inti.hr\/sr\/proizvod\/set-od-2-blagovaonske-stolice-s-flis-povrsinom\/#primaryimage\",\"url\":\"https:\/\/i0.wp.com\/inti.hr\/wp-content\/uploads\/2025\/05\/KDC110W01-2.jpg?fit=800%2C1000&ssl=1\",\"contentUrl\":\"https:\/\/i0.wp.com\/inti.hr\/wp-content\/uploads\/2025\/05\/KDC110W01-2.jpg?fit=800%2C1000&ssl=1\",\"width\":800,\"height\":1000,\"caption\":\"VASAGLE set od 2 blagovaonske stolice s flis povr\u0161inom krem \u200b\u200bbijele boje\"},{\"@type\":\"BreadcrumbList\",\"@id\":\"https:\/\/inti.hr\/sr\/proizvod\/set-od-2-blagovaonske-stolice-s-flis-povrsinom\/#breadcrumb\",\"itemListElement\":[{\"@type\":\"ListItem\",\"position\":1,\"name\":\"Po\u010detna stranica\",\"item\":\"https:\/\/inti.hr\/sr\/\"},{\"@type\":\"ListItem\",\"position\":2,\"name\":\"Prodavnica\",\"item\":\"https:\/\/inti.hr\/sr\/prodavnica\/\"},{\"@type\":\"ListItem\",\"position\":3,\"name\":\"Set od 2 blagovaonske stolice s flis povr\u0161inom\"}]},{\"@type\":\"WebSite\",\"@id\":\"https:\/\/inti.hr\/sr\/#website\",\"url\":\"https:\/\/inti.hr\/sr\/\",\"name\":\"Inti\",\"description\":\"trgovina\",\"potentialAction\":[{\"@type\":\"SearchAction\",\"target\":{\"@type\":\"EntryPoint\",\"urlTemplate\":\"https:\/\/inti.hr\/sr\/?s={search_term_string}\"},\"query-input\":{\"@type\":\"PropertyValueSpecification\",\"valueRequired\":true,\"valueName\":\"search_term_string\"}}],\"inLanguage\":\"sr-RS\"}]}<\/script>\n<!-- \/ Yoast SEO plugin. -->","yoast_head_json":{"title":"Set od 2 blagovaonske stolice s flis povr\u0161inom - Inti","description":"Elegantni, zaobljeni izgled ove moderne blagovaonske stolice lako se uklapa u razli\u010dite stilove interijera i dodaje da\u0161ak elegancije va\u0161oj blagovaonici, kuhinji, dnevnom boravku ili toaletnom stoli\u0107u. Zahvaljuju\u0107i oja\u010danom \u010deli\u010dnom okviru, kuhinjska stolica mo\u017ee podnijeti do 120 kg; a robusna konstrukcija obe\u0107ava dug vijek trajanja stolice. Blagovaonska stolica se mo\u017ee brzo sastaviti zahvaljuju\u0107i jednostavnoj strukturi. Provedite manje vremena sastavljaju\u0107i, a vi\u0161e vremena u\u017eivaju\u0107i u svojoj novoj udobnoj stolici. Utonite u 10 cm debeli jastuk sjedala i \u0161iroki, udobni naslon prekriven mekim flisom. Bilo da se radi o ve\u010deri ili igrama, ove stolice uvijek pru\u017eaju trajnu udobnost. Podesive no\u017eice omogu\u0107uju da tapecirana stolica ostane stabilna \u010dak i na neravnim podovima, a istovremeno \u0161tite va\u0161e podove od ogrebotina \u2013 fleksibilno podesiva i prilago\u0111ena podu!","robots":{"index":"index","follow":"follow","max-snippet":"max-snippet:-1","max-image-preview":"max-image-preview:large","max-video-preview":"max-video-preview:-1"},"canonical":"https:\/\/inti.hr\/sr\/proizvod\/set-od-2-blagovaonske-stolice-s-flis-povrsinom\/","og_locale":"sr_RS","og_type":"article","og_title":"Set od 2 blagovaonske stolice s flis povr\u0161inom - Inti","og_description":"Elegantni, zaobljeni izgled ove moderne blagovaonske stolice lako se uklapa u razli\u010dite stilove interijera i dodaje da\u0161ak elegancije va\u0161oj blagovaonici, kuhinji, dnevnom boravku ili toaletnom stoli\u0107u. Zahvaljuju\u0107i oja\u010danom \u010deli\u010dnom okviru, kuhinjska stolica mo\u017ee podnijeti do 120 kg; a robusna konstrukcija obe\u0107ava dug vijek trajanja stolice. Blagovaonska stolica se mo\u017ee brzo sastaviti zahvaljuju\u0107i jednostavnoj strukturi. Provedite manje vremena sastavljaju\u0107i, a vi\u0161e vremena u\u017eivaju\u0107i u svojoj novoj udobnoj stolici. Utonite u 10 cm debeli jastuk sjedala i \u0161iroki, udobni naslon prekriven mekim flisom. Bilo da se radi o ve\u010deri ili igrama, ove stolice uvijek pru\u017eaju trajnu udobnost. Podesive no\u017eice omogu\u0107uju da tapecirana stolica ostane stabilna \u010dak i na neravnim podovima, a istovremeno \u0161tite va\u0161e podove od ogrebotina \u2013 fleksibilno podesiva i prilago\u0111ena podu!","og_url":"https:\/\/inti.hr\/sr\/proizvod\/set-od-2-blagovaonske-stolice-s-flis-povrsinom\/","og_site_name":"Inti","og_image":[{"width":800,"height":1000,"url":"https:\/\/i0.wp.com\/inti.hr\/wp-content\/uploads\/2025\/05\/KDC110W01-2.jpg?fit=800%2C1000&ssl=1","type":"image\/jpeg"}],"twitter_card":"summary_large_image","schema":{"@context":"https:\/\/schema.org","@graph":[{"@type":"WebPage","@id":"https:\/\/inti.hr\/sr\/proizvod\/set-od-2-blagovaonske-stolice-s-flis-povrsinom\/","url":"https:\/\/inti.hr\/sr\/proizvod\/set-od-2-blagovaonske-stolice-s-flis-povrsinom\/","name":"Set od 2 blagovaonske stolice s flis povr\u0161inom - Inti","isPartOf":{"@id":"https:\/\/inti.hr\/sr\/#website"},"primaryImageOfPage":{"@id":"https:\/\/inti.hr\/sr\/proizvod\/set-od-2-blagovaonske-stolice-s-flis-povrsinom\/#primaryimage"},"image":{"@id":"https:\/\/inti.hr\/sr\/proizvod\/set-od-2-blagovaonske-stolice-s-flis-povrsinom\/#primaryimage"},"thumbnailUrl":"https:\/\/i0.wp.com\/inti.hr\/wp-content\/uploads\/2025\/05\/KDC110W01-2.jpg?fit=800%2C1000&ssl=1","datePublished":"2025-05-08T10:02:15+00:00","dateModified":"2025-05-08T10:02:15+00:00","description":"Elegantni, zaobljeni izgled ove moderne blagovaonske stolice lako se uklapa u razli\u010dite stilove interijera i dodaje da\u0161ak elegancije va\u0161oj blagovaonici, kuhinji, dnevnom boravku ili toaletnom stoli\u0107u. Zahvaljuju\u0107i oja\u010danom \u010deli\u010dnom okviru, kuhinjska stolica mo\u017ee podnijeti do 120 kg; a robusna konstrukcija obe\u0107ava dug vijek trajanja stolice. Blagovaonska stolica se mo\u017ee brzo sastaviti zahvaljuju\u0107i jednostavnoj strukturi. Provedite manje vremena sastavljaju\u0107i, a vi\u0161e vremena u\u017eivaju\u0107i u svojoj novoj udobnoj stolici. Utonite u 10 cm debeli jastuk sjedala i \u0161iroki, udobni naslon prekriven mekim flisom. Bilo da se radi o ve\u010deri ili igrama, ove stolice uvijek pru\u017eaju trajnu udobnost. Podesive no\u017eice omogu\u0107uju da tapecirana stolica ostane stabilna \u010dak i na neravnim podovima, a istovremeno \u0161tite va\u0161e podove od ogrebotina \u2013 fleksibilno podesiva i prilago\u0111ena podu!","breadcrumb":{"@id":"https:\/\/inti.hr\/sr\/proizvod\/set-od-2-blagovaonske-stolice-s-flis-povrsinom\/#breadcrumb"},"inLanguage":"sr-RS","potentialAction":[{"@type":"ReadAction","target":["https:\/\/inti.hr\/sr\/proizvod\/set-od-2-blagovaonske-stolice-s-flis-povrsinom\/"]}]},{"@type":"ImageObject","inLanguage":"sr-RS","@id":"https:\/\/inti.hr\/sr\/proizvod\/set-od-2-blagovaonske-stolice-s-flis-povrsinom\/#primaryimage","url":"https:\/\/i0.wp.com\/inti.hr\/wp-content\/uploads\/2025\/05\/KDC110W01-2.jpg?fit=800%2C1000&ssl=1","contentUrl":"https:\/\/i0.wp.com\/inti.hr\/wp-content\/uploads\/2025\/05\/KDC110W01-2.jpg?fit=800%2C1000&ssl=1","width":800,"height":1000,"caption":"VASAGLE set od 2 blagovaonske stolice s flis povr\u0161inom krem \u200b\u200bbijele boje"},{"@type":"BreadcrumbList","@id":"https:\/\/inti.hr\/sr\/proizvod\/set-od-2-blagovaonske-stolice-s-flis-povrsinom\/#breadcrumb","itemListElement":[{"@type":"ListItem","position":1,"name":"Po\u010detna stranica","item":"https:\/\/inti.hr\/sr\/"},{"@type":"ListItem","position":2,"name":"Prodavnica","item":"https:\/\/inti.hr\/sr\/prodavnica\/"},{"@type":"ListItem","position":3,"name":"Set od 2 blagovaonske stolice s flis povr\u0161inom"}]},{"@type":"WebSite","@id":"https:\/\/inti.hr\/sr\/#website","url":"https:\/\/inti.hr\/sr\/","name":"Inti","description":"trgovina","potentialAction":[{"@type":"SearchAction","target":{"@type":"EntryPoint","urlTemplate":"https:\/\/inti.hr\/sr\/?s={search_term_string}"},"query-input":{"@type":"PropertyValueSpecification","valueRequired":true,"valueName":"search_term_string"}}],"inLanguage":"sr-RS"}]}},"jetpack_sharing_enabled":true,"jetpack-related-posts":[],"_links":{"self":[{"href":"https:\/\/inti.hr\/sr\/wp-json\/wp\/v2\/product\/35013"}],"collection":[{"href":"https:\/\/inti.hr\/sr\/wp-json\/wp\/v2\/product"}],"about":[{"href":"https:\/\/inti.hr\/sr\/wp-json\/wp\/v2\/types\/product"}],"wp:featuredmedia":[{"embeddable":true,"href":"https:\/\/inti.hr\/sr\/wp-json\/wp\/v2\/media\/35014"}],"wp:attachment":[{"href":"https:\/\/inti.hr\/sr\/wp-json\/wp\/v2\/media?parent=35013"}],"wp:term":[{"taxonomy":"product_cat","embeddable":true,"href":"https:\/\/inti.hr\/sr\/wp-json\/wp\/v2\/product_cat?post=35013"},{"taxonomy":"product_tag","embeddable":true,"href":"https:\/\/inti.hr\/sr\/wp-json\/wp\/v2\/product_tag?post=35013"}],"curies":[{"name":"wp","href":"https:\/\/api.w.org\/{rel}","templated":true}]}}