{"id":35023,"date":"2025-05-08T10:49:30","date_gmt":"2025-05-08T09:49:30","guid":{"rendered":"https:\/\/inti.hr\/product\/viseci-niski-tv-ormaric-147-x-35-x-30-cm\/"},"modified":"2025-05-08T10:49:30","modified_gmt":"2025-05-08T09:49:30","slug":"viseci-niski-tv-ormaric-147-x-35-x-30-cm","status":"publish","type":"product","link":"https:\/\/inti.hr\/sr\/proizvod\/viseci-niski-tv-ormaric-147-x-35-x-30-cm\/","title":{"rendered":"Vise\u0107i niski TV ormari\u0107 147 x 35 x 30 cm"},"content":{"rendered":"<p>Detalji o proizvodu:<br \/>\nBoja: Crna ebanovina<br \/>\nMaterijal: MDF (vlaknasta plo\u010da srednje gusto\u0107e), iverica, \u010delik, kaljeno staklo<br \/>\nVeli\u010dina: 147 x 35 x 30 cm (D x \u0160 x V)<br \/>\nTe\u017eina: 22,3 kg<br \/>\nMaks. stati\u010dka nosivost pokrovne plo\u010de: 30 kg<br \/>\nMaks. stati\u010dka nosivost po odjeljku: 15 kg<\/p>\n","protected":false},"excerpt":{"rendered":"<p>Zahvaljuju\u0107i \u010distim linijama i crnoj boji, ovaj TV ormari\u0107 mo\u017ee se &#8230; <\/p>\n","protected":false},"featured_media":35024,"template":"","meta":[],"product_cat":[2421],"product_tag":[2448,3025],"yoast_head":"<!-- This site is optimized with the Yoast SEO plugin v23.7 - https:\/\/yoast.com\/wordpress\/plugins\/seo\/ -->\n<title>Vise\u0107i niski TV ormari\u0107 147 x 35 x 30 cm - Inti<\/title>\n<meta name=\"description\" content=\"Zahvaljuju\u0107i \u010distim linijama i crnoj boji, ovaj TV ormari\u0107 mo\u017ee se integrirati u razli\u010dite stilove interijera; Mo\u017ee se montirati na zid radi u\u0161tede prostora, \u0161to tako\u0111er olak\u0161ava \u010di\u0161\u0107enje. Zahvaljuju\u0107i prilo\u017eenom produ\u017enom kabelu s 3 AC uti\u010dnice i 2 USB-A priklju\u010dka, mo\u017eete napajati svoje ure\u0111aje poput televizora, zvu\u010dnika, igra\u0107ih konzola itd., a ne morate tra\u017eiti dodatni priklju\u010dak za svjetlo u ormaru. Ova zidna TV polica nudi velikodu\u0161an prostor za pohranu. Dva pretinca slu\u017ee za organizirano pohranjivanje knjiga, CD-ova i ostalih predmeta. Pokrovna plo\u010da je prikladna za stolne lampe i ukrase \u2013 sve ima svoje mjesto. Vise\u0107a TV plo\u010da dimenzija 147 x 35 x 30 cm (D x \u0160 x V) opremljena je oja\u010davaju\u0107om \u0161ipkom ispod gornje plo\u010de tako da gornja plo\u010da mo\u017ee podnijeti do 30 kg. Pogodan je za televizore razli\u010ditih veli\u010dina. Donji ormari\u0107 za TV ima LED svjetlosnu traku s 3 na\u010dina rada i 7 boja koje mo\u017eete odabrati. Osvjetljenje mo\u017eete podesiti daljinskim upravlja\u010dem kako biste stvorili pravu atmosferu.\u00a0\" \/>\n<meta name=\"robots\" content=\"index, follow, max-snippet:-1, max-image-preview:large, max-video-preview:-1\" \/>\n<link rel=\"canonical\" href=\"https:\/\/inti.hr\/sr\/proizvod\/viseci-niski-tv-ormaric-147-x-35-x-30-cm\/\" \/>\n<meta property=\"og:locale\" content=\"sr_RS\" \/>\n<meta property=\"og:type\" content=\"article\" \/>\n<meta property=\"og:title\" content=\"Vise\u0107i niski TV ormari\u0107 147 x 35 x 30 cm - Inti\" \/>\n<meta property=\"og:description\" content=\"Zahvaljuju\u0107i \u010distim linijama i crnoj boji, ovaj TV ormari\u0107 mo\u017ee se integrirati u razli\u010dite stilove interijera; Mo\u017ee se montirati na zid radi u\u0161tede prostora, \u0161to tako\u0111er olak\u0161ava \u010di\u0161\u0107enje. Zahvaljuju\u0107i prilo\u017eenom produ\u017enom kabelu s 3 AC uti\u010dnice i 2 USB-A priklju\u010dka, mo\u017eete napajati svoje ure\u0111aje poput televizora, zvu\u010dnika, igra\u0107ih konzola itd., a ne morate tra\u017eiti dodatni priklju\u010dak za svjetlo u ormaru. Ova zidna TV polica nudi velikodu\u0161an prostor za pohranu. Dva pretinca slu\u017ee za organizirano pohranjivanje knjiga, CD-ova i ostalih predmeta. Pokrovna plo\u010da je prikladna za stolne lampe i ukrase \u2013 sve ima svoje mjesto. Vise\u0107a TV plo\u010da dimenzija 147 x 35 x 30 cm (D x \u0160 x V) opremljena je oja\u010davaju\u0107om \u0161ipkom ispod gornje plo\u010de tako da gornja plo\u010da mo\u017ee podnijeti do 30 kg. Pogodan je za televizore razli\u010ditih veli\u010dina. Donji ormari\u0107 za TV ima LED svjetlosnu traku s 3 na\u010dina rada i 7 boja koje mo\u017eete odabrati. Osvjetljenje mo\u017eete podesiti daljinskim upravlja\u010dem kako biste stvorili pravu atmosferu.\u00a0\" \/>\n<meta property=\"og:url\" content=\"https:\/\/inti.hr\/sr\/proizvod\/viseci-niski-tv-ormaric-147-x-35-x-30-cm\/\" \/>\n<meta property=\"og:site_name\" content=\"Inti\" \/>\n<meta property=\"og:image\" content=\"https:\/\/i0.wp.com\/inti.hr\/wp-content\/uploads\/2025\/05\/LTV133B02-2.jpg?fit=800%2C1000&ssl=1\" \/>\n\t<meta property=\"og:image:width\" content=\"800\" \/>\n\t<meta property=\"og:image:height\" content=\"1000\" \/>\n\t<meta property=\"og:image:type\" content=\"image\/jpeg\" \/>\n<meta name=\"twitter:card\" content=\"summary_large_image\" \/>\n<script type=\"application\/ld+json\" class=\"yoast-schema-graph\">{\"@context\":\"https:\/\/schema.org\",\"@graph\":[{\"@type\":\"WebPage\",\"@id\":\"https:\/\/inti.hr\/sr\/proizvod\/viseci-niski-tv-ormaric-147-x-35-x-30-cm\/\",\"url\":\"https:\/\/inti.hr\/sr\/proizvod\/viseci-niski-tv-ormaric-147-x-35-x-30-cm\/\",\"name\":\"Vise\u0107i niski TV ormari\u0107 147 x 35 x 30 cm - Inti\",\"isPartOf\":{\"@id\":\"https:\/\/inti.hr\/sr\/#website\"},\"primaryImageOfPage\":{\"@id\":\"https:\/\/inti.hr\/sr\/proizvod\/viseci-niski-tv-ormaric-147-x-35-x-30-cm\/#primaryimage\"},\"image\":{\"@id\":\"https:\/\/inti.hr\/sr\/proizvod\/viseci-niski-tv-ormaric-147-x-35-x-30-cm\/#primaryimage\"},\"thumbnailUrl\":\"https:\/\/i0.wp.com\/inti.hr\/wp-content\/uploads\/2025\/05\/LTV133B02-2.jpg?fit=800%2C1000&ssl=1\",\"datePublished\":\"2025-05-08T09:49:30+00:00\",\"dateModified\":\"2025-05-08T09:49:30+00:00\",\"description\":\"Zahvaljuju\u0107i \u010distim linijama i crnoj boji, ovaj TV ormari\u0107 mo\u017ee se integrirati u razli\u010dite stilove interijera; Mo\u017ee se montirati na zid radi u\u0161tede prostora, \u0161to tako\u0111er olak\u0161ava \u010di\u0161\u0107enje. Zahvaljuju\u0107i prilo\u017eenom produ\u017enom kabelu s 3 AC uti\u010dnice i 2 USB-A priklju\u010dka, mo\u017eete napajati svoje ure\u0111aje poput televizora, zvu\u010dnika, igra\u0107ih konzola itd., a ne morate tra\u017eiti dodatni priklju\u010dak za svjetlo u ormaru. Ova zidna TV polica nudi velikodu\u0161an prostor za pohranu. Dva pretinca slu\u017ee za organizirano pohranjivanje knjiga, CD-ova i ostalih predmeta. Pokrovna plo\u010da je prikladna za stolne lampe i ukrase \u2013 sve ima svoje mjesto. Vise\u0107a TV plo\u010da dimenzija 147 x 35 x 30 cm (D x \u0160 x V) opremljena je oja\u010davaju\u0107om \u0161ipkom ispod gornje plo\u010de tako da gornja plo\u010da mo\u017ee podnijeti do 30 kg. Pogodan je za televizore razli\u010ditih veli\u010dina. Donji ormari\u0107 za TV ima LED svjetlosnu traku s 3 na\u010dina rada i 7 boja koje mo\u017eete odabrati. Osvjetljenje mo\u017eete podesiti daljinskim upravlja\u010dem kako biste stvorili pravu atmosferu.\u00a0\",\"breadcrumb\":{\"@id\":\"https:\/\/inti.hr\/sr\/proizvod\/viseci-niski-tv-ormaric-147-x-35-x-30-cm\/#breadcrumb\"},\"inLanguage\":\"sr-RS\",\"potentialAction\":[{\"@type\":\"ReadAction\",\"target\":[\"https:\/\/inti.hr\/sr\/proizvod\/viseci-niski-tv-ormaric-147-x-35-x-30-cm\/\"]}]},{\"@type\":\"ImageObject\",\"inLanguage\":\"sr-RS\",\"@id\":\"https:\/\/inti.hr\/sr\/proizvod\/viseci-niski-tv-ormaric-147-x-35-x-30-cm\/#primaryimage\",\"url\":\"https:\/\/i0.wp.com\/inti.hr\/wp-content\/uploads\/2025\/05\/LTV133B02-2.jpg?fit=800%2C1000&ssl=1\",\"contentUrl\":\"https:\/\/i0.wp.com\/inti.hr\/wp-content\/uploads\/2025\/05\/LTV133B02-2.jpg?fit=800%2C1000&ssl=1\",\"width\":800,\"height\":1000,\"caption\":\"VASAGLE vise\u0107i niski TV ormari\u0107 178 x 35 x 30 cm snje\u017enobijela\"},{\"@type\":\"BreadcrumbList\",\"@id\":\"https:\/\/inti.hr\/sr\/proizvod\/viseci-niski-tv-ormaric-147-x-35-x-30-cm\/#breadcrumb\",\"itemListElement\":[{\"@type\":\"ListItem\",\"position\":1,\"name\":\"Po\u010detna stranica\",\"item\":\"https:\/\/inti.hr\/sr\/\"},{\"@type\":\"ListItem\",\"position\":2,\"name\":\"Prodavnica\",\"item\":\"https:\/\/inti.hr\/sr\/prodavnica\/\"},{\"@type\":\"ListItem\",\"position\":3,\"name\":\"Vise\u0107i niski TV ormari\u0107 147 x 35 x 30 cm\"}]},{\"@type\":\"WebSite\",\"@id\":\"https:\/\/inti.hr\/sr\/#website\",\"url\":\"https:\/\/inti.hr\/sr\/\",\"name\":\"Inti\",\"description\":\"trgovina\",\"potentialAction\":[{\"@type\":\"SearchAction\",\"target\":{\"@type\":\"EntryPoint\",\"urlTemplate\":\"https:\/\/inti.hr\/sr\/?s={search_term_string}\"},\"query-input\":{\"@type\":\"PropertyValueSpecification\",\"valueRequired\":true,\"valueName\":\"search_term_string\"}}],\"inLanguage\":\"sr-RS\"}]}<\/script>\n<!-- \/ Yoast SEO plugin. -->","yoast_head_json":{"title":"Vise\u0107i niski TV ormari\u0107 147 x 35 x 30 cm - Inti","description":"Zahvaljuju\u0107i \u010distim linijama i crnoj boji, ovaj TV ormari\u0107 mo\u017ee se integrirati u razli\u010dite stilove interijera; Mo\u017ee se montirati na zid radi u\u0161tede prostora, \u0161to tako\u0111er olak\u0161ava \u010di\u0161\u0107enje. Zahvaljuju\u0107i prilo\u017eenom produ\u017enom kabelu s 3 AC uti\u010dnice i 2 USB-A priklju\u010dka, mo\u017eete napajati svoje ure\u0111aje poput televizora, zvu\u010dnika, igra\u0107ih konzola itd., a ne morate tra\u017eiti dodatni priklju\u010dak za svjetlo u ormaru. Ova zidna TV polica nudi velikodu\u0161an prostor za pohranu. Dva pretinca slu\u017ee za organizirano pohranjivanje knjiga, CD-ova i ostalih predmeta. Pokrovna plo\u010da je prikladna za stolne lampe i ukrase \u2013 sve ima svoje mjesto. Vise\u0107a TV plo\u010da dimenzija 147 x 35 x 30 cm (D x \u0160 x V) opremljena je oja\u010davaju\u0107om \u0161ipkom ispod gornje plo\u010de tako da gornja plo\u010da mo\u017ee podnijeti do 30 kg. Pogodan je za televizore razli\u010ditih veli\u010dina. Donji ormari\u0107 za TV ima LED svjetlosnu traku s 3 na\u010dina rada i 7 boja koje mo\u017eete odabrati. Osvjetljenje mo\u017eete podesiti daljinskim upravlja\u010dem kako biste stvorili pravu atmosferu.\u00a0","robots":{"index":"index","follow":"follow","max-snippet":"max-snippet:-1","max-image-preview":"max-image-preview:large","max-video-preview":"max-video-preview:-1"},"canonical":"https:\/\/inti.hr\/sr\/proizvod\/viseci-niski-tv-ormaric-147-x-35-x-30-cm\/","og_locale":"sr_RS","og_type":"article","og_title":"Vise\u0107i niski TV ormari\u0107 147 x 35 x 30 cm - Inti","og_description":"Zahvaljuju\u0107i \u010distim linijama i crnoj boji, ovaj TV ormari\u0107 mo\u017ee se integrirati u razli\u010dite stilove interijera; Mo\u017ee se montirati na zid radi u\u0161tede prostora, \u0161to tako\u0111er olak\u0161ava \u010di\u0161\u0107enje. Zahvaljuju\u0107i prilo\u017eenom produ\u017enom kabelu s 3 AC uti\u010dnice i 2 USB-A priklju\u010dka, mo\u017eete napajati svoje ure\u0111aje poput televizora, zvu\u010dnika, igra\u0107ih konzola itd., a ne morate tra\u017eiti dodatni priklju\u010dak za svjetlo u ormaru. Ova zidna TV polica nudi velikodu\u0161an prostor za pohranu. Dva pretinca slu\u017ee za organizirano pohranjivanje knjiga, CD-ova i ostalih predmeta. Pokrovna plo\u010da je prikladna za stolne lampe i ukrase \u2013 sve ima svoje mjesto. Vise\u0107a TV plo\u010da dimenzija 147 x 35 x 30 cm (D x \u0160 x V) opremljena je oja\u010davaju\u0107om \u0161ipkom ispod gornje plo\u010de tako da gornja plo\u010da mo\u017ee podnijeti do 30 kg. Pogodan je za televizore razli\u010ditih veli\u010dina. Donji ormari\u0107 za TV ima LED svjetlosnu traku s 3 na\u010dina rada i 7 boja koje mo\u017eete odabrati. Osvjetljenje mo\u017eete podesiti daljinskim upravlja\u010dem kako biste stvorili pravu atmosferu.\u00a0","og_url":"https:\/\/inti.hr\/sr\/proizvod\/viseci-niski-tv-ormaric-147-x-35-x-30-cm\/","og_site_name":"Inti","og_image":[{"width":800,"height":1000,"url":"https:\/\/i0.wp.com\/inti.hr\/wp-content\/uploads\/2025\/05\/LTV133B02-2.jpg?fit=800%2C1000&ssl=1","type":"image\/jpeg"}],"twitter_card":"summary_large_image","schema":{"@context":"https:\/\/schema.org","@graph":[{"@type":"WebPage","@id":"https:\/\/inti.hr\/sr\/proizvod\/viseci-niski-tv-ormaric-147-x-35-x-30-cm\/","url":"https:\/\/inti.hr\/sr\/proizvod\/viseci-niski-tv-ormaric-147-x-35-x-30-cm\/","name":"Vise\u0107i niski TV ormari\u0107 147 x 35 x 30 cm - Inti","isPartOf":{"@id":"https:\/\/inti.hr\/sr\/#website"},"primaryImageOfPage":{"@id":"https:\/\/inti.hr\/sr\/proizvod\/viseci-niski-tv-ormaric-147-x-35-x-30-cm\/#primaryimage"},"image":{"@id":"https:\/\/inti.hr\/sr\/proizvod\/viseci-niski-tv-ormaric-147-x-35-x-30-cm\/#primaryimage"},"thumbnailUrl":"https:\/\/i0.wp.com\/inti.hr\/wp-content\/uploads\/2025\/05\/LTV133B02-2.jpg?fit=800%2C1000&ssl=1","datePublished":"2025-05-08T09:49:30+00:00","dateModified":"2025-05-08T09:49:30+00:00","description":"Zahvaljuju\u0107i \u010distim linijama i crnoj boji, ovaj TV ormari\u0107 mo\u017ee se integrirati u razli\u010dite stilove interijera; Mo\u017ee se montirati na zid radi u\u0161tede prostora, \u0161to tako\u0111er olak\u0161ava \u010di\u0161\u0107enje. Zahvaljuju\u0107i prilo\u017eenom produ\u017enom kabelu s 3 AC uti\u010dnice i 2 USB-A priklju\u010dka, mo\u017eete napajati svoje ure\u0111aje poput televizora, zvu\u010dnika, igra\u0107ih konzola itd., a ne morate tra\u017eiti dodatni priklju\u010dak za svjetlo u ormaru. Ova zidna TV polica nudi velikodu\u0161an prostor za pohranu. Dva pretinca slu\u017ee za organizirano pohranjivanje knjiga, CD-ova i ostalih predmeta. Pokrovna plo\u010da je prikladna za stolne lampe i ukrase \u2013 sve ima svoje mjesto. Vise\u0107a TV plo\u010da dimenzija 147 x 35 x 30 cm (D x \u0160 x V) opremljena je oja\u010davaju\u0107om \u0161ipkom ispod gornje plo\u010de tako da gornja plo\u010da mo\u017ee podnijeti do 30 kg. Pogodan je za televizore razli\u010ditih veli\u010dina. Donji ormari\u0107 za TV ima LED svjetlosnu traku s 3 na\u010dina rada i 7 boja koje mo\u017eete odabrati. Osvjetljenje mo\u017eete podesiti daljinskim upravlja\u010dem kako biste stvorili pravu atmosferu.\u00a0","breadcrumb":{"@id":"https:\/\/inti.hr\/sr\/proizvod\/viseci-niski-tv-ormaric-147-x-35-x-30-cm\/#breadcrumb"},"inLanguage":"sr-RS","potentialAction":[{"@type":"ReadAction","target":["https:\/\/inti.hr\/sr\/proizvod\/viseci-niski-tv-ormaric-147-x-35-x-30-cm\/"]}]},{"@type":"ImageObject","inLanguage":"sr-RS","@id":"https:\/\/inti.hr\/sr\/proizvod\/viseci-niski-tv-ormaric-147-x-35-x-30-cm\/#primaryimage","url":"https:\/\/i0.wp.com\/inti.hr\/wp-content\/uploads\/2025\/05\/LTV133B02-2.jpg?fit=800%2C1000&ssl=1","contentUrl":"https:\/\/i0.wp.com\/inti.hr\/wp-content\/uploads\/2025\/05\/LTV133B02-2.jpg?fit=800%2C1000&ssl=1","width":800,"height":1000,"caption":"VASAGLE vise\u0107i niski TV ormari\u0107 178 x 35 x 30 cm snje\u017enobijela"},{"@type":"BreadcrumbList","@id":"https:\/\/inti.hr\/sr\/proizvod\/viseci-niski-tv-ormaric-147-x-35-x-30-cm\/#breadcrumb","itemListElement":[{"@type":"ListItem","position":1,"name":"Po\u010detna stranica","item":"https:\/\/inti.hr\/sr\/"},{"@type":"ListItem","position":2,"name":"Prodavnica","item":"https:\/\/inti.hr\/sr\/prodavnica\/"},{"@type":"ListItem","position":3,"name":"Vise\u0107i niski TV ormari\u0107 147 x 35 x 30 cm"}]},{"@type":"WebSite","@id":"https:\/\/inti.hr\/sr\/#website","url":"https:\/\/inti.hr\/sr\/","name":"Inti","description":"trgovina","potentialAction":[{"@type":"SearchAction","target":{"@type":"EntryPoint","urlTemplate":"https:\/\/inti.hr\/sr\/?s={search_term_string}"},"query-input":{"@type":"PropertyValueSpecification","valueRequired":true,"valueName":"search_term_string"}}],"inLanguage":"sr-RS"}]}},"jetpack_sharing_enabled":true,"jetpack-related-posts":[],"_links":{"self":[{"href":"https:\/\/inti.hr\/sr\/wp-json\/wp\/v2\/product\/35023"}],"collection":[{"href":"https:\/\/inti.hr\/sr\/wp-json\/wp\/v2\/product"}],"about":[{"href":"https:\/\/inti.hr\/sr\/wp-json\/wp\/v2\/types\/product"}],"wp:featuredmedia":[{"embeddable":true,"href":"https:\/\/inti.hr\/sr\/wp-json\/wp\/v2\/media\/35024"}],"wp:attachment":[{"href":"https:\/\/inti.hr\/sr\/wp-json\/wp\/v2\/media?parent=35023"}],"wp:term":[{"taxonomy":"product_cat","embeddable":true,"href":"https:\/\/inti.hr\/sr\/wp-json\/wp\/v2\/product_cat?post=35023"},{"taxonomy":"product_tag","embeddable":true,"href":"https:\/\/inti.hr\/sr\/wp-json\/wp\/v2\/product_tag?post=35023"}],"curies":[{"name":"wp","href":"https:\/\/api.w.org\/{rel}","templated":true}]}}