{"id":35041,"date":"2025-05-08T08:28:17","date_gmt":"2025-05-08T07:28:17","guid":{"rendered":"https:\/\/inti.hr\/product\/ogledalo-u-punoj-duzini-sa-zaobljenim-kutovima-160-x-50-cm\/"},"modified":"2025-05-08T08:28:17","modified_gmt":"2025-05-08T07:28:17","slug":"ogledalo-u-punoj-duzini-sa-zaobljenim-kutovima-160-x-50-cm","status":"publish","type":"product","link":"https:\/\/inti.hr\/sr\/proizvod\/ogledalo-u-punoj-duzini-sa-zaobljenim-kutovima-160-x-50-cm\/","title":{"rendered":"Ogledalo u punoj du\u017eini sa zaobljenim kutovima 160 x 50 cm"},"content":{"rendered":"<ul>\n<li><b><span>Detalji o proizvodu:<\/span><\/b><\/li>\n<li><span>Boja: Crna tinta<\/span><\/li>\n<li><span>Materijal: kaljeno staklo, aluminijska legura<\/span><\/li>\n<li><span>Veli\u010dina: 160 x 50 cm (D x \u0160)<\/span><\/li>\n<li><span>Te\u017eina: 11,9 kg<\/span><\/li>\n<\/ul>\n","protected":false},"excerpt":{"rendered":"<p>Na\u0161e ogledalo pune veli\u010dine mjeri 160 x 50 cm i nudi &#8230; <\/p>\n","protected":false},"featured_media":35042,"template":"","meta":[],"product_cat":[2416],"product_tag":[2398,4439],"yoast_head":"<!-- This site is optimized with the Yoast SEO plugin v23.7 - https:\/\/yoast.com\/wordpress\/plugins\/seo\/ -->\n<title>Ogledalo u punoj du\u017eini sa zaobljenim kutovima 160 x 50 cm - Inti<\/title>\n<meta name=\"description\" content=\"Na\u0161e ogledalo pune veli\u010dine mjeri 160 x 50 cm i nudi potpuni pogled na cijelu va\u0161u odjevnu kombinaciju; prozirno staklo omogu\u0107uje vam u\u017eivanje u savr\u0161enom odrazu. Ovo ogledalo ima elegantan okvir sa zaobljenim kutovima i dodaje \u0161arm va\u0161oj sobi. Tako\u0111er je privla\u010dan element koji pobolj\u0161ava stil va\u0161e spava\u0107e sobe, ulaznog prostora, dnevnog boravka i teretane. Ovo samostoje\u0107e ogledalo spremno je za upotrebu odmah nakon raspakiranja i ne zahtijeva sastavljanje. Zahvaljuju\u0107i laganom okviru, mo\u017ee se lako premje\u0161tati i postaviti bilo gdje u va\u0161em domu. Izra\u0111eno od visokokvalitetnog kaljenog stakla sa za\u0161titnom folijom, podno ogledalo je otporno na lomljenje i osigurava va\u0161u sigurnost \u010dak i u rijetkim slu\u010dajevima loma. \u010cvrsti okvir otporan je na hr\u0111u i zadr\u017eava sjajnu povr\u0161inu. Tako\u0111er je dovoljno robustan da sprije\u010di pukotine i osigura dug vijek trajanja.\u00a0\" \/>\n<meta name=\"robots\" content=\"index, follow, max-snippet:-1, max-image-preview:large, max-video-preview:-1\" \/>\n<link rel=\"canonical\" href=\"https:\/\/inti.hr\/sr\/proizvod\/ogledalo-u-punoj-duzini-sa-zaobljenim-kutovima-160-x-50-cm\/\" \/>\n<meta property=\"og:locale\" content=\"sr_RS\" \/>\n<meta property=\"og:type\" content=\"article\" \/>\n<meta property=\"og:title\" content=\"Ogledalo u punoj du\u017eini sa zaobljenim kutovima 160 x 50 cm - Inti\" \/>\n<meta property=\"og:description\" content=\"Na\u0161e ogledalo pune veli\u010dine mjeri 160 x 50 cm i nudi potpuni pogled na cijelu va\u0161u odjevnu kombinaciju; prozirno staklo omogu\u0107uje vam u\u017eivanje u savr\u0161enom odrazu. Ovo ogledalo ima elegantan okvir sa zaobljenim kutovima i dodaje \u0161arm va\u0161oj sobi. Tako\u0111er je privla\u010dan element koji pobolj\u0161ava stil va\u0161e spava\u0107e sobe, ulaznog prostora, dnevnog boravka i teretane. Ovo samostoje\u0107e ogledalo spremno je za upotrebu odmah nakon raspakiranja i ne zahtijeva sastavljanje. Zahvaljuju\u0107i laganom okviru, mo\u017ee se lako premje\u0161tati i postaviti bilo gdje u va\u0161em domu. Izra\u0111eno od visokokvalitetnog kaljenog stakla sa za\u0161titnom folijom, podno ogledalo je otporno na lomljenje i osigurava va\u0161u sigurnost \u010dak i u rijetkim slu\u010dajevima loma. \u010cvrsti okvir otporan je na hr\u0111u i zadr\u017eava sjajnu povr\u0161inu. Tako\u0111er je dovoljno robustan da sprije\u010di pukotine i osigura dug vijek trajanja.\u00a0\" \/>\n<meta property=\"og:url\" content=\"https:\/\/inti.hr\/sr\/proizvod\/ogledalo-u-punoj-duzini-sa-zaobljenim-kutovima-160-x-50-cm\/\" \/>\n<meta property=\"og:site_name\" content=\"Inti\" \/>\n<meta property=\"og:image\" content=\"https:\/\/i0.wp.com\/inti.hr\/wp-content\/uploads\/2025\/05\/LFM029B01-1.jpg?fit=1000%2C1000&ssl=1\" \/>\n\t<meta property=\"og:image:width\" content=\"1000\" \/>\n\t<meta property=\"og:image:height\" content=\"1000\" \/>\n\t<meta property=\"og:image:type\" content=\"image\/jpeg\" \/>\n<meta name=\"twitter:card\" content=\"summary_large_image\" \/>\n<script type=\"application\/ld+json\" class=\"yoast-schema-graph\">{\"@context\":\"https:\/\/schema.org\",\"@graph\":[{\"@type\":\"WebPage\",\"@id\":\"https:\/\/inti.hr\/sr\/proizvod\/ogledalo-u-punoj-duzini-sa-zaobljenim-kutovima-160-x-50-cm\/\",\"url\":\"https:\/\/inti.hr\/sr\/proizvod\/ogledalo-u-punoj-duzini-sa-zaobljenim-kutovima-160-x-50-cm\/\",\"name\":\"Ogledalo u punoj du\u017eini sa zaobljenim kutovima 160 x 50 cm - Inti\",\"isPartOf\":{\"@id\":\"https:\/\/inti.hr\/sr\/#website\"},\"primaryImageOfPage\":{\"@id\":\"https:\/\/inti.hr\/sr\/proizvod\/ogledalo-u-punoj-duzini-sa-zaobljenim-kutovima-160-x-50-cm\/#primaryimage\"},\"image\":{\"@id\":\"https:\/\/inti.hr\/sr\/proizvod\/ogledalo-u-punoj-duzini-sa-zaobljenim-kutovima-160-x-50-cm\/#primaryimage\"},\"thumbnailUrl\":\"https:\/\/i0.wp.com\/inti.hr\/wp-content\/uploads\/2025\/05\/LFM029B01-1.jpg?fit=1000%2C1000&ssl=1\",\"datePublished\":\"2025-05-08T07:28:17+00:00\",\"dateModified\":\"2025-05-08T07:28:17+00:00\",\"description\":\"Na\u0161e ogledalo pune veli\u010dine mjeri 160 x 50 cm i nudi potpuni pogled na cijelu va\u0161u odjevnu kombinaciju; prozirno staklo omogu\u0107uje vam u\u017eivanje u savr\u0161enom odrazu. Ovo ogledalo ima elegantan okvir sa zaobljenim kutovima i dodaje \u0161arm va\u0161oj sobi. Tako\u0111er je privla\u010dan element koji pobolj\u0161ava stil va\u0161e spava\u0107e sobe, ulaznog prostora, dnevnog boravka i teretane. Ovo samostoje\u0107e ogledalo spremno je za upotrebu odmah nakon raspakiranja i ne zahtijeva sastavljanje. Zahvaljuju\u0107i laganom okviru, mo\u017ee se lako premje\u0161tati i postaviti bilo gdje u va\u0161em domu. Izra\u0111eno od visokokvalitetnog kaljenog stakla sa za\u0161titnom folijom, podno ogledalo je otporno na lomljenje i osigurava va\u0161u sigurnost \u010dak i u rijetkim slu\u010dajevima loma. \u010cvrsti okvir otporan je na hr\u0111u i zadr\u017eava sjajnu povr\u0161inu. Tako\u0111er je dovoljno robustan da sprije\u010di pukotine i osigura dug vijek trajanja.\u00a0\",\"breadcrumb\":{\"@id\":\"https:\/\/inti.hr\/sr\/proizvod\/ogledalo-u-punoj-duzini-sa-zaobljenim-kutovima-160-x-50-cm\/#breadcrumb\"},\"inLanguage\":\"sr-RS\",\"potentialAction\":[{\"@type\":\"ReadAction\",\"target\":[\"https:\/\/inti.hr\/sr\/proizvod\/ogledalo-u-punoj-duzini-sa-zaobljenim-kutovima-160-x-50-cm\/\"]}]},{\"@type\":\"ImageObject\",\"inLanguage\":\"sr-RS\",\"@id\":\"https:\/\/inti.hr\/sr\/proizvod\/ogledalo-u-punoj-duzini-sa-zaobljenim-kutovima-160-x-50-cm\/#primaryimage\",\"url\":\"https:\/\/i0.wp.com\/inti.hr\/wp-content\/uploads\/2025\/05\/LFM029B01-1.jpg?fit=1000%2C1000&ssl=1\",\"contentUrl\":\"https:\/\/i0.wp.com\/inti.hr\/wp-content\/uploads\/2025\/05\/LFM029B01-1.jpg?fit=1000%2C1000&ssl=1\",\"width\":1000,\"height\":1000,\"caption\":\"SONGMICS Ogledalo u punoj du\u017eini sa zaobljenim kutovima 160 x 50 cm, tintno crno\"},{\"@type\":\"BreadcrumbList\",\"@id\":\"https:\/\/inti.hr\/sr\/proizvod\/ogledalo-u-punoj-duzini-sa-zaobljenim-kutovima-160-x-50-cm\/#breadcrumb\",\"itemListElement\":[{\"@type\":\"ListItem\",\"position\":1,\"name\":\"Po\u010detna stranica\",\"item\":\"https:\/\/inti.hr\/sr\/\"},{\"@type\":\"ListItem\",\"position\":2,\"name\":\"Prodavnica\",\"item\":\"https:\/\/inti.hr\/sr\/prodavnica\/\"},{\"@type\":\"ListItem\",\"position\":3,\"name\":\"Ogledalo u punoj du\u017eini sa zaobljenim kutovima 160 x 50 cm\"}]},{\"@type\":\"WebSite\",\"@id\":\"https:\/\/inti.hr\/sr\/#website\",\"url\":\"https:\/\/inti.hr\/sr\/\",\"name\":\"Inti\",\"description\":\"trgovina\",\"potentialAction\":[{\"@type\":\"SearchAction\",\"target\":{\"@type\":\"EntryPoint\",\"urlTemplate\":\"https:\/\/inti.hr\/sr\/?s={search_term_string}\"},\"query-input\":{\"@type\":\"PropertyValueSpecification\",\"valueRequired\":true,\"valueName\":\"search_term_string\"}}],\"inLanguage\":\"sr-RS\"}]}<\/script>\n<!-- \/ Yoast SEO plugin. -->","yoast_head_json":{"title":"Ogledalo u punoj du\u017eini sa zaobljenim kutovima 160 x 50 cm - Inti","description":"Na\u0161e ogledalo pune veli\u010dine mjeri 160 x 50 cm i nudi potpuni pogled na cijelu va\u0161u odjevnu kombinaciju; prozirno staklo omogu\u0107uje vam u\u017eivanje u savr\u0161enom odrazu. Ovo ogledalo ima elegantan okvir sa zaobljenim kutovima i dodaje \u0161arm va\u0161oj sobi. Tako\u0111er je privla\u010dan element koji pobolj\u0161ava stil va\u0161e spava\u0107e sobe, ulaznog prostora, dnevnog boravka i teretane. Ovo samostoje\u0107e ogledalo spremno je za upotrebu odmah nakon raspakiranja i ne zahtijeva sastavljanje. Zahvaljuju\u0107i laganom okviru, mo\u017ee se lako premje\u0161tati i postaviti bilo gdje u va\u0161em domu. Izra\u0111eno od visokokvalitetnog kaljenog stakla sa za\u0161titnom folijom, podno ogledalo je otporno na lomljenje i osigurava va\u0161u sigurnost \u010dak i u rijetkim slu\u010dajevima loma. \u010cvrsti okvir otporan je na hr\u0111u i zadr\u017eava sjajnu povr\u0161inu. Tako\u0111er je dovoljno robustan da sprije\u010di pukotine i osigura dug vijek trajanja.\u00a0","robots":{"index":"index","follow":"follow","max-snippet":"max-snippet:-1","max-image-preview":"max-image-preview:large","max-video-preview":"max-video-preview:-1"},"canonical":"https:\/\/inti.hr\/sr\/proizvod\/ogledalo-u-punoj-duzini-sa-zaobljenim-kutovima-160-x-50-cm\/","og_locale":"sr_RS","og_type":"article","og_title":"Ogledalo u punoj du\u017eini sa zaobljenim kutovima 160 x 50 cm - Inti","og_description":"Na\u0161e ogledalo pune veli\u010dine mjeri 160 x 50 cm i nudi potpuni pogled na cijelu va\u0161u odjevnu kombinaciju; prozirno staklo omogu\u0107uje vam u\u017eivanje u savr\u0161enom odrazu. Ovo ogledalo ima elegantan okvir sa zaobljenim kutovima i dodaje \u0161arm va\u0161oj sobi. Tako\u0111er je privla\u010dan element koji pobolj\u0161ava stil va\u0161e spava\u0107e sobe, ulaznog prostora, dnevnog boravka i teretane. Ovo samostoje\u0107e ogledalo spremno je za upotrebu odmah nakon raspakiranja i ne zahtijeva sastavljanje. Zahvaljuju\u0107i laganom okviru, mo\u017ee se lako premje\u0161tati i postaviti bilo gdje u va\u0161em domu. Izra\u0111eno od visokokvalitetnog kaljenog stakla sa za\u0161titnom folijom, podno ogledalo je otporno na lomljenje i osigurava va\u0161u sigurnost \u010dak i u rijetkim slu\u010dajevima loma. \u010cvrsti okvir otporan je na hr\u0111u i zadr\u017eava sjajnu povr\u0161inu. Tako\u0111er je dovoljno robustan da sprije\u010di pukotine i osigura dug vijek trajanja.\u00a0","og_url":"https:\/\/inti.hr\/sr\/proizvod\/ogledalo-u-punoj-duzini-sa-zaobljenim-kutovima-160-x-50-cm\/","og_site_name":"Inti","og_image":[{"width":1000,"height":1000,"url":"https:\/\/i0.wp.com\/inti.hr\/wp-content\/uploads\/2025\/05\/LFM029B01-1.jpg?fit=1000%2C1000&ssl=1","type":"image\/jpeg"}],"twitter_card":"summary_large_image","schema":{"@context":"https:\/\/schema.org","@graph":[{"@type":"WebPage","@id":"https:\/\/inti.hr\/sr\/proizvod\/ogledalo-u-punoj-duzini-sa-zaobljenim-kutovima-160-x-50-cm\/","url":"https:\/\/inti.hr\/sr\/proizvod\/ogledalo-u-punoj-duzini-sa-zaobljenim-kutovima-160-x-50-cm\/","name":"Ogledalo u punoj du\u017eini sa zaobljenim kutovima 160 x 50 cm - Inti","isPartOf":{"@id":"https:\/\/inti.hr\/sr\/#website"},"primaryImageOfPage":{"@id":"https:\/\/inti.hr\/sr\/proizvod\/ogledalo-u-punoj-duzini-sa-zaobljenim-kutovima-160-x-50-cm\/#primaryimage"},"image":{"@id":"https:\/\/inti.hr\/sr\/proizvod\/ogledalo-u-punoj-duzini-sa-zaobljenim-kutovima-160-x-50-cm\/#primaryimage"},"thumbnailUrl":"https:\/\/i0.wp.com\/inti.hr\/wp-content\/uploads\/2025\/05\/LFM029B01-1.jpg?fit=1000%2C1000&ssl=1","datePublished":"2025-05-08T07:28:17+00:00","dateModified":"2025-05-08T07:28:17+00:00","description":"Na\u0161e ogledalo pune veli\u010dine mjeri 160 x 50 cm i nudi potpuni pogled na cijelu va\u0161u odjevnu kombinaciju; prozirno staklo omogu\u0107uje vam u\u017eivanje u savr\u0161enom odrazu. Ovo ogledalo ima elegantan okvir sa zaobljenim kutovima i dodaje \u0161arm va\u0161oj sobi. Tako\u0111er je privla\u010dan element koji pobolj\u0161ava stil va\u0161e spava\u0107e sobe, ulaznog prostora, dnevnog boravka i teretane. Ovo samostoje\u0107e ogledalo spremno je za upotrebu odmah nakon raspakiranja i ne zahtijeva sastavljanje. Zahvaljuju\u0107i laganom okviru, mo\u017ee se lako premje\u0161tati i postaviti bilo gdje u va\u0161em domu. Izra\u0111eno od visokokvalitetnog kaljenog stakla sa za\u0161titnom folijom, podno ogledalo je otporno na lomljenje i osigurava va\u0161u sigurnost \u010dak i u rijetkim slu\u010dajevima loma. \u010cvrsti okvir otporan je na hr\u0111u i zadr\u017eava sjajnu povr\u0161inu. Tako\u0111er je dovoljno robustan da sprije\u010di pukotine i osigura dug vijek trajanja.\u00a0","breadcrumb":{"@id":"https:\/\/inti.hr\/sr\/proizvod\/ogledalo-u-punoj-duzini-sa-zaobljenim-kutovima-160-x-50-cm\/#breadcrumb"},"inLanguage":"sr-RS","potentialAction":[{"@type":"ReadAction","target":["https:\/\/inti.hr\/sr\/proizvod\/ogledalo-u-punoj-duzini-sa-zaobljenim-kutovima-160-x-50-cm\/"]}]},{"@type":"ImageObject","inLanguage":"sr-RS","@id":"https:\/\/inti.hr\/sr\/proizvod\/ogledalo-u-punoj-duzini-sa-zaobljenim-kutovima-160-x-50-cm\/#primaryimage","url":"https:\/\/i0.wp.com\/inti.hr\/wp-content\/uploads\/2025\/05\/LFM029B01-1.jpg?fit=1000%2C1000&ssl=1","contentUrl":"https:\/\/i0.wp.com\/inti.hr\/wp-content\/uploads\/2025\/05\/LFM029B01-1.jpg?fit=1000%2C1000&ssl=1","width":1000,"height":1000,"caption":"SONGMICS Ogledalo u punoj du\u017eini sa zaobljenim kutovima 160 x 50 cm, tintno crno"},{"@type":"BreadcrumbList","@id":"https:\/\/inti.hr\/sr\/proizvod\/ogledalo-u-punoj-duzini-sa-zaobljenim-kutovima-160-x-50-cm\/#breadcrumb","itemListElement":[{"@type":"ListItem","position":1,"name":"Po\u010detna stranica","item":"https:\/\/inti.hr\/sr\/"},{"@type":"ListItem","position":2,"name":"Prodavnica","item":"https:\/\/inti.hr\/sr\/prodavnica\/"},{"@type":"ListItem","position":3,"name":"Ogledalo u punoj du\u017eini sa zaobljenim kutovima 160 x 50 cm"}]},{"@type":"WebSite","@id":"https:\/\/inti.hr\/sr\/#website","url":"https:\/\/inti.hr\/sr\/","name":"Inti","description":"trgovina","potentialAction":[{"@type":"SearchAction","target":{"@type":"EntryPoint","urlTemplate":"https:\/\/inti.hr\/sr\/?s={search_term_string}"},"query-input":{"@type":"PropertyValueSpecification","valueRequired":true,"valueName":"search_term_string"}}],"inLanguage":"sr-RS"}]}},"jetpack_sharing_enabled":true,"jetpack-related-posts":[],"_links":{"self":[{"href":"https:\/\/inti.hr\/sr\/wp-json\/wp\/v2\/product\/35041"}],"collection":[{"href":"https:\/\/inti.hr\/sr\/wp-json\/wp\/v2\/product"}],"about":[{"href":"https:\/\/inti.hr\/sr\/wp-json\/wp\/v2\/types\/product"}],"wp:featuredmedia":[{"embeddable":true,"href":"https:\/\/inti.hr\/sr\/wp-json\/wp\/v2\/media\/35042"}],"wp:attachment":[{"href":"https:\/\/inti.hr\/sr\/wp-json\/wp\/v2\/media?parent=35041"}],"wp:term":[{"taxonomy":"product_cat","embeddable":true,"href":"https:\/\/inti.hr\/sr\/wp-json\/wp\/v2\/product_cat?post=35041"},{"taxonomy":"product_tag","embeddable":true,"href":"https:\/\/inti.hr\/sr\/wp-json\/wp\/v2\/product_tag?post=35041"}],"curies":[{"name":"wp","href":"https:\/\/api.w.org\/{rel}","templated":true}]}}