{"id":35057,"date":"2025-05-08T08:09:30","date_gmt":"2025-05-08T07:09:30","guid":{"rendered":"https:\/\/inti.hr\/product\/kosara-za-rublje-100-l-s-2-odjeljka-i-kotacicima\/"},"modified":"2025-05-08T08:09:30","modified_gmt":"2025-05-08T07:09:30","slug":"kosara-za-rublje-100-l-s-2-odjeljka-i-kotacicima","status":"publish","type":"product","link":"https:\/\/inti.hr\/sr\/proizvod\/kosara-za-rublje-100-l-s-2-odjeljka-i-kotacicima\/","title":{"rendered":"Ko\u0161ara za rublje 100 L s 2 odjeljka i kota\u010di\u0107ima"},"content":{"rendered":"<ul>\n<li><b><span>Detalji o proizvodu:<\/span><\/b><\/li>\n<li><span>Boja: Prirodna be\u017e-mat bijela<\/span><\/li>\n<li><span>Materijal: \u010delik, tkanina od sinteti\u010dkih vlakana, tkanina od poliestera i pamuka<\/span><\/li>\n<li><span>Veli\u010dina: 46,5 x 37,5 x 65 cm (D x \u0160 x V)<\/span><\/li>\n<li><span>Te\u017eina: 3,7 kg<\/span><\/li>\n<li><span>Maks. stati\u010dka nosivost ko\u0161are: 10 kg<\/span><\/li>\n<li><span>Maks. stati\u010dka nosivost poklopca: 5 kg<\/span><\/li>\n<\/ul>\n","protected":false},"excerpt":{"rendered":"<p>Zahvaljuju\u0107i visokokvalitetnoj sinteti\u010dkoj tkanini koja je vrlo \u010dvrsta, otporna na starenje &#8230; <\/p>\n","protected":false},"featured_media":35058,"template":"","meta":[],"product_cat":[2396],"product_tag":[4445,2522],"yoast_head":"<!-- This site is optimized with the Yoast SEO plugin v23.7 - https:\/\/yoast.com\/wordpress\/plugins\/seo\/ -->\n<title>Ko\u0161ara za rublje 100 L s 2 odjeljka i kota\u010di\u0107ima - Inti<\/title>\n<meta name=\"description\" content=\"Zahvaljuju\u0107i visokokvalitetnoj sinteti\u010dkoj tkanini koja je vrlo \u010dvrsta, otporna na starenje i vodu, ko\u0161ara osigurava dug vijek trajanja. Elegantni izgled ratana odgovara svakom stilu interijera. Zahvaljuju\u0107i 4 kota\u010di\u0107a, kolica za rublje mo\u017eete lako premjestiti na \u017eeljeno mjesto. 2 kota\u010da se mogu zaklju\u010dati kako bi se ko\u0161ara fiksirala na jednom mjestu. Ko\u0161ara za rublje ima uklonjivu i perivu vre\u0107icu s ru\u010dkama. To vam omogu\u0107uje jednostavan transport vre\u0107ice u praonicu rublja. S kapacitetom od 100 litara, ova ko\u0161ara za rublje nudi dovoljno prostora za rublje cijele obitelji. Dva odjeljka vam poma\u017eu da rublje pohranite odvojeno po boji ili vrsti. Poklopac ko\u0161are za rublje \u0161titi predmete pohranjene unutra od pra\u0161ine i istovremeno pru\u017ea ve\u0107u privatnost.\" \/>\n<meta name=\"robots\" content=\"index, follow, max-snippet:-1, max-image-preview:large, max-video-preview:-1\" \/>\n<link rel=\"canonical\" href=\"https:\/\/inti.hr\/sr\/proizvod\/kosara-za-rublje-100-l-s-2-odjeljka-i-kotacicima\/\" \/>\n<meta property=\"og:locale\" content=\"sr_RS\" \/>\n<meta property=\"og:type\" content=\"article\" \/>\n<meta property=\"og:title\" content=\"Ko\u0161ara za rublje 100 L s 2 odjeljka i kota\u010di\u0107ima - Inti\" \/>\n<meta property=\"og:description\" content=\"Zahvaljuju\u0107i visokokvalitetnoj sinteti\u010dkoj tkanini koja je vrlo \u010dvrsta, otporna na starenje i vodu, ko\u0161ara osigurava dug vijek trajanja. Elegantni izgled ratana odgovara svakom stilu interijera. Zahvaljuju\u0107i 4 kota\u010di\u0107a, kolica za rublje mo\u017eete lako premjestiti na \u017eeljeno mjesto. 2 kota\u010da se mogu zaklju\u010dati kako bi se ko\u0161ara fiksirala na jednom mjestu. Ko\u0161ara za rublje ima uklonjivu i perivu vre\u0107icu s ru\u010dkama. To vam omogu\u0107uje jednostavan transport vre\u0107ice u praonicu rublja. S kapacitetom od 100 litara, ova ko\u0161ara za rublje nudi dovoljno prostora za rublje cijele obitelji. Dva odjeljka vam poma\u017eu da rublje pohranite odvojeno po boji ili vrsti. Poklopac ko\u0161are za rublje \u0161titi predmete pohranjene unutra od pra\u0161ine i istovremeno pru\u017ea ve\u0107u privatnost.\" \/>\n<meta property=\"og:url\" content=\"https:\/\/inti.hr\/sr\/proizvod\/kosara-za-rublje-100-l-s-2-odjeljka-i-kotacicima\/\" \/>\n<meta property=\"og:site_name\" content=\"Inti\" \/>\n<meta property=\"og:image\" content=\"https:\/\/i0.wp.com\/inti.hr\/wp-content\/uploads\/2025\/05\/LCB601N01-2.jpg?fit=800%2C1000&ssl=1\" \/>\n\t<meta property=\"og:image:width\" content=\"800\" \/>\n\t<meta property=\"og:image:height\" content=\"1000\" \/>\n\t<meta property=\"og:image:type\" content=\"image\/jpeg\" \/>\n<meta name=\"twitter:card\" content=\"summary_large_image\" \/>\n<script type=\"application\/ld+json\" class=\"yoast-schema-graph\">{\"@context\":\"https:\/\/schema.org\",\"@graph\":[{\"@type\":\"WebPage\",\"@id\":\"https:\/\/inti.hr\/sr\/proizvod\/kosara-za-rublje-100-l-s-2-odjeljka-i-kotacicima\/\",\"url\":\"https:\/\/inti.hr\/sr\/proizvod\/kosara-za-rublje-100-l-s-2-odjeljka-i-kotacicima\/\",\"name\":\"Ko\u0161ara za rublje 100 L s 2 odjeljka i kota\u010di\u0107ima - Inti\",\"isPartOf\":{\"@id\":\"https:\/\/inti.hr\/sr\/#website\"},\"primaryImageOfPage\":{\"@id\":\"https:\/\/inti.hr\/sr\/proizvod\/kosara-za-rublje-100-l-s-2-odjeljka-i-kotacicima\/#primaryimage\"},\"image\":{\"@id\":\"https:\/\/inti.hr\/sr\/proizvod\/kosara-za-rublje-100-l-s-2-odjeljka-i-kotacicima\/#primaryimage\"},\"thumbnailUrl\":\"https:\/\/i0.wp.com\/inti.hr\/wp-content\/uploads\/2025\/05\/LCB601N01-2.jpg?fit=800%2C1000&ssl=1\",\"datePublished\":\"2025-05-08T07:09:30+00:00\",\"dateModified\":\"2025-05-08T07:09:30+00:00\",\"description\":\"Zahvaljuju\u0107i visokokvalitetnoj sinteti\u010dkoj tkanini koja je vrlo \u010dvrsta, otporna na starenje i vodu, ko\u0161ara osigurava dug vijek trajanja. Elegantni izgled ratana odgovara svakom stilu interijera. Zahvaljuju\u0107i 4 kota\u010di\u0107a, kolica za rublje mo\u017eete lako premjestiti na \u017eeljeno mjesto. 2 kota\u010da se mogu zaklju\u010dati kako bi se ko\u0161ara fiksirala na jednom mjestu. Ko\u0161ara za rublje ima uklonjivu i perivu vre\u0107icu s ru\u010dkama. To vam omogu\u0107uje jednostavan transport vre\u0107ice u praonicu rublja. S kapacitetom od 100 litara, ova ko\u0161ara za rublje nudi dovoljno prostora za rublje cijele obitelji. Dva odjeljka vam poma\u017eu da rublje pohranite odvojeno po boji ili vrsti. Poklopac ko\u0161are za rublje \u0161titi predmete pohranjene unutra od pra\u0161ine i istovremeno pru\u017ea ve\u0107u privatnost.\",\"breadcrumb\":{\"@id\":\"https:\/\/inti.hr\/sr\/proizvod\/kosara-za-rublje-100-l-s-2-odjeljka-i-kotacicima\/#breadcrumb\"},\"inLanguage\":\"sr-RS\",\"potentialAction\":[{\"@type\":\"ReadAction\",\"target\":[\"https:\/\/inti.hr\/sr\/proizvod\/kosara-za-rublje-100-l-s-2-odjeljka-i-kotacicima\/\"]}]},{\"@type\":\"ImageObject\",\"inLanguage\":\"sr-RS\",\"@id\":\"https:\/\/inti.hr\/sr\/proizvod\/kosara-za-rublje-100-l-s-2-odjeljka-i-kotacicima\/#primaryimage\",\"url\":\"https:\/\/i0.wp.com\/inti.hr\/wp-content\/uploads\/2025\/05\/LCB601N01-2.jpg?fit=800%2C1000&ssl=1\",\"contentUrl\":\"https:\/\/i0.wp.com\/inti.hr\/wp-content\/uploads\/2025\/05\/LCB601N01-2.jpg?fit=800%2C1000&ssl=1\",\"width\":800,\"height\":1000,\"caption\":\"SONGMICS Ko\u0161ara za rublje 140 L s 3 odjeljka i kota\u010di\u0107ima, prirodna be\u017e-mat bijela\"},{\"@type\":\"BreadcrumbList\",\"@id\":\"https:\/\/inti.hr\/sr\/proizvod\/kosara-za-rublje-100-l-s-2-odjeljka-i-kotacicima\/#breadcrumb\",\"itemListElement\":[{\"@type\":\"ListItem\",\"position\":1,\"name\":\"Po\u010detna stranica\",\"item\":\"https:\/\/inti.hr\/sr\/\"},{\"@type\":\"ListItem\",\"position\":2,\"name\":\"Prodavnica\",\"item\":\"https:\/\/inti.hr\/sr\/prodavnica\/\"},{\"@type\":\"ListItem\",\"position\":3,\"name\":\"Ko\u0161ara za rublje 100 L s 2 odjeljka i kota\u010di\u0107ima\"}]},{\"@type\":\"WebSite\",\"@id\":\"https:\/\/inti.hr\/sr\/#website\",\"url\":\"https:\/\/inti.hr\/sr\/\",\"name\":\"Inti\",\"description\":\"trgovina\",\"potentialAction\":[{\"@type\":\"SearchAction\",\"target\":{\"@type\":\"EntryPoint\",\"urlTemplate\":\"https:\/\/inti.hr\/sr\/?s={search_term_string}\"},\"query-input\":{\"@type\":\"PropertyValueSpecification\",\"valueRequired\":true,\"valueName\":\"search_term_string\"}}],\"inLanguage\":\"sr-RS\"}]}<\/script>\n<!-- \/ Yoast SEO plugin. -->","yoast_head_json":{"title":"Ko\u0161ara za rublje 100 L s 2 odjeljka i kota\u010di\u0107ima - Inti","description":"Zahvaljuju\u0107i visokokvalitetnoj sinteti\u010dkoj tkanini koja je vrlo \u010dvrsta, otporna na starenje i vodu, ko\u0161ara osigurava dug vijek trajanja. Elegantni izgled ratana odgovara svakom stilu interijera. Zahvaljuju\u0107i 4 kota\u010di\u0107a, kolica za rublje mo\u017eete lako premjestiti na \u017eeljeno mjesto. 2 kota\u010da se mogu zaklju\u010dati kako bi se ko\u0161ara fiksirala na jednom mjestu. Ko\u0161ara za rublje ima uklonjivu i perivu vre\u0107icu s ru\u010dkama. To vam omogu\u0107uje jednostavan transport vre\u0107ice u praonicu rublja. S kapacitetom od 100 litara, ova ko\u0161ara za rublje nudi dovoljno prostora za rublje cijele obitelji. Dva odjeljka vam poma\u017eu da rublje pohranite odvojeno po boji ili vrsti. Poklopac ko\u0161are za rublje \u0161titi predmete pohranjene unutra od pra\u0161ine i istovremeno pru\u017ea ve\u0107u privatnost.","robots":{"index":"index","follow":"follow","max-snippet":"max-snippet:-1","max-image-preview":"max-image-preview:large","max-video-preview":"max-video-preview:-1"},"canonical":"https:\/\/inti.hr\/sr\/proizvod\/kosara-za-rublje-100-l-s-2-odjeljka-i-kotacicima\/","og_locale":"sr_RS","og_type":"article","og_title":"Ko\u0161ara za rublje 100 L s 2 odjeljka i kota\u010di\u0107ima - Inti","og_description":"Zahvaljuju\u0107i visokokvalitetnoj sinteti\u010dkoj tkanini koja je vrlo \u010dvrsta, otporna na starenje i vodu, ko\u0161ara osigurava dug vijek trajanja. Elegantni izgled ratana odgovara svakom stilu interijera. Zahvaljuju\u0107i 4 kota\u010di\u0107a, kolica za rublje mo\u017eete lako premjestiti na \u017eeljeno mjesto. 2 kota\u010da se mogu zaklju\u010dati kako bi se ko\u0161ara fiksirala na jednom mjestu. Ko\u0161ara za rublje ima uklonjivu i perivu vre\u0107icu s ru\u010dkama. To vam omogu\u0107uje jednostavan transport vre\u0107ice u praonicu rublja. S kapacitetom od 100 litara, ova ko\u0161ara za rublje nudi dovoljno prostora za rublje cijele obitelji. Dva odjeljka vam poma\u017eu da rublje pohranite odvojeno po boji ili vrsti. Poklopac ko\u0161are za rublje \u0161titi predmete pohranjene unutra od pra\u0161ine i istovremeno pru\u017ea ve\u0107u privatnost.","og_url":"https:\/\/inti.hr\/sr\/proizvod\/kosara-za-rublje-100-l-s-2-odjeljka-i-kotacicima\/","og_site_name":"Inti","og_image":[{"width":800,"height":1000,"url":"https:\/\/i0.wp.com\/inti.hr\/wp-content\/uploads\/2025\/05\/LCB601N01-2.jpg?fit=800%2C1000&ssl=1","type":"image\/jpeg"}],"twitter_card":"summary_large_image","schema":{"@context":"https:\/\/schema.org","@graph":[{"@type":"WebPage","@id":"https:\/\/inti.hr\/sr\/proizvod\/kosara-za-rublje-100-l-s-2-odjeljka-i-kotacicima\/","url":"https:\/\/inti.hr\/sr\/proizvod\/kosara-za-rublje-100-l-s-2-odjeljka-i-kotacicima\/","name":"Ko\u0161ara za rublje 100 L s 2 odjeljka i kota\u010di\u0107ima - Inti","isPartOf":{"@id":"https:\/\/inti.hr\/sr\/#website"},"primaryImageOfPage":{"@id":"https:\/\/inti.hr\/sr\/proizvod\/kosara-za-rublje-100-l-s-2-odjeljka-i-kotacicima\/#primaryimage"},"image":{"@id":"https:\/\/inti.hr\/sr\/proizvod\/kosara-za-rublje-100-l-s-2-odjeljka-i-kotacicima\/#primaryimage"},"thumbnailUrl":"https:\/\/i0.wp.com\/inti.hr\/wp-content\/uploads\/2025\/05\/LCB601N01-2.jpg?fit=800%2C1000&ssl=1","datePublished":"2025-05-08T07:09:30+00:00","dateModified":"2025-05-08T07:09:30+00:00","description":"Zahvaljuju\u0107i visokokvalitetnoj sinteti\u010dkoj tkanini koja je vrlo \u010dvrsta, otporna na starenje i vodu, ko\u0161ara osigurava dug vijek trajanja. Elegantni izgled ratana odgovara svakom stilu interijera. Zahvaljuju\u0107i 4 kota\u010di\u0107a, kolica za rublje mo\u017eete lako premjestiti na \u017eeljeno mjesto. 2 kota\u010da se mogu zaklju\u010dati kako bi se ko\u0161ara fiksirala na jednom mjestu. Ko\u0161ara za rublje ima uklonjivu i perivu vre\u0107icu s ru\u010dkama. To vam omogu\u0107uje jednostavan transport vre\u0107ice u praonicu rublja. S kapacitetom od 100 litara, ova ko\u0161ara za rublje nudi dovoljno prostora za rublje cijele obitelji. Dva odjeljka vam poma\u017eu da rublje pohranite odvojeno po boji ili vrsti. Poklopac ko\u0161are za rublje \u0161titi predmete pohranjene unutra od pra\u0161ine i istovremeno pru\u017ea ve\u0107u privatnost.","breadcrumb":{"@id":"https:\/\/inti.hr\/sr\/proizvod\/kosara-za-rublje-100-l-s-2-odjeljka-i-kotacicima\/#breadcrumb"},"inLanguage":"sr-RS","potentialAction":[{"@type":"ReadAction","target":["https:\/\/inti.hr\/sr\/proizvod\/kosara-za-rublje-100-l-s-2-odjeljka-i-kotacicima\/"]}]},{"@type":"ImageObject","inLanguage":"sr-RS","@id":"https:\/\/inti.hr\/sr\/proizvod\/kosara-za-rublje-100-l-s-2-odjeljka-i-kotacicima\/#primaryimage","url":"https:\/\/i0.wp.com\/inti.hr\/wp-content\/uploads\/2025\/05\/LCB601N01-2.jpg?fit=800%2C1000&ssl=1","contentUrl":"https:\/\/i0.wp.com\/inti.hr\/wp-content\/uploads\/2025\/05\/LCB601N01-2.jpg?fit=800%2C1000&ssl=1","width":800,"height":1000,"caption":"SONGMICS Ko\u0161ara za rublje 140 L s 3 odjeljka i kota\u010di\u0107ima, prirodna be\u017e-mat bijela"},{"@type":"BreadcrumbList","@id":"https:\/\/inti.hr\/sr\/proizvod\/kosara-za-rublje-100-l-s-2-odjeljka-i-kotacicima\/#breadcrumb","itemListElement":[{"@type":"ListItem","position":1,"name":"Po\u010detna stranica","item":"https:\/\/inti.hr\/sr\/"},{"@type":"ListItem","position":2,"name":"Prodavnica","item":"https:\/\/inti.hr\/sr\/prodavnica\/"},{"@type":"ListItem","position":3,"name":"Ko\u0161ara za rublje 100 L s 2 odjeljka i kota\u010di\u0107ima"}]},{"@type":"WebSite","@id":"https:\/\/inti.hr\/sr\/#website","url":"https:\/\/inti.hr\/sr\/","name":"Inti","description":"trgovina","potentialAction":[{"@type":"SearchAction","target":{"@type":"EntryPoint","urlTemplate":"https:\/\/inti.hr\/sr\/?s={search_term_string}"},"query-input":{"@type":"PropertyValueSpecification","valueRequired":true,"valueName":"search_term_string"}}],"inLanguage":"sr-RS"}]}},"jetpack_sharing_enabled":true,"jetpack-related-posts":[],"_links":{"self":[{"href":"https:\/\/inti.hr\/sr\/wp-json\/wp\/v2\/product\/35057"}],"collection":[{"href":"https:\/\/inti.hr\/sr\/wp-json\/wp\/v2\/product"}],"about":[{"href":"https:\/\/inti.hr\/sr\/wp-json\/wp\/v2\/types\/product"}],"wp:featuredmedia":[{"embeddable":true,"href":"https:\/\/inti.hr\/sr\/wp-json\/wp\/v2\/media\/35058"}],"wp:attachment":[{"href":"https:\/\/inti.hr\/sr\/wp-json\/wp\/v2\/media?parent=35057"}],"wp:term":[{"taxonomy":"product_cat","embeddable":true,"href":"https:\/\/inti.hr\/sr\/wp-json\/wp\/v2\/product_cat?post=35057"},{"taxonomy":"product_tag","embeddable":true,"href":"https:\/\/inti.hr\/sr\/wp-json\/wp\/v2\/product_tag?post=35057"}],"curies":[{"name":"wp","href":"https:\/\/api.w.org\/{rel}","templated":true}]}}