{"id":35063,"date":"2025-05-08T08:02:03","date_gmt":"2025-05-08T07:02:03","guid":{"rendered":"https:\/\/inti.hr\/product\/tv-ormaric-u-obliku-slova-l-s-podesivom-duljinom\/"},"modified":"2025-05-08T08:02:03","modified_gmt":"2025-05-08T07:02:03","slug":"tv-ormaric-u-obliku-slova-l-s-podesivom-duljinom","status":"publish","type":"product","link":"https:\/\/inti.hr\/sr\/proizvod\/tv-ormaric-u-obliku-slova-l-s-podesivom-duljinom\/","title":{"rendered":"TV ormari\u0107 u obliku slova L s podesivom duljinom"},"content":{"rendered":"<ul>\n<li><b><span>Detalji o proizvodu:<\/span><\/b><\/li>\n<li><span>Boja: Obla\u010dno bijela &#8211; prirodno be\u017e<\/span><\/li>\n<li><span>Materijal: MDF (vlaknasta plo\u010da srednje gusto\u0107e), iverica<\/span><\/li>\n<li><span>Veli\u010dina: (162-270) x 39 x 41 cm (D x \u0160 x V)<\/span><\/li>\n<li><span>Te\u017eina: 42,5 kg<\/span><\/li>\n<li><span>Maks. Stati\u010dka nosivost gornje plo\u010de bijelog TV stalka: 60 kg<\/span><\/li>\n<li><span>Maks. stati\u010dka nosivost pokrovne plo\u010de podesive plo\u010de stola u prirodno be\u017e boji: 45 kg<\/span><\/li>\n<li><span>Maks. stati\u010dka nosivost: 130 kg<\/span><\/li>\n<\/ul>\n","protected":false},"excerpt":{"rendered":"<p>Duljina ovog TV ormari\u0107a je podesiva od 162-270 cm, idealna za &#8230; <\/p>\n","protected":false},"featured_media":35064,"template":"","meta":[],"product_cat":[2421],"product_tag":[2448,3025],"yoast_head":"<!-- This site is optimized with the Yoast SEO plugin v23.7 - https:\/\/yoast.com\/wordpress\/plugins\/seo\/ -->\n<title>TV ormari\u0107 u obliku slova L s podesivom duljinom - Inti<\/title>\n<meta name=\"description\" content=\"Duljina ovog TV ormari\u0107a je podesiva od 162-270 cm, idealna za televizore do 65 in\u010da i ekstra velike vise\u0107e televizore. Mo\u017ee se koristiti kao kutna polica u obliku slova L. Zahvaljuju\u0107i ugra\u0111enoj produ\u017enoj traci s 3 AC uti\u010dnice i 2 USB-A priklju\u010dka, mo\u017eete napajati svoje ure\u0111aje i svjetlo ormari\u0107a \u2013 ovaj TV ormari\u0107 nudi prakti\u010dno rje\u0161enje za napajanje. Savr\u0161ena kombinacija bijele i be\u017e boje stvara elegantan izgled koji se skladno uklapa u razli\u010dite stilove interijera. Dvije velike ladice omogu\u0107uju organizirano pohranjivanje DVD-ova, videoigara i kabela, bez pra\u0161ine; S 3 otvorena pretinca, va\u0161e knjige i \u010dasopisi su vam nadohvat ruke; Velikodu\u0161na pokrovna plo\u010da prikladna je za va\u0161e multimedijske ure\u0111aje. Ugra\u0111eno LED svjetlo ovog TV stalka nudi 7 boja i 3 na\u010dina treptanja koje mo\u017eete odabrati. Osvjetljenje mo\u017eete podesiti daljinskim upravlja\u010dem i stvoriti to\u010dno onu atmosferu koja odgovara va\u0161em raspolo\u017eenju.\" \/>\n<meta name=\"robots\" content=\"index, follow, max-snippet:-1, max-image-preview:large, max-video-preview:-1\" \/>\n<link rel=\"canonical\" href=\"https:\/\/inti.hr\/sr\/proizvod\/tv-ormaric-u-obliku-slova-l-s-podesivom-duljinom\/\" \/>\n<meta property=\"og:locale\" content=\"sr_RS\" \/>\n<meta property=\"og:type\" content=\"article\" \/>\n<meta property=\"og:title\" content=\"TV ormari\u0107 u obliku slova L s podesivom duljinom - Inti\" \/>\n<meta property=\"og:description\" content=\"Duljina ovog TV ormari\u0107a je podesiva od 162-270 cm, idealna za televizore do 65 in\u010da i ekstra velike vise\u0107e televizore. Mo\u017ee se koristiti kao kutna polica u obliku slova L. Zahvaljuju\u0107i ugra\u0111enoj produ\u017enoj traci s 3 AC uti\u010dnice i 2 USB-A priklju\u010dka, mo\u017eete napajati svoje ure\u0111aje i svjetlo ormari\u0107a \u2013 ovaj TV ormari\u0107 nudi prakti\u010dno rje\u0161enje za napajanje. Savr\u0161ena kombinacija bijele i be\u017e boje stvara elegantan izgled koji se skladno uklapa u razli\u010dite stilove interijera. Dvije velike ladice omogu\u0107uju organizirano pohranjivanje DVD-ova, videoigara i kabela, bez pra\u0161ine; S 3 otvorena pretinca, va\u0161e knjige i \u010dasopisi su vam nadohvat ruke; Velikodu\u0161na pokrovna plo\u010da prikladna je za va\u0161e multimedijske ure\u0111aje. Ugra\u0111eno LED svjetlo ovog TV stalka nudi 7 boja i 3 na\u010dina treptanja koje mo\u017eete odabrati. Osvjetljenje mo\u017eete podesiti daljinskim upravlja\u010dem i stvoriti to\u010dno onu atmosferu koja odgovara va\u0161em raspolo\u017eenju.\" \/>\n<meta property=\"og:url\" content=\"https:\/\/inti.hr\/sr\/proizvod\/tv-ormaric-u-obliku-slova-l-s-podesivom-duljinom\/\" \/>\n<meta property=\"og:site_name\" content=\"Inti\" \/>\n<meta property=\"og:image\" content=\"https:\/\/i0.wp.com\/inti.hr\/wp-content\/uploads\/2025\/05\/LTV126W02-1.jpg?fit=1000%2C1000&ssl=1\" \/>\n\t<meta property=\"og:image:width\" content=\"1000\" \/>\n\t<meta property=\"og:image:height\" content=\"1000\" \/>\n\t<meta property=\"og:image:type\" content=\"image\/jpeg\" \/>\n<meta name=\"twitter:card\" content=\"summary_large_image\" \/>\n<script type=\"application\/ld+json\" class=\"yoast-schema-graph\">{\"@context\":\"https:\/\/schema.org\",\"@graph\":[{\"@type\":\"WebPage\",\"@id\":\"https:\/\/inti.hr\/sr\/proizvod\/tv-ormaric-u-obliku-slova-l-s-podesivom-duljinom\/\",\"url\":\"https:\/\/inti.hr\/sr\/proizvod\/tv-ormaric-u-obliku-slova-l-s-podesivom-duljinom\/\",\"name\":\"TV ormari\u0107 u obliku slova L s podesivom duljinom - Inti\",\"isPartOf\":{\"@id\":\"https:\/\/inti.hr\/sr\/#website\"},\"primaryImageOfPage\":{\"@id\":\"https:\/\/inti.hr\/sr\/proizvod\/tv-ormaric-u-obliku-slova-l-s-podesivom-duljinom\/#primaryimage\"},\"image\":{\"@id\":\"https:\/\/inti.hr\/sr\/proizvod\/tv-ormaric-u-obliku-slova-l-s-podesivom-duljinom\/#primaryimage\"},\"thumbnailUrl\":\"https:\/\/i0.wp.com\/inti.hr\/wp-content\/uploads\/2025\/05\/LTV126W02-1.jpg?fit=1000%2C1000&ssl=1\",\"datePublished\":\"2025-05-08T07:02:03+00:00\",\"dateModified\":\"2025-05-08T07:02:03+00:00\",\"description\":\"Duljina ovog TV ormari\u0107a je podesiva od 162-270 cm, idealna za televizore do 65 in\u010da i ekstra velike vise\u0107e televizore. Mo\u017ee se koristiti kao kutna polica u obliku slova L. Zahvaljuju\u0107i ugra\u0111enoj produ\u017enoj traci s 3 AC uti\u010dnice i 2 USB-A priklju\u010dka, mo\u017eete napajati svoje ure\u0111aje i svjetlo ormari\u0107a \u2013 ovaj TV ormari\u0107 nudi prakti\u010dno rje\u0161enje za napajanje. Savr\u0161ena kombinacija bijele i be\u017e boje stvara elegantan izgled koji se skladno uklapa u razli\u010dite stilove interijera. Dvije velike ladice omogu\u0107uju organizirano pohranjivanje DVD-ova, videoigara i kabela, bez pra\u0161ine; S 3 otvorena pretinca, va\u0161e knjige i \u010dasopisi su vam nadohvat ruke; Velikodu\u0161na pokrovna plo\u010da prikladna je za va\u0161e multimedijske ure\u0111aje. Ugra\u0111eno LED svjetlo ovog TV stalka nudi 7 boja i 3 na\u010dina treptanja koje mo\u017eete odabrati. Osvjetljenje mo\u017eete podesiti daljinskim upravlja\u010dem i stvoriti to\u010dno onu atmosferu koja odgovara va\u0161em raspolo\u017eenju.\",\"breadcrumb\":{\"@id\":\"https:\/\/inti.hr\/sr\/proizvod\/tv-ormaric-u-obliku-slova-l-s-podesivom-duljinom\/#breadcrumb\"},\"inLanguage\":\"sr-RS\",\"potentialAction\":[{\"@type\":\"ReadAction\",\"target\":[\"https:\/\/inti.hr\/sr\/proizvod\/tv-ormaric-u-obliku-slova-l-s-podesivom-duljinom\/\"]}]},{\"@type\":\"ImageObject\",\"inLanguage\":\"sr-RS\",\"@id\":\"https:\/\/inti.hr\/sr\/proizvod\/tv-ormaric-u-obliku-slova-l-s-podesivom-duljinom\/#primaryimage\",\"url\":\"https:\/\/i0.wp.com\/inti.hr\/wp-content\/uploads\/2025\/05\/LTV126W02-1.jpg?fit=1000%2C1000&ssl=1\",\"contentUrl\":\"https:\/\/i0.wp.com\/inti.hr\/wp-content\/uploads\/2025\/05\/LTV126W02-1.jpg?fit=1000%2C1000&ssl=1\",\"width\":1000,\"height\":1000,\"caption\":\"VASAGLE TV ormari\u0107 u obliku slova L s podesivom duljinom, boje oblaka bijele i prirodno be\u017e\"},{\"@type\":\"BreadcrumbList\",\"@id\":\"https:\/\/inti.hr\/sr\/proizvod\/tv-ormaric-u-obliku-slova-l-s-podesivom-duljinom\/#breadcrumb\",\"itemListElement\":[{\"@type\":\"ListItem\",\"position\":1,\"name\":\"Po\u010detna stranica\",\"item\":\"https:\/\/inti.hr\/sr\/\"},{\"@type\":\"ListItem\",\"position\":2,\"name\":\"Prodavnica\",\"item\":\"https:\/\/inti.hr\/sr\/prodavnica\/\"},{\"@type\":\"ListItem\",\"position\":3,\"name\":\"TV ormari\u0107 u obliku slova L s podesivom duljinom\"}]},{\"@type\":\"WebSite\",\"@id\":\"https:\/\/inti.hr\/sr\/#website\",\"url\":\"https:\/\/inti.hr\/sr\/\",\"name\":\"Inti\",\"description\":\"trgovina\",\"potentialAction\":[{\"@type\":\"SearchAction\",\"target\":{\"@type\":\"EntryPoint\",\"urlTemplate\":\"https:\/\/inti.hr\/sr\/?s={search_term_string}\"},\"query-input\":{\"@type\":\"PropertyValueSpecification\",\"valueRequired\":true,\"valueName\":\"search_term_string\"}}],\"inLanguage\":\"sr-RS\"}]}<\/script>\n<!-- \/ Yoast SEO plugin. -->","yoast_head_json":{"title":"TV ormari\u0107 u obliku slova L s podesivom duljinom - Inti","description":"Duljina ovog TV ormari\u0107a je podesiva od 162-270 cm, idealna za televizore do 65 in\u010da i ekstra velike vise\u0107e televizore. Mo\u017ee se koristiti kao kutna polica u obliku slova L. Zahvaljuju\u0107i ugra\u0111enoj produ\u017enoj traci s 3 AC uti\u010dnice i 2 USB-A priklju\u010dka, mo\u017eete napajati svoje ure\u0111aje i svjetlo ormari\u0107a \u2013 ovaj TV ormari\u0107 nudi prakti\u010dno rje\u0161enje za napajanje. Savr\u0161ena kombinacija bijele i be\u017e boje stvara elegantan izgled koji se skladno uklapa u razli\u010dite stilove interijera. Dvije velike ladice omogu\u0107uju organizirano pohranjivanje DVD-ova, videoigara i kabela, bez pra\u0161ine; S 3 otvorena pretinca, va\u0161e knjige i \u010dasopisi su vam nadohvat ruke; Velikodu\u0161na pokrovna plo\u010da prikladna je za va\u0161e multimedijske ure\u0111aje. Ugra\u0111eno LED svjetlo ovog TV stalka nudi 7 boja i 3 na\u010dina treptanja koje mo\u017eete odabrati. Osvjetljenje mo\u017eete podesiti daljinskim upravlja\u010dem i stvoriti to\u010dno onu atmosferu koja odgovara va\u0161em raspolo\u017eenju.","robots":{"index":"index","follow":"follow","max-snippet":"max-snippet:-1","max-image-preview":"max-image-preview:large","max-video-preview":"max-video-preview:-1"},"canonical":"https:\/\/inti.hr\/sr\/proizvod\/tv-ormaric-u-obliku-slova-l-s-podesivom-duljinom\/","og_locale":"sr_RS","og_type":"article","og_title":"TV ormari\u0107 u obliku slova L s podesivom duljinom - Inti","og_description":"Duljina ovog TV ormari\u0107a je podesiva od 162-270 cm, idealna za televizore do 65 in\u010da i ekstra velike vise\u0107e televizore. Mo\u017ee se koristiti kao kutna polica u obliku slova L. Zahvaljuju\u0107i ugra\u0111enoj produ\u017enoj traci s 3 AC uti\u010dnice i 2 USB-A priklju\u010dka, mo\u017eete napajati svoje ure\u0111aje i svjetlo ormari\u0107a \u2013 ovaj TV ormari\u0107 nudi prakti\u010dno rje\u0161enje za napajanje. Savr\u0161ena kombinacija bijele i be\u017e boje stvara elegantan izgled koji se skladno uklapa u razli\u010dite stilove interijera. Dvije velike ladice omogu\u0107uju organizirano pohranjivanje DVD-ova, videoigara i kabela, bez pra\u0161ine; S 3 otvorena pretinca, va\u0161e knjige i \u010dasopisi su vam nadohvat ruke; Velikodu\u0161na pokrovna plo\u010da prikladna je za va\u0161e multimedijske ure\u0111aje. Ugra\u0111eno LED svjetlo ovog TV stalka nudi 7 boja i 3 na\u010dina treptanja koje mo\u017eete odabrati. Osvjetljenje mo\u017eete podesiti daljinskim upravlja\u010dem i stvoriti to\u010dno onu atmosferu koja odgovara va\u0161em raspolo\u017eenju.","og_url":"https:\/\/inti.hr\/sr\/proizvod\/tv-ormaric-u-obliku-slova-l-s-podesivom-duljinom\/","og_site_name":"Inti","og_image":[{"width":1000,"height":1000,"url":"https:\/\/i0.wp.com\/inti.hr\/wp-content\/uploads\/2025\/05\/LTV126W02-1.jpg?fit=1000%2C1000&ssl=1","type":"image\/jpeg"}],"twitter_card":"summary_large_image","schema":{"@context":"https:\/\/schema.org","@graph":[{"@type":"WebPage","@id":"https:\/\/inti.hr\/sr\/proizvod\/tv-ormaric-u-obliku-slova-l-s-podesivom-duljinom\/","url":"https:\/\/inti.hr\/sr\/proizvod\/tv-ormaric-u-obliku-slova-l-s-podesivom-duljinom\/","name":"TV ormari\u0107 u obliku slova L s podesivom duljinom - Inti","isPartOf":{"@id":"https:\/\/inti.hr\/sr\/#website"},"primaryImageOfPage":{"@id":"https:\/\/inti.hr\/sr\/proizvod\/tv-ormaric-u-obliku-slova-l-s-podesivom-duljinom\/#primaryimage"},"image":{"@id":"https:\/\/inti.hr\/sr\/proizvod\/tv-ormaric-u-obliku-slova-l-s-podesivom-duljinom\/#primaryimage"},"thumbnailUrl":"https:\/\/i0.wp.com\/inti.hr\/wp-content\/uploads\/2025\/05\/LTV126W02-1.jpg?fit=1000%2C1000&ssl=1","datePublished":"2025-05-08T07:02:03+00:00","dateModified":"2025-05-08T07:02:03+00:00","description":"Duljina ovog TV ormari\u0107a je podesiva od 162-270 cm, idealna za televizore do 65 in\u010da i ekstra velike vise\u0107e televizore. Mo\u017ee se koristiti kao kutna polica u obliku slova L. Zahvaljuju\u0107i ugra\u0111enoj produ\u017enoj traci s 3 AC uti\u010dnice i 2 USB-A priklju\u010dka, mo\u017eete napajati svoje ure\u0111aje i svjetlo ormari\u0107a \u2013 ovaj TV ormari\u0107 nudi prakti\u010dno rje\u0161enje za napajanje. Savr\u0161ena kombinacija bijele i be\u017e boje stvara elegantan izgled koji se skladno uklapa u razli\u010dite stilove interijera. Dvije velike ladice omogu\u0107uju organizirano pohranjivanje DVD-ova, videoigara i kabela, bez pra\u0161ine; S 3 otvorena pretinca, va\u0161e knjige i \u010dasopisi su vam nadohvat ruke; Velikodu\u0161na pokrovna plo\u010da prikladna je za va\u0161e multimedijske ure\u0111aje. Ugra\u0111eno LED svjetlo ovog TV stalka nudi 7 boja i 3 na\u010dina treptanja koje mo\u017eete odabrati. Osvjetljenje mo\u017eete podesiti daljinskim upravlja\u010dem i stvoriti to\u010dno onu atmosferu koja odgovara va\u0161em raspolo\u017eenju.","breadcrumb":{"@id":"https:\/\/inti.hr\/sr\/proizvod\/tv-ormaric-u-obliku-slova-l-s-podesivom-duljinom\/#breadcrumb"},"inLanguage":"sr-RS","potentialAction":[{"@type":"ReadAction","target":["https:\/\/inti.hr\/sr\/proizvod\/tv-ormaric-u-obliku-slova-l-s-podesivom-duljinom\/"]}]},{"@type":"ImageObject","inLanguage":"sr-RS","@id":"https:\/\/inti.hr\/sr\/proizvod\/tv-ormaric-u-obliku-slova-l-s-podesivom-duljinom\/#primaryimage","url":"https:\/\/i0.wp.com\/inti.hr\/wp-content\/uploads\/2025\/05\/LTV126W02-1.jpg?fit=1000%2C1000&ssl=1","contentUrl":"https:\/\/i0.wp.com\/inti.hr\/wp-content\/uploads\/2025\/05\/LTV126W02-1.jpg?fit=1000%2C1000&ssl=1","width":1000,"height":1000,"caption":"VASAGLE TV ormari\u0107 u obliku slova L s podesivom duljinom, boje oblaka bijele i prirodno be\u017e"},{"@type":"BreadcrumbList","@id":"https:\/\/inti.hr\/sr\/proizvod\/tv-ormaric-u-obliku-slova-l-s-podesivom-duljinom\/#breadcrumb","itemListElement":[{"@type":"ListItem","position":1,"name":"Po\u010detna stranica","item":"https:\/\/inti.hr\/sr\/"},{"@type":"ListItem","position":2,"name":"Prodavnica","item":"https:\/\/inti.hr\/sr\/prodavnica\/"},{"@type":"ListItem","position":3,"name":"TV ormari\u0107 u obliku slova L s podesivom duljinom"}]},{"@type":"WebSite","@id":"https:\/\/inti.hr\/sr\/#website","url":"https:\/\/inti.hr\/sr\/","name":"Inti","description":"trgovina","potentialAction":[{"@type":"SearchAction","target":{"@type":"EntryPoint","urlTemplate":"https:\/\/inti.hr\/sr\/?s={search_term_string}"},"query-input":{"@type":"PropertyValueSpecification","valueRequired":true,"valueName":"search_term_string"}}],"inLanguage":"sr-RS"}]}},"jetpack_sharing_enabled":true,"jetpack-related-posts":[],"_links":{"self":[{"href":"https:\/\/inti.hr\/sr\/wp-json\/wp\/v2\/product\/35063"}],"collection":[{"href":"https:\/\/inti.hr\/sr\/wp-json\/wp\/v2\/product"}],"about":[{"href":"https:\/\/inti.hr\/sr\/wp-json\/wp\/v2\/types\/product"}],"wp:featuredmedia":[{"embeddable":true,"href":"https:\/\/inti.hr\/sr\/wp-json\/wp\/v2\/media\/35064"}],"wp:attachment":[{"href":"https:\/\/inti.hr\/sr\/wp-json\/wp\/v2\/media?parent=35063"}],"wp:term":[{"taxonomy":"product_cat","embeddable":true,"href":"https:\/\/inti.hr\/sr\/wp-json\/wp\/v2\/product_cat?post=35063"},{"taxonomy":"product_tag","embeddable":true,"href":"https:\/\/inti.hr\/sr\/wp-json\/wp\/v2\/product_tag?post=35063"}],"curies":[{"name":"wp","href":"https:\/\/api.w.org\/{rel}","templated":true}]}}