{"id":35075,"date":"2025-04-24T10:00:13","date_gmt":"2025-04-24T09:00:13","guid":{"rendered":"https:\/\/inti.hr\/product\/3-slojni-stalak-za-igracke-na-kotacima\/"},"modified":"2025-04-24T10:00:13","modified_gmt":"2025-04-24T09:00:13","slug":"3-slojni-stalak-za-igracke-na-kotacima","status":"publish","type":"product","link":"https:\/\/inti.hr\/sr\/proizvod\/3-slojni-stalak-za-igracke-na-kotacima\/","title":{"rendered":"3-slojni stalak za igra\u010dke na kota\u010dima"},"content":{"rendered":"<p>Detalji proizvoda:<br \/>\nMaterijal: MDF (vlaknasta plo\u010da srednje gusto\u0107e), iverica<br \/>\nVeli\u010dina police: 29,5 x 62,5 x 70 cm (D x \u0160 x V)<br \/>\nVeli\u010dina donje kutije: 28 x 59,5 x 37 cm (D x \u0160 x V)<br \/>\nTe\u017eina: 13,5 kg<br \/>\nMaks. stati\u010dka nosivost: 25 kg<\/p>\n","protected":false},"excerpt":{"rendered":"<p>Potaknite svoju djecu da organiziraju svoje knjige i igra\u010dke pomo\u0107u ove &#8230; <\/p>\n","protected":false},"featured_media":35076,"template":"","meta":[],"product_cat":[2411],"product_tag":[3007,4449],"yoast_head":"<!-- This site is optimized with the Yoast SEO plugin v23.7 - https:\/\/yoast.com\/wordpress\/plugins\/seo\/ -->\n<title>3-slojni stalak za igra\u010dke na kota\u010dima - Inti<\/title>\n<meta name=\"description\" content=\"Potaknite svoju djecu da organiziraju svoje knjige i igra\u010dke pomo\u0107u ove dje\u010dje police. To je idealno mjesto za njihove razne stvari i \u010dini pospremanje super lakim za mali\u0161ane. Zahvaljuju\u0107i idealnoj visini, djeca mogu lako pristupiti knjigama i igra\u010dkama. Izrezane ru\u010dke olak\u0161avaju izvla\u010denje donje kutije. Zaobljeni kutovi i za\u0161tita od prevrtanja pru\u017eaju dodatnu sigurnost. Zahvaljuju\u0107i jasnim uputama, dje\u010dja polica \u0107e u tren oka uljep\u0161ati dje\u010dju sobu ili igraonicu va\u0161eg mali\u0161ana. U\u017eivajte u entuzijazmu svoje djece kada vam ponosno pokazuju kako to rade. 3 otvorena pretinca na vrhu poma\u017eu va\u0161oj djeci organizirati knjige razli\u010ditih veli\u010dina. Donja kutija za igra\u010dke s kota\u010di\u0107ima mo\u017ee se lako izvu\u0107i tako da odmah mogu prona\u0107i svoje igra\u010dke. Zahvaljuju\u0107i visokokvalitetnom MDF-u i iverali, polica za igra\u010dke i knjige za djecu stabilna je i izdr\u017eljiva. Da biste ga o\u010distili, samo ga obri\u0161ite vla\u017enom krpom.\" \/>\n<meta name=\"robots\" content=\"index, follow, max-snippet:-1, max-image-preview:large, max-video-preview:-1\" \/>\n<link rel=\"canonical\" href=\"https:\/\/inti.hr\/sr\/proizvod\/3-slojni-stalak-za-igracke-na-kotacima\/\" \/>\n<meta property=\"og:locale\" content=\"sr_RS\" \/>\n<meta property=\"og:type\" content=\"article\" \/>\n<meta property=\"og:title\" content=\"3-slojni stalak za igra\u010dke na kota\u010dima - Inti\" \/>\n<meta property=\"og:description\" content=\"Potaknite svoju djecu da organiziraju svoje knjige i igra\u010dke pomo\u0107u ove dje\u010dje police. To je idealno mjesto za njihove razne stvari i \u010dini pospremanje super lakim za mali\u0161ane. Zahvaljuju\u0107i idealnoj visini, djeca mogu lako pristupiti knjigama i igra\u010dkama. Izrezane ru\u010dke olak\u0161avaju izvla\u010denje donje kutije. Zaobljeni kutovi i za\u0161tita od prevrtanja pru\u017eaju dodatnu sigurnost. Zahvaljuju\u0107i jasnim uputama, dje\u010dja polica \u0107e u tren oka uljep\u0161ati dje\u010dju sobu ili igraonicu va\u0161eg mali\u0161ana. U\u017eivajte u entuzijazmu svoje djece kada vam ponosno pokazuju kako to rade. 3 otvorena pretinca na vrhu poma\u017eu va\u0161oj djeci organizirati knjige razli\u010ditih veli\u010dina. Donja kutija za igra\u010dke s kota\u010di\u0107ima mo\u017ee se lako izvu\u0107i tako da odmah mogu prona\u0107i svoje igra\u010dke. Zahvaljuju\u0107i visokokvalitetnom MDF-u i iverali, polica za igra\u010dke i knjige za djecu stabilna je i izdr\u017eljiva. Da biste ga o\u010distili, samo ga obri\u0161ite vla\u017enom krpom.\" \/>\n<meta property=\"og:url\" content=\"https:\/\/inti.hr\/sr\/proizvod\/3-slojni-stalak-za-igracke-na-kotacima\/\" \/>\n<meta property=\"og:site_name\" content=\"Inti\" \/>\n<meta property=\"og:image\" content=\"https:\/\/i0.wp.com\/inti.hr\/wp-content\/uploads\/2025\/04\/GKR041G10-2.jpg?fit=800%2C1000&ssl=1\" \/>\n\t<meta property=\"og:image:width\" content=\"800\" \/>\n\t<meta property=\"og:image:height\" content=\"1000\" \/>\n\t<meta property=\"og:image:type\" content=\"image\/jpeg\" \/>\n<meta name=\"twitter:card\" content=\"summary_large_image\" \/>\n<script type=\"application\/ld+json\" class=\"yoast-schema-graph\">{\"@context\":\"https:\/\/schema.org\",\"@graph\":[{\"@type\":\"WebPage\",\"@id\":\"https:\/\/inti.hr\/sr\/proizvod\/3-slojni-stalak-za-igracke-na-kotacima\/\",\"url\":\"https:\/\/inti.hr\/sr\/proizvod\/3-slojni-stalak-za-igracke-na-kotacima\/\",\"name\":\"3-slojni stalak za igra\u010dke na kota\u010dima - Inti\",\"isPartOf\":{\"@id\":\"https:\/\/inti.hr\/sr\/#website\"},\"primaryImageOfPage\":{\"@id\":\"https:\/\/inti.hr\/sr\/proizvod\/3-slojni-stalak-za-igracke-na-kotacima\/#primaryimage\"},\"image\":{\"@id\":\"https:\/\/inti.hr\/sr\/proizvod\/3-slojni-stalak-za-igracke-na-kotacima\/#primaryimage\"},\"thumbnailUrl\":\"https:\/\/i0.wp.com\/inti.hr\/wp-content\/uploads\/2025\/04\/GKR041G10-2.jpg?fit=800%2C1000&ssl=1\",\"datePublished\":\"2025-04-24T09:00:13+00:00\",\"dateModified\":\"2025-04-24T09:00:13+00:00\",\"description\":\"Potaknite svoju djecu da organiziraju svoje knjige i igra\u010dke pomo\u0107u ove dje\u010dje police. To je idealno mjesto za njihove razne stvari i \u010dini pospremanje super lakim za mali\u0161ane. Zahvaljuju\u0107i idealnoj visini, djeca mogu lako pristupiti knjigama i igra\u010dkama. Izrezane ru\u010dke olak\u0161avaju izvla\u010denje donje kutije. Zaobljeni kutovi i za\u0161tita od prevrtanja pru\u017eaju dodatnu sigurnost. Zahvaljuju\u0107i jasnim uputama, dje\u010dja polica \u0107e u tren oka uljep\u0161ati dje\u010dju sobu ili igraonicu va\u0161eg mali\u0161ana. U\u017eivajte u entuzijazmu svoje djece kada vam ponosno pokazuju kako to rade. 3 otvorena pretinca na vrhu poma\u017eu va\u0161oj djeci organizirati knjige razli\u010ditih veli\u010dina. Donja kutija za igra\u010dke s kota\u010di\u0107ima mo\u017ee se lako izvu\u0107i tako da odmah mogu prona\u0107i svoje igra\u010dke. Zahvaljuju\u0107i visokokvalitetnom MDF-u i iverali, polica za igra\u010dke i knjige za djecu stabilna je i izdr\u017eljiva. Da biste ga o\u010distili, samo ga obri\u0161ite vla\u017enom krpom.\",\"breadcrumb\":{\"@id\":\"https:\/\/inti.hr\/sr\/proizvod\/3-slojni-stalak-za-igracke-na-kotacima\/#breadcrumb\"},\"inLanguage\":\"sr-RS\",\"potentialAction\":[{\"@type\":\"ReadAction\",\"target\":[\"https:\/\/inti.hr\/sr\/proizvod\/3-slojni-stalak-za-igracke-na-kotacima\/\"]}]},{\"@type\":\"ImageObject\",\"inLanguage\":\"sr-RS\",\"@id\":\"https:\/\/inti.hr\/sr\/proizvod\/3-slojni-stalak-za-igracke-na-kotacima\/#primaryimage\",\"url\":\"https:\/\/i0.wp.com\/inti.hr\/wp-content\/uploads\/2025\/04\/GKR041G10-2.jpg?fit=800%2C1000&ssl=1\",\"contentUrl\":\"https:\/\/i0.wp.com\/inti.hr\/wp-content\/uploads\/2025\/04\/GKR041G10-2.jpg?fit=800%2C1000&ssl=1\",\"width\":800,\"height\":1000,\"caption\":\"SONGMICS 3-slojni stalak za igra\u010dke na kota\u010dima, zobene pahuljice be\u017e\"},{\"@type\":\"BreadcrumbList\",\"@id\":\"https:\/\/inti.hr\/sr\/proizvod\/3-slojni-stalak-za-igracke-na-kotacima\/#breadcrumb\",\"itemListElement\":[{\"@type\":\"ListItem\",\"position\":1,\"name\":\"Po\u010detna stranica\",\"item\":\"https:\/\/inti.hr\/sr\/\"},{\"@type\":\"ListItem\",\"position\":2,\"name\":\"Prodavnica\",\"item\":\"https:\/\/inti.hr\/sr\/prodavnica\/\"},{\"@type\":\"ListItem\",\"position\":3,\"name\":\"3-slojni stalak za igra\u010dke na kota\u010dima\"}]},{\"@type\":\"WebSite\",\"@id\":\"https:\/\/inti.hr\/sr\/#website\",\"url\":\"https:\/\/inti.hr\/sr\/\",\"name\":\"Inti\",\"description\":\"trgovina\",\"potentialAction\":[{\"@type\":\"SearchAction\",\"target\":{\"@type\":\"EntryPoint\",\"urlTemplate\":\"https:\/\/inti.hr\/sr\/?s={search_term_string}\"},\"query-input\":{\"@type\":\"PropertyValueSpecification\",\"valueRequired\":true,\"valueName\":\"search_term_string\"}}],\"inLanguage\":\"sr-RS\"}]}<\/script>\n<!-- \/ Yoast SEO plugin. -->","yoast_head_json":{"title":"3-slojni stalak za igra\u010dke na kota\u010dima - Inti","description":"Potaknite svoju djecu da organiziraju svoje knjige i igra\u010dke pomo\u0107u ove dje\u010dje police. To je idealno mjesto za njihove razne stvari i \u010dini pospremanje super lakim za mali\u0161ane. Zahvaljuju\u0107i idealnoj visini, djeca mogu lako pristupiti knjigama i igra\u010dkama. Izrezane ru\u010dke olak\u0161avaju izvla\u010denje donje kutije. Zaobljeni kutovi i za\u0161tita od prevrtanja pru\u017eaju dodatnu sigurnost. Zahvaljuju\u0107i jasnim uputama, dje\u010dja polica \u0107e u tren oka uljep\u0161ati dje\u010dju sobu ili igraonicu va\u0161eg mali\u0161ana. U\u017eivajte u entuzijazmu svoje djece kada vam ponosno pokazuju kako to rade. 3 otvorena pretinca na vrhu poma\u017eu va\u0161oj djeci organizirati knjige razli\u010ditih veli\u010dina. Donja kutija za igra\u010dke s kota\u010di\u0107ima mo\u017ee se lako izvu\u0107i tako da odmah mogu prona\u0107i svoje igra\u010dke. Zahvaljuju\u0107i visokokvalitetnom MDF-u i iverali, polica za igra\u010dke i knjige za djecu stabilna je i izdr\u017eljiva. Da biste ga o\u010distili, samo ga obri\u0161ite vla\u017enom krpom.","robots":{"index":"index","follow":"follow","max-snippet":"max-snippet:-1","max-image-preview":"max-image-preview:large","max-video-preview":"max-video-preview:-1"},"canonical":"https:\/\/inti.hr\/sr\/proizvod\/3-slojni-stalak-za-igracke-na-kotacima\/","og_locale":"sr_RS","og_type":"article","og_title":"3-slojni stalak za igra\u010dke na kota\u010dima - Inti","og_description":"Potaknite svoju djecu da organiziraju svoje knjige i igra\u010dke pomo\u0107u ove dje\u010dje police. To je idealno mjesto za njihove razne stvari i \u010dini pospremanje super lakim za mali\u0161ane. Zahvaljuju\u0107i idealnoj visini, djeca mogu lako pristupiti knjigama i igra\u010dkama. Izrezane ru\u010dke olak\u0161avaju izvla\u010denje donje kutije. Zaobljeni kutovi i za\u0161tita od prevrtanja pru\u017eaju dodatnu sigurnost. Zahvaljuju\u0107i jasnim uputama, dje\u010dja polica \u0107e u tren oka uljep\u0161ati dje\u010dju sobu ili igraonicu va\u0161eg mali\u0161ana. U\u017eivajte u entuzijazmu svoje djece kada vam ponosno pokazuju kako to rade. 3 otvorena pretinca na vrhu poma\u017eu va\u0161oj djeci organizirati knjige razli\u010ditih veli\u010dina. Donja kutija za igra\u010dke s kota\u010di\u0107ima mo\u017ee se lako izvu\u0107i tako da odmah mogu prona\u0107i svoje igra\u010dke. Zahvaljuju\u0107i visokokvalitetnom MDF-u i iverali, polica za igra\u010dke i knjige za djecu stabilna je i izdr\u017eljiva. Da biste ga o\u010distili, samo ga obri\u0161ite vla\u017enom krpom.","og_url":"https:\/\/inti.hr\/sr\/proizvod\/3-slojni-stalak-za-igracke-na-kotacima\/","og_site_name":"Inti","og_image":[{"width":800,"height":1000,"url":"https:\/\/i0.wp.com\/inti.hr\/wp-content\/uploads\/2025\/04\/GKR041G10-2.jpg?fit=800%2C1000&ssl=1","type":"image\/jpeg"}],"twitter_card":"summary_large_image","schema":{"@context":"https:\/\/schema.org","@graph":[{"@type":"WebPage","@id":"https:\/\/inti.hr\/sr\/proizvod\/3-slojni-stalak-za-igracke-na-kotacima\/","url":"https:\/\/inti.hr\/sr\/proizvod\/3-slojni-stalak-za-igracke-na-kotacima\/","name":"3-slojni stalak za igra\u010dke na kota\u010dima - Inti","isPartOf":{"@id":"https:\/\/inti.hr\/sr\/#website"},"primaryImageOfPage":{"@id":"https:\/\/inti.hr\/sr\/proizvod\/3-slojni-stalak-za-igracke-na-kotacima\/#primaryimage"},"image":{"@id":"https:\/\/inti.hr\/sr\/proizvod\/3-slojni-stalak-za-igracke-na-kotacima\/#primaryimage"},"thumbnailUrl":"https:\/\/i0.wp.com\/inti.hr\/wp-content\/uploads\/2025\/04\/GKR041G10-2.jpg?fit=800%2C1000&ssl=1","datePublished":"2025-04-24T09:00:13+00:00","dateModified":"2025-04-24T09:00:13+00:00","description":"Potaknite svoju djecu da organiziraju svoje knjige i igra\u010dke pomo\u0107u ove dje\u010dje police. To je idealno mjesto za njihove razne stvari i \u010dini pospremanje super lakim za mali\u0161ane. Zahvaljuju\u0107i idealnoj visini, djeca mogu lako pristupiti knjigama i igra\u010dkama. Izrezane ru\u010dke olak\u0161avaju izvla\u010denje donje kutije. Zaobljeni kutovi i za\u0161tita od prevrtanja pru\u017eaju dodatnu sigurnost. Zahvaljuju\u0107i jasnim uputama, dje\u010dja polica \u0107e u tren oka uljep\u0161ati dje\u010dju sobu ili igraonicu va\u0161eg mali\u0161ana. U\u017eivajte u entuzijazmu svoje djece kada vam ponosno pokazuju kako to rade. 3 otvorena pretinca na vrhu poma\u017eu va\u0161oj djeci organizirati knjige razli\u010ditih veli\u010dina. Donja kutija za igra\u010dke s kota\u010di\u0107ima mo\u017ee se lako izvu\u0107i tako da odmah mogu prona\u0107i svoje igra\u010dke. Zahvaljuju\u0107i visokokvalitetnom MDF-u i iverali, polica za igra\u010dke i knjige za djecu stabilna je i izdr\u017eljiva. Da biste ga o\u010distili, samo ga obri\u0161ite vla\u017enom krpom.","breadcrumb":{"@id":"https:\/\/inti.hr\/sr\/proizvod\/3-slojni-stalak-za-igracke-na-kotacima\/#breadcrumb"},"inLanguage":"sr-RS","potentialAction":[{"@type":"ReadAction","target":["https:\/\/inti.hr\/sr\/proizvod\/3-slojni-stalak-za-igracke-na-kotacima\/"]}]},{"@type":"ImageObject","inLanguage":"sr-RS","@id":"https:\/\/inti.hr\/sr\/proizvod\/3-slojni-stalak-za-igracke-na-kotacima\/#primaryimage","url":"https:\/\/i0.wp.com\/inti.hr\/wp-content\/uploads\/2025\/04\/GKR041G10-2.jpg?fit=800%2C1000&ssl=1","contentUrl":"https:\/\/i0.wp.com\/inti.hr\/wp-content\/uploads\/2025\/04\/GKR041G10-2.jpg?fit=800%2C1000&ssl=1","width":800,"height":1000,"caption":"SONGMICS 3-slojni stalak za igra\u010dke na kota\u010dima, zobene pahuljice be\u017e"},{"@type":"BreadcrumbList","@id":"https:\/\/inti.hr\/sr\/proizvod\/3-slojni-stalak-za-igracke-na-kotacima\/#breadcrumb","itemListElement":[{"@type":"ListItem","position":1,"name":"Po\u010detna stranica","item":"https:\/\/inti.hr\/sr\/"},{"@type":"ListItem","position":2,"name":"Prodavnica","item":"https:\/\/inti.hr\/sr\/prodavnica\/"},{"@type":"ListItem","position":3,"name":"3-slojni stalak za igra\u010dke na kota\u010dima"}]},{"@type":"WebSite","@id":"https:\/\/inti.hr\/sr\/#website","url":"https:\/\/inti.hr\/sr\/","name":"Inti","description":"trgovina","potentialAction":[{"@type":"SearchAction","target":{"@type":"EntryPoint","urlTemplate":"https:\/\/inti.hr\/sr\/?s={search_term_string}"},"query-input":{"@type":"PropertyValueSpecification","valueRequired":true,"valueName":"search_term_string"}}],"inLanguage":"sr-RS"}]}},"jetpack_sharing_enabled":true,"jetpack-related-posts":[],"_links":{"self":[{"href":"https:\/\/inti.hr\/sr\/wp-json\/wp\/v2\/product\/35075"}],"collection":[{"href":"https:\/\/inti.hr\/sr\/wp-json\/wp\/v2\/product"}],"about":[{"href":"https:\/\/inti.hr\/sr\/wp-json\/wp\/v2\/types\/product"}],"wp:featuredmedia":[{"embeddable":true,"href":"https:\/\/inti.hr\/sr\/wp-json\/wp\/v2\/media\/35076"}],"wp:attachment":[{"href":"https:\/\/inti.hr\/sr\/wp-json\/wp\/v2\/media?parent=35075"}],"wp:term":[{"taxonomy":"product_cat","embeddable":true,"href":"https:\/\/inti.hr\/sr\/wp-json\/wp\/v2\/product_cat?post=35075"},{"taxonomy":"product_tag","embeddable":true,"href":"https:\/\/inti.hr\/sr\/wp-json\/wp\/v2\/product_tag?post=35075"}],"curies":[{"name":"wp","href":"https:\/\/api.w.org\/{rel}","templated":true}]}}