{"id":35137,"date":"2025-02-10T12:18:45","date_gmt":"2025-02-10T11:18:45","guid":{"rendered":"https:\/\/inti.hr\/product\/set-stolica-za-kavu-od-2-komada-s-led-svjetlom\/"},"modified":"2025-02-10T12:18:45","modified_gmt":"2025-02-10T11:18:45","slug":"set-stolica-za-kavu-od-2-komada-s-led-svjetlom","status":"publish","type":"product","link":"https:\/\/inti.hr\/sr\/proizvod\/set-stolica-za-kavu-od-2-komada-s-led-svjetlom\/","title":{"rendered":"Set stoli\u0107a za kavu od 2 komada s LED svjetlom"},"content":{"rendered":"<p>Detalji proizvoda:<br \/>\nBoja: oblak bijela-biserno bijela<br \/>\nMaterijal: kaljeno staklo, \u010delik<br \/>\nVeli\u010dina velikog stola: 60 x 60 x 45 cm (D x \u0160 x V)<br \/>\nVeli\u010dina stoli\u0107a: 50 x 50 x 40 cm (D x \u0160 x V)<br \/>\nUkupna te\u017eina: 16,7 kg<br \/>\nMaksimalna stati\u010dka nosivost po stolu: 30 kg<\/p>\n","protected":false},"excerpt":{"rendered":"<p>Ovi kvadratni stolovi mogu se koristiti zajedno za slojeviti izgled ili &#8230; <\/p>\n","protected":false},"featured_media":35138,"template":"","meta":[],"product_cat":[2421],"product_tag":[2448,4469],"yoast_head":"<!-- This site is optimized with the Yoast SEO plugin v23.7 - https:\/\/yoast.com\/wordpress\/plugins\/seo\/ -->\n<title>Set stoli\u0107a za kavu od 2 komada s LED svjetlom - Inti<\/title>\n<meta name=\"description\" content=\"Ovi kvadratni stolovi mogu se koristiti zajedno za slojeviti izgled ili pojedina\u010dno. Kada se ne koriste, mogu se spojiti zajedno radi u\u0161tede prostora. Savr\u0161en za svaki \u017eivotni prostor! S ukupno dvije plo\u010de stola za vaze, daljinske upravlja\u010de ili druge va\u017ene stvari i ni\u017eom policom za \u010dasopise i knjige, ovaj set od dva bo\u010dna stoli\u0107a osigurava red i brz pristup. Uz jednostavnu strukturu, jasne upute i ozna\u010dene dijelove, sastavljanje ovih stolova za dnevni boravak je povjetarac. Iskoristite svoj stilski namje\u0161taj u tren oka. Uljep\u0161ajte svoj dnevni boravak integriranim LED svjetlima. Prebacite se izme\u0111u hladnog, prirodnog i toplog svjetla i prilagodite svjetlinu kako biste stvorili savr\u0161enu atmosferu za svaku priliku. Sa svojim \u010deli\u010dnim okvirom i mat staklenim policama, ovaj set stoli\u0107a dodaje moderan \u0161arm va\u0161em domu. Koristite ga kao pomo\u0107ni stoli\u0107 u recepciji, kao kutak za \u010ditanje u radnoj sobi ili kao no\u0107ni ormari\u0107 u spava\u0107oj sobi.\" \/>\n<meta name=\"robots\" content=\"index, follow, max-snippet:-1, max-image-preview:large, max-video-preview:-1\" \/>\n<link rel=\"canonical\" href=\"https:\/\/inti.hr\/sr\/proizvod\/set-stolica-za-kavu-od-2-komada-s-led-svjetlom\/\" \/>\n<meta property=\"og:locale\" content=\"sr_RS\" \/>\n<meta property=\"og:type\" content=\"article\" \/>\n<meta property=\"og:title\" content=\"Set stoli\u0107a za kavu od 2 komada s LED svjetlom - Inti\" \/>\n<meta property=\"og:description\" content=\"Ovi kvadratni stolovi mogu se koristiti zajedno za slojeviti izgled ili pojedina\u010dno. Kada se ne koriste, mogu se spojiti zajedno radi u\u0161tede prostora. Savr\u0161en za svaki \u017eivotni prostor! S ukupno dvije plo\u010de stola za vaze, daljinske upravlja\u010de ili druge va\u017ene stvari i ni\u017eom policom za \u010dasopise i knjige, ovaj set od dva bo\u010dna stoli\u0107a osigurava red i brz pristup. Uz jednostavnu strukturu, jasne upute i ozna\u010dene dijelove, sastavljanje ovih stolova za dnevni boravak je povjetarac. Iskoristite svoj stilski namje\u0161taj u tren oka. Uljep\u0161ajte svoj dnevni boravak integriranim LED svjetlima. Prebacite se izme\u0111u hladnog, prirodnog i toplog svjetla i prilagodite svjetlinu kako biste stvorili savr\u0161enu atmosferu za svaku priliku. Sa svojim \u010deli\u010dnim okvirom i mat staklenim policama, ovaj set stoli\u0107a dodaje moderan \u0161arm va\u0161em domu. Koristite ga kao pomo\u0107ni stoli\u0107 u recepciji, kao kutak za \u010ditanje u radnoj sobi ili kao no\u0107ni ormari\u0107 u spava\u0107oj sobi.\" \/>\n<meta property=\"og:url\" content=\"https:\/\/inti.hr\/sr\/proizvod\/set-stolica-za-kavu-od-2-komada-s-led-svjetlom\/\" \/>\n<meta property=\"og:site_name\" content=\"Inti\" \/>\n<meta property=\"og:image\" content=\"https:\/\/i0.wp.com\/inti.hr\/wp-content\/uploads\/2025\/02\/LCT246B01-2.jpg?fit=800%2C1000&ssl=1\" \/>\n\t<meta property=\"og:image:width\" content=\"800\" \/>\n\t<meta property=\"og:image:height\" content=\"1000\" \/>\n\t<meta property=\"og:image:type\" content=\"image\/jpeg\" \/>\n<meta name=\"twitter:card\" content=\"summary_large_image\" \/>\n<script type=\"application\/ld+json\" class=\"yoast-schema-graph\">{\"@context\":\"https:\/\/schema.org\",\"@graph\":[{\"@type\":\"WebPage\",\"@id\":\"https:\/\/inti.hr\/sr\/proizvod\/set-stolica-za-kavu-od-2-komada-s-led-svjetlom\/\",\"url\":\"https:\/\/inti.hr\/sr\/proizvod\/set-stolica-za-kavu-od-2-komada-s-led-svjetlom\/\",\"name\":\"Set stoli\u0107a za kavu od 2 komada s LED svjetlom - Inti\",\"isPartOf\":{\"@id\":\"https:\/\/inti.hr\/sr\/#website\"},\"primaryImageOfPage\":{\"@id\":\"https:\/\/inti.hr\/sr\/proizvod\/set-stolica-za-kavu-od-2-komada-s-led-svjetlom\/#primaryimage\"},\"image\":{\"@id\":\"https:\/\/inti.hr\/sr\/proizvod\/set-stolica-za-kavu-od-2-komada-s-led-svjetlom\/#primaryimage\"},\"thumbnailUrl\":\"https:\/\/i0.wp.com\/inti.hr\/wp-content\/uploads\/2025\/02\/LCT246B01-2.jpg?fit=800%2C1000&ssl=1\",\"datePublished\":\"2025-02-10T11:18:45+00:00\",\"dateModified\":\"2025-02-10T11:18:45+00:00\",\"description\":\"Ovi kvadratni stolovi mogu se koristiti zajedno za slojeviti izgled ili pojedina\u010dno. Kada se ne koriste, mogu se spojiti zajedno radi u\u0161tede prostora. Savr\u0161en za svaki \u017eivotni prostor! S ukupno dvije plo\u010de stola za vaze, daljinske upravlja\u010de ili druge va\u017ene stvari i ni\u017eom policom za \u010dasopise i knjige, ovaj set od dva bo\u010dna stoli\u0107a osigurava red i brz pristup. Uz jednostavnu strukturu, jasne upute i ozna\u010dene dijelove, sastavljanje ovih stolova za dnevni boravak je povjetarac. Iskoristite svoj stilski namje\u0161taj u tren oka. Uljep\u0161ajte svoj dnevni boravak integriranim LED svjetlima. Prebacite se izme\u0111u hladnog, prirodnog i toplog svjetla i prilagodite svjetlinu kako biste stvorili savr\u0161enu atmosferu za svaku priliku. Sa svojim \u010deli\u010dnim okvirom i mat staklenim policama, ovaj set stoli\u0107a dodaje moderan \u0161arm va\u0161em domu. Koristite ga kao pomo\u0107ni stoli\u0107 u recepciji, kao kutak za \u010ditanje u radnoj sobi ili kao no\u0107ni ormari\u0107 u spava\u0107oj sobi.\",\"breadcrumb\":{\"@id\":\"https:\/\/inti.hr\/sr\/proizvod\/set-stolica-za-kavu-od-2-komada-s-led-svjetlom\/#breadcrumb\"},\"inLanguage\":\"sr-RS\",\"potentialAction\":[{\"@type\":\"ReadAction\",\"target\":[\"https:\/\/inti.hr\/sr\/proizvod\/set-stolica-za-kavu-od-2-komada-s-led-svjetlom\/\"]}]},{\"@type\":\"ImageObject\",\"inLanguage\":\"sr-RS\",\"@id\":\"https:\/\/inti.hr\/sr\/proizvod\/set-stolica-za-kavu-od-2-komada-s-led-svjetlom\/#primaryimage\",\"url\":\"https:\/\/i0.wp.com\/inti.hr\/wp-content\/uploads\/2025\/02\/LCT246B01-2.jpg?fit=800%2C1000&ssl=1\",\"contentUrl\":\"https:\/\/i0.wp.com\/inti.hr\/wp-content\/uploads\/2025\/02\/LCT246B01-2.jpg?fit=800%2C1000&ssl=1\",\"width\":800,\"height\":1000,\"caption\":\"VASAGLE set stoli\u0107a za kavu od 2 komada s LED svjetlom oblak bijelo-biserno bijelo\"},{\"@type\":\"BreadcrumbList\",\"@id\":\"https:\/\/inti.hr\/sr\/proizvod\/set-stolica-za-kavu-od-2-komada-s-led-svjetlom\/#breadcrumb\",\"itemListElement\":[{\"@type\":\"ListItem\",\"position\":1,\"name\":\"Po\u010detna stranica\",\"item\":\"https:\/\/inti.hr\/sr\/\"},{\"@type\":\"ListItem\",\"position\":2,\"name\":\"Prodavnica\",\"item\":\"https:\/\/inti.hr\/sr\/prodavnica\/\"},{\"@type\":\"ListItem\",\"position\":3,\"name\":\"Set stoli\u0107a za kavu od 2 komada s LED svjetlom\"}]},{\"@type\":\"WebSite\",\"@id\":\"https:\/\/inti.hr\/sr\/#website\",\"url\":\"https:\/\/inti.hr\/sr\/\",\"name\":\"Inti\",\"description\":\"trgovina\",\"potentialAction\":[{\"@type\":\"SearchAction\",\"target\":{\"@type\":\"EntryPoint\",\"urlTemplate\":\"https:\/\/inti.hr\/sr\/?s={search_term_string}\"},\"query-input\":{\"@type\":\"PropertyValueSpecification\",\"valueRequired\":true,\"valueName\":\"search_term_string\"}}],\"inLanguage\":\"sr-RS\"}]}<\/script>\n<!-- \/ Yoast SEO plugin. -->","yoast_head_json":{"title":"Set stoli\u0107a za kavu od 2 komada s LED svjetlom - Inti","description":"Ovi kvadratni stolovi mogu se koristiti zajedno za slojeviti izgled ili pojedina\u010dno. Kada se ne koriste, mogu se spojiti zajedno radi u\u0161tede prostora. Savr\u0161en za svaki \u017eivotni prostor! S ukupno dvije plo\u010de stola za vaze, daljinske upravlja\u010de ili druge va\u017ene stvari i ni\u017eom policom za \u010dasopise i knjige, ovaj set od dva bo\u010dna stoli\u0107a osigurava red i brz pristup. Uz jednostavnu strukturu, jasne upute i ozna\u010dene dijelove, sastavljanje ovih stolova za dnevni boravak je povjetarac. Iskoristite svoj stilski namje\u0161taj u tren oka. Uljep\u0161ajte svoj dnevni boravak integriranim LED svjetlima. Prebacite se izme\u0111u hladnog, prirodnog i toplog svjetla i prilagodite svjetlinu kako biste stvorili savr\u0161enu atmosferu za svaku priliku. Sa svojim \u010deli\u010dnim okvirom i mat staklenim policama, ovaj set stoli\u0107a dodaje moderan \u0161arm va\u0161em domu. Koristite ga kao pomo\u0107ni stoli\u0107 u recepciji, kao kutak za \u010ditanje u radnoj sobi ili kao no\u0107ni ormari\u0107 u spava\u0107oj sobi.","robots":{"index":"index","follow":"follow","max-snippet":"max-snippet:-1","max-image-preview":"max-image-preview:large","max-video-preview":"max-video-preview:-1"},"canonical":"https:\/\/inti.hr\/sr\/proizvod\/set-stolica-za-kavu-od-2-komada-s-led-svjetlom\/","og_locale":"sr_RS","og_type":"article","og_title":"Set stoli\u0107a za kavu od 2 komada s LED svjetlom - Inti","og_description":"Ovi kvadratni stolovi mogu se koristiti zajedno za slojeviti izgled ili pojedina\u010dno. Kada se ne koriste, mogu se spojiti zajedno radi u\u0161tede prostora. Savr\u0161en za svaki \u017eivotni prostor! S ukupno dvije plo\u010de stola za vaze, daljinske upravlja\u010de ili druge va\u017ene stvari i ni\u017eom policom za \u010dasopise i knjige, ovaj set od dva bo\u010dna stoli\u0107a osigurava red i brz pristup. Uz jednostavnu strukturu, jasne upute i ozna\u010dene dijelove, sastavljanje ovih stolova za dnevni boravak je povjetarac. Iskoristite svoj stilski namje\u0161taj u tren oka. Uljep\u0161ajte svoj dnevni boravak integriranim LED svjetlima. Prebacite se izme\u0111u hladnog, prirodnog i toplog svjetla i prilagodite svjetlinu kako biste stvorili savr\u0161enu atmosferu za svaku priliku. Sa svojim \u010deli\u010dnim okvirom i mat staklenim policama, ovaj set stoli\u0107a dodaje moderan \u0161arm va\u0161em domu. Koristite ga kao pomo\u0107ni stoli\u0107 u recepciji, kao kutak za \u010ditanje u radnoj sobi ili kao no\u0107ni ormari\u0107 u spava\u0107oj sobi.","og_url":"https:\/\/inti.hr\/sr\/proizvod\/set-stolica-za-kavu-od-2-komada-s-led-svjetlom\/","og_site_name":"Inti","og_image":[{"width":800,"height":1000,"url":"https:\/\/i0.wp.com\/inti.hr\/wp-content\/uploads\/2025\/02\/LCT246B01-2.jpg?fit=800%2C1000&ssl=1","type":"image\/jpeg"}],"twitter_card":"summary_large_image","schema":{"@context":"https:\/\/schema.org","@graph":[{"@type":"WebPage","@id":"https:\/\/inti.hr\/sr\/proizvod\/set-stolica-za-kavu-od-2-komada-s-led-svjetlom\/","url":"https:\/\/inti.hr\/sr\/proizvod\/set-stolica-za-kavu-od-2-komada-s-led-svjetlom\/","name":"Set stoli\u0107a za kavu od 2 komada s LED svjetlom - Inti","isPartOf":{"@id":"https:\/\/inti.hr\/sr\/#website"},"primaryImageOfPage":{"@id":"https:\/\/inti.hr\/sr\/proizvod\/set-stolica-za-kavu-od-2-komada-s-led-svjetlom\/#primaryimage"},"image":{"@id":"https:\/\/inti.hr\/sr\/proizvod\/set-stolica-za-kavu-od-2-komada-s-led-svjetlom\/#primaryimage"},"thumbnailUrl":"https:\/\/i0.wp.com\/inti.hr\/wp-content\/uploads\/2025\/02\/LCT246B01-2.jpg?fit=800%2C1000&ssl=1","datePublished":"2025-02-10T11:18:45+00:00","dateModified":"2025-02-10T11:18:45+00:00","description":"Ovi kvadratni stolovi mogu se koristiti zajedno za slojeviti izgled ili pojedina\u010dno. Kada se ne koriste, mogu se spojiti zajedno radi u\u0161tede prostora. Savr\u0161en za svaki \u017eivotni prostor! S ukupno dvije plo\u010de stola za vaze, daljinske upravlja\u010de ili druge va\u017ene stvari i ni\u017eom policom za \u010dasopise i knjige, ovaj set od dva bo\u010dna stoli\u0107a osigurava red i brz pristup. Uz jednostavnu strukturu, jasne upute i ozna\u010dene dijelove, sastavljanje ovih stolova za dnevni boravak je povjetarac. Iskoristite svoj stilski namje\u0161taj u tren oka. Uljep\u0161ajte svoj dnevni boravak integriranim LED svjetlima. Prebacite se izme\u0111u hladnog, prirodnog i toplog svjetla i prilagodite svjetlinu kako biste stvorili savr\u0161enu atmosferu za svaku priliku. Sa svojim \u010deli\u010dnim okvirom i mat staklenim policama, ovaj set stoli\u0107a dodaje moderan \u0161arm va\u0161em domu. Koristite ga kao pomo\u0107ni stoli\u0107 u recepciji, kao kutak za \u010ditanje u radnoj sobi ili kao no\u0107ni ormari\u0107 u spava\u0107oj sobi.","breadcrumb":{"@id":"https:\/\/inti.hr\/sr\/proizvod\/set-stolica-za-kavu-od-2-komada-s-led-svjetlom\/#breadcrumb"},"inLanguage":"sr-RS","potentialAction":[{"@type":"ReadAction","target":["https:\/\/inti.hr\/sr\/proizvod\/set-stolica-za-kavu-od-2-komada-s-led-svjetlom\/"]}]},{"@type":"ImageObject","inLanguage":"sr-RS","@id":"https:\/\/inti.hr\/sr\/proizvod\/set-stolica-za-kavu-od-2-komada-s-led-svjetlom\/#primaryimage","url":"https:\/\/i0.wp.com\/inti.hr\/wp-content\/uploads\/2025\/02\/LCT246B01-2.jpg?fit=800%2C1000&ssl=1","contentUrl":"https:\/\/i0.wp.com\/inti.hr\/wp-content\/uploads\/2025\/02\/LCT246B01-2.jpg?fit=800%2C1000&ssl=1","width":800,"height":1000,"caption":"VASAGLE set stoli\u0107a za kavu od 2 komada s LED svjetlom oblak bijelo-biserno bijelo"},{"@type":"BreadcrumbList","@id":"https:\/\/inti.hr\/sr\/proizvod\/set-stolica-za-kavu-od-2-komada-s-led-svjetlom\/#breadcrumb","itemListElement":[{"@type":"ListItem","position":1,"name":"Po\u010detna stranica","item":"https:\/\/inti.hr\/sr\/"},{"@type":"ListItem","position":2,"name":"Prodavnica","item":"https:\/\/inti.hr\/sr\/prodavnica\/"},{"@type":"ListItem","position":3,"name":"Set stoli\u0107a za kavu od 2 komada s LED svjetlom"}]},{"@type":"WebSite","@id":"https:\/\/inti.hr\/sr\/#website","url":"https:\/\/inti.hr\/sr\/","name":"Inti","description":"trgovina","potentialAction":[{"@type":"SearchAction","target":{"@type":"EntryPoint","urlTemplate":"https:\/\/inti.hr\/sr\/?s={search_term_string}"},"query-input":{"@type":"PropertyValueSpecification","valueRequired":true,"valueName":"search_term_string"}}],"inLanguage":"sr-RS"}]}},"jetpack_sharing_enabled":true,"jetpack-related-posts":[],"_links":{"self":[{"href":"https:\/\/inti.hr\/sr\/wp-json\/wp\/v2\/product\/35137"}],"collection":[{"href":"https:\/\/inti.hr\/sr\/wp-json\/wp\/v2\/product"}],"about":[{"href":"https:\/\/inti.hr\/sr\/wp-json\/wp\/v2\/types\/product"}],"wp:featuredmedia":[{"embeddable":true,"href":"https:\/\/inti.hr\/sr\/wp-json\/wp\/v2\/media\/35138"}],"wp:attachment":[{"href":"https:\/\/inti.hr\/sr\/wp-json\/wp\/v2\/media?parent=35137"}],"wp:term":[{"taxonomy":"product_cat","embeddable":true,"href":"https:\/\/inti.hr\/sr\/wp-json\/wp\/v2\/product_cat?post=35137"},{"taxonomy":"product_tag","embeddable":true,"href":"https:\/\/inti.hr\/sr\/wp-json\/wp\/v2\/product_tag?post=35137"}],"curies":[{"name":"wp","href":"https:\/\/api.w.org\/{rel}","templated":true}]}}