{"id":35197,"date":"2025-01-24T14:54:29","date_gmt":"2025-01-24T13:54:29","guid":{"rendered":"https:\/\/inti.hr\/product\/kutna-polica-s-5-razina-i-led-rasvjetom\/"},"modified":"2025-01-24T14:54:29","modified_gmt":"2025-01-24T13:54:29","slug":"kutna-polica-s-5-razina-i-led-rasvjetom","status":"publish","type":"product","link":"https:\/\/inti.hr\/sr\/proizvod\/kutna-polica-s-5-razina-i-led-rasvjetom\/","title":{"rendered":"Kutna polica s 5 razina i LED rasvjetom"},"content":{"rendered":"<ul>\n<li><b>Detalji proizvoda:<\/b><\/li>\n<li>Boja: vintage sme\u0111a, crna<\/li>\n<li>Materijal: \u010delik, iverica<\/li>\n<li>Veli\u010dina: 24,8 x 48 x 146,6 cm (D x \u0160 x V)<\/li>\n<li>Te\u017eina: 6,3 kg<\/li>\n<li>Maksimalna stati\u010dka nosivost po polici: 5 kg<\/li>\n<li>Maksimalna stati\u010dka nosivost: 25 kg<\/li>\n<\/ul>\n","protected":false},"excerpt":{"rendered":"<p>Ova polica za knjige ima LED svjetla sa 7 boja, 7 &#8230; <\/p>\n","protected":false},"featured_media":35198,"template":"","meta":[],"product_cat":[2421],"product_tag":[2801,2600],"yoast_head":"<!-- This site is optimized with the Yoast SEO plugin v23.7 - https:\/\/yoast.com\/wordpress\/plugins\/seo\/ -->\n<title>Kutna polica s 5 razina i LED rasvjetom - Inti<\/title>\n<meta name=\"description\" content=\"Ova polica za knjige ima LED svjetla sa 7 boja, 7 razina svjetline, 3 na\u010dina bljeskanja i 3 brzine bljeskanja te prilo\u017een daljinski upravlja\u010d za stvaranje jedinstvene atmosfere. Ova kutna polica s razmakom od 34 cm ne samo da pru\u017ea prostor za pohranu, ve\u0107 i jedinstveni izlog u va\u0161em domu. Na njega mo\u017eete postaviti ukrase, fotografije, biljke, mirisne svije\u0107e i sl. Uz upute koje je lako slijediti mo\u017eete bez napora sastaviti kutnu policu u 20 minuta. Prilo\u017eeni paket dodatne opreme sadr\u017ei sve \u0161to vam je potrebno. Nije potreban dodatni alat! Rasporedite knjige u ku\u0107nom uredu, elegantno predstavite nakit u dnevnoj ili spava\u0107oj sobi i uredno pospremite kuhinjski pribor u kuhinju - ova svestrana polica za odlaganje sve to \u010dini mogu\u0107im. Izra\u0111ena od iverice otporne na ogrebotine i \u010dvrstog \u010delika, ova je polica stabilna i izdr\u017eljiva i mo\u017ee izdr\u017eati do 5 kg po razini (ukupno 25 kg). Uklju\u010dena za\u0161tita vrha pove\u0107ava sigurnost.\" \/>\n<meta name=\"robots\" content=\"index, follow, max-snippet:-1, max-image-preview:large, max-video-preview:-1\" \/>\n<link rel=\"canonical\" href=\"https:\/\/inti.hr\/sr\/proizvod\/kutna-polica-s-5-razina-i-led-rasvjetom\/\" \/>\n<meta property=\"og:locale\" content=\"sr_RS\" \/>\n<meta property=\"og:type\" content=\"article\" \/>\n<meta property=\"og:title\" content=\"Kutna polica s 5 razina i LED rasvjetom - Inti\" \/>\n<meta property=\"og:description\" content=\"Ova polica za knjige ima LED svjetla sa 7 boja, 7 razina svjetline, 3 na\u010dina bljeskanja i 3 brzine bljeskanja te prilo\u017een daljinski upravlja\u010d za stvaranje jedinstvene atmosfere. Ova kutna polica s razmakom od 34 cm ne samo da pru\u017ea prostor za pohranu, ve\u0107 i jedinstveni izlog u va\u0161em domu. Na njega mo\u017eete postaviti ukrase, fotografije, biljke, mirisne svije\u0107e i sl. Uz upute koje je lako slijediti mo\u017eete bez napora sastaviti kutnu policu u 20 minuta. Prilo\u017eeni paket dodatne opreme sadr\u017ei sve \u0161to vam je potrebno. Nije potreban dodatni alat! Rasporedite knjige u ku\u0107nom uredu, elegantno predstavite nakit u dnevnoj ili spava\u0107oj sobi i uredno pospremite kuhinjski pribor u kuhinju - ova svestrana polica za odlaganje sve to \u010dini mogu\u0107im. Izra\u0111ena od iverice otporne na ogrebotine i \u010dvrstog \u010delika, ova je polica stabilna i izdr\u017eljiva i mo\u017ee izdr\u017eati do 5 kg po razini (ukupno 25 kg). Uklju\u010dena za\u0161tita vrha pove\u0107ava sigurnost.\" \/>\n<meta property=\"og:url\" content=\"https:\/\/inti.hr\/sr\/proizvod\/kutna-polica-s-5-razina-i-led-rasvjetom\/\" \/>\n<meta property=\"og:site_name\" content=\"Inti\" \/>\n<meta property=\"og:image\" content=\"https:\/\/i0.wp.com\/inti.hr\/wp-content\/uploads\/2025\/01\/LBC590B02-2.jpg?fit=800%2C1000&ssl=1\" \/>\n\t<meta property=\"og:image:width\" content=\"800\" \/>\n\t<meta property=\"og:image:height\" content=\"1000\" \/>\n\t<meta property=\"og:image:type\" content=\"image\/jpeg\" \/>\n<meta name=\"twitter:card\" content=\"summary_large_image\" \/>\n<script type=\"application\/ld+json\" class=\"yoast-schema-graph\">{\"@context\":\"https:\/\/schema.org\",\"@graph\":[{\"@type\":\"WebPage\",\"@id\":\"https:\/\/inti.hr\/sr\/proizvod\/kutna-polica-s-5-razina-i-led-rasvjetom\/\",\"url\":\"https:\/\/inti.hr\/sr\/proizvod\/kutna-polica-s-5-razina-i-led-rasvjetom\/\",\"name\":\"Kutna polica s 5 razina i LED rasvjetom - Inti\",\"isPartOf\":{\"@id\":\"https:\/\/inti.hr\/sr\/#website\"},\"primaryImageOfPage\":{\"@id\":\"https:\/\/inti.hr\/sr\/proizvod\/kutna-polica-s-5-razina-i-led-rasvjetom\/#primaryimage\"},\"image\":{\"@id\":\"https:\/\/inti.hr\/sr\/proizvod\/kutna-polica-s-5-razina-i-led-rasvjetom\/#primaryimage\"},\"thumbnailUrl\":\"https:\/\/i0.wp.com\/inti.hr\/wp-content\/uploads\/2025\/01\/LBC590B02-2.jpg?fit=800%2C1000&ssl=1\",\"datePublished\":\"2025-01-24T13:54:29+00:00\",\"dateModified\":\"2025-01-24T13:54:29+00:00\",\"description\":\"Ova polica za knjige ima LED svjetla sa 7 boja, 7 razina svjetline, 3 na\u010dina bljeskanja i 3 brzine bljeskanja te prilo\u017een daljinski upravlja\u010d za stvaranje jedinstvene atmosfere. Ova kutna polica s razmakom od 34 cm ne samo da pru\u017ea prostor za pohranu, ve\u0107 i jedinstveni izlog u va\u0161em domu. Na njega mo\u017eete postaviti ukrase, fotografije, biljke, mirisne svije\u0107e i sl. Uz upute koje je lako slijediti mo\u017eete bez napora sastaviti kutnu policu u 20 minuta. Prilo\u017eeni paket dodatne opreme sadr\u017ei sve \u0161to vam je potrebno. Nije potreban dodatni alat! Rasporedite knjige u ku\u0107nom uredu, elegantno predstavite nakit u dnevnoj ili spava\u0107oj sobi i uredno pospremite kuhinjski pribor u kuhinju - ova svestrana polica za odlaganje sve to \u010dini mogu\u0107im. Izra\u0111ena od iverice otporne na ogrebotine i \u010dvrstog \u010delika, ova je polica stabilna i izdr\u017eljiva i mo\u017ee izdr\u017eati do 5 kg po razini (ukupno 25 kg). Uklju\u010dena za\u0161tita vrha pove\u0107ava sigurnost.\",\"breadcrumb\":{\"@id\":\"https:\/\/inti.hr\/sr\/proizvod\/kutna-polica-s-5-razina-i-led-rasvjetom\/#breadcrumb\"},\"inLanguage\":\"sr-RS\",\"potentialAction\":[{\"@type\":\"ReadAction\",\"target\":[\"https:\/\/inti.hr\/sr\/proizvod\/kutna-polica-s-5-razina-i-led-rasvjetom\/\"]}]},{\"@type\":\"ImageObject\",\"inLanguage\":\"sr-RS\",\"@id\":\"https:\/\/inti.hr\/sr\/proizvod\/kutna-polica-s-5-razina-i-led-rasvjetom\/#primaryimage\",\"url\":\"https:\/\/i0.wp.com\/inti.hr\/wp-content\/uploads\/2025\/01\/LBC590B02-2.jpg?fit=800%2C1000&ssl=1\",\"contentUrl\":\"https:\/\/i0.wp.com\/inti.hr\/wp-content\/uploads\/2025\/01\/LBC590B02-2.jpg?fit=800%2C1000&ssl=1\",\"width\":800,\"height\":1000,\"caption\":\"VASAGLE kutna polica s 5 razina i LED rasvjetom u crnoj boji ebanovine\"},{\"@type\":\"BreadcrumbList\",\"@id\":\"https:\/\/inti.hr\/sr\/proizvod\/kutna-polica-s-5-razina-i-led-rasvjetom\/#breadcrumb\",\"itemListElement\":[{\"@type\":\"ListItem\",\"position\":1,\"name\":\"Po\u010detna stranica\",\"item\":\"https:\/\/inti.hr\/sr\/\"},{\"@type\":\"ListItem\",\"position\":2,\"name\":\"Prodavnica\",\"item\":\"https:\/\/inti.hr\/sr\/prodavnica\/\"},{\"@type\":\"ListItem\",\"position\":3,\"name\":\"Kutna polica s 5 razina i LED rasvjetom\"}]},{\"@type\":\"WebSite\",\"@id\":\"https:\/\/inti.hr\/sr\/#website\",\"url\":\"https:\/\/inti.hr\/sr\/\",\"name\":\"Inti\",\"description\":\"trgovina\",\"potentialAction\":[{\"@type\":\"SearchAction\",\"target\":{\"@type\":\"EntryPoint\",\"urlTemplate\":\"https:\/\/inti.hr\/sr\/?s={search_term_string}\"},\"query-input\":{\"@type\":\"PropertyValueSpecification\",\"valueRequired\":true,\"valueName\":\"search_term_string\"}}],\"inLanguage\":\"sr-RS\"}]}<\/script>\n<!-- \/ Yoast SEO plugin. -->","yoast_head_json":{"title":"Kutna polica s 5 razina i LED rasvjetom - Inti","description":"Ova polica za knjige ima LED svjetla sa 7 boja, 7 razina svjetline, 3 na\u010dina bljeskanja i 3 brzine bljeskanja te prilo\u017een daljinski upravlja\u010d za stvaranje jedinstvene atmosfere. Ova kutna polica s razmakom od 34 cm ne samo da pru\u017ea prostor za pohranu, ve\u0107 i jedinstveni izlog u va\u0161em domu. Na njega mo\u017eete postaviti ukrase, fotografije, biljke, mirisne svije\u0107e i sl. Uz upute koje je lako slijediti mo\u017eete bez napora sastaviti kutnu policu u 20 minuta. Prilo\u017eeni paket dodatne opreme sadr\u017ei sve \u0161to vam je potrebno. Nije potreban dodatni alat! Rasporedite knjige u ku\u0107nom uredu, elegantno predstavite nakit u dnevnoj ili spava\u0107oj sobi i uredno pospremite kuhinjski pribor u kuhinju - ova svestrana polica za odlaganje sve to \u010dini mogu\u0107im. Izra\u0111ena od iverice otporne na ogrebotine i \u010dvrstog \u010delika, ova je polica stabilna i izdr\u017eljiva i mo\u017ee izdr\u017eati do 5 kg po razini (ukupno 25 kg). Uklju\u010dena za\u0161tita vrha pove\u0107ava sigurnost.","robots":{"index":"index","follow":"follow","max-snippet":"max-snippet:-1","max-image-preview":"max-image-preview:large","max-video-preview":"max-video-preview:-1"},"canonical":"https:\/\/inti.hr\/sr\/proizvod\/kutna-polica-s-5-razina-i-led-rasvjetom\/","og_locale":"sr_RS","og_type":"article","og_title":"Kutna polica s 5 razina i LED rasvjetom - Inti","og_description":"Ova polica za knjige ima LED svjetla sa 7 boja, 7 razina svjetline, 3 na\u010dina bljeskanja i 3 brzine bljeskanja te prilo\u017een daljinski upravlja\u010d za stvaranje jedinstvene atmosfere. Ova kutna polica s razmakom od 34 cm ne samo da pru\u017ea prostor za pohranu, ve\u0107 i jedinstveni izlog u va\u0161em domu. Na njega mo\u017eete postaviti ukrase, fotografije, biljke, mirisne svije\u0107e i sl. Uz upute koje je lako slijediti mo\u017eete bez napora sastaviti kutnu policu u 20 minuta. Prilo\u017eeni paket dodatne opreme sadr\u017ei sve \u0161to vam je potrebno. Nije potreban dodatni alat! Rasporedite knjige u ku\u0107nom uredu, elegantno predstavite nakit u dnevnoj ili spava\u0107oj sobi i uredno pospremite kuhinjski pribor u kuhinju - ova svestrana polica za odlaganje sve to \u010dini mogu\u0107im. Izra\u0111ena od iverice otporne na ogrebotine i \u010dvrstog \u010delika, ova je polica stabilna i izdr\u017eljiva i mo\u017ee izdr\u017eati do 5 kg po razini (ukupno 25 kg). Uklju\u010dena za\u0161tita vrha pove\u0107ava sigurnost.","og_url":"https:\/\/inti.hr\/sr\/proizvod\/kutna-polica-s-5-razina-i-led-rasvjetom\/","og_site_name":"Inti","og_image":[{"width":800,"height":1000,"url":"https:\/\/i0.wp.com\/inti.hr\/wp-content\/uploads\/2025\/01\/LBC590B02-2.jpg?fit=800%2C1000&ssl=1","type":"image\/jpeg"}],"twitter_card":"summary_large_image","schema":{"@context":"https:\/\/schema.org","@graph":[{"@type":"WebPage","@id":"https:\/\/inti.hr\/sr\/proizvod\/kutna-polica-s-5-razina-i-led-rasvjetom\/","url":"https:\/\/inti.hr\/sr\/proizvod\/kutna-polica-s-5-razina-i-led-rasvjetom\/","name":"Kutna polica s 5 razina i LED rasvjetom - Inti","isPartOf":{"@id":"https:\/\/inti.hr\/sr\/#website"},"primaryImageOfPage":{"@id":"https:\/\/inti.hr\/sr\/proizvod\/kutna-polica-s-5-razina-i-led-rasvjetom\/#primaryimage"},"image":{"@id":"https:\/\/inti.hr\/sr\/proizvod\/kutna-polica-s-5-razina-i-led-rasvjetom\/#primaryimage"},"thumbnailUrl":"https:\/\/i0.wp.com\/inti.hr\/wp-content\/uploads\/2025\/01\/LBC590B02-2.jpg?fit=800%2C1000&ssl=1","datePublished":"2025-01-24T13:54:29+00:00","dateModified":"2025-01-24T13:54:29+00:00","description":"Ova polica za knjige ima LED svjetla sa 7 boja, 7 razina svjetline, 3 na\u010dina bljeskanja i 3 brzine bljeskanja te prilo\u017een daljinski upravlja\u010d za stvaranje jedinstvene atmosfere. Ova kutna polica s razmakom od 34 cm ne samo da pru\u017ea prostor za pohranu, ve\u0107 i jedinstveni izlog u va\u0161em domu. Na njega mo\u017eete postaviti ukrase, fotografije, biljke, mirisne svije\u0107e i sl. Uz upute koje je lako slijediti mo\u017eete bez napora sastaviti kutnu policu u 20 minuta. Prilo\u017eeni paket dodatne opreme sadr\u017ei sve \u0161to vam je potrebno. Nije potreban dodatni alat! Rasporedite knjige u ku\u0107nom uredu, elegantno predstavite nakit u dnevnoj ili spava\u0107oj sobi i uredno pospremite kuhinjski pribor u kuhinju - ova svestrana polica za odlaganje sve to \u010dini mogu\u0107im. Izra\u0111ena od iverice otporne na ogrebotine i \u010dvrstog \u010delika, ova je polica stabilna i izdr\u017eljiva i mo\u017ee izdr\u017eati do 5 kg po razini (ukupno 25 kg). Uklju\u010dena za\u0161tita vrha pove\u0107ava sigurnost.","breadcrumb":{"@id":"https:\/\/inti.hr\/sr\/proizvod\/kutna-polica-s-5-razina-i-led-rasvjetom\/#breadcrumb"},"inLanguage":"sr-RS","potentialAction":[{"@type":"ReadAction","target":["https:\/\/inti.hr\/sr\/proizvod\/kutna-polica-s-5-razina-i-led-rasvjetom\/"]}]},{"@type":"ImageObject","inLanguage":"sr-RS","@id":"https:\/\/inti.hr\/sr\/proizvod\/kutna-polica-s-5-razina-i-led-rasvjetom\/#primaryimage","url":"https:\/\/i0.wp.com\/inti.hr\/wp-content\/uploads\/2025\/01\/LBC590B02-2.jpg?fit=800%2C1000&ssl=1","contentUrl":"https:\/\/i0.wp.com\/inti.hr\/wp-content\/uploads\/2025\/01\/LBC590B02-2.jpg?fit=800%2C1000&ssl=1","width":800,"height":1000,"caption":"VASAGLE kutna polica s 5 razina i LED rasvjetom u crnoj boji ebanovine"},{"@type":"BreadcrumbList","@id":"https:\/\/inti.hr\/sr\/proizvod\/kutna-polica-s-5-razina-i-led-rasvjetom\/#breadcrumb","itemListElement":[{"@type":"ListItem","position":1,"name":"Po\u010detna stranica","item":"https:\/\/inti.hr\/sr\/"},{"@type":"ListItem","position":2,"name":"Prodavnica","item":"https:\/\/inti.hr\/sr\/prodavnica\/"},{"@type":"ListItem","position":3,"name":"Kutna polica s 5 razina i LED rasvjetom"}]},{"@type":"WebSite","@id":"https:\/\/inti.hr\/sr\/#website","url":"https:\/\/inti.hr\/sr\/","name":"Inti","description":"trgovina","potentialAction":[{"@type":"SearchAction","target":{"@type":"EntryPoint","urlTemplate":"https:\/\/inti.hr\/sr\/?s={search_term_string}"},"query-input":{"@type":"PropertyValueSpecification","valueRequired":true,"valueName":"search_term_string"}}],"inLanguage":"sr-RS"}]}},"jetpack_sharing_enabled":true,"jetpack-related-posts":[],"_links":{"self":[{"href":"https:\/\/inti.hr\/sr\/wp-json\/wp\/v2\/product\/35197"}],"collection":[{"href":"https:\/\/inti.hr\/sr\/wp-json\/wp\/v2\/product"}],"about":[{"href":"https:\/\/inti.hr\/sr\/wp-json\/wp\/v2\/types\/product"}],"wp:featuredmedia":[{"embeddable":true,"href":"https:\/\/inti.hr\/sr\/wp-json\/wp\/v2\/media\/35198"}],"wp:attachment":[{"href":"https:\/\/inti.hr\/sr\/wp-json\/wp\/v2\/media?parent=35197"}],"wp:term":[{"taxonomy":"product_cat","embeddable":true,"href":"https:\/\/inti.hr\/sr\/wp-json\/wp\/v2\/product_cat?post=35197"},{"taxonomy":"product_tag","embeddable":true,"href":"https:\/\/inti.hr\/sr\/wp-json\/wp\/v2\/product_tag?post=35197"}],"curies":[{"name":"wp","href":"https:\/\/api.w.org\/{rel}","templated":true}]}}