{"id":35249,"date":"2025-01-20T18:07:20","date_gmt":"2025-01-20T17:07:20","guid":{"rendered":"https:\/\/inti.hr\/product\/nocni-ormaric-s-podesivom-led-rasvjetom-oblak-bijela\/"},"modified":"2025-01-20T18:07:20","modified_gmt":"2025-01-20T17:07:20","slug":"nocni-ormaric-s-podesivom-led-rasvjetom-oblak-bijela","status":"publish","type":"product","link":"https:\/\/inti.hr\/sr\/proizvod\/nocni-ormaric-s-podesivom-led-rasvjetom-oblak-bijela\/","title":{"rendered":"No\u0107ni ormari\u0107 s podesivom LED rasvjetom, oblak bijela"},"content":{"rendered":"<p>Detalji proizvoda:<br \/>\nBoja: oblak bijela<br \/>\nMaterijal: iverica, MDF (vlaknatica srednje gusto\u0107e)<br \/>\nVeli\u010dina: 35 x 40 x 55 cm (D x \u0160 x V)<br \/>\nTe\u017eina: 13,5 kg<br \/>\nMaksimalna stati\u010dka nosivost: 63,5 kg<\/p>\n","protected":false},"excerpt":{"rendered":"<p>Stvorite savr\u0161enu atmosferu s integriranom LED rasvjetom s 25 svjetlosnih boja, &#8230; <\/p>\n","protected":false},"featured_media":35250,"template":"","meta":[],"product_cat":[2416],"product_tag":[3185,2677],"yoast_head":"<!-- This site is optimized with the Yoast SEO plugin v23.7 - https:\/\/yoast.com\/wordpress\/plugins\/seo\/ -->\n<title>No\u0107ni ormari\u0107 s podesivom LED rasvjetom, oblak bijela - Inti<\/title>\n<meta name=\"description\" content=\"Stvorite savr\u0161enu atmosferu s integriranom LED rasvjetom s 25 svjetlosnih boja, 6 razina svjetline, 3 na\u010dina bljeskanja i 6 brzina bljeskanja. Minimalisti\u010dki dizajn bez ru\u010dki neprimjetno se uklapa u bilo koji ku\u0107ni dekor, idealan za kori\u0161tenje kao no\u0107ni ormari\u0107 u spava\u0107oj sobi, ormari\u0107 za odlaganje stvari u uredu ili pomo\u0107ni stoli\u0107 u dnevnoj sobi. Izra\u0111en od kvalitetne iverice i MDF-a, ovaj pomo\u0107ni stol je jak, izdr\u017eljiv i otporan te mo\u017ee izdr\u017eati do 63,5 kg. 2 prostrane ladice omogu\u0107uju vam uredno pohranjivanje osobnih predmeta, dok je otvoreni odjeljak za pohranu idealan za izlaganje va\u0161ih ukrasa. Ovaj no\u0107ni ormari\u0107 dolazi s detaljnim uputama, ozna\u010denim dijelovima i potrebnim alatima kako bi se osigurala monta\u017ea bez muke.\" \/>\n<meta name=\"robots\" content=\"index, follow, max-snippet:-1, max-image-preview:large, max-video-preview:-1\" \/>\n<link rel=\"canonical\" href=\"https:\/\/inti.hr\/sr\/proizvod\/nocni-ormaric-s-podesivom-led-rasvjetom-oblak-bijela\/\" \/>\n<meta property=\"og:locale\" content=\"sr_RS\" \/>\n<meta property=\"og:type\" content=\"article\" \/>\n<meta property=\"og:title\" content=\"No\u0107ni ormari\u0107 s podesivom LED rasvjetom, oblak bijela - Inti\" \/>\n<meta property=\"og:description\" content=\"Stvorite savr\u0161enu atmosferu s integriranom LED rasvjetom s 25 svjetlosnih boja, 6 razina svjetline, 3 na\u010dina bljeskanja i 6 brzina bljeskanja. Minimalisti\u010dki dizajn bez ru\u010dki neprimjetno se uklapa u bilo koji ku\u0107ni dekor, idealan za kori\u0161tenje kao no\u0107ni ormari\u0107 u spava\u0107oj sobi, ormari\u0107 za odlaganje stvari u uredu ili pomo\u0107ni stoli\u0107 u dnevnoj sobi. Izra\u0111en od kvalitetne iverice i MDF-a, ovaj pomo\u0107ni stol je jak, izdr\u017eljiv i otporan te mo\u017ee izdr\u017eati do 63,5 kg. 2 prostrane ladice omogu\u0107uju vam uredno pohranjivanje osobnih predmeta, dok je otvoreni odjeljak za pohranu idealan za izlaganje va\u0161ih ukrasa. Ovaj no\u0107ni ormari\u0107 dolazi s detaljnim uputama, ozna\u010denim dijelovima i potrebnim alatima kako bi se osigurala monta\u017ea bez muke.\" \/>\n<meta property=\"og:url\" content=\"https:\/\/inti.hr\/sr\/proizvod\/nocni-ormaric-s-podesivom-led-rasvjetom-oblak-bijela\/\" \/>\n<meta property=\"og:site_name\" content=\"Inti\" \/>\n<meta property=\"og:image\" content=\"https:\/\/i0.wp.com\/inti.hr\/wp-content\/uploads\/2025\/01\/LET634W01-1.jpg?fit=1000%2C1000&ssl=1\" \/>\n\t<meta property=\"og:image:width\" content=\"1000\" \/>\n\t<meta property=\"og:image:height\" content=\"1000\" \/>\n\t<meta property=\"og:image:type\" content=\"image\/jpeg\" \/>\n<meta name=\"twitter:card\" content=\"summary_large_image\" \/>\n<script type=\"application\/ld+json\" class=\"yoast-schema-graph\">{\"@context\":\"https:\/\/schema.org\",\"@graph\":[{\"@type\":\"WebPage\",\"@id\":\"https:\/\/inti.hr\/sr\/proizvod\/nocni-ormaric-s-podesivom-led-rasvjetom-oblak-bijela\/\",\"url\":\"https:\/\/inti.hr\/sr\/proizvod\/nocni-ormaric-s-podesivom-led-rasvjetom-oblak-bijela\/\",\"name\":\"No\u0107ni ormari\u0107 s podesivom LED rasvjetom, oblak bijela - Inti\",\"isPartOf\":{\"@id\":\"https:\/\/inti.hr\/sr\/#website\"},\"primaryImageOfPage\":{\"@id\":\"https:\/\/inti.hr\/sr\/proizvod\/nocni-ormaric-s-podesivom-led-rasvjetom-oblak-bijela\/#primaryimage\"},\"image\":{\"@id\":\"https:\/\/inti.hr\/sr\/proizvod\/nocni-ormaric-s-podesivom-led-rasvjetom-oblak-bijela\/#primaryimage\"},\"thumbnailUrl\":\"https:\/\/i0.wp.com\/inti.hr\/wp-content\/uploads\/2025\/01\/LET634W01-1.jpg?fit=1000%2C1000&ssl=1\",\"datePublished\":\"2025-01-20T17:07:20+00:00\",\"dateModified\":\"2025-01-20T17:07:20+00:00\",\"description\":\"Stvorite savr\u0161enu atmosferu s integriranom LED rasvjetom s 25 svjetlosnih boja, 6 razina svjetline, 3 na\u010dina bljeskanja i 6 brzina bljeskanja. Minimalisti\u010dki dizajn bez ru\u010dki neprimjetno se uklapa u bilo koji ku\u0107ni dekor, idealan za kori\u0161tenje kao no\u0107ni ormari\u0107 u spava\u0107oj sobi, ormari\u0107 za odlaganje stvari u uredu ili pomo\u0107ni stoli\u0107 u dnevnoj sobi. Izra\u0111en od kvalitetne iverice i MDF-a, ovaj pomo\u0107ni stol je jak, izdr\u017eljiv i otporan te mo\u017ee izdr\u017eati do 63,5 kg. 2 prostrane ladice omogu\u0107uju vam uredno pohranjivanje osobnih predmeta, dok je otvoreni odjeljak za pohranu idealan za izlaganje va\u0161ih ukrasa. Ovaj no\u0107ni ormari\u0107 dolazi s detaljnim uputama, ozna\u010denim dijelovima i potrebnim alatima kako bi se osigurala monta\u017ea bez muke.\",\"breadcrumb\":{\"@id\":\"https:\/\/inti.hr\/sr\/proizvod\/nocni-ormaric-s-podesivom-led-rasvjetom-oblak-bijela\/#breadcrumb\"},\"inLanguage\":\"sr-RS\",\"potentialAction\":[{\"@type\":\"ReadAction\",\"target\":[\"https:\/\/inti.hr\/sr\/proizvod\/nocni-ormaric-s-podesivom-led-rasvjetom-oblak-bijela\/\"]}]},{\"@type\":\"ImageObject\",\"inLanguage\":\"sr-RS\",\"@id\":\"https:\/\/inti.hr\/sr\/proizvod\/nocni-ormaric-s-podesivom-led-rasvjetom-oblak-bijela\/#primaryimage\",\"url\":\"https:\/\/i0.wp.com\/inti.hr\/wp-content\/uploads\/2025\/01\/LET634W01-1.jpg?fit=1000%2C1000&ssl=1\",\"contentUrl\":\"https:\/\/i0.wp.com\/inti.hr\/wp-content\/uploads\/2025\/01\/LET634W01-1.jpg?fit=1000%2C1000&ssl=1\",\"width\":1000,\"height\":1000,\"caption\":\"VASAGLE no\u0107ni ormari\u0107 s podesivom LED rasvjetom, oblak bijela\"},{\"@type\":\"BreadcrumbList\",\"@id\":\"https:\/\/inti.hr\/sr\/proizvod\/nocni-ormaric-s-podesivom-led-rasvjetom-oblak-bijela\/#breadcrumb\",\"itemListElement\":[{\"@type\":\"ListItem\",\"position\":1,\"name\":\"Po\u010detna stranica\",\"item\":\"https:\/\/inti.hr\/sr\/\"},{\"@type\":\"ListItem\",\"position\":2,\"name\":\"Prodavnica\",\"item\":\"https:\/\/inti.hr\/sr\/prodavnica\/\"},{\"@type\":\"ListItem\",\"position\":3,\"name\":\"No\u0107ni ormari\u0107 s podesivom LED rasvjetom, oblak bijela\"}]},{\"@type\":\"WebSite\",\"@id\":\"https:\/\/inti.hr\/sr\/#website\",\"url\":\"https:\/\/inti.hr\/sr\/\",\"name\":\"Inti\",\"description\":\"trgovina\",\"potentialAction\":[{\"@type\":\"SearchAction\",\"target\":{\"@type\":\"EntryPoint\",\"urlTemplate\":\"https:\/\/inti.hr\/sr\/?s={search_term_string}\"},\"query-input\":{\"@type\":\"PropertyValueSpecification\",\"valueRequired\":true,\"valueName\":\"search_term_string\"}}],\"inLanguage\":\"sr-RS\"}]}<\/script>\n<!-- \/ Yoast SEO plugin. -->","yoast_head_json":{"title":"No\u0107ni ormari\u0107 s podesivom LED rasvjetom, oblak bijela - Inti","description":"Stvorite savr\u0161enu atmosferu s integriranom LED rasvjetom s 25 svjetlosnih boja, 6 razina svjetline, 3 na\u010dina bljeskanja i 6 brzina bljeskanja. Minimalisti\u010dki dizajn bez ru\u010dki neprimjetno se uklapa u bilo koji ku\u0107ni dekor, idealan za kori\u0161tenje kao no\u0107ni ormari\u0107 u spava\u0107oj sobi, ormari\u0107 za odlaganje stvari u uredu ili pomo\u0107ni stoli\u0107 u dnevnoj sobi. Izra\u0111en od kvalitetne iverice i MDF-a, ovaj pomo\u0107ni stol je jak, izdr\u017eljiv i otporan te mo\u017ee izdr\u017eati do 63,5 kg. 2 prostrane ladice omogu\u0107uju vam uredno pohranjivanje osobnih predmeta, dok je otvoreni odjeljak za pohranu idealan za izlaganje va\u0161ih ukrasa. Ovaj no\u0107ni ormari\u0107 dolazi s detaljnim uputama, ozna\u010denim dijelovima i potrebnim alatima kako bi se osigurala monta\u017ea bez muke.","robots":{"index":"index","follow":"follow","max-snippet":"max-snippet:-1","max-image-preview":"max-image-preview:large","max-video-preview":"max-video-preview:-1"},"canonical":"https:\/\/inti.hr\/sr\/proizvod\/nocni-ormaric-s-podesivom-led-rasvjetom-oblak-bijela\/","og_locale":"sr_RS","og_type":"article","og_title":"No\u0107ni ormari\u0107 s podesivom LED rasvjetom, oblak bijela - Inti","og_description":"Stvorite savr\u0161enu atmosferu s integriranom LED rasvjetom s 25 svjetlosnih boja, 6 razina svjetline, 3 na\u010dina bljeskanja i 6 brzina bljeskanja. Minimalisti\u010dki dizajn bez ru\u010dki neprimjetno se uklapa u bilo koji ku\u0107ni dekor, idealan za kori\u0161tenje kao no\u0107ni ormari\u0107 u spava\u0107oj sobi, ormari\u0107 za odlaganje stvari u uredu ili pomo\u0107ni stoli\u0107 u dnevnoj sobi. Izra\u0111en od kvalitetne iverice i MDF-a, ovaj pomo\u0107ni stol je jak, izdr\u017eljiv i otporan te mo\u017ee izdr\u017eati do 63,5 kg. 2 prostrane ladice omogu\u0107uju vam uredno pohranjivanje osobnih predmeta, dok je otvoreni odjeljak za pohranu idealan za izlaganje va\u0161ih ukrasa. Ovaj no\u0107ni ormari\u0107 dolazi s detaljnim uputama, ozna\u010denim dijelovima i potrebnim alatima kako bi se osigurala monta\u017ea bez muke.","og_url":"https:\/\/inti.hr\/sr\/proizvod\/nocni-ormaric-s-podesivom-led-rasvjetom-oblak-bijela\/","og_site_name":"Inti","og_image":[{"width":1000,"height":1000,"url":"https:\/\/i0.wp.com\/inti.hr\/wp-content\/uploads\/2025\/01\/LET634W01-1.jpg?fit=1000%2C1000&ssl=1","type":"image\/jpeg"}],"twitter_card":"summary_large_image","schema":{"@context":"https:\/\/schema.org","@graph":[{"@type":"WebPage","@id":"https:\/\/inti.hr\/sr\/proizvod\/nocni-ormaric-s-podesivom-led-rasvjetom-oblak-bijela\/","url":"https:\/\/inti.hr\/sr\/proizvod\/nocni-ormaric-s-podesivom-led-rasvjetom-oblak-bijela\/","name":"No\u0107ni ormari\u0107 s podesivom LED rasvjetom, oblak bijela - Inti","isPartOf":{"@id":"https:\/\/inti.hr\/sr\/#website"},"primaryImageOfPage":{"@id":"https:\/\/inti.hr\/sr\/proizvod\/nocni-ormaric-s-podesivom-led-rasvjetom-oblak-bijela\/#primaryimage"},"image":{"@id":"https:\/\/inti.hr\/sr\/proizvod\/nocni-ormaric-s-podesivom-led-rasvjetom-oblak-bijela\/#primaryimage"},"thumbnailUrl":"https:\/\/i0.wp.com\/inti.hr\/wp-content\/uploads\/2025\/01\/LET634W01-1.jpg?fit=1000%2C1000&ssl=1","datePublished":"2025-01-20T17:07:20+00:00","dateModified":"2025-01-20T17:07:20+00:00","description":"Stvorite savr\u0161enu atmosferu s integriranom LED rasvjetom s 25 svjetlosnih boja, 6 razina svjetline, 3 na\u010dina bljeskanja i 6 brzina bljeskanja. Minimalisti\u010dki dizajn bez ru\u010dki neprimjetno se uklapa u bilo koji ku\u0107ni dekor, idealan za kori\u0161tenje kao no\u0107ni ormari\u0107 u spava\u0107oj sobi, ormari\u0107 za odlaganje stvari u uredu ili pomo\u0107ni stoli\u0107 u dnevnoj sobi. Izra\u0111en od kvalitetne iverice i MDF-a, ovaj pomo\u0107ni stol je jak, izdr\u017eljiv i otporan te mo\u017ee izdr\u017eati do 63,5 kg. 2 prostrane ladice omogu\u0107uju vam uredno pohranjivanje osobnih predmeta, dok je otvoreni odjeljak za pohranu idealan za izlaganje va\u0161ih ukrasa. Ovaj no\u0107ni ormari\u0107 dolazi s detaljnim uputama, ozna\u010denim dijelovima i potrebnim alatima kako bi se osigurala monta\u017ea bez muke.","breadcrumb":{"@id":"https:\/\/inti.hr\/sr\/proizvod\/nocni-ormaric-s-podesivom-led-rasvjetom-oblak-bijela\/#breadcrumb"},"inLanguage":"sr-RS","potentialAction":[{"@type":"ReadAction","target":["https:\/\/inti.hr\/sr\/proizvod\/nocni-ormaric-s-podesivom-led-rasvjetom-oblak-bijela\/"]}]},{"@type":"ImageObject","inLanguage":"sr-RS","@id":"https:\/\/inti.hr\/sr\/proizvod\/nocni-ormaric-s-podesivom-led-rasvjetom-oblak-bijela\/#primaryimage","url":"https:\/\/i0.wp.com\/inti.hr\/wp-content\/uploads\/2025\/01\/LET634W01-1.jpg?fit=1000%2C1000&ssl=1","contentUrl":"https:\/\/i0.wp.com\/inti.hr\/wp-content\/uploads\/2025\/01\/LET634W01-1.jpg?fit=1000%2C1000&ssl=1","width":1000,"height":1000,"caption":"VASAGLE no\u0107ni ormari\u0107 s podesivom LED rasvjetom, oblak bijela"},{"@type":"BreadcrumbList","@id":"https:\/\/inti.hr\/sr\/proizvod\/nocni-ormaric-s-podesivom-led-rasvjetom-oblak-bijela\/#breadcrumb","itemListElement":[{"@type":"ListItem","position":1,"name":"Po\u010detna stranica","item":"https:\/\/inti.hr\/sr\/"},{"@type":"ListItem","position":2,"name":"Prodavnica","item":"https:\/\/inti.hr\/sr\/prodavnica\/"},{"@type":"ListItem","position":3,"name":"No\u0107ni ormari\u0107 s podesivom LED rasvjetom, oblak bijela"}]},{"@type":"WebSite","@id":"https:\/\/inti.hr\/sr\/#website","url":"https:\/\/inti.hr\/sr\/","name":"Inti","description":"trgovina","potentialAction":[{"@type":"SearchAction","target":{"@type":"EntryPoint","urlTemplate":"https:\/\/inti.hr\/sr\/?s={search_term_string}"},"query-input":{"@type":"PropertyValueSpecification","valueRequired":true,"valueName":"search_term_string"}}],"inLanguage":"sr-RS"}]}},"jetpack_sharing_enabled":true,"jetpack-related-posts":[],"_links":{"self":[{"href":"https:\/\/inti.hr\/sr\/wp-json\/wp\/v2\/product\/35249"}],"collection":[{"href":"https:\/\/inti.hr\/sr\/wp-json\/wp\/v2\/product"}],"about":[{"href":"https:\/\/inti.hr\/sr\/wp-json\/wp\/v2\/types\/product"}],"wp:featuredmedia":[{"embeddable":true,"href":"https:\/\/inti.hr\/sr\/wp-json\/wp\/v2\/media\/35250"}],"wp:attachment":[{"href":"https:\/\/inti.hr\/sr\/wp-json\/wp\/v2\/media?parent=35249"}],"wp:term":[{"taxonomy":"product_cat","embeddable":true,"href":"https:\/\/inti.hr\/sr\/wp-json\/wp\/v2\/product_cat?post=35249"},{"taxonomy":"product_tag","embeddable":true,"href":"https:\/\/inti.hr\/sr\/wp-json\/wp\/v2\/product_tag?post=35249"}],"curies":[{"name":"wp","href":"https:\/\/api.w.org\/{rel}","templated":true}]}}