{"id":35269,"date":"2024-11-16T10:53:17","date_gmt":"2024-11-16T09:53:17","guid":{"rendered":"https:\/\/inti.hr\/product\/pomocni-stolic-za-kavu-75x35x61cm\/"},"modified":"2024-11-16T10:53:17","modified_gmt":"2024-11-16T09:53:17","slug":"pomocni-stolic-za-kavu-75x35x61cm","status":"publish","type":"product","link":"https:\/\/inti.hr\/sr\/proizvod\/pomocni-stolic-za-kavu-75x35x61cm\/","title":{"rendered":"Pomo\u0107ni stoli\u0107 za kavu 75x35x61cm"},"content":{"rendered":"<p>Pojedinosti o proizvodu:<\/p>\n<p>Te\u017eina: oko 20,4 kg.<br \/>\nTestirano za: 52 kg.<br \/>\nMaterijal: PB(E1), MDF.<br \/>\nMjere proizvoda: 75x35x61 cm (vidi sliku).<br \/>\nDimenzije pakiranja: 86&#215;42,5&#215;18,5 cm.<br \/>\nS uputama za sastavljanje i vijcima. Jednostavna instalacija.<\/p>\n","protected":false},"excerpt":{"rendered":"<p>Elegantan stoli\u0107 za kavu na kota\u010di\u0107ima &#8211; Jednostavan i moderan stoli\u0107 &#8230; <\/p>\n","protected":false},"featured_media":35270,"template":"","meta":[],"product_cat":[2421],"product_tag":[4496,4497],"yoast_head":"<!-- This site is optimized with the Yoast SEO plugin v23.7 - https:\/\/yoast.com\/wordpress\/plugins\/seo\/ -->\n<title>Pomo\u0107ni stoli\u0107 za kavu 75x35x61cm - Inti<\/title>\n<meta name=\"description\" content=\"Elegantan stoli\u0107 za kavu na kota\u010di\u0107ima - Jednostavan i moderan stoli\u0107 za kavu koji privla\u010di poglede u svakom dnevnom boravku. Bilo kao polica za prijenosno ra\u010dunalo, \u010dasopis ili pi\u0107e, \u010dvrsti pomo\u0107ni stol blista svojim izgledom i funkcionalno\u0161\u0107u.Zahvaljuju\u0107i jednostavnom i linearnom stilu, prilago\u0111ava se svakoj prostoriji u ku\u0107i. Stol s minimalisti\u010dkim zavr\u0161etkom koji spaja jednostavnost i prakti\u010dnost.No\u0107ni ormari\u0107 vrlo je prakti\u010dan za kori\u0161tenje zahvaljuju\u0107i ladici s vodilicom koja je dizajnirana da svaki predmet mo\u017eete pa\u017eljivo spremiti.Osim \u0161to je estetski lijep, no\u0107ni ormari\u0107 je i vrlo prakti\u010dan za kori\u0161tenje zahvaljuju\u0107i ormari\u0107u s kliznim vratima, police nude prostor za pa\u017eljivo odlaganje svakog predmeta.Stoli\u0107 za kavu ima 4 fleksibilna univerzalna kota\u010di\u0107a koji se okre\u0107u 360\u00b0 i pomi\u010du se tiho i glatko bez o\u0161te\u0107enja poda. Dva kota\u010da imaju ko\u010dnice koje se mogu kontrolirati pritiskom na gumb kako bi se sprije\u010dilo proklizavanje.\" \/>\n<meta name=\"robots\" content=\"index, follow, max-snippet:-1, max-image-preview:large, max-video-preview:-1\" \/>\n<link rel=\"canonical\" href=\"https:\/\/inti.hr\/sr\/proizvod\/pomocni-stolic-za-kavu-75x35x61cm\/\" \/>\n<meta property=\"og:locale\" content=\"sr_RS\" \/>\n<meta property=\"og:type\" content=\"article\" \/>\n<meta property=\"og:title\" content=\"Pomo\u0107ni stoli\u0107 za kavu 75x35x61cm - Inti\" \/>\n<meta property=\"og:description\" content=\"Elegantan stoli\u0107 za kavu na kota\u010di\u0107ima - Jednostavan i moderan stoli\u0107 za kavu koji privla\u010di poglede u svakom dnevnom boravku. Bilo kao polica za prijenosno ra\u010dunalo, \u010dasopis ili pi\u0107e, \u010dvrsti pomo\u0107ni stol blista svojim izgledom i funkcionalno\u0161\u0107u.Zahvaljuju\u0107i jednostavnom i linearnom stilu, prilago\u0111ava se svakoj prostoriji u ku\u0107i. Stol s minimalisti\u010dkim zavr\u0161etkom koji spaja jednostavnost i prakti\u010dnost.No\u0107ni ormari\u0107 vrlo je prakti\u010dan za kori\u0161tenje zahvaljuju\u0107i ladici s vodilicom koja je dizajnirana da svaki predmet mo\u017eete pa\u017eljivo spremiti.Osim \u0161to je estetski lijep, no\u0107ni ormari\u0107 je i vrlo prakti\u010dan za kori\u0161tenje zahvaljuju\u0107i ormari\u0107u s kliznim vratima, police nude prostor za pa\u017eljivo odlaganje svakog predmeta.Stoli\u0107 za kavu ima 4 fleksibilna univerzalna kota\u010di\u0107a koji se okre\u0107u 360\u00b0 i pomi\u010du se tiho i glatko bez o\u0161te\u0107enja poda. Dva kota\u010da imaju ko\u010dnice koje se mogu kontrolirati pritiskom na gumb kako bi se sprije\u010dilo proklizavanje.\" \/>\n<meta property=\"og:url\" content=\"https:\/\/inti.hr\/sr\/proizvod\/pomocni-stolic-za-kavu-75x35x61cm\/\" \/>\n<meta property=\"og:site_name\" content=\"Inti\" \/>\n<meta property=\"og:image\" content=\"https:\/\/i0.wp.com\/inti.hr\/wp-content\/uploads\/2024\/11\/FBT143-PF-S001_1800x1800.webp?fit=1600%2C1600&ssl=1\" \/>\n\t<meta property=\"og:image:width\" content=\"1600\" \/>\n\t<meta property=\"og:image:height\" content=\"1600\" \/>\n\t<meta property=\"og:image:type\" content=\"image\/webp\" \/>\n<meta name=\"twitter:card\" content=\"summary_large_image\" \/>\n<script type=\"application\/ld+json\" class=\"yoast-schema-graph\">{\"@context\":\"https:\/\/schema.org\",\"@graph\":[{\"@type\":\"WebPage\",\"@id\":\"https:\/\/inti.hr\/sr\/proizvod\/pomocni-stolic-za-kavu-75x35x61cm\/\",\"url\":\"https:\/\/inti.hr\/sr\/proizvod\/pomocni-stolic-za-kavu-75x35x61cm\/\",\"name\":\"Pomo\u0107ni stoli\u0107 za kavu 75x35x61cm - Inti\",\"isPartOf\":{\"@id\":\"https:\/\/inti.hr\/sr\/#website\"},\"primaryImageOfPage\":{\"@id\":\"https:\/\/inti.hr\/sr\/proizvod\/pomocni-stolic-za-kavu-75x35x61cm\/#primaryimage\"},\"image\":{\"@id\":\"https:\/\/inti.hr\/sr\/proizvod\/pomocni-stolic-za-kavu-75x35x61cm\/#primaryimage\"},\"thumbnailUrl\":\"https:\/\/i0.wp.com\/inti.hr\/wp-content\/uploads\/2024\/11\/FBT143-PF-S001_1800x1800.webp?fit=1600%2C1600&ssl=1\",\"datePublished\":\"2024-11-16T09:53:17+00:00\",\"dateModified\":\"2024-11-16T09:53:17+00:00\",\"description\":\"Elegantan stoli\u0107 za kavu na kota\u010di\u0107ima - Jednostavan i moderan stoli\u0107 za kavu koji privla\u010di poglede u svakom dnevnom boravku. Bilo kao polica za prijenosno ra\u010dunalo, \u010dasopis ili pi\u0107e, \u010dvrsti pomo\u0107ni stol blista svojim izgledom i funkcionalno\u0161\u0107u.Zahvaljuju\u0107i jednostavnom i linearnom stilu, prilago\u0111ava se svakoj prostoriji u ku\u0107i. Stol s minimalisti\u010dkim zavr\u0161etkom koji spaja jednostavnost i prakti\u010dnost.No\u0107ni ormari\u0107 vrlo je prakti\u010dan za kori\u0161tenje zahvaljuju\u0107i ladici s vodilicom koja je dizajnirana da svaki predmet mo\u017eete pa\u017eljivo spremiti.Osim \u0161to je estetski lijep, no\u0107ni ormari\u0107 je i vrlo prakti\u010dan za kori\u0161tenje zahvaljuju\u0107i ormari\u0107u s kliznim vratima, police nude prostor za pa\u017eljivo odlaganje svakog predmeta.Stoli\u0107 za kavu ima 4 fleksibilna univerzalna kota\u010di\u0107a koji se okre\u0107u 360\u00b0 i pomi\u010du se tiho i glatko bez o\u0161te\u0107enja poda. Dva kota\u010da imaju ko\u010dnice koje se mogu kontrolirati pritiskom na gumb kako bi se sprije\u010dilo proklizavanje.\",\"breadcrumb\":{\"@id\":\"https:\/\/inti.hr\/sr\/proizvod\/pomocni-stolic-za-kavu-75x35x61cm\/#breadcrumb\"},\"inLanguage\":\"sr-RS\",\"potentialAction\":[{\"@type\":\"ReadAction\",\"target\":[\"https:\/\/inti.hr\/sr\/proizvod\/pomocni-stolic-za-kavu-75x35x61cm\/\"]}]},{\"@type\":\"ImageObject\",\"inLanguage\":\"sr-RS\",\"@id\":\"https:\/\/inti.hr\/sr\/proizvod\/pomocni-stolic-za-kavu-75x35x61cm\/#primaryimage\",\"url\":\"https:\/\/i0.wp.com\/inti.hr\/wp-content\/uploads\/2024\/11\/FBT143-PF-S001_1800x1800.webp?fit=1600%2C1600&ssl=1\",\"contentUrl\":\"https:\/\/i0.wp.com\/inti.hr\/wp-content\/uploads\/2024\/11\/FBT143-PF-S001_1800x1800.webp?fit=1600%2C1600&ssl=1\",\"width\":1600,\"height\":1600,\"caption\":\"SoBuy podr\u0161ka za pisa\u010d 75x35x61cm FBT143-PF\"},{\"@type\":\"BreadcrumbList\",\"@id\":\"https:\/\/inti.hr\/sr\/proizvod\/pomocni-stolic-za-kavu-75x35x61cm\/#breadcrumb\",\"itemListElement\":[{\"@type\":\"ListItem\",\"position\":1,\"name\":\"Po\u010detna stranica\",\"item\":\"https:\/\/inti.hr\/sr\/\"},{\"@type\":\"ListItem\",\"position\":2,\"name\":\"Prodavnica\",\"item\":\"https:\/\/inti.hr\/sr\/prodavnica\/\"},{\"@type\":\"ListItem\",\"position\":3,\"name\":\"Pomo\u0107ni stoli\u0107 za kavu 75x35x61cm\"}]},{\"@type\":\"WebSite\",\"@id\":\"https:\/\/inti.hr\/sr\/#website\",\"url\":\"https:\/\/inti.hr\/sr\/\",\"name\":\"Inti\",\"description\":\"trgovina\",\"potentialAction\":[{\"@type\":\"SearchAction\",\"target\":{\"@type\":\"EntryPoint\",\"urlTemplate\":\"https:\/\/inti.hr\/sr\/?s={search_term_string}\"},\"query-input\":{\"@type\":\"PropertyValueSpecification\",\"valueRequired\":true,\"valueName\":\"search_term_string\"}}],\"inLanguage\":\"sr-RS\"}]}<\/script>\n<!-- \/ Yoast SEO plugin. -->","yoast_head_json":{"title":"Pomo\u0107ni stoli\u0107 za kavu 75x35x61cm - Inti","description":"Elegantan stoli\u0107 za kavu na kota\u010di\u0107ima - Jednostavan i moderan stoli\u0107 za kavu koji privla\u010di poglede u svakom dnevnom boravku. Bilo kao polica za prijenosno ra\u010dunalo, \u010dasopis ili pi\u0107e, \u010dvrsti pomo\u0107ni stol blista svojim izgledom i funkcionalno\u0161\u0107u.Zahvaljuju\u0107i jednostavnom i linearnom stilu, prilago\u0111ava se svakoj prostoriji u ku\u0107i. Stol s minimalisti\u010dkim zavr\u0161etkom koji spaja jednostavnost i prakti\u010dnost.No\u0107ni ormari\u0107 vrlo je prakti\u010dan za kori\u0161tenje zahvaljuju\u0107i ladici s vodilicom koja je dizajnirana da svaki predmet mo\u017eete pa\u017eljivo spremiti.Osim \u0161to je estetski lijep, no\u0107ni ormari\u0107 je i vrlo prakti\u010dan za kori\u0161tenje zahvaljuju\u0107i ormari\u0107u s kliznim vratima, police nude prostor za pa\u017eljivo odlaganje svakog predmeta.Stoli\u0107 za kavu ima 4 fleksibilna univerzalna kota\u010di\u0107a koji se okre\u0107u 360\u00b0 i pomi\u010du se tiho i glatko bez o\u0161te\u0107enja poda. Dva kota\u010da imaju ko\u010dnice koje se mogu kontrolirati pritiskom na gumb kako bi se sprije\u010dilo proklizavanje.","robots":{"index":"index","follow":"follow","max-snippet":"max-snippet:-1","max-image-preview":"max-image-preview:large","max-video-preview":"max-video-preview:-1"},"canonical":"https:\/\/inti.hr\/sr\/proizvod\/pomocni-stolic-za-kavu-75x35x61cm\/","og_locale":"sr_RS","og_type":"article","og_title":"Pomo\u0107ni stoli\u0107 za kavu 75x35x61cm - Inti","og_description":"Elegantan stoli\u0107 za kavu na kota\u010di\u0107ima - Jednostavan i moderan stoli\u0107 za kavu koji privla\u010di poglede u svakom dnevnom boravku. Bilo kao polica za prijenosno ra\u010dunalo, \u010dasopis ili pi\u0107e, \u010dvrsti pomo\u0107ni stol blista svojim izgledom i funkcionalno\u0161\u0107u.Zahvaljuju\u0107i jednostavnom i linearnom stilu, prilago\u0111ava se svakoj prostoriji u ku\u0107i. Stol s minimalisti\u010dkim zavr\u0161etkom koji spaja jednostavnost i prakti\u010dnost.No\u0107ni ormari\u0107 vrlo je prakti\u010dan za kori\u0161tenje zahvaljuju\u0107i ladici s vodilicom koja je dizajnirana da svaki predmet mo\u017eete pa\u017eljivo spremiti.Osim \u0161to je estetski lijep, no\u0107ni ormari\u0107 je i vrlo prakti\u010dan za kori\u0161tenje zahvaljuju\u0107i ormari\u0107u s kliznim vratima, police nude prostor za pa\u017eljivo odlaganje svakog predmeta.Stoli\u0107 za kavu ima 4 fleksibilna univerzalna kota\u010di\u0107a koji se okre\u0107u 360\u00b0 i pomi\u010du se tiho i glatko bez o\u0161te\u0107enja poda. Dva kota\u010da imaju ko\u010dnice koje se mogu kontrolirati pritiskom na gumb kako bi se sprije\u010dilo proklizavanje.","og_url":"https:\/\/inti.hr\/sr\/proizvod\/pomocni-stolic-za-kavu-75x35x61cm\/","og_site_name":"Inti","og_image":[{"width":1600,"height":1600,"url":"https:\/\/i0.wp.com\/inti.hr\/wp-content\/uploads\/2024\/11\/FBT143-PF-S001_1800x1800.webp?fit=1600%2C1600&ssl=1","type":"image\/webp"}],"twitter_card":"summary_large_image","schema":{"@context":"https:\/\/schema.org","@graph":[{"@type":"WebPage","@id":"https:\/\/inti.hr\/sr\/proizvod\/pomocni-stolic-za-kavu-75x35x61cm\/","url":"https:\/\/inti.hr\/sr\/proizvod\/pomocni-stolic-za-kavu-75x35x61cm\/","name":"Pomo\u0107ni stoli\u0107 za kavu 75x35x61cm - Inti","isPartOf":{"@id":"https:\/\/inti.hr\/sr\/#website"},"primaryImageOfPage":{"@id":"https:\/\/inti.hr\/sr\/proizvod\/pomocni-stolic-za-kavu-75x35x61cm\/#primaryimage"},"image":{"@id":"https:\/\/inti.hr\/sr\/proizvod\/pomocni-stolic-za-kavu-75x35x61cm\/#primaryimage"},"thumbnailUrl":"https:\/\/i0.wp.com\/inti.hr\/wp-content\/uploads\/2024\/11\/FBT143-PF-S001_1800x1800.webp?fit=1600%2C1600&ssl=1","datePublished":"2024-11-16T09:53:17+00:00","dateModified":"2024-11-16T09:53:17+00:00","description":"Elegantan stoli\u0107 za kavu na kota\u010di\u0107ima - Jednostavan i moderan stoli\u0107 za kavu koji privla\u010di poglede u svakom dnevnom boravku. Bilo kao polica za prijenosno ra\u010dunalo, \u010dasopis ili pi\u0107e, \u010dvrsti pomo\u0107ni stol blista svojim izgledom i funkcionalno\u0161\u0107u.Zahvaljuju\u0107i jednostavnom i linearnom stilu, prilago\u0111ava se svakoj prostoriji u ku\u0107i. Stol s minimalisti\u010dkim zavr\u0161etkom koji spaja jednostavnost i prakti\u010dnost.No\u0107ni ormari\u0107 vrlo je prakti\u010dan za kori\u0161tenje zahvaljuju\u0107i ladici s vodilicom koja je dizajnirana da svaki predmet mo\u017eete pa\u017eljivo spremiti.Osim \u0161to je estetski lijep, no\u0107ni ormari\u0107 je i vrlo prakti\u010dan za kori\u0161tenje zahvaljuju\u0107i ormari\u0107u s kliznim vratima, police nude prostor za pa\u017eljivo odlaganje svakog predmeta.Stoli\u0107 za kavu ima 4 fleksibilna univerzalna kota\u010di\u0107a koji se okre\u0107u 360\u00b0 i pomi\u010du se tiho i glatko bez o\u0161te\u0107enja poda. Dva kota\u010da imaju ko\u010dnice koje se mogu kontrolirati pritiskom na gumb kako bi se sprije\u010dilo proklizavanje.","breadcrumb":{"@id":"https:\/\/inti.hr\/sr\/proizvod\/pomocni-stolic-za-kavu-75x35x61cm\/#breadcrumb"},"inLanguage":"sr-RS","potentialAction":[{"@type":"ReadAction","target":["https:\/\/inti.hr\/sr\/proizvod\/pomocni-stolic-za-kavu-75x35x61cm\/"]}]},{"@type":"ImageObject","inLanguage":"sr-RS","@id":"https:\/\/inti.hr\/sr\/proizvod\/pomocni-stolic-za-kavu-75x35x61cm\/#primaryimage","url":"https:\/\/i0.wp.com\/inti.hr\/wp-content\/uploads\/2024\/11\/FBT143-PF-S001_1800x1800.webp?fit=1600%2C1600&ssl=1","contentUrl":"https:\/\/i0.wp.com\/inti.hr\/wp-content\/uploads\/2024\/11\/FBT143-PF-S001_1800x1800.webp?fit=1600%2C1600&ssl=1","width":1600,"height":1600,"caption":"SoBuy podr\u0161ka za pisa\u010d 75x35x61cm FBT143-PF"},{"@type":"BreadcrumbList","@id":"https:\/\/inti.hr\/sr\/proizvod\/pomocni-stolic-za-kavu-75x35x61cm\/#breadcrumb","itemListElement":[{"@type":"ListItem","position":1,"name":"Po\u010detna stranica","item":"https:\/\/inti.hr\/sr\/"},{"@type":"ListItem","position":2,"name":"Prodavnica","item":"https:\/\/inti.hr\/sr\/prodavnica\/"},{"@type":"ListItem","position":3,"name":"Pomo\u0107ni stoli\u0107 za kavu 75x35x61cm"}]},{"@type":"WebSite","@id":"https:\/\/inti.hr\/sr\/#website","url":"https:\/\/inti.hr\/sr\/","name":"Inti","description":"trgovina","potentialAction":[{"@type":"SearchAction","target":{"@type":"EntryPoint","urlTemplate":"https:\/\/inti.hr\/sr\/?s={search_term_string}"},"query-input":{"@type":"PropertyValueSpecification","valueRequired":true,"valueName":"search_term_string"}}],"inLanguage":"sr-RS"}]}},"jetpack_sharing_enabled":true,"jetpack-related-posts":[],"_links":{"self":[{"href":"https:\/\/inti.hr\/sr\/wp-json\/wp\/v2\/product\/35269"}],"collection":[{"href":"https:\/\/inti.hr\/sr\/wp-json\/wp\/v2\/product"}],"about":[{"href":"https:\/\/inti.hr\/sr\/wp-json\/wp\/v2\/types\/product"}],"wp:featuredmedia":[{"embeddable":true,"href":"https:\/\/inti.hr\/sr\/wp-json\/wp\/v2\/media\/35270"}],"wp:attachment":[{"href":"https:\/\/inti.hr\/sr\/wp-json\/wp\/v2\/media?parent=35269"}],"wp:term":[{"taxonomy":"product_cat","embeddable":true,"href":"https:\/\/inti.hr\/sr\/wp-json\/wp\/v2\/product_cat?post=35269"},{"taxonomy":"product_tag","embeddable":true,"href":"https:\/\/inti.hr\/sr\/wp-json\/wp\/v2\/product_tag?post=35269"}],"curies":[{"name":"wp","href":"https:\/\/api.w.org\/{rel}","templated":true}]}}