{"id":35300,"date":"2024-11-13T16:59:43","date_gmt":"2024-11-13T15:59:43","guid":{"rendered":"https:\/\/inti.hr\/product\/blagovaonske-stolice-woltu-okretne\/"},"modified":"2024-11-13T16:59:43","modified_gmt":"2024-11-13T15:59:43","slug":"blagovaonske-stolice-woltu-okretne","status":"publish","type":"product","link":"https:\/\/inti.hr\/sr\/proizvod\/blagovaonske-stolice-woltu-okretne\/","title":{"rendered":"Blagovaonske stolice Woltu okretne"},"content":{"rendered":"<p>Tehni\u010dki podaci<br \/>\nMaterijali: bar\u0161un + metal<br \/>\nBoja: tamno siva\/krem\/crna<br \/>\nUkupne dimenzije: 65 x 74,5 x 62,5 cm (\u0160 x V x D)<br \/>\nNosivost: 150kg<br \/>\nNeto te\u017eina: cca 17,4 kg po setu od 2 komada<br \/>\nBruto te\u017eina: cca 19,7 kg po setu od 2 komada<\/p>\n","protected":false},"excerpt":{"rendered":"<p>Sjedalo okretne blagovaonske stolice slobodno se okre\u0107e za 360\u00b0, \u0161to vam &#8230; <\/p>\n","protected":false},"featured_media":35301,"template":"","meta":[],"product_cat":[2573],"product_tag":[2574,4367],"yoast_head":"<!-- This site is optimized with the Yoast SEO plugin v23.7 - https:\/\/yoast.com\/wordpress\/plugins\/seo\/ -->\n<title>Blagovaonske stolice Woltu okretne - Inti<\/title>\n<meta name=\"description\" content=\"Sjedalo okretne blagovaonske stolice slobodno se okre\u0107e za 360\u00b0, \u0161to vam omogu\u0107uje da dosegnete predmete u svojoj blizini ili komunicirate s drugim ljudima bez potrebe da napustite stolac. Protuklizne noge osiguravaju da okretna stolica sigurno stoji \u010dak i na neravnim podovima, osiguravaju\u0107i dobru stabilnost i sprje\u010davaju\u0107i ogrebotine na podu. Blagovaonski stolac prekriven je bar\u0161unom koji je prijatan za ko\u017eu i prozra\u010dan, a sjedalo je podstavljeno pjenom visoke gusto\u0107e kako bi vam pru\u017eilo udobno iskustvo sjedenja. Pleteni naslon za le\u0111a s podstavom od PP pjene ergonomski je dizajniran kako bi odgovarao krivulji va\u0161ih le\u0111a. To zna\u010di da se ne\u0107ete osje\u0107ati umorno \u010dak i ako dugo sjedite. Noge s mat premazom u prahu su jake, otporne na hr\u0111u i izdr\u017eljive. Spojeni su na gramofon ispod sjedala i tako tvore stabilnu, dimenzijski stabilnu piramidalnu strukturu. Nosivost je do 150 kg. Tapecirana stolica s pletenim naslonom u kariranom uzorku je elegantna, moderna i svestrana. Mo\u017eete ga koristiti kao kuhinjsku stolicu, stolicu za dnevni boravak, stolicu za toaletni stoli\u0107, stolicu za ku\u0107ni ured, stolicu za spava\u0107u sobu, stolicu za \u010ditanje itd.\u00a0\" \/>\n<meta name=\"robots\" content=\"index, follow, max-snippet:-1, max-image-preview:large, max-video-preview:-1\" \/>\n<link rel=\"canonical\" href=\"https:\/\/inti.hr\/sr\/proizvod\/blagovaonske-stolice-woltu-okretne\/\" \/>\n<meta property=\"og:locale\" content=\"sr_RS\" \/>\n<meta property=\"og:type\" content=\"article\" \/>\n<meta property=\"og:title\" content=\"Blagovaonske stolice Woltu okretne - Inti\" \/>\n<meta property=\"og:description\" content=\"Sjedalo okretne blagovaonske stolice slobodno se okre\u0107e za 360\u00b0, \u0161to vam omogu\u0107uje da dosegnete predmete u svojoj blizini ili komunicirate s drugim ljudima bez potrebe da napustite stolac. Protuklizne noge osiguravaju da okretna stolica sigurno stoji \u010dak i na neravnim podovima, osiguravaju\u0107i dobru stabilnost i sprje\u010davaju\u0107i ogrebotine na podu. Blagovaonski stolac prekriven je bar\u0161unom koji je prijatan za ko\u017eu i prozra\u010dan, a sjedalo je podstavljeno pjenom visoke gusto\u0107e kako bi vam pru\u017eilo udobno iskustvo sjedenja. Pleteni naslon za le\u0111a s podstavom od PP pjene ergonomski je dizajniran kako bi odgovarao krivulji va\u0161ih le\u0111a. To zna\u010di da se ne\u0107ete osje\u0107ati umorno \u010dak i ako dugo sjedite. Noge s mat premazom u prahu su jake, otporne na hr\u0111u i izdr\u017eljive. Spojeni su na gramofon ispod sjedala i tako tvore stabilnu, dimenzijski stabilnu piramidalnu strukturu. Nosivost je do 150 kg. Tapecirana stolica s pletenim naslonom u kariranom uzorku je elegantna, moderna i svestrana. Mo\u017eete ga koristiti kao kuhinjsku stolicu, stolicu za dnevni boravak, stolicu za toaletni stoli\u0107, stolicu za ku\u0107ni ured, stolicu za spava\u0107u sobu, stolicu za \u010ditanje itd.\u00a0\" \/>\n<meta property=\"og:url\" content=\"https:\/\/inti.hr\/sr\/proizvod\/blagovaonske-stolice-woltu-okretne\/\" \/>\n<meta property=\"og:site_name\" content=\"Inti\" \/>\n<meta property=\"og:image\" content=\"https:\/\/i0.wp.com\/inti.hr\/wp-content\/uploads\/2024\/11\/Esszimmerstuehle-Kuechenstuhl-Polsterstuhl-Drehstuhl-Akzentstuhl-Samtsitz-W0ATT0715-Creme6_600x600.jpg?fit=407%2C600&ssl=1\" \/>\n\t<meta property=\"og:image:width\" content=\"407\" \/>\n\t<meta property=\"og:image:height\" content=\"600\" \/>\n\t<meta property=\"og:image:type\" content=\"image\/jpeg\" \/>\n<meta name=\"twitter:card\" content=\"summary_large_image\" \/>\n<script type=\"application\/ld+json\" class=\"yoast-schema-graph\">{\"@context\":\"https:\/\/schema.org\",\"@graph\":[{\"@type\":\"WebPage\",\"@id\":\"https:\/\/inti.hr\/sr\/proizvod\/blagovaonske-stolice-woltu-okretne\/\",\"url\":\"https:\/\/inti.hr\/sr\/proizvod\/blagovaonske-stolice-woltu-okretne\/\",\"name\":\"Blagovaonske stolice Woltu okretne - Inti\",\"isPartOf\":{\"@id\":\"https:\/\/inti.hr\/sr\/#website\"},\"primaryImageOfPage\":{\"@id\":\"https:\/\/inti.hr\/sr\/proizvod\/blagovaonske-stolice-woltu-okretne\/#primaryimage\"},\"image\":{\"@id\":\"https:\/\/inti.hr\/sr\/proizvod\/blagovaonske-stolice-woltu-okretne\/#primaryimage\"},\"thumbnailUrl\":\"https:\/\/i0.wp.com\/inti.hr\/wp-content\/uploads\/2024\/11\/Esszimmerstuehle-Kuechenstuhl-Polsterstuhl-Drehstuhl-Akzentstuhl-Samtsitz-W0ATT0715-Creme6_600x600.jpg?fit=407%2C600&ssl=1\",\"datePublished\":\"2024-11-13T15:59:43+00:00\",\"dateModified\":\"2024-11-13T15:59:43+00:00\",\"description\":\"Sjedalo okretne blagovaonske stolice slobodno se okre\u0107e za 360\u00b0, \u0161to vam omogu\u0107uje da dosegnete predmete u svojoj blizini ili komunicirate s drugim ljudima bez potrebe da napustite stolac. Protuklizne noge osiguravaju da okretna stolica sigurno stoji \u010dak i na neravnim podovima, osiguravaju\u0107i dobru stabilnost i sprje\u010davaju\u0107i ogrebotine na podu. Blagovaonski stolac prekriven je bar\u0161unom koji je prijatan za ko\u017eu i prozra\u010dan, a sjedalo je podstavljeno pjenom visoke gusto\u0107e kako bi vam pru\u017eilo udobno iskustvo sjedenja. Pleteni naslon za le\u0111a s podstavom od PP pjene ergonomski je dizajniran kako bi odgovarao krivulji va\u0161ih le\u0111a. To zna\u010di da se ne\u0107ete osje\u0107ati umorno \u010dak i ako dugo sjedite. Noge s mat premazom u prahu su jake, otporne na hr\u0111u i izdr\u017eljive. Spojeni su na gramofon ispod sjedala i tako tvore stabilnu, dimenzijski stabilnu piramidalnu strukturu. Nosivost je do 150 kg. Tapecirana stolica s pletenim naslonom u kariranom uzorku je elegantna, moderna i svestrana. Mo\u017eete ga koristiti kao kuhinjsku stolicu, stolicu za dnevni boravak, stolicu za toaletni stoli\u0107, stolicu za ku\u0107ni ured, stolicu za spava\u0107u sobu, stolicu za \u010ditanje itd.\u00a0\",\"breadcrumb\":{\"@id\":\"https:\/\/inti.hr\/sr\/proizvod\/blagovaonske-stolice-woltu-okretne\/#breadcrumb\"},\"inLanguage\":\"sr-RS\",\"potentialAction\":[{\"@type\":\"ReadAction\",\"target\":[\"https:\/\/inti.hr\/sr\/proizvod\/blagovaonske-stolice-woltu-okretne\/\"]}]},{\"@type\":\"ImageObject\",\"inLanguage\":\"sr-RS\",\"@id\":\"https:\/\/inti.hr\/sr\/proizvod\/blagovaonske-stolice-woltu-okretne\/#primaryimage\",\"url\":\"https:\/\/i0.wp.com\/inti.hr\/wp-content\/uploads\/2024\/11\/Esszimmerstuehle-Kuechenstuhl-Polsterstuhl-Drehstuhl-Akzentstuhl-Samtsitz-W0ATT0715-Creme6_600x600.jpg?fit=407%2C600&ssl=1\",\"contentUrl\":\"https:\/\/i0.wp.com\/inti.hr\/wp-content\/uploads\/2024\/11\/Esszimmerstuehle-Kuechenstuhl-Polsterstuhl-Drehstuhl-Akzentstuhl-Samtsitz-W0ATT0715-Creme6_600x600.jpg?fit=407%2C600&ssl=1\",\"width\":407,\"height\":600,\"caption\":\"WOLTU stolice za blagovaonicu, kuhinjska stolica, tapecirana stolica, okretna stolica, stolica s akcentima, bar\u0161unasto sjedalo, tamno siva\"},{\"@type\":\"BreadcrumbList\",\"@id\":\"https:\/\/inti.hr\/sr\/proizvod\/blagovaonske-stolice-woltu-okretne\/#breadcrumb\",\"itemListElement\":[{\"@type\":\"ListItem\",\"position\":1,\"name\":\"Po\u010detna stranica\",\"item\":\"https:\/\/inti.hr\/sr\/\"},{\"@type\":\"ListItem\",\"position\":2,\"name\":\"Prodavnica\",\"item\":\"https:\/\/inti.hr\/sr\/prodavnica\/\"},{\"@type\":\"ListItem\",\"position\":3,\"name\":\"Blagovaonske stolice Woltu okretne\"}]},{\"@type\":\"WebSite\",\"@id\":\"https:\/\/inti.hr\/sr\/#website\",\"url\":\"https:\/\/inti.hr\/sr\/\",\"name\":\"Inti\",\"description\":\"trgovina\",\"potentialAction\":[{\"@type\":\"SearchAction\",\"target\":{\"@type\":\"EntryPoint\",\"urlTemplate\":\"https:\/\/inti.hr\/sr\/?s={search_term_string}\"},\"query-input\":{\"@type\":\"PropertyValueSpecification\",\"valueRequired\":true,\"valueName\":\"search_term_string\"}}],\"inLanguage\":\"sr-RS\"}]}<\/script>\n<!-- \/ Yoast SEO plugin. -->","yoast_head_json":{"title":"Blagovaonske stolice Woltu okretne - Inti","description":"Sjedalo okretne blagovaonske stolice slobodno se okre\u0107e za 360\u00b0, \u0161to vam omogu\u0107uje da dosegnete predmete u svojoj blizini ili komunicirate s drugim ljudima bez potrebe da napustite stolac. Protuklizne noge osiguravaju da okretna stolica sigurno stoji \u010dak i na neravnim podovima, osiguravaju\u0107i dobru stabilnost i sprje\u010davaju\u0107i ogrebotine na podu. Blagovaonski stolac prekriven je bar\u0161unom koji je prijatan za ko\u017eu i prozra\u010dan, a sjedalo je podstavljeno pjenom visoke gusto\u0107e kako bi vam pru\u017eilo udobno iskustvo sjedenja. Pleteni naslon za le\u0111a s podstavom od PP pjene ergonomski je dizajniran kako bi odgovarao krivulji va\u0161ih le\u0111a. To zna\u010di da se ne\u0107ete osje\u0107ati umorno \u010dak i ako dugo sjedite. Noge s mat premazom u prahu su jake, otporne na hr\u0111u i izdr\u017eljive. Spojeni su na gramofon ispod sjedala i tako tvore stabilnu, dimenzijski stabilnu piramidalnu strukturu. Nosivost je do 150 kg. Tapecirana stolica s pletenim naslonom u kariranom uzorku je elegantna, moderna i svestrana. Mo\u017eete ga koristiti kao kuhinjsku stolicu, stolicu za dnevni boravak, stolicu za toaletni stoli\u0107, stolicu za ku\u0107ni ured, stolicu za spava\u0107u sobu, stolicu za \u010ditanje itd.\u00a0","robots":{"index":"index","follow":"follow","max-snippet":"max-snippet:-1","max-image-preview":"max-image-preview:large","max-video-preview":"max-video-preview:-1"},"canonical":"https:\/\/inti.hr\/sr\/proizvod\/blagovaonske-stolice-woltu-okretne\/","og_locale":"sr_RS","og_type":"article","og_title":"Blagovaonske stolice Woltu okretne - Inti","og_description":"Sjedalo okretne blagovaonske stolice slobodno se okre\u0107e za 360\u00b0, \u0161to vam omogu\u0107uje da dosegnete predmete u svojoj blizini ili komunicirate s drugim ljudima bez potrebe da napustite stolac. Protuklizne noge osiguravaju da okretna stolica sigurno stoji \u010dak i na neravnim podovima, osiguravaju\u0107i dobru stabilnost i sprje\u010davaju\u0107i ogrebotine na podu. Blagovaonski stolac prekriven je bar\u0161unom koji je prijatan za ko\u017eu i prozra\u010dan, a sjedalo je podstavljeno pjenom visoke gusto\u0107e kako bi vam pru\u017eilo udobno iskustvo sjedenja. Pleteni naslon za le\u0111a s podstavom od PP pjene ergonomski je dizajniran kako bi odgovarao krivulji va\u0161ih le\u0111a. To zna\u010di da se ne\u0107ete osje\u0107ati umorno \u010dak i ako dugo sjedite. Noge s mat premazom u prahu su jake, otporne na hr\u0111u i izdr\u017eljive. Spojeni su na gramofon ispod sjedala i tako tvore stabilnu, dimenzijski stabilnu piramidalnu strukturu. Nosivost je do 150 kg. Tapecirana stolica s pletenim naslonom u kariranom uzorku je elegantna, moderna i svestrana. Mo\u017eete ga koristiti kao kuhinjsku stolicu, stolicu za dnevni boravak, stolicu za toaletni stoli\u0107, stolicu za ku\u0107ni ured, stolicu za spava\u0107u sobu, stolicu za \u010ditanje itd.\u00a0","og_url":"https:\/\/inti.hr\/sr\/proizvod\/blagovaonske-stolice-woltu-okretne\/","og_site_name":"Inti","og_image":[{"width":407,"height":600,"url":"https:\/\/i0.wp.com\/inti.hr\/wp-content\/uploads\/2024\/11\/Esszimmerstuehle-Kuechenstuhl-Polsterstuhl-Drehstuhl-Akzentstuhl-Samtsitz-W0ATT0715-Creme6_600x600.jpg?fit=407%2C600&ssl=1","type":"image\/jpeg"}],"twitter_card":"summary_large_image","schema":{"@context":"https:\/\/schema.org","@graph":[{"@type":"WebPage","@id":"https:\/\/inti.hr\/sr\/proizvod\/blagovaonske-stolice-woltu-okretne\/","url":"https:\/\/inti.hr\/sr\/proizvod\/blagovaonske-stolice-woltu-okretne\/","name":"Blagovaonske stolice Woltu okretne - Inti","isPartOf":{"@id":"https:\/\/inti.hr\/sr\/#website"},"primaryImageOfPage":{"@id":"https:\/\/inti.hr\/sr\/proizvod\/blagovaonske-stolice-woltu-okretne\/#primaryimage"},"image":{"@id":"https:\/\/inti.hr\/sr\/proizvod\/blagovaonske-stolice-woltu-okretne\/#primaryimage"},"thumbnailUrl":"https:\/\/i0.wp.com\/inti.hr\/wp-content\/uploads\/2024\/11\/Esszimmerstuehle-Kuechenstuhl-Polsterstuhl-Drehstuhl-Akzentstuhl-Samtsitz-W0ATT0715-Creme6_600x600.jpg?fit=407%2C600&ssl=1","datePublished":"2024-11-13T15:59:43+00:00","dateModified":"2024-11-13T15:59:43+00:00","description":"Sjedalo okretne blagovaonske stolice slobodno se okre\u0107e za 360\u00b0, \u0161to vam omogu\u0107uje da dosegnete predmete u svojoj blizini ili komunicirate s drugim ljudima bez potrebe da napustite stolac. Protuklizne noge osiguravaju da okretna stolica sigurno stoji \u010dak i na neravnim podovima, osiguravaju\u0107i dobru stabilnost i sprje\u010davaju\u0107i ogrebotine na podu. Blagovaonski stolac prekriven je bar\u0161unom koji je prijatan za ko\u017eu i prozra\u010dan, a sjedalo je podstavljeno pjenom visoke gusto\u0107e kako bi vam pru\u017eilo udobno iskustvo sjedenja. Pleteni naslon za le\u0111a s podstavom od PP pjene ergonomski je dizajniran kako bi odgovarao krivulji va\u0161ih le\u0111a. To zna\u010di da se ne\u0107ete osje\u0107ati umorno \u010dak i ako dugo sjedite. Noge s mat premazom u prahu su jake, otporne na hr\u0111u i izdr\u017eljive. Spojeni su na gramofon ispod sjedala i tako tvore stabilnu, dimenzijski stabilnu piramidalnu strukturu. Nosivost je do 150 kg. Tapecirana stolica s pletenim naslonom u kariranom uzorku je elegantna, moderna i svestrana. Mo\u017eete ga koristiti kao kuhinjsku stolicu, stolicu za dnevni boravak, stolicu za toaletni stoli\u0107, stolicu za ku\u0107ni ured, stolicu za spava\u0107u sobu, stolicu za \u010ditanje itd.\u00a0","breadcrumb":{"@id":"https:\/\/inti.hr\/sr\/proizvod\/blagovaonske-stolice-woltu-okretne\/#breadcrumb"},"inLanguage":"sr-RS","potentialAction":[{"@type":"ReadAction","target":["https:\/\/inti.hr\/sr\/proizvod\/blagovaonske-stolice-woltu-okretne\/"]}]},{"@type":"ImageObject","inLanguage":"sr-RS","@id":"https:\/\/inti.hr\/sr\/proizvod\/blagovaonske-stolice-woltu-okretne\/#primaryimage","url":"https:\/\/i0.wp.com\/inti.hr\/wp-content\/uploads\/2024\/11\/Esszimmerstuehle-Kuechenstuhl-Polsterstuhl-Drehstuhl-Akzentstuhl-Samtsitz-W0ATT0715-Creme6_600x600.jpg?fit=407%2C600&ssl=1","contentUrl":"https:\/\/i0.wp.com\/inti.hr\/wp-content\/uploads\/2024\/11\/Esszimmerstuehle-Kuechenstuhl-Polsterstuhl-Drehstuhl-Akzentstuhl-Samtsitz-W0ATT0715-Creme6_600x600.jpg?fit=407%2C600&ssl=1","width":407,"height":600,"caption":"WOLTU stolice za blagovaonicu, kuhinjska stolica, tapecirana stolica, okretna stolica, stolica s akcentima, bar\u0161unasto sjedalo, tamno siva"},{"@type":"BreadcrumbList","@id":"https:\/\/inti.hr\/sr\/proizvod\/blagovaonske-stolice-woltu-okretne\/#breadcrumb","itemListElement":[{"@type":"ListItem","position":1,"name":"Po\u010detna stranica","item":"https:\/\/inti.hr\/sr\/"},{"@type":"ListItem","position":2,"name":"Prodavnica","item":"https:\/\/inti.hr\/sr\/prodavnica\/"},{"@type":"ListItem","position":3,"name":"Blagovaonske stolice Woltu okretne"}]},{"@type":"WebSite","@id":"https:\/\/inti.hr\/sr\/#website","url":"https:\/\/inti.hr\/sr\/","name":"Inti","description":"trgovina","potentialAction":[{"@type":"SearchAction","target":{"@type":"EntryPoint","urlTemplate":"https:\/\/inti.hr\/sr\/?s={search_term_string}"},"query-input":{"@type":"PropertyValueSpecification","valueRequired":true,"valueName":"search_term_string"}}],"inLanguage":"sr-RS"}]}},"jetpack_sharing_enabled":true,"jetpack-related-posts":[],"_links":{"self":[{"href":"https:\/\/inti.hr\/sr\/wp-json\/wp\/v2\/product\/35300"}],"collection":[{"href":"https:\/\/inti.hr\/sr\/wp-json\/wp\/v2\/product"}],"about":[{"href":"https:\/\/inti.hr\/sr\/wp-json\/wp\/v2\/types\/product"}],"wp:featuredmedia":[{"embeddable":true,"href":"https:\/\/inti.hr\/sr\/wp-json\/wp\/v2\/media\/35301"}],"wp:attachment":[{"href":"https:\/\/inti.hr\/sr\/wp-json\/wp\/v2\/media?parent=35300"}],"wp:term":[{"taxonomy":"product_cat","embeddable":true,"href":"https:\/\/inti.hr\/sr\/wp-json\/wp\/v2\/product_cat?post=35300"},{"taxonomy":"product_tag","embeddable":true,"href":"https:\/\/inti.hr\/sr\/wp-json\/wp\/v2\/product_tag?post=35300"}],"curies":[{"name":"wp","href":"https:\/\/api.w.org\/{rel}","templated":true}]}}