{"id":35311,"date":"2024-11-11T16:27:40","date_gmt":"2024-11-11T15:27:40","guid":{"rendered":"https:\/\/inti.hr\/product\/kupaonski-stup-s-ladicom-30x30x170cm\/"},"modified":"2024-11-11T16:27:40","modified_gmt":"2024-11-11T15:27:40","slug":"kupaonski-stup-s-ladicom-30x30x170cm","status":"publish","type":"product","link":"https:\/\/inti.hr\/sr\/proizvod\/kupaonski-stup-s-ladicom-30x30x170cm\/","title":{"rendered":"Kupaonski stup s ladicom 30x30x170cm"},"content":{"rendered":"<p>Pojedinosti o proizvodu:<\/p>\n<p>Materijal: MDF, akrilna boja<br \/>\nDimenzije proizvoda: \u016030*\u016030*V170 cm (vidi sliku).<br \/>\nTe\u017eina: 16,6 kg. Nosivost do 50 kg.<br \/>\nDimenzije i te\u017eina paketa: 94,00*36,00*19,00cm, 16,6 kg<br \/>\nS uputama za monta\u017eu i vijcima, jednostavna monta\u017ea<br \/>\nOvaj proizvod je razvijen i ispitan za ku\u0107nu upotrebu.<\/p>\n","protected":false},"excerpt":{"rendered":"<p>Ova kupaonska komoda ne samo da stvara obilje prostora za odlaganje &#8230; <\/p>\n","protected":false},"featured_media":35312,"template":"","meta":[],"product_cat":[2396],"product_tag":[2522,3011],"yoast_head":"<!-- This site is optimized with the Yoast SEO plugin v23.7 - https:\/\/yoast.com\/wordpress\/plugins\/seo\/ -->\n<title>Kupaonski stup s ladicom 30x30x170cm - Inti<\/title>\n<meta name=\"description\" content=\"Ova kupaonska komoda ne samo da stvara obilje prostora za odlaganje stvari koje su vam potrebne za svakodnevnu njegu, ve\u0107 svojim atraktivnim dizajnom prenosi i doma\u0107u atmosferu u va\u0161u kupaonicu.Zahvaljuju\u0107i lamelastim vratima, sprje\u010dava stvaranje plijesni u komodi jer su lamele propusne za zrak.Visokokvalitetni paneli osiguravaju savr\u0161enu stabilnost i dug vijek trajanja. Povr\u0161ina se lako \u010disti, \u0161to olak\u0161ava ku\u0107anske poslove.S visokim i jednostavnim ormari\u0107em kona\u010dno \u0107ete imati dovoljno prostora za odlaganje stvari u kupaonici i odr\u017eavanje urednog izgleda.Ormari\u0107 nije savr\u0161en samo za kupaonicu, ve\u0107 se zahvaljuju\u0107i svojoj svestranosti mo\u017ee koristiti i u drugim prostorijama.Unutra, ovaj ormari\u0107 nudi dovoljno prostora za pohranjivanje pra\u0161ka za pranje rublja, deterd\u017eenata, pribora i ostalog kupaonskog pribora.\" \/>\n<meta name=\"robots\" content=\"index, follow, max-snippet:-1, max-image-preview:large, max-video-preview:-1\" \/>\n<link rel=\"canonical\" href=\"https:\/\/inti.hr\/sr\/proizvod\/kupaonski-stup-s-ladicom-30x30x170cm\/\" \/>\n<meta property=\"og:locale\" content=\"sr_RS\" \/>\n<meta property=\"og:type\" content=\"article\" \/>\n<meta property=\"og:title\" content=\"Kupaonski stup s ladicom 30x30x170cm - Inti\" \/>\n<meta property=\"og:description\" content=\"Ova kupaonska komoda ne samo da stvara obilje prostora za odlaganje stvari koje su vam potrebne za svakodnevnu njegu, ve\u0107 svojim atraktivnim dizajnom prenosi i doma\u0107u atmosferu u va\u0161u kupaonicu.Zahvaljuju\u0107i lamelastim vratima, sprje\u010dava stvaranje plijesni u komodi jer su lamele propusne za zrak.Visokokvalitetni paneli osiguravaju savr\u0161enu stabilnost i dug vijek trajanja. Povr\u0161ina se lako \u010disti, \u0161to olak\u0161ava ku\u0107anske poslove.S visokim i jednostavnim ormari\u0107em kona\u010dno \u0107ete imati dovoljno prostora za odlaganje stvari u kupaonici i odr\u017eavanje urednog izgleda.Ormari\u0107 nije savr\u0161en samo za kupaonicu, ve\u0107 se zahvaljuju\u0107i svojoj svestranosti mo\u017ee koristiti i u drugim prostorijama.Unutra, ovaj ormari\u0107 nudi dovoljno prostora za pohranjivanje pra\u0161ka za pranje rublja, deterd\u017eenata, pribora i ostalog kupaonskog pribora.\" \/>\n<meta property=\"og:url\" content=\"https:\/\/inti.hr\/sr\/proizvod\/kupaonski-stup-s-ladicom-30x30x170cm\/\" \/>\n<meta property=\"og:site_name\" content=\"Inti\" \/>\n<meta property=\"og:image\" content=\"https:\/\/i0.wp.com\/inti.hr\/wp-content\/uploads\/2024\/11\/FRG236-WN-S001_1800x1800.webp?fit=1600%2C1600&ssl=1\" \/>\n\t<meta property=\"og:image:width\" content=\"1600\" \/>\n\t<meta property=\"og:image:height\" content=\"1600\" \/>\n\t<meta property=\"og:image:type\" content=\"image\/webp\" \/>\n<meta name=\"twitter:card\" content=\"summary_large_image\" \/>\n<script type=\"application\/ld+json\" class=\"yoast-schema-graph\">{\"@context\":\"https:\/\/schema.org\",\"@graph\":[{\"@type\":\"WebPage\",\"@id\":\"https:\/\/inti.hr\/sr\/proizvod\/kupaonski-stup-s-ladicom-30x30x170cm\/\",\"url\":\"https:\/\/inti.hr\/sr\/proizvod\/kupaonski-stup-s-ladicom-30x30x170cm\/\",\"name\":\"Kupaonski stup s ladicom 30x30x170cm - Inti\",\"isPartOf\":{\"@id\":\"https:\/\/inti.hr\/sr\/#website\"},\"primaryImageOfPage\":{\"@id\":\"https:\/\/inti.hr\/sr\/proizvod\/kupaonski-stup-s-ladicom-30x30x170cm\/#primaryimage\"},\"image\":{\"@id\":\"https:\/\/inti.hr\/sr\/proizvod\/kupaonski-stup-s-ladicom-30x30x170cm\/#primaryimage\"},\"thumbnailUrl\":\"https:\/\/i0.wp.com\/inti.hr\/wp-content\/uploads\/2024\/11\/FRG236-WN-S001_1800x1800.webp?fit=1600%2C1600&ssl=1\",\"datePublished\":\"2024-11-11T15:27:40+00:00\",\"dateModified\":\"2024-11-11T15:27:40+00:00\",\"description\":\"Ova kupaonska komoda ne samo da stvara obilje prostora za odlaganje stvari koje su vam potrebne za svakodnevnu njegu, ve\u0107 svojim atraktivnim dizajnom prenosi i doma\u0107u atmosferu u va\u0161u kupaonicu.Zahvaljuju\u0107i lamelastim vratima, sprje\u010dava stvaranje plijesni u komodi jer su lamele propusne za zrak.Visokokvalitetni paneli osiguravaju savr\u0161enu stabilnost i dug vijek trajanja. Povr\u0161ina se lako \u010disti, \u0161to olak\u0161ava ku\u0107anske poslove.S visokim i jednostavnim ormari\u0107em kona\u010dno \u0107ete imati dovoljno prostora za odlaganje stvari u kupaonici i odr\u017eavanje urednog izgleda.Ormari\u0107 nije savr\u0161en samo za kupaonicu, ve\u0107 se zahvaljuju\u0107i svojoj svestranosti mo\u017ee koristiti i u drugim prostorijama.Unutra, ovaj ormari\u0107 nudi dovoljno prostora za pohranjivanje pra\u0161ka za pranje rublja, deterd\u017eenata, pribora i ostalog kupaonskog pribora.\",\"breadcrumb\":{\"@id\":\"https:\/\/inti.hr\/sr\/proizvod\/kupaonski-stup-s-ladicom-30x30x170cm\/#breadcrumb\"},\"inLanguage\":\"sr-RS\",\"potentialAction\":[{\"@type\":\"ReadAction\",\"target\":[\"https:\/\/inti.hr\/sr\/proizvod\/kupaonski-stup-s-ladicom-30x30x170cm\/\"]}]},{\"@type\":\"ImageObject\",\"inLanguage\":\"sr-RS\",\"@id\":\"https:\/\/inti.hr\/sr\/proizvod\/kupaonski-stup-s-ladicom-30x30x170cm\/#primaryimage\",\"url\":\"https:\/\/i0.wp.com\/inti.hr\/wp-content\/uploads\/2024\/11\/FRG236-WN-S001_1800x1800.webp?fit=1600%2C1600&ssl=1\",\"contentUrl\":\"https:\/\/i0.wp.com\/inti.hr\/wp-content\/uploads\/2024\/11\/FRG236-WN-S001_1800x1800.webp?fit=1600%2C1600&ssl=1\",\"width\":1600,\"height\":1600,\"caption\":\"SoBuy Kupaonski stup s ladicom 30x30x170cm FRG236-WN\"},{\"@type\":\"BreadcrumbList\",\"@id\":\"https:\/\/inti.hr\/sr\/proizvod\/kupaonski-stup-s-ladicom-30x30x170cm\/#breadcrumb\",\"itemListElement\":[{\"@type\":\"ListItem\",\"position\":1,\"name\":\"Po\u010detna stranica\",\"item\":\"https:\/\/inti.hr\/sr\/\"},{\"@type\":\"ListItem\",\"position\":2,\"name\":\"Prodavnica\",\"item\":\"https:\/\/inti.hr\/sr\/prodavnica\/\"},{\"@type\":\"ListItem\",\"position\":3,\"name\":\"Kupaonski stup s ladicom 30x30x170cm\"}]},{\"@type\":\"WebSite\",\"@id\":\"https:\/\/inti.hr\/sr\/#website\",\"url\":\"https:\/\/inti.hr\/sr\/\",\"name\":\"Inti\",\"description\":\"trgovina\",\"potentialAction\":[{\"@type\":\"SearchAction\",\"target\":{\"@type\":\"EntryPoint\",\"urlTemplate\":\"https:\/\/inti.hr\/sr\/?s={search_term_string}\"},\"query-input\":{\"@type\":\"PropertyValueSpecification\",\"valueRequired\":true,\"valueName\":\"search_term_string\"}}],\"inLanguage\":\"sr-RS\"}]}<\/script>\n<!-- \/ Yoast SEO plugin. -->","yoast_head_json":{"title":"Kupaonski stup s ladicom 30x30x170cm - Inti","description":"Ova kupaonska komoda ne samo da stvara obilje prostora za odlaganje stvari koje su vam potrebne za svakodnevnu njegu, ve\u0107 svojim atraktivnim dizajnom prenosi i doma\u0107u atmosferu u va\u0161u kupaonicu.Zahvaljuju\u0107i lamelastim vratima, sprje\u010dava stvaranje plijesni u komodi jer su lamele propusne za zrak.Visokokvalitetni paneli osiguravaju savr\u0161enu stabilnost i dug vijek trajanja. Povr\u0161ina se lako \u010disti, \u0161to olak\u0161ava ku\u0107anske poslove.S visokim i jednostavnim ormari\u0107em kona\u010dno \u0107ete imati dovoljno prostora za odlaganje stvari u kupaonici i odr\u017eavanje urednog izgleda.Ormari\u0107 nije savr\u0161en samo za kupaonicu, ve\u0107 se zahvaljuju\u0107i svojoj svestranosti mo\u017ee koristiti i u drugim prostorijama.Unutra, ovaj ormari\u0107 nudi dovoljno prostora za pohranjivanje pra\u0161ka za pranje rublja, deterd\u017eenata, pribora i ostalog kupaonskog pribora.","robots":{"index":"index","follow":"follow","max-snippet":"max-snippet:-1","max-image-preview":"max-image-preview:large","max-video-preview":"max-video-preview:-1"},"canonical":"https:\/\/inti.hr\/sr\/proizvod\/kupaonski-stup-s-ladicom-30x30x170cm\/","og_locale":"sr_RS","og_type":"article","og_title":"Kupaonski stup s ladicom 30x30x170cm - Inti","og_description":"Ova kupaonska komoda ne samo da stvara obilje prostora za odlaganje stvari koje su vam potrebne za svakodnevnu njegu, ve\u0107 svojim atraktivnim dizajnom prenosi i doma\u0107u atmosferu u va\u0161u kupaonicu.Zahvaljuju\u0107i lamelastim vratima, sprje\u010dava stvaranje plijesni u komodi jer su lamele propusne za zrak.Visokokvalitetni paneli osiguravaju savr\u0161enu stabilnost i dug vijek trajanja. Povr\u0161ina se lako \u010disti, \u0161to olak\u0161ava ku\u0107anske poslove.S visokim i jednostavnim ormari\u0107em kona\u010dno \u0107ete imati dovoljno prostora za odlaganje stvari u kupaonici i odr\u017eavanje urednog izgleda.Ormari\u0107 nije savr\u0161en samo za kupaonicu, ve\u0107 se zahvaljuju\u0107i svojoj svestranosti mo\u017ee koristiti i u drugim prostorijama.Unutra, ovaj ormari\u0107 nudi dovoljno prostora za pohranjivanje pra\u0161ka za pranje rublja, deterd\u017eenata, pribora i ostalog kupaonskog pribora.","og_url":"https:\/\/inti.hr\/sr\/proizvod\/kupaonski-stup-s-ladicom-30x30x170cm\/","og_site_name":"Inti","og_image":[{"width":1600,"height":1600,"url":"https:\/\/i0.wp.com\/inti.hr\/wp-content\/uploads\/2024\/11\/FRG236-WN-S001_1800x1800.webp?fit=1600%2C1600&ssl=1","type":"image\/webp"}],"twitter_card":"summary_large_image","schema":{"@context":"https:\/\/schema.org","@graph":[{"@type":"WebPage","@id":"https:\/\/inti.hr\/sr\/proizvod\/kupaonski-stup-s-ladicom-30x30x170cm\/","url":"https:\/\/inti.hr\/sr\/proizvod\/kupaonski-stup-s-ladicom-30x30x170cm\/","name":"Kupaonski stup s ladicom 30x30x170cm - Inti","isPartOf":{"@id":"https:\/\/inti.hr\/sr\/#website"},"primaryImageOfPage":{"@id":"https:\/\/inti.hr\/sr\/proizvod\/kupaonski-stup-s-ladicom-30x30x170cm\/#primaryimage"},"image":{"@id":"https:\/\/inti.hr\/sr\/proizvod\/kupaonski-stup-s-ladicom-30x30x170cm\/#primaryimage"},"thumbnailUrl":"https:\/\/i0.wp.com\/inti.hr\/wp-content\/uploads\/2024\/11\/FRG236-WN-S001_1800x1800.webp?fit=1600%2C1600&ssl=1","datePublished":"2024-11-11T15:27:40+00:00","dateModified":"2024-11-11T15:27:40+00:00","description":"Ova kupaonska komoda ne samo da stvara obilje prostora za odlaganje stvari koje su vam potrebne za svakodnevnu njegu, ve\u0107 svojim atraktivnim dizajnom prenosi i doma\u0107u atmosferu u va\u0161u kupaonicu.Zahvaljuju\u0107i lamelastim vratima, sprje\u010dava stvaranje plijesni u komodi jer su lamele propusne za zrak.Visokokvalitetni paneli osiguravaju savr\u0161enu stabilnost i dug vijek trajanja. Povr\u0161ina se lako \u010disti, \u0161to olak\u0161ava ku\u0107anske poslove.S visokim i jednostavnim ormari\u0107em kona\u010dno \u0107ete imati dovoljno prostora za odlaganje stvari u kupaonici i odr\u017eavanje urednog izgleda.Ormari\u0107 nije savr\u0161en samo za kupaonicu, ve\u0107 se zahvaljuju\u0107i svojoj svestranosti mo\u017ee koristiti i u drugim prostorijama.Unutra, ovaj ormari\u0107 nudi dovoljno prostora za pohranjivanje pra\u0161ka za pranje rublja, deterd\u017eenata, pribora i ostalog kupaonskog pribora.","breadcrumb":{"@id":"https:\/\/inti.hr\/sr\/proizvod\/kupaonski-stup-s-ladicom-30x30x170cm\/#breadcrumb"},"inLanguage":"sr-RS","potentialAction":[{"@type":"ReadAction","target":["https:\/\/inti.hr\/sr\/proizvod\/kupaonski-stup-s-ladicom-30x30x170cm\/"]}]},{"@type":"ImageObject","inLanguage":"sr-RS","@id":"https:\/\/inti.hr\/sr\/proizvod\/kupaonski-stup-s-ladicom-30x30x170cm\/#primaryimage","url":"https:\/\/i0.wp.com\/inti.hr\/wp-content\/uploads\/2024\/11\/FRG236-WN-S001_1800x1800.webp?fit=1600%2C1600&ssl=1","contentUrl":"https:\/\/i0.wp.com\/inti.hr\/wp-content\/uploads\/2024\/11\/FRG236-WN-S001_1800x1800.webp?fit=1600%2C1600&ssl=1","width":1600,"height":1600,"caption":"SoBuy Kupaonski stup s ladicom 30x30x170cm FRG236-WN"},{"@type":"BreadcrumbList","@id":"https:\/\/inti.hr\/sr\/proizvod\/kupaonski-stup-s-ladicom-30x30x170cm\/#breadcrumb","itemListElement":[{"@type":"ListItem","position":1,"name":"Po\u010detna stranica","item":"https:\/\/inti.hr\/sr\/"},{"@type":"ListItem","position":2,"name":"Prodavnica","item":"https:\/\/inti.hr\/sr\/prodavnica\/"},{"@type":"ListItem","position":3,"name":"Kupaonski stup s ladicom 30x30x170cm"}]},{"@type":"WebSite","@id":"https:\/\/inti.hr\/sr\/#website","url":"https:\/\/inti.hr\/sr\/","name":"Inti","description":"trgovina","potentialAction":[{"@type":"SearchAction","target":{"@type":"EntryPoint","urlTemplate":"https:\/\/inti.hr\/sr\/?s={search_term_string}"},"query-input":{"@type":"PropertyValueSpecification","valueRequired":true,"valueName":"search_term_string"}}],"inLanguage":"sr-RS"}]}},"jetpack_sharing_enabled":true,"jetpack-related-posts":[],"_links":{"self":[{"href":"https:\/\/inti.hr\/sr\/wp-json\/wp\/v2\/product\/35311"}],"collection":[{"href":"https:\/\/inti.hr\/sr\/wp-json\/wp\/v2\/product"}],"about":[{"href":"https:\/\/inti.hr\/sr\/wp-json\/wp\/v2\/types\/product"}],"wp:featuredmedia":[{"embeddable":true,"href":"https:\/\/inti.hr\/sr\/wp-json\/wp\/v2\/media\/35312"}],"wp:attachment":[{"href":"https:\/\/inti.hr\/sr\/wp-json\/wp\/v2\/media?parent=35311"}],"wp:term":[{"taxonomy":"product_cat","embeddable":true,"href":"https:\/\/inti.hr\/sr\/wp-json\/wp\/v2\/product_cat?post=35311"},{"taxonomy":"product_tag","embeddable":true,"href":"https:\/\/inti.hr\/sr\/wp-json\/wp\/v2\/product_tag?post=35311"}],"curies":[{"name":"wp","href":"https:\/\/api.w.org\/{rel}","templated":true}]}}